{"id":315301,"date":"2025-06-04T12:46:26","date_gmt":"2025-06-04T10:46:26","guid":{"rendered":"https:\/\/miomiorun.com\/?post_type=product&#038;p=315301"},"modified":"2026-04-02T14:06:01","modified_gmt":"2026-04-02T12:06:01","slug":"xodus-ultra-4-hombre","status":"publish","type":"product","link":"https:\/\/www.miomiorun.com\/es\/producto\/xodus-ultra-4-hombre\/","title":{"rendered":"Xodus Ultra 4 hombre"},"content":{"rendered":"<div class=\"vc-row container\"><div class=\"vc-column\"><div class=\"vc-column-text\"><\/p>\n<p><strong>Especificaciones t\u00e9cnicas<\/strong><\/p>\n<p>Categor\u00eda: amortiguaci\u00f3n superior.<br \/>\nOffset: 6 mm (36 mm\/30 mm).<br \/>\nPeso: 288 g.<br \/>\nIdeal para: corredores y caminantes en terrenos monta\u00f1osos, incluso exigentes, que buscan un modelo protector y bien amortiguado, incluso para largas distancias.<br \/>\nPeso del atleta: 70-90 kg.<br \/>\nRitmo de carrera: medio-lento (&gt;5,00 min\/km).<br \/>\n<a href=\"https:\/\/miomiorun.com\/guida-alle-specifiche-tecniche\/\">Gu\u00eda de especificaciones t\u00e9cnicas<\/a><\/p>\n<p><\/div><\/div><div class=\"vc-column\"> <div class=\"vc-column-text\">Ve m\u00e1s lejos, m\u00e1s r\u00e1pido y con m\u00e1s seguridad con las Xodus Ultra 4, tu elecci\u00f3n para el trail running con la m\u00e1xima amortiguaci\u00f3n. Dise\u00f1adas para largas distancias, estas potentes zapatillas con la m\u00e1xima amortiguaci\u00f3n ofrecen un agarre inigualable, una protecci\u00f3n superior y una gran comodidad, para que puedas seguir adelante kil\u00f3metro tras kil\u00f3metro.<\/p>\n<p><strong>Caracter\u00edsticas y ventajas:&nbsp;<\/strong><\/p>\n<p><em>Mayor comodidad:<\/em> con una amortiguaci\u00f3n m\u00e1s alta que nunca, disfruta de la din\u00e1mica combinaci\u00f3n de la suela blanda PWRRUN PB directamente bajo el pie, enmarcada por PWRRUN para una mayor protecci\u00f3n.<\/p>\n<p><em>Agarre inigualable:<\/em> la suela Vibram\u00ae MegaGrip con cobertura total ofrece una tracci\u00f3n superior en terrenos irregulares.<\/p>\n<p><em>Resistencia adecuada para el trail:<\/em> dise\u00f1adas para resistir condiciones dif\u00edciles, garantiz\u00e1ndote seguridad y sujeci\u00f3n.<\/div><\/div><\/div>\n","protected":false},"excerpt":{"rendered":"<ul>\n<li>&nbsp;Zapatilla de trail running ideal para competiciones, entrenamientos diarios y senderismo.<\/li>\n<li>&nbsp;S\u00faper amortiguada y c\u00f3moda.<\/li>\n<\/ul>\n","protected":false},"featured_media":386291,"template":"","meta":{"_acf_changed":false,"inline_featured_image":false},"product_brand":[],"product_cat":[24454,24451],"product_tag":[23578,23577],"class_list":{"0":"post-315301","1":"product","2":"type-product","3":"status-publish","4":"has-post-thumbnail","6":"product_cat-calzado-para-hombre","7":"product_cat-trail-es-3","8":"product_tag-saucony-es","9":"product_tag-saucony-hombre","10":"pa_attivita-outdoor-es","11":"pa_attivita-trail-es","12":"pa_colore-xodus-ultra-4-amber-autumn-es","13":"pa_colore-xodus-ultra-4-kodiak-wine-es","14":"pa_colore-xodus-ultra-4-vizigold-laurel-es","15":"pa_colore-xodus-ultra-4-white-tumeric-es","16":"pa_marca-saucony-es","17":"pa_sesso-hombre","18":"pa_size-42-es","19":"pa_size-42-5-es","20":"pa_size-43-es","21":"pa_size-44-es","22":"pa_size-44-5-es","23":"pa_size-45-es","24":"pa_size-46-es","25":"pa_size-46-5-es","26":"pa_size-47-es","28":"first","29":"instock","30":"sale","31":"taxable","32":"shipping-taxable","33":"purchasable","34":"product-type-variable","35":"wvs-archive-product-wrapper"},"acf":[],"yoast_head":"<!-- This site is optimized with the Yoast SEO plugin v26.8 - https:\/\/yoast.com\/product\/yoast-seo-wordpress\/ -->\n<title>Saucony Xodus Ultra 4 hombre - zapatillas de trail running - MioMioRun<\/title>\n<meta name=\"description\" content=\"Las Saucony Xodus Ultra 4 para hombre han sido creadas para adaptarse a cualquier entrenamiento de trail running. Vers\u00e1tiles para afrontar cualquier situaci\u00f3n.\" \/>\n<meta name=\"robots\" content=\"index, follow, max-snippet:-1, max-image-preview:large, max-video-preview:-1\" \/>\n<link rel=\"canonical\" href=\"https:\/\/www.miomiorun.com\/es\/producto\/xodus-ultra-4-hombre\/\" \/>\n<meta property=\"og:locale\" content=\"es_ES\" \/>\n<meta property=\"og:type\" content=\"article\" \/>\n<meta property=\"og:title\" content=\"Saucony Xodus Ultra 4 hombre - zapatillas de trail running - MioMioRun\" \/>\n<meta property=\"og:description\" content=\"Las Saucony Xodus Ultra 4 para hombre han sido creadas para adaptarse a cualquier entrenamiento de trail running. Vers\u00e1tiles para afrontar cualquier situaci\u00f3n.\" \/>\n<meta property=\"og:url\" content=\"https:\/\/www.miomiorun.com\/es\/producto\/xodus-ultra-4-hombre\/\" \/>\n<meta property=\"og:site_name\" content=\"MioMioRun\" \/>\n<meta property=\"article:publisher\" content=\"https:\/\/www.facebook.com\/miomiorun\/\" \/>\n<meta property=\"article:modified_time\" content=\"2026-04-02T12:06:01+00:00\" \/>\n<meta property=\"og:image\" content=\"https:\/\/www.miomiorun.com\/app\/uploads\/2026\/01\/saucony-Xodus-Ultra-4-white-tumeric-S21032-150.webp\" \/>\n\t<meta property=\"og:image:width\" content=\"720\" \/>\n\t<meta property=\"og:image:height\" content=\"720\" \/>\n\t<meta property=\"og:image:type\" content=\"image\/webp\" \/>\n<meta name=\"twitter:card\" content=\"summary_large_image\" \/>\n<meta name=\"twitter:label1\" content=\"Est. reading time\" \/>\n\t<meta name=\"twitter:data1\" content=\"1 minute\" \/>\n<script type=\"application\/ld+json\" class=\"yoast-schema-graph\">{\"@context\":\"https:\/\/schema.org\",\"@graph\":[{\"@type\":\"WebPage\",\"@id\":\"https:\/\/www.miomiorun.com\/es\/producto\/xodus-ultra-4-hombre\/\",\"url\":\"https:\/\/www.miomiorun.com\/es\/producto\/xodus-ultra-4-hombre\/\",\"name\":\"Saucony Xodus Ultra 4 hombre - zapatillas de trail running - MioMioRun\",\"isPartOf\":{\"@id\":\"https:\/\/www.miomiorun.com\/es\/#website\"},\"primaryImageOfPage\":{\"@id\":\"https:\/\/www.miomiorun.com\/es\/producto\/xodus-ultra-4-hombre\/#primaryimage\"},\"image\":{\"@id\":\"https:\/\/www.miomiorun.com\/es\/producto\/xodus-ultra-4-hombre\/#primaryimage\"},\"thumbnailUrl\":\"https:\/\/www.miomiorun.com\/app\/uploads\/2026\/01\/saucony-Xodus-Ultra-4-white-tumeric-S21032-150.webp\",\"datePublished\":\"2025-06-04T10:46:26+00:00\",\"dateModified\":\"2026-04-02T12:06:01+00:00\",\"description\":\"Las Saucony Xodus Ultra 4 para hombre han sido creadas para adaptarse a cualquier entrenamiento de trail running. Vers\u00e1tiles para afrontar cualquier situaci\u00f3n.\",\"breadcrumb\":{\"@id\":\"https:\/\/www.miomiorun.com\/es\/producto\/xodus-ultra-4-hombre\/#breadcrumb\"},\"inLanguage\":\"es-ES\",\"potentialAction\":[{\"@type\":\"ReadAction\",\"target\":[\"https:\/\/www.miomiorun.com\/es\/producto\/xodus-ultra-4-hombre\/\"]}]},{\"@type\":\"ImageObject\",\"inLanguage\":\"es-ES\",\"@id\":\"https:\/\/www.miomiorun.com\/es\/producto\/xodus-ultra-4-hombre\/#primaryimage\",\"url\":\"https:\/\/www.miomiorun.com\/app\/uploads\/2026\/01\/saucony-Xodus-Ultra-4-white-tumeric-S21032-150.webp\",\"contentUrl\":\"https:\/\/www.miomiorun.com\/app\/uploads\/2026\/01\/saucony-Xodus-Ultra-4-white-tumeric-S21032-150.webp\",\"width\":720,\"height\":720,\"caption\":\"saucony Xodus Ultra 4 white tumeric S21032-150\"},{\"@type\":\"BreadcrumbList\",\"@id\":\"https:\/\/www.miomiorun.com\/es\/producto\/xodus-ultra-4-hombre\/#breadcrumb\",\"itemListElement\":[{\"@type\":\"ListItem\",\"position\":1,\"name\":\"Home\",\"item\":\"https:\/\/www.miomiorun.com\/es\/\"},{\"@type\":\"ListItem\",\"position\":2,\"name\":\"Shop\",\"item\":\"https:\/\/www.miomiorun.com\/shop\/\"},{\"@type\":\"ListItem\",\"position\":3,\"name\":\"Xodus Ultra 4 hombre\"}]},{\"@type\":\"WebSite\",\"@id\":\"https:\/\/www.miomiorun.com\/es\/#website\",\"url\":\"https:\/\/www.miomiorun.com\/es\/\",\"name\":\"MioMioRun\",\"description\":\"Tienda 100% running y trail\",\"publisher\":{\"@id\":\"https:\/\/www.miomiorun.com\/es\/#organization\"},\"potentialAction\":[{\"@type\":\"SearchAction\",\"target\":{\"@type\":\"EntryPoint\",\"urlTemplate\":\"https:\/\/www.miomiorun.com\/es\/?s={search_term_string}\"},\"query-input\":{\"@type\":\"PropertyValueSpecification\",\"valueRequired\":true,\"valueName\":\"search_term_string\"}}],\"inLanguage\":\"es-ES\"},{\"@type\":\"Organization\",\"@id\":\"https:\/\/www.miomiorun.com\/es\/#organization\",\"name\":\"MioMio Run\",\"url\":\"https:\/\/www.miomiorun.com\/es\/\",\"logo\":{\"@type\":\"ImageObject\",\"inLanguage\":\"es-ES\",\"@id\":\"https:\/\/www.miomiorun.com\/es\/#\/schema\/logo\/image\/\",\"url\":\"https:\/\/www.miomiorun.com\/app\/uploads\/2019\/12\/logomio.png\",\"contentUrl\":\"https:\/\/www.miomiorun.com\/app\/uploads\/2019\/12\/logomio.png\",\"width\":115,\"height\":82,\"caption\":\"MioMio Run\"},\"image\":{\"@id\":\"https:\/\/www.miomiorun.com\/es\/#\/schema\/logo\/image\/\"},\"sameAs\":[\"https:\/\/www.facebook.com\/miomiorun\/\",\"https:\/\/www.instagram.com\/miomiorun\/\"]}]}<\/script>\n<!-- \/ Yoast SEO plugin. -->","yoast_head_json":{"title":"Saucony Xodus Ultra 4 hombre - zapatillas de trail running - MioMioRun","description":"Las Saucony Xodus Ultra 4 para hombre han sido creadas para adaptarse a cualquier entrenamiento de trail running. Vers\u00e1tiles para afrontar cualquier situaci\u00f3n.","robots":{"index":"index","follow":"follow","max-snippet":"max-snippet:-1","max-image-preview":"max-image-preview:large","max-video-preview":"max-video-preview:-1"},"canonical":"https:\/\/www.miomiorun.com\/es\/producto\/xodus-ultra-4-hombre\/","og_locale":"es_ES","og_type":"article","og_title":"Saucony Xodus Ultra 4 hombre - zapatillas de trail running - MioMioRun","og_description":"Las Saucony Xodus Ultra 4 para hombre han sido creadas para adaptarse a cualquier entrenamiento de trail running. Vers\u00e1tiles para afrontar cualquier situaci\u00f3n.","og_url":"https:\/\/www.miomiorun.com\/es\/producto\/xodus-ultra-4-hombre\/","og_site_name":"MioMioRun","article_publisher":"https:\/\/www.facebook.com\/miomiorun\/","article_modified_time":"2026-04-02T12:06:01+00:00","og_image":[{"width":720,"height":720,"url":"https:\/\/www.miomiorun.com\/app\/uploads\/2026\/01\/saucony-Xodus-Ultra-4-white-tumeric-S21032-150.webp","type":"image\/webp"}],"twitter_card":"summary_large_image","twitter_misc":{"Est. reading time":"1 minute"},"schema":{"@context":"https:\/\/schema.org","@graph":[{"@type":"WebPage","@id":"https:\/\/www.miomiorun.com\/es\/producto\/xodus-ultra-4-hombre\/","url":"https:\/\/www.miomiorun.com\/es\/producto\/xodus-ultra-4-hombre\/","name":"Saucony Xodus Ultra 4 hombre - zapatillas de trail running - MioMioRun","isPartOf":{"@id":"https:\/\/www.miomiorun.com\/es\/#website"},"primaryImageOfPage":{"@id":"https:\/\/www.miomiorun.com\/es\/producto\/xodus-ultra-4-hombre\/#primaryimage"},"image":{"@id":"https:\/\/www.miomiorun.com\/es\/producto\/xodus-ultra-4-hombre\/#primaryimage"},"thumbnailUrl":"https:\/\/www.miomiorun.com\/app\/uploads\/2026\/01\/saucony-Xodus-Ultra-4-white-tumeric-S21032-150.webp","datePublished":"2025-06-04T10:46:26+00:00","dateModified":"2026-04-02T12:06:01+00:00","description":"Las Saucony Xodus Ultra 4 para hombre han sido creadas para adaptarse a cualquier entrenamiento de trail running. Vers\u00e1tiles para afrontar cualquier situaci\u00f3n.","breadcrumb":{"@id":"https:\/\/www.miomiorun.com\/es\/producto\/xodus-ultra-4-hombre\/#breadcrumb"},"inLanguage":"es-ES","potentialAction":[{"@type":"ReadAction","target":["https:\/\/www.miomiorun.com\/es\/producto\/xodus-ultra-4-hombre\/"]}]},{"@type":"ImageObject","inLanguage":"es-ES","@id":"https:\/\/www.miomiorun.com\/es\/producto\/xodus-ultra-4-hombre\/#primaryimage","url":"https:\/\/www.miomiorun.com\/app\/uploads\/2026\/01\/saucony-Xodus-Ultra-4-white-tumeric-S21032-150.webp","contentUrl":"https:\/\/www.miomiorun.com\/app\/uploads\/2026\/01\/saucony-Xodus-Ultra-4-white-tumeric-S21032-150.webp","width":720,"height":720,"caption":"saucony Xodus Ultra 4 white tumeric S21032-150"},{"@type":"BreadcrumbList","@id":"https:\/\/www.miomiorun.com\/es\/producto\/xodus-ultra-4-hombre\/#breadcrumb","itemListElement":[{"@type":"ListItem","position":1,"name":"Home","item":"https:\/\/www.miomiorun.com\/es\/"},{"@type":"ListItem","position":2,"name":"Shop","item":"https:\/\/www.miomiorun.com\/shop\/"},{"@type":"ListItem","position":3,"name":"Xodus Ultra 4 hombre"}]},{"@type":"WebSite","@id":"https:\/\/www.miomiorun.com\/es\/#website","url":"https:\/\/www.miomiorun.com\/es\/","name":"MioMioRun","description":"Tienda 100% running y trail","publisher":{"@id":"https:\/\/www.miomiorun.com\/es\/#organization"},"potentialAction":[{"@type":"SearchAction","target":{"@type":"EntryPoint","urlTemplate":"https:\/\/www.miomiorun.com\/es\/?s={search_term_string}"},"query-input":{"@type":"PropertyValueSpecification","valueRequired":true,"valueName":"search_term_string"}}],"inLanguage":"es-ES"},{"@type":"Organization","@id":"https:\/\/www.miomiorun.com\/es\/#organization","name":"MioMio Run","url":"https:\/\/www.miomiorun.com\/es\/","logo":{"@type":"ImageObject","inLanguage":"es-ES","@id":"https:\/\/www.miomiorun.com\/es\/#\/schema\/logo\/image\/","url":"https:\/\/www.miomiorun.com\/app\/uploads\/2019\/12\/logomio.png","contentUrl":"https:\/\/www.miomiorun.com\/app\/uploads\/2019\/12\/logomio.png","width":115,"height":82,"caption":"MioMio Run"},"image":{"@id":"https:\/\/www.miomiorun.com\/es\/#\/schema\/logo\/image\/"},"sameAs":["https:\/\/www.facebook.com\/miomiorun\/","https:\/\/www.instagram.com\/miomiorun\/"]}]}},"_links":{"self":[{"href":"https:\/\/www.miomiorun.com\/es\/wp-json\/wp\/v2\/product\/315301","targetHints":{"allow":["GET"]}}],"collection":[{"href":"https:\/\/www.miomiorun.com\/es\/wp-json\/wp\/v2\/product"}],"about":[{"href":"https:\/\/www.miomiorun.com\/es\/wp-json\/wp\/v2\/types\/product"}],"wp:featuredmedia":[{"embeddable":true,"href":"https:\/\/www.miomiorun.com\/es\/wp-json\/wp\/v2\/media\/386291"}],"wp:attachment":[{"href":"https:\/\/www.miomiorun.com\/es\/wp-json\/wp\/v2\/media?parent=315301"}],"wp:term":[{"taxonomy":"product_brand","embeddable":true,"href":"https:\/\/www.miomiorun.com\/es\/wp-json\/wp\/v2\/product_brand?post=315301"},{"taxonomy":"product_cat","embeddable":true,"href":"https:\/\/www.miomiorun.com\/es\/wp-json\/wp\/v2\/product_cat?post=315301"},{"taxonomy":"product_tag","embeddable":true,"href":"https:\/\/www.miomiorun.com\/es\/wp-json\/wp\/v2\/product_tag?post=315301"}],"curies":[{"name":"wp","href":"https:\/\/api.w.org\/{rel}","templated":true}]}}