{"id":315145,"date":"2025-06-04T11:41:42","date_gmt":"2025-06-04T09:41:42","guid":{"rendered":"https:\/\/miomiorun.com\/?post_type=product&#038;p=315145"},"modified":"2026-03-02T18:25:03","modified_gmt":"2026-03-02T17:25:03","slug":"treadflow-hombre","status":"publish","type":"product","link":"https:\/\/www.miomiorun.com\/es\/producto\/treadflow-hombre\/","title":{"rendered":"Treadflow hombre"},"content":{"rendered":"<p><div class=\"vc-row container\"><div class=\"vc-column\"><div class=\"vc-column-text\"><\/p>\n<p><strong>Especificaciones t\u00e9cnicas<\/strong><\/p>\n<p>Categor\u00eda: amortiguaci\u00f3n reactiva.<br \/>\nOffset: 10 mm (tal\u00f3n 32 mm \/ antepi\u00e9 22 mm).<br \/>\nPeso: 220,0 gramos (talla UK 8,5).<br \/>\nIdeal para: gimnasio y actividades de fitness.<br \/>\nPeso del atleta: 60-80 kg<br \/>\nRitmo de carrera: medio (5,00 min\/km)<br \/>\n<a href=\"https:\/\/miomiorun.com\/guida-alle-specifiche-tecniche\/\">Gu\u00eda de especificaciones t\u00e9cnicas<\/a><\/p>\n<p><\/div><\/div><div class=\"vc-column\"><div class=\"vc-column-text\"><\/p>\n<p data-start=\"184\" data-end=\"562\">Encuentra tu ritmo incluso en interiores con las <strong data-start=\"226\" data-end=\"246\">adidas Treadflow<\/strong>, las zapatillas de running dise\u00f1adas espec\u00edficamente para sesiones en cinta. <strong data-start=\"324\" data-end=\"387\">Ligeras, transpirables y dise\u00f1adas para ofrecer la m\u00e1xima frescura<\/strong>, estas zapatillas combinan una parte superior de malla t\u00e9cnica con la avanzada tecnolog\u00eda <strong data-start=\"466\" data-end=\"479\">CLIMACOOL<\/strong>, que mantiene los pies secos y c\u00f3modos incluso durante los entrenamientos m\u00e1s intensos.<\/p>\n<p data-start=\"564\" data-end=\"857\">La <strong data-start=\"566\" data-end=\"601\">amortiguaci\u00f3n Lightstrike Pro<\/strong> ofrece una carrera reactiva y en\u00e9rgica, mientras que el dise\u00f1o ergon\u00f3mico con <strong data-start=\"672\" data-end=\"689\">drop de 10 mm<\/strong> garantiza estabilidad y comodidad en cada paso. Con un peso de solo <strong data-start=\"759\" data-end=\"773\">220 gramos<\/strong> (talla 8,5 del Reino Unido), son ideales para quienes buscan velocidad y ligereza sin concesiones.<\/p>\n<h4 data-start=\"864\" data-end=\"900\"><strong data-start=\"869\" data-end=\"900\">Caracter\u00edsticas principales:<\/strong><\/h4>\n<ul data-start=\"901\" data-end=\"1315\">\n<li data-start=\"901\" data-end=\"948\">\n<p data-start=\"903\" data-end=\"948\">Ajuste regular con <strong data-start=\"928\" data-end=\"948\">cierre de cordones<\/strong><\/p>\n<\/li>\n<li data-start=\"949\" data-end=\"1003\">\n<p data-start=\"951\" data-end=\"1003\">Parte superior de <strong data-start=\"961\" data-end=\"981\">malla transpirable<\/strong> y material sint\u00e9tico<\/p>\n<\/li>\n<li data-start=\"1004\" data-end=\"1081\">\n<p data-start=\"1006\" data-end=\"1081\">Tecnolog\u00eda <strong data-start=\"1017\" data-end=\"1030\">CLIMACOOL<\/strong>: gesti\u00f3n \u00f3ptima del sudor y secado r\u00e1pido<\/p>\n<\/li>\n<li data-start=\"1082\" data-end=\"1155\">\n<p data-start=\"1084\" data-end=\"1155\"><strong data-start=\"1084\" data-end=\"1119\">Amortiguaci\u00f3n Lightstrike Pro<\/strong> para un mayor retorno de energ\u00eda<\/p>\n<\/li>\n<li data-start=\"1156\" data-end=\"1218\">\n<p data-start=\"1158\" data-end=\"1218\">Suela de goma para una tracci\u00f3n duradera en superficies interiores<\/p>\n<\/li>\n<\/ul>\n<p><\/div><\/div><\/div><div class=\"vc-row container\"><div class=\"vc-column\"><div style=\"height:32px\" class=\"vc-empty-space\"><\/div><\/div><\/div><\/p>\n","protected":false},"excerpt":{"rendered":"<ul>\n<li>amortiguaci\u00f3n Lightstrike Pro<\/li>\n<li>tecnolog\u00eda CLIMACOOL<\/li>\n<\/ul>\n","protected":false},"featured_media":316790,"template":"","meta":{"_acf_changed":false,"inline_featured_image":false},"product_brand":[],"product_cat":[24454,24453],"product_tag":[23558,23570],"class_list":{"0":"post-315145","1":"product","2":"type-product","3":"status-publish","4":"has-post-thumbnail","6":"product_cat-calzado-para-hombre","7":"product_cat-neutre-es-3","8":"product_tag-adidas-es","9":"product_tag-adidas-hombre","10":"pa_attivita-fitness-es","11":"pa_attivita-running-es","12":"pa_colore-treadflow-minton-purtea-powtea-es","13":"pa_marca-adidas-es","14":"pa_sesso-hombre","15":"pa_size-42-es","17":"pa_size-43-es","18":"pa_size-45-es","19":"pa_size-46-es","21":"first","22":"instock","23":"sale","24":"taxable","25":"shipping-taxable","26":"purchasable","27":"product-type-variable","28":"wvs-archive-product-wrapper"},"acf":[],"yoast_head":"<!-- This site is optimized with the Yoast SEO plugin v26.8 - https:\/\/yoast.com\/product\/yoast-seo-wordpress\/ -->\n<title>Adidas Treadflow hombre - zapatillas de running para hombre - MioMioRun<\/title>\n<meta name=\"description\" content=\"Zapatillas de running adidas Treadflow ligeras y transpirables, ideales para cinta de correr. CLIMACOOL y Lightstrike Pro para mayor frescura y amortiguaci\u00f3n.\" \/>\n<meta name=\"robots\" content=\"index, follow, max-snippet:-1, max-image-preview:large, max-video-preview:-1\" \/>\n<link rel=\"canonical\" href=\"https:\/\/www.miomiorun.com\/es\/producto\/treadflow-hombre\/\" \/>\n<meta property=\"og:locale\" content=\"es_ES\" \/>\n<meta property=\"og:type\" content=\"article\" \/>\n<meta property=\"og:title\" content=\"Adidas Treadflow hombre - zapatillas de running para hombre - MioMioRun\" \/>\n<meta property=\"og:description\" content=\"Zapatillas de running adidas Treadflow ligeras y transpirables, ideales para cinta de correr. CLIMACOOL y Lightstrike Pro para mayor frescura y amortiguaci\u00f3n.\" \/>\n<meta property=\"og:url\" content=\"https:\/\/www.miomiorun.com\/es\/producto\/treadflow-hombre\/\" \/>\n<meta property=\"og:site_name\" content=\"MioMioRun\" \/>\n<meta property=\"article:publisher\" content=\"https:\/\/www.facebook.com\/miomiorun\/\" \/>\n<meta property=\"article:modified_time\" content=\"2026-03-02T17:25:03+00:00\" \/>\n<meta property=\"og:image\" content=\"https:\/\/www.miomiorun.com\/app\/uploads\/2025\/06\/adidas-Treadflow-minton-purtea-powtea-JR0433.webp\" \/>\n\t<meta property=\"og:image:width\" content=\"600\" \/>\n\t<meta property=\"og:image:height\" content=\"600\" \/>\n\t<meta property=\"og:image:type\" content=\"image\/webp\" \/>\n<meta name=\"twitter:card\" content=\"summary_large_image\" \/>\n<meta name=\"twitter:label1\" content=\"Est. reading time\" \/>\n\t<meta name=\"twitter:data1\" content=\"1 minute\" \/>\n<script type=\"application\/ld+json\" class=\"yoast-schema-graph\">{\"@context\":\"https:\/\/schema.org\",\"@graph\":[{\"@type\":\"WebPage\",\"@id\":\"https:\/\/www.miomiorun.com\/es\/producto\/treadflow-hombre\/\",\"url\":\"https:\/\/www.miomiorun.com\/es\/producto\/treadflow-hombre\/\",\"name\":\"Adidas Treadflow hombre - zapatillas de running para hombre - MioMioRun\",\"isPartOf\":{\"@id\":\"https:\/\/www.miomiorun.com\/es\/#website\"},\"primaryImageOfPage\":{\"@id\":\"https:\/\/www.miomiorun.com\/es\/producto\/treadflow-hombre\/#primaryimage\"},\"image\":{\"@id\":\"https:\/\/www.miomiorun.com\/es\/producto\/treadflow-hombre\/#primaryimage\"},\"thumbnailUrl\":\"https:\/\/www.miomiorun.com\/app\/uploads\/2025\/06\/adidas-Treadflow-minton-purtea-powtea-JR0433.webp\",\"datePublished\":\"2025-06-04T09:41:42+00:00\",\"dateModified\":\"2026-03-02T17:25:03+00:00\",\"description\":\"Zapatillas de running adidas Treadflow ligeras y transpirables, ideales para cinta de correr. CLIMACOOL y Lightstrike Pro para mayor frescura y amortiguaci\u00f3n.\",\"breadcrumb\":{\"@id\":\"https:\/\/www.miomiorun.com\/es\/producto\/treadflow-hombre\/#breadcrumb\"},\"inLanguage\":\"es-ES\",\"potentialAction\":[{\"@type\":\"ReadAction\",\"target\":[\"https:\/\/www.miomiorun.com\/es\/producto\/treadflow-hombre\/\"]}]},{\"@type\":\"ImageObject\",\"inLanguage\":\"es-ES\",\"@id\":\"https:\/\/www.miomiorun.com\/es\/producto\/treadflow-hombre\/#primaryimage\",\"url\":\"https:\/\/www.miomiorun.com\/app\/uploads\/2025\/06\/adidas-Treadflow-minton-purtea-powtea-JR0433.webp\",\"contentUrl\":\"https:\/\/www.miomiorun.com\/app\/uploads\/2025\/06\/adidas-Treadflow-minton-purtea-powtea-JR0433.webp\",\"width\":600,\"height\":600,\"caption\":\"adidas Treadflow minton purtea powtea JR0433\"},{\"@type\":\"BreadcrumbList\",\"@id\":\"https:\/\/www.miomiorun.com\/es\/producto\/treadflow-hombre\/#breadcrumb\",\"itemListElement\":[{\"@type\":\"ListItem\",\"position\":1,\"name\":\"Home\",\"item\":\"https:\/\/www.miomiorun.com\/es\/\"},{\"@type\":\"ListItem\",\"position\":2,\"name\":\"Shop\",\"item\":\"https:\/\/www.miomiorun.com\/shop\/\"},{\"@type\":\"ListItem\",\"position\":3,\"name\":\"Treadflow hombre\"}]},{\"@type\":\"WebSite\",\"@id\":\"https:\/\/www.miomiorun.com\/es\/#website\",\"url\":\"https:\/\/www.miomiorun.com\/es\/\",\"name\":\"MioMioRun\",\"description\":\"Tienda 100% running y trail\",\"publisher\":{\"@id\":\"https:\/\/www.miomiorun.com\/es\/#organization\"},\"potentialAction\":[{\"@type\":\"SearchAction\",\"target\":{\"@type\":\"EntryPoint\",\"urlTemplate\":\"https:\/\/www.miomiorun.com\/es\/?s={search_term_string}\"},\"query-input\":{\"@type\":\"PropertyValueSpecification\",\"valueRequired\":true,\"valueName\":\"search_term_string\"}}],\"inLanguage\":\"es-ES\"},{\"@type\":\"Organization\",\"@id\":\"https:\/\/www.miomiorun.com\/es\/#organization\",\"name\":\"MioMio Run\",\"url\":\"https:\/\/www.miomiorun.com\/es\/\",\"logo\":{\"@type\":\"ImageObject\",\"inLanguage\":\"es-ES\",\"@id\":\"https:\/\/www.miomiorun.com\/es\/#\/schema\/logo\/image\/\",\"url\":\"https:\/\/www.miomiorun.com\/app\/uploads\/2019\/12\/logomio.png\",\"contentUrl\":\"https:\/\/www.miomiorun.com\/app\/uploads\/2019\/12\/logomio.png\",\"width\":115,\"height\":82,\"caption\":\"MioMio Run\"},\"image\":{\"@id\":\"https:\/\/www.miomiorun.com\/es\/#\/schema\/logo\/image\/\"},\"sameAs\":[\"https:\/\/www.facebook.com\/miomiorun\/\",\"https:\/\/www.instagram.com\/miomiorun\/\"]}]}<\/script>\n<!-- \/ Yoast SEO plugin. -->","yoast_head_json":{"title":"Adidas Treadflow hombre - zapatillas de running para hombre - MioMioRun","description":"Zapatillas de running adidas Treadflow ligeras y transpirables, ideales para cinta de correr. CLIMACOOL y Lightstrike Pro para mayor frescura y amortiguaci\u00f3n.","robots":{"index":"index","follow":"follow","max-snippet":"max-snippet:-1","max-image-preview":"max-image-preview:large","max-video-preview":"max-video-preview:-1"},"canonical":"https:\/\/www.miomiorun.com\/es\/producto\/treadflow-hombre\/","og_locale":"es_ES","og_type":"article","og_title":"Adidas Treadflow hombre - zapatillas de running para hombre - MioMioRun","og_description":"Zapatillas de running adidas Treadflow ligeras y transpirables, ideales para cinta de correr. CLIMACOOL y Lightstrike Pro para mayor frescura y amortiguaci\u00f3n.","og_url":"https:\/\/www.miomiorun.com\/es\/producto\/treadflow-hombre\/","og_site_name":"MioMioRun","article_publisher":"https:\/\/www.facebook.com\/miomiorun\/","article_modified_time":"2026-03-02T17:25:03+00:00","og_image":[{"width":600,"height":600,"url":"https:\/\/www.miomiorun.com\/app\/uploads\/2025\/06\/adidas-Treadflow-minton-purtea-powtea-JR0433.webp","type":"image\/webp"}],"twitter_card":"summary_large_image","twitter_misc":{"Est. reading time":"1 minute"},"schema":{"@context":"https:\/\/schema.org","@graph":[{"@type":"WebPage","@id":"https:\/\/www.miomiorun.com\/es\/producto\/treadflow-hombre\/","url":"https:\/\/www.miomiorun.com\/es\/producto\/treadflow-hombre\/","name":"Adidas Treadflow hombre - zapatillas de running para hombre - MioMioRun","isPartOf":{"@id":"https:\/\/www.miomiorun.com\/es\/#website"},"primaryImageOfPage":{"@id":"https:\/\/www.miomiorun.com\/es\/producto\/treadflow-hombre\/#primaryimage"},"image":{"@id":"https:\/\/www.miomiorun.com\/es\/producto\/treadflow-hombre\/#primaryimage"},"thumbnailUrl":"https:\/\/www.miomiorun.com\/app\/uploads\/2025\/06\/adidas-Treadflow-minton-purtea-powtea-JR0433.webp","datePublished":"2025-06-04T09:41:42+00:00","dateModified":"2026-03-02T17:25:03+00:00","description":"Zapatillas de running adidas Treadflow ligeras y transpirables, ideales para cinta de correr. CLIMACOOL y Lightstrike Pro para mayor frescura y amortiguaci\u00f3n.","breadcrumb":{"@id":"https:\/\/www.miomiorun.com\/es\/producto\/treadflow-hombre\/#breadcrumb"},"inLanguage":"es-ES","potentialAction":[{"@type":"ReadAction","target":["https:\/\/www.miomiorun.com\/es\/producto\/treadflow-hombre\/"]}]},{"@type":"ImageObject","inLanguage":"es-ES","@id":"https:\/\/www.miomiorun.com\/es\/producto\/treadflow-hombre\/#primaryimage","url":"https:\/\/www.miomiorun.com\/app\/uploads\/2025\/06\/adidas-Treadflow-minton-purtea-powtea-JR0433.webp","contentUrl":"https:\/\/www.miomiorun.com\/app\/uploads\/2025\/06\/adidas-Treadflow-minton-purtea-powtea-JR0433.webp","width":600,"height":600,"caption":"adidas Treadflow minton purtea powtea JR0433"},{"@type":"BreadcrumbList","@id":"https:\/\/www.miomiorun.com\/es\/producto\/treadflow-hombre\/#breadcrumb","itemListElement":[{"@type":"ListItem","position":1,"name":"Home","item":"https:\/\/www.miomiorun.com\/es\/"},{"@type":"ListItem","position":2,"name":"Shop","item":"https:\/\/www.miomiorun.com\/shop\/"},{"@type":"ListItem","position":3,"name":"Treadflow hombre"}]},{"@type":"WebSite","@id":"https:\/\/www.miomiorun.com\/es\/#website","url":"https:\/\/www.miomiorun.com\/es\/","name":"MioMioRun","description":"Tienda 100% running y trail","publisher":{"@id":"https:\/\/www.miomiorun.com\/es\/#organization"},"potentialAction":[{"@type":"SearchAction","target":{"@type":"EntryPoint","urlTemplate":"https:\/\/www.miomiorun.com\/es\/?s={search_term_string}"},"query-input":{"@type":"PropertyValueSpecification","valueRequired":true,"valueName":"search_term_string"}}],"inLanguage":"es-ES"},{"@type":"Organization","@id":"https:\/\/www.miomiorun.com\/es\/#organization","name":"MioMio Run","url":"https:\/\/www.miomiorun.com\/es\/","logo":{"@type":"ImageObject","inLanguage":"es-ES","@id":"https:\/\/www.miomiorun.com\/es\/#\/schema\/logo\/image\/","url":"https:\/\/www.miomiorun.com\/app\/uploads\/2019\/12\/logomio.png","contentUrl":"https:\/\/www.miomiorun.com\/app\/uploads\/2019\/12\/logomio.png","width":115,"height":82,"caption":"MioMio Run"},"image":{"@id":"https:\/\/www.miomiorun.com\/es\/#\/schema\/logo\/image\/"},"sameAs":["https:\/\/www.facebook.com\/miomiorun\/","https:\/\/www.instagram.com\/miomiorun\/"]}]}},"_links":{"self":[{"href":"https:\/\/www.miomiorun.com\/es\/wp-json\/wp\/v2\/product\/315145","targetHints":{"allow":["GET"]}}],"collection":[{"href":"https:\/\/www.miomiorun.com\/es\/wp-json\/wp\/v2\/product"}],"about":[{"href":"https:\/\/www.miomiorun.com\/es\/wp-json\/wp\/v2\/types\/product"}],"wp:featuredmedia":[{"embeddable":true,"href":"https:\/\/www.miomiorun.com\/es\/wp-json\/wp\/v2\/media\/316790"}],"wp:attachment":[{"href":"https:\/\/www.miomiorun.com\/es\/wp-json\/wp\/v2\/media?parent=315145"}],"wp:term":[{"taxonomy":"product_brand","embeddable":true,"href":"https:\/\/www.miomiorun.com\/es\/wp-json\/wp\/v2\/product_brand?post=315145"},{"taxonomy":"product_cat","embeddable":true,"href":"https:\/\/www.miomiorun.com\/es\/wp-json\/wp\/v2\/product_cat?post=315145"},{"taxonomy":"product_tag","embeddable":true,"href":"https:\/\/www.miomiorun.com\/es\/wp-json\/wp\/v2\/product_tag?post=315145"}],"curies":[{"name":"wp","href":"https:\/\/api.w.org\/{rel}","templated":true}]}}