{"id":314887,"date":"2025-05-30T17:52:37","date_gmt":"2025-05-30T15:52:37","guid":{"rendered":"https:\/\/miomiorun.com\/?post_type=product&#038;p=314887"},"modified":"2026-03-02T19:11:47","modified_gmt":"2026-03-02T18:11:47","slug":"adizero-avanti-xc","status":"publish","type":"product","link":"https:\/\/www.miomiorun.com\/es\/producto\/adizero-avanti-xc\/","title":{"rendered":"Adizero Avanti XC"},"content":{"rendered":"<p><div class=\"vc-row container\"><div class=\"vc-column\"><div class=\"vc-column-text\"><\/p>\n<h4>Especificaciones t\u00e9cnicas<\/h4>\n<p>Categor\u00eda: zapatilla de atletismo para competiciones de campo a trav\u00e9s<br \/>\nOffset: 2 mm (20 mm \/ 22 mm)<\/p>\n<p>Peso: 182 g<br \/>\nIdeal para: atletas r\u00e1pidos y entrenamientos de competici\u00f3n, gracias a su innovadora y reactiva amortiguaci\u00f3n, te har\u00e1 m\u00e1s r\u00e1pido y te acompa\u00f1ar\u00e1 al podio.<br \/>\nPeso del atleta: &lt; 70 kg<br \/>\nRitmo de carrera: &lt; 4,00 min\/km<br \/>\n<a href=\"https:\/\/miomiorun.com\/es\/guia-especifica\/\">Gu\u00eda de especificaciones t\u00e9cnicas<\/a><\/p>\n<p><\/div><\/div><div class=\"vc-column\"><div class=\"vc-column-text\"><\/p>\n<p data-start=\"200\" data-end=\"502\">Afront\u00e1 cada carrera de <strong data-start=\"222\" data-end=\"241\">campo a trav\u00e9s<\/strong> con la seguridad de llevar en los pies unas zapatillas dise\u00f1adas para <strong data-start=\"303\" data-end=\"336\">superar tus l\u00edmites<\/strong>. Las <strong data-start=\"341\" data-end=\"369\">adidas Adizero Avanti XC<\/strong> est\u00e1n pensadas para corredores que buscan lo m\u00e1ximo en ligereza, agarre y amortiguaci\u00f3n en terrenos naturales e irregulares.<\/p>\n<p data-start=\"504\" data-end=\"966\">La <strong data-start=\"507\" data-end=\"537\">parte superior de malla transpirable<\/strong>, ultraligera pero estable, envuelve el pie garantizando comodidad y precisi\u00f3n en cada pisada. La entresuela con <strong data-start=\"648\" data-end=\"683\">amortiguaci\u00f3n Lightstrike Pro<\/strong> absorbe los impactos y devuelve la energ\u00eda, lo que te permite afrontar incluso los recorridos m\u00e1s largos con reactividad y ligereza. La <strong data-start=\"815\" data-end=\"847\">suela con placa de clavos<\/strong> garantiza un <strong data-start=\"862\" data-end=\"884\">agarre superior<\/strong> en barro, hierba, grava y subidas resbaladizas: sin distracciones, solo rendimiento.<\/p>\n<h4 data-start=\"973\" data-end=\"1009\"><strong data-start=\"978\" data-end=\"1009\">Caracter\u00edsticas principales:<\/strong><\/h4>\n<ul data-start=\"1010\" data-end=\"1312\">\n<li data-start=\"1010\" data-end=\"1057\">\n<p data-start=\"1012\" data-end=\"1057\"><strong data-start=\"1012\" data-end=\"1036\">Ajuste regular<\/strong> con cierre de cordones<\/p>\n<\/li>\n<li data-start=\"1058\" data-end=\"1115\">\n<p data-start=\"1060\" data-end=\"1115\"><strong data-start=\"1060\" data-end=\"1082\">Parte superior transpirable<\/strong> de tejido y material sint\u00e9tico<\/p>\n<\/li>\n<li data-start=\"1116\" data-end=\"1160\">\n<p data-start=\"1118\" data-end=\"1160\"><strong data-start=\"1118\" data-end=\"1139\">Forro de tejido<\/strong> para mayor comodidad y sujeci\u00f3n<\/p>\n<\/li>\n<li data-start=\"1161\" data-end=\"1234\">\n<p data-start=\"1163\" data-end=\"1234\"><strong data-start=\"1163\" data-end=\"1198\">Amortiguaci\u00f3n Lightstrike Pro<\/strong> para retorno de energ\u00eda y ligereza<\/p>\n<\/li>\n<li data-start=\"1235\" data-end=\"1312\">\n<p data-start=\"1237\" data-end=\"1312\"><strong data-start=\"1237\" data-end=\"1279\">Suela sint\u00e9tica con placa de clavos<\/strong> para tracci\u00f3n en terrenos naturales<\/p>\n<\/li>\n<\/ul>\n<p><\/div><\/div><\/div><div class=\"vc-row container\"><div class=\"vc-column\"><div style=\"height:32px\" class=\"vc-empty-space\"><\/div><\/div><\/div><\/p>\n","protected":false},"excerpt":{"rendered":"<ul class=\"m-long-description__features\">\n<li class=\"m-long-description__feature\">Ultraligera y reactiva<\/li>\n<li>Zapatilla de campo<\/li>\n<\/ul>\n","protected":false},"featured_media":318373,"template":"","meta":{"_acf_changed":false,"inline_featured_image":false},"product_brand":[],"product_cat":[24227,24454,24228,24453],"product_tag":[23558,23570,23620],"class_list":{"0":"post-314887","1":"product","2":"type-product","3":"status-publish","4":"has-post-thumbnail","6":"product_cat-calzado-femenino","7":"product_cat-calzado-para-hombre","8":"product_cat-neutre-es","9":"product_cat-neutre-es-3","10":"product_tag-adidas-es","11":"product_tag-adidas-hombre","12":"product_tag-adidas-mujer","13":"pa_attivita-running-es","14":"pa_colore-adizero-avanti-xc-es","15":"pa_marca-adidas-es","16":"pa_sesso-hombre","17":"pa_size-41-es","18":"pa_size-44-es","19":"pa_size-45-es","21":"first","22":"instock","23":"sale","24":"taxable","25":"shipping-taxable","26":"purchasable","27":"product-type-variable","28":"wvs-archive-product-wrapper"},"acf":[],"yoast_head":"<!-- This site is optimized with the Yoast SEO plugin v26.8 - https:\/\/yoast.com\/product\/yoast-seo-wordpress\/ -->\n<title>Adidas Adizero Avanti XC -zapatillas de correr- MioMioRun<\/title>\n<meta name=\"description\" content=\"Adizero Avanti XC: zapatillas de cross ligeras y reactivas con amortiguaci\u00f3n Lightstrike Pro y suela con clavos para un agarre m\u00e1ximo en cualquier terreno.\" \/>\n<meta name=\"robots\" content=\"index, follow, max-snippet:-1, max-image-preview:large, max-video-preview:-1\" \/>\n<link rel=\"canonical\" href=\"https:\/\/www.miomiorun.com\/es\/producto\/adizero-avanti-xc\/\" \/>\n<meta property=\"og:locale\" content=\"es_ES\" \/>\n<meta property=\"og:type\" content=\"article\" \/>\n<meta property=\"og:title\" content=\"Adidas Adizero Avanti XC -zapatillas de correr- MioMioRun\" \/>\n<meta property=\"og:description\" content=\"Adizero Avanti XC: zapatillas de cross ligeras y reactivas con amortiguaci\u00f3n Lightstrike Pro y suela con clavos para un agarre m\u00e1ximo en cualquier terreno.\" \/>\n<meta property=\"og:url\" content=\"https:\/\/www.miomiorun.com\/es\/producto\/adizero-avanti-xc\/\" \/>\n<meta property=\"og:site_name\" content=\"MioMioRun\" \/>\n<meta property=\"article:publisher\" content=\"https:\/\/www.facebook.com\/miomiorun\/\" \/>\n<meta property=\"article:modified_time\" content=\"2026-03-02T18:11:47+00:00\" \/>\n<meta property=\"og:image\" content=\"https:\/\/www.miomiorun.com\/app\/uploads\/2025\/06\/adidas-Adizero-Avanti-XC-JR5076.webp\" \/>\n\t<meta property=\"og:image:width\" content=\"600\" \/>\n\t<meta property=\"og:image:height\" content=\"600\" \/>\n\t<meta property=\"og:image:type\" content=\"image\/webp\" \/>\n<meta name=\"twitter:card\" content=\"summary_large_image\" \/>\n<meta name=\"twitter:label1\" content=\"Est. reading time\" \/>\n\t<meta name=\"twitter:data1\" content=\"1 minute\" \/>\n<script type=\"application\/ld+json\" class=\"yoast-schema-graph\">{\"@context\":\"https:\/\/schema.org\",\"@graph\":[{\"@type\":\"WebPage\",\"@id\":\"https:\/\/www.miomiorun.com\/es\/producto\/adizero-avanti-xc\/\",\"url\":\"https:\/\/www.miomiorun.com\/es\/producto\/adizero-avanti-xc\/\",\"name\":\"Adidas Adizero Avanti XC -zapatillas de correr- MioMioRun\",\"isPartOf\":{\"@id\":\"https:\/\/www.miomiorun.com\/es\/#website\"},\"primaryImageOfPage\":{\"@id\":\"https:\/\/www.miomiorun.com\/es\/producto\/adizero-avanti-xc\/#primaryimage\"},\"image\":{\"@id\":\"https:\/\/www.miomiorun.com\/es\/producto\/adizero-avanti-xc\/#primaryimage\"},\"thumbnailUrl\":\"https:\/\/www.miomiorun.com\/app\/uploads\/2025\/06\/adidas-Adizero-Avanti-XC-JR5076.webp\",\"datePublished\":\"2025-05-30T15:52:37+00:00\",\"dateModified\":\"2026-03-02T18:11:47+00:00\",\"description\":\"Adizero Avanti XC: zapatillas de cross ligeras y reactivas con amortiguaci\u00f3n Lightstrike Pro y suela con clavos para un agarre m\u00e1ximo en cualquier terreno.\",\"breadcrumb\":{\"@id\":\"https:\/\/www.miomiorun.com\/es\/producto\/adizero-avanti-xc\/#breadcrumb\"},\"inLanguage\":\"es-ES\",\"potentialAction\":[{\"@type\":\"ReadAction\",\"target\":[\"https:\/\/www.miomiorun.com\/es\/producto\/adizero-avanti-xc\/\"]}]},{\"@type\":\"ImageObject\",\"inLanguage\":\"es-ES\",\"@id\":\"https:\/\/www.miomiorun.com\/es\/producto\/adizero-avanti-xc\/#primaryimage\",\"url\":\"https:\/\/www.miomiorun.com\/app\/uploads\/2025\/06\/adidas-Adizero-Avanti-XC-JR5076.webp\",\"contentUrl\":\"https:\/\/www.miomiorun.com\/app\/uploads\/2025\/06\/adidas-Adizero-Avanti-XC-JR5076.webp\",\"width\":600,\"height\":600,\"caption\":\"adidas Adizero Avanti XC JR5076\"},{\"@type\":\"BreadcrumbList\",\"@id\":\"https:\/\/www.miomiorun.com\/es\/producto\/adizero-avanti-xc\/#breadcrumb\",\"itemListElement\":[{\"@type\":\"ListItem\",\"position\":1,\"name\":\"Home\",\"item\":\"https:\/\/www.miomiorun.com\/es\/\"},{\"@type\":\"ListItem\",\"position\":2,\"name\":\"Shop\",\"item\":\"https:\/\/www.miomiorun.com\/shop\/\"},{\"@type\":\"ListItem\",\"position\":3,\"name\":\"Adizero Avanti XC\"}]},{\"@type\":\"WebSite\",\"@id\":\"https:\/\/www.miomiorun.com\/es\/#website\",\"url\":\"https:\/\/www.miomiorun.com\/es\/\",\"name\":\"MioMioRun\",\"description\":\"Tienda 100% running y trail\",\"publisher\":{\"@id\":\"https:\/\/www.miomiorun.com\/es\/#organization\"},\"potentialAction\":[{\"@type\":\"SearchAction\",\"target\":{\"@type\":\"EntryPoint\",\"urlTemplate\":\"https:\/\/www.miomiorun.com\/es\/?s={search_term_string}\"},\"query-input\":{\"@type\":\"PropertyValueSpecification\",\"valueRequired\":true,\"valueName\":\"search_term_string\"}}],\"inLanguage\":\"es-ES\"},{\"@type\":\"Organization\",\"@id\":\"https:\/\/www.miomiorun.com\/es\/#organization\",\"name\":\"MioMio Run\",\"url\":\"https:\/\/www.miomiorun.com\/es\/\",\"logo\":{\"@type\":\"ImageObject\",\"inLanguage\":\"es-ES\",\"@id\":\"https:\/\/www.miomiorun.com\/es\/#\/schema\/logo\/image\/\",\"url\":\"https:\/\/www.miomiorun.com\/app\/uploads\/2019\/12\/logomio.png\",\"contentUrl\":\"https:\/\/www.miomiorun.com\/app\/uploads\/2019\/12\/logomio.png\",\"width\":115,\"height\":82,\"caption\":\"MioMio Run\"},\"image\":{\"@id\":\"https:\/\/www.miomiorun.com\/es\/#\/schema\/logo\/image\/\"},\"sameAs\":[\"https:\/\/www.facebook.com\/miomiorun\/\",\"https:\/\/www.instagram.com\/miomiorun\/\"]}]}<\/script>\n<!-- \/ Yoast SEO plugin. -->","yoast_head_json":{"title":"Adidas Adizero Avanti XC -zapatillas de correr- MioMioRun","description":"Adizero Avanti XC: zapatillas de cross ligeras y reactivas con amortiguaci\u00f3n Lightstrike Pro y suela con clavos para un agarre m\u00e1ximo en cualquier terreno.","robots":{"index":"index","follow":"follow","max-snippet":"max-snippet:-1","max-image-preview":"max-image-preview:large","max-video-preview":"max-video-preview:-1"},"canonical":"https:\/\/www.miomiorun.com\/es\/producto\/adizero-avanti-xc\/","og_locale":"es_ES","og_type":"article","og_title":"Adidas Adizero Avanti XC -zapatillas de correr- MioMioRun","og_description":"Adizero Avanti XC: zapatillas de cross ligeras y reactivas con amortiguaci\u00f3n Lightstrike Pro y suela con clavos para un agarre m\u00e1ximo en cualquier terreno.","og_url":"https:\/\/www.miomiorun.com\/es\/producto\/adizero-avanti-xc\/","og_site_name":"MioMioRun","article_publisher":"https:\/\/www.facebook.com\/miomiorun\/","article_modified_time":"2026-03-02T18:11:47+00:00","og_image":[{"width":600,"height":600,"url":"https:\/\/www.miomiorun.com\/app\/uploads\/2025\/06\/adidas-Adizero-Avanti-XC-JR5076.webp","type":"image\/webp"}],"twitter_card":"summary_large_image","twitter_misc":{"Est. reading time":"1 minute"},"schema":{"@context":"https:\/\/schema.org","@graph":[{"@type":"WebPage","@id":"https:\/\/www.miomiorun.com\/es\/producto\/adizero-avanti-xc\/","url":"https:\/\/www.miomiorun.com\/es\/producto\/adizero-avanti-xc\/","name":"Adidas Adizero Avanti XC -zapatillas de correr- MioMioRun","isPartOf":{"@id":"https:\/\/www.miomiorun.com\/es\/#website"},"primaryImageOfPage":{"@id":"https:\/\/www.miomiorun.com\/es\/producto\/adizero-avanti-xc\/#primaryimage"},"image":{"@id":"https:\/\/www.miomiorun.com\/es\/producto\/adizero-avanti-xc\/#primaryimage"},"thumbnailUrl":"https:\/\/www.miomiorun.com\/app\/uploads\/2025\/06\/adidas-Adizero-Avanti-XC-JR5076.webp","datePublished":"2025-05-30T15:52:37+00:00","dateModified":"2026-03-02T18:11:47+00:00","description":"Adizero Avanti XC: zapatillas de cross ligeras y reactivas con amortiguaci\u00f3n Lightstrike Pro y suela con clavos para un agarre m\u00e1ximo en cualquier terreno.","breadcrumb":{"@id":"https:\/\/www.miomiorun.com\/es\/producto\/adizero-avanti-xc\/#breadcrumb"},"inLanguage":"es-ES","potentialAction":[{"@type":"ReadAction","target":["https:\/\/www.miomiorun.com\/es\/producto\/adizero-avanti-xc\/"]}]},{"@type":"ImageObject","inLanguage":"es-ES","@id":"https:\/\/www.miomiorun.com\/es\/producto\/adizero-avanti-xc\/#primaryimage","url":"https:\/\/www.miomiorun.com\/app\/uploads\/2025\/06\/adidas-Adizero-Avanti-XC-JR5076.webp","contentUrl":"https:\/\/www.miomiorun.com\/app\/uploads\/2025\/06\/adidas-Adizero-Avanti-XC-JR5076.webp","width":600,"height":600,"caption":"adidas Adizero Avanti XC JR5076"},{"@type":"BreadcrumbList","@id":"https:\/\/www.miomiorun.com\/es\/producto\/adizero-avanti-xc\/#breadcrumb","itemListElement":[{"@type":"ListItem","position":1,"name":"Home","item":"https:\/\/www.miomiorun.com\/es\/"},{"@type":"ListItem","position":2,"name":"Shop","item":"https:\/\/www.miomiorun.com\/shop\/"},{"@type":"ListItem","position":3,"name":"Adizero Avanti XC"}]},{"@type":"WebSite","@id":"https:\/\/www.miomiorun.com\/es\/#website","url":"https:\/\/www.miomiorun.com\/es\/","name":"MioMioRun","description":"Tienda 100% running y trail","publisher":{"@id":"https:\/\/www.miomiorun.com\/es\/#organization"},"potentialAction":[{"@type":"SearchAction","target":{"@type":"EntryPoint","urlTemplate":"https:\/\/www.miomiorun.com\/es\/?s={search_term_string}"},"query-input":{"@type":"PropertyValueSpecification","valueRequired":true,"valueName":"search_term_string"}}],"inLanguage":"es-ES"},{"@type":"Organization","@id":"https:\/\/www.miomiorun.com\/es\/#organization","name":"MioMio Run","url":"https:\/\/www.miomiorun.com\/es\/","logo":{"@type":"ImageObject","inLanguage":"es-ES","@id":"https:\/\/www.miomiorun.com\/es\/#\/schema\/logo\/image\/","url":"https:\/\/www.miomiorun.com\/app\/uploads\/2019\/12\/logomio.png","contentUrl":"https:\/\/www.miomiorun.com\/app\/uploads\/2019\/12\/logomio.png","width":115,"height":82,"caption":"MioMio Run"},"image":{"@id":"https:\/\/www.miomiorun.com\/es\/#\/schema\/logo\/image\/"},"sameAs":["https:\/\/www.facebook.com\/miomiorun\/","https:\/\/www.instagram.com\/miomiorun\/"]}]}},"_links":{"self":[{"href":"https:\/\/www.miomiorun.com\/es\/wp-json\/wp\/v2\/product\/314887","targetHints":{"allow":["GET"]}}],"collection":[{"href":"https:\/\/www.miomiorun.com\/es\/wp-json\/wp\/v2\/product"}],"about":[{"href":"https:\/\/www.miomiorun.com\/es\/wp-json\/wp\/v2\/types\/product"}],"wp:featuredmedia":[{"embeddable":true,"href":"https:\/\/www.miomiorun.com\/es\/wp-json\/wp\/v2\/media\/318373"}],"wp:attachment":[{"href":"https:\/\/www.miomiorun.com\/es\/wp-json\/wp\/v2\/media?parent=314887"}],"wp:term":[{"taxonomy":"product_brand","embeddable":true,"href":"https:\/\/www.miomiorun.com\/es\/wp-json\/wp\/v2\/product_brand?post=314887"},{"taxonomy":"product_cat","embeddable":true,"href":"https:\/\/www.miomiorun.com\/es\/wp-json\/wp\/v2\/product_cat?post=314887"},{"taxonomy":"product_tag","embeddable":true,"href":"https:\/\/www.miomiorun.com\/es\/wp-json\/wp\/v2\/product_tag?post=314887"}],"curies":[{"name":"wp","href":"https:\/\/api.w.org\/{rel}","templated":true}]}}