{"id":310259,"date":"2025-05-06T11:28:21","date_gmt":"2025-05-06T09:28:21","guid":{"rendered":"https:\/\/miomiorun.com\/?post_type=product&#038;p=310259"},"modified":"2026-02-25T11:06:47","modified_gmt":"2026-02-25T10:06:47","slug":"gradient-fucsia-manga-larga-mujer","status":"publish","type":"product","link":"https:\/\/www.miomiorun.com\/es\/producto\/gradient-fucsia-manga-larga-mujer\/","title":{"rendered":"Gradient Fucsia Manga larga mujer"},"content":{"rendered":"<p class=\"\" data-start=\"246\" data-end=\"613\">Lleva tu entrenamiento a un nuevo nivel con la camiseta de manga larga <strong data-start=\"322\" data-end=\"350\">Wild Tee Gradiente Donna<\/strong>, una combinaci\u00f3n perfecta de <strong data-start=\"381\" data-end=\"420\">funcionalidad t\u00e9cnica y estilo atrevido<\/strong>. Esta versi\u00f3n presenta un aspecto totalmente nuevo con <strong data-start=\"471\" data-end=\"498\">colores degradados<\/strong>, animados por <strong data-start=\"511\" data-end=\"537\">toques de fucsia ne\u00f3n<\/strong> que crean un efecto visual \u00fanico, sorprendente y muy reconocible.<\/p>\n<p class=\"\" data-start=\"615\" data-end=\"1011\">Confeccionada en <strong data-start=\"629\" data-end=\"646\">tejido Gotex<\/strong> de la m\u00e1s alta calidad, suave como la seda, esta camiseta ofrece una sensaci\u00f3n de extremo confort sobre la piel, incluso durante los entrenamientos m\u00e1s intensos. Su dise\u00f1o t\u00e9cnico la hace <strong data-start=\"825\" data-end=\"850\">ultraligera (115 g)<\/strong>, altamente <strong data-start=\"862\" data-end=\"877\">transpirable<\/strong> y adecuada para una amplia gama de actividades: desde <strong data-start=\"924\" data-end=\"965\">repeticiones en pista hasta trails en el bosque<\/strong>, sin comprometer el rendimiento y la comodidad.<\/p>\n<p class=\"\" data-start=\"1013\" data-end=\"1170\">Combina perfectamente con la <strong data-start=\"1045\" data-end=\"1076\">gorra t\u00e9cnica a juego<\/strong> en el mismo color Gradiente: un imprescindible para quienes aman destacar incluso en los detalles.<\/p>\n<h3 class=\"\" data-start=\"1177\" data-end=\"1212\"><strong data-start=\"1181\" data-end=\"1212\">Caracter\u00edsticas principales:<\/strong><\/h3>\n<ul data-start=\"1213\" data-end=\"1497\">\n<li class=\"\" data-start=\"1213\" data-end=\"1257\">\n<p class=\"\" data-start=\"1215\" data-end=\"1257\">Camiseta t\u00e9cnica de manga larga para mujer<\/p>\n<\/li>\n<li class=\"\" data-start=\"1258\" data-end=\"1316\">\n<p class=\"\" data-start=\"1260\" data-end=\"1316\">Nuevo color \u00abGradiente\u00bb con detalles en fucsia ne\u00f3n<\/p>\n<\/li>\n<li class=\"\" data-start=\"1317\" data-end=\"1378\">\n<p class=\"\" data-start=\"1319\" data-end=\"1378\">Tejido Gotex: suavidad extrema, alta transpirabilidad<\/p>\n<\/li>\n<li class=\"\" data-start=\"1379\" data-end=\"1437\">\n<p class=\"\" data-start=\"1381\" data-end=\"1437\">Vers\u00e1til: ideal para correr por carretera, pista o trail<\/p>\n<\/li>\n<li class=\"\" data-start=\"1438\" data-end=\"1458\">\n<p class=\"\" data-start=\"1440\" data-end=\"1458\">Peso: solo 115 g<\/p>\n<\/li>\n<li class=\"\" data-start=\"1459\" data-end=\"1497\">\n<p class=\"\" data-start=\"1461\" data-end=\"1497\">Dise\u00f1o italiano, rendimiento global<\/p>\n<\/li>\n<\/ul>\n<p>&nbsp;<\/p>\n","protected":false},"excerpt":{"rendered":"<ul>\n<li class=\"\" data-start=\"1213\" data-end=\"1257\">\n<p class=\"\" data-start=\"1215\" data-end=\"1257\">Camiseta t\u00e9cnica de manga larga para mujer<\/p>\n<\/li>\n<li class=\"\" data-start=\"1258\" data-end=\"1316\">\n<p class=\"\" data-start=\"1260\" data-end=\"1316\">Nuevo color \u00abGradiente\u00bb con detalles en fucsia ne\u00f3n<\/p>\n<\/li>\n<li class=\"\" data-start=\"1317\" data-end=\"1378\">\n<p class=\"\" data-start=\"1319\" data-end=\"1378\">Tejido Gotex: suavidad extrema, alta transpirabilidad<\/p>\n<\/li>\n<\/ul>\n","protected":false},"featured_media":311289,"template":"","meta":{"_acf_changed":false,"inline_featured_image":false},"product_brand":[],"product_cat":[24396,24401],"product_tag":[23527,23624],"class_list":{"0":"post-310259","1":"product","2":"type-product","3":"status-publish","4":"has-post-thumbnail","6":"product_cat-camisetas","7":"product_cat-ropa-de-mujer","8":"product_tag-wild-tee-es","9":"product_tag-wild-tee-mujer","10":"pa_attivita-caminar","11":"pa_attivita-fitness-es","12":"pa_attivita-running-es","13":"pa_attivita-trail-es","14":"pa_marca-wild-tee-es","15":"pa_sesso-mujer","16":"pa_size-extra-small-es","17":"pa_size-small-es","18":"pa_size-medium-es","20":"first","21":"instock","22":"sale","23":"taxable","24":"shipping-taxable","25":"purchasable","26":"product-type-variable","27":"wvs-archive-product-wrapper"},"acf":[],"yoast_head":"<!-- This site is optimized with the Yoast SEO plugin v26.8 - https:\/\/yoast.com\/product\/yoast-seo-wordpress\/ -->\n<title>Wild Tee Gradient Fucsia Manga larga mujer -Camiseta Running - MioMioRun<\/title>\n<meta name=\"description\" content=\"Camiseta t\u00e9cnica de manga larga Wild Tee Gradiente: ligera, transpirable y con un dise\u00f1o exclusivo con tonos fucsia ne\u00f3n. Ideal para trail y running.\" \/>\n<meta name=\"robots\" content=\"index, follow, max-snippet:-1, max-image-preview:large, max-video-preview:-1\" \/>\n<link rel=\"canonical\" href=\"https:\/\/www.miomiorun.com\/es\/producto\/gradient-fucsia-manga-larga-mujer\/\" \/>\n<meta property=\"og:locale\" content=\"es_ES\" \/>\n<meta property=\"og:type\" content=\"article\" \/>\n<meta property=\"og:title\" content=\"Wild Tee Gradient Fucsia Manga larga mujer -Camiseta Running - MioMioRun\" \/>\n<meta property=\"og:description\" content=\"Camiseta t\u00e9cnica de manga larga Wild Tee Gradiente: ligera, transpirable y con un dise\u00f1o exclusivo con tonos fucsia ne\u00f3n. Ideal para trail y running.\" \/>\n<meta property=\"og:url\" content=\"https:\/\/www.miomiorun.com\/es\/producto\/gradient-fucsia-manga-larga-mujer\/\" \/>\n<meta property=\"og:site_name\" content=\"MioMioRun\" \/>\n<meta property=\"article:publisher\" content=\"https:\/\/www.facebook.com\/miomiorun\/\" \/>\n<meta property=\"article:modified_time\" content=\"2026-02-25T10:06:47+00:00\" \/>\n<meta property=\"og:image\" content=\"https:\/\/www.miomiorun.com\/app\/uploads\/2025\/05\/wild-tee-Longsleeve-W-gradient-fuchsia-WT007WT169.webp\" \/>\n\t<meta property=\"og:image:width\" content=\"600\" \/>\n\t<meta property=\"og:image:height\" content=\"600\" \/>\n\t<meta property=\"og:image:type\" content=\"image\/webp\" \/>\n<meta name=\"twitter:card\" content=\"summary_large_image\" \/>\n<meta name=\"twitter:label1\" content=\"Est. reading time\" \/>\n\t<meta name=\"twitter:data1\" content=\"1 minute\" \/>\n<script type=\"application\/ld+json\" class=\"yoast-schema-graph\">{\"@context\":\"https:\/\/schema.org\",\"@graph\":[{\"@type\":\"WebPage\",\"@id\":\"https:\/\/www.miomiorun.com\/es\/producto\/gradient-fucsia-manga-larga-mujer\/\",\"url\":\"https:\/\/www.miomiorun.com\/es\/producto\/gradient-fucsia-manga-larga-mujer\/\",\"name\":\"Wild Tee Gradient Fucsia Manga larga mujer -Camiseta Running - MioMioRun\",\"isPartOf\":{\"@id\":\"https:\/\/www.miomiorun.com\/es\/#website\"},\"primaryImageOfPage\":{\"@id\":\"https:\/\/www.miomiorun.com\/es\/producto\/gradient-fucsia-manga-larga-mujer\/#primaryimage\"},\"image\":{\"@id\":\"https:\/\/www.miomiorun.com\/es\/producto\/gradient-fucsia-manga-larga-mujer\/#primaryimage\"},\"thumbnailUrl\":\"https:\/\/www.miomiorun.com\/app\/uploads\/2025\/05\/wild-tee-Longsleeve-W-gradient-fuchsia-WT007WT169.webp\",\"datePublished\":\"2025-05-06T09:28:21+00:00\",\"dateModified\":\"2026-02-25T10:06:47+00:00\",\"description\":\"Camiseta t\u00e9cnica de manga larga Wild Tee Gradiente: ligera, transpirable y con un dise\u00f1o exclusivo con tonos fucsia ne\u00f3n. Ideal para trail y running.\",\"breadcrumb\":{\"@id\":\"https:\/\/www.miomiorun.com\/es\/producto\/gradient-fucsia-manga-larga-mujer\/#breadcrumb\"},\"inLanguage\":\"es-ES\",\"potentialAction\":[{\"@type\":\"ReadAction\",\"target\":[\"https:\/\/www.miomiorun.com\/es\/producto\/gradient-fucsia-manga-larga-mujer\/\"]}]},{\"@type\":\"ImageObject\",\"inLanguage\":\"es-ES\",\"@id\":\"https:\/\/www.miomiorun.com\/es\/producto\/gradient-fucsia-manga-larga-mujer\/#primaryimage\",\"url\":\"https:\/\/www.miomiorun.com\/app\/uploads\/2025\/05\/wild-tee-Longsleeve-W-gradient-fuchsia-WT007WT169.webp\",\"contentUrl\":\"https:\/\/www.miomiorun.com\/app\/uploads\/2025\/05\/wild-tee-Longsleeve-W-gradient-fuchsia-WT007WT169.webp\",\"width\":600,\"height\":600,\"caption\":\"wild tee Longsleeve W gradient fuchsia WT007WT169\"},{\"@type\":\"BreadcrumbList\",\"@id\":\"https:\/\/www.miomiorun.com\/es\/producto\/gradient-fucsia-manga-larga-mujer\/#breadcrumb\",\"itemListElement\":[{\"@type\":\"ListItem\",\"position\":1,\"name\":\"Home\",\"item\":\"https:\/\/www.miomiorun.com\/es\/\"},{\"@type\":\"ListItem\",\"position\":2,\"name\":\"Shop\",\"item\":\"https:\/\/www.miomiorun.com\/shop\/\"},{\"@type\":\"ListItem\",\"position\":3,\"name\":\"Gradient Fucsia Manga larga mujer\"}]},{\"@type\":\"WebSite\",\"@id\":\"https:\/\/www.miomiorun.com\/es\/#website\",\"url\":\"https:\/\/www.miomiorun.com\/es\/\",\"name\":\"MioMioRun\",\"description\":\"Tienda 100% running y trail\",\"publisher\":{\"@id\":\"https:\/\/www.miomiorun.com\/es\/#organization\"},\"potentialAction\":[{\"@type\":\"SearchAction\",\"target\":{\"@type\":\"EntryPoint\",\"urlTemplate\":\"https:\/\/www.miomiorun.com\/es\/?s={search_term_string}\"},\"query-input\":{\"@type\":\"PropertyValueSpecification\",\"valueRequired\":true,\"valueName\":\"search_term_string\"}}],\"inLanguage\":\"es-ES\"},{\"@type\":\"Organization\",\"@id\":\"https:\/\/www.miomiorun.com\/es\/#organization\",\"name\":\"MioMio Run\",\"url\":\"https:\/\/www.miomiorun.com\/es\/\",\"logo\":{\"@type\":\"ImageObject\",\"inLanguage\":\"es-ES\",\"@id\":\"https:\/\/www.miomiorun.com\/es\/#\/schema\/logo\/image\/\",\"url\":\"https:\/\/www.miomiorun.com\/app\/uploads\/2019\/12\/logomio.png\",\"contentUrl\":\"https:\/\/www.miomiorun.com\/app\/uploads\/2019\/12\/logomio.png\",\"width\":115,\"height\":82,\"caption\":\"MioMio Run\"},\"image\":{\"@id\":\"https:\/\/www.miomiorun.com\/es\/#\/schema\/logo\/image\/\"},\"sameAs\":[\"https:\/\/www.facebook.com\/miomiorun\/\",\"https:\/\/www.instagram.com\/miomiorun\/\"]}]}<\/script>\n<!-- \/ Yoast SEO plugin. -->","yoast_head_json":{"title":"Wild Tee Gradient Fucsia Manga larga mujer -Camiseta Running - MioMioRun","description":"Camiseta t\u00e9cnica de manga larga Wild Tee Gradiente: ligera, transpirable y con un dise\u00f1o exclusivo con tonos fucsia ne\u00f3n. Ideal para trail y running.","robots":{"index":"index","follow":"follow","max-snippet":"max-snippet:-1","max-image-preview":"max-image-preview:large","max-video-preview":"max-video-preview:-1"},"canonical":"https:\/\/www.miomiorun.com\/es\/producto\/gradient-fucsia-manga-larga-mujer\/","og_locale":"es_ES","og_type":"article","og_title":"Wild Tee Gradient Fucsia Manga larga mujer -Camiseta Running - MioMioRun","og_description":"Camiseta t\u00e9cnica de manga larga Wild Tee Gradiente: ligera, transpirable y con un dise\u00f1o exclusivo con tonos fucsia ne\u00f3n. Ideal para trail y running.","og_url":"https:\/\/www.miomiorun.com\/es\/producto\/gradient-fucsia-manga-larga-mujer\/","og_site_name":"MioMioRun","article_publisher":"https:\/\/www.facebook.com\/miomiorun\/","article_modified_time":"2026-02-25T10:06:47+00:00","og_image":[{"width":600,"height":600,"url":"https:\/\/www.miomiorun.com\/app\/uploads\/2025\/05\/wild-tee-Longsleeve-W-gradient-fuchsia-WT007WT169.webp","type":"image\/webp"}],"twitter_card":"summary_large_image","twitter_misc":{"Est. reading time":"1 minute"},"schema":{"@context":"https:\/\/schema.org","@graph":[{"@type":"WebPage","@id":"https:\/\/www.miomiorun.com\/es\/producto\/gradient-fucsia-manga-larga-mujer\/","url":"https:\/\/www.miomiorun.com\/es\/producto\/gradient-fucsia-manga-larga-mujer\/","name":"Wild Tee Gradient Fucsia Manga larga mujer -Camiseta Running - MioMioRun","isPartOf":{"@id":"https:\/\/www.miomiorun.com\/es\/#website"},"primaryImageOfPage":{"@id":"https:\/\/www.miomiorun.com\/es\/producto\/gradient-fucsia-manga-larga-mujer\/#primaryimage"},"image":{"@id":"https:\/\/www.miomiorun.com\/es\/producto\/gradient-fucsia-manga-larga-mujer\/#primaryimage"},"thumbnailUrl":"https:\/\/www.miomiorun.com\/app\/uploads\/2025\/05\/wild-tee-Longsleeve-W-gradient-fuchsia-WT007WT169.webp","datePublished":"2025-05-06T09:28:21+00:00","dateModified":"2026-02-25T10:06:47+00:00","description":"Camiseta t\u00e9cnica de manga larga Wild Tee Gradiente: ligera, transpirable y con un dise\u00f1o exclusivo con tonos fucsia ne\u00f3n. Ideal para trail y running.","breadcrumb":{"@id":"https:\/\/www.miomiorun.com\/es\/producto\/gradient-fucsia-manga-larga-mujer\/#breadcrumb"},"inLanguage":"es-ES","potentialAction":[{"@type":"ReadAction","target":["https:\/\/www.miomiorun.com\/es\/producto\/gradient-fucsia-manga-larga-mujer\/"]}]},{"@type":"ImageObject","inLanguage":"es-ES","@id":"https:\/\/www.miomiorun.com\/es\/producto\/gradient-fucsia-manga-larga-mujer\/#primaryimage","url":"https:\/\/www.miomiorun.com\/app\/uploads\/2025\/05\/wild-tee-Longsleeve-W-gradient-fuchsia-WT007WT169.webp","contentUrl":"https:\/\/www.miomiorun.com\/app\/uploads\/2025\/05\/wild-tee-Longsleeve-W-gradient-fuchsia-WT007WT169.webp","width":600,"height":600,"caption":"wild tee Longsleeve W gradient fuchsia WT007WT169"},{"@type":"BreadcrumbList","@id":"https:\/\/www.miomiorun.com\/es\/producto\/gradient-fucsia-manga-larga-mujer\/#breadcrumb","itemListElement":[{"@type":"ListItem","position":1,"name":"Home","item":"https:\/\/www.miomiorun.com\/es\/"},{"@type":"ListItem","position":2,"name":"Shop","item":"https:\/\/www.miomiorun.com\/shop\/"},{"@type":"ListItem","position":3,"name":"Gradient Fucsia Manga larga mujer"}]},{"@type":"WebSite","@id":"https:\/\/www.miomiorun.com\/es\/#website","url":"https:\/\/www.miomiorun.com\/es\/","name":"MioMioRun","description":"Tienda 100% running y trail","publisher":{"@id":"https:\/\/www.miomiorun.com\/es\/#organization"},"potentialAction":[{"@type":"SearchAction","target":{"@type":"EntryPoint","urlTemplate":"https:\/\/www.miomiorun.com\/es\/?s={search_term_string}"},"query-input":{"@type":"PropertyValueSpecification","valueRequired":true,"valueName":"search_term_string"}}],"inLanguage":"es-ES"},{"@type":"Organization","@id":"https:\/\/www.miomiorun.com\/es\/#organization","name":"MioMio Run","url":"https:\/\/www.miomiorun.com\/es\/","logo":{"@type":"ImageObject","inLanguage":"es-ES","@id":"https:\/\/www.miomiorun.com\/es\/#\/schema\/logo\/image\/","url":"https:\/\/www.miomiorun.com\/app\/uploads\/2019\/12\/logomio.png","contentUrl":"https:\/\/www.miomiorun.com\/app\/uploads\/2019\/12\/logomio.png","width":115,"height":82,"caption":"MioMio Run"},"image":{"@id":"https:\/\/www.miomiorun.com\/es\/#\/schema\/logo\/image\/"},"sameAs":["https:\/\/www.facebook.com\/miomiorun\/","https:\/\/www.instagram.com\/miomiorun\/"]}]}},"_links":{"self":[{"href":"https:\/\/www.miomiorun.com\/es\/wp-json\/wp\/v2\/product\/310259","targetHints":{"allow":["GET"]}}],"collection":[{"href":"https:\/\/www.miomiorun.com\/es\/wp-json\/wp\/v2\/product"}],"about":[{"href":"https:\/\/www.miomiorun.com\/es\/wp-json\/wp\/v2\/types\/product"}],"wp:featuredmedia":[{"embeddable":true,"href":"https:\/\/www.miomiorun.com\/es\/wp-json\/wp\/v2\/media\/311289"}],"wp:attachment":[{"href":"https:\/\/www.miomiorun.com\/es\/wp-json\/wp\/v2\/media?parent=310259"}],"wp:term":[{"taxonomy":"product_brand","embeddable":true,"href":"https:\/\/www.miomiorun.com\/es\/wp-json\/wp\/v2\/product_brand?post=310259"},{"taxonomy":"product_cat","embeddable":true,"href":"https:\/\/www.miomiorun.com\/es\/wp-json\/wp\/v2\/product_cat?post=310259"},{"taxonomy":"product_tag","embeddable":true,"href":"https:\/\/www.miomiorun.com\/es\/wp-json\/wp\/v2\/product_tag?post=310259"}],"curies":[{"name":"wp","href":"https:\/\/api.w.org\/{rel}","templated":true}]}}