{"id":309652,"date":"2025-05-03T19:07:46","date_gmt":"2025-05-03T17:07:46","guid":{"rendered":"https:\/\/miomiorun.com\/?post_type=product&#038;p=309652"},"modified":"2026-02-25T17:54:14","modified_gmt":"2026-02-25T16:54:14","slug":"mafate-x-mujer","status":"publish","type":"product","link":"https:\/\/www.miomiorun.com\/es\/producto\/mafate-x-mujer\/","title":{"rendered":"Mafate X mujer"},"content":{"rendered":"<div class=\"vc-row container\"><div class=\"vc-column\"><div class=\"vc-column-text\"><\/p>\n<p><strong>Especificaciones t\u00e9cnicas<\/strong><\/p>\n<p>Categor\u00eda: amortiguaci\u00f3n superior.<br \/>\nOffset: 8 mm.<br \/>\nPeso: 294 g.<br \/>\nIdeal para: corredores de trail y amantes de las caminatas por la monta\u00f1a que buscan un modelo bien amortiguado y protector, capaz de ofrecer el m\u00e1ximo confort incluso en distancias largas.<br \/>\nPeso del atleta: 70-90 kg.<br \/>\nRitmo de carrera: medio (5,00-6,00 min\/km).<br \/>\n<a href=\"https:\/\/miomiorun.com\/es\/guia-especifica\/\">Gu\u00eda de especificaciones t\u00e9cnicas<\/a><\/p>\n<p><\/div><\/div><div class=\"vc-column\"><div class=\"vc-column-text\"><\/p>\n<h3 class=\"\" data-start=\"0\" data-end=\"68\">&nbsp;HOKA Mafate X: tu aliado para los trails m\u00e1s exigentes<\/h3>\n<p class=\"\" data-start=\"70\" data-end=\"377\">Enfr\u00e9ntate a pedregales, rocas y ultramaratones con las <strong data-start=\"121\" data-end=\"133\">Mafate X<\/strong>, las nuevas protagonistas del trail running de HOKA. Dise\u00f1ada para quienes no se detienen ante nada, ofrece una combinaci\u00f3n \u00fanica de <strong data-start=\"252\" data-end=\"297\">suavidad, impulso y protecci\u00f3n<\/strong>, para que puedas correr durante horas por los terrenos m\u00e1s traicioneros con seguridad y comodidad.<\/p>\n<h4 class=\"\" data-start=\"384\" data-end=\"411\">&nbsp;Por qu\u00e9 elegirla:<\/h4>\n<ul data-start=\"413\" data-end=\"1361\">\n<li class=\"\" data-start=\"413\" data-end=\"611\">\n<p class=\"\" data-start=\"415\" data-end=\"611\"><strong data-start=\"415\" data-end=\"451\">Amortiguaci\u00f3n de primera calidad<\/strong><br data-start=\"451\" data-end=\"454\">Una estructura de <strong data-start=\"469\" data-end=\"497\">espuma de doble densidad<\/strong> combinada con una capa superior de <strong data-start=\"533\" data-end=\"541\">PEBA<\/strong> proporciona una suavidad extraordinaria y un retorno de energ\u00eda continuo.<\/p>\n<\/li>\n<li class=\"\" data-start=\"613\" data-end=\"770\">\n<p class=\"\" data-start=\"615\" data-end=\"770\"><strong data-start=\"615\" data-end=\"643\">Impulso en cada paso<\/strong><br data-start=\"643\" data-end=\"646\">La <strong data-start=\"651\" data-end=\"694\">placa de fibra de carbono en forma de horquilla<\/strong> se activa con cada zancada, proporcionando impulso y reactividad donde m\u00e1s se necesita.<\/p>\n<\/li>\n<li class=\"\" data-start=\"772\" data-end=\"922\">\n<p class=\"\" data-start=\"774\" data-end=\"922\"><strong data-start=\"774\" data-end=\"794\">Agarre implacable<\/strong><br data-start=\"794\" data-end=\"797\">La suela <strong data-start=\"808\" data-end=\"828\">Vibram\u00ae Megagrip<\/strong> con dibujo de 3,5 mm garantiza tracci\u00f3n y estabilidad en barro, rocas y terrenos irregulares.<\/p>\n<\/li>\n<li class=\"\" data-start=\"924\" data-end=\"1066\">\n<p class=\"\" data-start=\"926\" data-end=\"1066\"><strong data-start=\"926\" data-end=\"961\">Parte superior ultraligera y drenante<\/strong><br data-start=\"961\" data-end=\"964\">Tejido t\u00e9cnico que favorece el r\u00e1pido drenaje del agua y mantiene el pie fresco y seco.\n<\/p>\n<\/li>\n<li class=\"\" data-start=\"1068\" data-end=\"1232\">\n<p class=\"\" data-start=\"1070\" data-end=\"1232\"><strong data-start=\"1070\" data-end=\"1102\">Protecci\u00f3n sin concesiones<\/strong><br data-start=\"1102\" data-end=\"1105\">Puntera reforzada, contrafuerte de TPU y m\u00e1scara din\u00e1mica (pendiente de patente) que protegen de las rocas y las ra\u00edces afiladas.\n<\/p>\n<\/li>\n<li class=\"\" data-start=\"1234\" data-end=\"1361\">\n<p class=\"\" data-start=\"1236\" data-end=\"1361\"><strong data-start=\"1236\" data-end=\"1262\">Visibilidad y seguridad<\/strong><br data-start=\"1262\" data-end=\"1265\">Detalles reflectantes para ser siempre reconocible incluso en condiciones de poca luz. <\/p>\n<\/li>\n<\/ul>\n<h4 class=\"\" data-start=\"1368\" data-end=\"1393\">&nbsp;Datos t\u00e9cnicos:<\/h4>\n<ul data-start=\"1395\" data-end=\"1595\">\n<li class=\"\" data-start=\"1395\" data-end=\"1429\">\n<p class=\"\" data-start=\"1397\" data-end=\"1429\"><strong data-start=\"1397\" data-end=\"1406\">Peso:<\/strong> 294 g (talla 42 EU)<\/p>\n<\/li>\n<li class=\"\" data-start=\"1430\" data-end=\"1460\">\n<p class=\"\" data-start=\"1432\" data-end=\"1460\"><strong data-start=\"1432\" data-end=\"1453\">Diferencial tal\u00f3n-punta:<\/strong> 8 mm<\/p>\n<\/li>\n<li class=\"\" data-start=\"1461\" data-end=\"1510\">\n<p class=\"\" data-start=\"1463\" data-end=\"1510\"><strong data-start=\"1463\" data-end=\"1479\">MetaRocker\u2122:<\/strong> dise\u00f1o de transici\u00f3n fluida<\/p>\n<\/li>\n<li class=\"\" data-start=\"1511\" data-end=\"1595\">\n<p class=\"\" data-start=\"1513\" data-end=\"1595\"><strong data-start=\"1513\" data-end=\"1550\">Soporte amortiguado sim\u00e9trico:<\/strong> comodidad homog\u00e9nea sin excesos tecnol\u00f3gicos<\/p>\n<\/li>\n<\/ul>\n<p class=\"\" data-start=\"1602\" data-end=\"1854\">La <strong data-start=\"1605\" data-end=\"1617\">Mafate X<\/strong> no es solo una zapatilla, es tu pasaporte para explorar nuevos l\u00edmites. Desde carreras de altura hasta ultramaratones, te apoya con una amortiguaci\u00f3n suave pero reactiva, protege cada paso y lleva tu rendimiento m\u00e1s all\u00e1 de cualquier l\u00edmite.<\/p>\n<p><\/div><\/div><\/div>\n","protected":false},"excerpt":{"rendered":"<ul class=\"features-container\">\n<li data-start=\"415\" data-end=\"611\">Amortiguaci\u00f3n de primera calidad<\/li>\n<li data-start=\"415\" data-end=\"611\">Impulso en cada paso<\/li>\n<li data-start=\"415\" data-end=\"611\">Agarre implacable<\/li>\n<\/ul>\n","protected":false},"featured_media":340932,"template":"","meta":{"_acf_changed":false,"inline_featured_image":false},"product_brand":[],"product_cat":[24227,24230],"product_tag":[23479,23645],"class_list":{"0":"post-309652","1":"product","2":"type-product","3":"status-publish","4":"has-post-thumbnail","6":"product_cat-calzado-femenino","7":"product_cat-trail-es","8":"product_tag-hoka-one-one-es","9":"product_tag-hoka-mujer","10":"pa_attivita-outdoor-es","11":"pa_attivita-trail-es","12":"pa_colore-mafate-x-w-feldspar-mountain-fog-es","13":"pa_marca-hoka-es","14":"pa_sesso-mujer","15":"pa_size-38-es","16":"pa_size-40-es","18":"pa_size-42-es","20":"first","21":"instock","22":"sale","23":"taxable","24":"shipping-taxable","25":"purchasable","26":"product-type-variable","27":"wvs-archive-product-wrapper"},"acf":[],"yoast_head":"<!-- This site is optimized with the Yoast SEO plugin v26.8 - https:\/\/yoast.com\/product\/yoast-seo-wordpress\/ -->\n<title>Hoka One One Mafate X mujer -zapatillas de trail - MioMioRun<\/title>\n<meta name=\"description\" content=\"Zapatilla trail ultracushion con espuma de doble densidad, placa de fibra de carbono y suela Vibram\u00ae Megagrip. Comodidad y agarre en cualquier terreno.\" \/>\n<meta name=\"robots\" content=\"index, follow, max-snippet:-1, max-image-preview:large, max-video-preview:-1\" \/>\n<link rel=\"canonical\" href=\"https:\/\/www.miomiorun.com\/es\/producto\/mafate-x-mujer\/\" \/>\n<meta property=\"og:locale\" content=\"es_ES\" \/>\n<meta property=\"og:type\" content=\"article\" \/>\n<meta property=\"og:title\" content=\"Hoka One One Mafate X mujer -zapatillas de trail - MioMioRun\" \/>\n<meta property=\"og:description\" content=\"Zapatilla trail ultracushion con espuma de doble densidad, placa de fibra de carbono y suela Vibram\u00ae Megagrip. Comodidad y agarre en cualquier terreno.\" \/>\n<meta property=\"og:url\" content=\"https:\/\/www.miomiorun.com\/es\/producto\/mafate-x-mujer\/\" \/>\n<meta property=\"og:site_name\" content=\"MioMioRun\" \/>\n<meta property=\"article:publisher\" content=\"https:\/\/www.facebook.com\/miomiorun\/\" \/>\n<meta property=\"article:modified_time\" content=\"2026-02-25T16:54:14+00:00\" \/>\n<meta property=\"og:image\" content=\"https:\/\/www.miomiorun.com\/app\/uploads\/2025\/08\/hoka-Mafate-X-W-neon-hoka-citrus-neon-rose-1162010-NNH.webp\" \/>\n\t<meta property=\"og:image:width\" content=\"720\" \/>\n\t<meta property=\"og:image:height\" content=\"720\" \/>\n\t<meta property=\"og:image:type\" content=\"image\/webp\" \/>\n<meta name=\"twitter:card\" content=\"summary_large_image\" \/>\n<meta name=\"twitter:label1\" content=\"Est. reading time\" \/>\n\t<meta name=\"twitter:data1\" content=\"2 minutes\" \/>\n<script type=\"application\/ld+json\" class=\"yoast-schema-graph\">{\"@context\":\"https:\/\/schema.org\",\"@graph\":[{\"@type\":\"WebPage\",\"@id\":\"https:\/\/www.miomiorun.com\/es\/producto\/mafate-x-mujer\/\",\"url\":\"https:\/\/www.miomiorun.com\/es\/producto\/mafate-x-mujer\/\",\"name\":\"Hoka One One Mafate X mujer -zapatillas de trail - MioMioRun\",\"isPartOf\":{\"@id\":\"https:\/\/www.miomiorun.com\/es\/#website\"},\"primaryImageOfPage\":{\"@id\":\"https:\/\/www.miomiorun.com\/es\/producto\/mafate-x-mujer\/#primaryimage\"},\"image\":{\"@id\":\"https:\/\/www.miomiorun.com\/es\/producto\/mafate-x-mujer\/#primaryimage\"},\"thumbnailUrl\":\"https:\/\/www.miomiorun.com\/app\/uploads\/2025\/08\/hoka-Mafate-X-W-neon-hoka-citrus-neon-rose-1162010-NNH.webp\",\"datePublished\":\"2025-05-03T17:07:46+00:00\",\"dateModified\":\"2026-02-25T16:54:14+00:00\",\"description\":\"Zapatilla trail ultracushion con espuma de doble densidad, placa de fibra de carbono y suela Vibram\u00ae Megagrip. Comodidad y agarre en cualquier terreno.\",\"breadcrumb\":{\"@id\":\"https:\/\/www.miomiorun.com\/es\/producto\/mafate-x-mujer\/#breadcrumb\"},\"inLanguage\":\"es-ES\",\"potentialAction\":[{\"@type\":\"ReadAction\",\"target\":[\"https:\/\/www.miomiorun.com\/es\/producto\/mafate-x-mujer\/\"]}]},{\"@type\":\"ImageObject\",\"inLanguage\":\"es-ES\",\"@id\":\"https:\/\/www.miomiorun.com\/es\/producto\/mafate-x-mujer\/#primaryimage\",\"url\":\"https:\/\/www.miomiorun.com\/app\/uploads\/2025\/08\/hoka-Mafate-X-W-neon-hoka-citrus-neon-rose-1162010-NNH.webp\",\"contentUrl\":\"https:\/\/www.miomiorun.com\/app\/uploads\/2025\/08\/hoka-Mafate-X-W-neon-hoka-citrus-neon-rose-1162010-NNH.webp\",\"width\":720,\"height\":720,\"caption\":\"hoka Mafate X W neon hoka citrus neon rose 1162010 NNH\"},{\"@type\":\"BreadcrumbList\",\"@id\":\"https:\/\/www.miomiorun.com\/es\/producto\/mafate-x-mujer\/#breadcrumb\",\"itemListElement\":[{\"@type\":\"ListItem\",\"position\":1,\"name\":\"Home\",\"item\":\"https:\/\/www.miomiorun.com\/es\/\"},{\"@type\":\"ListItem\",\"position\":2,\"name\":\"Shop\",\"item\":\"https:\/\/www.miomiorun.com\/shop\/\"},{\"@type\":\"ListItem\",\"position\":3,\"name\":\"Mafate X mujer\"}]},{\"@type\":\"WebSite\",\"@id\":\"https:\/\/www.miomiorun.com\/es\/#website\",\"url\":\"https:\/\/www.miomiorun.com\/es\/\",\"name\":\"MioMioRun\",\"description\":\"Tienda 100% running y trail\",\"publisher\":{\"@id\":\"https:\/\/www.miomiorun.com\/es\/#organization\"},\"potentialAction\":[{\"@type\":\"SearchAction\",\"target\":{\"@type\":\"EntryPoint\",\"urlTemplate\":\"https:\/\/www.miomiorun.com\/es\/?s={search_term_string}\"},\"query-input\":{\"@type\":\"PropertyValueSpecification\",\"valueRequired\":true,\"valueName\":\"search_term_string\"}}],\"inLanguage\":\"es-ES\"},{\"@type\":\"Organization\",\"@id\":\"https:\/\/www.miomiorun.com\/es\/#organization\",\"name\":\"MioMio Run\",\"url\":\"https:\/\/www.miomiorun.com\/es\/\",\"logo\":{\"@type\":\"ImageObject\",\"inLanguage\":\"es-ES\",\"@id\":\"https:\/\/www.miomiorun.com\/es\/#\/schema\/logo\/image\/\",\"url\":\"https:\/\/www.miomiorun.com\/app\/uploads\/2019\/12\/logomio.png\",\"contentUrl\":\"https:\/\/www.miomiorun.com\/app\/uploads\/2019\/12\/logomio.png\",\"width\":115,\"height\":82,\"caption\":\"MioMio Run\"},\"image\":{\"@id\":\"https:\/\/www.miomiorun.com\/es\/#\/schema\/logo\/image\/\"},\"sameAs\":[\"https:\/\/www.facebook.com\/miomiorun\/\",\"https:\/\/www.instagram.com\/miomiorun\/\"]}]}<\/script>\n<!-- \/ Yoast SEO plugin. -->","yoast_head_json":{"title":"Hoka One One Mafate X mujer -zapatillas de trail - MioMioRun","description":"Zapatilla trail ultracushion con espuma de doble densidad, placa de fibra de carbono y suela Vibram\u00ae Megagrip. Comodidad y agarre en cualquier terreno.","robots":{"index":"index","follow":"follow","max-snippet":"max-snippet:-1","max-image-preview":"max-image-preview:large","max-video-preview":"max-video-preview:-1"},"canonical":"https:\/\/www.miomiorun.com\/es\/producto\/mafate-x-mujer\/","og_locale":"es_ES","og_type":"article","og_title":"Hoka One One Mafate X mujer -zapatillas de trail - MioMioRun","og_description":"Zapatilla trail ultracushion con espuma de doble densidad, placa de fibra de carbono y suela Vibram\u00ae Megagrip. Comodidad y agarre en cualquier terreno.","og_url":"https:\/\/www.miomiorun.com\/es\/producto\/mafate-x-mujer\/","og_site_name":"MioMioRun","article_publisher":"https:\/\/www.facebook.com\/miomiorun\/","article_modified_time":"2026-02-25T16:54:14+00:00","og_image":[{"width":720,"height":720,"url":"https:\/\/www.miomiorun.com\/app\/uploads\/2025\/08\/hoka-Mafate-X-W-neon-hoka-citrus-neon-rose-1162010-NNH.webp","type":"image\/webp"}],"twitter_card":"summary_large_image","twitter_misc":{"Est. reading time":"2 minutes"},"schema":{"@context":"https:\/\/schema.org","@graph":[{"@type":"WebPage","@id":"https:\/\/www.miomiorun.com\/es\/producto\/mafate-x-mujer\/","url":"https:\/\/www.miomiorun.com\/es\/producto\/mafate-x-mujer\/","name":"Hoka One One Mafate X mujer -zapatillas de trail - MioMioRun","isPartOf":{"@id":"https:\/\/www.miomiorun.com\/es\/#website"},"primaryImageOfPage":{"@id":"https:\/\/www.miomiorun.com\/es\/producto\/mafate-x-mujer\/#primaryimage"},"image":{"@id":"https:\/\/www.miomiorun.com\/es\/producto\/mafate-x-mujer\/#primaryimage"},"thumbnailUrl":"https:\/\/www.miomiorun.com\/app\/uploads\/2025\/08\/hoka-Mafate-X-W-neon-hoka-citrus-neon-rose-1162010-NNH.webp","datePublished":"2025-05-03T17:07:46+00:00","dateModified":"2026-02-25T16:54:14+00:00","description":"Zapatilla trail ultracushion con espuma de doble densidad, placa de fibra de carbono y suela Vibram\u00ae Megagrip. Comodidad y agarre en cualquier terreno.","breadcrumb":{"@id":"https:\/\/www.miomiorun.com\/es\/producto\/mafate-x-mujer\/#breadcrumb"},"inLanguage":"es-ES","potentialAction":[{"@type":"ReadAction","target":["https:\/\/www.miomiorun.com\/es\/producto\/mafate-x-mujer\/"]}]},{"@type":"ImageObject","inLanguage":"es-ES","@id":"https:\/\/www.miomiorun.com\/es\/producto\/mafate-x-mujer\/#primaryimage","url":"https:\/\/www.miomiorun.com\/app\/uploads\/2025\/08\/hoka-Mafate-X-W-neon-hoka-citrus-neon-rose-1162010-NNH.webp","contentUrl":"https:\/\/www.miomiorun.com\/app\/uploads\/2025\/08\/hoka-Mafate-X-W-neon-hoka-citrus-neon-rose-1162010-NNH.webp","width":720,"height":720,"caption":"hoka Mafate X W neon hoka citrus neon rose 1162010 NNH"},{"@type":"BreadcrumbList","@id":"https:\/\/www.miomiorun.com\/es\/producto\/mafate-x-mujer\/#breadcrumb","itemListElement":[{"@type":"ListItem","position":1,"name":"Home","item":"https:\/\/www.miomiorun.com\/es\/"},{"@type":"ListItem","position":2,"name":"Shop","item":"https:\/\/www.miomiorun.com\/shop\/"},{"@type":"ListItem","position":3,"name":"Mafate X mujer"}]},{"@type":"WebSite","@id":"https:\/\/www.miomiorun.com\/es\/#website","url":"https:\/\/www.miomiorun.com\/es\/","name":"MioMioRun","description":"Tienda 100% running y trail","publisher":{"@id":"https:\/\/www.miomiorun.com\/es\/#organization"},"potentialAction":[{"@type":"SearchAction","target":{"@type":"EntryPoint","urlTemplate":"https:\/\/www.miomiorun.com\/es\/?s={search_term_string}"},"query-input":{"@type":"PropertyValueSpecification","valueRequired":true,"valueName":"search_term_string"}}],"inLanguage":"es-ES"},{"@type":"Organization","@id":"https:\/\/www.miomiorun.com\/es\/#organization","name":"MioMio Run","url":"https:\/\/www.miomiorun.com\/es\/","logo":{"@type":"ImageObject","inLanguage":"es-ES","@id":"https:\/\/www.miomiorun.com\/es\/#\/schema\/logo\/image\/","url":"https:\/\/www.miomiorun.com\/app\/uploads\/2019\/12\/logomio.png","contentUrl":"https:\/\/www.miomiorun.com\/app\/uploads\/2019\/12\/logomio.png","width":115,"height":82,"caption":"MioMio Run"},"image":{"@id":"https:\/\/www.miomiorun.com\/es\/#\/schema\/logo\/image\/"},"sameAs":["https:\/\/www.facebook.com\/miomiorun\/","https:\/\/www.instagram.com\/miomiorun\/"]}]}},"_links":{"self":[{"href":"https:\/\/www.miomiorun.com\/es\/wp-json\/wp\/v2\/product\/309652","targetHints":{"allow":["GET"]}}],"collection":[{"href":"https:\/\/www.miomiorun.com\/es\/wp-json\/wp\/v2\/product"}],"about":[{"href":"https:\/\/www.miomiorun.com\/es\/wp-json\/wp\/v2\/types\/product"}],"wp:featuredmedia":[{"embeddable":true,"href":"https:\/\/www.miomiorun.com\/es\/wp-json\/wp\/v2\/media\/340932"}],"wp:attachment":[{"href":"https:\/\/www.miomiorun.com\/es\/wp-json\/wp\/v2\/media?parent=309652"}],"wp:term":[{"taxonomy":"product_brand","embeddable":true,"href":"https:\/\/www.miomiorun.com\/es\/wp-json\/wp\/v2\/product_brand?post=309652"},{"taxonomy":"product_cat","embeddable":true,"href":"https:\/\/www.miomiorun.com\/es\/wp-json\/wp\/v2\/product_cat?post=309652"},{"taxonomy":"product_tag","embeddable":true,"href":"https:\/\/www.miomiorun.com\/es\/wp-json\/wp\/v2\/product_tag?post=309652"}],"curies":[{"name":"wp","href":"https:\/\/api.w.org\/{rel}","templated":true}]}}