{"id":308915,"date":"2025-05-02T16:15:04","date_gmt":"2025-05-02T14:15:04","guid":{"rendered":"https:\/\/miomiorun.com\/?post_type=product&#038;p=308915"},"modified":"2026-02-25T10:44:20","modified_gmt":"2026-02-25T09:44:20","slug":"infinite-pro-2-hombre","status":"publish","type":"product","link":"https:\/\/www.miomiorun.com\/es\/producto\/infinite-pro-2-hombre\/","title":{"rendered":"Infinite Pro 2 hombre"},"content":{"rendered":"<div class=\"vc-row container\"><div class=\"vc-column\"><div class=\"vc-column-text\"><\/p>\n<h4>Especificaciones t\u00e9cnicas<\/h4>\n<p>Categor\u00eda: Amortiguaci\u00f3n superior.<br \/>\nOffset: 8 mm<br \/>\nPeso: 306 g<br \/>\nIdeal para: corredores con pisada neutra que buscan un modelo capaz de proporcionar una buena amortiguaci\u00f3n y una excelente versatilidad para correr y caminar en distancias largas o medias.<br \/>\nPeso del atleta: 75 kg<br \/>\nRitmo de carrera: medio (5 min\/km)<br \/>\n<a href=\"https:\/\/miomiorun.com\/es\/guia-especifica\/\">Gu\u00eda de especificaciones t\u00e9cnicas<\/a><\/p>\n<p><\/div><\/div><div class=\"vc-column\"><div class=\"vc-column-text\"><\/p>\n<p class=\"\" data-start=\"207\" data-end=\"523\">Si tu objetivo es superarte cada vez m\u00e1s, las <strong data-start=\"260\" data-end=\"279\">UA Infinite Pro 2<\/strong> son las zapatillas de running perfectas para ti. Dise\u00f1adas para entrenamientos de resistencia y largas distancias, combinan comodidad, sujeci\u00f3n y una amortiguaci\u00f3n ultrarreactiva para reducir la fatiga y mantener un alto nivel de rendimiento.<\/p>\n<p class=\"\" data-start=\"525\" data-end=\"794\">La parte superior de <strong data-start=\"538\" data-end=\"562\">malla t\u00e9cnica ligera<\/strong> garantiza transpirabilidad y comodidad constante, incluso despu\u00e9s de muchos kil\u00f3metros. El dise\u00f1o anat\u00f3mico del tal\u00f3n asegura <strong data-start=\"679\" data-end=\"711\">aterrizajes suaves y estables<\/strong>, mientras que el cuello y la leng\u00fceta acolchados mejoran a\u00fan m\u00e1s el ajuste.<\/p>\n<p class=\"\" data-start=\"796\" data-end=\"1162\">El coraz\u00f3n tecnol\u00f3gico de la zapatilla es la nueva <strong data-start=\"841\" data-end=\"853\">UA HOVR+<\/strong>, una amortiguaci\u00f3n reactiva que reduce el impacto y devuelve energ\u00eda en cada paso, impuls\u00e1ndote cada vez m\u00e1s hacia adelante. La entresuela de espuma EVA de doble densidad y la suela de goma estrat\u00e9gicamente dise\u00f1ada completan el conjunto, ofreciendo <strong data-start=\"1093\" data-end=\"1161\">resistencia, ligereza y un retorno de energ\u00eda donde m\u00e1s se necesita<\/strong>.<\/p>\n<h4 class=\"\" data-start=\"1169\" data-end=\"1205\"><strong data-start=\"1174\" data-end=\"1205\">Caracter\u00edsticas principales:<\/strong><\/h4>\n<ul data-start=\"1206\" data-end=\"1574\">\n<li class=\"\" data-start=\"1206\" data-end=\"1258\">\n<p class=\"\" data-start=\"1208\" data-end=\"1258\">Parte superior de <strong data-start=\"1218\" data-end=\"1234\">malla t\u00e9cnica<\/strong> transpirable y ligera<\/p>\n<\/li>\n<li class=\"\" data-start=\"1259\" data-end=\"1306\">\n<p class=\"\" data-start=\"1261\" data-end=\"1306\">Amortiguaci\u00f3n <strong data-start=\"1277\" data-end=\"1304\">UA HOVR+ ultrarreactiva<\/strong><\/p>\n<\/li>\n<li class=\"\" data-start=\"1307\" data-end=\"1372\">\n<p class=\"\" data-start=\"1309\" data-end=\"1372\">Entresuela de <strong data-start=\"1323\" data-end=\"1347\">EVA de doble densidad<\/strong> para aterrizajes suaves<\/p>\n<\/li>\n<li class=\"\" data-start=\"1373\" data-end=\"1453\">\n<p class=\"\" data-start=\"1375\" data-end=\"1453\">Suela de goma resistente y ligera con <strong data-start=\"1415\" data-end=\"1451\">excelente agarre y retorno de energ\u00eda<\/strong><\/p>\n<\/li>\n<li class=\"\" data-start=\"1454\" data-end=\"1528\">\n<p class=\"\" data-start=\"1456\" data-end=\"1528\">Tal\u00f3n dise\u00f1ado para <strong data-start=\"1479\" data-end=\"1506\">mejorar la estabilidad<\/strong> y reducir el impacto<\/p>\n<\/li>\n<\/ul>\n<p>&nbsp;<\/p>\n<p class=\"\" data-start=\"1581\" data-end=\"1699\">Cuando el cansancio se haga notar, ser\u00e1n las <strong data-start=\"1624\" data-end=\"1643\">UA Infinite Pro 2&nbsp;<\/strong>las que te empujen m\u00e1s all\u00e1.<br data-start=\"1662\" data-end=\"1665\"><strong data-start=\"1665\" data-end=\"1699\">\u00bfEst\u00e1s lista para marcar el ritmo?<\/strong><\/p>\n<p><\/div><\/div><\/div>\n","protected":false},"excerpt":{"rendered":"<ul>\n<li>UA HOVR+ ultrarreactiva<\/li>\n<li>EVA de doble densidad<\/li>\n<li>malla t\u00e9cnica ligera<\/li>\n<\/ul>\n","protected":false},"featured_media":377195,"template":"","meta":{"_acf_changed":false,"inline_featured_image":false},"product_brand":[],"product_cat":[24454,24453],"product_tag":[23529,23573],"class_list":{"0":"post-308915","1":"product","2":"type-product","3":"status-publish","4":"has-post-thumbnail","6":"product_cat-calzado-para-hombre","7":"product_cat-neutre-es-3","8":"product_tag-under-armour-es","9":"product_tag-under-armour-hombre","10":"pa_attivita-caminar","11":"pa_attivita-fitness-es","12":"pa_attivita-running-es","13":"pa_colore-infinite-pro-2-black-hyper-green-es","14":"pa_marca-under-armour-es","15":"pa_sesso-hombre","16":"pa_size-42-5-es","17":"pa_size-46-es","19":"first","20":"instock","21":"sale","22":"taxable","23":"shipping-taxable","24":"purchasable","25":"product-type-variable","26":"wvs-archive-product-wrapper"},"acf":[],"yoast_head":"<!-- This site is optimized with the Yoast SEO plugin v26.8 - https:\/\/yoast.com\/product\/yoast-seo-wordpress\/ -->\n<title>Under Armour Infinite Pro 2 hombre -zapatillas de correr - MioMioRun.com<\/title>\n<meta name=\"description\" content=\"Las zapatillas de running UA Infinite Pro 2: m\u00e1ximo apoyo y amortiguaci\u00f3n UA HOVR+ para una resistencia, comodidad y rendimiento superiores en largas distancias.\" \/>\n<meta name=\"robots\" content=\"index, follow, max-snippet:-1, max-image-preview:large, max-video-preview:-1\" \/>\n<link rel=\"canonical\" href=\"https:\/\/www.miomiorun.com\/es\/producto\/infinite-pro-2-hombre\/\" \/>\n<meta property=\"og:locale\" content=\"es_ES\" \/>\n<meta property=\"og:type\" content=\"article\" \/>\n<meta property=\"og:title\" content=\"Under Armour Infinite Pro 2 hombre -zapatillas de correr - MioMioRun.com\" \/>\n<meta property=\"og:description\" content=\"Las zapatillas de running UA Infinite Pro 2: m\u00e1ximo apoyo y amortiguaci\u00f3n UA HOVR+ para una resistencia, comodidad y rendimiento superiores en largas distancias.\" \/>\n<meta property=\"og:url\" content=\"https:\/\/www.miomiorun.com\/es\/producto\/infinite-pro-2-hombre\/\" \/>\n<meta property=\"og:site_name\" content=\"MioMioRun\" \/>\n<meta property=\"article:publisher\" content=\"https:\/\/www.facebook.com\/miomiorun\/\" \/>\n<meta property=\"article:modified_time\" content=\"2026-02-25T09:44:20+00:00\" \/>\n<meta property=\"og:image\" content=\"https:\/\/www.miomiorun.com\/app\/uploads\/2025\/12\/under-armour-Infinite-Pro-2-black-hyper-green-3028168-0005.webp\" \/>\n\t<meta property=\"og:image:width\" content=\"720\" \/>\n\t<meta property=\"og:image:height\" content=\"720\" \/>\n\t<meta property=\"og:image:type\" content=\"image\/webp\" \/>\n<meta name=\"twitter:card\" content=\"summary_large_image\" \/>\n<meta name=\"twitter:label1\" content=\"Est. reading time\" \/>\n\t<meta name=\"twitter:data1\" content=\"2 minutes\" \/>\n<script type=\"application\/ld+json\" class=\"yoast-schema-graph\">{\"@context\":\"https:\/\/schema.org\",\"@graph\":[{\"@type\":\"WebPage\",\"@id\":\"https:\/\/www.miomiorun.com\/es\/producto\/infinite-pro-2-hombre\/\",\"url\":\"https:\/\/www.miomiorun.com\/es\/producto\/infinite-pro-2-hombre\/\",\"name\":\"Under Armour Infinite Pro 2 hombre -zapatillas de correr - MioMioRun.com\",\"isPartOf\":{\"@id\":\"https:\/\/www.miomiorun.com\/es\/#website\"},\"primaryImageOfPage\":{\"@id\":\"https:\/\/www.miomiorun.com\/es\/producto\/infinite-pro-2-hombre\/#primaryimage\"},\"image\":{\"@id\":\"https:\/\/www.miomiorun.com\/es\/producto\/infinite-pro-2-hombre\/#primaryimage\"},\"thumbnailUrl\":\"https:\/\/www.miomiorun.com\/app\/uploads\/2025\/12\/under-armour-Infinite-Pro-2-black-hyper-green-3028168-0005.webp\",\"datePublished\":\"2025-05-02T14:15:04+00:00\",\"dateModified\":\"2026-02-25T09:44:20+00:00\",\"description\":\"Las zapatillas de running UA Infinite Pro 2: m\u00e1ximo apoyo y amortiguaci\u00f3n UA HOVR+ para una resistencia, comodidad y rendimiento superiores en largas distancias.\",\"breadcrumb\":{\"@id\":\"https:\/\/www.miomiorun.com\/es\/producto\/infinite-pro-2-hombre\/#breadcrumb\"},\"inLanguage\":\"es-ES\",\"potentialAction\":[{\"@type\":\"ReadAction\",\"target\":[\"https:\/\/www.miomiorun.com\/es\/producto\/infinite-pro-2-hombre\/\"]}]},{\"@type\":\"ImageObject\",\"inLanguage\":\"es-ES\",\"@id\":\"https:\/\/www.miomiorun.com\/es\/producto\/infinite-pro-2-hombre\/#primaryimage\",\"url\":\"https:\/\/www.miomiorun.com\/app\/uploads\/2025\/12\/under-armour-Infinite-Pro-2-black-hyper-green-3028168-0005.webp\",\"contentUrl\":\"https:\/\/www.miomiorun.com\/app\/uploads\/2025\/12\/under-armour-Infinite-Pro-2-black-hyper-green-3028168-0005.webp\",\"width\":720,\"height\":720,\"caption\":\"under armour Infinite Pro 2 black hyper green 3028168-0005\"},{\"@type\":\"BreadcrumbList\",\"@id\":\"https:\/\/www.miomiorun.com\/es\/producto\/infinite-pro-2-hombre\/#breadcrumb\",\"itemListElement\":[{\"@type\":\"ListItem\",\"position\":1,\"name\":\"Home\",\"item\":\"https:\/\/www.miomiorun.com\/es\/\"},{\"@type\":\"ListItem\",\"position\":2,\"name\":\"Shop\",\"item\":\"https:\/\/www.miomiorun.com\/shop\/\"},{\"@type\":\"ListItem\",\"position\":3,\"name\":\"Infinite Pro 2 hombre\"}]},{\"@type\":\"WebSite\",\"@id\":\"https:\/\/www.miomiorun.com\/es\/#website\",\"url\":\"https:\/\/www.miomiorun.com\/es\/\",\"name\":\"MioMioRun\",\"description\":\"Tienda 100% running y trail\",\"publisher\":{\"@id\":\"https:\/\/www.miomiorun.com\/es\/#organization\"},\"potentialAction\":[{\"@type\":\"SearchAction\",\"target\":{\"@type\":\"EntryPoint\",\"urlTemplate\":\"https:\/\/www.miomiorun.com\/es\/?s={search_term_string}\"},\"query-input\":{\"@type\":\"PropertyValueSpecification\",\"valueRequired\":true,\"valueName\":\"search_term_string\"}}],\"inLanguage\":\"es-ES\"},{\"@type\":\"Organization\",\"@id\":\"https:\/\/www.miomiorun.com\/es\/#organization\",\"name\":\"MioMio Run\",\"url\":\"https:\/\/www.miomiorun.com\/es\/\",\"logo\":{\"@type\":\"ImageObject\",\"inLanguage\":\"es-ES\",\"@id\":\"https:\/\/www.miomiorun.com\/es\/#\/schema\/logo\/image\/\",\"url\":\"https:\/\/www.miomiorun.com\/app\/uploads\/2019\/12\/logomio.png\",\"contentUrl\":\"https:\/\/www.miomiorun.com\/app\/uploads\/2019\/12\/logomio.png\",\"width\":115,\"height\":82,\"caption\":\"MioMio Run\"},\"image\":{\"@id\":\"https:\/\/www.miomiorun.com\/es\/#\/schema\/logo\/image\/\"},\"sameAs\":[\"https:\/\/www.facebook.com\/miomiorun\/\",\"https:\/\/www.instagram.com\/miomiorun\/\"]}]}<\/script>\n<!-- \/ Yoast SEO plugin. -->","yoast_head_json":{"title":"Under Armour Infinite Pro 2 hombre -zapatillas de correr - MioMioRun.com","description":"Las zapatillas de running UA Infinite Pro 2: m\u00e1ximo apoyo y amortiguaci\u00f3n UA HOVR+ para una resistencia, comodidad y rendimiento superiores en largas distancias.","robots":{"index":"index","follow":"follow","max-snippet":"max-snippet:-1","max-image-preview":"max-image-preview:large","max-video-preview":"max-video-preview:-1"},"canonical":"https:\/\/www.miomiorun.com\/es\/producto\/infinite-pro-2-hombre\/","og_locale":"es_ES","og_type":"article","og_title":"Under Armour Infinite Pro 2 hombre -zapatillas de correr - MioMioRun.com","og_description":"Las zapatillas de running UA Infinite Pro 2: m\u00e1ximo apoyo y amortiguaci\u00f3n UA HOVR+ para una resistencia, comodidad y rendimiento superiores en largas distancias.","og_url":"https:\/\/www.miomiorun.com\/es\/producto\/infinite-pro-2-hombre\/","og_site_name":"MioMioRun","article_publisher":"https:\/\/www.facebook.com\/miomiorun\/","article_modified_time":"2026-02-25T09:44:20+00:00","og_image":[{"width":720,"height":720,"url":"https:\/\/www.miomiorun.com\/app\/uploads\/2025\/12\/under-armour-Infinite-Pro-2-black-hyper-green-3028168-0005.webp","type":"image\/webp"}],"twitter_card":"summary_large_image","twitter_misc":{"Est. reading time":"2 minutes"},"schema":{"@context":"https:\/\/schema.org","@graph":[{"@type":"WebPage","@id":"https:\/\/www.miomiorun.com\/es\/producto\/infinite-pro-2-hombre\/","url":"https:\/\/www.miomiorun.com\/es\/producto\/infinite-pro-2-hombre\/","name":"Under Armour Infinite Pro 2 hombre -zapatillas de correr - MioMioRun.com","isPartOf":{"@id":"https:\/\/www.miomiorun.com\/es\/#website"},"primaryImageOfPage":{"@id":"https:\/\/www.miomiorun.com\/es\/producto\/infinite-pro-2-hombre\/#primaryimage"},"image":{"@id":"https:\/\/www.miomiorun.com\/es\/producto\/infinite-pro-2-hombre\/#primaryimage"},"thumbnailUrl":"https:\/\/www.miomiorun.com\/app\/uploads\/2025\/12\/under-armour-Infinite-Pro-2-black-hyper-green-3028168-0005.webp","datePublished":"2025-05-02T14:15:04+00:00","dateModified":"2026-02-25T09:44:20+00:00","description":"Las zapatillas de running UA Infinite Pro 2: m\u00e1ximo apoyo y amortiguaci\u00f3n UA HOVR+ para una resistencia, comodidad y rendimiento superiores en largas distancias.","breadcrumb":{"@id":"https:\/\/www.miomiorun.com\/es\/producto\/infinite-pro-2-hombre\/#breadcrumb"},"inLanguage":"es-ES","potentialAction":[{"@type":"ReadAction","target":["https:\/\/www.miomiorun.com\/es\/producto\/infinite-pro-2-hombre\/"]}]},{"@type":"ImageObject","inLanguage":"es-ES","@id":"https:\/\/www.miomiorun.com\/es\/producto\/infinite-pro-2-hombre\/#primaryimage","url":"https:\/\/www.miomiorun.com\/app\/uploads\/2025\/12\/under-armour-Infinite-Pro-2-black-hyper-green-3028168-0005.webp","contentUrl":"https:\/\/www.miomiorun.com\/app\/uploads\/2025\/12\/under-armour-Infinite-Pro-2-black-hyper-green-3028168-0005.webp","width":720,"height":720,"caption":"under armour Infinite Pro 2 black hyper green 3028168-0005"},{"@type":"BreadcrumbList","@id":"https:\/\/www.miomiorun.com\/es\/producto\/infinite-pro-2-hombre\/#breadcrumb","itemListElement":[{"@type":"ListItem","position":1,"name":"Home","item":"https:\/\/www.miomiorun.com\/es\/"},{"@type":"ListItem","position":2,"name":"Shop","item":"https:\/\/www.miomiorun.com\/shop\/"},{"@type":"ListItem","position":3,"name":"Infinite Pro 2 hombre"}]},{"@type":"WebSite","@id":"https:\/\/www.miomiorun.com\/es\/#website","url":"https:\/\/www.miomiorun.com\/es\/","name":"MioMioRun","description":"Tienda 100% running y trail","publisher":{"@id":"https:\/\/www.miomiorun.com\/es\/#organization"},"potentialAction":[{"@type":"SearchAction","target":{"@type":"EntryPoint","urlTemplate":"https:\/\/www.miomiorun.com\/es\/?s={search_term_string}"},"query-input":{"@type":"PropertyValueSpecification","valueRequired":true,"valueName":"search_term_string"}}],"inLanguage":"es-ES"},{"@type":"Organization","@id":"https:\/\/www.miomiorun.com\/es\/#organization","name":"MioMio Run","url":"https:\/\/www.miomiorun.com\/es\/","logo":{"@type":"ImageObject","inLanguage":"es-ES","@id":"https:\/\/www.miomiorun.com\/es\/#\/schema\/logo\/image\/","url":"https:\/\/www.miomiorun.com\/app\/uploads\/2019\/12\/logomio.png","contentUrl":"https:\/\/www.miomiorun.com\/app\/uploads\/2019\/12\/logomio.png","width":115,"height":82,"caption":"MioMio Run"},"image":{"@id":"https:\/\/www.miomiorun.com\/es\/#\/schema\/logo\/image\/"},"sameAs":["https:\/\/www.facebook.com\/miomiorun\/","https:\/\/www.instagram.com\/miomiorun\/"]}]}},"_links":{"self":[{"href":"https:\/\/www.miomiorun.com\/es\/wp-json\/wp\/v2\/product\/308915","targetHints":{"allow":["GET"]}}],"collection":[{"href":"https:\/\/www.miomiorun.com\/es\/wp-json\/wp\/v2\/product"}],"about":[{"href":"https:\/\/www.miomiorun.com\/es\/wp-json\/wp\/v2\/types\/product"}],"wp:featuredmedia":[{"embeddable":true,"href":"https:\/\/www.miomiorun.com\/es\/wp-json\/wp\/v2\/media\/377195"}],"wp:attachment":[{"href":"https:\/\/www.miomiorun.com\/es\/wp-json\/wp\/v2\/media?parent=308915"}],"wp:term":[{"taxonomy":"product_brand","embeddable":true,"href":"https:\/\/www.miomiorun.com\/es\/wp-json\/wp\/v2\/product_brand?post=308915"},{"taxonomy":"product_cat","embeddable":true,"href":"https:\/\/www.miomiorun.com\/es\/wp-json\/wp\/v2\/product_cat?post=308915"},{"taxonomy":"product_tag","embeddable":true,"href":"https:\/\/www.miomiorun.com\/es\/wp-json\/wp\/v2\/product_tag?post=308915"}],"curies":[{"name":"wp","href":"https:\/\/api.w.org\/{rel}","templated":true}]}}