{"id":308152,"date":"2025-04-23T18:09:52","date_gmt":"2025-04-23T16:09:52","guid":{"rendered":"https:\/\/miomiorun.com\/?post_type=product&#038;p=308152"},"modified":"2026-04-29T09:56:21","modified_gmt":"2026-04-29T07:56:21","slug":"singlet-race-green-hombre","status":"publish","type":"product","link":"https:\/\/www.miomiorun.com\/es\/producto\/singlet-race-green-hombre\/","title":{"rendered":"Singlet race green hombre"},"content":{"rendered":"<p class=\"\" data-start=\"189\" data-end=\"456\">Dise\u00f1ada para quienes buscan lo mejor en las carreras en carretera o en pista, la <strong data-start=\"258\" data-end=\"274\">Race Canotta<\/strong> de Wild Tee representa lo \u00faltimo en ropa t\u00e9cnica para corredores. Es la elecci\u00f3n perfecta para quienes buscan una ligereza extrema, la m\u00e1xima transpirabilidad y una libertad de movimiento total.<\/p>\n<p class=\"\" data-start=\"458\" data-end=\"760\">Confeccionada en <strong data-start=\"472\" data-end=\"527\">tejido Openmesh 3D italiano reciclado postconsumo<\/strong>, esta camiseta sin mangas pesa solo <strong data-start=\"557\" data-end=\"581\">47 gramos (talla M)<\/strong>. El tejido ultraligero y de secado r\u00e1pido garantiza un alto rendimiento incluso durante las competiciones m\u00e1s duras, manteni\u00e9ndote fresco y seco kil\u00f3metro tras kil\u00f3metro.<\/p>\n<p class=\"\" data-start=\"762\" data-end=\"981\">El <strong data-start=\"765\" data-end=\"786\">corte ergon\u00f3mico<\/strong> se adapta a la fisonom\u00eda del atleta, asegurando un ajuste perfecto y la m\u00e1xima movilidad. La <strong data-start=\"882\" data-end=\"916\">fabricaci\u00f3n \u00edntegramente europea<\/strong> cumple con altos est\u00e1ndares en t\u00e9rminos de calidad y sostenibilidad.<\/p>\n<blockquote data-start=\"983\" data-end=\"1143\">\n<p class=\"\" data-start=\"985\" data-end=\"1143\">&nbsp;<em data-start=\"988\" data-end=\"1003\">Nota t\u00e9cnica:<\/em> debido a la delicadeza del tejido, se desaconseja su uso con mochilas de trail (Hydration Vest) o la aplicaci\u00f3n directa del dorsal de carrera.<\/p>\n<p data-start=\"985\" data-end=\"1143\">\n<\/blockquote>\n<p class=\"\" data-start=\"985\" data-end=\"1143\"><strong data-start=\"1154\" data-end=\"1185\">Caracter\u00edsticas principales:<\/strong><\/p>\n<blockquote data-start=\"983\" data-end=\"1143\">\n<ul data-start=\"1186\" data-end=\"1410\">\n<li class=\"\" data-start=\"1186\" data-end=\"1241\">\n<p class=\"\" data-start=\"1188\" data-end=\"1241\">Tejido Openmesh 3D italiano reciclado postconsumo<\/p>\n<\/li>\n<li class=\"\" data-start=\"1242\" data-end=\"1293\">\n<p class=\"\" data-start=\"1244\" data-end=\"1293\">Excepcional transpirabilidad y secado r\u00e1pido<\/p>\n<\/li>\n<li class=\"\" data-start=\"1294\" data-end=\"1330\">\n<p class=\"\" data-start=\"1296\" data-end=\"1330\">Peso pluma: solo 47 g (talla M)<\/p>\n<\/li>\n<li class=\"\" data-start=\"1331\" data-end=\"1384\">\n<p class=\"\" data-start=\"1333\" data-end=\"1384\">Corte ergon\u00f3mico para una libertad de movimiento total<\/p>\n<\/li>\n<li class=\"\" data-start=\"1385\" data-end=\"1410\">\n<p class=\"\" data-start=\"1387\" data-end=\"1410\">Fabricado en la UE<\/p>\n<\/li>\n<\/ul>\n<\/blockquote>\n","protected":false},"excerpt":{"rendered":"<ul>\n<li>Alta transpirabilidad<\/li>\n<li>Suave y c\u00f3moda<\/li>\n<li>Corte ergon\u00f3mico<\/li>\n<\/ul>\n","protected":false},"featured_media":308542,"template":"","meta":{"_acf_changed":false,"inline_featured_image":false},"product_brand":[],"product_cat":[24461,24463],"product_tag":[23527,23571],"class_list":{"0":"post-308152","1":"product","2":"type-product","3":"status-publish","4":"has-post-thumbnail","6":"product_cat-chalecos-es-2","7":"product_cat-ropa-de-hombre-es","8":"product_tag-wild-tee-es","9":"product_tag-wlid-tee-hombre","10":"pa_attivita-caminar","11":"pa_attivita-running-es","12":"pa_attivita-trail-es","13":"pa_marca-wild-tee-es","14":"pa_sesso-hombre","15":"pa_size-small-es","16":"pa_size-medium-es","17":"pa_size-large-es","18":"pa_size-extra-large-es","20":"first","21":"instock","22":"sale","23":"taxable","24":"shipping-taxable","25":"purchasable","26":"product-type-variable","27":"wvs-archive-product-wrapper"},"acf":[],"yoast_head":"<!-- This site is optimized with the Yoast SEO plugin v26.8 - https:\/\/yoast.com\/product\/yoast-seo-wordpress\/ -->\n<title>Wild Tee Singlet race green hombre -Camiseta sin mangas para correr - MioMioRun<\/title>\n<meta name=\"description\" content=\"Camiseta sin mangas Wild Tee Race para hombre, ultraligera, transpirable y de secado r\u00e1pido. Confeccionada con tejido italiano. Ideal para carreras en carretera y entrenamientos\" \/>\n<meta name=\"robots\" content=\"index, follow, max-snippet:-1, max-image-preview:large, max-video-preview:-1\" \/>\n<link rel=\"canonical\" href=\"https:\/\/www.miomiorun.com\/es\/producto\/singlet-race-green-hombre\/\" \/>\n<meta property=\"og:locale\" content=\"es_ES\" \/>\n<meta property=\"og:type\" content=\"article\" \/>\n<meta property=\"og:title\" content=\"Wild Tee Singlet race green hombre -Camiseta sin mangas para correr - MioMioRun\" \/>\n<meta property=\"og:description\" content=\"Camiseta sin mangas Wild Tee Race para hombre, ultraligera, transpirable y de secado r\u00e1pido. Confeccionada con tejido italiano. Ideal para carreras en carretera y entrenamientos\" \/>\n<meta property=\"og:url\" content=\"https:\/\/www.miomiorun.com\/es\/producto\/singlet-race-green-hombre\/\" \/>\n<meta property=\"og:site_name\" content=\"MioMioRun\" \/>\n<meta property=\"article:publisher\" content=\"https:\/\/www.facebook.com\/miomiorun\/\" \/>\n<meta property=\"article:modified_time\" content=\"2026-04-29T07:56:21+00:00\" \/>\n<meta property=\"og:image\" content=\"https:\/\/www.miomiorun.com\/app\/uploads\/2025\/04\/wild-tee-Singlet-M-race-green-WT018WT210.webp\" \/>\n\t<meta property=\"og:image:width\" content=\"600\" \/>\n\t<meta property=\"og:image:height\" content=\"600\" \/>\n\t<meta property=\"og:image:type\" content=\"image\/webp\" \/>\n<meta name=\"twitter:card\" content=\"summary_large_image\" \/>\n<meta name=\"twitter:label1\" content=\"Est. reading time\" \/>\n\t<meta name=\"twitter:data1\" content=\"1 minute\" \/>\n<script type=\"application\/ld+json\" class=\"yoast-schema-graph\">{\"@context\":\"https:\/\/schema.org\",\"@graph\":[{\"@type\":\"WebPage\",\"@id\":\"https:\/\/www.miomiorun.com\/es\/producto\/singlet-race-green-hombre\/\",\"url\":\"https:\/\/www.miomiorun.com\/es\/producto\/singlet-race-green-hombre\/\",\"name\":\"Wild Tee Singlet race green hombre -Camiseta sin mangas para correr - MioMioRun\",\"isPartOf\":{\"@id\":\"https:\/\/www.miomiorun.com\/es\/#website\"},\"primaryImageOfPage\":{\"@id\":\"https:\/\/www.miomiorun.com\/es\/producto\/singlet-race-green-hombre\/#primaryimage\"},\"image\":{\"@id\":\"https:\/\/www.miomiorun.com\/es\/producto\/singlet-race-green-hombre\/#primaryimage\"},\"thumbnailUrl\":\"https:\/\/www.miomiorun.com\/app\/uploads\/2025\/04\/wild-tee-Singlet-M-race-green-WT018WT210.webp\",\"datePublished\":\"2025-04-23T16:09:52+00:00\",\"dateModified\":\"2026-04-29T07:56:21+00:00\",\"description\":\"Camiseta sin mangas Wild Tee Race para hombre, ultraligera, transpirable y de secado r\u00e1pido. Confeccionada con tejido italiano. Ideal para carreras en carretera y entrenamientos\",\"breadcrumb\":{\"@id\":\"https:\/\/www.miomiorun.com\/es\/producto\/singlet-race-green-hombre\/#breadcrumb\"},\"inLanguage\":\"es-ES\",\"potentialAction\":[{\"@type\":\"ReadAction\",\"target\":[\"https:\/\/www.miomiorun.com\/es\/producto\/singlet-race-green-hombre\/\"]}]},{\"@type\":\"ImageObject\",\"inLanguage\":\"es-ES\",\"@id\":\"https:\/\/www.miomiorun.com\/es\/producto\/singlet-race-green-hombre\/#primaryimage\",\"url\":\"https:\/\/www.miomiorun.com\/app\/uploads\/2025\/04\/wild-tee-Singlet-M-race-green-WT018WT210.webp\",\"contentUrl\":\"https:\/\/www.miomiorun.com\/app\/uploads\/2025\/04\/wild-tee-Singlet-M-race-green-WT018WT210.webp\",\"width\":600,\"height\":600,\"caption\":\"wild tee Singlet M race green WT018WT210\"},{\"@type\":\"BreadcrumbList\",\"@id\":\"https:\/\/www.miomiorun.com\/es\/producto\/singlet-race-green-hombre\/#breadcrumb\",\"itemListElement\":[{\"@type\":\"ListItem\",\"position\":1,\"name\":\"Home\",\"item\":\"https:\/\/www.miomiorun.com\/es\/\"},{\"@type\":\"ListItem\",\"position\":2,\"name\":\"Shop\",\"item\":\"https:\/\/www.miomiorun.com\/shop\/\"},{\"@type\":\"ListItem\",\"position\":3,\"name\":\"Singlet race green hombre\"}]},{\"@type\":\"WebSite\",\"@id\":\"https:\/\/www.miomiorun.com\/es\/#website\",\"url\":\"https:\/\/www.miomiorun.com\/es\/\",\"name\":\"MioMioRun\",\"description\":\"Tienda 100% running y trail\",\"publisher\":{\"@id\":\"https:\/\/www.miomiorun.com\/es\/#organization\"},\"potentialAction\":[{\"@type\":\"SearchAction\",\"target\":{\"@type\":\"EntryPoint\",\"urlTemplate\":\"https:\/\/www.miomiorun.com\/es\/?s={search_term_string}\"},\"query-input\":{\"@type\":\"PropertyValueSpecification\",\"valueRequired\":true,\"valueName\":\"search_term_string\"}}],\"inLanguage\":\"es-ES\"},{\"@type\":\"Organization\",\"@id\":\"https:\/\/www.miomiorun.com\/es\/#organization\",\"name\":\"MioMio Run\",\"url\":\"https:\/\/www.miomiorun.com\/es\/\",\"logo\":{\"@type\":\"ImageObject\",\"inLanguage\":\"es-ES\",\"@id\":\"https:\/\/www.miomiorun.com\/es\/#\/schema\/logo\/image\/\",\"url\":\"https:\/\/www.miomiorun.com\/app\/uploads\/2019\/12\/logomio.png\",\"contentUrl\":\"https:\/\/www.miomiorun.com\/app\/uploads\/2019\/12\/logomio.png\",\"width\":115,\"height\":82,\"caption\":\"MioMio Run\"},\"image\":{\"@id\":\"https:\/\/www.miomiorun.com\/es\/#\/schema\/logo\/image\/\"},\"sameAs\":[\"https:\/\/www.facebook.com\/miomiorun\/\",\"https:\/\/www.instagram.com\/miomiorun\/\"]}]}<\/script>\n<!-- \/ Yoast SEO plugin. -->","yoast_head_json":{"title":"Wild Tee Singlet race green hombre -Camiseta sin mangas para correr - MioMioRun","description":"Camiseta sin mangas Wild Tee Race para hombre, ultraligera, transpirable y de secado r\u00e1pido. Confeccionada con tejido italiano. Ideal para carreras en carretera y entrenamientos","robots":{"index":"index","follow":"follow","max-snippet":"max-snippet:-1","max-image-preview":"max-image-preview:large","max-video-preview":"max-video-preview:-1"},"canonical":"https:\/\/www.miomiorun.com\/es\/producto\/singlet-race-green-hombre\/","og_locale":"es_ES","og_type":"article","og_title":"Wild Tee Singlet race green hombre -Camiseta sin mangas para correr - MioMioRun","og_description":"Camiseta sin mangas Wild Tee Race para hombre, ultraligera, transpirable y de secado r\u00e1pido. Confeccionada con tejido italiano. Ideal para carreras en carretera y entrenamientos","og_url":"https:\/\/www.miomiorun.com\/es\/producto\/singlet-race-green-hombre\/","og_site_name":"MioMioRun","article_publisher":"https:\/\/www.facebook.com\/miomiorun\/","article_modified_time":"2026-04-29T07:56:21+00:00","og_image":[{"width":600,"height":600,"url":"https:\/\/www.miomiorun.com\/app\/uploads\/2025\/04\/wild-tee-Singlet-M-race-green-WT018WT210.webp","type":"image\/webp"}],"twitter_card":"summary_large_image","twitter_misc":{"Est. reading time":"1 minute"},"schema":{"@context":"https:\/\/schema.org","@graph":[{"@type":"WebPage","@id":"https:\/\/www.miomiorun.com\/es\/producto\/singlet-race-green-hombre\/","url":"https:\/\/www.miomiorun.com\/es\/producto\/singlet-race-green-hombre\/","name":"Wild Tee Singlet race green hombre -Camiseta sin mangas para correr - MioMioRun","isPartOf":{"@id":"https:\/\/www.miomiorun.com\/es\/#website"},"primaryImageOfPage":{"@id":"https:\/\/www.miomiorun.com\/es\/producto\/singlet-race-green-hombre\/#primaryimage"},"image":{"@id":"https:\/\/www.miomiorun.com\/es\/producto\/singlet-race-green-hombre\/#primaryimage"},"thumbnailUrl":"https:\/\/www.miomiorun.com\/app\/uploads\/2025\/04\/wild-tee-Singlet-M-race-green-WT018WT210.webp","datePublished":"2025-04-23T16:09:52+00:00","dateModified":"2026-04-29T07:56:21+00:00","description":"Camiseta sin mangas Wild Tee Race para hombre, ultraligera, transpirable y de secado r\u00e1pido. Confeccionada con tejido italiano. Ideal para carreras en carretera y entrenamientos","breadcrumb":{"@id":"https:\/\/www.miomiorun.com\/es\/producto\/singlet-race-green-hombre\/#breadcrumb"},"inLanguage":"es-ES","potentialAction":[{"@type":"ReadAction","target":["https:\/\/www.miomiorun.com\/es\/producto\/singlet-race-green-hombre\/"]}]},{"@type":"ImageObject","inLanguage":"es-ES","@id":"https:\/\/www.miomiorun.com\/es\/producto\/singlet-race-green-hombre\/#primaryimage","url":"https:\/\/www.miomiorun.com\/app\/uploads\/2025\/04\/wild-tee-Singlet-M-race-green-WT018WT210.webp","contentUrl":"https:\/\/www.miomiorun.com\/app\/uploads\/2025\/04\/wild-tee-Singlet-M-race-green-WT018WT210.webp","width":600,"height":600,"caption":"wild tee Singlet M race green WT018WT210"},{"@type":"BreadcrumbList","@id":"https:\/\/www.miomiorun.com\/es\/producto\/singlet-race-green-hombre\/#breadcrumb","itemListElement":[{"@type":"ListItem","position":1,"name":"Home","item":"https:\/\/www.miomiorun.com\/es\/"},{"@type":"ListItem","position":2,"name":"Shop","item":"https:\/\/www.miomiorun.com\/shop\/"},{"@type":"ListItem","position":3,"name":"Singlet race green hombre"}]},{"@type":"WebSite","@id":"https:\/\/www.miomiorun.com\/es\/#website","url":"https:\/\/www.miomiorun.com\/es\/","name":"MioMioRun","description":"Tienda 100% running y trail","publisher":{"@id":"https:\/\/www.miomiorun.com\/es\/#organization"},"potentialAction":[{"@type":"SearchAction","target":{"@type":"EntryPoint","urlTemplate":"https:\/\/www.miomiorun.com\/es\/?s={search_term_string}"},"query-input":{"@type":"PropertyValueSpecification","valueRequired":true,"valueName":"search_term_string"}}],"inLanguage":"es-ES"},{"@type":"Organization","@id":"https:\/\/www.miomiorun.com\/es\/#organization","name":"MioMio Run","url":"https:\/\/www.miomiorun.com\/es\/","logo":{"@type":"ImageObject","inLanguage":"es-ES","@id":"https:\/\/www.miomiorun.com\/es\/#\/schema\/logo\/image\/","url":"https:\/\/www.miomiorun.com\/app\/uploads\/2019\/12\/logomio.png","contentUrl":"https:\/\/www.miomiorun.com\/app\/uploads\/2019\/12\/logomio.png","width":115,"height":82,"caption":"MioMio Run"},"image":{"@id":"https:\/\/www.miomiorun.com\/es\/#\/schema\/logo\/image\/"},"sameAs":["https:\/\/www.facebook.com\/miomiorun\/","https:\/\/www.instagram.com\/miomiorun\/"]}]}},"_links":{"self":[{"href":"https:\/\/www.miomiorun.com\/es\/wp-json\/wp\/v2\/product\/308152","targetHints":{"allow":["GET"]}}],"collection":[{"href":"https:\/\/www.miomiorun.com\/es\/wp-json\/wp\/v2\/product"}],"about":[{"href":"https:\/\/www.miomiorun.com\/es\/wp-json\/wp\/v2\/types\/product"}],"wp:featuredmedia":[{"embeddable":true,"href":"https:\/\/www.miomiorun.com\/es\/wp-json\/wp\/v2\/media\/308542"}],"wp:attachment":[{"href":"https:\/\/www.miomiorun.com\/es\/wp-json\/wp\/v2\/media?parent=308152"}],"wp:term":[{"taxonomy":"product_brand","embeddable":true,"href":"https:\/\/www.miomiorun.com\/es\/wp-json\/wp\/v2\/product_brand?post=308152"},{"taxonomy":"product_cat","embeddable":true,"href":"https:\/\/www.miomiorun.com\/es\/wp-json\/wp\/v2\/product_cat?post=308152"},{"taxonomy":"product_tag","embeddable":true,"href":"https:\/\/www.miomiorun.com\/es\/wp-json\/wp\/v2\/product_tag?post=308152"}],"curies":[{"name":"wp","href":"https:\/\/api.w.org\/{rel}","templated":true}]}}