{"id":308116,"date":"2025-04-23T17:07:39","date_gmt":"2025-04-23T15:07:39","guid":{"rendered":"https:\/\/miomiorun.com\/?post_type=product&#038;p=308116"},"modified":"2026-04-28T17:40:22","modified_gmt":"2026-04-28T15:40:22","slug":"t-shirt-race-green-hombre","status":"publish","type":"product","link":"https:\/\/www.miomiorun.com\/es\/producto\/t-shirt-race-green-hombre\/","title":{"rendered":"T-shirt race green hombre"},"content":{"rendered":"<p class=\"\" data-start=\"177\" data-end=\"221\"><strong data-start=\"177\" data-end=\"221\">Rendimiento puro para la carretera y la competici\u00f3n<\/strong><\/p>\n<p class=\"\" data-start=\"223\" data-end=\"519\">La <strong data-start=\"226\" data-end=\"240\">Race Verde<\/strong> representa lo \u00faltimo en innovaci\u00f3n de <strong data-start=\"289\" data-end=\"301\">Wild Tee<\/strong> para la ropa de carrera en carretera y competici\u00f3n. Dise\u00f1ada para los atletas m\u00e1s exigentes, est\u00e1 confeccionada en <strong data-start=\"410\" data-end=\"433\">tejido Openmesh 3D<\/strong> italiano <strong data-start=\"443\" data-end=\"469\">reciclado postconsumo<\/strong>, sin\u00f3nimo de sostenibilidad y alto rendimiento.<\/p>\n<p class=\"\" data-start=\"521\" data-end=\"742\">Ligera como el aire, con solo <strong data-start=\"551\" data-end=\"564\">74 gramos<\/strong> en la talla M, esta camiseta est\u00e1 dise\u00f1ada para garantizar <strong data-start=\"619\" data-end=\"645\">la m\u00e1xima transpirabilidad<\/strong>, <strong data-start=\"647\" data-end=\"674\">un secado rapid\u00edsimo<\/strong> y <strong data-start=\"677\" data-end=\"709\">total libertad de movimientos<\/strong> gracias a su <strong data-start=\"720\" data-end=\"741\">corte ergon\u00f3mico<\/strong>.<\/p>\n<p class=\"\" data-start=\"744\" data-end=\"969\">Llevarla puesta significa olvidarse de que la llevas puesta, incluso en las carreras m\u00e1s intensas. La \u00fanica precauci\u00f3n: para preservar su integridad, <strong data-start=\"878\" data-end=\"928\">se desaconseja su uso con mochilas o chalecos de hidrataci\u00f3n<\/strong>, as\u00ed como la colocaci\u00f3n directa del dorsal.<\/p>\n<h3 class=\"\" data-start=\"976\" data-end=\"1009\"><strong data-start=\"980\" data-end=\"1009\">Caracter\u00edsticas t\u00e9cnicas:<\/strong><\/h3>\n<ul data-start=\"1010\" data-end=\"1220\">\n<li class=\"\" data-start=\"1010\" data-end=\"1060\">\n<p class=\"\" data-start=\"1012\" data-end=\"1060\">Tejido <strong data-start=\"1020\" data-end=\"1044\">Openmesh 3D italiano<\/strong> y <strong data-start=\"1047\" data-end=\"1060\">reciclado<\/strong><\/p>\n<\/li>\n<li class=\"\" data-start=\"1061\" data-end=\"1100\">\n<p class=\"\" data-start=\"1063\" data-end=\"1100\"><strong data-start=\"1063\" data-end=\"1084\">Ultratranspirable<\/strong> y <strong data-start=\"1087\" data-end=\"1100\">de secado r\u00e1pido<\/strong><\/p>\n<\/li>\n<li class=\"\" data-start=\"1101\" data-end=\"1126\">\n<p class=\"\" data-start=\"1103\" data-end=\"1126\">Solo <strong data-start=\"1108\" data-end=\"1115\">74 g<\/strong> (talla M)<\/p>\n<\/li>\n<li class=\"\" data-start=\"1127\" data-end=\"1187\">\n<p class=\"\" data-start=\"1129\" data-end=\"1187\"><strong data-start=\"1129\" data-end=\"1155\">Ajuste ergon\u00f3mico<\/strong> para correr sin restricciones<\/p>\n<\/li>\n<li class=\"\" data-start=\"1188\" data-end=\"1220\">\n<p class=\"\" data-start=\"1190\" data-end=\"1220\">Fabricado en <strong data-start=\"1202\" data-end=\"1220\">la Uni\u00f3n Europea<\/strong><\/p>\n<\/li>\n<\/ul>\n","protected":false},"excerpt":{"rendered":"<ul>\n<li>M\u00e1xima comodidad<\/li>\n<li class=\"\" data-start=\"1256\" data-end=\"1282\">\n<p class=\"\" data-start=\"1258\" data-end=\"1282\">M\u00e1xima transpirabilidad<\/p>\n<\/li>\n<li class=\"\" data-start=\"1283\" data-end=\"1309\">\n<p class=\"\" data-start=\"1285\" data-end=\"1309\">Tejido 100 % reciclado<\/p>\n<\/li>\n<\/ul>\n","protected":false},"featured_media":308426,"template":"","meta":{"_acf_changed":false,"inline_featured_image":false},"product_brand":[],"product_cat":[24455,24463],"product_tag":[23527,23571],"class_list":{"0":"post-308116","1":"product","2":"type-product","3":"status-publish","4":"has-post-thumbnail","6":"product_cat-camiseta-es-2","7":"product_cat-ropa-de-hombre-es","8":"product_tag-wild-tee-es","9":"product_tag-wlid-tee-hombre","10":"pa_attivita-caminar","11":"pa_attivita-running-es","12":"pa_attivita-trail-es","13":"pa_marca-wild-tee-es","14":"pa_sesso-hombre","15":"pa_size-small-es","16":"pa_size-medium-es","17":"pa_size-large-es","18":"pa_size-extra-large-es","20":"first","21":"instock","22":"sale","23":"taxable","24":"shipping-taxable","25":"purchasable","26":"product-type-variable","27":"wvs-archive-product-wrapper"},"acf":[],"yoast_head":"<!-- This site is optimized with the Yoast SEO plugin v26.8 - https:\/\/yoast.com\/product\/yoast-seo-wordpress\/ -->\n<title>Wild Tee T-shirt race green hombre -camiseta de running - MioMioRun.com<\/title>\n<meta name=\"description\" content=\"Descubre el maillot Race verde para hombre de Wild Tee: ultraligero (74 g), transpirable y confeccionado con tejido italiano reciclado. Perfecto para carreras en carretera y entrenamientos.\" \/>\n<meta name=\"robots\" content=\"index, follow, max-snippet:-1, max-image-preview:large, max-video-preview:-1\" \/>\n<link rel=\"canonical\" href=\"https:\/\/www.miomiorun.com\/es\/producto\/t-shirt-race-green-hombre\/\" \/>\n<meta property=\"og:locale\" content=\"es_ES\" \/>\n<meta property=\"og:type\" content=\"article\" \/>\n<meta property=\"og:title\" content=\"Wild Tee T-shirt race green hombre -camiseta de running - MioMioRun.com\" \/>\n<meta property=\"og:description\" content=\"Descubre el maillot Race verde para hombre de Wild Tee: ultraligero (74 g), transpirable y confeccionado con tejido italiano reciclado. Perfecto para carreras en carretera y entrenamientos.\" \/>\n<meta property=\"og:url\" content=\"https:\/\/www.miomiorun.com\/es\/producto\/t-shirt-race-green-hombre\/\" \/>\n<meta property=\"og:site_name\" content=\"MioMioRun\" \/>\n<meta property=\"article:publisher\" content=\"https:\/\/www.facebook.com\/miomiorun\/\" \/>\n<meta property=\"article:modified_time\" content=\"2026-04-28T15:40:22+00:00\" \/>\n<meta property=\"og:image\" content=\"https:\/\/www.miomiorun.com\/app\/uploads\/2025\/04\/wild-tee-T-shirt-M-race-green-WT009WT211.webp\" \/>\n\t<meta property=\"og:image:width\" content=\"600\" \/>\n\t<meta property=\"og:image:height\" content=\"600\" \/>\n\t<meta property=\"og:image:type\" content=\"image\/webp\" \/>\n<meta name=\"twitter:card\" content=\"summary_large_image\" \/>\n<meta name=\"twitter:label1\" content=\"Est. reading time\" \/>\n\t<meta name=\"twitter:data1\" content=\"1 minute\" \/>\n<script type=\"application\/ld+json\" class=\"yoast-schema-graph\">{\"@context\":\"https:\/\/schema.org\",\"@graph\":[{\"@type\":\"WebPage\",\"@id\":\"https:\/\/www.miomiorun.com\/es\/producto\/t-shirt-race-green-hombre\/\",\"url\":\"https:\/\/www.miomiorun.com\/es\/producto\/t-shirt-race-green-hombre\/\",\"name\":\"Wild Tee T-shirt race green hombre -camiseta de running - MioMioRun.com\",\"isPartOf\":{\"@id\":\"https:\/\/www.miomiorun.com\/es\/#website\"},\"primaryImageOfPage\":{\"@id\":\"https:\/\/www.miomiorun.com\/es\/producto\/t-shirt-race-green-hombre\/#primaryimage\"},\"image\":{\"@id\":\"https:\/\/www.miomiorun.com\/es\/producto\/t-shirt-race-green-hombre\/#primaryimage\"},\"thumbnailUrl\":\"https:\/\/www.miomiorun.com\/app\/uploads\/2025\/04\/wild-tee-T-shirt-M-race-green-WT009WT211.webp\",\"datePublished\":\"2025-04-23T15:07:39+00:00\",\"dateModified\":\"2026-04-28T15:40:22+00:00\",\"description\":\"Descubre el maillot Race verde para hombre de Wild Tee: ultraligero (74 g), transpirable y confeccionado con tejido italiano reciclado. Perfecto para carreras en carretera y entrenamientos.\",\"breadcrumb\":{\"@id\":\"https:\/\/www.miomiorun.com\/es\/producto\/t-shirt-race-green-hombre\/#breadcrumb\"},\"inLanguage\":\"es-ES\",\"potentialAction\":[{\"@type\":\"ReadAction\",\"target\":[\"https:\/\/www.miomiorun.com\/es\/producto\/t-shirt-race-green-hombre\/\"]}]},{\"@type\":\"ImageObject\",\"inLanguage\":\"es-ES\",\"@id\":\"https:\/\/www.miomiorun.com\/es\/producto\/t-shirt-race-green-hombre\/#primaryimage\",\"url\":\"https:\/\/www.miomiorun.com\/app\/uploads\/2025\/04\/wild-tee-T-shirt-M-race-green-WT009WT211.webp\",\"contentUrl\":\"https:\/\/www.miomiorun.com\/app\/uploads\/2025\/04\/wild-tee-T-shirt-M-race-green-WT009WT211.webp\",\"width\":600,\"height\":600,\"caption\":\"wild tee T-shirt M race green WT009WT211\"},{\"@type\":\"BreadcrumbList\",\"@id\":\"https:\/\/www.miomiorun.com\/es\/producto\/t-shirt-race-green-hombre\/#breadcrumb\",\"itemListElement\":[{\"@type\":\"ListItem\",\"position\":1,\"name\":\"Home\",\"item\":\"https:\/\/www.miomiorun.com\/es\/\"},{\"@type\":\"ListItem\",\"position\":2,\"name\":\"Shop\",\"item\":\"https:\/\/www.miomiorun.com\/shop\/\"},{\"@type\":\"ListItem\",\"position\":3,\"name\":\"T-shirt race green hombre\"}]},{\"@type\":\"WebSite\",\"@id\":\"https:\/\/www.miomiorun.com\/es\/#website\",\"url\":\"https:\/\/www.miomiorun.com\/es\/\",\"name\":\"MioMioRun\",\"description\":\"Tienda 100% running y trail\",\"publisher\":{\"@id\":\"https:\/\/www.miomiorun.com\/es\/#organization\"},\"potentialAction\":[{\"@type\":\"SearchAction\",\"target\":{\"@type\":\"EntryPoint\",\"urlTemplate\":\"https:\/\/www.miomiorun.com\/es\/?s={search_term_string}\"},\"query-input\":{\"@type\":\"PropertyValueSpecification\",\"valueRequired\":true,\"valueName\":\"search_term_string\"}}],\"inLanguage\":\"es-ES\"},{\"@type\":\"Organization\",\"@id\":\"https:\/\/www.miomiorun.com\/es\/#organization\",\"name\":\"MioMio Run\",\"url\":\"https:\/\/www.miomiorun.com\/es\/\",\"logo\":{\"@type\":\"ImageObject\",\"inLanguage\":\"es-ES\",\"@id\":\"https:\/\/www.miomiorun.com\/es\/#\/schema\/logo\/image\/\",\"url\":\"https:\/\/www.miomiorun.com\/app\/uploads\/2019\/12\/logomio.png\",\"contentUrl\":\"https:\/\/www.miomiorun.com\/app\/uploads\/2019\/12\/logomio.png\",\"width\":115,\"height\":82,\"caption\":\"MioMio Run\"},\"image\":{\"@id\":\"https:\/\/www.miomiorun.com\/es\/#\/schema\/logo\/image\/\"},\"sameAs\":[\"https:\/\/www.facebook.com\/miomiorun\/\",\"https:\/\/www.instagram.com\/miomiorun\/\"]}]}<\/script>\n<!-- \/ Yoast SEO plugin. -->","yoast_head_json":{"title":"Wild Tee T-shirt race green hombre -camiseta de running - MioMioRun.com","description":"Descubre el maillot Race verde para hombre de Wild Tee: ultraligero (74 g), transpirable y confeccionado con tejido italiano reciclado. Perfecto para carreras en carretera y entrenamientos.","robots":{"index":"index","follow":"follow","max-snippet":"max-snippet:-1","max-image-preview":"max-image-preview:large","max-video-preview":"max-video-preview:-1"},"canonical":"https:\/\/www.miomiorun.com\/es\/producto\/t-shirt-race-green-hombre\/","og_locale":"es_ES","og_type":"article","og_title":"Wild Tee T-shirt race green hombre -camiseta de running - MioMioRun.com","og_description":"Descubre el maillot Race verde para hombre de Wild Tee: ultraligero (74 g), transpirable y confeccionado con tejido italiano reciclado. Perfecto para carreras en carretera y entrenamientos.","og_url":"https:\/\/www.miomiorun.com\/es\/producto\/t-shirt-race-green-hombre\/","og_site_name":"MioMioRun","article_publisher":"https:\/\/www.facebook.com\/miomiorun\/","article_modified_time":"2026-04-28T15:40:22+00:00","og_image":[{"width":600,"height":600,"url":"https:\/\/www.miomiorun.com\/app\/uploads\/2025\/04\/wild-tee-T-shirt-M-race-green-WT009WT211.webp","type":"image\/webp"}],"twitter_card":"summary_large_image","twitter_misc":{"Est. reading time":"1 minute"},"schema":{"@context":"https:\/\/schema.org","@graph":[{"@type":"WebPage","@id":"https:\/\/www.miomiorun.com\/es\/producto\/t-shirt-race-green-hombre\/","url":"https:\/\/www.miomiorun.com\/es\/producto\/t-shirt-race-green-hombre\/","name":"Wild Tee T-shirt race green hombre -camiseta de running - MioMioRun.com","isPartOf":{"@id":"https:\/\/www.miomiorun.com\/es\/#website"},"primaryImageOfPage":{"@id":"https:\/\/www.miomiorun.com\/es\/producto\/t-shirt-race-green-hombre\/#primaryimage"},"image":{"@id":"https:\/\/www.miomiorun.com\/es\/producto\/t-shirt-race-green-hombre\/#primaryimage"},"thumbnailUrl":"https:\/\/www.miomiorun.com\/app\/uploads\/2025\/04\/wild-tee-T-shirt-M-race-green-WT009WT211.webp","datePublished":"2025-04-23T15:07:39+00:00","dateModified":"2026-04-28T15:40:22+00:00","description":"Descubre el maillot Race verde para hombre de Wild Tee: ultraligero (74 g), transpirable y confeccionado con tejido italiano reciclado. Perfecto para carreras en carretera y entrenamientos.","breadcrumb":{"@id":"https:\/\/www.miomiorun.com\/es\/producto\/t-shirt-race-green-hombre\/#breadcrumb"},"inLanguage":"es-ES","potentialAction":[{"@type":"ReadAction","target":["https:\/\/www.miomiorun.com\/es\/producto\/t-shirt-race-green-hombre\/"]}]},{"@type":"ImageObject","inLanguage":"es-ES","@id":"https:\/\/www.miomiorun.com\/es\/producto\/t-shirt-race-green-hombre\/#primaryimage","url":"https:\/\/www.miomiorun.com\/app\/uploads\/2025\/04\/wild-tee-T-shirt-M-race-green-WT009WT211.webp","contentUrl":"https:\/\/www.miomiorun.com\/app\/uploads\/2025\/04\/wild-tee-T-shirt-M-race-green-WT009WT211.webp","width":600,"height":600,"caption":"wild tee T-shirt M race green WT009WT211"},{"@type":"BreadcrumbList","@id":"https:\/\/www.miomiorun.com\/es\/producto\/t-shirt-race-green-hombre\/#breadcrumb","itemListElement":[{"@type":"ListItem","position":1,"name":"Home","item":"https:\/\/www.miomiorun.com\/es\/"},{"@type":"ListItem","position":2,"name":"Shop","item":"https:\/\/www.miomiorun.com\/shop\/"},{"@type":"ListItem","position":3,"name":"T-shirt race green hombre"}]},{"@type":"WebSite","@id":"https:\/\/www.miomiorun.com\/es\/#website","url":"https:\/\/www.miomiorun.com\/es\/","name":"MioMioRun","description":"Tienda 100% running y trail","publisher":{"@id":"https:\/\/www.miomiorun.com\/es\/#organization"},"potentialAction":[{"@type":"SearchAction","target":{"@type":"EntryPoint","urlTemplate":"https:\/\/www.miomiorun.com\/es\/?s={search_term_string}"},"query-input":{"@type":"PropertyValueSpecification","valueRequired":true,"valueName":"search_term_string"}}],"inLanguage":"es-ES"},{"@type":"Organization","@id":"https:\/\/www.miomiorun.com\/es\/#organization","name":"MioMio Run","url":"https:\/\/www.miomiorun.com\/es\/","logo":{"@type":"ImageObject","inLanguage":"es-ES","@id":"https:\/\/www.miomiorun.com\/es\/#\/schema\/logo\/image\/","url":"https:\/\/www.miomiorun.com\/app\/uploads\/2019\/12\/logomio.png","contentUrl":"https:\/\/www.miomiorun.com\/app\/uploads\/2019\/12\/logomio.png","width":115,"height":82,"caption":"MioMio Run"},"image":{"@id":"https:\/\/www.miomiorun.com\/es\/#\/schema\/logo\/image\/"},"sameAs":["https:\/\/www.facebook.com\/miomiorun\/","https:\/\/www.instagram.com\/miomiorun\/"]}]}},"_links":{"self":[{"href":"https:\/\/www.miomiorun.com\/es\/wp-json\/wp\/v2\/product\/308116","targetHints":{"allow":["GET"]}}],"collection":[{"href":"https:\/\/www.miomiorun.com\/es\/wp-json\/wp\/v2\/product"}],"about":[{"href":"https:\/\/www.miomiorun.com\/es\/wp-json\/wp\/v2\/types\/product"}],"wp:featuredmedia":[{"embeddable":true,"href":"https:\/\/www.miomiorun.com\/es\/wp-json\/wp\/v2\/media\/308426"}],"wp:attachment":[{"href":"https:\/\/www.miomiorun.com\/es\/wp-json\/wp\/v2\/media?parent=308116"}],"wp:term":[{"taxonomy":"product_brand","embeddable":true,"href":"https:\/\/www.miomiorun.com\/es\/wp-json\/wp\/v2\/product_brand?post=308116"},{"taxonomy":"product_cat","embeddable":true,"href":"https:\/\/www.miomiorun.com\/es\/wp-json\/wp\/v2\/product_cat?post=308116"},{"taxonomy":"product_tag","embeddable":true,"href":"https:\/\/www.miomiorun.com\/es\/wp-json\/wp\/v2\/product_tag?post=308116"}],"curies":[{"name":"wp","href":"https:\/\/api.w.org\/{rel}","templated":true}]}}