{"id":308017,"date":"2025-04-23T16:42:30","date_gmt":"2025-04-23T14:42:30","guid":{"rendered":"https:\/\/miomiorun.com\/?post_type=product&#038;p=308017"},"modified":"2026-04-28T16:17:49","modified_gmt":"2026-04-28T14:17:49","slug":"antelope-3-0-pantalones-cortos-mujer","status":"publish","type":"product","link":"https:\/\/www.miomiorun.com\/es\/producto\/antelope-3-0-pantalones-cortos-mujer\/","title":{"rendered":"Antelope 3.0 Pantalones cortos mujer"},"content":{"rendered":"<p class=\"\" data-start=\"243\" data-end=\"622\">Ya est\u00e1 aqu\u00ed la nueva versi\u00f3n 3.0 de nuestro \u00e9xito de ventas: <strong data-start=\"295\" data-end=\"315\">las Antelope 3.0<\/strong> se han renovado para ofrecer a\u00fan m\u00e1s libertad de movimiento y comodidad durante tus sesiones de carrera, tanto en la ciudad como por los senderos. Con una <strong data-start=\"462\" data-end=\"496\">longitud ligeramente mayor<\/strong> y un c\u00f3modo <strong data-start=\"509\" data-end=\"542\">pantal\u00f3n interior ajustado 2 en 1<\/strong>, son la elecci\u00f3n ideal para corredores y corredores de trail que no aceptan concesiones.<\/p>\n<p class=\"\" data-start=\"624\" data-end=\"794\">Perfectos para competiciones, entrenamientos intensos o largas salidas por la naturaleza, combinan <strong data-start=\"703\" data-end=\"746\">ligereza, transpirabilidad y resistencia<\/strong>, con un look minimalista y t\u00e9cnico a la vez.<\/p>\n<h3 class=\"\" data-start=\"801\" data-end=\"834\"><strong data-start=\"805\" data-end=\"834\">Caracter\u00edsticas t\u00e9cnicas:<\/strong><\/h3>\n<ul data-start=\"835\" data-end=\"1379\">\n<li class=\"\" data-start=\"835\" data-end=\"960\">\n<p class=\"\" data-start=\"837\" data-end=\"960\"><strong data-start=\"837\" data-end=\"863\">Pantal\u00f3n interior ajustado<\/strong> con costuras invertidas anti-rozaduras, para una comodidad \u00f3ptima incluso tras muchos kil\u00f3metros.<\/p>\n<\/li>\n<li class=\"\" data-start=\"961\" data-end=\"1104\">\n<p class=\"\" data-start=\"963\" data-end=\"1104\"><strong data-start=\"963\" data-end=\"986\">Bolsillos inteligentes<\/strong>: 3 en total \u2013 2 laterales (uno con cremallera YKK) para geles o barritas, y 1 trasero con cremallera YKK para llaves o smartphone.<\/p>\n<\/li>\n<li class=\"\" data-start=\"1105\" data-end=\"1187\">\n<p class=\"\" data-start=\"1107\" data-end=\"1187\"><strong data-start=\"1107\" data-end=\"1125\">Dise\u00f1o europeo<\/strong>: corte ergon\u00f3mico, dise\u00f1ado en Italia, probado en el S\u00e1hara.<\/p>\n<\/li>\n<li class=\"\" data-start=\"1188\" data-end=\"1272\">\n<p class=\"\" data-start=\"1190\" data-end=\"1272\"><strong data-start=\"1190\" data-end=\"1210\">Logotipo reflectante<\/strong> para una mayor visibilidad incluso en condiciones de poca luz.<\/p>\n<\/li>\n<li class=\"\" data-start=\"1273\" data-end=\"1342\">\n<p class=\"\" data-start=\"1275\" data-end=\"1342\"><strong data-start=\"1275\" data-end=\"1297\">Cord\u00f3n ajustable<\/strong> en la cintura a tono con la marca Wild Tee.<\/p>\n<\/li>\n<li class=\"\" data-start=\"1343\" data-end=\"1379\">\n<p class=\"\" data-start=\"1345\" data-end=\"1379\"><strong data-start=\"1345\" data-end=\"1366\">Peso ultraligero<\/strong>: solo 110 g.<\/p>\n<\/li>\n<\/ul>\n<h3 class=\"\" data-start=\"1386\" data-end=\"1412\"><strong data-start=\"1390\" data-end=\"1412\">Por qu\u00e9 elegirlas:<\/strong><\/h3>\n<p class=\"\" data-start=\"1413\" data-end=\"1601\">Si buscas unos pantalones cortos de running t\u00e9cnicos, transpirables y funcionales con un toque del estilo Wild Tee, <strong data-start=\"1516\" data-end=\"1532\">Antelope 3.0<\/strong> son el compa\u00f1ero de entrenamiento perfecto para cualquier corredora decidida.<\/p>\n<p class=\"\" data-start=\"1603\" data-end=\"1653\">\n","protected":false},"excerpt":{"rendered":"<ul data-start=\"835\" data-end=\"1379\">\n<li class=\"\" data-start=\"835\" data-end=\"960\">\n<p class=\"\" data-start=\"837\" data-end=\"960\">Pantalones cortos ajustados<\/p>\n<\/li>\n<li class=\"\" data-start=\"961\" data-end=\"1104\">\n<p class=\"\" data-start=\"963\" data-end=\"1104\">Bolsillos inteligentes<\/p>\n<\/li>\n<li class=\"\" data-start=\"1105\" data-end=\"1187\">\n<p class=\"\" data-start=\"1107\" data-end=\"1187\">Dise\u00f1o europeo<\/p>\n<\/li>\n<\/ul>\n","protected":false},"featured_media":308492,"template":"","meta":{"_acf_changed":false,"inline_featured_image":false},"product_brand":[],"product_cat":[24395,24401],"product_tag":[23527,23624],"class_list":{"0":"post-308017","1":"product","2":"type-product","3":"status-publish","4":"has-post-thumbnail","6":"product_cat-pantalones-cortos","7":"product_cat-ropa-de-mujer","8":"product_tag-wild-tee-es","9":"product_tag-wild-tee-mujer","10":"pa_attivita-caminar","11":"pa_attivita-running-es","12":"pa_attivita-trail-es","13":"pa_colore-antelope-3-0-w-black-es","14":"pa_colore-antelope-3-0-w-fallen-rock","15":"pa_colore-antelope-3-0-w-green-bay-es","16":"pa_marca-wild-tee-es","17":"pa_sesso-mujer","18":"pa_size-extra-small-es","19":"pa_size-small-es","20":"pa_size-medium-es","21":"pa_size-large-es","23":"first","24":"instock","25":"sale","26":"taxable","27":"shipping-taxable","28":"purchasable","29":"product-type-variable","30":"wvs-archive-product-wrapper"},"acf":[],"yoast_head":"<!-- This site is optimized with the Yoast SEO plugin v26.8 - https:\/\/yoast.com\/product\/yoast-seo-wordpress\/ -->\n<title>Wild Tee Antelope 3.0 Pantalones cortos mujer -Pantalones cortos para mujer - MioMioRun<\/title>\n<meta name=\"description\" content=\"Descubre los pantalones cortos de running y trail Antelope 3.0 para mujer: ligeros, transpirables y con un short interior ajustado 2 en 1. Desc\u00fabrelos con nosotros\" \/>\n<meta name=\"robots\" content=\"index, follow, max-snippet:-1, max-image-preview:large, max-video-preview:-1\" \/>\n<link rel=\"canonical\" href=\"https:\/\/www.miomiorun.com\/es\/producto\/antelope-3-0-pantalones-cortos-mujer\/\" \/>\n<meta property=\"og:locale\" content=\"es_ES\" \/>\n<meta property=\"og:type\" content=\"article\" \/>\n<meta property=\"og:title\" content=\"Wild Tee Antelope 3.0 Pantalones cortos mujer -Pantalones cortos para mujer - MioMioRun\" \/>\n<meta property=\"og:description\" content=\"Descubre los pantalones cortos de running y trail Antelope 3.0 para mujer: ligeros, transpirables y con un short interior ajustado 2 en 1. Desc\u00fabrelos con nosotros\" \/>\n<meta property=\"og:url\" content=\"https:\/\/www.miomiorun.com\/es\/producto\/antelope-3-0-pantalones-cortos-mujer\/\" \/>\n<meta property=\"og:site_name\" content=\"MioMioRun\" \/>\n<meta property=\"article:publisher\" content=\"https:\/\/www.facebook.com\/miomiorun\/\" \/>\n<meta property=\"article:modified_time\" content=\"2026-04-28T14:17:49+00:00\" \/>\n<meta property=\"og:image\" content=\"https:\/\/www.miomiorun.com\/app\/uploads\/2025\/04\/wild-tee-Antelope-3.0-W-green-bay-WT210WT08.webp\" \/>\n\t<meta property=\"og:image:width\" content=\"600\" \/>\n\t<meta property=\"og:image:height\" content=\"600\" \/>\n\t<meta property=\"og:image:type\" content=\"image\/webp\" \/>\n<meta name=\"twitter:card\" content=\"summary_large_image\" \/>\n<meta name=\"twitter:label1\" content=\"Est. reading time\" \/>\n\t<meta name=\"twitter:data1\" content=\"1 minute\" \/>\n<script type=\"application\/ld+json\" class=\"yoast-schema-graph\">{\"@context\":\"https:\/\/schema.org\",\"@graph\":[{\"@type\":\"WebPage\",\"@id\":\"https:\/\/www.miomiorun.com\/es\/producto\/antelope-3-0-pantalones-cortos-mujer\/\",\"url\":\"https:\/\/www.miomiorun.com\/es\/producto\/antelope-3-0-pantalones-cortos-mujer\/\",\"name\":\"Wild Tee Antelope 3.0 Pantalones cortos mujer -Pantalones cortos para mujer - MioMioRun\",\"isPartOf\":{\"@id\":\"https:\/\/www.miomiorun.com\/es\/#website\"},\"primaryImageOfPage\":{\"@id\":\"https:\/\/www.miomiorun.com\/es\/producto\/antelope-3-0-pantalones-cortos-mujer\/#primaryimage\"},\"image\":{\"@id\":\"https:\/\/www.miomiorun.com\/es\/producto\/antelope-3-0-pantalones-cortos-mujer\/#primaryimage\"},\"thumbnailUrl\":\"https:\/\/www.miomiorun.com\/app\/uploads\/2025\/04\/wild-tee-Antelope-3.0-W-green-bay-WT210WT08.webp\",\"datePublished\":\"2025-04-23T14:42:30+00:00\",\"dateModified\":\"2026-04-28T14:17:49+00:00\",\"description\":\"Descubre los pantalones cortos de running y trail Antelope 3.0 para mujer: ligeros, transpirables y con un short interior ajustado 2 en 1. Desc\u00fabrelos con nosotros\",\"breadcrumb\":{\"@id\":\"https:\/\/www.miomiorun.com\/es\/producto\/antelope-3-0-pantalones-cortos-mujer\/#breadcrumb\"},\"inLanguage\":\"es-ES\",\"potentialAction\":[{\"@type\":\"ReadAction\",\"target\":[\"https:\/\/www.miomiorun.com\/es\/producto\/antelope-3-0-pantalones-cortos-mujer\/\"]}]},{\"@type\":\"ImageObject\",\"inLanguage\":\"es-ES\",\"@id\":\"https:\/\/www.miomiorun.com\/es\/producto\/antelope-3-0-pantalones-cortos-mujer\/#primaryimage\",\"url\":\"https:\/\/www.miomiorun.com\/app\/uploads\/2025\/04\/wild-tee-Antelope-3.0-W-green-bay-WT210WT08.webp\",\"contentUrl\":\"https:\/\/www.miomiorun.com\/app\/uploads\/2025\/04\/wild-tee-Antelope-3.0-W-green-bay-WT210WT08.webp\",\"width\":600,\"height\":600,\"caption\":\"wild tee Antelope 3.0 W green bay WT210WT08\"},{\"@type\":\"BreadcrumbList\",\"@id\":\"https:\/\/www.miomiorun.com\/es\/producto\/antelope-3-0-pantalones-cortos-mujer\/#breadcrumb\",\"itemListElement\":[{\"@type\":\"ListItem\",\"position\":1,\"name\":\"Home\",\"item\":\"https:\/\/www.miomiorun.com\/es\/\"},{\"@type\":\"ListItem\",\"position\":2,\"name\":\"Shop\",\"item\":\"https:\/\/www.miomiorun.com\/shop\/\"},{\"@type\":\"ListItem\",\"position\":3,\"name\":\"Antelope 3.0 Pantalones cortos mujer\"}]},{\"@type\":\"WebSite\",\"@id\":\"https:\/\/www.miomiorun.com\/es\/#website\",\"url\":\"https:\/\/www.miomiorun.com\/es\/\",\"name\":\"MioMioRun\",\"description\":\"Tienda 100% running y trail\",\"publisher\":{\"@id\":\"https:\/\/www.miomiorun.com\/es\/#organization\"},\"potentialAction\":[{\"@type\":\"SearchAction\",\"target\":{\"@type\":\"EntryPoint\",\"urlTemplate\":\"https:\/\/www.miomiorun.com\/es\/?s={search_term_string}\"},\"query-input\":{\"@type\":\"PropertyValueSpecification\",\"valueRequired\":true,\"valueName\":\"search_term_string\"}}],\"inLanguage\":\"es-ES\"},{\"@type\":\"Organization\",\"@id\":\"https:\/\/www.miomiorun.com\/es\/#organization\",\"name\":\"MioMio Run\",\"url\":\"https:\/\/www.miomiorun.com\/es\/\",\"logo\":{\"@type\":\"ImageObject\",\"inLanguage\":\"es-ES\",\"@id\":\"https:\/\/www.miomiorun.com\/es\/#\/schema\/logo\/image\/\",\"url\":\"https:\/\/www.miomiorun.com\/app\/uploads\/2019\/12\/logomio.png\",\"contentUrl\":\"https:\/\/www.miomiorun.com\/app\/uploads\/2019\/12\/logomio.png\",\"width\":115,\"height\":82,\"caption\":\"MioMio Run\"},\"image\":{\"@id\":\"https:\/\/www.miomiorun.com\/es\/#\/schema\/logo\/image\/\"},\"sameAs\":[\"https:\/\/www.facebook.com\/miomiorun\/\",\"https:\/\/www.instagram.com\/miomiorun\/\"]}]}<\/script>\n<!-- \/ Yoast SEO plugin. -->","yoast_head_json":{"title":"Wild Tee Antelope 3.0 Pantalones cortos mujer -Pantalones cortos para mujer - MioMioRun","description":"Descubre los pantalones cortos de running y trail Antelope 3.0 para mujer: ligeros, transpirables y con un short interior ajustado 2 en 1. Desc\u00fabrelos con nosotros","robots":{"index":"index","follow":"follow","max-snippet":"max-snippet:-1","max-image-preview":"max-image-preview:large","max-video-preview":"max-video-preview:-1"},"canonical":"https:\/\/www.miomiorun.com\/es\/producto\/antelope-3-0-pantalones-cortos-mujer\/","og_locale":"es_ES","og_type":"article","og_title":"Wild Tee Antelope 3.0 Pantalones cortos mujer -Pantalones cortos para mujer - MioMioRun","og_description":"Descubre los pantalones cortos de running y trail Antelope 3.0 para mujer: ligeros, transpirables y con un short interior ajustado 2 en 1. Desc\u00fabrelos con nosotros","og_url":"https:\/\/www.miomiorun.com\/es\/producto\/antelope-3-0-pantalones-cortos-mujer\/","og_site_name":"MioMioRun","article_publisher":"https:\/\/www.facebook.com\/miomiorun\/","article_modified_time":"2026-04-28T14:17:49+00:00","og_image":[{"width":600,"height":600,"url":"https:\/\/www.miomiorun.com\/app\/uploads\/2025\/04\/wild-tee-Antelope-3.0-W-green-bay-WT210WT08.webp","type":"image\/webp"}],"twitter_card":"summary_large_image","twitter_misc":{"Est. reading time":"1 minute"},"schema":{"@context":"https:\/\/schema.org","@graph":[{"@type":"WebPage","@id":"https:\/\/www.miomiorun.com\/es\/producto\/antelope-3-0-pantalones-cortos-mujer\/","url":"https:\/\/www.miomiorun.com\/es\/producto\/antelope-3-0-pantalones-cortos-mujer\/","name":"Wild Tee Antelope 3.0 Pantalones cortos mujer -Pantalones cortos para mujer - MioMioRun","isPartOf":{"@id":"https:\/\/www.miomiorun.com\/es\/#website"},"primaryImageOfPage":{"@id":"https:\/\/www.miomiorun.com\/es\/producto\/antelope-3-0-pantalones-cortos-mujer\/#primaryimage"},"image":{"@id":"https:\/\/www.miomiorun.com\/es\/producto\/antelope-3-0-pantalones-cortos-mujer\/#primaryimage"},"thumbnailUrl":"https:\/\/www.miomiorun.com\/app\/uploads\/2025\/04\/wild-tee-Antelope-3.0-W-green-bay-WT210WT08.webp","datePublished":"2025-04-23T14:42:30+00:00","dateModified":"2026-04-28T14:17:49+00:00","description":"Descubre los pantalones cortos de running y trail Antelope 3.0 para mujer: ligeros, transpirables y con un short interior ajustado 2 en 1. Desc\u00fabrelos con nosotros","breadcrumb":{"@id":"https:\/\/www.miomiorun.com\/es\/producto\/antelope-3-0-pantalones-cortos-mujer\/#breadcrumb"},"inLanguage":"es-ES","potentialAction":[{"@type":"ReadAction","target":["https:\/\/www.miomiorun.com\/es\/producto\/antelope-3-0-pantalones-cortos-mujer\/"]}]},{"@type":"ImageObject","inLanguage":"es-ES","@id":"https:\/\/www.miomiorun.com\/es\/producto\/antelope-3-0-pantalones-cortos-mujer\/#primaryimage","url":"https:\/\/www.miomiorun.com\/app\/uploads\/2025\/04\/wild-tee-Antelope-3.0-W-green-bay-WT210WT08.webp","contentUrl":"https:\/\/www.miomiorun.com\/app\/uploads\/2025\/04\/wild-tee-Antelope-3.0-W-green-bay-WT210WT08.webp","width":600,"height":600,"caption":"wild tee Antelope 3.0 W green bay WT210WT08"},{"@type":"BreadcrumbList","@id":"https:\/\/www.miomiorun.com\/es\/producto\/antelope-3-0-pantalones-cortos-mujer\/#breadcrumb","itemListElement":[{"@type":"ListItem","position":1,"name":"Home","item":"https:\/\/www.miomiorun.com\/es\/"},{"@type":"ListItem","position":2,"name":"Shop","item":"https:\/\/www.miomiorun.com\/shop\/"},{"@type":"ListItem","position":3,"name":"Antelope 3.0 Pantalones cortos mujer"}]},{"@type":"WebSite","@id":"https:\/\/www.miomiorun.com\/es\/#website","url":"https:\/\/www.miomiorun.com\/es\/","name":"MioMioRun","description":"Tienda 100% running y trail","publisher":{"@id":"https:\/\/www.miomiorun.com\/es\/#organization"},"potentialAction":[{"@type":"SearchAction","target":{"@type":"EntryPoint","urlTemplate":"https:\/\/www.miomiorun.com\/es\/?s={search_term_string}"},"query-input":{"@type":"PropertyValueSpecification","valueRequired":true,"valueName":"search_term_string"}}],"inLanguage":"es-ES"},{"@type":"Organization","@id":"https:\/\/www.miomiorun.com\/es\/#organization","name":"MioMio Run","url":"https:\/\/www.miomiorun.com\/es\/","logo":{"@type":"ImageObject","inLanguage":"es-ES","@id":"https:\/\/www.miomiorun.com\/es\/#\/schema\/logo\/image\/","url":"https:\/\/www.miomiorun.com\/app\/uploads\/2019\/12\/logomio.png","contentUrl":"https:\/\/www.miomiorun.com\/app\/uploads\/2019\/12\/logomio.png","width":115,"height":82,"caption":"MioMio Run"},"image":{"@id":"https:\/\/www.miomiorun.com\/es\/#\/schema\/logo\/image\/"},"sameAs":["https:\/\/www.facebook.com\/miomiorun\/","https:\/\/www.instagram.com\/miomiorun\/"]}]}},"_links":{"self":[{"href":"https:\/\/www.miomiorun.com\/es\/wp-json\/wp\/v2\/product\/308017","targetHints":{"allow":["GET"]}}],"collection":[{"href":"https:\/\/www.miomiorun.com\/es\/wp-json\/wp\/v2\/product"}],"about":[{"href":"https:\/\/www.miomiorun.com\/es\/wp-json\/wp\/v2\/types\/product"}],"wp:featuredmedia":[{"embeddable":true,"href":"https:\/\/www.miomiorun.com\/es\/wp-json\/wp\/v2\/media\/308492"}],"wp:attachment":[{"href":"https:\/\/www.miomiorun.com\/es\/wp-json\/wp\/v2\/media?parent=308017"}],"wp:term":[{"taxonomy":"product_brand","embeddable":true,"href":"https:\/\/www.miomiorun.com\/es\/wp-json\/wp\/v2\/product_brand?post=308017"},{"taxonomy":"product_cat","embeddable":true,"href":"https:\/\/www.miomiorun.com\/es\/wp-json\/wp\/v2\/product_cat?post=308017"},{"taxonomy":"product_tag","embeddable":true,"href":"https:\/\/www.miomiorun.com\/es\/wp-json\/wp\/v2\/product_tag?post=308017"}],"curies":[{"name":"wp","href":"https:\/\/api.w.org\/{rel}","templated":true}]}}