{"id":307858,"date":"2025-04-23T16:11:35","date_gmt":"2025-04-23T14:11:35","guid":{"rendered":"https:\/\/miomiorun.com\/?post_type=product&#038;p=307858"},"modified":"2026-04-28T16:19:35","modified_gmt":"2026-04-28T14:19:35","slug":"shorts-everglades-hombre","status":"publish","type":"product","link":"https:\/\/www.miomiorun.com\/es\/producto\/shorts-everglades-hombre\/","title":{"rendered":"Shorts everglades hombre"},"content":{"rendered":"<p class=\"\" data-start=\"263\" data-end=\"676\">Dise\u00f1ados para evocar el encanto atemporal de los pantalones cortos de atletismo y probados en las condiciones extremas de la Marathon des Sables, los <strong data-start=\"412\" data-end=\"426\">Everglades<\/strong> se erigen como un nuevo icono de la ropa t\u00e9cnica para corredores exigentes. <br data-start=\"504\" data-end=\"507\">Como novedad absoluta de la colecci\u00f3n <strong data-start=\"540\" data-end=\"565\">Primavera-Verano 2025<\/strong>, estos pantalones cortos unisex est\u00e1n dise\u00f1ados para ofrecer <strong data-start=\"616\" data-end=\"675\">m\u00e1xima libertad de movimiento, ligereza y funcionalidad<\/strong>.<\/p>\n<p class=\"\" data-start=\"678\" data-end=\"886\">Con un <strong data-start=\"685\" data-end=\"697\">corte para hombre<\/strong> \u2014para las mujeres se recomienda una talla menos\u2014 y una estructura <strong data-start=\"763\" data-end=\"785\">sin braguita interior<\/strong>, son ideales para quienes prefieren un ajuste m\u00e1s holgado o utilizan ropa interior t\u00e9cnica personalizada.<\/p>\n<h4 class=\"\" data-start=\"888\" data-end=\"920\">Caracter\u00edsticas principales:<\/h4>\n<ul data-start=\"921\" data-end=\"1425\">\n<li class=\"\" data-start=\"921\" data-end=\"1004\">\n<p class=\"\" data-start=\"923\" data-end=\"1004\"><strong data-start=\"923\" data-end=\"950\">Dise\u00f1o corto y minimalista<\/strong>, perfecto para carreras intensas por carretera y trails r\u00e1pidos.<\/p>\n<\/li>\n<li class=\"\" data-start=\"1005\" data-end=\"1156\">\n<p class=\"\" data-start=\"1007\" data-end=\"1156\"><strong data-start=\"1007\" data-end=\"1032\">3 bolsillos inteligentes<\/strong>: dos laterales el\u00e1sticos para geles o barritas energ\u00e9ticas + uno trasero con <strong data-start=\"1113\" data-end=\"1124\">cremallera YKK<\/strong> segura para llaves o smartphone.<\/p>\n<\/li>\n<li class=\"\" data-start=\"1157\" data-end=\"1248\">\n<p class=\"\" data-start=\"1159\" data-end=\"1248\"><strong data-start=\"1159\" data-end=\"1189\">Cord\u00f3n ajustable en la cintura<\/strong>, a tono y con el logotipo de la marca, para un ajuste perfecto.<\/p>\n<\/li>\n<li class=\"\" data-start=\"1249\" data-end=\"1342\">\n<p class=\"\" data-start=\"1251\" data-end=\"1342\"><strong data-start=\"1251\" data-end=\"1276\">Logotipos reflectantes 3M\u2122<\/strong> para mayor visibilidad y seguridad en condiciones de poca luz.<\/p>\n<\/li>\n<li class=\"\" data-start=\"1343\" data-end=\"1425\">\n<p class=\"\" data-start=\"1345\" data-end=\"1425\"><strong data-start=\"1345\" data-end=\"1371\">Solo 99 gramos de peso<\/strong> en la talla M: ni siquiera notar\u00e1s que los llevas puestos.<\/p>\n<\/li>\n<\/ul>\n<p class=\"\" data-start=\"1427\" data-end=\"1608\">Fabricados en <strong data-start=\"1441\" data-end=\"1449\">China<\/strong>, desarrollados en <strong data-start=\"1465\" data-end=\"1475\">Italia<\/strong> y probados en los desiertos m\u00e1s extremos: los <strong data-start=\"1515\" data-end=\"1536\">Everglades Shorts<\/strong> est\u00e1n listos para acompa\u00f1arte a cualquier parte, desde la <strong data-start=\"1581\" data-end=\"1607\">carretera hasta el ultra trail<\/strong>.<\/p>\n","protected":false},"excerpt":{"rendered":"<ul>\n<li>Dise\u00f1o compacto y minimalista<\/li>\n<li>3 bolsillos inteligentes<\/li>\n<li>Solo 99 gramos de peso<\/li>\n<\/ul>\n","protected":false},"featured_media":308441,"template":"","meta":{"_acf_changed":false,"inline_featured_image":false},"product_brand":[],"product_cat":[24457,24463],"product_tag":[23527,23571],"class_list":{"0":"post-307858","1":"product","2":"type-product","3":"status-publish","4":"has-post-thumbnail","6":"product_cat-pantalones-cortos-es-2","7":"product_cat-ropa-de-hombre-es","8":"product_tag-wild-tee-es","9":"product_tag-wlid-tee-hombre","10":"pa_attivita-caminar","11":"pa_attivita-fitness-es","12":"pa_attivita-running-es","13":"pa_colore-shorts-m-everglades-black-es","14":"pa_colore-shorts-m-everglades-green-bay","15":"pa_marca-wild-tee-es","16":"pa_sesso-hombre","17":"pa_size-small-es","18":"pa_size-medium-es","19":"pa_size-large-es","20":"pa_size-extra-large-es","22":"first","23":"instock","24":"sale","25":"taxable","26":"shipping-taxable","27":"purchasable","28":"product-type-variable","29":"wvs-archive-product-wrapper"},"acf":[],"yoast_head":"<!-- This site is optimized with the Yoast SEO plugin v26.8 - https:\/\/yoast.com\/product\/yoast-seo-wordpress\/ -->\n<title>Wild Tee Shorts everglades hombre - Pantalones cortos hombre- MioMioRun<\/title>\n<meta name=\"description\" content=\"Pantalones cortos para marat\u00f3n Wild Tee Everglades: ultraligeros, con 3 bolsillos y corte atl\u00e9tico. Sin calzoncillo interior, probados en el S\u00e1hara. Ideales para largas distancias.\" \/>\n<meta name=\"robots\" content=\"index, follow, max-snippet:-1, max-image-preview:large, max-video-preview:-1\" \/>\n<link rel=\"canonical\" href=\"https:\/\/www.miomiorun.com\/es\/producto\/shorts-everglades-hombre\/\" \/>\n<meta property=\"og:locale\" content=\"es_ES\" \/>\n<meta property=\"og:type\" content=\"article\" \/>\n<meta property=\"og:title\" content=\"Wild Tee Shorts everglades hombre - Pantalones cortos hombre- MioMioRun\" \/>\n<meta property=\"og:description\" content=\"Pantalones cortos para marat\u00f3n Wild Tee Everglades: ultraligeros, con 3 bolsillos y corte atl\u00e9tico. Sin calzoncillo interior, probados en el S\u00e1hara. Ideales para largas distancias.\" \/>\n<meta property=\"og:url\" content=\"https:\/\/www.miomiorun.com\/es\/producto\/shorts-everglades-hombre\/\" \/>\n<meta property=\"og:site_name\" content=\"MioMioRun\" \/>\n<meta property=\"article:publisher\" content=\"https:\/\/www.facebook.com\/miomiorun\/\" \/>\n<meta property=\"article:modified_time\" content=\"2026-04-28T14:19:35+00:00\" \/>\n<meta property=\"og:image\" content=\"https:\/\/www.miomiorun.com\/app\/uploads\/2025\/04\/wild-tee-Shorts-M-everglades-black-WT120WT05.webp\" \/>\n\t<meta property=\"og:image:width\" content=\"600\" \/>\n\t<meta property=\"og:image:height\" content=\"600\" \/>\n\t<meta property=\"og:image:type\" content=\"image\/webp\" \/>\n<meta name=\"twitter:card\" content=\"summary_large_image\" \/>\n<meta name=\"twitter:label1\" content=\"Est. reading time\" \/>\n\t<meta name=\"twitter:data1\" content=\"1 minute\" \/>\n<script type=\"application\/ld+json\" class=\"yoast-schema-graph\">{\"@context\":\"https:\/\/schema.org\",\"@graph\":[{\"@type\":\"WebPage\",\"@id\":\"https:\/\/www.miomiorun.com\/es\/producto\/shorts-everglades-hombre\/\",\"url\":\"https:\/\/www.miomiorun.com\/es\/producto\/shorts-everglades-hombre\/\",\"name\":\"Wild Tee Shorts everglades hombre - Pantalones cortos hombre- MioMioRun\",\"isPartOf\":{\"@id\":\"https:\/\/www.miomiorun.com\/es\/#website\"},\"primaryImageOfPage\":{\"@id\":\"https:\/\/www.miomiorun.com\/es\/producto\/shorts-everglades-hombre\/#primaryimage\"},\"image\":{\"@id\":\"https:\/\/www.miomiorun.com\/es\/producto\/shorts-everglades-hombre\/#primaryimage\"},\"thumbnailUrl\":\"https:\/\/www.miomiorun.com\/app\/uploads\/2025\/04\/wild-tee-Shorts-M-everglades-black-WT120WT05.webp\",\"datePublished\":\"2025-04-23T14:11:35+00:00\",\"dateModified\":\"2026-04-28T14:19:35+00:00\",\"description\":\"Pantalones cortos para marat\u00f3n Wild Tee Everglades: ultraligeros, con 3 bolsillos y corte atl\u00e9tico. Sin calzoncillo interior, probados en el S\u00e1hara. Ideales para largas distancias.\",\"breadcrumb\":{\"@id\":\"https:\/\/www.miomiorun.com\/es\/producto\/shorts-everglades-hombre\/#breadcrumb\"},\"inLanguage\":\"es-ES\",\"potentialAction\":[{\"@type\":\"ReadAction\",\"target\":[\"https:\/\/www.miomiorun.com\/es\/producto\/shorts-everglades-hombre\/\"]}]},{\"@type\":\"ImageObject\",\"inLanguage\":\"es-ES\",\"@id\":\"https:\/\/www.miomiorun.com\/es\/producto\/shorts-everglades-hombre\/#primaryimage\",\"url\":\"https:\/\/www.miomiorun.com\/app\/uploads\/2025\/04\/wild-tee-Shorts-M-everglades-black-WT120WT05.webp\",\"contentUrl\":\"https:\/\/www.miomiorun.com\/app\/uploads\/2025\/04\/wild-tee-Shorts-M-everglades-black-WT120WT05.webp\",\"width\":600,\"height\":600,\"caption\":\"wild tee Shorts M everglades black WT120WT05\"},{\"@type\":\"BreadcrumbList\",\"@id\":\"https:\/\/www.miomiorun.com\/es\/producto\/shorts-everglades-hombre\/#breadcrumb\",\"itemListElement\":[{\"@type\":\"ListItem\",\"position\":1,\"name\":\"Home\",\"item\":\"https:\/\/www.miomiorun.com\/es\/\"},{\"@type\":\"ListItem\",\"position\":2,\"name\":\"Shop\",\"item\":\"https:\/\/www.miomiorun.com\/shop\/\"},{\"@type\":\"ListItem\",\"position\":3,\"name\":\"Shorts everglades hombre\"}]},{\"@type\":\"WebSite\",\"@id\":\"https:\/\/www.miomiorun.com\/es\/#website\",\"url\":\"https:\/\/www.miomiorun.com\/es\/\",\"name\":\"MioMioRun\",\"description\":\"Tienda 100% running y trail\",\"publisher\":{\"@id\":\"https:\/\/www.miomiorun.com\/es\/#organization\"},\"potentialAction\":[{\"@type\":\"SearchAction\",\"target\":{\"@type\":\"EntryPoint\",\"urlTemplate\":\"https:\/\/www.miomiorun.com\/es\/?s={search_term_string}\"},\"query-input\":{\"@type\":\"PropertyValueSpecification\",\"valueRequired\":true,\"valueName\":\"search_term_string\"}}],\"inLanguage\":\"es-ES\"},{\"@type\":\"Organization\",\"@id\":\"https:\/\/www.miomiorun.com\/es\/#organization\",\"name\":\"MioMio Run\",\"url\":\"https:\/\/www.miomiorun.com\/es\/\",\"logo\":{\"@type\":\"ImageObject\",\"inLanguage\":\"es-ES\",\"@id\":\"https:\/\/www.miomiorun.com\/es\/#\/schema\/logo\/image\/\",\"url\":\"https:\/\/www.miomiorun.com\/app\/uploads\/2019\/12\/logomio.png\",\"contentUrl\":\"https:\/\/www.miomiorun.com\/app\/uploads\/2019\/12\/logomio.png\",\"width\":115,\"height\":82,\"caption\":\"MioMio Run\"},\"image\":{\"@id\":\"https:\/\/www.miomiorun.com\/es\/#\/schema\/logo\/image\/\"},\"sameAs\":[\"https:\/\/www.facebook.com\/miomiorun\/\",\"https:\/\/www.instagram.com\/miomiorun\/\"]}]}<\/script>\n<!-- \/ Yoast SEO plugin. -->","yoast_head_json":{"title":"Wild Tee Shorts everglades hombre - Pantalones cortos hombre- MioMioRun","description":"Pantalones cortos para marat\u00f3n Wild Tee Everglades: ultraligeros, con 3 bolsillos y corte atl\u00e9tico. Sin calzoncillo interior, probados en el S\u00e1hara. Ideales para largas distancias.","robots":{"index":"index","follow":"follow","max-snippet":"max-snippet:-1","max-image-preview":"max-image-preview:large","max-video-preview":"max-video-preview:-1"},"canonical":"https:\/\/www.miomiorun.com\/es\/producto\/shorts-everglades-hombre\/","og_locale":"es_ES","og_type":"article","og_title":"Wild Tee Shorts everglades hombre - Pantalones cortos hombre- MioMioRun","og_description":"Pantalones cortos para marat\u00f3n Wild Tee Everglades: ultraligeros, con 3 bolsillos y corte atl\u00e9tico. Sin calzoncillo interior, probados en el S\u00e1hara. Ideales para largas distancias.","og_url":"https:\/\/www.miomiorun.com\/es\/producto\/shorts-everglades-hombre\/","og_site_name":"MioMioRun","article_publisher":"https:\/\/www.facebook.com\/miomiorun\/","article_modified_time":"2026-04-28T14:19:35+00:00","og_image":[{"width":600,"height":600,"url":"https:\/\/www.miomiorun.com\/app\/uploads\/2025\/04\/wild-tee-Shorts-M-everglades-black-WT120WT05.webp","type":"image\/webp"}],"twitter_card":"summary_large_image","twitter_misc":{"Est. reading time":"1 minute"},"schema":{"@context":"https:\/\/schema.org","@graph":[{"@type":"WebPage","@id":"https:\/\/www.miomiorun.com\/es\/producto\/shorts-everglades-hombre\/","url":"https:\/\/www.miomiorun.com\/es\/producto\/shorts-everglades-hombre\/","name":"Wild Tee Shorts everglades hombre - Pantalones cortos hombre- MioMioRun","isPartOf":{"@id":"https:\/\/www.miomiorun.com\/es\/#website"},"primaryImageOfPage":{"@id":"https:\/\/www.miomiorun.com\/es\/producto\/shorts-everglades-hombre\/#primaryimage"},"image":{"@id":"https:\/\/www.miomiorun.com\/es\/producto\/shorts-everglades-hombre\/#primaryimage"},"thumbnailUrl":"https:\/\/www.miomiorun.com\/app\/uploads\/2025\/04\/wild-tee-Shorts-M-everglades-black-WT120WT05.webp","datePublished":"2025-04-23T14:11:35+00:00","dateModified":"2026-04-28T14:19:35+00:00","description":"Pantalones cortos para marat\u00f3n Wild Tee Everglades: ultraligeros, con 3 bolsillos y corte atl\u00e9tico. Sin calzoncillo interior, probados en el S\u00e1hara. Ideales para largas distancias.","breadcrumb":{"@id":"https:\/\/www.miomiorun.com\/es\/producto\/shorts-everglades-hombre\/#breadcrumb"},"inLanguage":"es-ES","potentialAction":[{"@type":"ReadAction","target":["https:\/\/www.miomiorun.com\/es\/producto\/shorts-everglades-hombre\/"]}]},{"@type":"ImageObject","inLanguage":"es-ES","@id":"https:\/\/www.miomiorun.com\/es\/producto\/shorts-everglades-hombre\/#primaryimage","url":"https:\/\/www.miomiorun.com\/app\/uploads\/2025\/04\/wild-tee-Shorts-M-everglades-black-WT120WT05.webp","contentUrl":"https:\/\/www.miomiorun.com\/app\/uploads\/2025\/04\/wild-tee-Shorts-M-everglades-black-WT120WT05.webp","width":600,"height":600,"caption":"wild tee Shorts M everglades black WT120WT05"},{"@type":"BreadcrumbList","@id":"https:\/\/www.miomiorun.com\/es\/producto\/shorts-everglades-hombre\/#breadcrumb","itemListElement":[{"@type":"ListItem","position":1,"name":"Home","item":"https:\/\/www.miomiorun.com\/es\/"},{"@type":"ListItem","position":2,"name":"Shop","item":"https:\/\/www.miomiorun.com\/shop\/"},{"@type":"ListItem","position":3,"name":"Shorts everglades hombre"}]},{"@type":"WebSite","@id":"https:\/\/www.miomiorun.com\/es\/#website","url":"https:\/\/www.miomiorun.com\/es\/","name":"MioMioRun","description":"Tienda 100% running y trail","publisher":{"@id":"https:\/\/www.miomiorun.com\/es\/#organization"},"potentialAction":[{"@type":"SearchAction","target":{"@type":"EntryPoint","urlTemplate":"https:\/\/www.miomiorun.com\/es\/?s={search_term_string}"},"query-input":{"@type":"PropertyValueSpecification","valueRequired":true,"valueName":"search_term_string"}}],"inLanguage":"es-ES"},{"@type":"Organization","@id":"https:\/\/www.miomiorun.com\/es\/#organization","name":"MioMio Run","url":"https:\/\/www.miomiorun.com\/es\/","logo":{"@type":"ImageObject","inLanguage":"es-ES","@id":"https:\/\/www.miomiorun.com\/es\/#\/schema\/logo\/image\/","url":"https:\/\/www.miomiorun.com\/app\/uploads\/2019\/12\/logomio.png","contentUrl":"https:\/\/www.miomiorun.com\/app\/uploads\/2019\/12\/logomio.png","width":115,"height":82,"caption":"MioMio Run"},"image":{"@id":"https:\/\/www.miomiorun.com\/es\/#\/schema\/logo\/image\/"},"sameAs":["https:\/\/www.facebook.com\/miomiorun\/","https:\/\/www.instagram.com\/miomiorun\/"]}]}},"_links":{"self":[{"href":"https:\/\/www.miomiorun.com\/es\/wp-json\/wp\/v2\/product\/307858","targetHints":{"allow":["GET"]}}],"collection":[{"href":"https:\/\/www.miomiorun.com\/es\/wp-json\/wp\/v2\/product"}],"about":[{"href":"https:\/\/www.miomiorun.com\/es\/wp-json\/wp\/v2\/types\/product"}],"wp:featuredmedia":[{"embeddable":true,"href":"https:\/\/www.miomiorun.com\/es\/wp-json\/wp\/v2\/media\/308441"}],"wp:attachment":[{"href":"https:\/\/www.miomiorun.com\/es\/wp-json\/wp\/v2\/media?parent=307858"}],"wp:term":[{"taxonomy":"product_brand","embeddable":true,"href":"https:\/\/www.miomiorun.com\/es\/wp-json\/wp\/v2\/product_brand?post=307858"},{"taxonomy":"product_cat","embeddable":true,"href":"https:\/\/www.miomiorun.com\/es\/wp-json\/wp\/v2\/product_cat?post=307858"},{"taxonomy":"product_tag","embeddable":true,"href":"https:\/\/www.miomiorun.com\/es\/wp-json\/wp\/v2\/product_tag?post=307858"}],"curies":[{"name":"wp","href":"https:\/\/api.w.org\/{rel}","templated":true}]}}