{"id":307647,"date":"2025-04-23T15:46:39","date_gmt":"2025-04-23T13:46:39","guid":{"rendered":"https:\/\/miomiorun.com\/?post_type=product&#038;p=307647"},"modified":"2026-04-28T16:13:08","modified_gmt":"2026-04-28T14:13:08","slug":"singlet-race-black-hombre","status":"publish","type":"product","link":"https:\/\/www.miomiorun.com\/es\/producto\/singlet-race-black-hombre\/","title":{"rendered":"Singlet race black hombre"},"content":{"rendered":"<p class=\"\" data-start=\"257\" data-end=\"589\">La <strong data-start=\"260\" data-end=\"295\">camiseta sin mangas Wild Tee en Openmesh 3D<\/strong> es lo \u00faltimo en innovaci\u00f3n de Wild Tee para el running en carretera y la competici\u00f3n. Dise\u00f1ada para quienes buscan <strong data-start=\"414\" data-end=\"456\">un rendimiento extremo con el m\u00ednimo peso<\/strong>, esta camiseta de running de <strong data-start=\"487\" data-end=\"505\">solo 47 gramos<\/strong> (en talla M) es la elecci\u00f3n ideal para corredores y atletas que no aceptan concesiones.<\/p>\n<p class=\"\" data-start=\"591\" data-end=\"979\">Confeccionada con <strong data-start=\"606\" data-end=\"638\">tejido italiano Openmesh 3D<\/strong>, derivado de <strong data-start=\"652\" data-end=\"688\">material reciclado postconsumo<\/strong>, ofrece <strong data-start=\"696\" data-end=\"722\">m\u00e1xima transpirabilidad<\/strong>, <strong data-start=\"724\" data-end=\"750\">secado instant\u00e1neo<\/strong> y una <strong data-start=\"757\" data-end=\"794\">sensaci\u00f3n de frescor continuo<\/strong>, incluso en las condiciones m\u00e1s exigentes. El <strong data-start=\"839\" data-end=\"860\">corte ergon\u00f3mico<\/strong> garantiza una total libertad de movimiento, mientras que la fabricaci\u00f3n \u00edntegramente <strong data-start=\"934\" data-end=\"945\">europea<\/strong> asegura calidad y sostenibilidad.<\/p>\n<h3 class=\"\" data-start=\"986\" data-end=\"1018\">&nbsp;Caracter\u00edsticas t\u00e9cnicas:<\/h3>\n<ul>\n<li data-start=\"1021\" data-end=\"1072\"><strong data-start=\"1026\" data-end=\"1070\">Tejido Openmesh 3D italiano y reciclado<\/strong><\/li>\n<li class=\"\" data-start=\"1073\" data-end=\"1120\">\n<p class=\"\" data-start=\"1075\" data-end=\"1120\"><strong data-start=\"1078\" data-end=\"1092\">Peso pluma<\/strong>: solo <strong data-start=\"1099\" data-end=\"1107\">47 g<\/strong> (talla M)<\/p>\n<\/li>\n<li class=\"\" data-start=\"1121\" data-end=\"1189\">\n<p class=\"\" data-start=\"1123\" data-end=\"1189\"><strong data-start=\"1126\" data-end=\"1147\">S\u00faper transpirable<\/strong> y <strong data-start=\"1150\" data-end=\"1163\">de secado r\u00e1pido<\/strong> para un alto rendimiento<\/p>\n<\/li>\n<li class=\"\" data-start=\"1190\" data-end=\"1252\">\n<p class=\"\" data-start=\"1192\" data-end=\"1252\"><strong data-start=\"1195\" data-end=\"1216\">Corte ergon\u00f3mico<\/strong> para un ajuste preciso y c\u00f3modo<\/p>\n<\/li>\n<li class=\"\" data-start=\"1253\" data-end=\"1308\">\n<p class=\"\" data-start=\"1255\" data-end=\"1308\"><strong data-start=\"1258\" data-end=\"1280\">Fabricado en Europa<\/strong> con materiales sostenibles<\/p>\n<\/li>\n<\/ul>\n<h3 class=\"\" data-start=\"1315\" data-end=\"1338\">Nota importante:<\/h3>\n<p class=\"\" data-start=\"1339\" data-end=\"1478\">Para preservar la integridad del tejido t\u00e9cnico, se <strong data-start=\"1390\" data-end=\"1434\">desaconseja su uso con mochilas de hidrataci\u00f3n<\/strong> y <strong data-start=\"1437\" data-end=\"1477\">la aplicaci\u00f3n directa del dorsal<\/strong>.<\/p>\n<h3 class=\"\" data-start=\"1485\" data-end=\"1511\">&nbsp;Para qui\u00e9n es perfecta:<\/h3>\n<p class=\"\" data-start=\"1512\" data-end=\"1742\">Corredores de carretera y atletas de competici\u00f3n<br data-start=\"1547\" data-end=\"1550\">Quienes buscan <strong data-start=\"1562\" data-end=\"1612\">ligereza absoluta y transpirabilidad superior<\/strong><br data-start=\"1612\" data-end=\"1615\">Aficionados a la ropa t\u00e9cnica <strong data-start=\"1655\" data-end=\"1687\">sostenible y fabricada en Europa<\/strong><br data-start=\"1687\" data-end=\"1690\">Carreras y competiciones en condiciones clim\u00e1ticas c\u00e1lidas<\/p>\n","protected":false},"excerpt":{"rendered":"<ul>\n<li>Alta transpirabilidad<\/li>\n<li>Suave y c\u00f3moda<\/li>\n<li>Corte ergon\u00f3mico<\/li>\n<\/ul>\n","protected":false},"featured_media":308329,"template":"","meta":{"_acf_changed":false,"inline_featured_image":false},"product_brand":[],"product_cat":[24461,24463],"product_tag":[23527,23571],"class_list":{"0":"post-307647","1":"product","2":"type-product","3":"status-publish","4":"has-post-thumbnail","6":"product_cat-chalecos-es-2","7":"product_cat-ropa-de-hombre-es","8":"product_tag-wild-tee-es","9":"product_tag-wlid-tee-hombre","10":"pa_attivita-caminar","11":"pa_attivita-running-es","12":"pa_attivita-trail-es","13":"pa_marca-wild-tee-es","14":"pa_sesso-hombre","15":"pa_size-small-es","16":"pa_size-medium-es","17":"pa_size-large-es","18":"pa_size-extra-large-es","20":"first","21":"instock","22":"sale","23":"taxable","24":"shipping-taxable","25":"purchasable","26":"product-type-variable","27":"wvs-archive-product-wrapper"},"acf":[],"yoast_head":"<!-- This site is optimized with the Yoast SEO plugin v26.8 - https:\/\/yoast.com\/product\/yoast-seo-wordpress\/ -->\n<title>Wild Tee Singlet race black hombre - Camiseta sin mangas para correr - MioMioRun<\/title>\n<meta name=\"description\" content=\"Camiseta de running ultraligera, camiseta de competici\u00f3n Wild Tee, camiseta t\u00e9cnica para correr por carretera, camiseta transpirable de competici\u00f3n para hombre, camiseta de malla abierta reciclada\" \/>\n<meta name=\"robots\" content=\"index, follow, max-snippet:-1, max-image-preview:large, max-video-preview:-1\" \/>\n<link rel=\"canonical\" href=\"https:\/\/www.miomiorun.com\/es\/producto\/singlet-race-black-hombre\/\" \/>\n<meta property=\"og:locale\" content=\"es_ES\" \/>\n<meta property=\"og:type\" content=\"article\" \/>\n<meta property=\"og:title\" content=\"Wild Tee Singlet race black hombre - Camiseta sin mangas para correr - MioMioRun\" \/>\n<meta property=\"og:description\" content=\"Camiseta de running ultraligera, camiseta de competici\u00f3n Wild Tee, camiseta t\u00e9cnica para correr por carretera, camiseta transpirable de competici\u00f3n para hombre, camiseta de malla abierta reciclada\" \/>\n<meta property=\"og:url\" content=\"https:\/\/www.miomiorun.com\/es\/producto\/singlet-race-black-hombre\/\" \/>\n<meta property=\"og:site_name\" content=\"MioMioRun\" \/>\n<meta property=\"article:publisher\" content=\"https:\/\/www.facebook.com\/miomiorun\/\" \/>\n<meta property=\"article:modified_time\" content=\"2026-04-28T14:13:08+00:00\" \/>\n<meta property=\"og:image\" content=\"https:\/\/www.miomiorun.com\/app\/uploads\/2025\/04\/wild-tee-Singlet-M-race-black-WT018WT206.webp\" \/>\n\t<meta property=\"og:image:width\" content=\"600\" \/>\n\t<meta property=\"og:image:height\" content=\"600\" \/>\n\t<meta property=\"og:image:type\" content=\"image\/webp\" \/>\n<meta name=\"twitter:card\" content=\"summary_large_image\" \/>\n<meta name=\"twitter:label1\" content=\"Est. reading time\" \/>\n\t<meta name=\"twitter:data1\" content=\"1 minute\" \/>\n<script type=\"application\/ld+json\" class=\"yoast-schema-graph\">{\"@context\":\"https:\/\/schema.org\",\"@graph\":[{\"@type\":\"WebPage\",\"@id\":\"https:\/\/www.miomiorun.com\/es\/producto\/singlet-race-black-hombre\/\",\"url\":\"https:\/\/www.miomiorun.com\/es\/producto\/singlet-race-black-hombre\/\",\"name\":\"Wild Tee Singlet race black hombre - Camiseta sin mangas para correr - MioMioRun\",\"isPartOf\":{\"@id\":\"https:\/\/www.miomiorun.com\/es\/#website\"},\"primaryImageOfPage\":{\"@id\":\"https:\/\/www.miomiorun.com\/es\/producto\/singlet-race-black-hombre\/#primaryimage\"},\"image\":{\"@id\":\"https:\/\/www.miomiorun.com\/es\/producto\/singlet-race-black-hombre\/#primaryimage\"},\"thumbnailUrl\":\"https:\/\/www.miomiorun.com\/app\/uploads\/2025\/04\/wild-tee-Singlet-M-race-black-WT018WT206.webp\",\"datePublished\":\"2025-04-23T13:46:39+00:00\",\"dateModified\":\"2026-04-28T14:13:08+00:00\",\"description\":\"Camiseta de running ultraligera, camiseta de competici\u00f3n Wild Tee, camiseta t\u00e9cnica para correr por carretera, camiseta transpirable de competici\u00f3n para hombre, camiseta de malla abierta reciclada\",\"breadcrumb\":{\"@id\":\"https:\/\/www.miomiorun.com\/es\/producto\/singlet-race-black-hombre\/#breadcrumb\"},\"inLanguage\":\"es-ES\",\"potentialAction\":[{\"@type\":\"ReadAction\",\"target\":[\"https:\/\/www.miomiorun.com\/es\/producto\/singlet-race-black-hombre\/\"]}]},{\"@type\":\"ImageObject\",\"inLanguage\":\"es-ES\",\"@id\":\"https:\/\/www.miomiorun.com\/es\/producto\/singlet-race-black-hombre\/#primaryimage\",\"url\":\"https:\/\/www.miomiorun.com\/app\/uploads\/2025\/04\/wild-tee-Singlet-M-race-black-WT018WT206.webp\",\"contentUrl\":\"https:\/\/www.miomiorun.com\/app\/uploads\/2025\/04\/wild-tee-Singlet-M-race-black-WT018WT206.webp\",\"width\":600,\"height\":600,\"caption\":\"wild tee Singlet M race black WT018WT206\"},{\"@type\":\"BreadcrumbList\",\"@id\":\"https:\/\/www.miomiorun.com\/es\/producto\/singlet-race-black-hombre\/#breadcrumb\",\"itemListElement\":[{\"@type\":\"ListItem\",\"position\":1,\"name\":\"Home\",\"item\":\"https:\/\/www.miomiorun.com\/es\/\"},{\"@type\":\"ListItem\",\"position\":2,\"name\":\"Shop\",\"item\":\"https:\/\/www.miomiorun.com\/shop\/\"},{\"@type\":\"ListItem\",\"position\":3,\"name\":\"Singlet race black hombre\"}]},{\"@type\":\"WebSite\",\"@id\":\"https:\/\/www.miomiorun.com\/es\/#website\",\"url\":\"https:\/\/www.miomiorun.com\/es\/\",\"name\":\"MioMioRun\",\"description\":\"Tienda 100% running y trail\",\"publisher\":{\"@id\":\"https:\/\/www.miomiorun.com\/es\/#organization\"},\"potentialAction\":[{\"@type\":\"SearchAction\",\"target\":{\"@type\":\"EntryPoint\",\"urlTemplate\":\"https:\/\/www.miomiorun.com\/es\/?s={search_term_string}\"},\"query-input\":{\"@type\":\"PropertyValueSpecification\",\"valueRequired\":true,\"valueName\":\"search_term_string\"}}],\"inLanguage\":\"es-ES\"},{\"@type\":\"Organization\",\"@id\":\"https:\/\/www.miomiorun.com\/es\/#organization\",\"name\":\"MioMio Run\",\"url\":\"https:\/\/www.miomiorun.com\/es\/\",\"logo\":{\"@type\":\"ImageObject\",\"inLanguage\":\"es-ES\",\"@id\":\"https:\/\/www.miomiorun.com\/es\/#\/schema\/logo\/image\/\",\"url\":\"https:\/\/www.miomiorun.com\/app\/uploads\/2019\/12\/logomio.png\",\"contentUrl\":\"https:\/\/www.miomiorun.com\/app\/uploads\/2019\/12\/logomio.png\",\"width\":115,\"height\":82,\"caption\":\"MioMio Run\"},\"image\":{\"@id\":\"https:\/\/www.miomiorun.com\/es\/#\/schema\/logo\/image\/\"},\"sameAs\":[\"https:\/\/www.facebook.com\/miomiorun\/\",\"https:\/\/www.instagram.com\/miomiorun\/\"]}]}<\/script>\n<!-- \/ Yoast SEO plugin. -->","yoast_head_json":{"title":"Wild Tee Singlet race black hombre - Camiseta sin mangas para correr - MioMioRun","description":"Camiseta de running ultraligera, camiseta de competici\u00f3n Wild Tee, camiseta t\u00e9cnica para correr por carretera, camiseta transpirable de competici\u00f3n para hombre, camiseta de malla abierta reciclada","robots":{"index":"index","follow":"follow","max-snippet":"max-snippet:-1","max-image-preview":"max-image-preview:large","max-video-preview":"max-video-preview:-1"},"canonical":"https:\/\/www.miomiorun.com\/es\/producto\/singlet-race-black-hombre\/","og_locale":"es_ES","og_type":"article","og_title":"Wild Tee Singlet race black hombre - Camiseta sin mangas para correr - MioMioRun","og_description":"Camiseta de running ultraligera, camiseta de competici\u00f3n Wild Tee, camiseta t\u00e9cnica para correr por carretera, camiseta transpirable de competici\u00f3n para hombre, camiseta de malla abierta reciclada","og_url":"https:\/\/www.miomiorun.com\/es\/producto\/singlet-race-black-hombre\/","og_site_name":"MioMioRun","article_publisher":"https:\/\/www.facebook.com\/miomiorun\/","article_modified_time":"2026-04-28T14:13:08+00:00","og_image":[{"width":600,"height":600,"url":"https:\/\/www.miomiorun.com\/app\/uploads\/2025\/04\/wild-tee-Singlet-M-race-black-WT018WT206.webp","type":"image\/webp"}],"twitter_card":"summary_large_image","twitter_misc":{"Est. reading time":"1 minute"},"schema":{"@context":"https:\/\/schema.org","@graph":[{"@type":"WebPage","@id":"https:\/\/www.miomiorun.com\/es\/producto\/singlet-race-black-hombre\/","url":"https:\/\/www.miomiorun.com\/es\/producto\/singlet-race-black-hombre\/","name":"Wild Tee Singlet race black hombre - Camiseta sin mangas para correr - MioMioRun","isPartOf":{"@id":"https:\/\/www.miomiorun.com\/es\/#website"},"primaryImageOfPage":{"@id":"https:\/\/www.miomiorun.com\/es\/producto\/singlet-race-black-hombre\/#primaryimage"},"image":{"@id":"https:\/\/www.miomiorun.com\/es\/producto\/singlet-race-black-hombre\/#primaryimage"},"thumbnailUrl":"https:\/\/www.miomiorun.com\/app\/uploads\/2025\/04\/wild-tee-Singlet-M-race-black-WT018WT206.webp","datePublished":"2025-04-23T13:46:39+00:00","dateModified":"2026-04-28T14:13:08+00:00","description":"Camiseta de running ultraligera, camiseta de competici\u00f3n Wild Tee, camiseta t\u00e9cnica para correr por carretera, camiseta transpirable de competici\u00f3n para hombre, camiseta de malla abierta reciclada","breadcrumb":{"@id":"https:\/\/www.miomiorun.com\/es\/producto\/singlet-race-black-hombre\/#breadcrumb"},"inLanguage":"es-ES","potentialAction":[{"@type":"ReadAction","target":["https:\/\/www.miomiorun.com\/es\/producto\/singlet-race-black-hombre\/"]}]},{"@type":"ImageObject","inLanguage":"es-ES","@id":"https:\/\/www.miomiorun.com\/es\/producto\/singlet-race-black-hombre\/#primaryimage","url":"https:\/\/www.miomiorun.com\/app\/uploads\/2025\/04\/wild-tee-Singlet-M-race-black-WT018WT206.webp","contentUrl":"https:\/\/www.miomiorun.com\/app\/uploads\/2025\/04\/wild-tee-Singlet-M-race-black-WT018WT206.webp","width":600,"height":600,"caption":"wild tee Singlet M race black WT018WT206"},{"@type":"BreadcrumbList","@id":"https:\/\/www.miomiorun.com\/es\/producto\/singlet-race-black-hombre\/#breadcrumb","itemListElement":[{"@type":"ListItem","position":1,"name":"Home","item":"https:\/\/www.miomiorun.com\/es\/"},{"@type":"ListItem","position":2,"name":"Shop","item":"https:\/\/www.miomiorun.com\/shop\/"},{"@type":"ListItem","position":3,"name":"Singlet race black hombre"}]},{"@type":"WebSite","@id":"https:\/\/www.miomiorun.com\/es\/#website","url":"https:\/\/www.miomiorun.com\/es\/","name":"MioMioRun","description":"Tienda 100% running y trail","publisher":{"@id":"https:\/\/www.miomiorun.com\/es\/#organization"},"potentialAction":[{"@type":"SearchAction","target":{"@type":"EntryPoint","urlTemplate":"https:\/\/www.miomiorun.com\/es\/?s={search_term_string}"},"query-input":{"@type":"PropertyValueSpecification","valueRequired":true,"valueName":"search_term_string"}}],"inLanguage":"es-ES"},{"@type":"Organization","@id":"https:\/\/www.miomiorun.com\/es\/#organization","name":"MioMio Run","url":"https:\/\/www.miomiorun.com\/es\/","logo":{"@type":"ImageObject","inLanguage":"es-ES","@id":"https:\/\/www.miomiorun.com\/es\/#\/schema\/logo\/image\/","url":"https:\/\/www.miomiorun.com\/app\/uploads\/2019\/12\/logomio.png","contentUrl":"https:\/\/www.miomiorun.com\/app\/uploads\/2019\/12\/logomio.png","width":115,"height":82,"caption":"MioMio Run"},"image":{"@id":"https:\/\/www.miomiorun.com\/es\/#\/schema\/logo\/image\/"},"sameAs":["https:\/\/www.facebook.com\/miomiorun\/","https:\/\/www.instagram.com\/miomiorun\/"]}]}},"_links":{"self":[{"href":"https:\/\/www.miomiorun.com\/es\/wp-json\/wp\/v2\/product\/307647","targetHints":{"allow":["GET"]}}],"collection":[{"href":"https:\/\/www.miomiorun.com\/es\/wp-json\/wp\/v2\/product"}],"about":[{"href":"https:\/\/www.miomiorun.com\/es\/wp-json\/wp\/v2\/types\/product"}],"wp:featuredmedia":[{"embeddable":true,"href":"https:\/\/www.miomiorun.com\/es\/wp-json\/wp\/v2\/media\/308329"}],"wp:attachment":[{"href":"https:\/\/www.miomiorun.com\/es\/wp-json\/wp\/v2\/media?parent=307647"}],"wp:term":[{"taxonomy":"product_brand","embeddable":true,"href":"https:\/\/www.miomiorun.com\/es\/wp-json\/wp\/v2\/product_brand?post=307647"},{"taxonomy":"product_cat","embeddable":true,"href":"https:\/\/www.miomiorun.com\/es\/wp-json\/wp\/v2\/product_cat?post=307647"},{"taxonomy":"product_tag","embeddable":true,"href":"https:\/\/www.miomiorun.com\/es\/wp-json\/wp\/v2\/product_tag?post=307647"}],"curies":[{"name":"wp","href":"https:\/\/api.w.org\/{rel}","templated":true}]}}