{"id":304624,"date":"2025-04-16T10:46:02","date_gmt":"2025-04-16T08:46:02","guid":{"rendered":"https:\/\/miomiorun.com\/?post_type=product&#038;p=304624"},"modified":"2026-04-28T15:32:18","modified_gmt":"2026-04-28T13:32:18","slug":"monitor-de-frecuencia-cardiaca-hrm-200","status":"publish","type":"product","link":"https:\/\/www.miomiorun.com\/es\/producto\/monitor-de-frecuencia-cardiaca-hrm-200\/","title":{"rendered":"Monitor de frecuencia card\u00edaca HRM 200"},"content":{"rendered":"<h3 class=\"\" data-start=\"99\" data-end=\"152\">&nbsp;<strong data-start=\"106\" data-end=\"152\">HRM 200: TUS LATIDOS AL ALCANCE DE LA MU\u00d1ECA<\/strong><\/h3>\n<p class=\"\" data-start=\"154\" data-end=\"550\">Para quienes corren, pedalean o entrenan con pasi\u00f3n, conocer su coraz\u00f3n es fundamental. Con la <strong data-start=\"250\" data-end=\"275\">banda de frecuencia card\u00edaca HRM 200<\/strong> tendr\u00e1s datos fiables y precisos sobre la <strong data-start=\"314\" data-end=\"336\">frecuencia card\u00edaca<\/strong> y la <strong data-start=\"345\" data-end=\"391\">variabilidad de la frecuencia card\u00edaca (VFC)<\/strong> siempre a tu alcance, transmitidos en tiempo real a tus dispositivos Garmin, al ciclocomputador Edge\u00ae, a la app Tacx Training\u2122 y a muchas otras aplicaciones compatibles.<\/p>\n<h3 class=\"\" data-start=\"552\" data-end=\"619\">&nbsp;<strong data-start=\"559\" data-end=\"619\">RENDIMIENTO Y PRECISI\u00d3N, DONDEQUIERA QUE TE LLEVE EL ENTRENAMIENTO<\/strong><\/h3>\n<p class=\"\" data-start=\"620\" data-end=\"860\">Ya sea que est\u00e9s afrontando una carrera larga, una sesi\u00f3n de ciclismo indoor, un entrenamiento funcional o una ruta de senderismo, el <strong data-start=\"731\" data-end=\"742\">HRM 200<\/strong> garantiza lecturas constantes y fiables, ayud\u00e1ndote a monitorizar cada latido para optimizar tu rendimiento.<\/p>\n<h3 class=\"\" data-start=\"862\" data-end=\"890\"><strong data-start=\"869\" data-end=\"890\">COMODIDAD A MEDIDA<\/strong><\/h3>\n<p class=\"\" data-start=\"891\" data-end=\"1125\">Ligero, discreto y <strong data-start=\"911\" data-end=\"940\">disponible en dos tallas<\/strong> (XS-S y M-XL), se adapta perfectamente a la forma de tu cuerpo gracias a la banda suave y ajustable, dise\u00f1ada para ofrecerte la m\u00e1xima comodidad incluso durante las sesiones m\u00e1s intensas.<\/p>\n<h3 class=\"\" data-start=\"1127\" data-end=\"1159\">&nbsp;<strong data-start=\"1134\" data-end=\"1159\">RESISTENTE Y LAVABLE<\/strong><\/h3>\n<p class=\"\" data-start=\"1160\" data-end=\"1354\">Entrena sin preocupaciones: la <strong data-start=\"1188\" data-end=\"1231\">clasificaci\u00f3n de impermeabilidad 3 ATM<\/strong> protege la banda del sudor y la lluvia, mientras que la <strong data-start=\"1282\" data-end=\"1314\">banda lavable a m\u00e1quina<\/strong> hace que el mantenimiento sea pr\u00e1ctico y r\u00e1pido. <\/p>\n<h3 class=\"\" data-start=\"1356\" data-end=\"1393\">&nbsp;<strong data-start=\"1363\" data-end=\"1393\">HASTA 1 A\u00d1O DE AUTONOM\u00cdA<\/strong><\/h3>\n<p class=\"\" data-start=\"1394\" data-end=\"1552\">Gracias a la bater\u00eda sustituible por el usuario con una duraci\u00f3n de hasta <strong data-start=\"1458\" data-end=\"1469\">12 meses<\/strong>, podr\u00e1s concentrarte \u00fanicamente en tus entrenamientos, sin preocuparte por la recarga.<\/p>\n<h3 class=\"\" data-start=\"1554\" data-end=\"1585\">&nbsp;<strong data-start=\"1560\" data-end=\"1585\">CONEXI\u00d3N INMEDIATA<\/strong><\/h3>\n<p class=\"\" data-start=\"1586\" data-end=\"1800\">Un LED integrado te indica cu\u00e1ndo el dispositivo est\u00e1 listo o cu\u00e1ndo es el momento de cambiar la bater\u00eda, mientras que el sistema de emparejamiento simplificado garantiza una conexi\u00f3n r\u00e1pida con tus dispositivos compatibles.<\/p>\n<p class=\"\" data-start=\"1807\" data-end=\"1976\"><strong data-start=\"1807\" data-end=\"1976\">&nbsp;Si buscas una banda de frecuencia card\u00edaca precisa, c\u00f3moda y dise\u00f1ada para acompa\u00f1arte en cada reto, \u00a1la Garmin HRM 200 es la elecci\u00f3n perfecta para tu pr\u00f3ximo entrenamiento!<\/strong><\/p>\n","protected":false},"excerpt":{"rendered":"<p>&nbsp;HRM 200: TUS LATIDOS AL ALCANCE DE LA MU\u00d1ECA Para quienes corren, pedalean o entrenan con pasi\u00f3n, conocer su coraz\u00f3n es fundamental. Con la banda de frecuencia card\u00edaca HRM 200 tendr\u00e1s datos fiables y precisos sobre la frecuencia card\u00edaca y la variabilidad de la frecuencia card\u00edaca (VFC) siempre a tu alcance, transmitidos en tiempo real &hellip; <a href=\"https:\/\/www.miomiorun.com\/es\/producto\/monitor-de-frecuencia-cardiaca-hrm-200\/\">Continued<\/a><\/p>\n","protected":false},"featured_media":308706,"template":"","meta":{"_acf_changed":false,"inline_featured_image":false},"product_brand":[],"product_cat":[24208,22536],"product_tag":[23481],"class_list":{"0":"post-304624","1":"product","2":"type-product","3":"status-publish","4":"has-post-thumbnail","6":"product_cat-accesorios-es","7":"product_cat-garmin-es","8":"product_tag-garmin-es","9":"pa_marca-garmin-es","10":"pa_sesso-hombre","11":"pa_sesso-mujer","12":"pa_size-m-xl-es","13":"pa_size-xs-s-es","15":"first","16":"instock","17":"sale","18":"taxable","19":"shipping-taxable","20":"purchasable","21":"product-type-variable","22":"wvs-archive-product-wrapper"},"acf":[],"yoast_head":"<!-- This site is optimized with the Yoast SEO plugin v26.8 - https:\/\/yoast.com\/product\/yoast-seo-wordpress\/ -->\n<title>Garmin Monitor de frecuencia card\u00edaca HRM 200 - Cinturones de frecuencia card\u00edaca - MioMioRun<\/title>\n<meta name=\"description\" content=\"Descubre el Garmin HRM 200, el monitor de frecuencia card\u00edaca preciso y c\u00f3modo para correr, montar en bicicleta y hacer ejercicio. Conexi\u00f3n en tiempo real, resistente al agua y lavable.\" \/>\n<meta name=\"robots\" content=\"index, follow, max-snippet:-1, max-image-preview:large, max-video-preview:-1\" \/>\n<link rel=\"canonical\" href=\"https:\/\/www.miomiorun.com\/es\/producto\/monitor-de-frecuencia-cardiaca-hrm-200\/\" \/>\n<meta property=\"og:locale\" content=\"es_ES\" \/>\n<meta property=\"og:type\" content=\"article\" \/>\n<meta property=\"og:title\" content=\"Garmin Monitor de frecuencia card\u00edaca HRM 200 - Cinturones de frecuencia card\u00edaca - MioMioRun\" \/>\n<meta property=\"og:description\" content=\"Descubre el Garmin HRM 200, el monitor de frecuencia card\u00edaca preciso y c\u00f3modo para correr, montar en bicicleta y hacer ejercicio. Conexi\u00f3n en tiempo real, resistente al agua y lavable.\" \/>\n<meta property=\"og:url\" content=\"https:\/\/www.miomiorun.com\/es\/producto\/monitor-de-frecuencia-cardiaca-hrm-200\/\" \/>\n<meta property=\"og:site_name\" content=\"MioMioRun\" \/>\n<meta property=\"article:publisher\" content=\"https:\/\/www.facebook.com\/miomiorun\/\" \/>\n<meta property=\"article:modified_time\" content=\"2026-04-28T13:32:18+00:00\" \/>\n<meta property=\"og:image\" content=\"https:\/\/www.miomiorun.com\/app\/uploads\/2025\/04\/garmin-HRM-200-010-13388-00.webp\" \/>\n\t<meta property=\"og:image:width\" content=\"600\" \/>\n\t<meta property=\"og:image:height\" content=\"600\" \/>\n\t<meta property=\"og:image:type\" content=\"image\/webp\" \/>\n<meta name=\"twitter:card\" content=\"summary_large_image\" \/>\n<meta name=\"twitter:label1\" content=\"Est. reading time\" \/>\n\t<meta name=\"twitter:data1\" content=\"2 minutes\" \/>\n<script type=\"application\/ld+json\" class=\"yoast-schema-graph\">{\"@context\":\"https:\/\/schema.org\",\"@graph\":[{\"@type\":\"WebPage\",\"@id\":\"https:\/\/www.miomiorun.com\/es\/producto\/monitor-de-frecuencia-cardiaca-hrm-200\/\",\"url\":\"https:\/\/www.miomiorun.com\/es\/producto\/monitor-de-frecuencia-cardiaca-hrm-200\/\",\"name\":\"Garmin Monitor de frecuencia card\u00edaca HRM 200 - Cinturones de frecuencia card\u00edaca - MioMioRun\",\"isPartOf\":{\"@id\":\"https:\/\/www.miomiorun.com\/es\/#website\"},\"primaryImageOfPage\":{\"@id\":\"https:\/\/www.miomiorun.com\/es\/producto\/monitor-de-frecuencia-cardiaca-hrm-200\/#primaryimage\"},\"image\":{\"@id\":\"https:\/\/www.miomiorun.com\/es\/producto\/monitor-de-frecuencia-cardiaca-hrm-200\/#primaryimage\"},\"thumbnailUrl\":\"https:\/\/www.miomiorun.com\/app\/uploads\/2025\/04\/garmin-HRM-200-010-13388-00.webp\",\"datePublished\":\"2025-04-16T08:46:02+00:00\",\"dateModified\":\"2026-04-28T13:32:18+00:00\",\"description\":\"Descubre el Garmin HRM 200, el monitor de frecuencia card\u00edaca preciso y c\u00f3modo para correr, montar en bicicleta y hacer ejercicio. Conexi\u00f3n en tiempo real, resistente al agua y lavable.\",\"breadcrumb\":{\"@id\":\"https:\/\/www.miomiorun.com\/es\/producto\/monitor-de-frecuencia-cardiaca-hrm-200\/#breadcrumb\"},\"inLanguage\":\"es-ES\",\"potentialAction\":[{\"@type\":\"ReadAction\",\"target\":[\"https:\/\/www.miomiorun.com\/es\/producto\/monitor-de-frecuencia-cardiaca-hrm-200\/\"]}]},{\"@type\":\"ImageObject\",\"inLanguage\":\"es-ES\",\"@id\":\"https:\/\/www.miomiorun.com\/es\/producto\/monitor-de-frecuencia-cardiaca-hrm-200\/#primaryimage\",\"url\":\"https:\/\/www.miomiorun.com\/app\/uploads\/2025\/04\/garmin-HRM-200-010-13388-00.webp\",\"contentUrl\":\"https:\/\/www.miomiorun.com\/app\/uploads\/2025\/04\/garmin-HRM-200-010-13388-00.webp\",\"width\":600,\"height\":600,\"caption\":\"garmin HRM 200 010-13388-00\"},{\"@type\":\"BreadcrumbList\",\"@id\":\"https:\/\/www.miomiorun.com\/es\/producto\/monitor-de-frecuencia-cardiaca-hrm-200\/#breadcrumb\",\"itemListElement\":[{\"@type\":\"ListItem\",\"position\":1,\"name\":\"Home\",\"item\":\"https:\/\/www.miomiorun.com\/es\/\"},{\"@type\":\"ListItem\",\"position\":2,\"name\":\"Shop\",\"item\":\"https:\/\/www.miomiorun.com\/shop\/\"},{\"@type\":\"ListItem\",\"position\":3,\"name\":\"Monitor de frecuencia card\u00edaca HRM 200\"}]},{\"@type\":\"WebSite\",\"@id\":\"https:\/\/www.miomiorun.com\/es\/#website\",\"url\":\"https:\/\/www.miomiorun.com\/es\/\",\"name\":\"MioMioRun\",\"description\":\"Tienda 100% running y trail\",\"publisher\":{\"@id\":\"https:\/\/www.miomiorun.com\/es\/#organization\"},\"potentialAction\":[{\"@type\":\"SearchAction\",\"target\":{\"@type\":\"EntryPoint\",\"urlTemplate\":\"https:\/\/www.miomiorun.com\/es\/?s={search_term_string}\"},\"query-input\":{\"@type\":\"PropertyValueSpecification\",\"valueRequired\":true,\"valueName\":\"search_term_string\"}}],\"inLanguage\":\"es-ES\"},{\"@type\":\"Organization\",\"@id\":\"https:\/\/www.miomiorun.com\/es\/#organization\",\"name\":\"MioMio Run\",\"url\":\"https:\/\/www.miomiorun.com\/es\/\",\"logo\":{\"@type\":\"ImageObject\",\"inLanguage\":\"es-ES\",\"@id\":\"https:\/\/www.miomiorun.com\/es\/#\/schema\/logo\/image\/\",\"url\":\"https:\/\/www.miomiorun.com\/app\/uploads\/2019\/12\/logomio.png\",\"contentUrl\":\"https:\/\/www.miomiorun.com\/app\/uploads\/2019\/12\/logomio.png\",\"width\":115,\"height\":82,\"caption\":\"MioMio Run\"},\"image\":{\"@id\":\"https:\/\/www.miomiorun.com\/es\/#\/schema\/logo\/image\/\"},\"sameAs\":[\"https:\/\/www.facebook.com\/miomiorun\/\",\"https:\/\/www.instagram.com\/miomiorun\/\"]}]}<\/script>\n<!-- \/ Yoast SEO plugin. -->","yoast_head_json":{"title":"Garmin Monitor de frecuencia card\u00edaca HRM 200 - Cinturones de frecuencia card\u00edaca - MioMioRun","description":"Descubre el Garmin HRM 200, el monitor de frecuencia card\u00edaca preciso y c\u00f3modo para correr, montar en bicicleta y hacer ejercicio. Conexi\u00f3n en tiempo real, resistente al agua y lavable.","robots":{"index":"index","follow":"follow","max-snippet":"max-snippet:-1","max-image-preview":"max-image-preview:large","max-video-preview":"max-video-preview:-1"},"canonical":"https:\/\/www.miomiorun.com\/es\/producto\/monitor-de-frecuencia-cardiaca-hrm-200\/","og_locale":"es_ES","og_type":"article","og_title":"Garmin Monitor de frecuencia card\u00edaca HRM 200 - Cinturones de frecuencia card\u00edaca - MioMioRun","og_description":"Descubre el Garmin HRM 200, el monitor de frecuencia card\u00edaca preciso y c\u00f3modo para correr, montar en bicicleta y hacer ejercicio. Conexi\u00f3n en tiempo real, resistente al agua y lavable.","og_url":"https:\/\/www.miomiorun.com\/es\/producto\/monitor-de-frecuencia-cardiaca-hrm-200\/","og_site_name":"MioMioRun","article_publisher":"https:\/\/www.facebook.com\/miomiorun\/","article_modified_time":"2026-04-28T13:32:18+00:00","og_image":[{"width":600,"height":600,"url":"https:\/\/www.miomiorun.com\/app\/uploads\/2025\/04\/garmin-HRM-200-010-13388-00.webp","type":"image\/webp"}],"twitter_card":"summary_large_image","twitter_misc":{"Est. reading time":"2 minutes"},"schema":{"@context":"https:\/\/schema.org","@graph":[{"@type":"WebPage","@id":"https:\/\/www.miomiorun.com\/es\/producto\/monitor-de-frecuencia-cardiaca-hrm-200\/","url":"https:\/\/www.miomiorun.com\/es\/producto\/monitor-de-frecuencia-cardiaca-hrm-200\/","name":"Garmin Monitor de frecuencia card\u00edaca HRM 200 - Cinturones de frecuencia card\u00edaca - MioMioRun","isPartOf":{"@id":"https:\/\/www.miomiorun.com\/es\/#website"},"primaryImageOfPage":{"@id":"https:\/\/www.miomiorun.com\/es\/producto\/monitor-de-frecuencia-cardiaca-hrm-200\/#primaryimage"},"image":{"@id":"https:\/\/www.miomiorun.com\/es\/producto\/monitor-de-frecuencia-cardiaca-hrm-200\/#primaryimage"},"thumbnailUrl":"https:\/\/www.miomiorun.com\/app\/uploads\/2025\/04\/garmin-HRM-200-010-13388-00.webp","datePublished":"2025-04-16T08:46:02+00:00","dateModified":"2026-04-28T13:32:18+00:00","description":"Descubre el Garmin HRM 200, el monitor de frecuencia card\u00edaca preciso y c\u00f3modo para correr, montar en bicicleta y hacer ejercicio. Conexi\u00f3n en tiempo real, resistente al agua y lavable.","breadcrumb":{"@id":"https:\/\/www.miomiorun.com\/es\/producto\/monitor-de-frecuencia-cardiaca-hrm-200\/#breadcrumb"},"inLanguage":"es-ES","potentialAction":[{"@type":"ReadAction","target":["https:\/\/www.miomiorun.com\/es\/producto\/monitor-de-frecuencia-cardiaca-hrm-200\/"]}]},{"@type":"ImageObject","inLanguage":"es-ES","@id":"https:\/\/www.miomiorun.com\/es\/producto\/monitor-de-frecuencia-cardiaca-hrm-200\/#primaryimage","url":"https:\/\/www.miomiorun.com\/app\/uploads\/2025\/04\/garmin-HRM-200-010-13388-00.webp","contentUrl":"https:\/\/www.miomiorun.com\/app\/uploads\/2025\/04\/garmin-HRM-200-010-13388-00.webp","width":600,"height":600,"caption":"garmin HRM 200 010-13388-00"},{"@type":"BreadcrumbList","@id":"https:\/\/www.miomiorun.com\/es\/producto\/monitor-de-frecuencia-cardiaca-hrm-200\/#breadcrumb","itemListElement":[{"@type":"ListItem","position":1,"name":"Home","item":"https:\/\/www.miomiorun.com\/es\/"},{"@type":"ListItem","position":2,"name":"Shop","item":"https:\/\/www.miomiorun.com\/shop\/"},{"@type":"ListItem","position":3,"name":"Monitor de frecuencia card\u00edaca HRM 200"}]},{"@type":"WebSite","@id":"https:\/\/www.miomiorun.com\/es\/#website","url":"https:\/\/www.miomiorun.com\/es\/","name":"MioMioRun","description":"Tienda 100% running y trail","publisher":{"@id":"https:\/\/www.miomiorun.com\/es\/#organization"},"potentialAction":[{"@type":"SearchAction","target":{"@type":"EntryPoint","urlTemplate":"https:\/\/www.miomiorun.com\/es\/?s={search_term_string}"},"query-input":{"@type":"PropertyValueSpecification","valueRequired":true,"valueName":"search_term_string"}}],"inLanguage":"es-ES"},{"@type":"Organization","@id":"https:\/\/www.miomiorun.com\/es\/#organization","name":"MioMio Run","url":"https:\/\/www.miomiorun.com\/es\/","logo":{"@type":"ImageObject","inLanguage":"es-ES","@id":"https:\/\/www.miomiorun.com\/es\/#\/schema\/logo\/image\/","url":"https:\/\/www.miomiorun.com\/app\/uploads\/2019\/12\/logomio.png","contentUrl":"https:\/\/www.miomiorun.com\/app\/uploads\/2019\/12\/logomio.png","width":115,"height":82,"caption":"MioMio Run"},"image":{"@id":"https:\/\/www.miomiorun.com\/es\/#\/schema\/logo\/image\/"},"sameAs":["https:\/\/www.facebook.com\/miomiorun\/","https:\/\/www.instagram.com\/miomiorun\/"]}]}},"_links":{"self":[{"href":"https:\/\/www.miomiorun.com\/es\/wp-json\/wp\/v2\/product\/304624","targetHints":{"allow":["GET"]}}],"collection":[{"href":"https:\/\/www.miomiorun.com\/es\/wp-json\/wp\/v2\/product"}],"about":[{"href":"https:\/\/www.miomiorun.com\/es\/wp-json\/wp\/v2\/types\/product"}],"wp:featuredmedia":[{"embeddable":true,"href":"https:\/\/www.miomiorun.com\/es\/wp-json\/wp\/v2\/media\/308706"}],"wp:attachment":[{"href":"https:\/\/www.miomiorun.com\/es\/wp-json\/wp\/v2\/media?parent=304624"}],"wp:term":[{"taxonomy":"product_brand","embeddable":true,"href":"https:\/\/www.miomiorun.com\/es\/wp-json\/wp\/v2\/product_brand?post=304624"},{"taxonomy":"product_cat","embeddable":true,"href":"https:\/\/www.miomiorun.com\/es\/wp-json\/wp\/v2\/product_cat?post=304624"},{"taxonomy":"product_tag","embeddable":true,"href":"https:\/\/www.miomiorun.com\/es\/wp-json\/wp\/v2\/product_tag?post=304624"}],"curies":[{"name":"wp","href":"https:\/\/api.w.org\/{rel}","templated":true}]}}