{"id":304445,"date":"2025-04-15T18:57:03","date_gmt":"2025-04-15T16:57:03","guid":{"rendered":"https:\/\/miomiorun.com\/?post_type=product&#038;p=304445"},"modified":"2026-04-28T16:09:06","modified_gmt":"2026-04-28T14:09:06","slug":"hade-camiseta-sin-mangas-mujer","status":"publish","type":"product","link":"https:\/\/www.miomiorun.com\/es\/producto\/hade-camiseta-sin-mangas-mujer\/","title":{"rendered":"Hade Camiseta sin mangas mujer"},"content":{"rendered":"<p class=\"\" data-start=\"182\" data-end=\"638\">Dise\u00f1ada para quienes disfrutan de la monta\u00f1a y las actividades al aire libre sin renunciar a nada, la <strong data-start=\"252\" data-end=\"277\">Hade Canotta Vest Top<\/strong> es mucho m\u00e1s que una simple camiseta sin mangas. Confeccionada en <strong data-start=\"329\" data-end=\"382\">tejido jersey de poli\u00e9ster reciclado Deltapeak\u2122<\/strong>, combina el respeto por el medio ambiente con un alto rendimiento t\u00e9cnico. <br data-start=\"442\" data-end=\"445\">El tejido garantiza <strong data-start=\"465\" data-end=\"491\">m\u00e1xima transpirabilidad<\/strong>, <strong data-start=\"493\" data-end=\"515\">secado r\u00e1pido<\/strong> y <strong data-start=\"518\" data-end=\"535\">protecci\u00f3n UV<\/strong>, ideal para los d\u00edas m\u00e1s intensos bajo el sol o durante tus sesiones de escalada y senderismo.<\/p>\n<p class=\"\" data-start=\"640\" data-end=\"865\">Gracias a su <strong data-start=\"656\" data-end=\"686\">elasticidad integrada<\/strong>, ofrece <strong data-start=\"694\" data-end=\"724\">total libertad de movimiento<\/strong>: podr\u00e1s afrontar pasos t\u00e9cnicos, v\u00edas verticales o trabajar en tu proyecto sin distracciones, concentr\u00e1ndote \u00fanicamente en tu rendimiento.<\/p>\n<p class=\"\" data-start=\"867\" data-end=\"1018\">Con un corte t\u00e9cnico pero femenino, es la prenda imprescindible para las amantes del aire libre que buscan <strong data-start=\"961\" data-end=\"999\">funcionalidad, ligereza y comodidad<\/strong> en cada aventura.<\/p>\n<h3 class=\"\" data-start=\"1025\" data-end=\"1047\">&nbsp;Caracter\u00edsticas:<\/h3>\n<ul data-start=\"1048\" data-end=\"1281\">\n<li class=\"\" data-start=\"1048\" data-end=\"1096\">\n<p class=\"\" data-start=\"1050\" data-end=\"1096\">Tejido <strong data-start=\"1058\" data-end=\"1096\">Deltapeak\u2122 de poli\u00e9ster reciclado<\/strong><\/p>\n<\/li>\n<li class=\"\" data-start=\"1097\" data-end=\"1126\">\n<p class=\"\" data-start=\"1099\" data-end=\"1126\"><strong data-start=\"1099\" data-end=\"1126\">Protecci\u00f3n UV integrada<\/strong><\/p>\n<\/li>\n<li class=\"\" data-start=\"1127\" data-end=\"1176\">\n<p class=\"\" data-start=\"1129\" data-end=\"1176\"><strong data-start=\"1129\" data-end=\"1155\">M\u00e1xima transpirabilidad<\/strong> y secado r\u00e1pido<\/p>\n<\/li>\n<li class=\"\" data-start=\"1177\" data-end=\"1229\">\n<p class=\"\" data-start=\"1179\" data-end=\"1229\"><strong data-start=\"1179\" data-end=\"1196\">El\u00e1stico<\/strong> para una total libertad de movimientos<\/p>\n<\/li>\n<li class=\"\" data-start=\"1230\" data-end=\"1281\">\n<p class=\"\" data-start=\"1232\" data-end=\"1281\">Ideal para escalada, senderismo, running y actividades al aire libre<\/p>\n<\/li>\n<\/ul>\n<p>&nbsp;<\/p>\n<p><img loading=\"lazy\" decoding=\"async\" class=\"tw-absolute tw-top-0 tw-left-0 tw-w-full tw-h-full\" src=\"https:\/\/www.montura.com\/cdn\/shop\/files\/004_Breathable_Black.svg?v=1709125473&amp;width=200\" alt=\"\" width=\"77\" height=\"77\"><\/p>\n<p>TRANSPIRABLE<\/p>\n<p><img loading=\"lazy\" decoding=\"async\" class=\"tw-absolute tw-top-0 tw-left-0 tw-w-full tw-h-full\" src=\"https:\/\/www.montura.com\/cdn\/shop\/files\/012_RecycledMaterial_Black.svg?v=1709125426&amp;width=200\" alt=\"\" width=\"77\" height=\"77\"><\/p>\n<p>MATERIALES RECICLADOS<\/p>\n<p>&nbsp;<\/p>\n","protected":false},"excerpt":{"rendered":"<ul data-start=\"1048\" data-end=\"1281\">\n<li class=\"\" data-start=\"1048\" data-end=\"1096\">\n<p class=\"\" data-start=\"1050\" data-end=\"1096\">Tejido Deltapeak\u2122 de poli\u00e9ster reciclado<\/p>\n<\/li>\n<li class=\"\" data-start=\"1097\" data-end=\"1126\">\n<p class=\"\" data-start=\"1099\" data-end=\"1126\">Protecci\u00f3n UV integrada<\/p>\n<\/li>\n<li class=\"\" data-start=\"1127\" data-end=\"1176\">\n<p class=\"\" data-start=\"1129\" data-end=\"1176\">M\u00e1xima transpirabilidad<\/p>\n<\/li>\n<\/ul>\n","protected":false},"featured_media":307610,"template":"","meta":{"_acf_changed":false,"inline_featured_image":false},"product_brand":[],"product_cat":[24399,24401],"product_tag":[23513,23631],"class_list":{"0":"post-304445","1":"product","2":"type-product","3":"status-publish","4":"has-post-thumbnail","6":"product_cat-chalecos","7":"product_cat-ropa-de-mujer","8":"product_tag-montura-es","9":"product_tag-montura-mujer","10":"pa_attivita-caminar","11":"pa_attivita-outdoor-es","12":"pa_colore-hade-canotta-w-baton-rouge-vinaccia-es","13":"pa_colore-hade-canotta-w-turquoise-graphite-blue-es","14":"pa_marca-montura-es","15":"pa_sesso-mujer","16":"pa_size-small-es","17":"pa_size-medium-es","19":"first","20":"instock","21":"sale","22":"taxable","23":"shipping-taxable","24":"purchasable","25":"product-type-variable","26":"wvs-archive-product-wrapper"},"acf":[],"yoast_head":"<!-- This site is optimized with the Yoast SEO plugin v26.8 - https:\/\/yoast.com\/product\/yoast-seo-wordpress\/ -->\n<title>Montura Hade Camiseta sin mangas mujer - camiseta sin mangas para mujer - MioMioRun<\/title>\n<meta name=\"description\" content=\"Descubre la camiseta sin mangas Hade para mujer: confeccionada en poli\u00e9ster reciclado Deltapeak\u2122, transpirable, con protecci\u00f3n UV y total libertad de movimiento.\" \/>\n<meta name=\"robots\" content=\"index, follow, max-snippet:-1, max-image-preview:large, max-video-preview:-1\" \/>\n<link rel=\"canonical\" href=\"https:\/\/www.miomiorun.com\/es\/producto\/hade-camiseta-sin-mangas-mujer\/\" \/>\n<meta property=\"og:locale\" content=\"es_ES\" \/>\n<meta property=\"og:type\" content=\"article\" \/>\n<meta property=\"og:title\" content=\"Montura Hade Camiseta sin mangas mujer - camiseta sin mangas para mujer - MioMioRun\" \/>\n<meta property=\"og:description\" content=\"Descubre la camiseta sin mangas Hade para mujer: confeccionada en poli\u00e9ster reciclado Deltapeak\u2122, transpirable, con protecci\u00f3n UV y total libertad de movimiento.\" \/>\n<meta property=\"og:url\" content=\"https:\/\/www.miomiorun.com\/es\/producto\/hade-camiseta-sin-mangas-mujer\/\" \/>\n<meta property=\"og:site_name\" content=\"MioMioRun\" \/>\n<meta property=\"article:publisher\" content=\"https:\/\/www.facebook.com\/miomiorun\/\" \/>\n<meta property=\"article:modified_time\" content=\"2026-04-28T14:09:06+00:00\" \/>\n<meta property=\"og:image\" content=\"https:\/\/www.miomiorun.com\/app\/uploads\/2025\/04\/montura-Hade-canotta-W-turquoise-graphite-blue-MCGN55W.73089.webp\" \/>\n\t<meta property=\"og:image:width\" content=\"600\" \/>\n\t<meta property=\"og:image:height\" content=\"600\" \/>\n\t<meta property=\"og:image:type\" content=\"image\/webp\" \/>\n<meta name=\"twitter:card\" content=\"summary_large_image\" \/>\n<meta name=\"twitter:label1\" content=\"Est. reading time\" \/>\n\t<meta name=\"twitter:data1\" content=\"1 minute\" \/>\n<script type=\"application\/ld+json\" class=\"yoast-schema-graph\">{\"@context\":\"https:\/\/schema.org\",\"@graph\":[{\"@type\":\"WebPage\",\"@id\":\"https:\/\/www.miomiorun.com\/es\/producto\/hade-camiseta-sin-mangas-mujer\/\",\"url\":\"https:\/\/www.miomiorun.com\/es\/producto\/hade-camiseta-sin-mangas-mujer\/\",\"name\":\"Montura Hade Camiseta sin mangas mujer - camiseta sin mangas para mujer - MioMioRun\",\"isPartOf\":{\"@id\":\"https:\/\/www.miomiorun.com\/es\/#website\"},\"primaryImageOfPage\":{\"@id\":\"https:\/\/www.miomiorun.com\/es\/producto\/hade-camiseta-sin-mangas-mujer\/#primaryimage\"},\"image\":{\"@id\":\"https:\/\/www.miomiorun.com\/es\/producto\/hade-camiseta-sin-mangas-mujer\/#primaryimage\"},\"thumbnailUrl\":\"https:\/\/www.miomiorun.com\/app\/uploads\/2025\/04\/montura-Hade-canotta-W-turquoise-graphite-blue-MCGN55W.73089.webp\",\"datePublished\":\"2025-04-15T16:57:03+00:00\",\"dateModified\":\"2026-04-28T14:09:06+00:00\",\"description\":\"Descubre la camiseta sin mangas Hade para mujer: confeccionada en poli\u00e9ster reciclado Deltapeak\u2122, transpirable, con protecci\u00f3n UV y total libertad de movimiento.\",\"breadcrumb\":{\"@id\":\"https:\/\/www.miomiorun.com\/es\/producto\/hade-camiseta-sin-mangas-mujer\/#breadcrumb\"},\"inLanguage\":\"es-ES\",\"potentialAction\":[{\"@type\":\"ReadAction\",\"target\":[\"https:\/\/www.miomiorun.com\/es\/producto\/hade-camiseta-sin-mangas-mujer\/\"]}]},{\"@type\":\"ImageObject\",\"inLanguage\":\"es-ES\",\"@id\":\"https:\/\/www.miomiorun.com\/es\/producto\/hade-camiseta-sin-mangas-mujer\/#primaryimage\",\"url\":\"https:\/\/www.miomiorun.com\/app\/uploads\/2025\/04\/montura-Hade-canotta-W-turquoise-graphite-blue-MCGN55W.73089.webp\",\"contentUrl\":\"https:\/\/www.miomiorun.com\/app\/uploads\/2025\/04\/montura-Hade-canotta-W-turquoise-graphite-blue-MCGN55W.73089.webp\",\"width\":600,\"height\":600,\"caption\":\"montura Hade canotta W turquoise graphite blue MCGN55W.73089\"},{\"@type\":\"BreadcrumbList\",\"@id\":\"https:\/\/www.miomiorun.com\/es\/producto\/hade-camiseta-sin-mangas-mujer\/#breadcrumb\",\"itemListElement\":[{\"@type\":\"ListItem\",\"position\":1,\"name\":\"Home\",\"item\":\"https:\/\/www.miomiorun.com\/es\/\"},{\"@type\":\"ListItem\",\"position\":2,\"name\":\"Shop\",\"item\":\"https:\/\/www.miomiorun.com\/shop\/\"},{\"@type\":\"ListItem\",\"position\":3,\"name\":\"Hade Camiseta sin mangas mujer\"}]},{\"@type\":\"WebSite\",\"@id\":\"https:\/\/www.miomiorun.com\/es\/#website\",\"url\":\"https:\/\/www.miomiorun.com\/es\/\",\"name\":\"MioMioRun\",\"description\":\"Tienda 100% running y trail\",\"publisher\":{\"@id\":\"https:\/\/www.miomiorun.com\/es\/#organization\"},\"potentialAction\":[{\"@type\":\"SearchAction\",\"target\":{\"@type\":\"EntryPoint\",\"urlTemplate\":\"https:\/\/www.miomiorun.com\/es\/?s={search_term_string}\"},\"query-input\":{\"@type\":\"PropertyValueSpecification\",\"valueRequired\":true,\"valueName\":\"search_term_string\"}}],\"inLanguage\":\"es-ES\"},{\"@type\":\"Organization\",\"@id\":\"https:\/\/www.miomiorun.com\/es\/#organization\",\"name\":\"MioMio Run\",\"url\":\"https:\/\/www.miomiorun.com\/es\/\",\"logo\":{\"@type\":\"ImageObject\",\"inLanguage\":\"es-ES\",\"@id\":\"https:\/\/www.miomiorun.com\/es\/#\/schema\/logo\/image\/\",\"url\":\"https:\/\/www.miomiorun.com\/app\/uploads\/2019\/12\/logomio.png\",\"contentUrl\":\"https:\/\/www.miomiorun.com\/app\/uploads\/2019\/12\/logomio.png\",\"width\":115,\"height\":82,\"caption\":\"MioMio Run\"},\"image\":{\"@id\":\"https:\/\/www.miomiorun.com\/es\/#\/schema\/logo\/image\/\"},\"sameAs\":[\"https:\/\/www.facebook.com\/miomiorun\/\",\"https:\/\/www.instagram.com\/miomiorun\/\"]}]}<\/script>\n<!-- \/ Yoast SEO plugin. -->","yoast_head_json":{"title":"Montura Hade Camiseta sin mangas mujer - camiseta sin mangas para mujer - MioMioRun","description":"Descubre la camiseta sin mangas Hade para mujer: confeccionada en poli\u00e9ster reciclado Deltapeak\u2122, transpirable, con protecci\u00f3n UV y total libertad de movimiento.","robots":{"index":"index","follow":"follow","max-snippet":"max-snippet:-1","max-image-preview":"max-image-preview:large","max-video-preview":"max-video-preview:-1"},"canonical":"https:\/\/www.miomiorun.com\/es\/producto\/hade-camiseta-sin-mangas-mujer\/","og_locale":"es_ES","og_type":"article","og_title":"Montura Hade Camiseta sin mangas mujer - camiseta sin mangas para mujer - MioMioRun","og_description":"Descubre la camiseta sin mangas Hade para mujer: confeccionada en poli\u00e9ster reciclado Deltapeak\u2122, transpirable, con protecci\u00f3n UV y total libertad de movimiento.","og_url":"https:\/\/www.miomiorun.com\/es\/producto\/hade-camiseta-sin-mangas-mujer\/","og_site_name":"MioMioRun","article_publisher":"https:\/\/www.facebook.com\/miomiorun\/","article_modified_time":"2026-04-28T14:09:06+00:00","og_image":[{"width":600,"height":600,"url":"https:\/\/www.miomiorun.com\/app\/uploads\/2025\/04\/montura-Hade-canotta-W-turquoise-graphite-blue-MCGN55W.73089.webp","type":"image\/webp"}],"twitter_card":"summary_large_image","twitter_misc":{"Est. reading time":"1 minute"},"schema":{"@context":"https:\/\/schema.org","@graph":[{"@type":"WebPage","@id":"https:\/\/www.miomiorun.com\/es\/producto\/hade-camiseta-sin-mangas-mujer\/","url":"https:\/\/www.miomiorun.com\/es\/producto\/hade-camiseta-sin-mangas-mujer\/","name":"Montura Hade Camiseta sin mangas mujer - camiseta sin mangas para mujer - MioMioRun","isPartOf":{"@id":"https:\/\/www.miomiorun.com\/es\/#website"},"primaryImageOfPage":{"@id":"https:\/\/www.miomiorun.com\/es\/producto\/hade-camiseta-sin-mangas-mujer\/#primaryimage"},"image":{"@id":"https:\/\/www.miomiorun.com\/es\/producto\/hade-camiseta-sin-mangas-mujer\/#primaryimage"},"thumbnailUrl":"https:\/\/www.miomiorun.com\/app\/uploads\/2025\/04\/montura-Hade-canotta-W-turquoise-graphite-blue-MCGN55W.73089.webp","datePublished":"2025-04-15T16:57:03+00:00","dateModified":"2026-04-28T14:09:06+00:00","description":"Descubre la camiseta sin mangas Hade para mujer: confeccionada en poli\u00e9ster reciclado Deltapeak\u2122, transpirable, con protecci\u00f3n UV y total libertad de movimiento.","breadcrumb":{"@id":"https:\/\/www.miomiorun.com\/es\/producto\/hade-camiseta-sin-mangas-mujer\/#breadcrumb"},"inLanguage":"es-ES","potentialAction":[{"@type":"ReadAction","target":["https:\/\/www.miomiorun.com\/es\/producto\/hade-camiseta-sin-mangas-mujer\/"]}]},{"@type":"ImageObject","inLanguage":"es-ES","@id":"https:\/\/www.miomiorun.com\/es\/producto\/hade-camiseta-sin-mangas-mujer\/#primaryimage","url":"https:\/\/www.miomiorun.com\/app\/uploads\/2025\/04\/montura-Hade-canotta-W-turquoise-graphite-blue-MCGN55W.73089.webp","contentUrl":"https:\/\/www.miomiorun.com\/app\/uploads\/2025\/04\/montura-Hade-canotta-W-turquoise-graphite-blue-MCGN55W.73089.webp","width":600,"height":600,"caption":"montura Hade canotta W turquoise graphite blue MCGN55W.73089"},{"@type":"BreadcrumbList","@id":"https:\/\/www.miomiorun.com\/es\/producto\/hade-camiseta-sin-mangas-mujer\/#breadcrumb","itemListElement":[{"@type":"ListItem","position":1,"name":"Home","item":"https:\/\/www.miomiorun.com\/es\/"},{"@type":"ListItem","position":2,"name":"Shop","item":"https:\/\/www.miomiorun.com\/shop\/"},{"@type":"ListItem","position":3,"name":"Hade Camiseta sin mangas mujer"}]},{"@type":"WebSite","@id":"https:\/\/www.miomiorun.com\/es\/#website","url":"https:\/\/www.miomiorun.com\/es\/","name":"MioMioRun","description":"Tienda 100% running y trail","publisher":{"@id":"https:\/\/www.miomiorun.com\/es\/#organization"},"potentialAction":[{"@type":"SearchAction","target":{"@type":"EntryPoint","urlTemplate":"https:\/\/www.miomiorun.com\/es\/?s={search_term_string}"},"query-input":{"@type":"PropertyValueSpecification","valueRequired":true,"valueName":"search_term_string"}}],"inLanguage":"es-ES"},{"@type":"Organization","@id":"https:\/\/www.miomiorun.com\/es\/#organization","name":"MioMio Run","url":"https:\/\/www.miomiorun.com\/es\/","logo":{"@type":"ImageObject","inLanguage":"es-ES","@id":"https:\/\/www.miomiorun.com\/es\/#\/schema\/logo\/image\/","url":"https:\/\/www.miomiorun.com\/app\/uploads\/2019\/12\/logomio.png","contentUrl":"https:\/\/www.miomiorun.com\/app\/uploads\/2019\/12\/logomio.png","width":115,"height":82,"caption":"MioMio Run"},"image":{"@id":"https:\/\/www.miomiorun.com\/es\/#\/schema\/logo\/image\/"},"sameAs":["https:\/\/www.facebook.com\/miomiorun\/","https:\/\/www.instagram.com\/miomiorun\/"]}]}},"_links":{"self":[{"href":"https:\/\/www.miomiorun.com\/es\/wp-json\/wp\/v2\/product\/304445","targetHints":{"allow":["GET"]}}],"collection":[{"href":"https:\/\/www.miomiorun.com\/es\/wp-json\/wp\/v2\/product"}],"about":[{"href":"https:\/\/www.miomiorun.com\/es\/wp-json\/wp\/v2\/types\/product"}],"wp:featuredmedia":[{"embeddable":true,"href":"https:\/\/www.miomiorun.com\/es\/wp-json\/wp\/v2\/media\/307610"}],"wp:attachment":[{"href":"https:\/\/www.miomiorun.com\/es\/wp-json\/wp\/v2\/media?parent=304445"}],"wp:term":[{"taxonomy":"product_brand","embeddable":true,"href":"https:\/\/www.miomiorun.com\/es\/wp-json\/wp\/v2\/product_brand?post=304445"},{"taxonomy":"product_cat","embeddable":true,"href":"https:\/\/www.miomiorun.com\/es\/wp-json\/wp\/v2\/product_cat?post=304445"},{"taxonomy":"product_tag","embeddable":true,"href":"https:\/\/www.miomiorun.com\/es\/wp-json\/wp\/v2\/product_tag?post=304445"}],"curies":[{"name":"wp","href":"https:\/\/api.w.org\/{rel}","templated":true}]}}