{"id":304120,"date":"2025-04-15T16:21:08","date_gmt":"2025-04-15T14:21:08","guid":{"rendered":"https:\/\/miomiorun.com\/?post_type=product&#038;p=304120"},"modified":"2026-04-28T16:04:44","modified_gmt":"2026-04-28T14:04:44","slug":"skirt-voltage-mujer","status":"publish","type":"product","link":"https:\/\/www.miomiorun.com\/es\/producto\/skirt-voltage-mujer\/","title":{"rendered":"Skirt Voltage mujer"},"content":{"rendered":"<p class=\"\" data-start=\"162\" data-end=\"390\">La prenda m\u00e1s emblem\u00e1tica de la colecci\u00f3n, dise\u00f1ada para quienes disfrutan corriendo a gran altitud o recorriendo largas distancias por los senderos m\u00e1s exigentes. La <strong data-start=\"301\" data-end=\"318\">Skirt Running<\/strong> es el equilibrio perfecto entre funcionalidad t\u00e9cnica y est\u00e9tica deportiva.<\/p>\n<p class=\"\" data-start=\"392\" data-end=\"690\">\u00bfSu punto fuerte? <strong data-start=\"415\" data-end=\"456\">Los pantalones cortos interiores de media pierna<\/strong>, confeccionados en tejido italiano <strong data-start=\"489\" data-end=\"510\">Revolutional Slim<\/strong>, con un efecto ligeramente compresivo y de micromasaje, ideal para favorecer la eliminaci\u00f3n del \u00e1cido l\u00e1ctico y ofrecer una sensaci\u00f3n de comodidad prolongada durante cada esfuerzo.<\/p>\n<p class=\"\" data-start=\"692\" data-end=\"881\">La falda exterior es de <strong data-start=\"714\" data-end=\"737\">Light Stretch Layer<\/strong>, un tejido ultraligero con <strong data-start=\"767\" data-end=\"791\">microperforaciones Laser Cut<\/strong> de ventilaci\u00f3n diferenciada, dise\u00f1ado para mantener una frescura y transpirabilidad constantes.<\/p>\n<p class=\"\" data-start=\"883\" data-end=\"1047\">La <strong data-start=\"886\" data-end=\"929\">banda en la cintura con fald\u00f3n multibolsillos<\/strong> \u2014uno de ellos con cremallera\u2014 la hace extremadamente pr\u00e1ctica para llevar geles, llaves u objetos peque\u00f1os, sin que resulte inc\u00f3moda.<\/p>\n<h3 class=\"\" data-start=\"1049\" data-end=\"1073\"><strong data-start=\"1053\" data-end=\"1073\">Caracter\u00edsticas:<\/strong><\/h3>\n<ul data-start=\"1074\" data-end=\"1321\">\n<li class=\"\" data-start=\"1074\" data-end=\"1140\">\n<p class=\"\" data-start=\"1076\" data-end=\"1140\">Pantal\u00f3n interior con efecto de micromasaje en Revolutional Slim<\/p>\n<\/li>\n<li class=\"\" data-start=\"1141\" data-end=\"1195\">\n<p class=\"\" data-start=\"1143\" data-end=\"1195\">Falda de tejido ligero con ventilaci\u00f3n diferenciada<\/p>\n<\/li>\n<li class=\"\" data-start=\"1196\" data-end=\"1239\">\n<p class=\"\" data-start=\"1198\" data-end=\"1239\">Cintura con 3 bolsillos (uno con cremallera)<\/p>\n<\/li>\n<li class=\"\" data-start=\"1240\" data-end=\"1278\">\n<p class=\"\" data-start=\"1242\" data-end=\"1278\">Dobladillo pegado para una m\u00e1xima comodidad<\/p>\n<\/li>\n<li class=\"\" data-start=\"1279\" data-end=\"1321\">\n<p class=\"\" data-start=\"1281\" data-end=\"1321\">Dise\u00f1o funcional, t\u00e9cnico y elegante<\/p>\n<\/li>\n<\/ul>\n","protected":false},"excerpt":{"rendered":"<ul data-start=\"1074\" data-end=\"1321\">\n<li class=\"\" data-start=\"1074\" data-end=\"1140\">\n<p class=\"\" data-start=\"1076\" data-end=\"1140\">Calzoncillos interiores con efecto de micromasaje en Revolutional Slim<\/p>\n<\/li>\n<li class=\"\" data-start=\"1141\" data-end=\"1195\">\n<p class=\"\" data-start=\"1143\" data-end=\"1195\">Falda de tejido ligero con ventilaci\u00f3n diferenciada<\/p>\n<\/li>\n<li class=\"\" data-start=\"1196\" data-end=\"1239\">\n<p class=\"\" data-start=\"1198\" data-end=\"1239\">Cintura el\u00e1stica con 3 bolsillos<\/p>\n<\/li>\n<\/ul>\n","protected":false},"featured_media":430241,"template":"","meta":{"_acf_changed":false,"inline_featured_image":false},"product_brand":[],"product_cat":[24395,24401,24402],"product_tag":[23488,23646],"class_list":{"0":"post-304120","1":"product","2":"type-product","3":"status-publish","4":"has-post-thumbnail","6":"product_cat-pantalones-cortos","7":"product_cat-ropa-de-mujer","8":"product_cat-mujer","9":"product_tag-crazy-idea-es","10":"product_tag-crazy-idea-mujer","11":"pa_attivita-caminar","12":"pa_attivita-outdoor-es","13":"pa_attivita-trail-es","14":"pa_colore-skirt-voltage-w-aster","15":"pa_colore-skirt-voltage-w-black-zebra-es","16":"pa_colore-skirt-voltage-w-pop","17":"pa_marca-crazy-idea-es","18":"pa_sesso-mujer","19":"pa_size-extra-small-es","20":"pa_size-small-es","21":"pa_size-medium-es","22":"pa_size-large-es","24":"first","25":"instock","26":"sale","27":"taxable","28":"shipping-taxable","29":"purchasable","30":"product-type-variable","31":"wvs-archive-product-wrapper"},"acf":[],"yoast_head":"<!-- This site is optimized with the Yoast SEO plugin v26.8 - https:\/\/yoast.com\/product\/yoast-seo-wordpress\/ -->\n<title>Crazy Idea Skirt Voltage mujer - voy a salir a correr - MioMioRun<\/title>\n<meta name=\"description\" content=\"Descubre la Skirt Running, la falda t\u00e9cnica para trail y Sky Race con pantalones cortos de compresi\u00f3n confeccionados en tejido Revolutional Slim y una banda con m\u00faltiples bolsillos.\" \/>\n<meta name=\"robots\" content=\"index, follow, max-snippet:-1, max-image-preview:large, max-video-preview:-1\" \/>\n<link rel=\"canonical\" href=\"https:\/\/www.miomiorun.com\/es\/producto\/skirt-voltage-mujer\/\" \/>\n<meta property=\"og:locale\" content=\"es_ES\" \/>\n<meta property=\"og:type\" content=\"article\" \/>\n<meta property=\"og:title\" content=\"Crazy Idea Skirt Voltage mujer - voy a salir a correr - MioMioRun\" \/>\n<meta property=\"og:description\" content=\"Descubre la Skirt Running, la falda t\u00e9cnica para trail y Sky Race con pantalones cortos de compresi\u00f3n confeccionados en tejido Revolutional Slim y una banda con m\u00faltiples bolsillos.\" \/>\n<meta property=\"og:url\" content=\"https:\/\/www.miomiorun.com\/es\/producto\/skirt-voltage-mujer\/\" \/>\n<meta property=\"og:site_name\" content=\"MioMioRun\" \/>\n<meta property=\"article:publisher\" content=\"https:\/\/www.facebook.com\/miomiorun\/\" \/>\n<meta property=\"article:modified_time\" content=\"2026-04-28T14:04:44+00:00\" \/>\n<meta property=\"og:image\" content=\"https:\/\/www.miomiorun.com\/app\/uploads\/2026\/04\/crazy-Skirt-voltage-W-pop-S26045018D-0063.webp\" \/>\n\t<meta property=\"og:image:width\" content=\"720\" \/>\n\t<meta property=\"og:image:height\" content=\"720\" \/>\n\t<meta property=\"og:image:type\" content=\"image\/webp\" \/>\n<meta name=\"twitter:card\" content=\"summary_large_image\" \/>\n<meta name=\"twitter:label1\" content=\"Est. reading time\" \/>\n\t<meta name=\"twitter:data1\" content=\"1 minute\" \/>\n<script type=\"application\/ld+json\" class=\"yoast-schema-graph\">{\"@context\":\"https:\/\/schema.org\",\"@graph\":[{\"@type\":\"WebPage\",\"@id\":\"https:\/\/www.miomiorun.com\/es\/producto\/skirt-voltage-mujer\/\",\"url\":\"https:\/\/www.miomiorun.com\/es\/producto\/skirt-voltage-mujer\/\",\"name\":\"Crazy Idea Skirt Voltage mujer - voy a salir a correr - MioMioRun\",\"isPartOf\":{\"@id\":\"https:\/\/www.miomiorun.com\/es\/#website\"},\"primaryImageOfPage\":{\"@id\":\"https:\/\/www.miomiorun.com\/es\/producto\/skirt-voltage-mujer\/#primaryimage\"},\"image\":{\"@id\":\"https:\/\/www.miomiorun.com\/es\/producto\/skirt-voltage-mujer\/#primaryimage\"},\"thumbnailUrl\":\"https:\/\/www.miomiorun.com\/app\/uploads\/2026\/04\/crazy-Skirt-voltage-W-pop-S26045018D-0063.webp\",\"datePublished\":\"2025-04-15T14:21:08+00:00\",\"dateModified\":\"2026-04-28T14:04:44+00:00\",\"description\":\"Descubre la Skirt Running, la falda t\u00e9cnica para trail y Sky Race con pantalones cortos de compresi\u00f3n confeccionados en tejido Revolutional Slim y una banda con m\u00faltiples bolsillos.\",\"breadcrumb\":{\"@id\":\"https:\/\/www.miomiorun.com\/es\/producto\/skirt-voltage-mujer\/#breadcrumb\"},\"inLanguage\":\"es-ES\",\"potentialAction\":[{\"@type\":\"ReadAction\",\"target\":[\"https:\/\/www.miomiorun.com\/es\/producto\/skirt-voltage-mujer\/\"]}]},{\"@type\":\"ImageObject\",\"inLanguage\":\"es-ES\",\"@id\":\"https:\/\/www.miomiorun.com\/es\/producto\/skirt-voltage-mujer\/#primaryimage\",\"url\":\"https:\/\/www.miomiorun.com\/app\/uploads\/2026\/04\/crazy-Skirt-voltage-W-pop-S26045018D-0063.webp\",\"contentUrl\":\"https:\/\/www.miomiorun.com\/app\/uploads\/2026\/04\/crazy-Skirt-voltage-W-pop-S26045018D-0063.webp\",\"width\":720,\"height\":720,\"caption\":\"crazy Skirt voltage W pop S26045018D-0063\"},{\"@type\":\"BreadcrumbList\",\"@id\":\"https:\/\/www.miomiorun.com\/es\/producto\/skirt-voltage-mujer\/#breadcrumb\",\"itemListElement\":[{\"@type\":\"ListItem\",\"position\":1,\"name\":\"Home\",\"item\":\"https:\/\/www.miomiorun.com\/es\/\"},{\"@type\":\"ListItem\",\"position\":2,\"name\":\"Shop\",\"item\":\"https:\/\/www.miomiorun.com\/shop\/\"},{\"@type\":\"ListItem\",\"position\":3,\"name\":\"Skirt Voltage mujer\"}]},{\"@type\":\"WebSite\",\"@id\":\"https:\/\/www.miomiorun.com\/es\/#website\",\"url\":\"https:\/\/www.miomiorun.com\/es\/\",\"name\":\"MioMioRun\",\"description\":\"Tienda 100% running y trail\",\"publisher\":{\"@id\":\"https:\/\/www.miomiorun.com\/es\/#organization\"},\"potentialAction\":[{\"@type\":\"SearchAction\",\"target\":{\"@type\":\"EntryPoint\",\"urlTemplate\":\"https:\/\/www.miomiorun.com\/es\/?s={search_term_string}\"},\"query-input\":{\"@type\":\"PropertyValueSpecification\",\"valueRequired\":true,\"valueName\":\"search_term_string\"}}],\"inLanguage\":\"es-ES\"},{\"@type\":\"Organization\",\"@id\":\"https:\/\/www.miomiorun.com\/es\/#organization\",\"name\":\"MioMio Run\",\"url\":\"https:\/\/www.miomiorun.com\/es\/\",\"logo\":{\"@type\":\"ImageObject\",\"inLanguage\":\"es-ES\",\"@id\":\"https:\/\/www.miomiorun.com\/es\/#\/schema\/logo\/image\/\",\"url\":\"https:\/\/www.miomiorun.com\/app\/uploads\/2019\/12\/logomio.png\",\"contentUrl\":\"https:\/\/www.miomiorun.com\/app\/uploads\/2019\/12\/logomio.png\",\"width\":115,\"height\":82,\"caption\":\"MioMio Run\"},\"image\":{\"@id\":\"https:\/\/www.miomiorun.com\/es\/#\/schema\/logo\/image\/\"},\"sameAs\":[\"https:\/\/www.facebook.com\/miomiorun\/\",\"https:\/\/www.instagram.com\/miomiorun\/\"]}]}<\/script>\n<!-- \/ Yoast SEO plugin. -->","yoast_head_json":{"title":"Crazy Idea Skirt Voltage mujer - voy a salir a correr - MioMioRun","description":"Descubre la Skirt Running, la falda t\u00e9cnica para trail y Sky Race con pantalones cortos de compresi\u00f3n confeccionados en tejido Revolutional Slim y una banda con m\u00faltiples bolsillos.","robots":{"index":"index","follow":"follow","max-snippet":"max-snippet:-1","max-image-preview":"max-image-preview:large","max-video-preview":"max-video-preview:-1"},"canonical":"https:\/\/www.miomiorun.com\/es\/producto\/skirt-voltage-mujer\/","og_locale":"es_ES","og_type":"article","og_title":"Crazy Idea Skirt Voltage mujer - voy a salir a correr - MioMioRun","og_description":"Descubre la Skirt Running, la falda t\u00e9cnica para trail y Sky Race con pantalones cortos de compresi\u00f3n confeccionados en tejido Revolutional Slim y una banda con m\u00faltiples bolsillos.","og_url":"https:\/\/www.miomiorun.com\/es\/producto\/skirt-voltage-mujer\/","og_site_name":"MioMioRun","article_publisher":"https:\/\/www.facebook.com\/miomiorun\/","article_modified_time":"2026-04-28T14:04:44+00:00","og_image":[{"width":720,"height":720,"url":"https:\/\/www.miomiorun.com\/app\/uploads\/2026\/04\/crazy-Skirt-voltage-W-pop-S26045018D-0063.webp","type":"image\/webp"}],"twitter_card":"summary_large_image","twitter_misc":{"Est. reading time":"1 minute"},"schema":{"@context":"https:\/\/schema.org","@graph":[{"@type":"WebPage","@id":"https:\/\/www.miomiorun.com\/es\/producto\/skirt-voltage-mujer\/","url":"https:\/\/www.miomiorun.com\/es\/producto\/skirt-voltage-mujer\/","name":"Crazy Idea Skirt Voltage mujer - voy a salir a correr - MioMioRun","isPartOf":{"@id":"https:\/\/www.miomiorun.com\/es\/#website"},"primaryImageOfPage":{"@id":"https:\/\/www.miomiorun.com\/es\/producto\/skirt-voltage-mujer\/#primaryimage"},"image":{"@id":"https:\/\/www.miomiorun.com\/es\/producto\/skirt-voltage-mujer\/#primaryimage"},"thumbnailUrl":"https:\/\/www.miomiorun.com\/app\/uploads\/2026\/04\/crazy-Skirt-voltage-W-pop-S26045018D-0063.webp","datePublished":"2025-04-15T14:21:08+00:00","dateModified":"2026-04-28T14:04:44+00:00","description":"Descubre la Skirt Running, la falda t\u00e9cnica para trail y Sky Race con pantalones cortos de compresi\u00f3n confeccionados en tejido Revolutional Slim y una banda con m\u00faltiples bolsillos.","breadcrumb":{"@id":"https:\/\/www.miomiorun.com\/es\/producto\/skirt-voltage-mujer\/#breadcrumb"},"inLanguage":"es-ES","potentialAction":[{"@type":"ReadAction","target":["https:\/\/www.miomiorun.com\/es\/producto\/skirt-voltage-mujer\/"]}]},{"@type":"ImageObject","inLanguage":"es-ES","@id":"https:\/\/www.miomiorun.com\/es\/producto\/skirt-voltage-mujer\/#primaryimage","url":"https:\/\/www.miomiorun.com\/app\/uploads\/2026\/04\/crazy-Skirt-voltage-W-pop-S26045018D-0063.webp","contentUrl":"https:\/\/www.miomiorun.com\/app\/uploads\/2026\/04\/crazy-Skirt-voltage-W-pop-S26045018D-0063.webp","width":720,"height":720,"caption":"crazy Skirt voltage W pop S26045018D-0063"},{"@type":"BreadcrumbList","@id":"https:\/\/www.miomiorun.com\/es\/producto\/skirt-voltage-mujer\/#breadcrumb","itemListElement":[{"@type":"ListItem","position":1,"name":"Home","item":"https:\/\/www.miomiorun.com\/es\/"},{"@type":"ListItem","position":2,"name":"Shop","item":"https:\/\/www.miomiorun.com\/shop\/"},{"@type":"ListItem","position":3,"name":"Skirt Voltage mujer"}]},{"@type":"WebSite","@id":"https:\/\/www.miomiorun.com\/es\/#website","url":"https:\/\/www.miomiorun.com\/es\/","name":"MioMioRun","description":"Tienda 100% running y trail","publisher":{"@id":"https:\/\/www.miomiorun.com\/es\/#organization"},"potentialAction":[{"@type":"SearchAction","target":{"@type":"EntryPoint","urlTemplate":"https:\/\/www.miomiorun.com\/es\/?s={search_term_string}"},"query-input":{"@type":"PropertyValueSpecification","valueRequired":true,"valueName":"search_term_string"}}],"inLanguage":"es-ES"},{"@type":"Organization","@id":"https:\/\/www.miomiorun.com\/es\/#organization","name":"MioMio Run","url":"https:\/\/www.miomiorun.com\/es\/","logo":{"@type":"ImageObject","inLanguage":"es-ES","@id":"https:\/\/www.miomiorun.com\/es\/#\/schema\/logo\/image\/","url":"https:\/\/www.miomiorun.com\/app\/uploads\/2019\/12\/logomio.png","contentUrl":"https:\/\/www.miomiorun.com\/app\/uploads\/2019\/12\/logomio.png","width":115,"height":82,"caption":"MioMio Run"},"image":{"@id":"https:\/\/www.miomiorun.com\/es\/#\/schema\/logo\/image\/"},"sameAs":["https:\/\/www.facebook.com\/miomiorun\/","https:\/\/www.instagram.com\/miomiorun\/"]}]}},"_links":{"self":[{"href":"https:\/\/www.miomiorun.com\/es\/wp-json\/wp\/v2\/product\/304120","targetHints":{"allow":["GET"]}}],"collection":[{"href":"https:\/\/www.miomiorun.com\/es\/wp-json\/wp\/v2\/product"}],"about":[{"href":"https:\/\/www.miomiorun.com\/es\/wp-json\/wp\/v2\/types\/product"}],"wp:featuredmedia":[{"embeddable":true,"href":"https:\/\/www.miomiorun.com\/es\/wp-json\/wp\/v2\/media\/430241"}],"wp:attachment":[{"href":"https:\/\/www.miomiorun.com\/es\/wp-json\/wp\/v2\/media?parent=304120"}],"wp:term":[{"taxonomy":"product_brand","embeddable":true,"href":"https:\/\/www.miomiorun.com\/es\/wp-json\/wp\/v2\/product_brand?post=304120"},{"taxonomy":"product_cat","embeddable":true,"href":"https:\/\/www.miomiorun.com\/es\/wp-json\/wp\/v2\/product_cat?post=304120"},{"taxonomy":"product_tag","embeddable":true,"href":"https:\/\/www.miomiorun.com\/es\/wp-json\/wp\/v2\/product_tag?post=304120"}],"curies":[{"name":"wp","href":"https:\/\/api.w.org\/{rel}","templated":true}]}}