{"id":303756,"date":"2025-04-15T12:28:29","date_gmt":"2025-04-15T10:28:29","guid":{"rendered":"https:\/\/miomiorun.com\/?post_type=product&#038;p=303756"},"modified":"2026-04-28T15:41:53","modified_gmt":"2026-04-28T13:41:53","slug":"jkt-legend-shell-hombre","status":"publish","type":"product","link":"https:\/\/www.miomiorun.com\/es\/producto\/jkt-legend-shell-hombre\/","title":{"rendered":"Jkt Legend Shell hombre"},"content":{"rendered":"<p class=\"\" data-start=\"163\" data-end=\"463\">Afront\u00e1 tus aventuras al aire libre sin renunciar al estilo. La nueva <strong data-start=\"238\" data-end=\"258\">Jkt Legend Shell<\/strong> es mucho m\u00e1s que una simple chaqueta: es una prenda t\u00e9cnica, impermeable y cortavientos, capaz de destacar gracias a <strong data-start=\"374\" data-end=\"408\">estampados exclusivos y extravagantes<\/strong> que aportan personalidad incluso en los d\u00edas de lluvia.<\/p>\n<p class=\"\" data-start=\"465\" data-end=\"812\">Confeccionada con <strong data-start=\"480\" data-end=\"507\">softshell el\u00e1stico<\/strong> y membrana <strong data-start=\"519\" data-end=\"532\">X-Buckler<\/strong> de 8 000 mm de columna de agua, garantiza <strong data-start=\"573\" data-end=\"607\">protecci\u00f3n total contra las inclemencias del tiempo<\/strong>, elasticidad y m\u00e1ximo confort. Perfecta para el senderismo bajo la lluvia, las excursiones ligeras o como chaqueta protectora para el d\u00eda a d\u00eda, combina <strong data-start=\"767\" data-end=\"811\">funcionalidad avanzada y dise\u00f1o original<\/strong>.<\/p>\n<h4 class=\"\" data-start=\"814\" data-end=\"850\"><strong data-start=\"819\" data-end=\"850\">Caracter\u00edsticas principales:<\/strong><\/h4>\n<ul data-start=\"851\" data-end=\"1297\">\n<li class=\"\" data-start=\"851\" data-end=\"903\">\n<p class=\"\" data-start=\"853\" data-end=\"903\"><strong data-start=\"853\" data-end=\"881\">Impermeable y cortavientos<\/strong>, con membrana de 8 000 mm<\/p>\n<\/li>\n<li class=\"\" data-start=\"904\" data-end=\"970\">\n<p class=\"\" data-start=\"906\" data-end=\"970\"><strong data-start=\"906\" data-end=\"938\">Capucha con ribete el\u00e1stico<\/strong> para una protecci\u00f3n ajustable<\/p>\n<\/li>\n<li class=\"\" data-start=\"971\" data-end=\"1024\">\n<p class=\"\" data-start=\"973\" data-end=\"1024\"><strong data-start=\"973\" data-end=\"996\">Bolsillos para las manos con cremallera<\/strong> para mayor seguridad y comodidad<\/p>\n<\/li>\n<li class=\"\" data-start=\"1025\" data-end=\"1088\">\n<p class=\"\" data-start=\"1027\" data-end=\"1088\"><strong data-start=\"1027\" data-end=\"1054\">Cremallera frontal con protector<\/strong> para la m\u00e1xima comodidad en el cuello<\/p>\n<\/li>\n<li class=\"\" data-start=\"1089\" data-end=\"1162\">\n<p class=\"\" data-start=\"1091\" data-end=\"1162\"><strong data-start=\"1091\" data-end=\"1134\">Costuras termoselladas en la parte superior<\/strong> para una protecci\u00f3n adicional<\/p>\n<\/li>\n<li class=\"\" data-start=\"1163\" data-end=\"1227\">\n<p class=\"\" data-start=\"1165\" data-end=\"1227\"><strong data-start=\"1165\" data-end=\"1200\">Tejido softshell el\u00e1stico<\/strong> para una mayor libertad de movimiento<\/p>\n<\/li>\n<li class=\"\" data-start=\"1228\" data-end=\"1297\">\n<p class=\"\" data-start=\"1230\" data-end=\"1297\"><strong data-start=\"1230\" data-end=\"1250\">Estampados exclusivos<\/strong> para un look \u00fanico, tanto dentro como fuera de los senderos<\/p>\n<\/li>\n<\/ul>\n<p class=\"\" data-start=\"1299\" data-end=\"1403\">Ligera, compacta y siempre lista para afrontar cualquier imprevisto meteorol\u00f3gico con <strong data-start=\"1374\" data-end=\"1402\">car\u00e1cter y funcionalidad<\/strong>.<\/p>\n","protected":false},"excerpt":{"rendered":"<ul data-start=\"851\" data-end=\"1297\">\n<li class=\"\" data-start=\"851\" data-end=\"903\">\n<p class=\"\" data-start=\"853\" data-end=\"903\">Impermeable y cortavientos<\/p>\n<\/li>\n<li class=\"\" data-start=\"904\" data-end=\"970\">\n<p class=\"\" data-start=\"906\" data-end=\"970\">Capucha con ribete el\u00e1stico<\/p>\n<\/li>\n<li class=\"\" data-start=\"971\" data-end=\"1024\">\n<p class=\"\" data-start=\"973\" data-end=\"1024\">Bolsillos laterales con cremallera<\/p>\n<\/li>\n<\/ul>\n","protected":false},"featured_media":431714,"template":"","meta":{"_acf_changed":false,"inline_featured_image":false},"product_brand":[],"product_cat":[24460,24463],"product_tag":[23488,23611],"class_list":{"0":"post-303756","1":"product","2":"type-product","3":"status-publish","4":"has-post-thumbnail","6":"product_cat-chaquetas-es-2","7":"product_cat-ropa-de-hombre-es","8":"product_tag-crazy-idea-es","9":"product_tag-crazy-idea-hombre","10":"pa_attivita-caminar","11":"pa_attivita-lifestyle-es","12":"pa_attivita-outdoor-es","13":"pa_colore-jkt-legend-shell-m-lost-in-paradise","14":"pa_colore-jkt-legend-shell-magic-mountain-es","15":"pa_colore-jkt-legend-shell-pine-tree-es","16":"pa_colore-jkt-legend-shell-shadow","17":"pa_marca-crazy-idea-es","18":"pa_sesso-hombre","19":"pa_size-small-es","20":"pa_size-medium-es","21":"pa_size-large-es","22":"pa_size-extra-large-es","24":"first","25":"instock","26":"sale","27":"taxable","28":"shipping-taxable","29":"purchasable","30":"product-type-variable","31":"wvs-archive-product-wrapper"},"acf":[],"yoast_head":"<!-- This site is optimized with the Yoast SEO plugin v26.8 - https:\/\/yoast.com\/product\/yoast-seo-wordpress\/ -->\n<title>Crazy Idea Jkt Legend Shell hombre - chaquetas para hombre - MioMioRun<\/title>\n<meta name=\"description\" content=\"Descubre la Jkt Legend Shell: una chaqueta impermeable y cortavientos con membrana de 8 000 mm y estampados exclusivos. Perfecta para el senderismo, las actividades al aire libre y la ciudad.\" \/>\n<meta name=\"robots\" content=\"index, follow, max-snippet:-1, max-image-preview:large, max-video-preview:-1\" \/>\n<link rel=\"canonical\" href=\"https:\/\/www.miomiorun.com\/es\/producto\/jkt-legend-shell-hombre\/\" \/>\n<meta property=\"og:locale\" content=\"es_ES\" \/>\n<meta property=\"og:type\" content=\"article\" \/>\n<meta property=\"og:title\" content=\"Crazy Idea Jkt Legend Shell hombre - chaquetas para hombre - MioMioRun\" \/>\n<meta property=\"og:description\" content=\"Descubre la Jkt Legend Shell: una chaqueta impermeable y cortavientos con membrana de 8 000 mm y estampados exclusivos. Perfecta para el senderismo, las actividades al aire libre y la ciudad.\" \/>\n<meta property=\"og:url\" content=\"https:\/\/www.miomiorun.com\/es\/producto\/jkt-legend-shell-hombre\/\" \/>\n<meta property=\"og:site_name\" content=\"MioMioRun\" \/>\n<meta property=\"article:publisher\" content=\"https:\/\/www.facebook.com\/miomiorun\/\" \/>\n<meta property=\"article:modified_time\" content=\"2026-04-28T13:41:53+00:00\" \/>\n<meta property=\"og:image\" content=\"https:\/\/www.miomiorun.com\/app\/uploads\/2026\/04\/crazy-JKT-legend-shell-shadow-S26055221U-X066.webp\" \/>\n\t<meta property=\"og:image:width\" content=\"720\" \/>\n\t<meta property=\"og:image:height\" content=\"720\" \/>\n\t<meta property=\"og:image:type\" content=\"image\/webp\" \/>\n<meta name=\"twitter:card\" content=\"summary_large_image\" \/>\n<meta name=\"twitter:label1\" content=\"Est. reading time\" \/>\n\t<meta name=\"twitter:data1\" content=\"1 minute\" \/>\n<script type=\"application\/ld+json\" class=\"yoast-schema-graph\">{\"@context\":\"https:\/\/schema.org\",\"@graph\":[{\"@type\":\"WebPage\",\"@id\":\"https:\/\/www.miomiorun.com\/es\/producto\/jkt-legend-shell-hombre\/\",\"url\":\"https:\/\/www.miomiorun.com\/es\/producto\/jkt-legend-shell-hombre\/\",\"name\":\"Crazy Idea Jkt Legend Shell hombre - chaquetas para hombre - MioMioRun\",\"isPartOf\":{\"@id\":\"https:\/\/www.miomiorun.com\/es\/#website\"},\"primaryImageOfPage\":{\"@id\":\"https:\/\/www.miomiorun.com\/es\/producto\/jkt-legend-shell-hombre\/#primaryimage\"},\"image\":{\"@id\":\"https:\/\/www.miomiorun.com\/es\/producto\/jkt-legend-shell-hombre\/#primaryimage\"},\"thumbnailUrl\":\"https:\/\/www.miomiorun.com\/app\/uploads\/2026\/04\/crazy-JKT-legend-shell-shadow-S26055221U-X066.webp\",\"datePublished\":\"2025-04-15T10:28:29+00:00\",\"dateModified\":\"2026-04-28T13:41:53+00:00\",\"description\":\"Descubre la Jkt Legend Shell: una chaqueta impermeable y cortavientos con membrana de 8 000 mm y estampados exclusivos. Perfecta para el senderismo, las actividades al aire libre y la ciudad.\",\"breadcrumb\":{\"@id\":\"https:\/\/www.miomiorun.com\/es\/producto\/jkt-legend-shell-hombre\/#breadcrumb\"},\"inLanguage\":\"es-ES\",\"potentialAction\":[{\"@type\":\"ReadAction\",\"target\":[\"https:\/\/www.miomiorun.com\/es\/producto\/jkt-legend-shell-hombre\/\"]}]},{\"@type\":\"ImageObject\",\"inLanguage\":\"es-ES\",\"@id\":\"https:\/\/www.miomiorun.com\/es\/producto\/jkt-legend-shell-hombre\/#primaryimage\",\"url\":\"https:\/\/www.miomiorun.com\/app\/uploads\/2026\/04\/crazy-JKT-legend-shell-shadow-S26055221U-X066.webp\",\"contentUrl\":\"https:\/\/www.miomiorun.com\/app\/uploads\/2026\/04\/crazy-JKT-legend-shell-shadow-S26055221U-X066.webp\",\"width\":720,\"height\":720,\"caption\":\"crazy JKT legend shell shadow S26055221U-X066\"},{\"@type\":\"BreadcrumbList\",\"@id\":\"https:\/\/www.miomiorun.com\/es\/producto\/jkt-legend-shell-hombre\/#breadcrumb\",\"itemListElement\":[{\"@type\":\"ListItem\",\"position\":1,\"name\":\"Home\",\"item\":\"https:\/\/www.miomiorun.com\/es\/\"},{\"@type\":\"ListItem\",\"position\":2,\"name\":\"Shop\",\"item\":\"https:\/\/www.miomiorun.com\/shop\/\"},{\"@type\":\"ListItem\",\"position\":3,\"name\":\"Jkt Legend Shell hombre\"}]},{\"@type\":\"WebSite\",\"@id\":\"https:\/\/www.miomiorun.com\/es\/#website\",\"url\":\"https:\/\/www.miomiorun.com\/es\/\",\"name\":\"MioMioRun\",\"description\":\"Tienda 100% running y trail\",\"publisher\":{\"@id\":\"https:\/\/www.miomiorun.com\/es\/#organization\"},\"potentialAction\":[{\"@type\":\"SearchAction\",\"target\":{\"@type\":\"EntryPoint\",\"urlTemplate\":\"https:\/\/www.miomiorun.com\/es\/?s={search_term_string}\"},\"query-input\":{\"@type\":\"PropertyValueSpecification\",\"valueRequired\":true,\"valueName\":\"search_term_string\"}}],\"inLanguage\":\"es-ES\"},{\"@type\":\"Organization\",\"@id\":\"https:\/\/www.miomiorun.com\/es\/#organization\",\"name\":\"MioMio Run\",\"url\":\"https:\/\/www.miomiorun.com\/es\/\",\"logo\":{\"@type\":\"ImageObject\",\"inLanguage\":\"es-ES\",\"@id\":\"https:\/\/www.miomiorun.com\/es\/#\/schema\/logo\/image\/\",\"url\":\"https:\/\/www.miomiorun.com\/app\/uploads\/2019\/12\/logomio.png\",\"contentUrl\":\"https:\/\/www.miomiorun.com\/app\/uploads\/2019\/12\/logomio.png\",\"width\":115,\"height\":82,\"caption\":\"MioMio Run\"},\"image\":{\"@id\":\"https:\/\/www.miomiorun.com\/es\/#\/schema\/logo\/image\/\"},\"sameAs\":[\"https:\/\/www.facebook.com\/miomiorun\/\",\"https:\/\/www.instagram.com\/miomiorun\/\"]}]}<\/script>\n<!-- \/ Yoast SEO plugin. -->","yoast_head_json":{"title":"Crazy Idea Jkt Legend Shell hombre - chaquetas para hombre - MioMioRun","description":"Descubre la Jkt Legend Shell: una chaqueta impermeable y cortavientos con membrana de 8 000 mm y estampados exclusivos. Perfecta para el senderismo, las actividades al aire libre y la ciudad.","robots":{"index":"index","follow":"follow","max-snippet":"max-snippet:-1","max-image-preview":"max-image-preview:large","max-video-preview":"max-video-preview:-1"},"canonical":"https:\/\/www.miomiorun.com\/es\/producto\/jkt-legend-shell-hombre\/","og_locale":"es_ES","og_type":"article","og_title":"Crazy Idea Jkt Legend Shell hombre - chaquetas para hombre - MioMioRun","og_description":"Descubre la Jkt Legend Shell: una chaqueta impermeable y cortavientos con membrana de 8 000 mm y estampados exclusivos. Perfecta para el senderismo, las actividades al aire libre y la ciudad.","og_url":"https:\/\/www.miomiorun.com\/es\/producto\/jkt-legend-shell-hombre\/","og_site_name":"MioMioRun","article_publisher":"https:\/\/www.facebook.com\/miomiorun\/","article_modified_time":"2026-04-28T13:41:53+00:00","og_image":[{"width":720,"height":720,"url":"https:\/\/www.miomiorun.com\/app\/uploads\/2026\/04\/crazy-JKT-legend-shell-shadow-S26055221U-X066.webp","type":"image\/webp"}],"twitter_card":"summary_large_image","twitter_misc":{"Est. reading time":"1 minute"},"schema":{"@context":"https:\/\/schema.org","@graph":[{"@type":"WebPage","@id":"https:\/\/www.miomiorun.com\/es\/producto\/jkt-legend-shell-hombre\/","url":"https:\/\/www.miomiorun.com\/es\/producto\/jkt-legend-shell-hombre\/","name":"Crazy Idea Jkt Legend Shell hombre - chaquetas para hombre - MioMioRun","isPartOf":{"@id":"https:\/\/www.miomiorun.com\/es\/#website"},"primaryImageOfPage":{"@id":"https:\/\/www.miomiorun.com\/es\/producto\/jkt-legend-shell-hombre\/#primaryimage"},"image":{"@id":"https:\/\/www.miomiorun.com\/es\/producto\/jkt-legend-shell-hombre\/#primaryimage"},"thumbnailUrl":"https:\/\/www.miomiorun.com\/app\/uploads\/2026\/04\/crazy-JKT-legend-shell-shadow-S26055221U-X066.webp","datePublished":"2025-04-15T10:28:29+00:00","dateModified":"2026-04-28T13:41:53+00:00","description":"Descubre la Jkt Legend Shell: una chaqueta impermeable y cortavientos con membrana de 8 000 mm y estampados exclusivos. Perfecta para el senderismo, las actividades al aire libre y la ciudad.","breadcrumb":{"@id":"https:\/\/www.miomiorun.com\/es\/producto\/jkt-legend-shell-hombre\/#breadcrumb"},"inLanguage":"es-ES","potentialAction":[{"@type":"ReadAction","target":["https:\/\/www.miomiorun.com\/es\/producto\/jkt-legend-shell-hombre\/"]}]},{"@type":"ImageObject","inLanguage":"es-ES","@id":"https:\/\/www.miomiorun.com\/es\/producto\/jkt-legend-shell-hombre\/#primaryimage","url":"https:\/\/www.miomiorun.com\/app\/uploads\/2026\/04\/crazy-JKT-legend-shell-shadow-S26055221U-X066.webp","contentUrl":"https:\/\/www.miomiorun.com\/app\/uploads\/2026\/04\/crazy-JKT-legend-shell-shadow-S26055221U-X066.webp","width":720,"height":720,"caption":"crazy JKT legend shell shadow S26055221U-X066"},{"@type":"BreadcrumbList","@id":"https:\/\/www.miomiorun.com\/es\/producto\/jkt-legend-shell-hombre\/#breadcrumb","itemListElement":[{"@type":"ListItem","position":1,"name":"Home","item":"https:\/\/www.miomiorun.com\/es\/"},{"@type":"ListItem","position":2,"name":"Shop","item":"https:\/\/www.miomiorun.com\/shop\/"},{"@type":"ListItem","position":3,"name":"Jkt Legend Shell hombre"}]},{"@type":"WebSite","@id":"https:\/\/www.miomiorun.com\/es\/#website","url":"https:\/\/www.miomiorun.com\/es\/","name":"MioMioRun","description":"Tienda 100% running y trail","publisher":{"@id":"https:\/\/www.miomiorun.com\/es\/#organization"},"potentialAction":[{"@type":"SearchAction","target":{"@type":"EntryPoint","urlTemplate":"https:\/\/www.miomiorun.com\/es\/?s={search_term_string}"},"query-input":{"@type":"PropertyValueSpecification","valueRequired":true,"valueName":"search_term_string"}}],"inLanguage":"es-ES"},{"@type":"Organization","@id":"https:\/\/www.miomiorun.com\/es\/#organization","name":"MioMio Run","url":"https:\/\/www.miomiorun.com\/es\/","logo":{"@type":"ImageObject","inLanguage":"es-ES","@id":"https:\/\/www.miomiorun.com\/es\/#\/schema\/logo\/image\/","url":"https:\/\/www.miomiorun.com\/app\/uploads\/2019\/12\/logomio.png","contentUrl":"https:\/\/www.miomiorun.com\/app\/uploads\/2019\/12\/logomio.png","width":115,"height":82,"caption":"MioMio Run"},"image":{"@id":"https:\/\/www.miomiorun.com\/es\/#\/schema\/logo\/image\/"},"sameAs":["https:\/\/www.facebook.com\/miomiorun\/","https:\/\/www.instagram.com\/miomiorun\/"]}]}},"_links":{"self":[{"href":"https:\/\/www.miomiorun.com\/es\/wp-json\/wp\/v2\/product\/303756","targetHints":{"allow":["GET"]}}],"collection":[{"href":"https:\/\/www.miomiorun.com\/es\/wp-json\/wp\/v2\/product"}],"about":[{"href":"https:\/\/www.miomiorun.com\/es\/wp-json\/wp\/v2\/types\/product"}],"wp:featuredmedia":[{"embeddable":true,"href":"https:\/\/www.miomiorun.com\/es\/wp-json\/wp\/v2\/media\/431714"}],"wp:attachment":[{"href":"https:\/\/www.miomiorun.com\/es\/wp-json\/wp\/v2\/media?parent=303756"}],"wp:term":[{"taxonomy":"product_brand","embeddable":true,"href":"https:\/\/www.miomiorun.com\/es\/wp-json\/wp\/v2\/product_brand?post=303756"},{"taxonomy":"product_cat","embeddable":true,"href":"https:\/\/www.miomiorun.com\/es\/wp-json\/wp\/v2\/product_cat?post=303756"},{"taxonomy":"product_tag","embeddable":true,"href":"https:\/\/www.miomiorun.com\/es\/wp-json\/wp\/v2\/product_tag?post=303756"}],"curies":[{"name":"wp","href":"https:\/\/api.w.org\/{rel}","templated":true}]}}