{"id":303089,"date":"2025-04-15T10:12:44","date_gmt":"2025-04-15T08:12:44","guid":{"rendered":"https:\/\/miomiorun.com\/?post_type=product&#038;p=303089"},"modified":"2026-04-28T16:01:39","modified_gmt":"2026-04-28T14:01:39","slug":"jkt-wonder-magic-shell-mujer","status":"publish","type":"product","link":"https:\/\/www.miomiorun.com\/es\/producto\/jkt-wonder-magic-shell-mujer\/","title":{"rendered":"Jkt Wonder Magic Shell mujer"},"content":{"rendered":"<p class=\"\" data-start=\"164\" data-end=\"443\">Cuando el tiempo es incierto y quieres estar preparada para todo, la <strong data-start=\"223\" data-end=\"243\">Jkt Wonder Magic<\/strong> es la compa\u00f1era ideal. Una chaqueta ligera, cortavientos e impermeable, dise\u00f1ada para el senderismo y las actividades al aire libre, pero con un estilo tan moderno que resulta perfecta incluso bajo la lluvia en la ciudad.<\/p>\n<p class=\"\" data-start=\"445\" data-end=\"731\">Confeccionada en <strong data-start=\"459\" data-end=\"494\">softshell con membrana X-bucler<\/strong> y una resistencia de <strong data-start=\"515\" data-end=\"546\">8.000 mm de columna de agua<\/strong>, garantiza una protecci\u00f3n total contra el viento y las inclemencias del tiempo. Su dise\u00f1o, cuidado hasta el \u00faltimo detalle, la convierte en una prenda extremadamente vers\u00e1til, que combina rendimiento t\u00e9cnico y estilo contempor\u00e1neo.<\/p>\n<h3 class=\"\" data-start=\"733\" data-end=\"767\"><strong data-start=\"737\" data-end=\"767\">Caracter\u00edsticas principales<\/strong><\/h3>\n<ul data-start=\"768\" data-end=\"1154\">\n<li class=\"\" data-start=\"768\" data-end=\"838\">\n<p class=\"\" data-start=\"770\" data-end=\"838\"><strong data-start=\"770\" data-end=\"798\">Impermeable y cortavientos<\/strong> gracias al softshell X-bucler estampado<\/p>\n<\/li>\n<li class=\"\" data-start=\"839\" data-end=\"928\">\n<p class=\"\" data-start=\"841\" data-end=\"928\"><strong data-start=\"841\" data-end=\"873\">Capucha con ribete el\u00e1stico<\/strong> y costuras termoselladas para una protecci\u00f3n \u00f3ptima<\/p>\n<\/li>\n<li class=\"\" data-start=\"929\" data-end=\"1002\">\n<p class=\"\" data-start=\"931\" data-end=\"1002\"><strong data-start=\"931\" data-end=\"960\">2 bolsillos laterales con cremallera<\/strong> para guardar tus objetos de forma segura<\/p>\n<\/li>\n<li class=\"\" data-start=\"1003\" data-end=\"1067\">\n<p class=\"\" data-start=\"1005\" data-end=\"1067\"><strong data-start=\"1005\" data-end=\"1032\">Cremallera frontal con protector<\/strong> para una m\u00e1xima comodidad en el cuello<\/p>\n<\/li>\n<li class=\"\" data-start=\"1068\" data-end=\"1154\">\n<p class=\"\" data-start=\"1070\" data-end=\"1154\"><strong data-start=\"1070\" data-end=\"1110\">Pu\u00f1os y bajo con ribete el\u00e1stico<\/strong> para un ajuste ce\u00f1ido y protector<\/p>\n<\/li>\n<\/ul>\n<p class=\"\" data-start=\"1156\" data-end=\"1290\">Perfecta para tus aventuras por los senderos, los d\u00edas lluviosos en la ciudad o las salidas al aire libre cuando el tiempo cambia de repente.<\/p>\n","protected":false},"excerpt":{"rendered":"<ul>\n<li>Impermeable y cortavientos<\/li>\n<li>Softshell con membrana X-bucler<\/li>\n<\/ul>\n","protected":false},"featured_media":304960,"template":"","meta":{"_acf_changed":false,"inline_featured_image":false},"product_brand":[],"product_cat":[24398,24401],"product_tag":[23488,23646],"class_list":{"0":"post-303089","1":"product","2":"type-product","3":"status-publish","4":"has-post-thumbnail","6":"product_cat-chaquetas","7":"product_cat-ropa-de-mujer","8":"product_tag-crazy-idea-es","9":"product_tag-crazy-idea-mujer","10":"pa_attivita-caminar","11":"pa_attivita-outdoor-es","12":"pa_colore-jkt-wonder-magic-shell-w-mandala-es","13":"pa_colore-jkt-wonder-magic-shell-w-pop-es","14":"pa_colore-jkt-wonder-magic-shell-w-pop-black","15":"pa_marca-crazy-idea-es","16":"pa_sesso-mujer","17":"pa_size-extra-small-es","18":"pa_size-small-es","19":"pa_size-medium-es","20":"pa_size-large-es","22":"first","23":"instock","24":"sale","25":"taxable","26":"shipping-taxable","27":"purchasable","28":"product-type-variable","29":"wvs-archive-product-wrapper"},"acf":[],"yoast_head":"<!-- This site is optimized with the Yoast SEO plugin v26.8 - https:\/\/yoast.com\/product\/yoast-seo-wordpress\/ -->\n<title>Crazy Idea Jkt Wonder Magic Shell mujer - Chaqueta de running - MioMioRun.com<\/title>\n<meta name=\"description\" content=\"Chaqueta cortavientos e impermeable Jkt Wonder Magic de softshell. Ligera, t\u00e9cnica y con un estilo moderno, perfecta para el senderismo, las actividades al aire libre y los d\u00edas lluviosos en la ciudad.\" \/>\n<meta name=\"robots\" content=\"index, follow, max-snippet:-1, max-image-preview:large, max-video-preview:-1\" \/>\n<link rel=\"canonical\" href=\"https:\/\/www.miomiorun.com\/es\/producto\/jkt-wonder-magic-shell-mujer\/\" \/>\n<meta property=\"og:locale\" content=\"es_ES\" \/>\n<meta property=\"og:type\" content=\"article\" \/>\n<meta property=\"og:title\" content=\"Crazy Idea Jkt Wonder Magic Shell mujer - Chaqueta de running - MioMioRun.com\" \/>\n<meta property=\"og:description\" content=\"Chaqueta cortavientos e impermeable Jkt Wonder Magic de softshell. Ligera, t\u00e9cnica y con un estilo moderno, perfecta para el senderismo, las actividades al aire libre y los d\u00edas lluviosos en la ciudad.\" \/>\n<meta property=\"og:url\" content=\"https:\/\/www.miomiorun.com\/es\/producto\/jkt-wonder-magic-shell-mujer\/\" \/>\n<meta property=\"og:site_name\" content=\"MioMioRun\" \/>\n<meta property=\"article:publisher\" content=\"https:\/\/www.facebook.com\/miomiorun\/\" \/>\n<meta property=\"article:modified_time\" content=\"2026-04-28T14:01:39+00:00\" \/>\n<meta property=\"og:image\" content=\"https:\/\/www.miomiorun.com\/app\/uploads\/2025\/04\/crazy-JKT-wonder-magic-shell-W-mandala-S25055161D-00X096.webp\" \/>\n\t<meta property=\"og:image:width\" content=\"600\" \/>\n\t<meta property=\"og:image:height\" content=\"600\" \/>\n\t<meta property=\"og:image:type\" content=\"image\/webp\" \/>\n<meta name=\"twitter:card\" content=\"summary_large_image\" \/>\n<meta name=\"twitter:label1\" content=\"Est. reading time\" \/>\n\t<meta name=\"twitter:data1\" content=\"1 minute\" \/>\n<script type=\"application\/ld+json\" class=\"yoast-schema-graph\">{\"@context\":\"https:\/\/schema.org\",\"@graph\":[{\"@type\":\"WebPage\",\"@id\":\"https:\/\/www.miomiorun.com\/es\/producto\/jkt-wonder-magic-shell-mujer\/\",\"url\":\"https:\/\/www.miomiorun.com\/es\/producto\/jkt-wonder-magic-shell-mujer\/\",\"name\":\"Crazy Idea Jkt Wonder Magic Shell mujer - Chaqueta de running - MioMioRun.com\",\"isPartOf\":{\"@id\":\"https:\/\/www.miomiorun.com\/es\/#website\"},\"primaryImageOfPage\":{\"@id\":\"https:\/\/www.miomiorun.com\/es\/producto\/jkt-wonder-magic-shell-mujer\/#primaryimage\"},\"image\":{\"@id\":\"https:\/\/www.miomiorun.com\/es\/producto\/jkt-wonder-magic-shell-mujer\/#primaryimage\"},\"thumbnailUrl\":\"https:\/\/www.miomiorun.com\/app\/uploads\/2025\/04\/crazy-JKT-wonder-magic-shell-W-mandala-S25055161D-00X096.webp\",\"datePublished\":\"2025-04-15T08:12:44+00:00\",\"dateModified\":\"2026-04-28T14:01:39+00:00\",\"description\":\"Chaqueta cortavientos e impermeable Jkt Wonder Magic de softshell. Ligera, t\u00e9cnica y con un estilo moderno, perfecta para el senderismo, las actividades al aire libre y los d\u00edas lluviosos en la ciudad.\",\"breadcrumb\":{\"@id\":\"https:\/\/www.miomiorun.com\/es\/producto\/jkt-wonder-magic-shell-mujer\/#breadcrumb\"},\"inLanguage\":\"es-ES\",\"potentialAction\":[{\"@type\":\"ReadAction\",\"target\":[\"https:\/\/www.miomiorun.com\/es\/producto\/jkt-wonder-magic-shell-mujer\/\"]}]},{\"@type\":\"ImageObject\",\"inLanguage\":\"es-ES\",\"@id\":\"https:\/\/www.miomiorun.com\/es\/producto\/jkt-wonder-magic-shell-mujer\/#primaryimage\",\"url\":\"https:\/\/www.miomiorun.com\/app\/uploads\/2025\/04\/crazy-JKT-wonder-magic-shell-W-mandala-S25055161D-00X096.webp\",\"contentUrl\":\"https:\/\/www.miomiorun.com\/app\/uploads\/2025\/04\/crazy-JKT-wonder-magic-shell-W-mandala-S25055161D-00X096.webp\",\"width\":600,\"height\":600,\"caption\":\"crazy JKT wonder magic shell W mandala S25055161D-00X096\"},{\"@type\":\"BreadcrumbList\",\"@id\":\"https:\/\/www.miomiorun.com\/es\/producto\/jkt-wonder-magic-shell-mujer\/#breadcrumb\",\"itemListElement\":[{\"@type\":\"ListItem\",\"position\":1,\"name\":\"Home\",\"item\":\"https:\/\/www.miomiorun.com\/es\/\"},{\"@type\":\"ListItem\",\"position\":2,\"name\":\"Shop\",\"item\":\"https:\/\/www.miomiorun.com\/shop\/\"},{\"@type\":\"ListItem\",\"position\":3,\"name\":\"Jkt Wonder Magic Shell mujer\"}]},{\"@type\":\"WebSite\",\"@id\":\"https:\/\/www.miomiorun.com\/es\/#website\",\"url\":\"https:\/\/www.miomiorun.com\/es\/\",\"name\":\"MioMioRun\",\"description\":\"Tienda 100% running y trail\",\"publisher\":{\"@id\":\"https:\/\/www.miomiorun.com\/es\/#organization\"},\"potentialAction\":[{\"@type\":\"SearchAction\",\"target\":{\"@type\":\"EntryPoint\",\"urlTemplate\":\"https:\/\/www.miomiorun.com\/es\/?s={search_term_string}\"},\"query-input\":{\"@type\":\"PropertyValueSpecification\",\"valueRequired\":true,\"valueName\":\"search_term_string\"}}],\"inLanguage\":\"es-ES\"},{\"@type\":\"Organization\",\"@id\":\"https:\/\/www.miomiorun.com\/es\/#organization\",\"name\":\"MioMio Run\",\"url\":\"https:\/\/www.miomiorun.com\/es\/\",\"logo\":{\"@type\":\"ImageObject\",\"inLanguage\":\"es-ES\",\"@id\":\"https:\/\/www.miomiorun.com\/es\/#\/schema\/logo\/image\/\",\"url\":\"https:\/\/www.miomiorun.com\/app\/uploads\/2019\/12\/logomio.png\",\"contentUrl\":\"https:\/\/www.miomiorun.com\/app\/uploads\/2019\/12\/logomio.png\",\"width\":115,\"height\":82,\"caption\":\"MioMio Run\"},\"image\":{\"@id\":\"https:\/\/www.miomiorun.com\/es\/#\/schema\/logo\/image\/\"},\"sameAs\":[\"https:\/\/www.facebook.com\/miomiorun\/\",\"https:\/\/www.instagram.com\/miomiorun\/\"]}]}<\/script>\n<!-- \/ Yoast SEO plugin. -->","yoast_head_json":{"title":"Crazy Idea Jkt Wonder Magic Shell mujer - Chaqueta de running - MioMioRun.com","description":"Chaqueta cortavientos e impermeable Jkt Wonder Magic de softshell. Ligera, t\u00e9cnica y con un estilo moderno, perfecta para el senderismo, las actividades al aire libre y los d\u00edas lluviosos en la ciudad.","robots":{"index":"index","follow":"follow","max-snippet":"max-snippet:-1","max-image-preview":"max-image-preview:large","max-video-preview":"max-video-preview:-1"},"canonical":"https:\/\/www.miomiorun.com\/es\/producto\/jkt-wonder-magic-shell-mujer\/","og_locale":"es_ES","og_type":"article","og_title":"Crazy Idea Jkt Wonder Magic Shell mujer - Chaqueta de running - MioMioRun.com","og_description":"Chaqueta cortavientos e impermeable Jkt Wonder Magic de softshell. Ligera, t\u00e9cnica y con un estilo moderno, perfecta para el senderismo, las actividades al aire libre y los d\u00edas lluviosos en la ciudad.","og_url":"https:\/\/www.miomiorun.com\/es\/producto\/jkt-wonder-magic-shell-mujer\/","og_site_name":"MioMioRun","article_publisher":"https:\/\/www.facebook.com\/miomiorun\/","article_modified_time":"2026-04-28T14:01:39+00:00","og_image":[{"width":600,"height":600,"url":"https:\/\/www.miomiorun.com\/app\/uploads\/2025\/04\/crazy-JKT-wonder-magic-shell-W-mandala-S25055161D-00X096.webp","type":"image\/webp"}],"twitter_card":"summary_large_image","twitter_misc":{"Est. reading time":"1 minute"},"schema":{"@context":"https:\/\/schema.org","@graph":[{"@type":"WebPage","@id":"https:\/\/www.miomiorun.com\/es\/producto\/jkt-wonder-magic-shell-mujer\/","url":"https:\/\/www.miomiorun.com\/es\/producto\/jkt-wonder-magic-shell-mujer\/","name":"Crazy Idea Jkt Wonder Magic Shell mujer - Chaqueta de running - MioMioRun.com","isPartOf":{"@id":"https:\/\/www.miomiorun.com\/es\/#website"},"primaryImageOfPage":{"@id":"https:\/\/www.miomiorun.com\/es\/producto\/jkt-wonder-magic-shell-mujer\/#primaryimage"},"image":{"@id":"https:\/\/www.miomiorun.com\/es\/producto\/jkt-wonder-magic-shell-mujer\/#primaryimage"},"thumbnailUrl":"https:\/\/www.miomiorun.com\/app\/uploads\/2025\/04\/crazy-JKT-wonder-magic-shell-W-mandala-S25055161D-00X096.webp","datePublished":"2025-04-15T08:12:44+00:00","dateModified":"2026-04-28T14:01:39+00:00","description":"Chaqueta cortavientos e impermeable Jkt Wonder Magic de softshell. Ligera, t\u00e9cnica y con un estilo moderno, perfecta para el senderismo, las actividades al aire libre y los d\u00edas lluviosos en la ciudad.","breadcrumb":{"@id":"https:\/\/www.miomiorun.com\/es\/producto\/jkt-wonder-magic-shell-mujer\/#breadcrumb"},"inLanguage":"es-ES","potentialAction":[{"@type":"ReadAction","target":["https:\/\/www.miomiorun.com\/es\/producto\/jkt-wonder-magic-shell-mujer\/"]}]},{"@type":"ImageObject","inLanguage":"es-ES","@id":"https:\/\/www.miomiorun.com\/es\/producto\/jkt-wonder-magic-shell-mujer\/#primaryimage","url":"https:\/\/www.miomiorun.com\/app\/uploads\/2025\/04\/crazy-JKT-wonder-magic-shell-W-mandala-S25055161D-00X096.webp","contentUrl":"https:\/\/www.miomiorun.com\/app\/uploads\/2025\/04\/crazy-JKT-wonder-magic-shell-W-mandala-S25055161D-00X096.webp","width":600,"height":600,"caption":"crazy JKT wonder magic shell W mandala S25055161D-00X096"},{"@type":"BreadcrumbList","@id":"https:\/\/www.miomiorun.com\/es\/producto\/jkt-wonder-magic-shell-mujer\/#breadcrumb","itemListElement":[{"@type":"ListItem","position":1,"name":"Home","item":"https:\/\/www.miomiorun.com\/es\/"},{"@type":"ListItem","position":2,"name":"Shop","item":"https:\/\/www.miomiorun.com\/shop\/"},{"@type":"ListItem","position":3,"name":"Jkt Wonder Magic Shell mujer"}]},{"@type":"WebSite","@id":"https:\/\/www.miomiorun.com\/es\/#website","url":"https:\/\/www.miomiorun.com\/es\/","name":"MioMioRun","description":"Tienda 100% running y trail","publisher":{"@id":"https:\/\/www.miomiorun.com\/es\/#organization"},"potentialAction":[{"@type":"SearchAction","target":{"@type":"EntryPoint","urlTemplate":"https:\/\/www.miomiorun.com\/es\/?s={search_term_string}"},"query-input":{"@type":"PropertyValueSpecification","valueRequired":true,"valueName":"search_term_string"}}],"inLanguage":"es-ES"},{"@type":"Organization","@id":"https:\/\/www.miomiorun.com\/es\/#organization","name":"MioMio Run","url":"https:\/\/www.miomiorun.com\/es\/","logo":{"@type":"ImageObject","inLanguage":"es-ES","@id":"https:\/\/www.miomiorun.com\/es\/#\/schema\/logo\/image\/","url":"https:\/\/www.miomiorun.com\/app\/uploads\/2019\/12\/logomio.png","contentUrl":"https:\/\/www.miomiorun.com\/app\/uploads\/2019\/12\/logomio.png","width":115,"height":82,"caption":"MioMio Run"},"image":{"@id":"https:\/\/www.miomiorun.com\/es\/#\/schema\/logo\/image\/"},"sameAs":["https:\/\/www.facebook.com\/miomiorun\/","https:\/\/www.instagram.com\/miomiorun\/"]}]}},"_links":{"self":[{"href":"https:\/\/www.miomiorun.com\/es\/wp-json\/wp\/v2\/product\/303089","targetHints":{"allow":["GET"]}}],"collection":[{"href":"https:\/\/www.miomiorun.com\/es\/wp-json\/wp\/v2\/product"}],"about":[{"href":"https:\/\/www.miomiorun.com\/es\/wp-json\/wp\/v2\/types\/product"}],"wp:featuredmedia":[{"embeddable":true,"href":"https:\/\/www.miomiorun.com\/es\/wp-json\/wp\/v2\/media\/304960"}],"wp:attachment":[{"href":"https:\/\/www.miomiorun.com\/es\/wp-json\/wp\/v2\/media?parent=303089"}],"wp:term":[{"taxonomy":"product_brand","embeddable":true,"href":"https:\/\/www.miomiorun.com\/es\/wp-json\/wp\/v2\/product_brand?post=303089"},{"taxonomy":"product_cat","embeddable":true,"href":"https:\/\/www.miomiorun.com\/es\/wp-json\/wp\/v2\/product_cat?post=303089"},{"taxonomy":"product_tag","embeddable":true,"href":"https:\/\/www.miomiorun.com\/es\/wp-json\/wp\/v2\/product_tag?post=303089"}],"curies":[{"name":"wp","href":"https:\/\/api.w.org\/{rel}","templated":true}]}}