{"id":302983,"date":"2025-04-14T18:31:58","date_gmt":"2025-04-14T16:31:58","guid":{"rendered":"https:\/\/miomiorun.com\/?post_type=product&#038;p=302983"},"modified":"2026-04-23T11:46:01","modified_gmt":"2026-04-23T09:46:01","slug":"pull-traverse-mujer","status":"publish","type":"product","link":"https:\/\/www.miomiorun.com\/es\/producto\/pull-traverse-mujer\/","title":{"rendered":"Pull Traverse mujer"},"content":{"rendered":"<p class=\"\" data-start=\"158\" data-end=\"467\">Presentamos la nueva <strong data-start=\"173\" data-end=\"190\">Traverse Pull<\/strong>, parte de la colecci\u00f3n PV25, dise\u00f1ada para quienes disfrutan de la monta\u00f1a con ligereza y funcionalidad. Esta prenda t\u00e9cnica de capa intermedia es perfecta para el <strong data-start=\"334\" data-end=\"354\">trekking ligero<\/strong> y las <strong data-start=\"360\" data-end=\"392\">excursiones de media monta\u00f1a<\/strong>, ya que combina rendimiento y comodidad en un dise\u00f1o sencillo y contempor\u00e1neo.<\/p>\n<p class=\"\" data-start=\"469\" data-end=\"970\">Confeccionada con <strong data-start=\"484\" data-end=\"503\">Endurance Light<\/strong>, un tejido ligero, compacto y capaz de ofrecer un excelente aislamiento t\u00e9rmico, se completa con paneles de <strong data-start=\"609\" data-end=\"627\">Stretch Series<\/strong>, a\u00fan m\u00e1s el\u00e1sticos y ligeros, pensados para garantizar <strong data-start=\"682\" data-end=\"715\">una libertad de movimiento absoluta<\/strong>. Cada detalle est\u00e1 pensado para acompa\u00f1arte en cualquier situaci\u00f3n: desde el corte ergon\u00f3mico hasta la <strong data-start=\"813\" data-end=\"842\">capucha con salida para el cable de los auriculares<\/strong>, desde las <strong data-start=\"850\" data-end=\"881\">costuras planas en contraste<\/strong> hasta las <strong data-start=\"887\" data-end=\"910\">aberturas para los pulgares<\/strong>, pasando por los <strong data-start=\"920\" data-end=\"941\">logotipos reflectantes<\/strong> que aumentan la visibilidad.<\/p>\n<p class=\"\" data-start=\"972\" data-end=\"1132\"><strong data-start=\"972\" data-end=\"989\">Traverse Pull<\/strong> es una prenda vers\u00e1til, ideal como capa intermedia en los d\u00edas m\u00e1s fr\u00edos o como protecci\u00f3n ligera cuando el clima cambia repentinamente.<\/p>\n<h3 class=\"\" data-start=\"1139\" data-end=\"1173\"><strong data-start=\"1143\" data-end=\"1173\">Caracter\u00edsticas principales:<\/strong><\/h3>\n<ul data-start=\"1174\" data-end=\"1621\">\n<li class=\"\" data-start=\"1174\" data-end=\"1236\">\n<p class=\"\" data-start=\"1176\" data-end=\"1236\">Tejido <strong data-start=\"1184\" data-end=\"1203\">Endurance Light<\/strong>: c\u00e1lido, ligero y compactable<\/p>\n<\/li>\n<li class=\"\" data-start=\"1237\" data-end=\"1311\">\n<p class=\"\" data-start=\"1239\" data-end=\"1311\">Paneles en <strong data-start=\"1251\" data-end=\"1269\">Stretch Series<\/strong>: m\u00e1ximo confort y libertad de movimiento<\/p>\n<\/li>\n<li class=\"\" data-start=\"1312\" data-end=\"1354\">\n<p class=\"\" data-start=\"1314\" data-end=\"1354\"><strong data-start=\"1314\" data-end=\"1352\">Cremallera frontal totalmente divisible<\/strong><\/p>\n<\/li>\n<li class=\"\" data-start=\"1355\" data-end=\"1401\">\n<p class=\"\" data-start=\"1357\" data-end=\"1401\"><strong data-start=\"1357\" data-end=\"1376\">Costuras planas<\/strong> en contraste de color<\/p>\n<\/li>\n<li class=\"\" data-start=\"1402\" data-end=\"1441\">\n<p class=\"\" data-start=\"1404\" data-end=\"1441\"><strong data-start=\"1404\" data-end=\"1419\">Bolsillos para las manos<\/strong> c\u00f3modos y funcionales<\/p>\n<\/li>\n<li class=\"\" data-start=\"1442\" data-end=\"1493\">\n<p class=\"\" data-start=\"1444\" data-end=\"1493\"><strong data-start=\"1444\" data-end=\"1468\">Capucha ergon\u00f3mica<\/strong> con abertura para la cola<\/p>\n<\/li>\n<li class=\"\" data-start=\"1494\" data-end=\"1551\">\n<p class=\"\" data-start=\"1496\" data-end=\"1551\"><strong data-start=\"1496\" data-end=\"1520\">Ojal para el pulgar<\/strong> para un ajuste perfecto<\/p>\n<\/li>\n<li class=\"\" data-start=\"1552\" data-end=\"1621\">\n<p class=\"\" data-start=\"1554\" data-end=\"1621\"><strong data-start=\"1554\" data-end=\"1575\">Logotipos reflectantes<\/strong> para mayor visibilidad en condiciones de poca luz<\/p>\n<\/li>\n<\/ul>\n","protected":false},"excerpt":{"rendered":"<ul data-start=\"1174\" data-end=\"1621\">\n<li class=\"\" data-start=\"1174\" data-end=\"1236\">\n<p class=\"\" data-start=\"1176\" data-end=\"1236\">Tejido <strong data-start=\"1184\" data-end=\"1203\">Endurance Light<\/strong>: c\u00e1lido, ligero y compacto<\/p>\n<\/li>\n<li class=\"\" data-start=\"1237\" data-end=\"1311\">\n<p class=\"\" data-start=\"1239\" data-end=\"1311\">Paneles de <strong data-start=\"1251\" data-end=\"1269\">Stretch Series<\/strong>: m\u00e1xima comodidad y libertad de movimiento<\/p>\n<\/li>\n<li class=\"\" data-start=\"1312\" data-end=\"1354\">\n<p class=\"\" data-start=\"1314\" data-end=\"1354\"><strong data-start=\"1314\" data-end=\"1352\">Cremallera frontal totalmente separable<\/strong><\/p>\n<\/li>\n<\/ul>\n","protected":false},"featured_media":237861,"template":"","meta":{"_acf_changed":false,"inline_featured_image":false},"product_brand":[],"product_cat":[24396,24401],"product_tag":[23488,23646],"class_list":{"0":"post-302983","1":"product","2":"type-product","3":"status-publish","4":"has-post-thumbnail","6":"product_cat-camisetas","7":"product_cat-ropa-de-mujer","8":"product_tag-crazy-idea-es","9":"product_tag-crazy-idea-mujer","10":"pa_attivita-caminar","11":"pa_attivita-outdoor-es","12":"pa_colore-pull-traverse-w-lake-es","13":"pa_marca-crazy-idea-es","14":"pa_sesso-mujer","15":"pa_size-extra-small-es","16":"pa_size-small-es","17":"pa_size-large-es","19":"first","20":"instock","21":"sale","22":"taxable","23":"shipping-taxable","24":"purchasable","25":"product-type-variable","26":"wvs-archive-product-wrapper"},"acf":[],"yoast_head":"<!-- This site is optimized with the Yoast SEO plugin v26.8 - https:\/\/yoast.com\/product\/yoast-seo-wordpress\/ -->\n<title>Crazy Idea Pull Traverse mujer - Camiseta para correr - MioMioRun<\/title>\n<meta name=\"description\" content=\"Descubre la Traverse Pull: una chaqueta t\u00e9cnica ligera y compacta ideal para el senderismo y las excursiones. Confeccionada con tejidos Endurance Light y Stretch Series, ofrece comodidad, calidez y libertad de movimiento.\" \/>\n<meta name=\"robots\" content=\"index, follow, max-snippet:-1, max-image-preview:large, max-video-preview:-1\" \/>\n<link rel=\"canonical\" href=\"https:\/\/www.miomiorun.com\/es\/producto\/pull-traverse-mujer\/\" \/>\n<meta property=\"og:locale\" content=\"es_ES\" \/>\n<meta property=\"og:type\" content=\"article\" \/>\n<meta property=\"og:title\" content=\"Crazy Idea Pull Traverse mujer - Camiseta para correr - MioMioRun\" \/>\n<meta property=\"og:description\" content=\"Descubre la Traverse Pull: una chaqueta t\u00e9cnica ligera y compacta ideal para el senderismo y las excursiones. Confeccionada con tejidos Endurance Light y Stretch Series, ofrece comodidad, calidez y libertad de movimiento.\" \/>\n<meta property=\"og:url\" content=\"https:\/\/www.miomiorun.com\/es\/producto\/pull-traverse-mujer\/\" \/>\n<meta property=\"og:site_name\" content=\"MioMioRun\" \/>\n<meta property=\"article:publisher\" content=\"https:\/\/www.facebook.com\/miomiorun\/\" \/>\n<meta property=\"article:modified_time\" content=\"2026-04-23T09:46:01+00:00\" \/>\n<meta property=\"og:image\" content=\"https:\/\/www.miomiorun.com\/app\/uploads\/2022\/09\/crazy-idea-pull-oxygen-W-lambada-W22055142D-0044.jpg\" \/>\n\t<meta property=\"og:image:width\" content=\"600\" \/>\n\t<meta property=\"og:image:height\" content=\"600\" \/>\n\t<meta property=\"og:image:type\" content=\"image\/jpeg\" \/>\n<meta name=\"twitter:card\" content=\"summary_large_image\" \/>\n<meta name=\"twitter:label1\" content=\"Est. reading time\" \/>\n\t<meta name=\"twitter:data1\" content=\"1 minute\" \/>\n<script type=\"application\/ld+json\" class=\"yoast-schema-graph\">{\"@context\":\"https:\/\/schema.org\",\"@graph\":[{\"@type\":\"WebPage\",\"@id\":\"https:\/\/www.miomiorun.com\/es\/producto\/pull-traverse-mujer\/\",\"url\":\"https:\/\/www.miomiorun.com\/es\/producto\/pull-traverse-mujer\/\",\"name\":\"Crazy Idea Pull Traverse mujer - Camiseta para correr - MioMioRun\",\"isPartOf\":{\"@id\":\"https:\/\/www.miomiorun.com\/es\/#website\"},\"primaryImageOfPage\":{\"@id\":\"https:\/\/www.miomiorun.com\/es\/producto\/pull-traverse-mujer\/#primaryimage\"},\"image\":{\"@id\":\"https:\/\/www.miomiorun.com\/es\/producto\/pull-traverse-mujer\/#primaryimage\"},\"thumbnailUrl\":\"https:\/\/www.miomiorun.com\/app\/uploads\/2022\/09\/crazy-idea-pull-oxygen-W-lambada-W22055142D-0044.jpg\",\"datePublished\":\"2025-04-14T16:31:58+00:00\",\"dateModified\":\"2026-04-23T09:46:01+00:00\",\"description\":\"Descubre la Traverse Pull: una chaqueta t\u00e9cnica ligera y compacta ideal para el senderismo y las excursiones. Confeccionada con tejidos Endurance Light y Stretch Series, ofrece comodidad, calidez y libertad de movimiento.\",\"breadcrumb\":{\"@id\":\"https:\/\/www.miomiorun.com\/es\/producto\/pull-traverse-mujer\/#breadcrumb\"},\"inLanguage\":\"es-ES\",\"potentialAction\":[{\"@type\":\"ReadAction\",\"target\":[\"https:\/\/www.miomiorun.com\/es\/producto\/pull-traverse-mujer\/\"]}]},{\"@type\":\"ImageObject\",\"inLanguage\":\"es-ES\",\"@id\":\"https:\/\/www.miomiorun.com\/es\/producto\/pull-traverse-mujer\/#primaryimage\",\"url\":\"https:\/\/www.miomiorun.com\/app\/uploads\/2022\/09\/crazy-idea-pull-oxygen-W-lambada-W22055142D-0044.jpg\",\"contentUrl\":\"https:\/\/www.miomiorun.com\/app\/uploads\/2022\/09\/crazy-idea-pull-oxygen-W-lambada-W22055142D-0044.jpg\",\"width\":600,\"height\":600,\"caption\":\"crazy-idea-pull-oxygen-W-lambada-W22055142D-0044\"},{\"@type\":\"BreadcrumbList\",\"@id\":\"https:\/\/www.miomiorun.com\/es\/producto\/pull-traverse-mujer\/#breadcrumb\",\"itemListElement\":[{\"@type\":\"ListItem\",\"position\":1,\"name\":\"Home\",\"item\":\"https:\/\/www.miomiorun.com\/es\/\"},{\"@type\":\"ListItem\",\"position\":2,\"name\":\"Shop\",\"item\":\"https:\/\/www.miomiorun.com\/shop\/\"},{\"@type\":\"ListItem\",\"position\":3,\"name\":\"Pull Traverse mujer\"}]},{\"@type\":\"WebSite\",\"@id\":\"https:\/\/www.miomiorun.com\/es\/#website\",\"url\":\"https:\/\/www.miomiorun.com\/es\/\",\"name\":\"MioMioRun\",\"description\":\"Tienda 100% running y trail\",\"publisher\":{\"@id\":\"https:\/\/www.miomiorun.com\/es\/#organization\"},\"potentialAction\":[{\"@type\":\"SearchAction\",\"target\":{\"@type\":\"EntryPoint\",\"urlTemplate\":\"https:\/\/www.miomiorun.com\/es\/?s={search_term_string}\"},\"query-input\":{\"@type\":\"PropertyValueSpecification\",\"valueRequired\":true,\"valueName\":\"search_term_string\"}}],\"inLanguage\":\"es-ES\"},{\"@type\":\"Organization\",\"@id\":\"https:\/\/www.miomiorun.com\/es\/#organization\",\"name\":\"MioMio Run\",\"url\":\"https:\/\/www.miomiorun.com\/es\/\",\"logo\":{\"@type\":\"ImageObject\",\"inLanguage\":\"es-ES\",\"@id\":\"https:\/\/www.miomiorun.com\/es\/#\/schema\/logo\/image\/\",\"url\":\"https:\/\/www.miomiorun.com\/app\/uploads\/2019\/12\/logomio.png\",\"contentUrl\":\"https:\/\/www.miomiorun.com\/app\/uploads\/2019\/12\/logomio.png\",\"width\":115,\"height\":82,\"caption\":\"MioMio Run\"},\"image\":{\"@id\":\"https:\/\/www.miomiorun.com\/es\/#\/schema\/logo\/image\/\"},\"sameAs\":[\"https:\/\/www.facebook.com\/miomiorun\/\",\"https:\/\/www.instagram.com\/miomiorun\/\"]}]}<\/script>\n<!-- \/ Yoast SEO plugin. -->","yoast_head_json":{"title":"Crazy Idea Pull Traverse mujer - Camiseta para correr - MioMioRun","description":"Descubre la Traverse Pull: una chaqueta t\u00e9cnica ligera y compacta ideal para el senderismo y las excursiones. Confeccionada con tejidos Endurance Light y Stretch Series, ofrece comodidad, calidez y libertad de movimiento.","robots":{"index":"index","follow":"follow","max-snippet":"max-snippet:-1","max-image-preview":"max-image-preview:large","max-video-preview":"max-video-preview:-1"},"canonical":"https:\/\/www.miomiorun.com\/es\/producto\/pull-traverse-mujer\/","og_locale":"es_ES","og_type":"article","og_title":"Crazy Idea Pull Traverse mujer - Camiseta para correr - MioMioRun","og_description":"Descubre la Traverse Pull: una chaqueta t\u00e9cnica ligera y compacta ideal para el senderismo y las excursiones. Confeccionada con tejidos Endurance Light y Stretch Series, ofrece comodidad, calidez y libertad de movimiento.","og_url":"https:\/\/www.miomiorun.com\/es\/producto\/pull-traverse-mujer\/","og_site_name":"MioMioRun","article_publisher":"https:\/\/www.facebook.com\/miomiorun\/","article_modified_time":"2026-04-23T09:46:01+00:00","og_image":[{"width":600,"height":600,"url":"https:\/\/www.miomiorun.com\/app\/uploads\/2022\/09\/crazy-idea-pull-oxygen-W-lambada-W22055142D-0044.jpg","type":"image\/jpeg"}],"twitter_card":"summary_large_image","twitter_misc":{"Est. reading time":"1 minute"},"schema":{"@context":"https:\/\/schema.org","@graph":[{"@type":"WebPage","@id":"https:\/\/www.miomiorun.com\/es\/producto\/pull-traverse-mujer\/","url":"https:\/\/www.miomiorun.com\/es\/producto\/pull-traverse-mujer\/","name":"Crazy Idea Pull Traverse mujer - Camiseta para correr - MioMioRun","isPartOf":{"@id":"https:\/\/www.miomiorun.com\/es\/#website"},"primaryImageOfPage":{"@id":"https:\/\/www.miomiorun.com\/es\/producto\/pull-traverse-mujer\/#primaryimage"},"image":{"@id":"https:\/\/www.miomiorun.com\/es\/producto\/pull-traverse-mujer\/#primaryimage"},"thumbnailUrl":"https:\/\/www.miomiorun.com\/app\/uploads\/2022\/09\/crazy-idea-pull-oxygen-W-lambada-W22055142D-0044.jpg","datePublished":"2025-04-14T16:31:58+00:00","dateModified":"2026-04-23T09:46:01+00:00","description":"Descubre la Traverse Pull: una chaqueta t\u00e9cnica ligera y compacta ideal para el senderismo y las excursiones. Confeccionada con tejidos Endurance Light y Stretch Series, ofrece comodidad, calidez y libertad de movimiento.","breadcrumb":{"@id":"https:\/\/www.miomiorun.com\/es\/producto\/pull-traverse-mujer\/#breadcrumb"},"inLanguage":"es-ES","potentialAction":[{"@type":"ReadAction","target":["https:\/\/www.miomiorun.com\/es\/producto\/pull-traverse-mujer\/"]}]},{"@type":"ImageObject","inLanguage":"es-ES","@id":"https:\/\/www.miomiorun.com\/es\/producto\/pull-traverse-mujer\/#primaryimage","url":"https:\/\/www.miomiorun.com\/app\/uploads\/2022\/09\/crazy-idea-pull-oxygen-W-lambada-W22055142D-0044.jpg","contentUrl":"https:\/\/www.miomiorun.com\/app\/uploads\/2022\/09\/crazy-idea-pull-oxygen-W-lambada-W22055142D-0044.jpg","width":600,"height":600,"caption":"crazy-idea-pull-oxygen-W-lambada-W22055142D-0044"},{"@type":"BreadcrumbList","@id":"https:\/\/www.miomiorun.com\/es\/producto\/pull-traverse-mujer\/#breadcrumb","itemListElement":[{"@type":"ListItem","position":1,"name":"Home","item":"https:\/\/www.miomiorun.com\/es\/"},{"@type":"ListItem","position":2,"name":"Shop","item":"https:\/\/www.miomiorun.com\/shop\/"},{"@type":"ListItem","position":3,"name":"Pull Traverse mujer"}]},{"@type":"WebSite","@id":"https:\/\/www.miomiorun.com\/es\/#website","url":"https:\/\/www.miomiorun.com\/es\/","name":"MioMioRun","description":"Tienda 100% running y trail","publisher":{"@id":"https:\/\/www.miomiorun.com\/es\/#organization"},"potentialAction":[{"@type":"SearchAction","target":{"@type":"EntryPoint","urlTemplate":"https:\/\/www.miomiorun.com\/es\/?s={search_term_string}"},"query-input":{"@type":"PropertyValueSpecification","valueRequired":true,"valueName":"search_term_string"}}],"inLanguage":"es-ES"},{"@type":"Organization","@id":"https:\/\/www.miomiorun.com\/es\/#organization","name":"MioMio Run","url":"https:\/\/www.miomiorun.com\/es\/","logo":{"@type":"ImageObject","inLanguage":"es-ES","@id":"https:\/\/www.miomiorun.com\/es\/#\/schema\/logo\/image\/","url":"https:\/\/www.miomiorun.com\/app\/uploads\/2019\/12\/logomio.png","contentUrl":"https:\/\/www.miomiorun.com\/app\/uploads\/2019\/12\/logomio.png","width":115,"height":82,"caption":"MioMio Run"},"image":{"@id":"https:\/\/www.miomiorun.com\/es\/#\/schema\/logo\/image\/"},"sameAs":["https:\/\/www.facebook.com\/miomiorun\/","https:\/\/www.instagram.com\/miomiorun\/"]}]}},"_links":{"self":[{"href":"https:\/\/www.miomiorun.com\/es\/wp-json\/wp\/v2\/product\/302983","targetHints":{"allow":["GET"]}}],"collection":[{"href":"https:\/\/www.miomiorun.com\/es\/wp-json\/wp\/v2\/product"}],"about":[{"href":"https:\/\/www.miomiorun.com\/es\/wp-json\/wp\/v2\/types\/product"}],"wp:featuredmedia":[{"embeddable":true,"href":"https:\/\/www.miomiorun.com\/es\/wp-json\/wp\/v2\/media\/237861"}],"wp:attachment":[{"href":"https:\/\/www.miomiorun.com\/es\/wp-json\/wp\/v2\/media?parent=302983"}],"wp:term":[{"taxonomy":"product_brand","embeddable":true,"href":"https:\/\/www.miomiorun.com\/es\/wp-json\/wp\/v2\/product_brand?post=302983"},{"taxonomy":"product_cat","embeddable":true,"href":"https:\/\/www.miomiorun.com\/es\/wp-json\/wp\/v2\/product_cat?post=302983"},{"taxonomy":"product_tag","embeddable":true,"href":"https:\/\/www.miomiorun.com\/es\/wp-json\/wp\/v2\/product_tag?post=302983"}],"curies":[{"name":"wp","href":"https:\/\/api.w.org\/{rel}","templated":true}]}}