{"id":302850,"date":"2025-04-14T18:01:31","date_gmt":"2025-04-14T16:01:31","guid":{"rendered":"https:\/\/miomiorun.com\/?post_type=product&#038;p=302850"},"modified":"2026-04-28T12:04:52","modified_gmt":"2026-04-28T10:04:52","slug":"top-sirio-mujer","status":"publish","type":"product","link":"https:\/\/www.miomiorun.com\/es\/producto\/top-sirio-mujer\/","title":{"rendered":"Top Sirio mujer"},"content":{"rendered":"<p class=\"\" data-start=\"152\" data-end=\"472\">Nuestra camiseta m\u00e1s t\u00e9cnica se renueva por completo, con un dise\u00f1o juvenil y moderno pensado para quienes desean combinar rendimiento y personalidad. M\u00e1s que una simple camiseta sin mangas, la <strong data-start=\"323\" data-end=\"336\">Top Sirio<\/strong> es una aut\u00e9ntica camiseta t\u00e9cnica sin mangas, dise\u00f1ada para afrontar las carreras m\u00e1s exigentes con ligereza, comodidad y estilo.<\/p>\n<p class=\"\" data-start=\"474\" data-end=\"727\">Los <strong data-start=\"477\" data-end=\"496\">tirantes anchos<\/strong> lo hacen perfecto para llevarlo incluso con mochila, mientras que el <strong data-start=\"568\" data-end=\"592\">cuello poco profundo<\/strong> recuerda a las prendas profesionales de competici\u00f3n. Es fresco, el\u00e1stico y sigue cada movimiento del cuerpo, ofreciendo una sensaci\u00f3n de total libertad.<\/p>\n<p class=\"\" data-start=\"729\" data-end=\"1034\">Confeccionada combinando dos tejidos t\u00e9cnicos ultraligeros \u2014 <strong data-start=\"782\" data-end=\"801\">Think 44 de malla<\/strong> en los paneles estampados para una m\u00e1xima transpirabilidad, y <strong data-start=\"857\" data-end=\"869\">Coolwave<\/strong> en los paneles laterales para favorecer la ventilaci\u00f3n y la comodidad\u2014, esta camiseta es la elecci\u00f3n ideal para los d\u00edas m\u00e1s calurosos, los entrenamientos intensos y las carreras m\u00e1s exigentes.<\/p>\n<p class=\"\" data-start=\"1036\" data-end=\"1056\"><strong data-start=\"1036\" data-end=\"1056\">Caracter\u00edsticas:<\/strong><\/p>\n<ul data-start=\"1057\" data-end=\"1290\">\n<li class=\"\" data-start=\"1057\" data-end=\"1099\">\n<p class=\"\" data-start=\"1059\" data-end=\"1099\">Estilo renovado, m\u00e1s juvenil y moderno<\/p>\n<\/li>\n<li class=\"\" data-start=\"1100\" data-end=\"1146\">\n<p class=\"\" data-start=\"1102\" data-end=\"1146\">Tirantes anchos ideales para llevar con mochila<\/p>\n<\/li>\n<li class=\"\" data-start=\"1147\" data-end=\"1180\">\n<p class=\"\" data-start=\"1149\" data-end=\"1180\">Cuello t\u00e9cnico y c\u00f3modo<\/p>\n<\/li>\n<li class=\"\" data-start=\"1181\" data-end=\"1240\">\n<p class=\"\" data-start=\"1183\" data-end=\"1240\">Tejidos ultraligeros y transpirables: Think 44 y Coolwave<\/p>\n<\/li>\n<li class=\"\" data-start=\"1241\" data-end=\"1290\">\n<p class=\"\" data-start=\"1243\" data-end=\"1290\">Perfecto para carreras, trail y entrenamientos de verano<\/p>\n<\/li>\n<\/ul>\n","protected":false},"excerpt":{"rendered":"<ul>\n<li class=\"\" data-start=\"1057\" data-end=\"1099\">\n<p class=\"\" data-start=\"1059\" data-end=\"1099\">Estilo renovado, m\u00e1s juvenil y a la moda<\/p>\n<\/li>\n<li class=\"\" data-start=\"1100\" data-end=\"1146\">\n<p class=\"\" data-start=\"1102\" data-end=\"1146\">Tirantes anchos, ideales para llevar con mochila<\/p>\n<\/li>\n<li class=\"\" data-start=\"1147\" data-end=\"1180\">\n<p class=\"\" data-start=\"1149\" data-end=\"1180\">Cuello t\u00e9cnico y c\u00f3modo<\/p>\n<\/li>\n<\/ul>\n","protected":false},"featured_media":304615,"template":"","meta":{"_acf_changed":false,"inline_featured_image":false},"product_brand":[],"product_cat":[24399,24401,24402],"product_tag":[23488,23646],"class_list":{"0":"post-302850","1":"product","2":"type-product","3":"status-publish","4":"has-post-thumbnail","6":"product_cat-chalecos","7":"product_cat-ropa-de-mujer","8":"product_cat-mujer","9":"product_tag-crazy-idea-es","10":"product_tag-crazy-idea-mujer","11":"pa_attivita-caminar","12":"pa_attivita-trail-es","13":"pa_colore-top-sirio-w-aster","14":"pa_colore-top-sirio-w-black-zebra-es","15":"pa_colore-top-sirio-w-lake-es","16":"pa_colore-top-sirio-w-mandala","17":"pa_colore-top-sirio-w-pop-black","18":"pa_colore-top-sirio-w-print-alpin-flower","19":"pa_colore-top-sirio-w-print-tattoo-es","20":"pa_marca-crazy-idea-es","21":"pa_sesso-mujer","22":"pa_size-extra-small-es","23":"pa_size-small-es","24":"pa_size-medium-es","25":"pa_size-large-es","27":"first","28":"instock","29":"sale","30":"taxable","31":"shipping-taxable","32":"purchasable","33":"product-type-variable","34":"wvs-archive-product-wrapper"},"acf":[],"yoast_head":"<!-- This site is optimized with the Yoast SEO plugin v26.8 - https:\/\/yoast.com\/product\/yoast-seo-wordpress\/ -->\n<title>Crazy Idea Top Sirio mujer - camiseta sin mangas para correr - MioMioRun<\/title>\n<meta name=\"description\" content=\"Descubre el nuevo Top Sirio: una camiseta t\u00e9cnica de running sin mangas, ligera, fresca y ultratranspirable. Ideal para carreras, trail y entrenamientos intensos. Estilo juvenil, tejidos t\u00e9cnicos \u00abMade in Italy\u00bb.\" \/>\n<meta name=\"robots\" content=\"index, follow, max-snippet:-1, max-image-preview:large, max-video-preview:-1\" \/>\n<link rel=\"canonical\" href=\"https:\/\/www.miomiorun.com\/es\/producto\/top-sirio-mujer\/\" \/>\n<meta property=\"og:locale\" content=\"es_ES\" \/>\n<meta property=\"og:type\" content=\"article\" \/>\n<meta property=\"og:title\" content=\"Crazy Idea Top Sirio mujer - camiseta sin mangas para correr - MioMioRun\" \/>\n<meta property=\"og:description\" content=\"Descubre el nuevo Top Sirio: una camiseta t\u00e9cnica de running sin mangas, ligera, fresca y ultratranspirable. Ideal para carreras, trail y entrenamientos intensos. Estilo juvenil, tejidos t\u00e9cnicos \u00abMade in Italy\u00bb.\" \/>\n<meta property=\"og:url\" content=\"https:\/\/www.miomiorun.com\/es\/producto\/top-sirio-mujer\/\" \/>\n<meta property=\"og:site_name\" content=\"MioMioRun\" \/>\n<meta property=\"article:publisher\" content=\"https:\/\/www.facebook.com\/miomiorun\/\" \/>\n<meta property=\"article:modified_time\" content=\"2026-04-28T10:04:52+00:00\" \/>\n<meta property=\"og:image\" content=\"https:\/\/www.miomiorun.com\/app\/uploads\/2025\/04\/crazy-Top-Sirio-W-print-tattoo-S25195043D-00X018.webp\" \/>\n\t<meta property=\"og:image:width\" content=\"600\" \/>\n\t<meta property=\"og:image:height\" content=\"600\" \/>\n\t<meta property=\"og:image:type\" content=\"image\/webp\" \/>\n<meta name=\"twitter:card\" content=\"summary_large_image\" \/>\n<meta name=\"twitter:label1\" content=\"Est. reading time\" \/>\n\t<meta name=\"twitter:data1\" content=\"1 minute\" \/>\n<script type=\"application\/ld+json\" class=\"yoast-schema-graph\">{\"@context\":\"https:\/\/schema.org\",\"@graph\":[{\"@type\":\"WebPage\",\"@id\":\"https:\/\/www.miomiorun.com\/es\/producto\/top-sirio-mujer\/\",\"url\":\"https:\/\/www.miomiorun.com\/es\/producto\/top-sirio-mujer\/\",\"name\":\"Crazy Idea Top Sirio mujer - camiseta sin mangas para correr - MioMioRun\",\"isPartOf\":{\"@id\":\"https:\/\/www.miomiorun.com\/es\/#website\"},\"primaryImageOfPage\":{\"@id\":\"https:\/\/www.miomiorun.com\/es\/producto\/top-sirio-mujer\/#primaryimage\"},\"image\":{\"@id\":\"https:\/\/www.miomiorun.com\/es\/producto\/top-sirio-mujer\/#primaryimage\"},\"thumbnailUrl\":\"https:\/\/www.miomiorun.com\/app\/uploads\/2025\/04\/crazy-Top-Sirio-W-print-tattoo-S25195043D-00X018.webp\",\"datePublished\":\"2025-04-14T16:01:31+00:00\",\"dateModified\":\"2026-04-28T10:04:52+00:00\",\"description\":\"Descubre el nuevo Top Sirio: una camiseta t\u00e9cnica de running sin mangas, ligera, fresca y ultratranspirable. Ideal para carreras, trail y entrenamientos intensos. Estilo juvenil, tejidos t\u00e9cnicos \u00abMade in Italy\u00bb.\",\"breadcrumb\":{\"@id\":\"https:\/\/www.miomiorun.com\/es\/producto\/top-sirio-mujer\/#breadcrumb\"},\"inLanguage\":\"es-ES\",\"potentialAction\":[{\"@type\":\"ReadAction\",\"target\":[\"https:\/\/www.miomiorun.com\/es\/producto\/top-sirio-mujer\/\"]}]},{\"@type\":\"ImageObject\",\"inLanguage\":\"es-ES\",\"@id\":\"https:\/\/www.miomiorun.com\/es\/producto\/top-sirio-mujer\/#primaryimage\",\"url\":\"https:\/\/www.miomiorun.com\/app\/uploads\/2025\/04\/crazy-Top-Sirio-W-print-tattoo-S25195043D-00X018.webp\",\"contentUrl\":\"https:\/\/www.miomiorun.com\/app\/uploads\/2025\/04\/crazy-Top-Sirio-W-print-tattoo-S25195043D-00X018.webp\",\"width\":600,\"height\":600,\"caption\":\"crazy Top Sirio W print tattoo S25195043D-00X018\"},{\"@type\":\"BreadcrumbList\",\"@id\":\"https:\/\/www.miomiorun.com\/es\/producto\/top-sirio-mujer\/#breadcrumb\",\"itemListElement\":[{\"@type\":\"ListItem\",\"position\":1,\"name\":\"Home\",\"item\":\"https:\/\/www.miomiorun.com\/es\/\"},{\"@type\":\"ListItem\",\"position\":2,\"name\":\"Shop\",\"item\":\"https:\/\/www.miomiorun.com\/shop\/\"},{\"@type\":\"ListItem\",\"position\":3,\"name\":\"Top Sirio mujer\"}]},{\"@type\":\"WebSite\",\"@id\":\"https:\/\/www.miomiorun.com\/es\/#website\",\"url\":\"https:\/\/www.miomiorun.com\/es\/\",\"name\":\"MioMioRun\",\"description\":\"Tienda 100% running y trail\",\"publisher\":{\"@id\":\"https:\/\/www.miomiorun.com\/es\/#organization\"},\"potentialAction\":[{\"@type\":\"SearchAction\",\"target\":{\"@type\":\"EntryPoint\",\"urlTemplate\":\"https:\/\/www.miomiorun.com\/es\/?s={search_term_string}\"},\"query-input\":{\"@type\":\"PropertyValueSpecification\",\"valueRequired\":true,\"valueName\":\"search_term_string\"}}],\"inLanguage\":\"es-ES\"},{\"@type\":\"Organization\",\"@id\":\"https:\/\/www.miomiorun.com\/es\/#organization\",\"name\":\"MioMio Run\",\"url\":\"https:\/\/www.miomiorun.com\/es\/\",\"logo\":{\"@type\":\"ImageObject\",\"inLanguage\":\"es-ES\",\"@id\":\"https:\/\/www.miomiorun.com\/es\/#\/schema\/logo\/image\/\",\"url\":\"https:\/\/www.miomiorun.com\/app\/uploads\/2019\/12\/logomio.png\",\"contentUrl\":\"https:\/\/www.miomiorun.com\/app\/uploads\/2019\/12\/logomio.png\",\"width\":115,\"height\":82,\"caption\":\"MioMio Run\"},\"image\":{\"@id\":\"https:\/\/www.miomiorun.com\/es\/#\/schema\/logo\/image\/\"},\"sameAs\":[\"https:\/\/www.facebook.com\/miomiorun\/\",\"https:\/\/www.instagram.com\/miomiorun\/\"]}]}<\/script>\n<!-- \/ Yoast SEO plugin. -->","yoast_head_json":{"title":"Crazy Idea Top Sirio mujer - camiseta sin mangas para correr - MioMioRun","description":"Descubre el nuevo Top Sirio: una camiseta t\u00e9cnica de running sin mangas, ligera, fresca y ultratranspirable. Ideal para carreras, trail y entrenamientos intensos. Estilo juvenil, tejidos t\u00e9cnicos \u00abMade in Italy\u00bb.","robots":{"index":"index","follow":"follow","max-snippet":"max-snippet:-1","max-image-preview":"max-image-preview:large","max-video-preview":"max-video-preview:-1"},"canonical":"https:\/\/www.miomiorun.com\/es\/producto\/top-sirio-mujer\/","og_locale":"es_ES","og_type":"article","og_title":"Crazy Idea Top Sirio mujer - camiseta sin mangas para correr - MioMioRun","og_description":"Descubre el nuevo Top Sirio: una camiseta t\u00e9cnica de running sin mangas, ligera, fresca y ultratranspirable. Ideal para carreras, trail y entrenamientos intensos. Estilo juvenil, tejidos t\u00e9cnicos \u00abMade in Italy\u00bb.","og_url":"https:\/\/www.miomiorun.com\/es\/producto\/top-sirio-mujer\/","og_site_name":"MioMioRun","article_publisher":"https:\/\/www.facebook.com\/miomiorun\/","article_modified_time":"2026-04-28T10:04:52+00:00","og_image":[{"width":600,"height":600,"url":"https:\/\/www.miomiorun.com\/app\/uploads\/2025\/04\/crazy-Top-Sirio-W-print-tattoo-S25195043D-00X018.webp","type":"image\/webp"}],"twitter_card":"summary_large_image","twitter_misc":{"Est. reading time":"1 minute"},"schema":{"@context":"https:\/\/schema.org","@graph":[{"@type":"WebPage","@id":"https:\/\/www.miomiorun.com\/es\/producto\/top-sirio-mujer\/","url":"https:\/\/www.miomiorun.com\/es\/producto\/top-sirio-mujer\/","name":"Crazy Idea Top Sirio mujer - camiseta sin mangas para correr - MioMioRun","isPartOf":{"@id":"https:\/\/www.miomiorun.com\/es\/#website"},"primaryImageOfPage":{"@id":"https:\/\/www.miomiorun.com\/es\/producto\/top-sirio-mujer\/#primaryimage"},"image":{"@id":"https:\/\/www.miomiorun.com\/es\/producto\/top-sirio-mujer\/#primaryimage"},"thumbnailUrl":"https:\/\/www.miomiorun.com\/app\/uploads\/2025\/04\/crazy-Top-Sirio-W-print-tattoo-S25195043D-00X018.webp","datePublished":"2025-04-14T16:01:31+00:00","dateModified":"2026-04-28T10:04:52+00:00","description":"Descubre el nuevo Top Sirio: una camiseta t\u00e9cnica de running sin mangas, ligera, fresca y ultratranspirable. Ideal para carreras, trail y entrenamientos intensos. Estilo juvenil, tejidos t\u00e9cnicos \u00abMade in Italy\u00bb.","breadcrumb":{"@id":"https:\/\/www.miomiorun.com\/es\/producto\/top-sirio-mujer\/#breadcrumb"},"inLanguage":"es-ES","potentialAction":[{"@type":"ReadAction","target":["https:\/\/www.miomiorun.com\/es\/producto\/top-sirio-mujer\/"]}]},{"@type":"ImageObject","inLanguage":"es-ES","@id":"https:\/\/www.miomiorun.com\/es\/producto\/top-sirio-mujer\/#primaryimage","url":"https:\/\/www.miomiorun.com\/app\/uploads\/2025\/04\/crazy-Top-Sirio-W-print-tattoo-S25195043D-00X018.webp","contentUrl":"https:\/\/www.miomiorun.com\/app\/uploads\/2025\/04\/crazy-Top-Sirio-W-print-tattoo-S25195043D-00X018.webp","width":600,"height":600,"caption":"crazy Top Sirio W print tattoo S25195043D-00X018"},{"@type":"BreadcrumbList","@id":"https:\/\/www.miomiorun.com\/es\/producto\/top-sirio-mujer\/#breadcrumb","itemListElement":[{"@type":"ListItem","position":1,"name":"Home","item":"https:\/\/www.miomiorun.com\/es\/"},{"@type":"ListItem","position":2,"name":"Shop","item":"https:\/\/www.miomiorun.com\/shop\/"},{"@type":"ListItem","position":3,"name":"Top Sirio mujer"}]},{"@type":"WebSite","@id":"https:\/\/www.miomiorun.com\/es\/#website","url":"https:\/\/www.miomiorun.com\/es\/","name":"MioMioRun","description":"Tienda 100% running y trail","publisher":{"@id":"https:\/\/www.miomiorun.com\/es\/#organization"},"potentialAction":[{"@type":"SearchAction","target":{"@type":"EntryPoint","urlTemplate":"https:\/\/www.miomiorun.com\/es\/?s={search_term_string}"},"query-input":{"@type":"PropertyValueSpecification","valueRequired":true,"valueName":"search_term_string"}}],"inLanguage":"es-ES"},{"@type":"Organization","@id":"https:\/\/www.miomiorun.com\/es\/#organization","name":"MioMio Run","url":"https:\/\/www.miomiorun.com\/es\/","logo":{"@type":"ImageObject","inLanguage":"es-ES","@id":"https:\/\/www.miomiorun.com\/es\/#\/schema\/logo\/image\/","url":"https:\/\/www.miomiorun.com\/app\/uploads\/2019\/12\/logomio.png","contentUrl":"https:\/\/www.miomiorun.com\/app\/uploads\/2019\/12\/logomio.png","width":115,"height":82,"caption":"MioMio Run"},"image":{"@id":"https:\/\/www.miomiorun.com\/es\/#\/schema\/logo\/image\/"},"sameAs":["https:\/\/www.facebook.com\/miomiorun\/","https:\/\/www.instagram.com\/miomiorun\/"]}]}},"_links":{"self":[{"href":"https:\/\/www.miomiorun.com\/es\/wp-json\/wp\/v2\/product\/302850","targetHints":{"allow":["GET"]}}],"collection":[{"href":"https:\/\/www.miomiorun.com\/es\/wp-json\/wp\/v2\/product"}],"about":[{"href":"https:\/\/www.miomiorun.com\/es\/wp-json\/wp\/v2\/types\/product"}],"wp:featuredmedia":[{"embeddable":true,"href":"https:\/\/www.miomiorun.com\/es\/wp-json\/wp\/v2\/media\/304615"}],"wp:attachment":[{"href":"https:\/\/www.miomiorun.com\/es\/wp-json\/wp\/v2\/media?parent=302850"}],"wp:term":[{"taxonomy":"product_brand","embeddable":true,"href":"https:\/\/www.miomiorun.com\/es\/wp-json\/wp\/v2\/product_brand?post=302850"},{"taxonomy":"product_cat","embeddable":true,"href":"https:\/\/www.miomiorun.com\/es\/wp-json\/wp\/v2\/product_cat?post=302850"},{"taxonomy":"product_tag","embeddable":true,"href":"https:\/\/www.miomiorun.com\/es\/wp-json\/wp\/v2\/product_tag?post=302850"}],"curies":[{"name":"wp","href":"https:\/\/api.w.org\/{rel}","templated":true}]}}