{"id":302068,"date":"2025-04-14T16:22:12","date_gmt":"2025-04-14T14:22:12","guid":{"rendered":"https:\/\/miomiorun.com\/?post_type=product&#038;p=302068"},"modified":"2026-03-25T10:58:33","modified_gmt":"2026-03-25T09:58:33","slug":"clifton-10-hombre","status":"publish","type":"product","link":"https:\/\/www.miomiorun.com\/es\/producto\/clifton-10-hombre\/","title":{"rendered":"Clifton 10 hombre"},"content":{"rendered":"<p><div class=\"vc-row container\"><div class=\"vc-column\"><div class=\"vc-column-text\"><\/p>\n<h4>Especificaciones t\u00e9cnicas<\/h4>\n<p>Categor\u00eda: Amortiguaci\u00f3n suave.<br \/>\nOffset: 8 mm.<br \/>\nPeso: 278 g.<br \/>\nIdeal para: corredores y caminantes con pisada neutra que buscan un modelo con una amortiguaci\u00f3n \u00f3ptima y c\u00f3modo, capaz de neutralizar los impactos con el suelo, para carreras y caminatas de media y larga distancia.<br \/>\nPeso del atleta: 70-80 kg<br \/>\nRitmo de carrera: medio (5-6 min\/km)<br \/>\n<a href=\"https:\/\/miomiorun.com\/es\/guia-especifica\/\">Gu\u00eda de especificaciones t\u00e9cnicas<\/a><\/p>\n<p><\/div><\/div><div class=\"vc-column\"><div class=\"vc-column-text\"><\/p>\n<p class=\"\" data-start=\"175\" data-end=\"482\">Descubre la nueva generaci\u00f3n de Clifton, el modelo ic\u00f3nico que lleva m\u00e1s de 10 a\u00f1os acompa\u00f1ando a los corredores en sus carreras diarias. Dise\u00f1ado para quienes aman recorrer kil\u00f3metros con ligereza y fiabilidad, este calzado renueva el concepto de amortiguaci\u00f3n, ofreciendo una experiencia a\u00fan m\u00e1s fluida y protegida.<\/p>\n<p class=\"\" data-start=\"484\" data-end=\"892\"><strong data-start=\"484\" data-end=\"532\">Dise\u00f1ado para correr por carretera y caminar,<\/strong> el Clifton integra una parte superior de tejido jacquard transpirable y detalles reflectantes, lo que garantiza visibilidad y comodidad incluso en las salidas m\u00e1s largas o nocturnas. El sistema <strong data-start=\"702\" data-end=\"724\">MetaRocker\u2122 fluido<\/strong> favorece una transici\u00f3n natural paso a paso, mientras que la nueva entresuela de CMEVA y la plantilla moldeada de EVA ofrecen una respuesta suave, estable y din\u00e1mica.<br \/>\n<strong data-start=\"894\" data-end=\"931\">\u00bfQu\u00e9 cambia en la nueva versi\u00f3n?<\/p>\n<p>3 mm adicionales de drop para una sensaci\u00f3n m\u00e1s envolvente<\/p>\n<p>Doble cierre para mantener la leng\u00fceta siempre en su sitio<\/p>\n<p>Tal\u00f3n y antepi\u00e9 perfeccionados para un ajuste impecable<\/p>\n<p>Transici\u00f3n m\u00e1s fluida y natural bajo el pie<\/p>\n<h3 class=\"\" data-start=\"1180\" data-end=\"1207\"><strong data-start=\"1184\" data-end=\"1205\">Por qu\u00e9 elegirla<\/strong><\/h3>\n<ul>\n<li data-start=\"1208\" data-end=\"1447\">&nbsp;Ultraligera y reactiva<\/li>\n<li data-start=\"1208\" data-end=\"1447\">Amortiguaci\u00f3n precisa y c\u00f3moda<\/li>\n<li data-start=\"1208\" data-end=\"1447\">M\u00e1xima transpirabilidad gracias a la malla jacquard<\/li>\n<li data-start=\"1208\" data-end=\"1447\">Detalles reflectantes para correr con seguridad<\/li>\n<li data-start=\"1208\" data-end=\"1447\">Resistente y estable, dise\u00f1ada para acompa\u00f1arte cada d\u00eda<\/li>\n<\/ul>\n<p class=\"\" data-start=\"1449\" data-end=\"1597\">Si buscas un calzado fiable, ligero y con una comodidad duradera para tus entrenamientos diarios en carretera, <strong data-start=\"1558\" data-end=\"1597\">Clifton es el modelo ideal para ti.<\/strong><\/p>\n<p><\/div><\/div><\/div><div class=\"vc-row container\"><div class=\"vc-column\"><\/div><\/div><\/strong><\/p>\n","protected":false},"excerpt":{"rendered":"<ul>\n<li>MetaRocker\u2122 fluido<\/li>\n<li>3 mm adicionales de ca\u00edda para una sensaci\u00f3n m\u00e1s envolvente<\/li>\n<li>Dise\u00f1ado para la calle y para caminar<\/li>\n<\/ul>\n","protected":false},"featured_media":428051,"template":"","meta":{"_acf_changed":false,"inline_featured_image":false},"product_brand":[],"product_cat":[24454,24453],"product_tag":[23479,23605],"class_list":{"0":"post-302068","1":"product","2":"type-product","3":"status-publish","4":"has-post-thumbnail","6":"product_cat-calzado-para-hombre","7":"product_cat-neutre-es-3","8":"product_tag-hoka-one-one-es","9":"product_tag-hoka-hombre","10":"pa_attivita-caminar","11":"pa_attivita-lifestyle-es","12":"pa_attivita-running-es","13":"pa_colore-clifton-10-ash-grey-neon-green","14":"pa_colore-clifton-10-putty-grout","15":"pa_colore-clifton-10-sage-neon-flame","16":"pa_colore-clifton-10-yellow-gold-tidal-wave","17":"pa_marca-hoka-es","18":"pa_sesso-hombre","19":"pa_size-41-es","20":"pa_size-42-es","22":"pa_size-43-es","23":"pa_size-44-es","25":"pa_size-45-es","26":"pa_size-46-es","28":"pa_size-47-es","30":"first","31":"instock","32":"sale","33":"taxable","34":"shipping-taxable","35":"purchasable","36":"product-type-variable","37":"wvs-archive-product-wrapper"},"acf":[],"yoast_head":"<!-- This site is optimized with the Yoast SEO plugin v26.8 - https:\/\/yoast.com\/product\/yoast-seo-wordpress\/ -->\n<title>Hoka Clifton 10 hombre -zapatillas de running - MioMioRun .com<\/title>\n<meta name=\"description\" content=\"Descubre las nuevas HOKA Clifton: zapatillas de running ligeras, amortiguadas y estables, ideales para correr por carretera y caminar. Comodidad diaria y rendimiento fluido.\" \/>\n<meta name=\"robots\" content=\"index, follow, max-snippet:-1, max-image-preview:large, max-video-preview:-1\" \/>\n<link rel=\"canonical\" href=\"https:\/\/www.miomiorun.com\/es\/producto\/clifton-10-hombre\/\" \/>\n<meta property=\"og:locale\" content=\"es_ES\" \/>\n<meta property=\"og:type\" content=\"article\" \/>\n<meta property=\"og:title\" content=\"Hoka Clifton 10 hombre -zapatillas de running - MioMioRun .com\" \/>\n<meta property=\"og:description\" content=\"Descubre las nuevas HOKA Clifton: zapatillas de running ligeras, amortiguadas y estables, ideales para correr por carretera y caminar. Comodidad diaria y rendimiento fluido.\" \/>\n<meta property=\"og:url\" content=\"https:\/\/www.miomiorun.com\/es\/producto\/clifton-10-hombre\/\" \/>\n<meta property=\"og:site_name\" content=\"MioMioRun\" \/>\n<meta property=\"article:publisher\" content=\"https:\/\/www.facebook.com\/miomiorun\/\" \/>\n<meta property=\"article:modified_time\" content=\"2026-03-25T09:58:33+00:00\" \/>\n<meta property=\"og:image\" content=\"https:\/\/www.miomiorun.com\/app\/uploads\/2025\/04\/hoka-Clifton-10-mint-fluorite-luna-moth-1162030-MTFL.webp\" \/>\n\t<meta property=\"og:image:width\" content=\"600\" \/>\n\t<meta property=\"og:image:height\" content=\"600\" \/>\n\t<meta property=\"og:image:type\" content=\"image\/webp\" \/>\n<meta name=\"twitter:card\" content=\"summary_large_image\" \/>\n<meta name=\"twitter:label1\" content=\"Est. reading time\" \/>\n\t<meta name=\"twitter:data1\" content=\"2 minutes\" \/>\n<script type=\"application\/ld+json\" class=\"yoast-schema-graph\">{\"@context\":\"https:\/\/schema.org\",\"@graph\":[{\"@type\":\"WebPage\",\"@id\":\"https:\/\/www.miomiorun.com\/es\/producto\/clifton-10-hombre\/\",\"url\":\"https:\/\/www.miomiorun.com\/es\/producto\/clifton-10-hombre\/\",\"name\":\"Hoka Clifton 10 hombre -zapatillas de running - MioMioRun .com\",\"isPartOf\":{\"@id\":\"https:\/\/www.miomiorun.com\/es\/#website\"},\"primaryImageOfPage\":{\"@id\":\"https:\/\/www.miomiorun.com\/es\/producto\/clifton-10-hombre\/#primaryimage\"},\"image\":{\"@id\":\"https:\/\/www.miomiorun.com\/es\/producto\/clifton-10-hombre\/#primaryimage\"},\"thumbnailUrl\":\"https:\/\/www.miomiorun.com\/app\/uploads\/2026\/04\/hoka-Clifton-10-yellow-gold-tidal-wave-1162030-YDT.webp\",\"datePublished\":\"2025-04-14T14:22:12+00:00\",\"dateModified\":\"2026-03-25T09:58:33+00:00\",\"description\":\"Descubre las nuevas HOKA Clifton: zapatillas de running ligeras, amortiguadas y estables, ideales para correr por carretera y caminar. Comodidad diaria y rendimiento fluido.\",\"breadcrumb\":{\"@id\":\"https:\/\/www.miomiorun.com\/es\/producto\/clifton-10-hombre\/#breadcrumb\"},\"inLanguage\":\"es-ES\",\"potentialAction\":[{\"@type\":\"ReadAction\",\"target\":[\"https:\/\/www.miomiorun.com\/es\/producto\/clifton-10-hombre\/\"]}]},{\"@type\":\"ImageObject\",\"inLanguage\":\"es-ES\",\"@id\":\"https:\/\/www.miomiorun.com\/es\/producto\/clifton-10-hombre\/#primaryimage\",\"url\":\"https:\/\/www.miomiorun.com\/app\/uploads\/2026\/04\/hoka-Clifton-10-yellow-gold-tidal-wave-1162030-YDT.webp\",\"contentUrl\":\"https:\/\/www.miomiorun.com\/app\/uploads\/2026\/04\/hoka-Clifton-10-yellow-gold-tidal-wave-1162030-YDT.webp\",\"width\":720,\"height\":720,\"caption\":\"hoka Clifton 10 yellow gold tidal wave 1162030 YDT\"},{\"@type\":\"BreadcrumbList\",\"@id\":\"https:\/\/www.miomiorun.com\/es\/producto\/clifton-10-hombre\/#breadcrumb\",\"itemListElement\":[{\"@type\":\"ListItem\",\"position\":1,\"name\":\"Home\",\"item\":\"https:\/\/www.miomiorun.com\/es\/\"},{\"@type\":\"ListItem\",\"position\":2,\"name\":\"Shop\",\"item\":\"https:\/\/www.miomiorun.com\/shop\/\"},{\"@type\":\"ListItem\",\"position\":3,\"name\":\"Clifton 10 hombre\"}]},{\"@type\":\"WebSite\",\"@id\":\"https:\/\/www.miomiorun.com\/es\/#website\",\"url\":\"https:\/\/www.miomiorun.com\/es\/\",\"name\":\"MioMioRun\",\"description\":\"Tienda 100% running y trail\",\"publisher\":{\"@id\":\"https:\/\/www.miomiorun.com\/es\/#organization\"},\"potentialAction\":[{\"@type\":\"SearchAction\",\"target\":{\"@type\":\"EntryPoint\",\"urlTemplate\":\"https:\/\/www.miomiorun.com\/es\/?s={search_term_string}\"},\"query-input\":{\"@type\":\"PropertyValueSpecification\",\"valueRequired\":true,\"valueName\":\"search_term_string\"}}],\"inLanguage\":\"es-ES\"},{\"@type\":\"Organization\",\"@id\":\"https:\/\/www.miomiorun.com\/es\/#organization\",\"name\":\"MioMio Run\",\"url\":\"https:\/\/www.miomiorun.com\/es\/\",\"logo\":{\"@type\":\"ImageObject\",\"inLanguage\":\"es-ES\",\"@id\":\"https:\/\/www.miomiorun.com\/es\/#\/schema\/logo\/image\/\",\"url\":\"https:\/\/www.miomiorun.com\/app\/uploads\/2019\/12\/logomio.png\",\"contentUrl\":\"https:\/\/www.miomiorun.com\/app\/uploads\/2019\/12\/logomio.png\",\"width\":115,\"height\":82,\"caption\":\"MioMio Run\"},\"image\":{\"@id\":\"https:\/\/www.miomiorun.com\/es\/#\/schema\/logo\/image\/\"},\"sameAs\":[\"https:\/\/www.facebook.com\/miomiorun\/\",\"https:\/\/www.instagram.com\/miomiorun\/\"]}]}<\/script>\n<!-- \/ Yoast SEO plugin. -->","yoast_head_json":{"title":"Hoka Clifton 10 hombre -zapatillas de running - MioMioRun .com","description":"Descubre las nuevas HOKA Clifton: zapatillas de running ligeras, amortiguadas y estables, ideales para correr por carretera y caminar. Comodidad diaria y rendimiento fluido.","robots":{"index":"index","follow":"follow","max-snippet":"max-snippet:-1","max-image-preview":"max-image-preview:large","max-video-preview":"max-video-preview:-1"},"canonical":"https:\/\/www.miomiorun.com\/es\/producto\/clifton-10-hombre\/","og_locale":"es_ES","og_type":"article","og_title":"Hoka Clifton 10 hombre -zapatillas de running - MioMioRun .com","og_description":"Descubre las nuevas HOKA Clifton: zapatillas de running ligeras, amortiguadas y estables, ideales para correr por carretera y caminar. Comodidad diaria y rendimiento fluido.","og_url":"https:\/\/www.miomiorun.com\/es\/producto\/clifton-10-hombre\/","og_site_name":"MioMioRun","article_publisher":"https:\/\/www.facebook.com\/miomiorun\/","article_modified_time":"2026-03-25T09:58:33+00:00","og_image":[{"width":600,"height":600,"url":"https:\/\/www.miomiorun.com\/app\/uploads\/2025\/04\/hoka-Clifton-10-mint-fluorite-luna-moth-1162030-MTFL.webp","type":"image\/webp"}],"twitter_card":"summary_large_image","twitter_misc":{"Est. reading time":"2 minutes"},"schema":{"@context":"https:\/\/schema.org","@graph":[{"@type":"WebPage","@id":"https:\/\/www.miomiorun.com\/es\/producto\/clifton-10-hombre\/","url":"https:\/\/www.miomiorun.com\/es\/producto\/clifton-10-hombre\/","name":"Hoka Clifton 10 hombre -zapatillas de running - MioMioRun .com","isPartOf":{"@id":"https:\/\/www.miomiorun.com\/es\/#website"},"primaryImageOfPage":{"@id":"https:\/\/www.miomiorun.com\/es\/producto\/clifton-10-hombre\/#primaryimage"},"image":{"@id":"https:\/\/www.miomiorun.com\/es\/producto\/clifton-10-hombre\/#primaryimage"},"thumbnailUrl":"https:\/\/www.miomiorun.com\/app\/uploads\/2026\/04\/hoka-Clifton-10-yellow-gold-tidal-wave-1162030-YDT.webp","datePublished":"2025-04-14T14:22:12+00:00","dateModified":"2026-03-25T09:58:33+00:00","description":"Descubre las nuevas HOKA Clifton: zapatillas de running ligeras, amortiguadas y estables, ideales para correr por carretera y caminar. Comodidad diaria y rendimiento fluido.","breadcrumb":{"@id":"https:\/\/www.miomiorun.com\/es\/producto\/clifton-10-hombre\/#breadcrumb"},"inLanguage":"es-ES","potentialAction":[{"@type":"ReadAction","target":["https:\/\/www.miomiorun.com\/es\/producto\/clifton-10-hombre\/"]}]},{"@type":"ImageObject","inLanguage":"es-ES","@id":"https:\/\/www.miomiorun.com\/es\/producto\/clifton-10-hombre\/#primaryimage","url":"https:\/\/www.miomiorun.com\/app\/uploads\/2026\/04\/hoka-Clifton-10-yellow-gold-tidal-wave-1162030-YDT.webp","contentUrl":"https:\/\/www.miomiorun.com\/app\/uploads\/2026\/04\/hoka-Clifton-10-yellow-gold-tidal-wave-1162030-YDT.webp","width":720,"height":720,"caption":"hoka Clifton 10 yellow gold tidal wave 1162030 YDT"},{"@type":"BreadcrumbList","@id":"https:\/\/www.miomiorun.com\/es\/producto\/clifton-10-hombre\/#breadcrumb","itemListElement":[{"@type":"ListItem","position":1,"name":"Home","item":"https:\/\/www.miomiorun.com\/es\/"},{"@type":"ListItem","position":2,"name":"Shop","item":"https:\/\/www.miomiorun.com\/shop\/"},{"@type":"ListItem","position":3,"name":"Clifton 10 hombre"}]},{"@type":"WebSite","@id":"https:\/\/www.miomiorun.com\/es\/#website","url":"https:\/\/www.miomiorun.com\/es\/","name":"MioMioRun","description":"Tienda 100% running y trail","publisher":{"@id":"https:\/\/www.miomiorun.com\/es\/#organization"},"potentialAction":[{"@type":"SearchAction","target":{"@type":"EntryPoint","urlTemplate":"https:\/\/www.miomiorun.com\/es\/?s={search_term_string}"},"query-input":{"@type":"PropertyValueSpecification","valueRequired":true,"valueName":"search_term_string"}}],"inLanguage":"es-ES"},{"@type":"Organization","@id":"https:\/\/www.miomiorun.com\/es\/#organization","name":"MioMio Run","url":"https:\/\/www.miomiorun.com\/es\/","logo":{"@type":"ImageObject","inLanguage":"es-ES","@id":"https:\/\/www.miomiorun.com\/es\/#\/schema\/logo\/image\/","url":"https:\/\/www.miomiorun.com\/app\/uploads\/2019\/12\/logomio.png","contentUrl":"https:\/\/www.miomiorun.com\/app\/uploads\/2019\/12\/logomio.png","width":115,"height":82,"caption":"MioMio Run"},"image":{"@id":"https:\/\/www.miomiorun.com\/es\/#\/schema\/logo\/image\/"},"sameAs":["https:\/\/www.facebook.com\/miomiorun\/","https:\/\/www.instagram.com\/miomiorun\/"]}]}},"_links":{"self":[{"href":"https:\/\/www.miomiorun.com\/es\/wp-json\/wp\/v2\/product\/302068","targetHints":{"allow":["GET"]}}],"collection":[{"href":"https:\/\/www.miomiorun.com\/es\/wp-json\/wp\/v2\/product"}],"about":[{"href":"https:\/\/www.miomiorun.com\/es\/wp-json\/wp\/v2\/types\/product"}],"wp:featuredmedia":[{"embeddable":true,"href":"https:\/\/www.miomiorun.com\/es\/wp-json\/wp\/v2\/media\/428051"}],"wp:attachment":[{"href":"https:\/\/www.miomiorun.com\/es\/wp-json\/wp\/v2\/media?parent=302068"}],"wp:term":[{"taxonomy":"product_brand","embeddable":true,"href":"https:\/\/www.miomiorun.com\/es\/wp-json\/wp\/v2\/product_brand?post=302068"},{"taxonomy":"product_cat","embeddable":true,"href":"https:\/\/www.miomiorun.com\/es\/wp-json\/wp\/v2\/product_cat?post=302068"},{"taxonomy":"product_tag","embeddable":true,"href":"https:\/\/www.miomiorun.com\/es\/wp-json\/wp\/v2\/product_tag?post=302068"}],"curies":[{"name":"wp","href":"https:\/\/api.w.org\/{rel}","templated":true}]}}