{"id":301370,"date":"2025-04-02T10:45:24","date_gmt":"2025-04-02T08:45:24","guid":{"rendered":"https:\/\/miomiorun.com\/prodotto\/gel-trabuco-13-donna\/"},"modified":"2026-03-29T16:49:28","modified_gmt":"2026-03-29T14:49:28","slug":"gel-trabuco-13-mujer","status":"publish","type":"product","link":"https:\/\/www.miomiorun.com\/es\/producto\/gel-trabuco-13-mujer\/","title":{"rendered":"Gel-Trabuco 13 mujer"},"content":{"rendered":"<div class=\"vc-row container\"><div class=\"vc-column\"><div class=\"vc-column-text\"><\/p>\n<p><strong>Especificaciones t\u00e9cnicas<\/strong><\/p>\n<p>Categor\u00eda: amortiguaci\u00f3n superior<br \/>\nOffset: 8 mm<br \/>\nPeso: 250 g<br \/>\nIdeal para: corredores, corredores de trail y caminantes que buscan un modelo ligero, capaz de garantizar suavidad de apoyo y elasticidad, con una buena tracci\u00f3n en terrenos monta\u00f1osos, incluso exigentes. <br \/>\nPeso del atleta: 60-70 kg<br \/>\nRitmo de carrera: medio (5,00-5,30 min\/km)<br \/>\n<a href=\"https:\/\/miomiorun.com\/es\/guia-especifica\/\">Gu\u00eda de especificaciones t\u00e9cnicas<\/a><\/p>\n<p><\/div><\/div><div class=\"vc-column\"><div class=\"vc-column-text\">Afront\u00e1 cualquier sendero con seguridad y comodidad con las <strong>GEL-TRABUCO 13<\/strong>, las zapatillas de trail running perfectas para las mujeres que aman explorar la naturaleza con total libertad. Gracias a la <strong>espuma FF BLAST PLUS ECO<\/strong>, ofrece una excelente amortiguaci\u00f3n, lo que reduce el impacto en las articulaciones y garantiza una comodidad duradera incluso durante las carreras m\u00e1s largas.<\/p>\n<p>La <strong>suela ASICSGRIP<\/strong> garantiza un agarre extraordinario en cualquier tipo de terreno, ya sea sobre superficies mojadas, rocosas o embarradas, mientras que la <strong>placa antirocas<\/strong> protege tus pies de los peligros de los senderos m\u00e1s dif\u00edciles. Cada paso ser\u00e1 seguro y estable, sin comprometer la comodidad.<\/p>\n<p>Disponible en varias combinaciones de colores elegantes y en una amplia gama de tallas, la <strong>GEL-TRABUCO 13<\/strong> es la aliada ideal para cualquier aventura por senderos. Elige el agarre, la protecci\u00f3n y la comodidad perfectos que solo un calzado de alta calidad puede ofrecer.<br \/>\nCARACTER\u00cdSTICAS:<\/p>\n<p>Espuma FF BLAST PLUS ECO<\/p>\n<p>Ofrece una amortiguaci\u00f3n ligera y de alta calidad para mayor comodidad.<\/p>\n<li class=\"small-reg\">\n<div class=\"small-bold\">Suela de goma ASICSGRIP<\/div>\n<p>La suela de goma ASICSGRIP\u2122 garantiza un agarre avanzado en diferentes tipos de terreno.<\/p>\n<\/li>\n<li class=\"small-reg\">\n<div class=\"small-bold\">Placa antirocas<\/div>\n<p>Protege los pies de las rocas y los terrenos m\u00e1s dif\u00edciles sin a\u00f1adir peso al calzado.<\/p>\n<\/li>\n<li class=\"small-reg\">\n<div class=\"small-bold\">Tecnolog\u00eda GEL en el tal\u00f3n<\/div>\n<p>Ofrece la m\u00e1xima comodidad y absorbe los golpes para reducir el impacto.<\/p>\n<\/li>\n<li class=\"small-reg\">\n<div class=\"small-bold\">Protecci\u00f3n contra la arena<\/div>\n<p>Evita que los residuos entren en el calzado.<\/p>\n<\/li>\n<li class=\"small-reg\">\n<div class=\"small-bold\">Plantilla de EVA<\/div>\n<p>Mejora la amortiguaci\u00f3n para reducir el impacto.<\/p>\n<\/li>\n<li class=\"small-reg\">\n<div class=\"small-bold\">Parte superior de malla t\u00e9cnica<\/div>\n<p>Mejora la transpirabilidad para mantener los pies frescos.<\/p>\n<\/li>\n<li class=\"small-reg\">\n<div class=\"small-bold\">Bloqueo de cordones<\/div>\n<p>Ayuda a evitar que los zapatos se desaten.<\/p>\n<\/li>\n<p><\/div><\/div><\/div><\/p>\n","protected":false},"excerpt":{"rendered":"<ul>\n<li>Zapatilla de trail ideal para todo tipo de excursiones por senderos de monta\u00f1a.<\/li>\n<li>Gran agarre en rocas y terrenos dif\u00edciles.<\/li>\n<\/ul>\n","protected":false},"featured_media":270985,"template":"","meta":{"_acf_changed":false,"inline_featured_image":false},"product_brand":[],"product_cat":[24415,24412],"product_tag":[23559,23670],"class_list":{"0":"post-301370","1":"product","2":"type-product","3":"status-publish","4":"has-post-thumbnail","6":"product_cat-calzado-de-mujer","7":"product_cat-trail-es-2","8":"product_tag-asics-es","9":"product_tag-asics-mujer","10":"pa_attivita-outdoor-es","11":"pa_attivita-trail-es","12":"pa_colore-trabuco-13-w-black-nova-orange-es","13":"pa_colore-trabuco-13-w-black-wild-blossom-es","14":"pa_colore-trabuco-13-w-lichen-rock-cream-es","15":"pa_marca-asics-es","16":"pa_sesso-mujer","17":"pa_size-37-5-es","18":"pa_size-38-es","19":"pa_size-39-es","20":"pa_size-39-5-es","21":"pa_size-40-es","22":"pa_size-40-5-es","23":"pa_size-41-5-es","25":"first","26":"instock","27":"sale","28":"taxable","29":"shipping-taxable","30":"purchasable","31":"product-type-variable","32":"wvs-archive-product-wrapper"},"acf":[],"yoast_head":"<!-- This site is optimized with the Yoast SEO plugin v26.8 - https:\/\/yoast.com\/product\/yoast-seo-wordpress\/ -->\n<title>Asics Gel-Trabuco 13 mujer -zapatillas de trail running- MioMioRun<\/title>\n<meta name=\"description\" content=\"Las GEL-TRABUCO 13 ofrecen la m\u00e1xima comodidad y agarre, suela ASICSGRIP y placa antirocas para correr con seguridad por los senderos.\" \/>\n<meta name=\"robots\" content=\"index, follow, max-snippet:-1, max-image-preview:large, max-video-preview:-1\" \/>\n<link rel=\"canonical\" href=\"https:\/\/www.miomiorun.com\/es\/producto\/gel-trabuco-13-mujer\/\" \/>\n<meta property=\"og:locale\" content=\"es_ES\" \/>\n<meta property=\"og:type\" content=\"article\" \/>\n<meta property=\"og:title\" content=\"Asics Gel-Trabuco 13 mujer -zapatillas de trail running- MioMioRun\" \/>\n<meta property=\"og:description\" content=\"Las GEL-TRABUCO 13 ofrecen la m\u00e1xima comodidad y agarre, suela ASICSGRIP y placa antirocas para correr con seguridad por los senderos.\" \/>\n<meta property=\"og:url\" content=\"https:\/\/www.miomiorun.com\/es\/producto\/gel-trabuco-13-mujer\/\" \/>\n<meta property=\"og:site_name\" content=\"MioMioRun\" \/>\n<meta property=\"article:publisher\" content=\"https:\/\/www.facebook.com\/miomiorun\/\" \/>\n<meta property=\"article:modified_time\" content=\"2026-03-29T14:49:28+00:00\" \/>\n<meta property=\"og:image\" content=\"https:\/\/www.miomiorun.com\/app\/uploads\/2025\/04\/asics-Trabuco-13-W-purple-oxid-cold-moss-1012B768-500.webp\" \/>\n\t<meta property=\"og:image:width\" content=\"600\" \/>\n\t<meta property=\"og:image:height\" content=\"600\" \/>\n\t<meta property=\"og:image:type\" content=\"image\/webp\" \/>\n<meta name=\"twitter:card\" content=\"summary_large_image\" \/>\n<meta name=\"twitter:label1\" content=\"Est. reading time\" \/>\n\t<meta name=\"twitter:data1\" content=\"2 minutes\" \/>\n<script type=\"application\/ld+json\" class=\"yoast-schema-graph\">{\"@context\":\"https:\/\/schema.org\",\"@graph\":[{\"@type\":\"WebPage\",\"@id\":\"https:\/\/www.miomiorun.com\/es\/producto\/gel-trabuco-13-mujer\/\",\"url\":\"https:\/\/www.miomiorun.com\/es\/producto\/gel-trabuco-13-mujer\/\",\"name\":\"Asics Gel-Trabuco 13 mujer -zapatillas de trail running- MioMioRun\",\"isPartOf\":{\"@id\":\"https:\/\/www.miomiorun.com\/es\/#website\"},\"primaryImageOfPage\":{\"@id\":\"https:\/\/www.miomiorun.com\/es\/producto\/gel-trabuco-13-mujer\/#primaryimage\"},\"image\":{\"@id\":\"https:\/\/www.miomiorun.com\/es\/producto\/gel-trabuco-13-mujer\/#primaryimage\"},\"thumbnailUrl\":\"https:\/\/www.miomiorun.com\/app\/uploads\/2025\/04\/asics-Trabuco-13-W-purple-oxid-cold-moss-1012B768-500.webp\",\"datePublished\":\"2025-04-02T08:45:24+00:00\",\"dateModified\":\"2026-03-29T14:49:28+00:00\",\"description\":\"Las GEL-TRABUCO 13 ofrecen la m\u00e1xima comodidad y agarre, suela ASICSGRIP y placa antirocas para correr con seguridad por los senderos.\",\"breadcrumb\":{\"@id\":\"https:\/\/www.miomiorun.com\/es\/producto\/gel-trabuco-13-mujer\/#breadcrumb\"},\"inLanguage\":\"es-ES\",\"potentialAction\":[{\"@type\":\"ReadAction\",\"target\":[\"https:\/\/www.miomiorun.com\/es\/producto\/gel-trabuco-13-mujer\/\"]}]},{\"@type\":\"ImageObject\",\"inLanguage\":\"es-ES\",\"@id\":\"https:\/\/www.miomiorun.com\/es\/producto\/gel-trabuco-13-mujer\/#primaryimage\",\"url\":\"https:\/\/www.miomiorun.com\/app\/uploads\/2025\/04\/asics-Trabuco-13-W-purple-oxid-cold-moss-1012B768-500.webp\",\"contentUrl\":\"https:\/\/www.miomiorun.com\/app\/uploads\/2025\/04\/asics-Trabuco-13-W-purple-oxid-cold-moss-1012B768-500.webp\",\"width\":600,\"height\":600,\"caption\":\"asics Trabuco 13 W purple oxid cold moss 1012B768 500\"},{\"@type\":\"BreadcrumbList\",\"@id\":\"https:\/\/www.miomiorun.com\/es\/producto\/gel-trabuco-13-mujer\/#breadcrumb\",\"itemListElement\":[{\"@type\":\"ListItem\",\"position\":1,\"name\":\"Home\",\"item\":\"https:\/\/www.miomiorun.com\/es\/\"},{\"@type\":\"ListItem\",\"position\":2,\"name\":\"Shop\",\"item\":\"https:\/\/www.miomiorun.com\/shop\/\"},{\"@type\":\"ListItem\",\"position\":3,\"name\":\"Gel-Trabuco 13 mujer\"}]},{\"@type\":\"WebSite\",\"@id\":\"https:\/\/www.miomiorun.com\/es\/#website\",\"url\":\"https:\/\/www.miomiorun.com\/es\/\",\"name\":\"MioMioRun\",\"description\":\"Tienda 100% running y trail\",\"publisher\":{\"@id\":\"https:\/\/www.miomiorun.com\/es\/#organization\"},\"potentialAction\":[{\"@type\":\"SearchAction\",\"target\":{\"@type\":\"EntryPoint\",\"urlTemplate\":\"https:\/\/www.miomiorun.com\/es\/?s={search_term_string}\"},\"query-input\":{\"@type\":\"PropertyValueSpecification\",\"valueRequired\":true,\"valueName\":\"search_term_string\"}}],\"inLanguage\":\"es-ES\"},{\"@type\":\"Organization\",\"@id\":\"https:\/\/www.miomiorun.com\/es\/#organization\",\"name\":\"MioMio Run\",\"url\":\"https:\/\/www.miomiorun.com\/es\/\",\"logo\":{\"@type\":\"ImageObject\",\"inLanguage\":\"es-ES\",\"@id\":\"https:\/\/www.miomiorun.com\/es\/#\/schema\/logo\/image\/\",\"url\":\"https:\/\/www.miomiorun.com\/app\/uploads\/2019\/12\/logomio.png\",\"contentUrl\":\"https:\/\/www.miomiorun.com\/app\/uploads\/2019\/12\/logomio.png\",\"width\":115,\"height\":82,\"caption\":\"MioMio Run\"},\"image\":{\"@id\":\"https:\/\/www.miomiorun.com\/es\/#\/schema\/logo\/image\/\"},\"sameAs\":[\"https:\/\/www.facebook.com\/miomiorun\/\",\"https:\/\/www.instagram.com\/miomiorun\/\"]}]}<\/script>\n<!-- \/ Yoast SEO plugin. -->","yoast_head_json":{"title":"Asics Gel-Trabuco 13 mujer -zapatillas de trail running- MioMioRun","description":"Las GEL-TRABUCO 13 ofrecen la m\u00e1xima comodidad y agarre, suela ASICSGRIP y placa antirocas para correr con seguridad por los senderos.","robots":{"index":"index","follow":"follow","max-snippet":"max-snippet:-1","max-image-preview":"max-image-preview:large","max-video-preview":"max-video-preview:-1"},"canonical":"https:\/\/www.miomiorun.com\/es\/producto\/gel-trabuco-13-mujer\/","og_locale":"es_ES","og_type":"article","og_title":"Asics Gel-Trabuco 13 mujer -zapatillas de trail running- MioMioRun","og_description":"Las GEL-TRABUCO 13 ofrecen la m\u00e1xima comodidad y agarre, suela ASICSGRIP y placa antirocas para correr con seguridad por los senderos.","og_url":"https:\/\/www.miomiorun.com\/es\/producto\/gel-trabuco-13-mujer\/","og_site_name":"MioMioRun","article_publisher":"https:\/\/www.facebook.com\/miomiorun\/","article_modified_time":"2026-03-29T14:49:28+00:00","og_image":[{"width":600,"height":600,"url":"https:\/\/www.miomiorun.com\/app\/uploads\/2025\/04\/asics-Trabuco-13-W-purple-oxid-cold-moss-1012B768-500.webp","type":"image\/webp"}],"twitter_card":"summary_large_image","twitter_misc":{"Est. reading time":"2 minutes"},"schema":{"@context":"https:\/\/schema.org","@graph":[{"@type":"WebPage","@id":"https:\/\/www.miomiorun.com\/es\/producto\/gel-trabuco-13-mujer\/","url":"https:\/\/www.miomiorun.com\/es\/producto\/gel-trabuco-13-mujer\/","name":"Asics Gel-Trabuco 13 mujer -zapatillas de trail running- MioMioRun","isPartOf":{"@id":"https:\/\/www.miomiorun.com\/es\/#website"},"primaryImageOfPage":{"@id":"https:\/\/www.miomiorun.com\/es\/producto\/gel-trabuco-13-mujer\/#primaryimage"},"image":{"@id":"https:\/\/www.miomiorun.com\/es\/producto\/gel-trabuco-13-mujer\/#primaryimage"},"thumbnailUrl":"https:\/\/www.miomiorun.com\/app\/uploads\/2025\/04\/asics-Trabuco-13-W-purple-oxid-cold-moss-1012B768-500.webp","datePublished":"2025-04-02T08:45:24+00:00","dateModified":"2026-03-29T14:49:28+00:00","description":"Las GEL-TRABUCO 13 ofrecen la m\u00e1xima comodidad y agarre, suela ASICSGRIP y placa antirocas para correr con seguridad por los senderos.","breadcrumb":{"@id":"https:\/\/www.miomiorun.com\/es\/producto\/gel-trabuco-13-mujer\/#breadcrumb"},"inLanguage":"es-ES","potentialAction":[{"@type":"ReadAction","target":["https:\/\/www.miomiorun.com\/es\/producto\/gel-trabuco-13-mujer\/"]}]},{"@type":"ImageObject","inLanguage":"es-ES","@id":"https:\/\/www.miomiorun.com\/es\/producto\/gel-trabuco-13-mujer\/#primaryimage","url":"https:\/\/www.miomiorun.com\/app\/uploads\/2025\/04\/asics-Trabuco-13-W-purple-oxid-cold-moss-1012B768-500.webp","contentUrl":"https:\/\/www.miomiorun.com\/app\/uploads\/2025\/04\/asics-Trabuco-13-W-purple-oxid-cold-moss-1012B768-500.webp","width":600,"height":600,"caption":"asics Trabuco 13 W purple oxid cold moss 1012B768 500"},{"@type":"BreadcrumbList","@id":"https:\/\/www.miomiorun.com\/es\/producto\/gel-trabuco-13-mujer\/#breadcrumb","itemListElement":[{"@type":"ListItem","position":1,"name":"Home","item":"https:\/\/www.miomiorun.com\/es\/"},{"@type":"ListItem","position":2,"name":"Shop","item":"https:\/\/www.miomiorun.com\/shop\/"},{"@type":"ListItem","position":3,"name":"Gel-Trabuco 13 mujer"}]},{"@type":"WebSite","@id":"https:\/\/www.miomiorun.com\/es\/#website","url":"https:\/\/www.miomiorun.com\/es\/","name":"MioMioRun","description":"Tienda 100% running y trail","publisher":{"@id":"https:\/\/www.miomiorun.com\/es\/#organization"},"potentialAction":[{"@type":"SearchAction","target":{"@type":"EntryPoint","urlTemplate":"https:\/\/www.miomiorun.com\/es\/?s={search_term_string}"},"query-input":{"@type":"PropertyValueSpecification","valueRequired":true,"valueName":"search_term_string"}}],"inLanguage":"es-ES"},{"@type":"Organization","@id":"https:\/\/www.miomiorun.com\/es\/#organization","name":"MioMio Run","url":"https:\/\/www.miomiorun.com\/es\/","logo":{"@type":"ImageObject","inLanguage":"es-ES","@id":"https:\/\/www.miomiorun.com\/es\/#\/schema\/logo\/image\/","url":"https:\/\/www.miomiorun.com\/app\/uploads\/2019\/12\/logomio.png","contentUrl":"https:\/\/www.miomiorun.com\/app\/uploads\/2019\/12\/logomio.png","width":115,"height":82,"caption":"MioMio Run"},"image":{"@id":"https:\/\/www.miomiorun.com\/es\/#\/schema\/logo\/image\/"},"sameAs":["https:\/\/www.facebook.com\/miomiorun\/","https:\/\/www.instagram.com\/miomiorun\/"]}]}},"_links":{"self":[{"href":"https:\/\/www.miomiorun.com\/es\/wp-json\/wp\/v2\/product\/301370","targetHints":{"allow":["GET"]}}],"collection":[{"href":"https:\/\/www.miomiorun.com\/es\/wp-json\/wp\/v2\/product"}],"about":[{"href":"https:\/\/www.miomiorun.com\/es\/wp-json\/wp\/v2\/types\/product"}],"wp:featuredmedia":[{"embeddable":true,"href":"https:\/\/www.miomiorun.com\/es\/wp-json\/wp\/v2\/media\/270985"}],"wp:attachment":[{"href":"https:\/\/www.miomiorun.com\/es\/wp-json\/wp\/v2\/media?parent=301370"}],"wp:term":[{"taxonomy":"product_brand","embeddable":true,"href":"https:\/\/www.miomiorun.com\/es\/wp-json\/wp\/v2\/product_brand?post=301370"},{"taxonomy":"product_cat","embeddable":true,"href":"https:\/\/www.miomiorun.com\/es\/wp-json\/wp\/v2\/product_cat?post=301370"},{"taxonomy":"product_tag","embeddable":true,"href":"https:\/\/www.miomiorun.com\/es\/wp-json\/wp\/v2\/product_tag?post=301370"}],"curies":[{"name":"wp","href":"https:\/\/api.w.org\/{rel}","templated":true}]}}