{"id":301369,"date":"2025-04-02T11:25:23","date_gmt":"2025-04-02T09:25:23","guid":{"rendered":"https:\/\/miomiorun.com\/prodotto\/novablast-5-tr-donna\/"},"modified":"2025-09-15T20:28:54","modified_gmt":"2025-09-15T18:28:54","slug":"novablast-5-tr-mujer","status":"publish","type":"product","link":"https:\/\/www.miomiorun.com\/es\/producto\/novablast-5-tr-mujer\/","title":{"rendered":"Novablast 5 TR mujer"},"content":{"rendered":"<div class=\"vc-row container\"><div class=\"vc-column\"><div class=\"vc-column-text\"><\/p>\n<h4>Especificaciones t\u00e9cnicas<\/h4>\n<p>Categor\u00eda: Amortiguaci\u00f3n reactiva<br \/>\nOffset: 8mm<br \/>\nPeso: 219 g<br \/>\nIdeal para : atletas r\u00e1pidos y entrenamientos de carrera, gracias a su amortiguaci\u00f3n suave y reactiva tambi\u00e9n es muy adecuada para atletas con menos caracter\u00edsticas de rendimiento que buscan una zapatilla reactiva para sesiones de entrenamiento cortas y medias.<br \/>\nPeso del atleta : &gt;50 kg<br \/>\nRitmo de carrera : &gt; 4.30 min \/ km<br \/>\n<a href=\"https:\/\/miomiorun.com\/es\/guia-especifica\/\">Gu\u00eda de especificaciones<\/a><\/p>\n<p><\/div><\/div><div class=\"vc-column\"><div class=\"vc-column-text\"><\/p>\n<div class=\"desc_block short\">\n<div class=\"desc_block short\">\n<p>Con un dibujo de la banda de rodadura m\u00e1s profundo que lo hace perfecto en asfalto y pistas preparadas.<\/p>\n<\/div>\n<div class=\"desc_block noshow\">\n<p>Detalles:<\/p>\n<ul>\n<li>Versi\u00f3n TR (Traction) que presenta un dibujo m\u00e1s profundo y con mayor agarre que la hace adecuada tanto para sesiones de trail running en asfalto como en pista preparada.<\/li>\n<li>Ahora m\u00e1s fiables que el modelo anterior, son ideales para quienes buscan el equilibrio perfecto entre capacidad de respuesta y amortiguaci\u00f3n para sesiones de entrenamiento y competiciones<\/li>\n<li>Parte superior de malla Engineered Woven Mesh de una sola pieza, ligera, el\u00e1stica y de apoyo, que envuelve perfectamente el pie para un ajuste personalizado y una mayor transpirabilidad, tambi\u00e9n gracias a los orificios en el antepi\u00e9<\/li>\n<li>Entresuela de compuesto FLYTEFOAM Blast+ ECO, fabricada con al menos un 20% de materiales reciclados, que garantiza la m\u00e1xima amortiguaci\u00f3n y retorno de energ\u00eda<\/li>\n<li>Geometr\u00eda actualizada con una zona del tal\u00f3n m\u00e1s estructurada y un antepi\u00e9 m\u00e1s ancho que proporcionan mayor estabilidad<\/li>\n<li>Banda de rodadura AHAR fabricada con una menor densidad en zonas estrat\u00e9gicas para una mayor durabilidad<\/li>\n<li>Inserciones cosidas lateralmente m\u00e1s resistentes en la parte superior que ayudan a mantener el pie en su sitio, especialmente en los cambios de direcci\u00f3n<\/li>\n<li>Sistema de lazada con ojales de TPU y cordones planos<\/li>\n<li>Zona del tal\u00f3n con estabilizador en la base y en la parte posterior, m\u00e1s resistente pero flexible, que ayuda a sujetar el pie y garantiza una zancada m\u00e1s equilibrada<\/li>\n<li>Leng\u00fceta fina, ancha y parcialmente integrada<\/li>\n<li>Collar\u00edn extendido y acolchado en la parte posterior que sujeta el tend\u00f3n de Aquiles<\/li>\n<li>Refuerzo en la espalda para facilitar el ajuste<\/li>\n<li>Detalles reflectantes<\/li>\n<li>Plantilla moldeada extra\u00edble<\/li>\n<\/ul>\n<\/div>\n<div class=\"desc_block noshow\">\n<p><strong>AHAR<\/strong><br \/>\nLa goma Asics de alta resistencia a la abrasi\u00f3n (AHAR) es una goma dura y compuesta que se utiliza en las zonas de mayor impacto de la suela, como el tal\u00f3n.<\/p>\n<\/div>\n<div class=\"desc_block noshow\">\n<p><strong>AHAR+<\/strong><br \/>\nUna versi\u00f3n m\u00e1s fina y ligera, pero especialmente duradera, de la goma AHAR colocada en las zonas de mayor impacto de la suela para reducir el desgaste excesivo.<\/p>\n<\/div>\n<div class=\"desc_block noshow\">\n<p><strong>FlyteFoam<\/strong><br \/>\nFlyteFoam es una nueva generaci\u00f3n de amortiguaci\u00f3n ligera y duradera. La innovadora f\u00f3rmula de la espuma presenta una combinaci\u00f3n de materiales que aumentan la capacidad de respuesta en el despegue con un notable efecto boost.<\/p>\n<\/div>\n<div class=\"desc_block noshow\">\n<p><strong>Sostenibilidad<\/strong><br \/>\nFabricado en parte con materiales reciclados, este producto contin\u00faa el compromiso de Asics con la sostenibilidad para legar un planeta sano a las generaciones futuras.<\/p>\n<\/div>\n<\/div>\n<p><\/div><\/div><\/div>\n","protected":false},"excerpt":{"rendered":"<ul class=\"m-long-description__features\">\n<li class=\"m-long-description__feature\">Ligero, reactivo y muy suave.<\/li>\n<\/ul>\n<ul class=\"m-long-description__features\">\n<li style=\"list-style-type: none;\">\n<ul class=\"m-long-description__features\">\n<li class=\"m-long-description__feature\">Transiciones r\u00e1pidas<\/li>\n<\/ul>\n<\/li>\n<\/ul>\n<p>.<\/p>\n","protected":false},"featured_media":421163,"template":"","meta":{"_acf_changed":false,"inline_featured_image":false},"product_brand":[],"product_cat":[24227,24228],"product_tag":[23559,23670],"class_list":{"0":"post-301369","1":"product","2":"type-product","3":"status-publish","4":"has-post-thumbnail","6":"product_cat-calzado-femenino","7":"product_cat-neutre-es","8":"product_tag-asics-es","9":"product_tag-asics-mujer","10":"pa_attivita-lifestyle-es","11":"pa_attivita-running-es","12":"pa_colore-novablast-5-tr-w-light-dust-cacti","13":"pa_marca-asics-es","14":"pa_sesso-mujer","15":"pa_size-38-es","16":"pa_size-39-es","17":"pa_size-39-5-es","18":"pa_size-40-es","19":"pa_size-40-5-es","20":"pa_size-41-5-es","21":"pa_size-42-es","23":"first","24":"instock","25":"sale","26":"taxable","27":"shipping-taxable","28":"purchasable","29":"product-type-variable","30":"wvs-archive-product-wrapper"},"acf":[],"yoast_head":"<!-- This site is optimized with the Yoast SEO plugin v26.8 - https:\/\/yoast.com\/product\/yoast-seo-wordpress\/ -->\n<title>Asics Novablast 5 TR mujer - zapatillas para correr - MioMioRun .com<\/title>\n<meta name=\"description\" content=\"La NOVABLAST 5 TR es una gran elecci\u00f3n para aquellos que quieren una zapatilla con mayor capacidad de respuesta sin sacrificar el agarre al suelo. Desc\u00fabrela con nosotros\" \/>\n<meta name=\"robots\" content=\"index, follow, max-snippet:-1, max-image-preview:large, max-video-preview:-1\" \/>\n<link rel=\"canonical\" href=\"https:\/\/www.miomiorun.com\/es\/producto\/novablast-5-tr-mujer\/\" \/>\n<meta property=\"og:locale\" content=\"es_ES\" \/>\n<meta property=\"og:type\" content=\"article\" \/>\n<meta property=\"og:title\" content=\"Asics Novablast 5 TR mujer - zapatillas para correr - MioMioRun .com\" \/>\n<meta property=\"og:description\" content=\"La NOVABLAST 5 TR es una gran elecci\u00f3n para aquellos que quieren una zapatilla con mayor capacidad de respuesta sin sacrificar el agarre al suelo. Desc\u00fabrela con nosotros\" \/>\n<meta property=\"og:url\" content=\"https:\/\/www.miomiorun.com\/es\/producto\/novablast-5-tr-mujer\/\" \/>\n<meta property=\"og:site_name\" content=\"MioMioRun\" \/>\n<meta property=\"article:publisher\" content=\"https:\/\/www.facebook.com\/miomiorun\/\" \/>\n<meta property=\"article:modified_time\" content=\"2025-09-15T18:28:54+00:00\" \/>\n<meta property=\"og:image\" content=\"https:\/\/www.miomiorun.com\/app\/uploads\/2025\/04\/asics-Novablast-5-TR-W-nature-bathing-guava-1012B809-700.webp\" \/>\n\t<meta property=\"og:image:width\" content=\"600\" \/>\n\t<meta property=\"og:image:height\" content=\"600\" \/>\n\t<meta property=\"og:image:type\" content=\"image\/webp\" \/>\n<meta name=\"twitter:card\" content=\"summary_large_image\" \/>\n<meta name=\"twitter:label1\" content=\"Est. reading time\" \/>\n\t<meta name=\"twitter:data1\" content=\"3 minutes\" \/>\n<script type=\"application\/ld+json\" class=\"yoast-schema-graph\">{\"@context\":\"https:\/\/schema.org\",\"@graph\":[{\"@type\":\"WebPage\",\"@id\":\"https:\/\/www.miomiorun.com\/es\/producto\/novablast-5-tr-mujer\/\",\"url\":\"https:\/\/www.miomiorun.com\/es\/producto\/novablast-5-tr-mujer\/\",\"name\":\"Asics Novablast 5 TR mujer - zapatillas para correr - MioMioRun .com\",\"isPartOf\":{\"@id\":\"https:\/\/www.miomiorun.com\/es\/#website\"},\"primaryImageOfPage\":{\"@id\":\"https:\/\/www.miomiorun.com\/es\/producto\/novablast-5-tr-mujer\/#primaryimage\"},\"image\":{\"@id\":\"https:\/\/www.miomiorun.com\/es\/producto\/novablast-5-tr-mujer\/#primaryimage\"},\"thumbnailUrl\":\"https:\/\/www.miomiorun.com\/app\/uploads\/2026\/03\/asics-Novablast-5-TR-W-light-dust-cacti-1012B983-020.webp\",\"datePublished\":\"2025-04-02T09:25:23+00:00\",\"dateModified\":\"2025-09-15T18:28:54+00:00\",\"description\":\"La NOVABLAST 5 TR es una gran elecci\u00f3n para aquellos que quieren una zapatilla con mayor capacidad de respuesta sin sacrificar el agarre al suelo. Desc\u00fabrela con nosotros\",\"breadcrumb\":{\"@id\":\"https:\/\/www.miomiorun.com\/es\/producto\/novablast-5-tr-mujer\/#breadcrumb\"},\"inLanguage\":\"es-ES\",\"potentialAction\":[{\"@type\":\"ReadAction\",\"target\":[\"https:\/\/www.miomiorun.com\/es\/producto\/novablast-5-tr-mujer\/\"]}]},{\"@type\":\"ImageObject\",\"inLanguage\":\"es-ES\",\"@id\":\"https:\/\/www.miomiorun.com\/es\/producto\/novablast-5-tr-mujer\/#primaryimage\",\"url\":\"https:\/\/www.miomiorun.com\/app\/uploads\/2026\/03\/asics-Novablast-5-TR-W-light-dust-cacti-1012B983-020.webp\",\"contentUrl\":\"https:\/\/www.miomiorun.com\/app\/uploads\/2026\/03\/asics-Novablast-5-TR-W-light-dust-cacti-1012B983-020.webp\",\"width\":720,\"height\":720,\"caption\":\"asics Novablast 5 TR W light dust cacti 1012B983 020\"},{\"@type\":\"BreadcrumbList\",\"@id\":\"https:\/\/www.miomiorun.com\/es\/producto\/novablast-5-tr-mujer\/#breadcrumb\",\"itemListElement\":[{\"@type\":\"ListItem\",\"position\":1,\"name\":\"Home\",\"item\":\"https:\/\/www.miomiorun.com\/es\/\"},{\"@type\":\"ListItem\",\"position\":2,\"name\":\"Shop\",\"item\":\"https:\/\/www.miomiorun.com\/shop\/\"},{\"@type\":\"ListItem\",\"position\":3,\"name\":\"Novablast 5 TR mujer\"}]},{\"@type\":\"WebSite\",\"@id\":\"https:\/\/www.miomiorun.com\/es\/#website\",\"url\":\"https:\/\/www.miomiorun.com\/es\/\",\"name\":\"MioMioRun\",\"description\":\"Tienda 100% running y trail\",\"publisher\":{\"@id\":\"https:\/\/www.miomiorun.com\/es\/#organization\"},\"potentialAction\":[{\"@type\":\"SearchAction\",\"target\":{\"@type\":\"EntryPoint\",\"urlTemplate\":\"https:\/\/www.miomiorun.com\/es\/?s={search_term_string}\"},\"query-input\":{\"@type\":\"PropertyValueSpecification\",\"valueRequired\":true,\"valueName\":\"search_term_string\"}}],\"inLanguage\":\"es-ES\"},{\"@type\":\"Organization\",\"@id\":\"https:\/\/www.miomiorun.com\/es\/#organization\",\"name\":\"MioMio Run\",\"url\":\"https:\/\/www.miomiorun.com\/es\/\",\"logo\":{\"@type\":\"ImageObject\",\"inLanguage\":\"es-ES\",\"@id\":\"https:\/\/www.miomiorun.com\/es\/#\/schema\/logo\/image\/\",\"url\":\"https:\/\/www.miomiorun.com\/app\/uploads\/2019\/12\/logomio.png\",\"contentUrl\":\"https:\/\/www.miomiorun.com\/app\/uploads\/2019\/12\/logomio.png\",\"width\":115,\"height\":82,\"caption\":\"MioMio Run\"},\"image\":{\"@id\":\"https:\/\/www.miomiorun.com\/es\/#\/schema\/logo\/image\/\"},\"sameAs\":[\"https:\/\/www.facebook.com\/miomiorun\/\",\"https:\/\/www.instagram.com\/miomiorun\/\"]}]}<\/script>\n<!-- \/ Yoast SEO plugin. -->","yoast_head_json":{"title":"Asics Novablast 5 TR mujer - zapatillas para correr - MioMioRun .com","description":"La NOVABLAST 5 TR es una gran elecci\u00f3n para aquellos que quieren una zapatilla con mayor capacidad de respuesta sin sacrificar el agarre al suelo. Desc\u00fabrela con nosotros","robots":{"index":"index","follow":"follow","max-snippet":"max-snippet:-1","max-image-preview":"max-image-preview:large","max-video-preview":"max-video-preview:-1"},"canonical":"https:\/\/www.miomiorun.com\/es\/producto\/novablast-5-tr-mujer\/","og_locale":"es_ES","og_type":"article","og_title":"Asics Novablast 5 TR mujer - zapatillas para correr - MioMioRun .com","og_description":"La NOVABLAST 5 TR es una gran elecci\u00f3n para aquellos que quieren una zapatilla con mayor capacidad de respuesta sin sacrificar el agarre al suelo. Desc\u00fabrela con nosotros","og_url":"https:\/\/www.miomiorun.com\/es\/producto\/novablast-5-tr-mujer\/","og_site_name":"MioMioRun","article_publisher":"https:\/\/www.facebook.com\/miomiorun\/","article_modified_time":"2025-09-15T18:28:54+00:00","og_image":[{"width":600,"height":600,"url":"https:\/\/www.miomiorun.com\/app\/uploads\/2025\/04\/asics-Novablast-5-TR-W-nature-bathing-guava-1012B809-700.webp","type":"image\/webp"}],"twitter_card":"summary_large_image","twitter_misc":{"Est. reading time":"3 minutes"},"schema":{"@context":"https:\/\/schema.org","@graph":[{"@type":"WebPage","@id":"https:\/\/www.miomiorun.com\/es\/producto\/novablast-5-tr-mujer\/","url":"https:\/\/www.miomiorun.com\/es\/producto\/novablast-5-tr-mujer\/","name":"Asics Novablast 5 TR mujer - zapatillas para correr - MioMioRun .com","isPartOf":{"@id":"https:\/\/www.miomiorun.com\/es\/#website"},"primaryImageOfPage":{"@id":"https:\/\/www.miomiorun.com\/es\/producto\/novablast-5-tr-mujer\/#primaryimage"},"image":{"@id":"https:\/\/www.miomiorun.com\/es\/producto\/novablast-5-tr-mujer\/#primaryimage"},"thumbnailUrl":"https:\/\/www.miomiorun.com\/app\/uploads\/2026\/03\/asics-Novablast-5-TR-W-light-dust-cacti-1012B983-020.webp","datePublished":"2025-04-02T09:25:23+00:00","dateModified":"2025-09-15T18:28:54+00:00","description":"La NOVABLAST 5 TR es una gran elecci\u00f3n para aquellos que quieren una zapatilla con mayor capacidad de respuesta sin sacrificar el agarre al suelo. Desc\u00fabrela con nosotros","breadcrumb":{"@id":"https:\/\/www.miomiorun.com\/es\/producto\/novablast-5-tr-mujer\/#breadcrumb"},"inLanguage":"es-ES","potentialAction":[{"@type":"ReadAction","target":["https:\/\/www.miomiorun.com\/es\/producto\/novablast-5-tr-mujer\/"]}]},{"@type":"ImageObject","inLanguage":"es-ES","@id":"https:\/\/www.miomiorun.com\/es\/producto\/novablast-5-tr-mujer\/#primaryimage","url":"https:\/\/www.miomiorun.com\/app\/uploads\/2026\/03\/asics-Novablast-5-TR-W-light-dust-cacti-1012B983-020.webp","contentUrl":"https:\/\/www.miomiorun.com\/app\/uploads\/2026\/03\/asics-Novablast-5-TR-W-light-dust-cacti-1012B983-020.webp","width":720,"height":720,"caption":"asics Novablast 5 TR W light dust cacti 1012B983 020"},{"@type":"BreadcrumbList","@id":"https:\/\/www.miomiorun.com\/es\/producto\/novablast-5-tr-mujer\/#breadcrumb","itemListElement":[{"@type":"ListItem","position":1,"name":"Home","item":"https:\/\/www.miomiorun.com\/es\/"},{"@type":"ListItem","position":2,"name":"Shop","item":"https:\/\/www.miomiorun.com\/shop\/"},{"@type":"ListItem","position":3,"name":"Novablast 5 TR mujer"}]},{"@type":"WebSite","@id":"https:\/\/www.miomiorun.com\/es\/#website","url":"https:\/\/www.miomiorun.com\/es\/","name":"MioMioRun","description":"Tienda 100% running y trail","publisher":{"@id":"https:\/\/www.miomiorun.com\/es\/#organization"},"potentialAction":[{"@type":"SearchAction","target":{"@type":"EntryPoint","urlTemplate":"https:\/\/www.miomiorun.com\/es\/?s={search_term_string}"},"query-input":{"@type":"PropertyValueSpecification","valueRequired":true,"valueName":"search_term_string"}}],"inLanguage":"es-ES"},{"@type":"Organization","@id":"https:\/\/www.miomiorun.com\/es\/#organization","name":"MioMio Run","url":"https:\/\/www.miomiorun.com\/es\/","logo":{"@type":"ImageObject","inLanguage":"es-ES","@id":"https:\/\/www.miomiorun.com\/es\/#\/schema\/logo\/image\/","url":"https:\/\/www.miomiorun.com\/app\/uploads\/2019\/12\/logomio.png","contentUrl":"https:\/\/www.miomiorun.com\/app\/uploads\/2019\/12\/logomio.png","width":115,"height":82,"caption":"MioMio Run"},"image":{"@id":"https:\/\/www.miomiorun.com\/es\/#\/schema\/logo\/image\/"},"sameAs":["https:\/\/www.facebook.com\/miomiorun\/","https:\/\/www.instagram.com\/miomiorun\/"]}]}},"_links":{"self":[{"href":"https:\/\/www.miomiorun.com\/es\/wp-json\/wp\/v2\/product\/301369","targetHints":{"allow":["GET"]}}],"collection":[{"href":"https:\/\/www.miomiorun.com\/es\/wp-json\/wp\/v2\/product"}],"about":[{"href":"https:\/\/www.miomiorun.com\/es\/wp-json\/wp\/v2\/types\/product"}],"wp:featuredmedia":[{"embeddable":true,"href":"https:\/\/www.miomiorun.com\/es\/wp-json\/wp\/v2\/media\/421163"}],"wp:attachment":[{"href":"https:\/\/www.miomiorun.com\/es\/wp-json\/wp\/v2\/media?parent=301369"}],"wp:term":[{"taxonomy":"product_brand","embeddable":true,"href":"https:\/\/www.miomiorun.com\/es\/wp-json\/wp\/v2\/product_brand?post=301369"},{"taxonomy":"product_cat","embeddable":true,"href":"https:\/\/www.miomiorun.com\/es\/wp-json\/wp\/v2\/product_cat?post=301369"},{"taxonomy":"product_tag","embeddable":true,"href":"https:\/\/www.miomiorun.com\/es\/wp-json\/wp\/v2\/product_tag?post=301369"}],"curies":[{"name":"wp","href":"https:\/\/api.w.org\/{rel}","templated":true}]}}