{"id":301143,"date":"2025-04-08T12:08:54","date_gmt":"2025-04-08T10:08:54","guid":{"rendered":"https:\/\/miomiorun.com\/prodotto\/launch-pro-3-shorts-donna\/"},"modified":"2026-04-29T10:05:32","modified_gmt":"2026-04-29T08:05:32","slug":"launch-pro-3-shorts-mujer","status":"publish","type":"product","link":"https:\/\/www.miomiorun.com\/es\/producto\/launch-pro-3-shorts-mujer\/","title":{"rendered":"Launch Pro 3&#8221; Shorts mujer"},"content":{"rendered":"<p class=\"\" data-start=\"233\" data-end=\"592\">Afronta cada reto con la m\u00e1xima ligereza y libertad. Los <strong data-start=\"311\" data-end=\"339\">pantalones cortos de competici\u00f3n para mujer<\/strong> se han dise\u00f1ado para ofrecerte <strong data-start=\"375\" data-end=\"413\">comodidad, transpirabilidad y sujeci\u00f3n<\/strong> en los momentos en los que cada segundo cuenta. Ideales para las competiciones, los entrenamientos de alta intensidad o los d\u00edas m\u00e1s calurosos, te har\u00e1n sentir libre y centrada \u00fanicamente en tu objetivo. <\/p>\n<h4 class=\"\" data-start=\"594\" data-end=\"630\"><strong data-start=\"599\" data-end=\"630\">Caracter\u00edsticas principales:<\/strong><\/h4>\n<ul data-start=\"632\" data-end=\"1193\">\n<li class=\"\" data-start=\"632\" data-end=\"739\">\n<p class=\"\" data-start=\"634\" data-end=\"739\"><strong data-start=\"634\" data-end=\"673\">Tejido ultraligero y transpirable<\/strong>: garantiza una ventilaci\u00f3n \u00f3ptima incluso en los d\u00edas m\u00e1s bochornosos.<\/p>\n<\/li>\n<li class=\"\" data-start=\"740\" data-end=\"816\">\n<p class=\"\" data-start=\"742\" data-end=\"816\"><strong data-start=\"742\" data-end=\"770\">Elasticidad 4-way stretch<\/strong>: se adapta a cada uno de tus movimientos, sin oprimir.<\/p>\n<\/li>\n<li class=\"\" data-start=\"817\" data-end=\"910\">\n<p class=\"\" data-start=\"819\" data-end=\"910\"><strong data-start=\"819\" data-end=\"874\">Braguitas interiores integradas de punto ultraconfortable<\/strong>, para una sujeci\u00f3n delicada y segura.<\/p>\n<\/li>\n<li class=\"\" data-start=\"911\" data-end=\"1022\">\n<p class=\"\" data-start=\"913\" data-end=\"1022\"><strong data-start=\"913\" data-end=\"936\">Cintura media<\/strong> con <strong data-start=\"941\" data-end=\"961\">cord\u00f3n interior<\/strong>: mantiene un ajuste estable y ce\u00f1ido sin apretar.<\/p>\n<\/li>\n<li class=\"\" data-start=\"1023\" data-end=\"1116\">\n<p class=\"\" data-start=\"1025\" data-end=\"1116\"><strong data-start=\"1025\" data-end=\"1053\">Bolsillo trasero con cremallera<\/strong>: perfecto para geles, llaves u otros objetos peque\u00f1os que quieras llevar contigo.<\/p>\n<\/li>\n<li class=\"\" data-start=\"1117\" data-end=\"1193\">\n<p class=\"\" data-start=\"1119\" data-end=\"1193\"><strong data-start=\"1119\" data-end=\"1144\">Ajuste ce\u00f1ido<\/strong>, dise\u00f1ado para moverse contigo sin estorbar.<\/p>\n<\/li>\n<\/ul>\n<p class=\"\" data-start=\"1195\" data-end=\"1369\">Con una l\u00ednea sencilla y un corte pensado para el rendimiento, estos pantalones cortos son tu aliado perfecto para <strong data-start=\"1307\" data-end=\"1335\">correr ligera y segura<\/strong>, desde el primer hasta el \u00faltimo kil\u00f3metro.<\/p>\n","protected":false},"excerpt":{"rendered":"<ul>\n<li>ultraligeros<\/li>\n<li>transpirables<\/li>\n<li>dise\u00f1o minimalista<\/li>\n<\/ul>\n","protected":false},"featured_media":273573,"template":"","meta":{"_acf_changed":false,"inline_featured_image":false},"product_brand":[],"product_cat":[24395,24401],"product_tag":[23529,23623],"class_list":{"0":"post-301143","1":"product","2":"type-product","3":"status-publish","4":"has-post-thumbnail","6":"product_cat-pantalones-cortos","7":"product_cat-ropa-de-mujer","8":"product_tag-under-armour-es","9":"product_tag-under-armour-mujer","10":"pa_attivita-caminar","11":"pa_attivita-running-es","12":"pa_colore-launch-pro-3-shorts-w-black-es","13":"pa_colore-launch-pro-3-shorts-w-silica-green-es","14":"pa_marca-under-armour-es","15":"pa_sesso-mujer","16":"pa_size-extra-small-es","17":"pa_size-small-es","18":"pa_size-medium-es","20":"first","21":"instock","22":"sale","23":"taxable","24":"shipping-taxable","25":"purchasable","26":"product-type-variable","27":"wvs-archive-product-wrapper"},"acf":[],"yoast_head":"<!-- This site is optimized with the Yoast SEO plugin v26.8 - https:\/\/yoast.com\/product\/yoast-seo-wordpress\/ -->\n<title>Under Armour Launch Pro 3&#039;&#039; Shorts mujer - shorts - MioMioRun<\/title>\n<meta name=\"description\" content=\"Pantalones cortos de competici\u00f3n para mujer ultraligeros y transpirables, con braguita interior, tejido el\u00e1stico en cuatro direcciones y bolsillo con cremallera. Comodidad y libertad para tus carreras m\u00e1s intensas.\" \/>\n<meta name=\"robots\" content=\"index, follow, max-snippet:-1, max-image-preview:large, max-video-preview:-1\" \/>\n<link rel=\"canonical\" href=\"https:\/\/www.miomiorun.com\/es\/producto\/launch-pro-3-shorts-mujer\/\" \/>\n<meta property=\"og:locale\" content=\"es_ES\" \/>\n<meta property=\"og:type\" content=\"article\" \/>\n<meta property=\"og:title\" content=\"Under Armour Launch Pro 3&#039;&#039; Shorts mujer - shorts - MioMioRun\" \/>\n<meta property=\"og:description\" content=\"Pantalones cortos de competici\u00f3n para mujer ultraligeros y transpirables, con braguita interior, tejido el\u00e1stico en cuatro direcciones y bolsillo con cremallera. Comodidad y libertad para tus carreras m\u00e1s intensas.\" \/>\n<meta property=\"og:url\" content=\"https:\/\/www.miomiorun.com\/es\/producto\/launch-pro-3-shorts-mujer\/\" \/>\n<meta property=\"og:site_name\" content=\"MioMioRun\" \/>\n<meta property=\"article:publisher\" content=\"https:\/\/www.facebook.com\/miomiorun\/\" \/>\n<meta property=\"article:modified_time\" content=\"2026-04-29T08:05:32+00:00\" \/>\n<meta property=\"og:image\" content=\"https:\/\/www.miomiorun.com\/app\/uploads\/2025\/04\/under-armour-Launch-Pro-3-shorts-W-black-1386331-0001.webp\" \/>\n\t<meta property=\"og:image:width\" content=\"600\" \/>\n\t<meta property=\"og:image:height\" content=\"600\" \/>\n\t<meta property=\"og:image:type\" content=\"image\/webp\" \/>\n<meta name=\"twitter:card\" content=\"summary_large_image\" \/>\n<meta name=\"twitter:label1\" content=\"Est. reading time\" \/>\n\t<meta name=\"twitter:data1\" content=\"1 minute\" \/>\n<script type=\"application\/ld+json\" class=\"yoast-schema-graph\">{\"@context\":\"https:\/\/schema.org\",\"@graph\":[{\"@type\":\"WebPage\",\"@id\":\"https:\/\/www.miomiorun.com\/es\/producto\/launch-pro-3-shorts-mujer\/\",\"url\":\"https:\/\/www.miomiorun.com\/es\/producto\/launch-pro-3-shorts-mujer\/\",\"name\":\"Under Armour Launch Pro 3'' Shorts mujer - shorts - MioMioRun\",\"isPartOf\":{\"@id\":\"https:\/\/www.miomiorun.com\/es\/#website\"},\"primaryImageOfPage\":{\"@id\":\"https:\/\/www.miomiorun.com\/es\/producto\/launch-pro-3-shorts-mujer\/#primaryimage\"},\"image\":{\"@id\":\"https:\/\/www.miomiorun.com\/es\/producto\/launch-pro-3-shorts-mujer\/#primaryimage\"},\"thumbnailUrl\":\"https:\/\/www.miomiorun.com\/app\/uploads\/2025\/04\/under-armour-Launch-Pro-3-shorts-W-black-1386331-0001.webp\",\"datePublished\":\"2025-04-08T10:08:54+00:00\",\"dateModified\":\"2026-04-29T08:05:32+00:00\",\"description\":\"Pantalones cortos de competici\u00f3n para mujer ultraligeros y transpirables, con braguita interior, tejido el\u00e1stico en cuatro direcciones y bolsillo con cremallera. Comodidad y libertad para tus carreras m\u00e1s intensas.\",\"breadcrumb\":{\"@id\":\"https:\/\/www.miomiorun.com\/es\/producto\/launch-pro-3-shorts-mujer\/#breadcrumb\"},\"inLanguage\":\"es-ES\",\"potentialAction\":[{\"@type\":\"ReadAction\",\"target\":[\"https:\/\/www.miomiorun.com\/es\/producto\/launch-pro-3-shorts-mujer\/\"]}]},{\"@type\":\"ImageObject\",\"inLanguage\":\"es-ES\",\"@id\":\"https:\/\/www.miomiorun.com\/es\/producto\/launch-pro-3-shorts-mujer\/#primaryimage\",\"url\":\"https:\/\/www.miomiorun.com\/app\/uploads\/2025\/04\/under-armour-Launch-Pro-3-shorts-W-black-1386331-0001.webp\",\"contentUrl\":\"https:\/\/www.miomiorun.com\/app\/uploads\/2025\/04\/under-armour-Launch-Pro-3-shorts-W-black-1386331-0001.webp\",\"width\":600,\"height\":600,\"caption\":\"under armour Launch Pro 3 shorts W black 1386331-0001\"},{\"@type\":\"BreadcrumbList\",\"@id\":\"https:\/\/www.miomiorun.com\/es\/producto\/launch-pro-3-shorts-mujer\/#breadcrumb\",\"itemListElement\":[{\"@type\":\"ListItem\",\"position\":1,\"name\":\"Home\",\"item\":\"https:\/\/www.miomiorun.com\/es\/\"},{\"@type\":\"ListItem\",\"position\":2,\"name\":\"Shop\",\"item\":\"https:\/\/www.miomiorun.com\/shop\/\"},{\"@type\":\"ListItem\",\"position\":3,\"name\":\"Launch Pro 3&#8221; Shorts mujer\"}]},{\"@type\":\"WebSite\",\"@id\":\"https:\/\/www.miomiorun.com\/es\/#website\",\"url\":\"https:\/\/www.miomiorun.com\/es\/\",\"name\":\"MioMioRun\",\"description\":\"Tienda 100% running y trail\",\"publisher\":{\"@id\":\"https:\/\/www.miomiorun.com\/es\/#organization\"},\"potentialAction\":[{\"@type\":\"SearchAction\",\"target\":{\"@type\":\"EntryPoint\",\"urlTemplate\":\"https:\/\/www.miomiorun.com\/es\/?s={search_term_string}\"},\"query-input\":{\"@type\":\"PropertyValueSpecification\",\"valueRequired\":true,\"valueName\":\"search_term_string\"}}],\"inLanguage\":\"es-ES\"},{\"@type\":\"Organization\",\"@id\":\"https:\/\/www.miomiorun.com\/es\/#organization\",\"name\":\"MioMio Run\",\"url\":\"https:\/\/www.miomiorun.com\/es\/\",\"logo\":{\"@type\":\"ImageObject\",\"inLanguage\":\"es-ES\",\"@id\":\"https:\/\/www.miomiorun.com\/es\/#\/schema\/logo\/image\/\",\"url\":\"https:\/\/www.miomiorun.com\/app\/uploads\/2019\/12\/logomio.png\",\"contentUrl\":\"https:\/\/www.miomiorun.com\/app\/uploads\/2019\/12\/logomio.png\",\"width\":115,\"height\":82,\"caption\":\"MioMio Run\"},\"image\":{\"@id\":\"https:\/\/www.miomiorun.com\/es\/#\/schema\/logo\/image\/\"},\"sameAs\":[\"https:\/\/www.facebook.com\/miomiorun\/\",\"https:\/\/www.instagram.com\/miomiorun\/\"]}]}<\/script>\n<!-- \/ Yoast SEO plugin. -->","yoast_head_json":{"title":"Under Armour Launch Pro 3'' Shorts mujer - shorts - MioMioRun","description":"Pantalones cortos de competici\u00f3n para mujer ultraligeros y transpirables, con braguita interior, tejido el\u00e1stico en cuatro direcciones y bolsillo con cremallera. Comodidad y libertad para tus carreras m\u00e1s intensas.","robots":{"index":"index","follow":"follow","max-snippet":"max-snippet:-1","max-image-preview":"max-image-preview:large","max-video-preview":"max-video-preview:-1"},"canonical":"https:\/\/www.miomiorun.com\/es\/producto\/launch-pro-3-shorts-mujer\/","og_locale":"es_ES","og_type":"article","og_title":"Under Armour Launch Pro 3'' Shorts mujer - shorts - MioMioRun","og_description":"Pantalones cortos de competici\u00f3n para mujer ultraligeros y transpirables, con braguita interior, tejido el\u00e1stico en cuatro direcciones y bolsillo con cremallera. Comodidad y libertad para tus carreras m\u00e1s intensas.","og_url":"https:\/\/www.miomiorun.com\/es\/producto\/launch-pro-3-shorts-mujer\/","og_site_name":"MioMioRun","article_publisher":"https:\/\/www.facebook.com\/miomiorun\/","article_modified_time":"2026-04-29T08:05:32+00:00","og_image":[{"width":600,"height":600,"url":"https:\/\/www.miomiorun.com\/app\/uploads\/2025\/04\/under-armour-Launch-Pro-3-shorts-W-black-1386331-0001.webp","type":"image\/webp"}],"twitter_card":"summary_large_image","twitter_misc":{"Est. reading time":"1 minute"},"schema":{"@context":"https:\/\/schema.org","@graph":[{"@type":"WebPage","@id":"https:\/\/www.miomiorun.com\/es\/producto\/launch-pro-3-shorts-mujer\/","url":"https:\/\/www.miomiorun.com\/es\/producto\/launch-pro-3-shorts-mujer\/","name":"Under Armour Launch Pro 3'' Shorts mujer - shorts - MioMioRun","isPartOf":{"@id":"https:\/\/www.miomiorun.com\/es\/#website"},"primaryImageOfPage":{"@id":"https:\/\/www.miomiorun.com\/es\/producto\/launch-pro-3-shorts-mujer\/#primaryimage"},"image":{"@id":"https:\/\/www.miomiorun.com\/es\/producto\/launch-pro-3-shorts-mujer\/#primaryimage"},"thumbnailUrl":"https:\/\/www.miomiorun.com\/app\/uploads\/2025\/04\/under-armour-Launch-Pro-3-shorts-W-black-1386331-0001.webp","datePublished":"2025-04-08T10:08:54+00:00","dateModified":"2026-04-29T08:05:32+00:00","description":"Pantalones cortos de competici\u00f3n para mujer ultraligeros y transpirables, con braguita interior, tejido el\u00e1stico en cuatro direcciones y bolsillo con cremallera. Comodidad y libertad para tus carreras m\u00e1s intensas.","breadcrumb":{"@id":"https:\/\/www.miomiorun.com\/es\/producto\/launch-pro-3-shorts-mujer\/#breadcrumb"},"inLanguage":"es-ES","potentialAction":[{"@type":"ReadAction","target":["https:\/\/www.miomiorun.com\/es\/producto\/launch-pro-3-shorts-mujer\/"]}]},{"@type":"ImageObject","inLanguage":"es-ES","@id":"https:\/\/www.miomiorun.com\/es\/producto\/launch-pro-3-shorts-mujer\/#primaryimage","url":"https:\/\/www.miomiorun.com\/app\/uploads\/2025\/04\/under-armour-Launch-Pro-3-shorts-W-black-1386331-0001.webp","contentUrl":"https:\/\/www.miomiorun.com\/app\/uploads\/2025\/04\/under-armour-Launch-Pro-3-shorts-W-black-1386331-0001.webp","width":600,"height":600,"caption":"under armour Launch Pro 3 shorts W black 1386331-0001"},{"@type":"BreadcrumbList","@id":"https:\/\/www.miomiorun.com\/es\/producto\/launch-pro-3-shorts-mujer\/#breadcrumb","itemListElement":[{"@type":"ListItem","position":1,"name":"Home","item":"https:\/\/www.miomiorun.com\/es\/"},{"@type":"ListItem","position":2,"name":"Shop","item":"https:\/\/www.miomiorun.com\/shop\/"},{"@type":"ListItem","position":3,"name":"Launch Pro 3&#8221; Shorts mujer"}]},{"@type":"WebSite","@id":"https:\/\/www.miomiorun.com\/es\/#website","url":"https:\/\/www.miomiorun.com\/es\/","name":"MioMioRun","description":"Tienda 100% running y trail","publisher":{"@id":"https:\/\/www.miomiorun.com\/es\/#organization"},"potentialAction":[{"@type":"SearchAction","target":{"@type":"EntryPoint","urlTemplate":"https:\/\/www.miomiorun.com\/es\/?s={search_term_string}"},"query-input":{"@type":"PropertyValueSpecification","valueRequired":true,"valueName":"search_term_string"}}],"inLanguage":"es-ES"},{"@type":"Organization","@id":"https:\/\/www.miomiorun.com\/es\/#organization","name":"MioMio Run","url":"https:\/\/www.miomiorun.com\/es\/","logo":{"@type":"ImageObject","inLanguage":"es-ES","@id":"https:\/\/www.miomiorun.com\/es\/#\/schema\/logo\/image\/","url":"https:\/\/www.miomiorun.com\/app\/uploads\/2019\/12\/logomio.png","contentUrl":"https:\/\/www.miomiorun.com\/app\/uploads\/2019\/12\/logomio.png","width":115,"height":82,"caption":"MioMio Run"},"image":{"@id":"https:\/\/www.miomiorun.com\/es\/#\/schema\/logo\/image\/"},"sameAs":["https:\/\/www.facebook.com\/miomiorun\/","https:\/\/www.instagram.com\/miomiorun\/"]}]}},"_links":{"self":[{"href":"https:\/\/www.miomiorun.com\/es\/wp-json\/wp\/v2\/product\/301143","targetHints":{"allow":["GET"]}}],"collection":[{"href":"https:\/\/www.miomiorun.com\/es\/wp-json\/wp\/v2\/product"}],"about":[{"href":"https:\/\/www.miomiorun.com\/es\/wp-json\/wp\/v2\/types\/product"}],"wp:featuredmedia":[{"embeddable":true,"href":"https:\/\/www.miomiorun.com\/es\/wp-json\/wp\/v2\/media\/273573"}],"wp:attachment":[{"href":"https:\/\/www.miomiorun.com\/es\/wp-json\/wp\/v2\/media?parent=301143"}],"wp:term":[{"taxonomy":"product_brand","embeddable":true,"href":"https:\/\/www.miomiorun.com\/es\/wp-json\/wp\/v2\/product_brand?post=301143"},{"taxonomy":"product_cat","embeddable":true,"href":"https:\/\/www.miomiorun.com\/es\/wp-json\/wp\/v2\/product_cat?post=301143"},{"taxonomy":"product_tag","embeddable":true,"href":"https:\/\/www.miomiorun.com\/es\/wp-json\/wp\/v2\/product_tag?post=301143"}],"curies":[{"name":"wp","href":"https:\/\/api.w.org\/{rel}","templated":true}]}}