{"id":301130,"date":"2025-04-08T11:29:00","date_gmt":"2025-04-08T09:29:00","guid":{"rendered":"https:\/\/miomiorun.com\/prodotto\/core-essence-mesh-singlet-donna\/"},"modified":"2026-04-29T10:08:32","modified_gmt":"2026-04-29T08:08:32","slug":"core-essence-mesh-singlet-mujer","status":"publish","type":"product","link":"https:\/\/www.miomiorun.com\/es\/producto\/core-essence-mesh-singlet-mujer\/","title":{"rendered":"Core Essence Mesh Singlet mujer"},"content":{"rendered":"<p>La camiseta sin mangas <strong>CORE Essence Mesh Singlet<\/strong> de <strong>Craft<\/strong> est\u00e1 dise\u00f1ada para mujeres activas que buscan rendimiento y comodidad durante sus salidas al aire libre y sus carreras.<br \/>\nConfeccionada en <strong>poli\u00e9ster reciclado<\/strong>, esta camiseta sin mangas ofrece una excelente <strong>transpirabilidad<\/strong> y una gesti\u00f3n \u00f3ptima de la humedad. Las inserciones <strong>de malla<\/strong> estrat\u00e9gicamente situadas en la espalda garantizan una excelente <strong>ventilaci\u00f3n<\/strong>, manteniendo la piel fresca y seca incluso durante los esfuerzos m\u00e1s intensos. El corte atl\u00e9tico y el dise\u00f1o elegante garantizan una total <strong>libertad de movimiento<\/strong> y un estilo moderno.<br \/>\nLa composici\u00f3n t\u00e9cnica de esta camiseta sin mangas la convierte en una aliada ideal para tus actividades deportivas. El poli\u00e9ster reciclado es <strong>suave<\/strong> al tacto, <strong>ligero<\/strong> y <strong>resistente<\/strong>, para una comodidad \u00f3ptima durante el entrenamiento. Adem\u00e1s, este material <strong>se seca r\u00e1pidamente<\/strong>, evitando la sensaci\u00f3n de fr\u00edo y humedad tras la actividad f\u00edsica.<br \/>\nCon la <strong>CORE Essence Mesh Singlet<\/strong> sacar\u00e1s el m\u00e1ximo partido a tus sesiones de running y actividades al aire libre con ligereza y rendimiento.<\/p>\n<p><strong>CARACTER\u00cdSTICAS T\u00c9CNICAS:<\/strong><\/p>\n<p>&#8211; Tejido de malla suave de poli\u00e9ster reciclado y elast\u00e1n<\/p>\n<p>&#8211; Dise\u00f1o sin costuras<\/p>\n<p>&#8211; Cuello acanalado<\/p>\n<p>&#8211; Sisa acanalada<\/p>\n<p>&#8211; Corte ajustado<\/p>\n","protected":false},"excerpt":{"rendered":"<p>\u2022 Tejido fino y ligero fabricado con poli\u00e9ster reciclado<br \/>\n\u2022 Corte ajustado<br \/>\n\u2022 Dise\u00f1o sin costuras<\/p>\n","protected":false},"featured_media":272355,"template":"","meta":{"_acf_changed":false,"inline_featured_image":false},"product_brand":[],"product_cat":[24399,24401],"product_tag":[23553,23659],"class_list":{"0":"post-301130","1":"product","2":"type-product","3":"status-publish","4":"has-post-thumbnail","6":"product_cat-chalecos","7":"product_cat-ropa-de-mujer","8":"product_tag-craft-es","9":"product_tag-craft-mujer","10":"pa_attivita-caminar","11":"pa_attivita-outdoor-es","12":"pa_attivita-running-es","13":"pa_attivita-trail-es","14":"pa_colore-core-essence-mesh-singlet-w-aster-es","15":"pa_marca-craft-es","16":"pa_sesso-mujer","17":"pa_size-small-es","18":"pa_size-medium-es","19":"pa_size-large-es","21":"first","22":"instock","23":"sale","24":"taxable","25":"shipping-taxable","26":"purchasable","27":"product-type-variable","28":"wvs-archive-product-wrapper"},"acf":[],"yoast_head":"<!-- This site is optimized with the Yoast SEO plugin v26.8 - https:\/\/yoast.com\/product\/yoast-seo-wordpress\/ -->\n<title>Craft Core Essence Mesh Singlet mujer - Camiseta sin mangas para correr - MioMioRun<\/title>\n<meta name=\"description\" content=\"Camiseta t\u00e9cnica para mujer ultratranspirable confeccionada en malla reciclada, perfecta para correr y entrenamientos de alta intensidad. Ligerza y frescor siempre contigo\" \/>\n<meta name=\"robots\" content=\"index, follow, max-snippet:-1, max-image-preview:large, max-video-preview:-1\" \/>\n<link rel=\"canonical\" href=\"https:\/\/www.miomiorun.com\/es\/producto\/core-essence-mesh-singlet-mujer\/\" \/>\n<meta property=\"og:locale\" content=\"es_ES\" \/>\n<meta property=\"og:type\" content=\"article\" \/>\n<meta property=\"og:title\" content=\"Craft Core Essence Mesh Singlet mujer - Camiseta sin mangas para correr - MioMioRun\" \/>\n<meta property=\"og:description\" content=\"Camiseta t\u00e9cnica para mujer ultratranspirable confeccionada en malla reciclada, perfecta para correr y entrenamientos de alta intensidad. Ligerza y frescor siempre contigo\" \/>\n<meta property=\"og:url\" content=\"https:\/\/www.miomiorun.com\/es\/producto\/core-essence-mesh-singlet-mujer\/\" \/>\n<meta property=\"og:site_name\" content=\"MioMioRun\" \/>\n<meta property=\"article:publisher\" content=\"https:\/\/www.facebook.com\/miomiorun\/\" \/>\n<meta property=\"article:modified_time\" content=\"2026-04-29T08:08:32+00:00\" \/>\n<meta property=\"og:image\" content=\"https:\/\/www.miomiorun.com\/app\/uploads\/2025\/04\/craft-Core-essence-mesh-singlet-W-aster-1914698-746000.webp\" \/>\n\t<meta property=\"og:image:width\" content=\"600\" \/>\n\t<meta property=\"og:image:height\" content=\"600\" \/>\n\t<meta property=\"og:image:type\" content=\"image\/webp\" \/>\n<meta name=\"twitter:card\" content=\"summary_large_image\" \/>\n<meta name=\"twitter:label1\" content=\"Est. reading time\" \/>\n\t<meta name=\"twitter:data1\" content=\"1 minute\" \/>\n<script type=\"application\/ld+json\" class=\"yoast-schema-graph\">{\"@context\":\"https:\/\/schema.org\",\"@graph\":[{\"@type\":\"WebPage\",\"@id\":\"https:\/\/www.miomiorun.com\/es\/producto\/core-essence-mesh-singlet-mujer\/\",\"url\":\"https:\/\/www.miomiorun.com\/es\/producto\/core-essence-mesh-singlet-mujer\/\",\"name\":\"Craft Core Essence Mesh Singlet mujer - Camiseta sin mangas para correr - MioMioRun\",\"isPartOf\":{\"@id\":\"https:\/\/www.miomiorun.com\/es\/#website\"},\"primaryImageOfPage\":{\"@id\":\"https:\/\/www.miomiorun.com\/es\/producto\/core-essence-mesh-singlet-mujer\/#primaryimage\"},\"image\":{\"@id\":\"https:\/\/www.miomiorun.com\/es\/producto\/core-essence-mesh-singlet-mujer\/#primaryimage\"},\"thumbnailUrl\":\"https:\/\/www.miomiorun.com\/app\/uploads\/2025\/04\/craft-Core-essence-mesh-singlet-W-aster-1914698-746000.webp\",\"datePublished\":\"2025-04-08T09:29:00+00:00\",\"dateModified\":\"2026-04-29T08:08:32+00:00\",\"description\":\"Camiseta t\u00e9cnica para mujer ultratranspirable confeccionada en malla reciclada, perfecta para correr y entrenamientos de alta intensidad. Ligerza y frescor siempre contigo\",\"breadcrumb\":{\"@id\":\"https:\/\/www.miomiorun.com\/es\/producto\/core-essence-mesh-singlet-mujer\/#breadcrumb\"},\"inLanguage\":\"es-ES\",\"potentialAction\":[{\"@type\":\"ReadAction\",\"target\":[\"https:\/\/www.miomiorun.com\/es\/producto\/core-essence-mesh-singlet-mujer\/\"]}]},{\"@type\":\"ImageObject\",\"inLanguage\":\"es-ES\",\"@id\":\"https:\/\/www.miomiorun.com\/es\/producto\/core-essence-mesh-singlet-mujer\/#primaryimage\",\"url\":\"https:\/\/www.miomiorun.com\/app\/uploads\/2025\/04\/craft-Core-essence-mesh-singlet-W-aster-1914698-746000.webp\",\"contentUrl\":\"https:\/\/www.miomiorun.com\/app\/uploads\/2025\/04\/craft-Core-essence-mesh-singlet-W-aster-1914698-746000.webp\",\"width\":600,\"height\":600,\"caption\":\"craft Core essence mesh singlet W aster 1914698-746000\"},{\"@type\":\"BreadcrumbList\",\"@id\":\"https:\/\/www.miomiorun.com\/es\/producto\/core-essence-mesh-singlet-mujer\/#breadcrumb\",\"itemListElement\":[{\"@type\":\"ListItem\",\"position\":1,\"name\":\"Home\",\"item\":\"https:\/\/www.miomiorun.com\/es\/\"},{\"@type\":\"ListItem\",\"position\":2,\"name\":\"Shop\",\"item\":\"https:\/\/www.miomiorun.com\/shop\/\"},{\"@type\":\"ListItem\",\"position\":3,\"name\":\"Core Essence Mesh Singlet mujer\"}]},{\"@type\":\"WebSite\",\"@id\":\"https:\/\/www.miomiorun.com\/es\/#website\",\"url\":\"https:\/\/www.miomiorun.com\/es\/\",\"name\":\"MioMioRun\",\"description\":\"Tienda 100% running y trail\",\"publisher\":{\"@id\":\"https:\/\/www.miomiorun.com\/es\/#organization\"},\"potentialAction\":[{\"@type\":\"SearchAction\",\"target\":{\"@type\":\"EntryPoint\",\"urlTemplate\":\"https:\/\/www.miomiorun.com\/es\/?s={search_term_string}\"},\"query-input\":{\"@type\":\"PropertyValueSpecification\",\"valueRequired\":true,\"valueName\":\"search_term_string\"}}],\"inLanguage\":\"es-ES\"},{\"@type\":\"Organization\",\"@id\":\"https:\/\/www.miomiorun.com\/es\/#organization\",\"name\":\"MioMio Run\",\"url\":\"https:\/\/www.miomiorun.com\/es\/\",\"logo\":{\"@type\":\"ImageObject\",\"inLanguage\":\"es-ES\",\"@id\":\"https:\/\/www.miomiorun.com\/es\/#\/schema\/logo\/image\/\",\"url\":\"https:\/\/www.miomiorun.com\/app\/uploads\/2019\/12\/logomio.png\",\"contentUrl\":\"https:\/\/www.miomiorun.com\/app\/uploads\/2019\/12\/logomio.png\",\"width\":115,\"height\":82,\"caption\":\"MioMio Run\"},\"image\":{\"@id\":\"https:\/\/www.miomiorun.com\/es\/#\/schema\/logo\/image\/\"},\"sameAs\":[\"https:\/\/www.facebook.com\/miomiorun\/\",\"https:\/\/www.instagram.com\/miomiorun\/\"]}]}<\/script>\n<!-- \/ Yoast SEO plugin. -->","yoast_head_json":{"title":"Craft Core Essence Mesh Singlet mujer - Camiseta sin mangas para correr - MioMioRun","description":"Camiseta t\u00e9cnica para mujer ultratranspirable confeccionada en malla reciclada, perfecta para correr y entrenamientos de alta intensidad. Ligerza y frescor siempre contigo","robots":{"index":"index","follow":"follow","max-snippet":"max-snippet:-1","max-image-preview":"max-image-preview:large","max-video-preview":"max-video-preview:-1"},"canonical":"https:\/\/www.miomiorun.com\/es\/producto\/core-essence-mesh-singlet-mujer\/","og_locale":"es_ES","og_type":"article","og_title":"Craft Core Essence Mesh Singlet mujer - Camiseta sin mangas para correr - MioMioRun","og_description":"Camiseta t\u00e9cnica para mujer ultratranspirable confeccionada en malla reciclada, perfecta para correr y entrenamientos de alta intensidad. Ligerza y frescor siempre contigo","og_url":"https:\/\/www.miomiorun.com\/es\/producto\/core-essence-mesh-singlet-mujer\/","og_site_name":"MioMioRun","article_publisher":"https:\/\/www.facebook.com\/miomiorun\/","article_modified_time":"2026-04-29T08:08:32+00:00","og_image":[{"width":600,"height":600,"url":"https:\/\/www.miomiorun.com\/app\/uploads\/2025\/04\/craft-Core-essence-mesh-singlet-W-aster-1914698-746000.webp","type":"image\/webp"}],"twitter_card":"summary_large_image","twitter_misc":{"Est. reading time":"1 minute"},"schema":{"@context":"https:\/\/schema.org","@graph":[{"@type":"WebPage","@id":"https:\/\/www.miomiorun.com\/es\/producto\/core-essence-mesh-singlet-mujer\/","url":"https:\/\/www.miomiorun.com\/es\/producto\/core-essence-mesh-singlet-mujer\/","name":"Craft Core Essence Mesh Singlet mujer - Camiseta sin mangas para correr - MioMioRun","isPartOf":{"@id":"https:\/\/www.miomiorun.com\/es\/#website"},"primaryImageOfPage":{"@id":"https:\/\/www.miomiorun.com\/es\/producto\/core-essence-mesh-singlet-mujer\/#primaryimage"},"image":{"@id":"https:\/\/www.miomiorun.com\/es\/producto\/core-essence-mesh-singlet-mujer\/#primaryimage"},"thumbnailUrl":"https:\/\/www.miomiorun.com\/app\/uploads\/2025\/04\/craft-Core-essence-mesh-singlet-W-aster-1914698-746000.webp","datePublished":"2025-04-08T09:29:00+00:00","dateModified":"2026-04-29T08:08:32+00:00","description":"Camiseta t\u00e9cnica para mujer ultratranspirable confeccionada en malla reciclada, perfecta para correr y entrenamientos de alta intensidad. Ligerza y frescor siempre contigo","breadcrumb":{"@id":"https:\/\/www.miomiorun.com\/es\/producto\/core-essence-mesh-singlet-mujer\/#breadcrumb"},"inLanguage":"es-ES","potentialAction":[{"@type":"ReadAction","target":["https:\/\/www.miomiorun.com\/es\/producto\/core-essence-mesh-singlet-mujer\/"]}]},{"@type":"ImageObject","inLanguage":"es-ES","@id":"https:\/\/www.miomiorun.com\/es\/producto\/core-essence-mesh-singlet-mujer\/#primaryimage","url":"https:\/\/www.miomiorun.com\/app\/uploads\/2025\/04\/craft-Core-essence-mesh-singlet-W-aster-1914698-746000.webp","contentUrl":"https:\/\/www.miomiorun.com\/app\/uploads\/2025\/04\/craft-Core-essence-mesh-singlet-W-aster-1914698-746000.webp","width":600,"height":600,"caption":"craft Core essence mesh singlet W aster 1914698-746000"},{"@type":"BreadcrumbList","@id":"https:\/\/www.miomiorun.com\/es\/producto\/core-essence-mesh-singlet-mujer\/#breadcrumb","itemListElement":[{"@type":"ListItem","position":1,"name":"Home","item":"https:\/\/www.miomiorun.com\/es\/"},{"@type":"ListItem","position":2,"name":"Shop","item":"https:\/\/www.miomiorun.com\/shop\/"},{"@type":"ListItem","position":3,"name":"Core Essence Mesh Singlet mujer"}]},{"@type":"WebSite","@id":"https:\/\/www.miomiorun.com\/es\/#website","url":"https:\/\/www.miomiorun.com\/es\/","name":"MioMioRun","description":"Tienda 100% running y trail","publisher":{"@id":"https:\/\/www.miomiorun.com\/es\/#organization"},"potentialAction":[{"@type":"SearchAction","target":{"@type":"EntryPoint","urlTemplate":"https:\/\/www.miomiorun.com\/es\/?s={search_term_string}"},"query-input":{"@type":"PropertyValueSpecification","valueRequired":true,"valueName":"search_term_string"}}],"inLanguage":"es-ES"},{"@type":"Organization","@id":"https:\/\/www.miomiorun.com\/es\/#organization","name":"MioMio Run","url":"https:\/\/www.miomiorun.com\/es\/","logo":{"@type":"ImageObject","inLanguage":"es-ES","@id":"https:\/\/www.miomiorun.com\/es\/#\/schema\/logo\/image\/","url":"https:\/\/www.miomiorun.com\/app\/uploads\/2019\/12\/logomio.png","contentUrl":"https:\/\/www.miomiorun.com\/app\/uploads\/2019\/12\/logomio.png","width":115,"height":82,"caption":"MioMio Run"},"image":{"@id":"https:\/\/www.miomiorun.com\/es\/#\/schema\/logo\/image\/"},"sameAs":["https:\/\/www.facebook.com\/miomiorun\/","https:\/\/www.instagram.com\/miomiorun\/"]}]}},"_links":{"self":[{"href":"https:\/\/www.miomiorun.com\/es\/wp-json\/wp\/v2\/product\/301130","targetHints":{"allow":["GET"]}}],"collection":[{"href":"https:\/\/www.miomiorun.com\/es\/wp-json\/wp\/v2\/product"}],"about":[{"href":"https:\/\/www.miomiorun.com\/es\/wp-json\/wp\/v2\/types\/product"}],"wp:featuredmedia":[{"embeddable":true,"href":"https:\/\/www.miomiorun.com\/es\/wp-json\/wp\/v2\/media\/272355"}],"wp:attachment":[{"href":"https:\/\/www.miomiorun.com\/es\/wp-json\/wp\/v2\/media?parent=301130"}],"wp:term":[{"taxonomy":"product_brand","embeddable":true,"href":"https:\/\/www.miomiorun.com\/es\/wp-json\/wp\/v2\/product_brand?post=301130"},{"taxonomy":"product_cat","embeddable":true,"href":"https:\/\/www.miomiorun.com\/es\/wp-json\/wp\/v2\/product_cat?post=301130"},{"taxonomy":"product_tag","embeddable":true,"href":"https:\/\/www.miomiorun.com\/es\/wp-json\/wp\/v2\/product_tag?post=301130"}],"curies":[{"name":"wp","href":"https:\/\/api.w.org\/{rel}","templated":true}]}}