{"id":301124,"date":"2025-04-08T11:10:56","date_gmt":"2025-04-08T09:10:56","guid":{"rendered":"https:\/\/miomiorun.com\/prodotto\/rise-maglia-uomo\/"},"modified":"2026-04-29T10:04:08","modified_gmt":"2026-04-29T08:04:08","slug":"rise-camisa-hombre","status":"publish","type":"product","link":"https:\/\/www.miomiorun.com\/es\/producto\/rise-camisa-hombre\/","title":{"rendered":"Rise Camisa hombre"},"content":{"rendered":"<p class=\"\" data-start=\"224\" data-end=\"522\">Afront\u00e1 cada estaci\u00f3n con el <strong data-start=\"254\" data-end=\"277\">jersey Rise para hombre<\/strong>, una prenda intermedia t\u00e9cnica dise\u00f1ada para el senderismo, la escalada y las actividades al aire libre m\u00e1s exigentes. Confeccionado en <strong data-start=\"392\" data-end=\"417\">Polartec\u00ae Power Grid\u2122<\/strong> con <strong data-start=\"422\" data-end=\"446\">poli\u00e9ster reciclado<\/strong>, garantiza un equilibrio perfecto entre calidez, transpirabilidad y ligereza.<\/p>\n<p class=\"\" data-start=\"524\" data-end=\"917\">La <strong data-start=\"527\" data-end=\"550\">estructura de rejilla<\/strong> del tejido favorece la dispersi\u00f3n del sudor y mantiene constante la temperatura corporal incluso en los momentos de mayor esfuerzo. El tratamiento <strong data-start=\"696\" data-end=\"710\">Fresh Face<\/strong> de origen vegetal reduce los malos olores, lo que te permite llevarla puesta durante m\u00e1s tiempo y lavarla menos. Adem\u00e1s, el tejido ofrece una protecci\u00f3n <strong data-start=\"849\" data-end=\"860\">UPF 15+<\/strong> contra los rayos UV, ideal para las altitudes m\u00e1s expuestas.<\/p>\n<p class=\"\" data-start=\"919\" data-end=\"1111\">Las inserciones de <strong data-start=\"934\" data-end=\"968\">forro polar el\u00e1stico en contraste<\/strong> se adaptan a tus movimientos para una libertad absoluta, mientras que los <strong data-start=\"1030\" data-end=\"1048\">bolsillos con cremallera<\/strong> son perfectos para guardar de forma segura peque\u00f1os objetos esenciales.<\/p>\n<h3 class=\"\" data-start=\"1118\" data-end=\"1153\"><strong data-start=\"1122\" data-end=\"1153\">Caracter\u00edsticas principales:<\/strong><\/h3>\n<ul data-start=\"1155\" data-end=\"1464\">\n<li class=\"\" data-start=\"1155\" data-end=\"1203\">\n<p class=\"\" data-start=\"1157\" data-end=\"1203\">Capa intermedia t\u00e9cnica en <strong data-start=\"1178\" data-end=\"1203\">Polartec\u00ae Power Grid\u2122<\/strong><\/p>\n<\/li>\n<li class=\"\" data-start=\"1204\" data-end=\"1284\">\n<p class=\"\" data-start=\"1206\" data-end=\"1284\"><strong data-start=\"1206\" data-end=\"1229\">Tejido transpirable<\/strong>, de secado r\u00e1pido y con protecci\u00f3n solar UPF 15+<\/p>\n<\/li>\n<li class=\"\" data-start=\"1285\" data-end=\"1340\">\n<p class=\"\" data-start=\"1287\" data-end=\"1340\"><strong data-start=\"1287\" data-end=\"1313\">Tratamiento antiolor<\/strong> Fresh Face de origen vegetal<\/p>\n<\/li>\n<li class=\"\" data-start=\"1341\" data-end=\"1391\">\n<p class=\"\" data-start=\"1343\" data-end=\"1391\">Inserciones de forro polar el\u00e1stico para <strong data-start=\"1371\" data-end=\"1391\">m\u00e1xima movilidad<\/strong><\/p>\n<\/li>\n<li class=\"\" data-start=\"1392\" data-end=\"1446\">\n<p class=\"\" data-start=\"1394\" data-end=\"1446\">Cremallera frontal completa y <strong data-start=\"1419\" data-end=\"1446\">dos bolsillos laterales con cremallera<\/strong><\/p>\n<\/li>\n<li class=\"\" data-start=\"1447\" data-end=\"1464\">\n<p class=\"\" data-start=\"1449\" data-end=\"1464\"><strong data-start=\"1449\" data-end=\"1464\">Peso: 290 g<\/strong><\/p>\n<\/li>\n<\/ul>\n","protected":false},"excerpt":{"rendered":"<ul>\n<li><span class=\"tw-text-greyish-brown tw-text-s lg:tw-text-m\">Capa intermedia termorreguladora<\/span><\/li>\n<li>Para practicar senderismo durante todo el a\u00f1o<\/li>\n<\/ul>\n","protected":false},"featured_media":273284,"template":"","meta":{"_acf_changed":false,"inline_featured_image":false},"product_brand":[],"product_cat":[24458,24463],"product_tag":[23513,23592],"class_list":{"0":"post-301124","1":"product","2":"type-product","3":"status-publish","4":"has-post-thumbnail","6":"product_cat-camisetas-es-2","7":"product_cat-ropa-de-hombre-es","8":"product_tag-montura-es","9":"product_tag-montura-hombre","10":"pa_attivita-caminar","11":"pa_attivita-outdoor-es","12":"pa_colore-rise-maglia-black-sunny-lime-es","13":"pa_marca-montura-es","14":"pa_sesso-hombre","15":"pa_size-medium-es","16":"pa_size-extra-large-es","18":"first","19":"instock","20":"sale","21":"taxable","22":"shipping-taxable","23":"purchasable","24":"product-type-variable","25":"wvs-archive-product-wrapper"},"acf":[],"yoast_head":"<!-- This site is optimized with the Yoast SEO plugin v26.8 - https:\/\/yoast.com\/product\/yoast-seo-wordpress\/ -->\n<title>Montura Rise Camisa hombre - camiseta de running - MioMioRun.com<\/title>\n<meta name=\"description\" content=\"Camiseta t\u00e9cnica para hombre de Polartec\u00ae Power Grid\u2122, ideal para senderismo y escalada. Transpirable, termorreguladora y antiolor, para mayor comodidad y libertad de movimiento.\" \/>\n<meta name=\"robots\" content=\"index, follow, max-snippet:-1, max-image-preview:large, max-video-preview:-1\" \/>\n<link rel=\"canonical\" href=\"https:\/\/www.miomiorun.com\/es\/producto\/rise-camisa-hombre\/\" \/>\n<meta property=\"og:locale\" content=\"es_ES\" \/>\n<meta property=\"og:type\" content=\"article\" \/>\n<meta property=\"og:title\" content=\"Montura Rise Camisa hombre - camiseta de running - MioMioRun.com\" \/>\n<meta property=\"og:description\" content=\"Camiseta t\u00e9cnica para hombre de Polartec\u00ae Power Grid\u2122, ideal para senderismo y escalada. Transpirable, termorreguladora y antiolor, para mayor comodidad y libertad de movimiento.\" \/>\n<meta property=\"og:url\" content=\"https:\/\/www.miomiorun.com\/es\/producto\/rise-camisa-hombre\/\" \/>\n<meta property=\"og:site_name\" content=\"MioMioRun\" \/>\n<meta property=\"article:publisher\" content=\"https:\/\/www.facebook.com\/miomiorun\/\" \/>\n<meta property=\"article:modified_time\" content=\"2026-04-29T08:04:08+00:00\" \/>\n<meta property=\"og:image\" content=\"https:\/\/www.miomiorun.com\/app\/uploads\/2025\/04\/montura-Rise-maglia-black-sunny-lime-MMAP20X.90202.webp\" \/>\n\t<meta property=\"og:image:width\" content=\"600\" \/>\n\t<meta property=\"og:image:height\" content=\"600\" \/>\n\t<meta property=\"og:image:type\" content=\"image\/webp\" \/>\n<meta name=\"twitter:card\" content=\"summary_large_image\" \/>\n<meta name=\"twitter:label1\" content=\"Est. reading time\" \/>\n\t<meta name=\"twitter:data1\" content=\"1 minute\" \/>\n<script type=\"application\/ld+json\" class=\"yoast-schema-graph\">{\"@context\":\"https:\/\/schema.org\",\"@graph\":[{\"@type\":\"WebPage\",\"@id\":\"https:\/\/www.miomiorun.com\/es\/producto\/rise-camisa-hombre\/\",\"url\":\"https:\/\/www.miomiorun.com\/es\/producto\/rise-camisa-hombre\/\",\"name\":\"Montura Rise Camisa hombre - camiseta de running - MioMioRun.com\",\"isPartOf\":{\"@id\":\"https:\/\/www.miomiorun.com\/es\/#website\"},\"primaryImageOfPage\":{\"@id\":\"https:\/\/www.miomiorun.com\/es\/producto\/rise-camisa-hombre\/#primaryimage\"},\"image\":{\"@id\":\"https:\/\/www.miomiorun.com\/es\/producto\/rise-camisa-hombre\/#primaryimage\"},\"thumbnailUrl\":\"https:\/\/www.miomiorun.com\/app\/uploads\/2025\/04\/montura-Rise-maglia-black-sunny-lime-MMAP20X.90202.webp\",\"datePublished\":\"2025-04-08T09:10:56+00:00\",\"dateModified\":\"2026-04-29T08:04:08+00:00\",\"description\":\"Camiseta t\u00e9cnica para hombre de Polartec\u00ae Power Grid\u2122, ideal para senderismo y escalada. Transpirable, termorreguladora y antiolor, para mayor comodidad y libertad de movimiento.\",\"breadcrumb\":{\"@id\":\"https:\/\/www.miomiorun.com\/es\/producto\/rise-camisa-hombre\/#breadcrumb\"},\"inLanguage\":\"es-ES\",\"potentialAction\":[{\"@type\":\"ReadAction\",\"target\":[\"https:\/\/www.miomiorun.com\/es\/producto\/rise-camisa-hombre\/\"]}]},{\"@type\":\"ImageObject\",\"inLanguage\":\"es-ES\",\"@id\":\"https:\/\/www.miomiorun.com\/es\/producto\/rise-camisa-hombre\/#primaryimage\",\"url\":\"https:\/\/www.miomiorun.com\/app\/uploads\/2025\/04\/montura-Rise-maglia-black-sunny-lime-MMAP20X.90202.webp\",\"contentUrl\":\"https:\/\/www.miomiorun.com\/app\/uploads\/2025\/04\/montura-Rise-maglia-black-sunny-lime-MMAP20X.90202.webp\",\"width\":600,\"height\":600,\"caption\":\"montura Rise maglia black sunny lime MMAP20X.90202\"},{\"@type\":\"BreadcrumbList\",\"@id\":\"https:\/\/www.miomiorun.com\/es\/producto\/rise-camisa-hombre\/#breadcrumb\",\"itemListElement\":[{\"@type\":\"ListItem\",\"position\":1,\"name\":\"Home\",\"item\":\"https:\/\/www.miomiorun.com\/es\/\"},{\"@type\":\"ListItem\",\"position\":2,\"name\":\"Shop\",\"item\":\"https:\/\/www.miomiorun.com\/shop\/\"},{\"@type\":\"ListItem\",\"position\":3,\"name\":\"Rise Camisa hombre\"}]},{\"@type\":\"WebSite\",\"@id\":\"https:\/\/www.miomiorun.com\/es\/#website\",\"url\":\"https:\/\/www.miomiorun.com\/es\/\",\"name\":\"MioMioRun\",\"description\":\"Tienda 100% running y trail\",\"publisher\":{\"@id\":\"https:\/\/www.miomiorun.com\/es\/#organization\"},\"potentialAction\":[{\"@type\":\"SearchAction\",\"target\":{\"@type\":\"EntryPoint\",\"urlTemplate\":\"https:\/\/www.miomiorun.com\/es\/?s={search_term_string}\"},\"query-input\":{\"@type\":\"PropertyValueSpecification\",\"valueRequired\":true,\"valueName\":\"search_term_string\"}}],\"inLanguage\":\"es-ES\"},{\"@type\":\"Organization\",\"@id\":\"https:\/\/www.miomiorun.com\/es\/#organization\",\"name\":\"MioMio Run\",\"url\":\"https:\/\/www.miomiorun.com\/es\/\",\"logo\":{\"@type\":\"ImageObject\",\"inLanguage\":\"es-ES\",\"@id\":\"https:\/\/www.miomiorun.com\/es\/#\/schema\/logo\/image\/\",\"url\":\"https:\/\/www.miomiorun.com\/app\/uploads\/2019\/12\/logomio.png\",\"contentUrl\":\"https:\/\/www.miomiorun.com\/app\/uploads\/2019\/12\/logomio.png\",\"width\":115,\"height\":82,\"caption\":\"MioMio Run\"},\"image\":{\"@id\":\"https:\/\/www.miomiorun.com\/es\/#\/schema\/logo\/image\/\"},\"sameAs\":[\"https:\/\/www.facebook.com\/miomiorun\/\",\"https:\/\/www.instagram.com\/miomiorun\/\"]}]}<\/script>\n<!-- \/ Yoast SEO plugin. -->","yoast_head_json":{"title":"Montura Rise Camisa hombre - camiseta de running - MioMioRun.com","description":"Camiseta t\u00e9cnica para hombre de Polartec\u00ae Power Grid\u2122, ideal para senderismo y escalada. Transpirable, termorreguladora y antiolor, para mayor comodidad y libertad de movimiento.","robots":{"index":"index","follow":"follow","max-snippet":"max-snippet:-1","max-image-preview":"max-image-preview:large","max-video-preview":"max-video-preview:-1"},"canonical":"https:\/\/www.miomiorun.com\/es\/producto\/rise-camisa-hombre\/","og_locale":"es_ES","og_type":"article","og_title":"Montura Rise Camisa hombre - camiseta de running - MioMioRun.com","og_description":"Camiseta t\u00e9cnica para hombre de Polartec\u00ae Power Grid\u2122, ideal para senderismo y escalada. Transpirable, termorreguladora y antiolor, para mayor comodidad y libertad de movimiento.","og_url":"https:\/\/www.miomiorun.com\/es\/producto\/rise-camisa-hombre\/","og_site_name":"MioMioRun","article_publisher":"https:\/\/www.facebook.com\/miomiorun\/","article_modified_time":"2026-04-29T08:04:08+00:00","og_image":[{"width":600,"height":600,"url":"https:\/\/www.miomiorun.com\/app\/uploads\/2025\/04\/montura-Rise-maglia-black-sunny-lime-MMAP20X.90202.webp","type":"image\/webp"}],"twitter_card":"summary_large_image","twitter_misc":{"Est. reading time":"1 minute"},"schema":{"@context":"https:\/\/schema.org","@graph":[{"@type":"WebPage","@id":"https:\/\/www.miomiorun.com\/es\/producto\/rise-camisa-hombre\/","url":"https:\/\/www.miomiorun.com\/es\/producto\/rise-camisa-hombre\/","name":"Montura Rise Camisa hombre - camiseta de running - MioMioRun.com","isPartOf":{"@id":"https:\/\/www.miomiorun.com\/es\/#website"},"primaryImageOfPage":{"@id":"https:\/\/www.miomiorun.com\/es\/producto\/rise-camisa-hombre\/#primaryimage"},"image":{"@id":"https:\/\/www.miomiorun.com\/es\/producto\/rise-camisa-hombre\/#primaryimage"},"thumbnailUrl":"https:\/\/www.miomiorun.com\/app\/uploads\/2025\/04\/montura-Rise-maglia-black-sunny-lime-MMAP20X.90202.webp","datePublished":"2025-04-08T09:10:56+00:00","dateModified":"2026-04-29T08:04:08+00:00","description":"Camiseta t\u00e9cnica para hombre de Polartec\u00ae Power Grid\u2122, ideal para senderismo y escalada. Transpirable, termorreguladora y antiolor, para mayor comodidad y libertad de movimiento.","breadcrumb":{"@id":"https:\/\/www.miomiorun.com\/es\/producto\/rise-camisa-hombre\/#breadcrumb"},"inLanguage":"es-ES","potentialAction":[{"@type":"ReadAction","target":["https:\/\/www.miomiorun.com\/es\/producto\/rise-camisa-hombre\/"]}]},{"@type":"ImageObject","inLanguage":"es-ES","@id":"https:\/\/www.miomiorun.com\/es\/producto\/rise-camisa-hombre\/#primaryimage","url":"https:\/\/www.miomiorun.com\/app\/uploads\/2025\/04\/montura-Rise-maglia-black-sunny-lime-MMAP20X.90202.webp","contentUrl":"https:\/\/www.miomiorun.com\/app\/uploads\/2025\/04\/montura-Rise-maglia-black-sunny-lime-MMAP20X.90202.webp","width":600,"height":600,"caption":"montura Rise maglia black sunny lime MMAP20X.90202"},{"@type":"BreadcrumbList","@id":"https:\/\/www.miomiorun.com\/es\/producto\/rise-camisa-hombre\/#breadcrumb","itemListElement":[{"@type":"ListItem","position":1,"name":"Home","item":"https:\/\/www.miomiorun.com\/es\/"},{"@type":"ListItem","position":2,"name":"Shop","item":"https:\/\/www.miomiorun.com\/shop\/"},{"@type":"ListItem","position":3,"name":"Rise Camisa hombre"}]},{"@type":"WebSite","@id":"https:\/\/www.miomiorun.com\/es\/#website","url":"https:\/\/www.miomiorun.com\/es\/","name":"MioMioRun","description":"Tienda 100% running y trail","publisher":{"@id":"https:\/\/www.miomiorun.com\/es\/#organization"},"potentialAction":[{"@type":"SearchAction","target":{"@type":"EntryPoint","urlTemplate":"https:\/\/www.miomiorun.com\/es\/?s={search_term_string}"},"query-input":{"@type":"PropertyValueSpecification","valueRequired":true,"valueName":"search_term_string"}}],"inLanguage":"es-ES"},{"@type":"Organization","@id":"https:\/\/www.miomiorun.com\/es\/#organization","name":"MioMio Run","url":"https:\/\/www.miomiorun.com\/es\/","logo":{"@type":"ImageObject","inLanguage":"es-ES","@id":"https:\/\/www.miomiorun.com\/es\/#\/schema\/logo\/image\/","url":"https:\/\/www.miomiorun.com\/app\/uploads\/2019\/12\/logomio.png","contentUrl":"https:\/\/www.miomiorun.com\/app\/uploads\/2019\/12\/logomio.png","width":115,"height":82,"caption":"MioMio Run"},"image":{"@id":"https:\/\/www.miomiorun.com\/es\/#\/schema\/logo\/image\/"},"sameAs":["https:\/\/www.facebook.com\/miomiorun\/","https:\/\/www.instagram.com\/miomiorun\/"]}]}},"_links":{"self":[{"href":"https:\/\/www.miomiorun.com\/es\/wp-json\/wp\/v2\/product\/301124","targetHints":{"allow":["GET"]}}],"collection":[{"href":"https:\/\/www.miomiorun.com\/es\/wp-json\/wp\/v2\/product"}],"about":[{"href":"https:\/\/www.miomiorun.com\/es\/wp-json\/wp\/v2\/types\/product"}],"wp:featuredmedia":[{"embeddable":true,"href":"https:\/\/www.miomiorun.com\/es\/wp-json\/wp\/v2\/media\/273284"}],"wp:attachment":[{"href":"https:\/\/www.miomiorun.com\/es\/wp-json\/wp\/v2\/media?parent=301124"}],"wp:term":[{"taxonomy":"product_brand","embeddable":true,"href":"https:\/\/www.miomiorun.com\/es\/wp-json\/wp\/v2\/product_brand?post=301124"},{"taxonomy":"product_cat","embeddable":true,"href":"https:\/\/www.miomiorun.com\/es\/wp-json\/wp\/v2\/product_cat?post=301124"},{"taxonomy":"product_tag","embeddable":true,"href":"https:\/\/www.miomiorun.com\/es\/wp-json\/wp\/v2\/product_tag?post=301124"}],"curies":[{"name":"wp","href":"https:\/\/api.w.org\/{rel}","templated":true}]}}