{"id":301085,"date":"2025-04-09T09:55:09","date_gmt":"2025-04-09T07:55:09","guid":{"rendered":"https:\/\/miomiorun.com\/?post_type=product&#038;p=301085"},"modified":"2026-04-29T10:07:16","modified_gmt":"2026-04-29T08:07:16","slug":"race-lavender-camiseta-sin-mangas-mujer","status":"publish","type":"product","link":"https:\/\/www.miomiorun.com\/es\/producto\/race-lavender-camiseta-sin-mangas-mujer\/","title":{"rendered":"Race Lavender Camiseta sin mangas mujer"},"content":{"rendered":"<p class=\"\" data-start=\"271\" data-end=\"569\">Cuando cada segundo cuenta y la comodidad marca la diferencia, elige la <strong data-start=\"338\" data-end=\"365\">Camiseta sin mangas Race Ultralight<\/strong>. Dise\u00f1ada para rendir al m\u00e1ximo <strong data-start=\"397\" data-end=\"467\">en los entrenamientos m\u00e1s intensos, en las competiciones o en los d\u00edas de calor<\/strong>, es la combinaci\u00f3n perfecta entre ligereza extrema, transpirabilidad avanzada y total libertad de movimiento.<\/p>\n<p class=\"\" data-start=\"571\" data-end=\"881\">Con un peso pluma de <strong data-start=\"592\" data-end=\"621\">solo 42 gramos (talla M)<\/strong>, esta camiseta t\u00e9cnica es tan ligera que te parecer\u00e1 que no la llevas puesta. El tejido <strong data-start=\"707\" data-end=\"722\">OPENMESH 3D<\/strong> Made in Italy, 100 % reciclado, garantiza <strong data-start=\"768\" data-end=\"814\">una ventilaci\u00f3n constante y un secado r\u00e1pido<\/strong>, manteni\u00e9ndote fresco y seco incluso en las situaciones m\u00e1s exigentes.<\/p>\n<p class=\"\" data-start=\"883\" data-end=\"1067\">El <strong data-start=\"886\" data-end=\"907\">corte ergon\u00f3mico<\/strong> se adapta a cada movimiento del cuerpo, sin oprimir, mientras que el <strong data-start=\"969\" data-end=\"1011\">dise\u00f1o de competici\u00f3n en color lavanda<\/strong> a\u00f1ade un toque de estilo decidido a tu rendimiento.<\/p>\n<h3 class=\"\" data-start=\"1074\" data-end=\"1109\"><strong data-start=\"1078\" data-end=\"1109\">Caracter\u00edsticas principales:<\/strong><\/h3>\n<ul data-start=\"1111\" data-end=\"1496\">\n<li class=\"\" data-start=\"1111\" data-end=\"1160\">\n<p class=\"\" data-start=\"1113\" data-end=\"1160\">&nbsp;<strong data-start=\"1116\" data-end=\"1137\">Peso ultraligero<\/strong>: solo 42 g en la talla M<\/p>\n<\/li>\n<li class=\"\" data-start=\"1161\" data-end=\"1237\">\n<p class=\"\" data-start=\"1163\" data-end=\"1237\">&nbsp;<strong data-start=\"1166\" data-end=\"1189\">Tejido OPENMESH 3D<\/strong>: m\u00e1xima transpirabilidad y gesti\u00f3n de la humedad<\/p>\n<\/li>\n<li class=\"\" data-start=\"1238\" data-end=\"1288\">\n<p class=\"\" data-start=\"1240\" data-end=\"1288\">&nbsp;<strong data-start=\"1243\" data-end=\"1272\">100 % poli\u00e9ster reciclado<\/strong> \u2013 Fabricado en Italia<\/p>\n<\/li>\n<li class=\"\" data-start=\"1289\" data-end=\"1359\">\n<p class=\"\" data-start=\"1291\" data-end=\"1359\"><strong data-start=\"1294\" data-end=\"1320\">Ajuste ergon\u00f3mico<\/strong>: dise\u00f1ado para potenciar el rendimiento<\/p>\n<\/li>\n<li class=\"\" data-start=\"1360\" data-end=\"1429\">\n<p class=\"\" data-start=\"1362\" data-end=\"1429\">&nbsp;<strong data-start=\"1365\" data-end=\"1384\">M\u00e1xima comodidad<\/strong>: suavidad y sensaci\u00f3n de libertad absoluta<\/p>\n<\/li>\n<li class=\"\" data-start=\"1430\" data-end=\"1496\">\n<p class=\"\" data-start=\"1432\" data-end=\"1496\">&nbsp;<strong data-start=\"1435\" data-end=\"1456\">Dise\u00f1o listo para la competici\u00f3n<\/strong>: estampado lavanda inspirado en el mundo de la competici\u00f3n<\/p>\n<\/li>\n<\/ul>\n","protected":false},"excerpt":{"rendered":"<ul>\n<li>Corte ergon\u00f3mico<\/li>\n<li>Ultraligera<\/li>\n<li>Suave al tacto<\/li>\n<\/ul>\n","protected":false},"featured_media":308509,"template":"","meta":{"_acf_changed":false,"inline_featured_image":false},"product_brand":[],"product_cat":[24399,24401],"product_tag":[23527,23624],"class_list":{"0":"post-301085","1":"product","2":"type-product","3":"status-publish","4":"has-post-thumbnail","6":"product_cat-chalecos","7":"product_cat-ropa-de-mujer","8":"product_tag-wild-tee-es","9":"product_tag-wild-tee-mujer","10":"pa_attivita-caminar","11":"pa_attivita-fitness-es","12":"pa_attivita-running-es","13":"pa_attivita-trail-es","14":"pa_marca-wild-tee-es","15":"pa_sesso-mujer","16":"pa_size-extra-small-es","17":"pa_size-small-es","18":"pa_size-medium-es","20":"first","21":"instock","22":"taxable","23":"shipping-taxable","24":"purchasable","25":"product-type-variable","26":"wvs-archive-product-wrapper"},"acf":[],"yoast_head":"<!-- This site is optimized with the Yoast SEO plugin v26.8 - https:\/\/yoast.com\/product\/yoast-seo-wordpress\/ -->\n<title>Wild Tee Race Lavender Camiseta sin mangas mujer -Camiseta sin mangas para correr - MioMioRun<\/title>\n<meta name=\"description\" content=\"Camiseta de competici\u00f3n ultraligera y transpirable confeccionada en tejido reciclado OPENMESH 3D. Solo 42 g, secado r\u00e1pido, m\u00e1ximo confort y dise\u00f1o de competici\u00f3n\" \/>\n<meta name=\"robots\" content=\"index, follow, max-snippet:-1, max-image-preview:large, max-video-preview:-1\" \/>\n<link rel=\"canonical\" href=\"https:\/\/www.miomiorun.com\/es\/producto\/race-lavender-camiseta-sin-mangas-mujer\/\" \/>\n<meta property=\"og:locale\" content=\"es_ES\" \/>\n<meta property=\"og:type\" content=\"article\" \/>\n<meta property=\"og:title\" content=\"Wild Tee Race Lavender Camiseta sin mangas mujer -Camiseta sin mangas para correr - MioMioRun\" \/>\n<meta property=\"og:description\" content=\"Camiseta de competici\u00f3n ultraligera y transpirable confeccionada en tejido reciclado OPENMESH 3D. Solo 42 g, secado r\u00e1pido, m\u00e1ximo confort y dise\u00f1o de competici\u00f3n\" \/>\n<meta property=\"og:url\" content=\"https:\/\/www.miomiorun.com\/es\/producto\/race-lavender-camiseta-sin-mangas-mujer\/\" \/>\n<meta property=\"og:site_name\" content=\"MioMioRun\" \/>\n<meta property=\"article:publisher\" content=\"https:\/\/www.facebook.com\/miomiorun\/\" \/>\n<meta property=\"article:modified_time\" content=\"2026-04-29T08:07:16+00:00\" \/>\n<meta property=\"og:image\" content=\"https:\/\/www.miomiorun.com\/app\/uploads\/2025\/04\/wild-tee-Singlet-W-race-lavender-WT005WT171.webp\" \/>\n\t<meta property=\"og:image:width\" content=\"600\" \/>\n\t<meta property=\"og:image:height\" content=\"600\" \/>\n\t<meta property=\"og:image:type\" content=\"image\/webp\" \/>\n<meta name=\"twitter:card\" content=\"summary_large_image\" \/>\n<meta name=\"twitter:label1\" content=\"Est. reading time\" \/>\n\t<meta name=\"twitter:data1\" content=\"1 minute\" \/>\n<script type=\"application\/ld+json\" class=\"yoast-schema-graph\">{\"@context\":\"https:\/\/schema.org\",\"@graph\":[{\"@type\":\"WebPage\",\"@id\":\"https:\/\/www.miomiorun.com\/es\/producto\/race-lavender-camiseta-sin-mangas-mujer\/\",\"url\":\"https:\/\/www.miomiorun.com\/es\/producto\/race-lavender-camiseta-sin-mangas-mujer\/\",\"name\":\"Wild Tee Race Lavender Camiseta sin mangas mujer -Camiseta sin mangas para correr - MioMioRun\",\"isPartOf\":{\"@id\":\"https:\/\/www.miomiorun.com\/es\/#website\"},\"primaryImageOfPage\":{\"@id\":\"https:\/\/www.miomiorun.com\/es\/producto\/race-lavender-camiseta-sin-mangas-mujer\/#primaryimage\"},\"image\":{\"@id\":\"https:\/\/www.miomiorun.com\/es\/producto\/race-lavender-camiseta-sin-mangas-mujer\/#primaryimage\"},\"thumbnailUrl\":\"https:\/\/www.miomiorun.com\/app\/uploads\/2025\/04\/wild-tee-Singlet-W-race-lavender-WT005WT171.webp\",\"datePublished\":\"2025-04-09T07:55:09+00:00\",\"dateModified\":\"2026-04-29T08:07:16+00:00\",\"description\":\"Camiseta de competici\u00f3n ultraligera y transpirable confeccionada en tejido reciclado OPENMESH 3D. Solo 42 g, secado r\u00e1pido, m\u00e1ximo confort y dise\u00f1o de competici\u00f3n\",\"breadcrumb\":{\"@id\":\"https:\/\/www.miomiorun.com\/es\/producto\/race-lavender-camiseta-sin-mangas-mujer\/#breadcrumb\"},\"inLanguage\":\"es-ES\",\"potentialAction\":[{\"@type\":\"ReadAction\",\"target\":[\"https:\/\/www.miomiorun.com\/es\/producto\/race-lavender-camiseta-sin-mangas-mujer\/\"]}]},{\"@type\":\"ImageObject\",\"inLanguage\":\"es-ES\",\"@id\":\"https:\/\/www.miomiorun.com\/es\/producto\/race-lavender-camiseta-sin-mangas-mujer\/#primaryimage\",\"url\":\"https:\/\/www.miomiorun.com\/app\/uploads\/2025\/04\/wild-tee-Singlet-W-race-lavender-WT005WT171.webp\",\"contentUrl\":\"https:\/\/www.miomiorun.com\/app\/uploads\/2025\/04\/wild-tee-Singlet-W-race-lavender-WT005WT171.webp\",\"width\":600,\"height\":600,\"caption\":\"wild tee Singlet W race lavender WT005WT171\"},{\"@type\":\"BreadcrumbList\",\"@id\":\"https:\/\/www.miomiorun.com\/es\/producto\/race-lavender-camiseta-sin-mangas-mujer\/#breadcrumb\",\"itemListElement\":[{\"@type\":\"ListItem\",\"position\":1,\"name\":\"Home\",\"item\":\"https:\/\/www.miomiorun.com\/es\/\"},{\"@type\":\"ListItem\",\"position\":2,\"name\":\"Shop\",\"item\":\"https:\/\/www.miomiorun.com\/shop\/\"},{\"@type\":\"ListItem\",\"position\":3,\"name\":\"Race Lavender Camiseta sin mangas mujer\"}]},{\"@type\":\"WebSite\",\"@id\":\"https:\/\/www.miomiorun.com\/es\/#website\",\"url\":\"https:\/\/www.miomiorun.com\/es\/\",\"name\":\"MioMioRun\",\"description\":\"Tienda 100% running y trail\",\"publisher\":{\"@id\":\"https:\/\/www.miomiorun.com\/es\/#organization\"},\"potentialAction\":[{\"@type\":\"SearchAction\",\"target\":{\"@type\":\"EntryPoint\",\"urlTemplate\":\"https:\/\/www.miomiorun.com\/es\/?s={search_term_string}\"},\"query-input\":{\"@type\":\"PropertyValueSpecification\",\"valueRequired\":true,\"valueName\":\"search_term_string\"}}],\"inLanguage\":\"es-ES\"},{\"@type\":\"Organization\",\"@id\":\"https:\/\/www.miomiorun.com\/es\/#organization\",\"name\":\"MioMio Run\",\"url\":\"https:\/\/www.miomiorun.com\/es\/\",\"logo\":{\"@type\":\"ImageObject\",\"inLanguage\":\"es-ES\",\"@id\":\"https:\/\/www.miomiorun.com\/es\/#\/schema\/logo\/image\/\",\"url\":\"https:\/\/www.miomiorun.com\/app\/uploads\/2019\/12\/logomio.png\",\"contentUrl\":\"https:\/\/www.miomiorun.com\/app\/uploads\/2019\/12\/logomio.png\",\"width\":115,\"height\":82,\"caption\":\"MioMio Run\"},\"image\":{\"@id\":\"https:\/\/www.miomiorun.com\/es\/#\/schema\/logo\/image\/\"},\"sameAs\":[\"https:\/\/www.facebook.com\/miomiorun\/\",\"https:\/\/www.instagram.com\/miomiorun\/\"]}]}<\/script>\n<!-- \/ Yoast SEO plugin. -->","yoast_head_json":{"title":"Wild Tee Race Lavender Camiseta sin mangas mujer -Camiseta sin mangas para correr - MioMioRun","description":"Camiseta de competici\u00f3n ultraligera y transpirable confeccionada en tejido reciclado OPENMESH 3D. Solo 42 g, secado r\u00e1pido, m\u00e1ximo confort y dise\u00f1o de competici\u00f3n","robots":{"index":"index","follow":"follow","max-snippet":"max-snippet:-1","max-image-preview":"max-image-preview:large","max-video-preview":"max-video-preview:-1"},"canonical":"https:\/\/www.miomiorun.com\/es\/producto\/race-lavender-camiseta-sin-mangas-mujer\/","og_locale":"es_ES","og_type":"article","og_title":"Wild Tee Race Lavender Camiseta sin mangas mujer -Camiseta sin mangas para correr - MioMioRun","og_description":"Camiseta de competici\u00f3n ultraligera y transpirable confeccionada en tejido reciclado OPENMESH 3D. Solo 42 g, secado r\u00e1pido, m\u00e1ximo confort y dise\u00f1o de competici\u00f3n","og_url":"https:\/\/www.miomiorun.com\/es\/producto\/race-lavender-camiseta-sin-mangas-mujer\/","og_site_name":"MioMioRun","article_publisher":"https:\/\/www.facebook.com\/miomiorun\/","article_modified_time":"2026-04-29T08:07:16+00:00","og_image":[{"width":600,"height":600,"url":"https:\/\/www.miomiorun.com\/app\/uploads\/2025\/04\/wild-tee-Singlet-W-race-lavender-WT005WT171.webp","type":"image\/webp"}],"twitter_card":"summary_large_image","twitter_misc":{"Est. reading time":"1 minute"},"schema":{"@context":"https:\/\/schema.org","@graph":[{"@type":"WebPage","@id":"https:\/\/www.miomiorun.com\/es\/producto\/race-lavender-camiseta-sin-mangas-mujer\/","url":"https:\/\/www.miomiorun.com\/es\/producto\/race-lavender-camiseta-sin-mangas-mujer\/","name":"Wild Tee Race Lavender Camiseta sin mangas mujer -Camiseta sin mangas para correr - MioMioRun","isPartOf":{"@id":"https:\/\/www.miomiorun.com\/es\/#website"},"primaryImageOfPage":{"@id":"https:\/\/www.miomiorun.com\/es\/producto\/race-lavender-camiseta-sin-mangas-mujer\/#primaryimage"},"image":{"@id":"https:\/\/www.miomiorun.com\/es\/producto\/race-lavender-camiseta-sin-mangas-mujer\/#primaryimage"},"thumbnailUrl":"https:\/\/www.miomiorun.com\/app\/uploads\/2025\/04\/wild-tee-Singlet-W-race-lavender-WT005WT171.webp","datePublished":"2025-04-09T07:55:09+00:00","dateModified":"2026-04-29T08:07:16+00:00","description":"Camiseta de competici\u00f3n ultraligera y transpirable confeccionada en tejido reciclado OPENMESH 3D. Solo 42 g, secado r\u00e1pido, m\u00e1ximo confort y dise\u00f1o de competici\u00f3n","breadcrumb":{"@id":"https:\/\/www.miomiorun.com\/es\/producto\/race-lavender-camiseta-sin-mangas-mujer\/#breadcrumb"},"inLanguage":"es-ES","potentialAction":[{"@type":"ReadAction","target":["https:\/\/www.miomiorun.com\/es\/producto\/race-lavender-camiseta-sin-mangas-mujer\/"]}]},{"@type":"ImageObject","inLanguage":"es-ES","@id":"https:\/\/www.miomiorun.com\/es\/producto\/race-lavender-camiseta-sin-mangas-mujer\/#primaryimage","url":"https:\/\/www.miomiorun.com\/app\/uploads\/2025\/04\/wild-tee-Singlet-W-race-lavender-WT005WT171.webp","contentUrl":"https:\/\/www.miomiorun.com\/app\/uploads\/2025\/04\/wild-tee-Singlet-W-race-lavender-WT005WT171.webp","width":600,"height":600,"caption":"wild tee Singlet W race lavender WT005WT171"},{"@type":"BreadcrumbList","@id":"https:\/\/www.miomiorun.com\/es\/producto\/race-lavender-camiseta-sin-mangas-mujer\/#breadcrumb","itemListElement":[{"@type":"ListItem","position":1,"name":"Home","item":"https:\/\/www.miomiorun.com\/es\/"},{"@type":"ListItem","position":2,"name":"Shop","item":"https:\/\/www.miomiorun.com\/shop\/"},{"@type":"ListItem","position":3,"name":"Race Lavender Camiseta sin mangas mujer"}]},{"@type":"WebSite","@id":"https:\/\/www.miomiorun.com\/es\/#website","url":"https:\/\/www.miomiorun.com\/es\/","name":"MioMioRun","description":"Tienda 100% running y trail","publisher":{"@id":"https:\/\/www.miomiorun.com\/es\/#organization"},"potentialAction":[{"@type":"SearchAction","target":{"@type":"EntryPoint","urlTemplate":"https:\/\/www.miomiorun.com\/es\/?s={search_term_string}"},"query-input":{"@type":"PropertyValueSpecification","valueRequired":true,"valueName":"search_term_string"}}],"inLanguage":"es-ES"},{"@type":"Organization","@id":"https:\/\/www.miomiorun.com\/es\/#organization","name":"MioMio Run","url":"https:\/\/www.miomiorun.com\/es\/","logo":{"@type":"ImageObject","inLanguage":"es-ES","@id":"https:\/\/www.miomiorun.com\/es\/#\/schema\/logo\/image\/","url":"https:\/\/www.miomiorun.com\/app\/uploads\/2019\/12\/logomio.png","contentUrl":"https:\/\/www.miomiorun.com\/app\/uploads\/2019\/12\/logomio.png","width":115,"height":82,"caption":"MioMio Run"},"image":{"@id":"https:\/\/www.miomiorun.com\/es\/#\/schema\/logo\/image\/"},"sameAs":["https:\/\/www.facebook.com\/miomiorun\/","https:\/\/www.instagram.com\/miomiorun\/"]}]}},"_links":{"self":[{"href":"https:\/\/www.miomiorun.com\/es\/wp-json\/wp\/v2\/product\/301085","targetHints":{"allow":["GET"]}}],"collection":[{"href":"https:\/\/www.miomiorun.com\/es\/wp-json\/wp\/v2\/product"}],"about":[{"href":"https:\/\/www.miomiorun.com\/es\/wp-json\/wp\/v2\/types\/product"}],"wp:featuredmedia":[{"embeddable":true,"href":"https:\/\/www.miomiorun.com\/es\/wp-json\/wp\/v2\/media\/308509"}],"wp:attachment":[{"href":"https:\/\/www.miomiorun.com\/es\/wp-json\/wp\/v2\/media?parent=301085"}],"wp:term":[{"taxonomy":"product_brand","embeddable":true,"href":"https:\/\/www.miomiorun.com\/es\/wp-json\/wp\/v2\/product_brand?post=301085"},{"taxonomy":"product_cat","embeddable":true,"href":"https:\/\/www.miomiorun.com\/es\/wp-json\/wp\/v2\/product_cat?post=301085"},{"taxonomy":"product_tag","embeddable":true,"href":"https:\/\/www.miomiorun.com\/es\/wp-json\/wp\/v2\/product_tag?post=301085"}],"curies":[{"name":"wp","href":"https:\/\/api.w.org\/{rel}","templated":true}]}}