{"id":300976,"date":"2025-04-10T18:52:33","date_gmt":"2025-04-10T16:52:33","guid":{"rendered":"https:\/\/miomiorun.com\/?post_type=product&#038;p=300976"},"modified":"2026-04-28T15:58:15","modified_gmt":"2026-04-28T13:58:15","slug":"reconnect-beige-camiseta-de-manga-larga-hombre","status":"publish","type":"product","link":"https:\/\/www.miomiorun.com\/es\/producto\/reconnect-beige-camiseta-de-manga-larga-hombre\/","title":{"rendered":"Reconnect Beige Camiseta de manga larga hombre"},"content":{"rendered":"<p class=\"\" data-start=\"72\" data-end=\"125\"><strong data-start=\"72\" data-end=\"125\">Vuelve a conectar con lo que realmente importa.<\/strong><\/p>\n<p class=\"\" data-start=\"127\" data-end=\"528\">Desde la ic\u00f3nica l\u00ednea de algod\u00f3n org\u00e1nico hasta el rendimiento t\u00e9cnico: la camiseta \u00abReconnect with your Nature\u00bb llega por primera vez al mundo del deporte, manteniendo intacto su poderoso y aut\u00e9ntico mensaje. Esta nueva incorporaci\u00f3n, inspirada en la colecci\u00f3n Oto\u00f1o 2023, combina nuestro dise\u00f1o m\u00e1s vendido con un tejido de alto rendimiento, pensado para acompa\u00f1arte desde la pista hasta el sendero con la m\u00e1xima comodidad.<\/p>\n<p class=\"\" data-start=\"530\" data-end=\"812\">Confeccionada en tejido t\u00e9cnico Gotex, suave como la seda y altamente transpirable, esta camiseta de manga larga es ideal para las estaciones intermedias, las sesiones de running m\u00e1s frescas o las salidas al aire libre. El estampado de la espalda, discreto pero significativo, evoca libertad, naturaleza y movimiento.<\/p>\n<p class=\"\" data-start=\"814\" data-end=\"845\"><strong data-start=\"814\" data-end=\"845\">Caracter\u00edsticas principales:<\/strong><\/p>\n<ul data-start=\"846\" data-end=\"1150\">\n<li class=\"\" data-start=\"846\" data-end=\"922\">\n<p class=\"\" data-start=\"848\" data-end=\"922\">Tejido Gotex: ultraligero, sedoso al tacto y de secado r\u00e1pido.<\/p>\n<\/li>\n<li class=\"\" data-start=\"923\" data-end=\"991\">\n<p class=\"\" data-start=\"925\" data-end=\"991\">Corte t\u00e9cnico, ideal para correr y actividades al aire libre.<\/p>\n<\/li>\n<li class=\"\" data-start=\"992\" data-end=\"1052\">\n<p class=\"\" data-start=\"994\" data-end=\"1052\">Dise\u00f1o \u00abReconnect with your Nature\u00bb estampado en la espalda.<\/p>\n<\/li>\n<li class=\"\" data-start=\"1053\" data-end=\"1075\">\n<p class=\"\" data-start=\"1055\" data-end=\"1075\">Peso: solo 125 g.<\/p>\n<\/li>\n<li class=\"\" data-start=\"1076\" data-end=\"1150\">\n<p class=\"\" data-start=\"1078\" data-end=\"1150\">Perfecta para entrenamientos, excursiones y momentos de relajaci\u00f3n urbana.<\/p>\n<\/li>\n<\/ul>\n","protected":false},"excerpt":{"rendered":"<ul data-start=\"846\" data-end=\"1150\">\n<li class=\"\" data-start=\"846\" data-end=\"922\">\n<p class=\"\" data-start=\"848\" data-end=\"922\">Tejido Gotex: ultraligero, suave al tacto y de secado r\u00e1pido.<\/p>\n<\/li>\n<li class=\"\" data-start=\"923\" data-end=\"991\">\n<p class=\"\" data-start=\"925\" data-end=\"991\">Corte t\u00e9cnico, ideal para correr y practicar actividades al aire libre.<\/p>\n<\/li>\n<\/ul>\n","protected":false},"featured_media":308690,"template":"","meta":{"_acf_changed":false,"inline_featured_image":false},"product_brand":[],"product_cat":[24458,24463],"product_tag":[23527,23571],"class_list":{"0":"post-300976","1":"product","2":"type-product","3":"status-publish","4":"has-post-thumbnail","6":"product_cat-camisetas-es-2","7":"product_cat-ropa-de-hombre-es","8":"product_tag-wild-tee-es","9":"product_tag-wlid-tee-hombre","10":"pa_attivita-caminar","11":"pa_attivita-outdoor-es","12":"pa_attivita-running-es","13":"pa_marca-wild-tee-es","14":"pa_sesso-hombre","15":"pa_size-small-es","16":"pa_size-medium-es","17":"pa_size-extra-large-es","19":"first","20":"instock","21":"sale","22":"taxable","23":"shipping-taxable","24":"purchasable","25":"product-type-variable","26":"wvs-archive-product-wrapper"},"acf":[],"yoast_head":"<!-- This site is optimized with the Yoast SEO plugin v26.8 - https:\/\/yoast.com\/product\/yoast-seo-wordpress\/ -->\n<title>Wild Tee Reconnect Beige Camiseta de manga larga hombre - camiseta de running - MioMioRun<\/title>\n<meta name=\"description\" content=\"Camiseta t\u00e9cnica de running de manga larga con el estampado \u00abReconnect with your Nature\u00bb. Tejido Gotex ultrasuave y transpirable, ideal para entrenamientos y competiciones\" \/>\n<meta name=\"robots\" content=\"index, follow, max-snippet:-1, max-image-preview:large, max-video-preview:-1\" \/>\n<link rel=\"canonical\" href=\"https:\/\/www.miomiorun.com\/es\/producto\/reconnect-beige-camiseta-de-manga-larga-hombre\/\" \/>\n<meta property=\"og:locale\" content=\"es_ES\" \/>\n<meta property=\"og:type\" content=\"article\" \/>\n<meta property=\"og:title\" content=\"Wild Tee Reconnect Beige Camiseta de manga larga hombre - camiseta de running - MioMioRun\" \/>\n<meta property=\"og:description\" content=\"Camiseta t\u00e9cnica de running de manga larga con el estampado \u00abReconnect with your Nature\u00bb. Tejido Gotex ultrasuave y transpirable, ideal para entrenamientos y competiciones\" \/>\n<meta property=\"og:url\" content=\"https:\/\/www.miomiorun.com\/es\/producto\/reconnect-beige-camiseta-de-manga-larga-hombre\/\" \/>\n<meta property=\"og:site_name\" content=\"MioMioRun\" \/>\n<meta property=\"article:publisher\" content=\"https:\/\/www.facebook.com\/miomiorun\/\" \/>\n<meta property=\"article:modified_time\" content=\"2026-04-28T13:58:15+00:00\" \/>\n<meta property=\"og:image\" content=\"https:\/\/www.miomiorun.com\/app\/uploads\/2025\/04\/wild-tee-Longsleeve-M-reconnect-WT006WT168.webp\" \/>\n\t<meta property=\"og:image:width\" content=\"600\" \/>\n\t<meta property=\"og:image:height\" content=\"600\" \/>\n\t<meta property=\"og:image:type\" content=\"image\/webp\" \/>\n<meta name=\"twitter:card\" content=\"summary_large_image\" \/>\n<meta name=\"twitter:label1\" content=\"Est. reading time\" \/>\n\t<meta name=\"twitter:data1\" content=\"1 minute\" \/>\n<script type=\"application\/ld+json\" class=\"yoast-schema-graph\">{\"@context\":\"https:\/\/schema.org\",\"@graph\":[{\"@type\":\"WebPage\",\"@id\":\"https:\/\/www.miomiorun.com\/es\/producto\/reconnect-beige-camiseta-de-manga-larga-hombre\/\",\"url\":\"https:\/\/www.miomiorun.com\/es\/producto\/reconnect-beige-camiseta-de-manga-larga-hombre\/\",\"name\":\"Wild Tee Reconnect Beige Camiseta de manga larga hombre - camiseta de running - MioMioRun\",\"isPartOf\":{\"@id\":\"https:\/\/www.miomiorun.com\/es\/#website\"},\"primaryImageOfPage\":{\"@id\":\"https:\/\/www.miomiorun.com\/es\/producto\/reconnect-beige-camiseta-de-manga-larga-hombre\/#primaryimage\"},\"image\":{\"@id\":\"https:\/\/www.miomiorun.com\/es\/producto\/reconnect-beige-camiseta-de-manga-larga-hombre\/#primaryimage\"},\"thumbnailUrl\":\"https:\/\/www.miomiorun.com\/app\/uploads\/2025\/04\/wild-tee-Longsleeve-M-reconnect-WT006WT168.webp\",\"datePublished\":\"2025-04-10T16:52:33+00:00\",\"dateModified\":\"2026-04-28T13:58:15+00:00\",\"description\":\"Camiseta t\u00e9cnica de running de manga larga con el estampado \u00abReconnect with your Nature\u00bb. Tejido Gotex ultrasuave y transpirable, ideal para entrenamientos y competiciones\",\"breadcrumb\":{\"@id\":\"https:\/\/www.miomiorun.com\/es\/producto\/reconnect-beige-camiseta-de-manga-larga-hombre\/#breadcrumb\"},\"inLanguage\":\"es-ES\",\"potentialAction\":[{\"@type\":\"ReadAction\",\"target\":[\"https:\/\/www.miomiorun.com\/es\/producto\/reconnect-beige-camiseta-de-manga-larga-hombre\/\"]}]},{\"@type\":\"ImageObject\",\"inLanguage\":\"es-ES\",\"@id\":\"https:\/\/www.miomiorun.com\/es\/producto\/reconnect-beige-camiseta-de-manga-larga-hombre\/#primaryimage\",\"url\":\"https:\/\/www.miomiorun.com\/app\/uploads\/2025\/04\/wild-tee-Longsleeve-M-reconnect-WT006WT168.webp\",\"contentUrl\":\"https:\/\/www.miomiorun.com\/app\/uploads\/2025\/04\/wild-tee-Longsleeve-M-reconnect-WT006WT168.webp\",\"width\":600,\"height\":600,\"caption\":\"wild tee Longsleeve M reconnect WT006WT168\"},{\"@type\":\"BreadcrumbList\",\"@id\":\"https:\/\/www.miomiorun.com\/es\/producto\/reconnect-beige-camiseta-de-manga-larga-hombre\/#breadcrumb\",\"itemListElement\":[{\"@type\":\"ListItem\",\"position\":1,\"name\":\"Home\",\"item\":\"https:\/\/www.miomiorun.com\/es\/\"},{\"@type\":\"ListItem\",\"position\":2,\"name\":\"Shop\",\"item\":\"https:\/\/www.miomiorun.com\/shop\/\"},{\"@type\":\"ListItem\",\"position\":3,\"name\":\"Reconnect Beige Camiseta de manga larga hombre\"}]},{\"@type\":\"WebSite\",\"@id\":\"https:\/\/www.miomiorun.com\/es\/#website\",\"url\":\"https:\/\/www.miomiorun.com\/es\/\",\"name\":\"MioMioRun\",\"description\":\"Tienda 100% running y trail\",\"publisher\":{\"@id\":\"https:\/\/www.miomiorun.com\/es\/#organization\"},\"potentialAction\":[{\"@type\":\"SearchAction\",\"target\":{\"@type\":\"EntryPoint\",\"urlTemplate\":\"https:\/\/www.miomiorun.com\/es\/?s={search_term_string}\"},\"query-input\":{\"@type\":\"PropertyValueSpecification\",\"valueRequired\":true,\"valueName\":\"search_term_string\"}}],\"inLanguage\":\"es-ES\"},{\"@type\":\"Organization\",\"@id\":\"https:\/\/www.miomiorun.com\/es\/#organization\",\"name\":\"MioMio Run\",\"url\":\"https:\/\/www.miomiorun.com\/es\/\",\"logo\":{\"@type\":\"ImageObject\",\"inLanguage\":\"es-ES\",\"@id\":\"https:\/\/www.miomiorun.com\/es\/#\/schema\/logo\/image\/\",\"url\":\"https:\/\/www.miomiorun.com\/app\/uploads\/2019\/12\/logomio.png\",\"contentUrl\":\"https:\/\/www.miomiorun.com\/app\/uploads\/2019\/12\/logomio.png\",\"width\":115,\"height\":82,\"caption\":\"MioMio Run\"},\"image\":{\"@id\":\"https:\/\/www.miomiorun.com\/es\/#\/schema\/logo\/image\/\"},\"sameAs\":[\"https:\/\/www.facebook.com\/miomiorun\/\",\"https:\/\/www.instagram.com\/miomiorun\/\"]}]}<\/script>\n<!-- \/ Yoast SEO plugin. -->","yoast_head_json":{"title":"Wild Tee Reconnect Beige Camiseta de manga larga hombre - camiseta de running - MioMioRun","description":"Camiseta t\u00e9cnica de running de manga larga con el estampado \u00abReconnect with your Nature\u00bb. Tejido Gotex ultrasuave y transpirable, ideal para entrenamientos y competiciones","robots":{"index":"index","follow":"follow","max-snippet":"max-snippet:-1","max-image-preview":"max-image-preview:large","max-video-preview":"max-video-preview:-1"},"canonical":"https:\/\/www.miomiorun.com\/es\/producto\/reconnect-beige-camiseta-de-manga-larga-hombre\/","og_locale":"es_ES","og_type":"article","og_title":"Wild Tee Reconnect Beige Camiseta de manga larga hombre - camiseta de running - MioMioRun","og_description":"Camiseta t\u00e9cnica de running de manga larga con el estampado \u00abReconnect with your Nature\u00bb. Tejido Gotex ultrasuave y transpirable, ideal para entrenamientos y competiciones","og_url":"https:\/\/www.miomiorun.com\/es\/producto\/reconnect-beige-camiseta-de-manga-larga-hombre\/","og_site_name":"MioMioRun","article_publisher":"https:\/\/www.facebook.com\/miomiorun\/","article_modified_time":"2026-04-28T13:58:15+00:00","og_image":[{"width":600,"height":600,"url":"https:\/\/www.miomiorun.com\/app\/uploads\/2025\/04\/wild-tee-Longsleeve-M-reconnect-WT006WT168.webp","type":"image\/webp"}],"twitter_card":"summary_large_image","twitter_misc":{"Est. reading time":"1 minute"},"schema":{"@context":"https:\/\/schema.org","@graph":[{"@type":"WebPage","@id":"https:\/\/www.miomiorun.com\/es\/producto\/reconnect-beige-camiseta-de-manga-larga-hombre\/","url":"https:\/\/www.miomiorun.com\/es\/producto\/reconnect-beige-camiseta-de-manga-larga-hombre\/","name":"Wild Tee Reconnect Beige Camiseta de manga larga hombre - camiseta de running - MioMioRun","isPartOf":{"@id":"https:\/\/www.miomiorun.com\/es\/#website"},"primaryImageOfPage":{"@id":"https:\/\/www.miomiorun.com\/es\/producto\/reconnect-beige-camiseta-de-manga-larga-hombre\/#primaryimage"},"image":{"@id":"https:\/\/www.miomiorun.com\/es\/producto\/reconnect-beige-camiseta-de-manga-larga-hombre\/#primaryimage"},"thumbnailUrl":"https:\/\/www.miomiorun.com\/app\/uploads\/2025\/04\/wild-tee-Longsleeve-M-reconnect-WT006WT168.webp","datePublished":"2025-04-10T16:52:33+00:00","dateModified":"2026-04-28T13:58:15+00:00","description":"Camiseta t\u00e9cnica de running de manga larga con el estampado \u00abReconnect with your Nature\u00bb. Tejido Gotex ultrasuave y transpirable, ideal para entrenamientos y competiciones","breadcrumb":{"@id":"https:\/\/www.miomiorun.com\/es\/producto\/reconnect-beige-camiseta-de-manga-larga-hombre\/#breadcrumb"},"inLanguage":"es-ES","potentialAction":[{"@type":"ReadAction","target":["https:\/\/www.miomiorun.com\/es\/producto\/reconnect-beige-camiseta-de-manga-larga-hombre\/"]}]},{"@type":"ImageObject","inLanguage":"es-ES","@id":"https:\/\/www.miomiorun.com\/es\/producto\/reconnect-beige-camiseta-de-manga-larga-hombre\/#primaryimage","url":"https:\/\/www.miomiorun.com\/app\/uploads\/2025\/04\/wild-tee-Longsleeve-M-reconnect-WT006WT168.webp","contentUrl":"https:\/\/www.miomiorun.com\/app\/uploads\/2025\/04\/wild-tee-Longsleeve-M-reconnect-WT006WT168.webp","width":600,"height":600,"caption":"wild tee Longsleeve M reconnect WT006WT168"},{"@type":"BreadcrumbList","@id":"https:\/\/www.miomiorun.com\/es\/producto\/reconnect-beige-camiseta-de-manga-larga-hombre\/#breadcrumb","itemListElement":[{"@type":"ListItem","position":1,"name":"Home","item":"https:\/\/www.miomiorun.com\/es\/"},{"@type":"ListItem","position":2,"name":"Shop","item":"https:\/\/www.miomiorun.com\/shop\/"},{"@type":"ListItem","position":3,"name":"Reconnect Beige Camiseta de manga larga hombre"}]},{"@type":"WebSite","@id":"https:\/\/www.miomiorun.com\/es\/#website","url":"https:\/\/www.miomiorun.com\/es\/","name":"MioMioRun","description":"Tienda 100% running y trail","publisher":{"@id":"https:\/\/www.miomiorun.com\/es\/#organization"},"potentialAction":[{"@type":"SearchAction","target":{"@type":"EntryPoint","urlTemplate":"https:\/\/www.miomiorun.com\/es\/?s={search_term_string}"},"query-input":{"@type":"PropertyValueSpecification","valueRequired":true,"valueName":"search_term_string"}}],"inLanguage":"es-ES"},{"@type":"Organization","@id":"https:\/\/www.miomiorun.com\/es\/#organization","name":"MioMio Run","url":"https:\/\/www.miomiorun.com\/es\/","logo":{"@type":"ImageObject","inLanguage":"es-ES","@id":"https:\/\/www.miomiorun.com\/es\/#\/schema\/logo\/image\/","url":"https:\/\/www.miomiorun.com\/app\/uploads\/2019\/12\/logomio.png","contentUrl":"https:\/\/www.miomiorun.com\/app\/uploads\/2019\/12\/logomio.png","width":115,"height":82,"caption":"MioMio Run"},"image":{"@id":"https:\/\/www.miomiorun.com\/es\/#\/schema\/logo\/image\/"},"sameAs":["https:\/\/www.facebook.com\/miomiorun\/","https:\/\/www.instagram.com\/miomiorun\/"]}]}},"_links":{"self":[{"href":"https:\/\/www.miomiorun.com\/es\/wp-json\/wp\/v2\/product\/300976","targetHints":{"allow":["GET"]}}],"collection":[{"href":"https:\/\/www.miomiorun.com\/es\/wp-json\/wp\/v2\/product"}],"about":[{"href":"https:\/\/www.miomiorun.com\/es\/wp-json\/wp\/v2\/types\/product"}],"wp:featuredmedia":[{"embeddable":true,"href":"https:\/\/www.miomiorun.com\/es\/wp-json\/wp\/v2\/media\/308690"}],"wp:attachment":[{"href":"https:\/\/www.miomiorun.com\/es\/wp-json\/wp\/v2\/media?parent=300976"}],"wp:term":[{"taxonomy":"product_brand","embeddable":true,"href":"https:\/\/www.miomiorun.com\/es\/wp-json\/wp\/v2\/product_brand?post=300976"},{"taxonomy":"product_cat","embeddable":true,"href":"https:\/\/www.miomiorun.com\/es\/wp-json\/wp\/v2\/product_cat?post=300976"},{"taxonomy":"product_tag","embeddable":true,"href":"https:\/\/www.miomiorun.com\/es\/wp-json\/wp\/v2\/product_tag?post=300976"}],"curies":[{"name":"wp","href":"https:\/\/api.w.org\/{rel}","templated":true}]}}