{"id":300931,"date":"2025-03-06T17:40:08","date_gmt":"2025-03-06T16:40:08","guid":{"rendered":"https:\/\/miomiorun.com\/prodotto\/ultra-glide-3-uomo\/"},"modified":"2025-05-22T17:06:17","modified_gmt":"2025-05-22T15:06:17","slug":"ultra-glide-3-hombre","status":"publish","type":"product","link":"https:\/\/www.miomiorun.com\/es\/producto\/ultra-glide-3-hombre\/","title":{"rendered":"Ultra Glide 3 hombre"},"content":{"rendered":"<div class=\"vc-row container\"><div class=\"vc-column\"><div class=\"vc-column-text\"><\/p>\n<h4>Especificaciones t\u00e9cnicas<\/h4>\n<p>Categor\u00eda: Amortiguaci\u00f3n superior<\/p>\n<p>Peso: 285 gr<\/p>\n<p>Drop: 6mm<\/p>\n<p>Ideal para : corredores que buscan una combinaci\u00f3n de m\u00e1xima amortiguaci\u00f3n, protecci\u00f3n del pie y comodidad excepcional en terrenos mixtos<br \/>\n<a href=\"https:\/\/miomiorun.com\/es\/guia-especifica\/\">Gu\u00eda de especificaciones<\/a><\/p>\n<p><\/div><\/div><div class=\"vc-column\"><div class=\"vc-column-text\">Si quieres una zapatilla que te apoye en todo momento, desde el principio hasta el \u00faltimo kil\u00f3metro, la<strong>Ultra Glide 3<\/strong> es la opci\u00f3n ideal para ti. Gracias a su <strong>incomparable comodidad<\/strong>, que se siente desde el primer momento en que te la pones, esta zapatilla te permitir\u00e1 alcanzar f\u00e1cilmente <strong>el m\u00e1ximo rendimiento<\/strong>. Su amortiguaci\u00f3n avanzada infunde energ\u00eda a cada zancada, haci\u00e9ndote sentir que corres hacia una experiencia de bienestar total, independientemente de la distancia recorrida.<\/p>\n<p>Equipada con una amortiguaci\u00f3n <strong>m\u00e1xima<\/strong> que amortigua cada impacto, la Ultra Glide 3 es perfecta para quienes abordan terrenos mixtos y corren 4 veces o m\u00e1s a la semana. Su <strong>diferencial de 6 mm<\/strong> garantiza un confort \u00f3ptimo, mientras que su bajo peso de solo <strong>285<\/strong> g la hace incre\u00edblemente ligera y din\u00e1mica sin sacrificar la sujeci\u00f3n. Los <strong>tacos<\/strong> de <strong>4 mm<\/strong> ofrecen un agarre ideal en terrenos variados, haciendo que cada carrera sea a\u00fan m\u00e1s suave y segura.<\/p>\n<p>Si quieres vivir cada carrera con energ\u00eda y comodidad, elige las<strong>Ultra Glide 3<\/strong>: un paso adelante en tu experiencia de running.<\/div><\/div><\/div>\n","protected":false},"excerpt":{"rendered":"<ul>\n<li>Resistencia sin l\u00edmites<\/li>\n<li>Agarre reforzado<\/li>\n<li>Ligereza extra<\/li>\n<\/ul>\n","protected":false},"featured_media":265719,"template":"","meta":{"_acf_changed":false,"inline_featured_image":false},"product_brand":[],"product_cat":[24454,24451,24464],"product_tag":[23582,23615],"class_list":{"0":"post-300931","1":"product","2":"type-product","3":"status-publish","4":"has-post-thumbnail","6":"product_cat-calzado-para-hombre","7":"product_cat-trail-es-3","8":"product_cat-hombre","9":"product_tag-salomon-es","10":"product_tag-salomon-hombre","11":"pa_attivita-caminar","12":"pa_attivita-outdoor-es","13":"pa_attivita-trail-es","14":"pa_colore-ultra-glide-3-frnchb-lunroc-chert-es","15":"pa_marca-salomon-es","16":"pa_sesso-hombre","17":"pa_size-42-es","19":"first","20":"instock","21":"sale","22":"taxable","23":"shipping-taxable","24":"purchasable","25":"product-type-variable","26":"wvs-archive-product-wrapper"},"acf":[],"yoast_head":"<!-- This site is optimized with the Yoast SEO plugin v26.8 - https:\/\/yoast.com\/product\/yoast-seo-wordpress\/ -->\n<title>SalomonUltra Glide 3 hombre - zapatillas running hombre - MioMioRun<\/title>\n<meta name=\"description\" content=\"La Ultra Glide 3 ofrece comodidad, m\u00e1xima amortiguaci\u00f3n y ligereza, lo que la hace perfecta para carreras por terrenos mixtos, incluso para corredores habituales.\" \/>\n<meta name=\"robots\" content=\"index, follow, max-snippet:-1, max-image-preview:large, max-video-preview:-1\" \/>\n<link rel=\"canonical\" href=\"https:\/\/www.miomiorun.com\/es\/producto\/ultra-glide-3-hombre\/\" \/>\n<meta property=\"og:locale\" content=\"es_ES\" \/>\n<meta property=\"og:type\" content=\"article\" \/>\n<meta property=\"og:title\" content=\"SalomonUltra Glide 3 hombre - zapatillas running hombre - MioMioRun\" \/>\n<meta property=\"og:description\" content=\"La Ultra Glide 3 ofrece comodidad, m\u00e1xima amortiguaci\u00f3n y ligereza, lo que la hace perfecta para carreras por terrenos mixtos, incluso para corredores habituales.\" \/>\n<meta property=\"og:url\" content=\"https:\/\/www.miomiorun.com\/es\/producto\/ultra-glide-3-hombre\/\" \/>\n<meta property=\"og:site_name\" content=\"MioMioRun\" \/>\n<meta property=\"article:publisher\" content=\"https:\/\/www.facebook.com\/miomiorun\/\" \/>\n<meta property=\"article:modified_time\" content=\"2025-05-22T15:06:17+00:00\" \/>\n<meta property=\"og:image\" content=\"https:\/\/www.miomiorun.com\/app\/uploads\/2025\/03\/salomon-Ultra-Glide-3-frnchb-lunroc-chert-L47522100.webp\" \/>\n\t<meta property=\"og:image:width\" content=\"600\" \/>\n\t<meta property=\"og:image:height\" content=\"600\" \/>\n\t<meta property=\"og:image:type\" content=\"image\/webp\" \/>\n<meta name=\"twitter:card\" content=\"summary_large_image\" \/>\n<meta name=\"twitter:label1\" content=\"Est. reading time\" \/>\n\t<meta name=\"twitter:data1\" content=\"1 minute\" \/>\n<script type=\"application\/ld+json\" class=\"yoast-schema-graph\">{\"@context\":\"https:\/\/schema.org\",\"@graph\":[{\"@type\":\"WebPage\",\"@id\":\"https:\/\/www.miomiorun.com\/es\/producto\/ultra-glide-3-hombre\/\",\"url\":\"https:\/\/www.miomiorun.com\/es\/producto\/ultra-glide-3-hombre\/\",\"name\":\"SalomonUltra Glide 3 hombre - zapatillas running hombre - MioMioRun\",\"isPartOf\":{\"@id\":\"https:\/\/www.miomiorun.com\/es\/#website\"},\"primaryImageOfPage\":{\"@id\":\"https:\/\/www.miomiorun.com\/es\/producto\/ultra-glide-3-hombre\/#primaryimage\"},\"image\":{\"@id\":\"https:\/\/www.miomiorun.com\/es\/producto\/ultra-glide-3-hombre\/#primaryimage\"},\"thumbnailUrl\":\"https:\/\/www.miomiorun.com\/app\/uploads\/2025\/03\/salomon-Ultra-Glide-3-frnchb-lunroc-chert-L47522100.webp\",\"datePublished\":\"2025-03-06T16:40:08+00:00\",\"dateModified\":\"2025-05-22T15:06:17+00:00\",\"description\":\"La Ultra Glide 3 ofrece comodidad, m\u00e1xima amortiguaci\u00f3n y ligereza, lo que la hace perfecta para carreras por terrenos mixtos, incluso para corredores habituales.\",\"breadcrumb\":{\"@id\":\"https:\/\/www.miomiorun.com\/es\/producto\/ultra-glide-3-hombre\/#breadcrumb\"},\"inLanguage\":\"es-ES\",\"potentialAction\":[{\"@type\":\"ReadAction\",\"target\":[\"https:\/\/www.miomiorun.com\/es\/producto\/ultra-glide-3-hombre\/\"]}]},{\"@type\":\"ImageObject\",\"inLanguage\":\"es-ES\",\"@id\":\"https:\/\/www.miomiorun.com\/es\/producto\/ultra-glide-3-hombre\/#primaryimage\",\"url\":\"https:\/\/www.miomiorun.com\/app\/uploads\/2025\/03\/salomon-Ultra-Glide-3-frnchb-lunroc-chert-L47522100.webp\",\"contentUrl\":\"https:\/\/www.miomiorun.com\/app\/uploads\/2025\/03\/salomon-Ultra-Glide-3-frnchb-lunroc-chert-L47522100.webp\",\"width\":600,\"height\":600,\"caption\":\"salomon Ultra Glide 3 frnchb lunroc chert L47522100\"},{\"@type\":\"BreadcrumbList\",\"@id\":\"https:\/\/www.miomiorun.com\/es\/producto\/ultra-glide-3-hombre\/#breadcrumb\",\"itemListElement\":[{\"@type\":\"ListItem\",\"position\":1,\"name\":\"Home\",\"item\":\"https:\/\/www.miomiorun.com\/es\/\"},{\"@type\":\"ListItem\",\"position\":2,\"name\":\"Shop\",\"item\":\"https:\/\/www.miomiorun.com\/shop\/\"},{\"@type\":\"ListItem\",\"position\":3,\"name\":\"Ultra Glide 3 hombre\"}]},{\"@type\":\"WebSite\",\"@id\":\"https:\/\/www.miomiorun.com\/es\/#website\",\"url\":\"https:\/\/www.miomiorun.com\/es\/\",\"name\":\"MioMioRun\",\"description\":\"Tienda 100% running y trail\",\"publisher\":{\"@id\":\"https:\/\/www.miomiorun.com\/es\/#organization\"},\"potentialAction\":[{\"@type\":\"SearchAction\",\"target\":{\"@type\":\"EntryPoint\",\"urlTemplate\":\"https:\/\/www.miomiorun.com\/es\/?s={search_term_string}\"},\"query-input\":{\"@type\":\"PropertyValueSpecification\",\"valueRequired\":true,\"valueName\":\"search_term_string\"}}],\"inLanguage\":\"es-ES\"},{\"@type\":\"Organization\",\"@id\":\"https:\/\/www.miomiorun.com\/es\/#organization\",\"name\":\"MioMio Run\",\"url\":\"https:\/\/www.miomiorun.com\/es\/\",\"logo\":{\"@type\":\"ImageObject\",\"inLanguage\":\"es-ES\",\"@id\":\"https:\/\/www.miomiorun.com\/es\/#\/schema\/logo\/image\/\",\"url\":\"https:\/\/www.miomiorun.com\/app\/uploads\/2019\/12\/logomio.png\",\"contentUrl\":\"https:\/\/www.miomiorun.com\/app\/uploads\/2019\/12\/logomio.png\",\"width\":115,\"height\":82,\"caption\":\"MioMio Run\"},\"image\":{\"@id\":\"https:\/\/www.miomiorun.com\/es\/#\/schema\/logo\/image\/\"},\"sameAs\":[\"https:\/\/www.facebook.com\/miomiorun\/\",\"https:\/\/www.instagram.com\/miomiorun\/\"]}]}<\/script>\n<!-- \/ Yoast SEO plugin. -->","yoast_head_json":{"title":"SalomonUltra Glide 3 hombre - zapatillas running hombre - MioMioRun","description":"La Ultra Glide 3 ofrece comodidad, m\u00e1xima amortiguaci\u00f3n y ligereza, lo que la hace perfecta para carreras por terrenos mixtos, incluso para corredores habituales.","robots":{"index":"index","follow":"follow","max-snippet":"max-snippet:-1","max-image-preview":"max-image-preview:large","max-video-preview":"max-video-preview:-1"},"canonical":"https:\/\/www.miomiorun.com\/es\/producto\/ultra-glide-3-hombre\/","og_locale":"es_ES","og_type":"article","og_title":"SalomonUltra Glide 3 hombre - zapatillas running hombre - MioMioRun","og_description":"La Ultra Glide 3 ofrece comodidad, m\u00e1xima amortiguaci\u00f3n y ligereza, lo que la hace perfecta para carreras por terrenos mixtos, incluso para corredores habituales.","og_url":"https:\/\/www.miomiorun.com\/es\/producto\/ultra-glide-3-hombre\/","og_site_name":"MioMioRun","article_publisher":"https:\/\/www.facebook.com\/miomiorun\/","article_modified_time":"2025-05-22T15:06:17+00:00","og_image":[{"width":600,"height":600,"url":"https:\/\/www.miomiorun.com\/app\/uploads\/2025\/03\/salomon-Ultra-Glide-3-frnchb-lunroc-chert-L47522100.webp","type":"image\/webp"}],"twitter_card":"summary_large_image","twitter_misc":{"Est. reading time":"1 minute"},"schema":{"@context":"https:\/\/schema.org","@graph":[{"@type":"WebPage","@id":"https:\/\/www.miomiorun.com\/es\/producto\/ultra-glide-3-hombre\/","url":"https:\/\/www.miomiorun.com\/es\/producto\/ultra-glide-3-hombre\/","name":"SalomonUltra Glide 3 hombre - zapatillas running hombre - MioMioRun","isPartOf":{"@id":"https:\/\/www.miomiorun.com\/es\/#website"},"primaryImageOfPage":{"@id":"https:\/\/www.miomiorun.com\/es\/producto\/ultra-glide-3-hombre\/#primaryimage"},"image":{"@id":"https:\/\/www.miomiorun.com\/es\/producto\/ultra-glide-3-hombre\/#primaryimage"},"thumbnailUrl":"https:\/\/www.miomiorun.com\/app\/uploads\/2025\/03\/salomon-Ultra-Glide-3-frnchb-lunroc-chert-L47522100.webp","datePublished":"2025-03-06T16:40:08+00:00","dateModified":"2025-05-22T15:06:17+00:00","description":"La Ultra Glide 3 ofrece comodidad, m\u00e1xima amortiguaci\u00f3n y ligereza, lo que la hace perfecta para carreras por terrenos mixtos, incluso para corredores habituales.","breadcrumb":{"@id":"https:\/\/www.miomiorun.com\/es\/producto\/ultra-glide-3-hombre\/#breadcrumb"},"inLanguage":"es-ES","potentialAction":[{"@type":"ReadAction","target":["https:\/\/www.miomiorun.com\/es\/producto\/ultra-glide-3-hombre\/"]}]},{"@type":"ImageObject","inLanguage":"es-ES","@id":"https:\/\/www.miomiorun.com\/es\/producto\/ultra-glide-3-hombre\/#primaryimage","url":"https:\/\/www.miomiorun.com\/app\/uploads\/2025\/03\/salomon-Ultra-Glide-3-frnchb-lunroc-chert-L47522100.webp","contentUrl":"https:\/\/www.miomiorun.com\/app\/uploads\/2025\/03\/salomon-Ultra-Glide-3-frnchb-lunroc-chert-L47522100.webp","width":600,"height":600,"caption":"salomon Ultra Glide 3 frnchb lunroc chert L47522100"},{"@type":"BreadcrumbList","@id":"https:\/\/www.miomiorun.com\/es\/producto\/ultra-glide-3-hombre\/#breadcrumb","itemListElement":[{"@type":"ListItem","position":1,"name":"Home","item":"https:\/\/www.miomiorun.com\/es\/"},{"@type":"ListItem","position":2,"name":"Shop","item":"https:\/\/www.miomiorun.com\/shop\/"},{"@type":"ListItem","position":3,"name":"Ultra Glide 3 hombre"}]},{"@type":"WebSite","@id":"https:\/\/www.miomiorun.com\/es\/#website","url":"https:\/\/www.miomiorun.com\/es\/","name":"MioMioRun","description":"Tienda 100% running y trail","publisher":{"@id":"https:\/\/www.miomiorun.com\/es\/#organization"},"potentialAction":[{"@type":"SearchAction","target":{"@type":"EntryPoint","urlTemplate":"https:\/\/www.miomiorun.com\/es\/?s={search_term_string}"},"query-input":{"@type":"PropertyValueSpecification","valueRequired":true,"valueName":"search_term_string"}}],"inLanguage":"es-ES"},{"@type":"Organization","@id":"https:\/\/www.miomiorun.com\/es\/#organization","name":"MioMio Run","url":"https:\/\/www.miomiorun.com\/es\/","logo":{"@type":"ImageObject","inLanguage":"es-ES","@id":"https:\/\/www.miomiorun.com\/es\/#\/schema\/logo\/image\/","url":"https:\/\/www.miomiorun.com\/app\/uploads\/2019\/12\/logomio.png","contentUrl":"https:\/\/www.miomiorun.com\/app\/uploads\/2019\/12\/logomio.png","width":115,"height":82,"caption":"MioMio Run"},"image":{"@id":"https:\/\/www.miomiorun.com\/es\/#\/schema\/logo\/image\/"},"sameAs":["https:\/\/www.facebook.com\/miomiorun\/","https:\/\/www.instagram.com\/miomiorun\/"]}]}},"_links":{"self":[{"href":"https:\/\/www.miomiorun.com\/es\/wp-json\/wp\/v2\/product\/300931","targetHints":{"allow":["GET"]}}],"collection":[{"href":"https:\/\/www.miomiorun.com\/es\/wp-json\/wp\/v2\/product"}],"about":[{"href":"https:\/\/www.miomiorun.com\/es\/wp-json\/wp\/v2\/types\/product"}],"wp:featuredmedia":[{"embeddable":true,"href":"https:\/\/www.miomiorun.com\/es\/wp-json\/wp\/v2\/media\/265719"}],"wp:attachment":[{"href":"https:\/\/www.miomiorun.com\/es\/wp-json\/wp\/v2\/media?parent=300931"}],"wp:term":[{"taxonomy":"product_brand","embeddable":true,"href":"https:\/\/www.miomiorun.com\/es\/wp-json\/wp\/v2\/product_brand?post=300931"},{"taxonomy":"product_cat","embeddable":true,"href":"https:\/\/www.miomiorun.com\/es\/wp-json\/wp\/v2\/product_cat?post=300931"},{"taxonomy":"product_tag","embeddable":true,"href":"https:\/\/www.miomiorun.com\/es\/wp-json\/wp\/v2\/product_tag?post=300931"}],"curies":[{"name":"wp","href":"https:\/\/api.w.org\/{rel}","templated":true}]}}