{"id":300824,"date":"2025-03-17T16:58:33","date_gmt":"2025-03-17T15:58:33","guid":{"rendered":"https:\/\/miomiorun.com\/prodotto\/vectiv-enduris-4-uomo\/"},"modified":"2026-02-25T12:33:01","modified_gmt":"2026-02-25T11:33:01","slug":"vectiv-enduris-4-hombre","status":"publish","type":"product","link":"https:\/\/www.miomiorun.com\/es\/producto\/vectiv-enduris-4-hombre\/","title":{"rendered":"Vectiv Enduris 4 hombre"},"content":{"rendered":"<div class=\"vc-row container\"><div class=\"vc-column\"><div class=\"vc-column-text\"><\/p>\n<p><strong>Especificaciones t\u00e9cnicas<\/strong><\/p>\n<p>Categor\u00eda: amortiguaci\u00f3n superior.<br \/>\nOffset: 6 mm.<br \/>\nPeso: 287 g<br \/>\nIdeal para: corredores de trail y amantes de las caminatas por la monta\u00f1a que buscan un modelo ligero, con buena amortiguaci\u00f3n y protecci\u00f3n, capaz de transmitir el m\u00e1ximo confort incluso en distancias largas.<br \/>\nPeso del atleta: 60-70 kg<br \/>\nRitmo de carrera: medio-r\u00e1pido (4,30-6,00 min\/km)<br \/>\n<a href=\"https:\/\/miomiorun.com\/es\/guia-especifica\/\">Gu\u00eda de especificaciones t\u00e9cnicas<\/a><\/p>\n<p><\/div><\/div><div class=\"vc-column\"><div class=\"vc-column-text\"><strong>Enduris 4<\/strong>, la nueva zapatilla de North Face.<\/p>\n<p>El <strong>ajuste regular<\/strong> est\u00e1 dise\u00f1ado para garantizar el ajuste adecuado, equilibrado entre comodidad y sujeci\u00f3n. Gracias a su construcci\u00f3n ligera y a la <strong>parte superior sin costuras<\/strong>, la zapatilla cuenta con <strong>zonas de ventilaci\u00f3n mapeadas<\/strong> que mejoran la transpirabilidad, manteniendo los pies frescos y secos durante el entrenamiento. Adem\u00e1s, la parte superior est\u00e1 fabricada con una <strong>malla de doble urdimbre<\/strong>, compuesta en un 57 % por <strong>materiales reciclados<\/strong>, lo que supone un importante paso hacia una opci\u00f3n m\u00e1s ecol\u00f3gica. El ajuste se ha mejorado a\u00fan m\u00e1s gracias a una mayor adherencia en el tal\u00f3n y a las <strong>aletas integradas en la leng\u00fceta<\/strong>, que ofrecen una estabilidad ideal, tanto en la parte posterior del pie como en la zona medial.<\/p>\n<p>La verdadera innovaci\u00f3n reside en la <strong>tecnolog\u00eda VECTIV\u2122<\/strong>, que integra una suela plana 3D de doble densidad, una entresuela rocker y el agarre <strong>SurfaceCTRL\u2122<\/strong>, para ofrecerte una experiencia \u00fanica en los senderos. La nueva <strong>versi\u00f3n VECTIV\u2122 3.0<\/strong> est\u00e1 dise\u00f1ada con una suela plana 3D de <strong>TPU de alto rendimiento<\/strong>, que garantiza una mayor sensaci\u00f3n de propulsi\u00f3n hacia delante y un soporte lateral superior. Gracias a las <strong>aletas VECTIV\u2122 3D<\/strong> en la parte delantera del pie, la estabilidad en diferentes terrenos es excelente, mientras que la entresuela rocker amplifica la <strong>fuerza de propulsi\u00f3n<\/strong> a largo plazo, haci\u00e9ndote sentir impulsado en cada paso.<\/p>\n<p>La <strong>entresuela<\/strong> est\u00e1 fabricada con <strong>espuma DREAM<\/strong>, un material <strong>ultraligero de espuma de poliuretano<\/strong> que garantiza un <strong>mayor retorno de energ\u00eda<\/strong>, una reducci\u00f3n del peso y una mayor durabilidad en comparaci\u00f3n con la espuma EVA tradicional. Adem\u00e1s, en comparaci\u00f3n con el modelo anterior, las <strong>Enduris 4<\/strong> tienen 2 mm m\u00e1s de <strong>amortiguaci\u00f3n<\/strong> en la entresuela, lo que ofrece a\u00fan m\u00e1s comodidad y un apoyo sin igual.<\/p>\n<p>La suela de <strong>goma SURFACE CTRL\u2122<\/strong> es resistente y vers\u00e1til, dise\u00f1ada para adaptarse a diversos terrenos con una excelente distribuci\u00f3n del peso. Las <strong>lamas de 4 mm<\/strong> ofrecen una <strong>tracci\u00f3n de alto nivel<\/strong>, mientras que el <strong>20 % de caucho natural<\/strong>, procedente de peque\u00f1os agricultores que practican la <strong>agricultura regenerativa<\/strong>, contribuye a reducir el impacto medioambiental.<\/p>\n<p>Con una altura de suela de <strong>32 mm en el tal\u00f3n<\/strong> y un <strong>offset de 6 mm<\/strong>, las <strong>Enduris 4<\/strong> son perfectas para quienes buscan estabilidad, comodidad y una sensaci\u00f3n de propulsi\u00f3n. Tanto si corres por senderos, entrenas o intentas superar tu r\u00e9cord personal, esta zapatilla es la elecci\u00f3n ideal para afrontar cualquier reto con determinaci\u00f3n.<\/p>\n<p>Elegir la <strong>Enduris 4<\/strong> significa elegir tecnolog\u00eda punta, sostenibilidad y m\u00e1ximo confort. \u00a1Es hora de superar tus l\u00edmites!<\/p>\n<div class=\"mt-6 pb-10 space-y-4\">\n<div class=\"flex gap-4 wrap gap-x-2 gap-y-6\"><\/div>\n<\/div>\n<div id=\"Benefits\" class=\"f-col b-t b-grey-70\" data-test-id=\"vf-accordion\" data-n-ids=\"{&quot;nUfccvMQCJy-0&quot;:&quot;nUfccvMQCJy-47&quot;}\"><\/div>\n<div class=\"text-sm fw-light\" data-test-id=\"vf-accordion-content\">\n<div class=\"pb-6 pt-2 text-sm c-grey-20\">\n<div class=\"group flex items-start gap-4\">\n<p><img loading=\"lazy\" decoding=\"async\" class=\"contain\" src=\"https:\/\/assets.thenorthface.eu\/image\/upload\/v1728567337\/benefit-icon-cushioned.webp\" alt=\"Ammortizzate\" width=\"74\" height=\"74\"><\/p>\n<div class=\"grow space-y-1\">\n<p class=\"!title-5 fw-bold\">Amortiguaci\u00f3n: espuma ligera para una amortiguaci\u00f3n sin igual<\/p>\n<\/div>\n<\/div>\n<div class=\"group flex items-start gap-4\">\n<p><img loading=\"lazy\" decoding=\"async\" class=\"contain\" src=\"https:\/\/assets.thenorthface.eu\/image\/upload\/v1728567347\/benefit-icon-stability.webp\" alt=\"Stabili\" width=\"68\" height=\"68\"><\/p>\n<div class=\"grow space-y-1\">\n<p class=\"!title-5 fw-bold\">Estables: la tecnolog\u00eda de posicionamiento del tal\u00f3n mejora la estabilidad en terrenos irregulares.<\/p>\n<\/div>\n<\/div>\n<div class=\"group flex items-start gap-4\">\n<p><img loading=\"lazy\" decoding=\"async\" class=\"contain\" src=\"https:\/\/assets.thenorthface.eu\/image\/upload\/v1728567340\/benefit-icon-grip_sole.webp\" alt=\"Suola antiscivolo\" width=\"77\" height=\"77\"><\/p>\n<div class=\"grow space-y-1\">\n<p class=\"!title-5 fw-bold\">Suela antideslizante: Las mezclas de goma garantizan agarre, adherencia y resistencia tanto en superficies secas como mojadas.<\/p>\n<\/div>\n<\/div>\n<div class=\"group flex items-start gap-4\">\n<p><img loading=\"lazy\" decoding=\"async\" class=\"contain\" src=\"https:\/\/assets.thenorthface.eu\/image\/upload\/v1728567334\/benefit-icon_technical_trail.avif\" alt=\"Percorsi trail tecnici\" width=\"68\" height=\"68\"><\/p>\n<div class=\"grow space-y-1\">\n<p class=\"!title-5 fw-bold\">Rutas de trail t\u00e9cnicas: Tracci\u00f3n y protecci\u00f3n excepcionales en terrenos t\u00e9cnicos.<\/p>\n<\/div>\n<\/div>\n<\/div>\n<\/div>\n<p><\/div><\/div><\/div>\n","protected":false},"excerpt":{"rendered":"<ul>\n<li>\u00a0Surface CTRL\u00ae<\/li>\n<li>VECTIV\u2122<\/li>\n<\/ul>\n","protected":false},"featured_media":410974,"template":"","meta":{"_acf_changed":false,"inline_featured_image":false},"product_brand":[],"product_cat":[24454,24451],"product_tag":[32389,32399],"class_list":{"0":"post-300824","1":"product","2":"type-product","3":"status-publish","4":"has-post-thumbnail","6":"product_cat-calzado-para-hombre","7":"product_cat-trail-es-3","8":"product_tag-the-north-face-es","9":"product_tag-the-north-face-hombre","10":"pa_attivita-outdoor-es","11":"pa_attivita-trail-es","12":"pa_colore-enduris-4-fizz-lime-black","13":"pa_colore-enduris-4-hero-blue-sun-es","14":"pa_colore-enduris-4-high-rise-grey-es","15":"pa_colore-enduris-4-lava-red-calacata","16":"pa_marca-the-north-face-es","17":"pa_sesso-hombre","18":"pa_size-40-5-es","19":"pa_size-41-es","20":"pa_size-42-es","21":"pa_size-42-5-es","22":"pa_size-43-es","23":"pa_size-44-es","24":"pa_size-44-5-es","25":"pa_size-45-es","26":"pa_size-45-5-es","27":"pa_size-46-es","29":"first","30":"instock","31":"sale","32":"taxable","33":"shipping-taxable","34":"purchasable","35":"product-type-variable","36":"wvs-archive-product-wrapper"},"acf":[],"yoast_head":"<!-- This site is optimized with the Yoast SEO plugin v26.8 - https:\/\/yoast.com\/product\/yoast-seo-wordpress\/ -->\n<title>The North Face Vectiv Enduris 4 hombre - zapatillas de trail - MioMioRun.com<\/title>\n<meta name=\"description\" content=\"Las Enduris 4 son unas zapatillas de alto rendimiento equipadas con la tecnolog\u00eda VECTIV\u2122 3.0, una amortiguaci\u00f3n avanzada que ofrece comodidad, estabilidad y tracci\u00f3n en cualquier terreno.\" \/>\n<meta name=\"robots\" content=\"index, follow, max-snippet:-1, max-image-preview:large, max-video-preview:-1\" \/>\n<link rel=\"canonical\" href=\"https:\/\/www.miomiorun.com\/es\/producto\/vectiv-enduris-4-hombre\/\" \/>\n<meta property=\"og:locale\" content=\"es_ES\" \/>\n<meta property=\"og:type\" content=\"article\" \/>\n<meta property=\"og:title\" content=\"The North Face Vectiv Enduris 4 hombre - zapatillas de trail - MioMioRun.com\" \/>\n<meta property=\"og:description\" content=\"Las Enduris 4 son unas zapatillas de alto rendimiento equipadas con la tecnolog\u00eda VECTIV\u2122 3.0, una amortiguaci\u00f3n avanzada que ofrece comodidad, estabilidad y tracci\u00f3n en cualquier terreno.\" \/>\n<meta property=\"og:url\" content=\"https:\/\/www.miomiorun.com\/es\/producto\/vectiv-enduris-4-hombre\/\" \/>\n<meta property=\"og:site_name\" content=\"MioMioRun\" \/>\n<meta property=\"article:publisher\" content=\"https:\/\/www.facebook.com\/miomiorun\/\" \/>\n<meta property=\"article:modified_time\" content=\"2026-02-25T11:33:01+00:00\" \/>\n<meta property=\"og:image\" content=\"https:\/\/www.miomiorun.com\/app\/uploads\/2026\/02\/the-north-face-ENDURIS-4-FIZZ-LIME-BLACK-NF0A8AEPWIT1.webp\" \/>\n\t<meta property=\"og:image:width\" content=\"720\" \/>\n\t<meta property=\"og:image:height\" content=\"720\" \/>\n\t<meta property=\"og:image:type\" content=\"image\/webp\" \/>\n<meta name=\"twitter:card\" content=\"summary_large_image\" \/>\n<meta name=\"twitter:label1\" content=\"Est. reading time\" \/>\n\t<meta name=\"twitter:data1\" content=\"3 minutes\" \/>\n<script type=\"application\/ld+json\" class=\"yoast-schema-graph\">{\"@context\":\"https:\/\/schema.org\",\"@graph\":[{\"@type\":\"WebPage\",\"@id\":\"https:\/\/www.miomiorun.com\/es\/producto\/vectiv-enduris-4-hombre\/\",\"url\":\"https:\/\/www.miomiorun.com\/es\/producto\/vectiv-enduris-4-hombre\/\",\"name\":\"The North Face Vectiv Enduris 4 hombre - zapatillas de trail - MioMioRun.com\",\"isPartOf\":{\"@id\":\"https:\/\/www.miomiorun.com\/es\/#website\"},\"primaryImageOfPage\":{\"@id\":\"https:\/\/www.miomiorun.com\/es\/producto\/vectiv-enduris-4-hombre\/#primaryimage\"},\"image\":{\"@id\":\"https:\/\/www.miomiorun.com\/es\/producto\/vectiv-enduris-4-hombre\/#primaryimage\"},\"thumbnailUrl\":\"https:\/\/www.miomiorun.com\/app\/uploads\/2026\/02\/the-north-face-ENDURIS-4-FIZZ-LIME-BLACK-NF0A8AEPWIT1.webp\",\"datePublished\":\"2025-03-17T15:58:33+00:00\",\"dateModified\":\"2026-02-25T11:33:01+00:00\",\"description\":\"Las Enduris 4 son unas zapatillas de alto rendimiento equipadas con la tecnolog\u00eda VECTIV\u2122 3.0, una amortiguaci\u00f3n avanzada que ofrece comodidad, estabilidad y tracci\u00f3n en cualquier terreno.\",\"breadcrumb\":{\"@id\":\"https:\/\/www.miomiorun.com\/es\/producto\/vectiv-enduris-4-hombre\/#breadcrumb\"},\"inLanguage\":\"es-ES\",\"potentialAction\":[{\"@type\":\"ReadAction\",\"target\":[\"https:\/\/www.miomiorun.com\/es\/producto\/vectiv-enduris-4-hombre\/\"]}]},{\"@type\":\"ImageObject\",\"inLanguage\":\"es-ES\",\"@id\":\"https:\/\/www.miomiorun.com\/es\/producto\/vectiv-enduris-4-hombre\/#primaryimage\",\"url\":\"https:\/\/www.miomiorun.com\/app\/uploads\/2026\/02\/the-north-face-ENDURIS-4-FIZZ-LIME-BLACK-NF0A8AEPWIT1.webp\",\"contentUrl\":\"https:\/\/www.miomiorun.com\/app\/uploads\/2026\/02\/the-north-face-ENDURIS-4-FIZZ-LIME-BLACK-NF0A8AEPWIT1.webp\",\"width\":720,\"height\":720,\"caption\":\"the north face ENDURIS 4 FIZZ LIME BLACK NF0A8AEPWIT1\"},{\"@type\":\"BreadcrumbList\",\"@id\":\"https:\/\/www.miomiorun.com\/es\/producto\/vectiv-enduris-4-hombre\/#breadcrumb\",\"itemListElement\":[{\"@type\":\"ListItem\",\"position\":1,\"name\":\"Home\",\"item\":\"https:\/\/www.miomiorun.com\/es\/\"},{\"@type\":\"ListItem\",\"position\":2,\"name\":\"Shop\",\"item\":\"https:\/\/www.miomiorun.com\/shop\/\"},{\"@type\":\"ListItem\",\"position\":3,\"name\":\"Vectiv Enduris 4 hombre\"}]},{\"@type\":\"WebSite\",\"@id\":\"https:\/\/www.miomiorun.com\/es\/#website\",\"url\":\"https:\/\/www.miomiorun.com\/es\/\",\"name\":\"MioMioRun\",\"description\":\"Tienda 100% running y trail\",\"publisher\":{\"@id\":\"https:\/\/www.miomiorun.com\/es\/#organization\"},\"potentialAction\":[{\"@type\":\"SearchAction\",\"target\":{\"@type\":\"EntryPoint\",\"urlTemplate\":\"https:\/\/www.miomiorun.com\/es\/?s={search_term_string}\"},\"query-input\":{\"@type\":\"PropertyValueSpecification\",\"valueRequired\":true,\"valueName\":\"search_term_string\"}}],\"inLanguage\":\"es-ES\"},{\"@type\":\"Organization\",\"@id\":\"https:\/\/www.miomiorun.com\/es\/#organization\",\"name\":\"MioMio Run\",\"url\":\"https:\/\/www.miomiorun.com\/es\/\",\"logo\":{\"@type\":\"ImageObject\",\"inLanguage\":\"es-ES\",\"@id\":\"https:\/\/www.miomiorun.com\/es\/#\/schema\/logo\/image\/\",\"url\":\"https:\/\/www.miomiorun.com\/app\/uploads\/2019\/12\/logomio.png\",\"contentUrl\":\"https:\/\/www.miomiorun.com\/app\/uploads\/2019\/12\/logomio.png\",\"width\":115,\"height\":82,\"caption\":\"MioMio Run\"},\"image\":{\"@id\":\"https:\/\/www.miomiorun.com\/es\/#\/schema\/logo\/image\/\"},\"sameAs\":[\"https:\/\/www.facebook.com\/miomiorun\/\",\"https:\/\/www.instagram.com\/miomiorun\/\"]}]}<\/script>\n<!-- \/ Yoast SEO plugin. -->","yoast_head_json":{"title":"The North Face Vectiv Enduris 4 hombre - zapatillas de trail - MioMioRun.com","description":"Las Enduris 4 son unas zapatillas de alto rendimiento equipadas con la tecnolog\u00eda VECTIV\u2122 3.0, una amortiguaci\u00f3n avanzada que ofrece comodidad, estabilidad y tracci\u00f3n en cualquier terreno.","robots":{"index":"index","follow":"follow","max-snippet":"max-snippet:-1","max-image-preview":"max-image-preview:large","max-video-preview":"max-video-preview:-1"},"canonical":"https:\/\/www.miomiorun.com\/es\/producto\/vectiv-enduris-4-hombre\/","og_locale":"es_ES","og_type":"article","og_title":"The North Face Vectiv Enduris 4 hombre - zapatillas de trail - MioMioRun.com","og_description":"Las Enduris 4 son unas zapatillas de alto rendimiento equipadas con la tecnolog\u00eda VECTIV\u2122 3.0, una amortiguaci\u00f3n avanzada que ofrece comodidad, estabilidad y tracci\u00f3n en cualquier terreno.","og_url":"https:\/\/www.miomiorun.com\/es\/producto\/vectiv-enduris-4-hombre\/","og_site_name":"MioMioRun","article_publisher":"https:\/\/www.facebook.com\/miomiorun\/","article_modified_time":"2026-02-25T11:33:01+00:00","og_image":[{"width":720,"height":720,"url":"https:\/\/www.miomiorun.com\/app\/uploads\/2026\/02\/the-north-face-ENDURIS-4-FIZZ-LIME-BLACK-NF0A8AEPWIT1.webp","type":"image\/webp"}],"twitter_card":"summary_large_image","twitter_misc":{"Est. reading time":"3 minutes"},"schema":{"@context":"https:\/\/schema.org","@graph":[{"@type":"WebPage","@id":"https:\/\/www.miomiorun.com\/es\/producto\/vectiv-enduris-4-hombre\/","url":"https:\/\/www.miomiorun.com\/es\/producto\/vectiv-enduris-4-hombre\/","name":"The North Face Vectiv Enduris 4 hombre - zapatillas de trail - MioMioRun.com","isPartOf":{"@id":"https:\/\/www.miomiorun.com\/es\/#website"},"primaryImageOfPage":{"@id":"https:\/\/www.miomiorun.com\/es\/producto\/vectiv-enduris-4-hombre\/#primaryimage"},"image":{"@id":"https:\/\/www.miomiorun.com\/es\/producto\/vectiv-enduris-4-hombre\/#primaryimage"},"thumbnailUrl":"https:\/\/www.miomiorun.com\/app\/uploads\/2026\/02\/the-north-face-ENDURIS-4-FIZZ-LIME-BLACK-NF0A8AEPWIT1.webp","datePublished":"2025-03-17T15:58:33+00:00","dateModified":"2026-02-25T11:33:01+00:00","description":"Las Enduris 4 son unas zapatillas de alto rendimiento equipadas con la tecnolog\u00eda VECTIV\u2122 3.0, una amortiguaci\u00f3n avanzada que ofrece comodidad, estabilidad y tracci\u00f3n en cualquier terreno.","breadcrumb":{"@id":"https:\/\/www.miomiorun.com\/es\/producto\/vectiv-enduris-4-hombre\/#breadcrumb"},"inLanguage":"es-ES","potentialAction":[{"@type":"ReadAction","target":["https:\/\/www.miomiorun.com\/es\/producto\/vectiv-enduris-4-hombre\/"]}]},{"@type":"ImageObject","inLanguage":"es-ES","@id":"https:\/\/www.miomiorun.com\/es\/producto\/vectiv-enduris-4-hombre\/#primaryimage","url":"https:\/\/www.miomiorun.com\/app\/uploads\/2026\/02\/the-north-face-ENDURIS-4-FIZZ-LIME-BLACK-NF0A8AEPWIT1.webp","contentUrl":"https:\/\/www.miomiorun.com\/app\/uploads\/2026\/02\/the-north-face-ENDURIS-4-FIZZ-LIME-BLACK-NF0A8AEPWIT1.webp","width":720,"height":720,"caption":"the north face ENDURIS 4 FIZZ LIME BLACK NF0A8AEPWIT1"},{"@type":"BreadcrumbList","@id":"https:\/\/www.miomiorun.com\/es\/producto\/vectiv-enduris-4-hombre\/#breadcrumb","itemListElement":[{"@type":"ListItem","position":1,"name":"Home","item":"https:\/\/www.miomiorun.com\/es\/"},{"@type":"ListItem","position":2,"name":"Shop","item":"https:\/\/www.miomiorun.com\/shop\/"},{"@type":"ListItem","position":3,"name":"Vectiv Enduris 4 hombre"}]},{"@type":"WebSite","@id":"https:\/\/www.miomiorun.com\/es\/#website","url":"https:\/\/www.miomiorun.com\/es\/","name":"MioMioRun","description":"Tienda 100% running y trail","publisher":{"@id":"https:\/\/www.miomiorun.com\/es\/#organization"},"potentialAction":[{"@type":"SearchAction","target":{"@type":"EntryPoint","urlTemplate":"https:\/\/www.miomiorun.com\/es\/?s={search_term_string}"},"query-input":{"@type":"PropertyValueSpecification","valueRequired":true,"valueName":"search_term_string"}}],"inLanguage":"es-ES"},{"@type":"Organization","@id":"https:\/\/www.miomiorun.com\/es\/#organization","name":"MioMio Run","url":"https:\/\/www.miomiorun.com\/es\/","logo":{"@type":"ImageObject","inLanguage":"es-ES","@id":"https:\/\/www.miomiorun.com\/es\/#\/schema\/logo\/image\/","url":"https:\/\/www.miomiorun.com\/app\/uploads\/2019\/12\/logomio.png","contentUrl":"https:\/\/www.miomiorun.com\/app\/uploads\/2019\/12\/logomio.png","width":115,"height":82,"caption":"MioMio Run"},"image":{"@id":"https:\/\/www.miomiorun.com\/es\/#\/schema\/logo\/image\/"},"sameAs":["https:\/\/www.facebook.com\/miomiorun\/","https:\/\/www.instagram.com\/miomiorun\/"]}]}},"_links":{"self":[{"href":"https:\/\/www.miomiorun.com\/es\/wp-json\/wp\/v2\/product\/300824","targetHints":{"allow":["GET"]}}],"collection":[{"href":"https:\/\/www.miomiorun.com\/es\/wp-json\/wp\/v2\/product"}],"about":[{"href":"https:\/\/www.miomiorun.com\/es\/wp-json\/wp\/v2\/types\/product"}],"wp:featuredmedia":[{"embeddable":true,"href":"https:\/\/www.miomiorun.com\/es\/wp-json\/wp\/v2\/media\/410974"}],"wp:attachment":[{"href":"https:\/\/www.miomiorun.com\/es\/wp-json\/wp\/v2\/media?parent=300824"}],"wp:term":[{"taxonomy":"product_brand","embeddable":true,"href":"https:\/\/www.miomiorun.com\/es\/wp-json\/wp\/v2\/product_brand?post=300824"},{"taxonomy":"product_cat","embeddable":true,"href":"https:\/\/www.miomiorun.com\/es\/wp-json\/wp\/v2\/product_cat?post=300824"},{"taxonomy":"product_tag","embeddable":true,"href":"https:\/\/www.miomiorun.com\/es\/wp-json\/wp\/v2\/product_tag?post=300824"}],"curies":[{"name":"wp","href":"https:\/\/api.w.org\/{rel}","templated":true}]}}