{"id":300819,"date":"2025-03-07T09:57:22","date_gmt":"2025-03-07T08:57:22","guid":{"rendered":"https:\/\/miomiorun.com\/prodotto\/mont-blanc-speed-uomo\/"},"modified":"2026-02-27T11:14:37","modified_gmt":"2026-02-27T10:14:37","slug":"mont-blanc-speed-hombre","status":"publish","type":"product","link":"https:\/\/www.miomiorun.com\/es\/producto\/mont-blanc-speed-hombre\/","title":{"rendered":"Mont Blanc Speed hombre"},"content":{"rendered":"<div class=\"vc-row container\"><div class=\"vc-column\"><div class=\"vc-column-text\"><\/p>\n<p><strong>Especificaciones t\u00e9cnicas<\/strong><\/p>\n<p>Categor\u00eda: amortiguaci\u00f3n superior.<br \/>\nAltura de la suela: 29 mm.<br \/>\nDesviaci\u00f3n: 0 mm.<br \/>\nPeso: 286,3 g.<br \/>\nIdeal para: corredores de trail y amantes de las caminatas por la monta\u00f1a que buscan un modelo ligero, bien amortiguado y protector, capaz de transmitir el m\u00e1ximo confort incluso en distancias largas.<br \/>\nPeso del atleta: 60-80 kg.<br \/>\nRitmo de carrera: medio-r\u00e1pido (4,30-6,00 min\/km).<br \/>\n<a href=\"https:\/\/miomiorun.com\/es\/guia-especifica\/\">Gu\u00eda de especificaciones t\u00e9cnicas<\/a><\/p>\n<p><\/div><\/div><div class=\"vc-column\"><div class=\"vc-column-text\">Supera todos los l\u00edmites y afronta tu pr\u00f3ximo entrenamiento con las Mont Blanc Speed. Dise\u00f1ada para los amantes del trail, esta zapatilla te permite correr por los senderos con total seguridad gracias a su entresuela t\u00e9cnica y su suela antideslizante. La entresuela ligera y reactiva, con un borde de Altra EGO\u2122 MAX y un n\u00facleo de Altra EGO\u2122 PRO, ofrece una comodidad inigualable y un rendimiento extraordinario, mientras que su innovador dise\u00f1o garantiza un impulso \u00fanico en cada paso.<\/p>\n<p>La suela Vibram\u00ae Litebase reduce el peso sin comprometer la resistencia, mientras que la banda de rodadura Vibram\u00ae Megagrip garantiza un excelente agarre tanto en superficies secas como mojadas, para afrontar cualquier tipo de terreno con seguridad. El drop cero favorece una postura natural, dejando espacio para que los dedos se muevan libremente, mientras que la plantilla StoneGuard\u2122 de TPU protege la planta del pie en terrenos irregulares. Adem\u00e1s, las costuras invisibles y los detalles que mejoran la ligereza y la comodidad hacen de las Mont Blanc Speed un modelo ideal para largas carreras por senderos.<\/p>\n<p><strong>Detalles del producto<\/strong><\/p>\n<ul>\n<li><strong>Ideal para<\/strong>: trail running t\u00e9cnico, trail running durante todo el d\u00eda<\/li>\n<li><strong>Drop<\/strong>: 0 mm<\/li>\n<li><strong>Empeine<\/strong>: ultraligero y transpirable<\/li>\n<li><strong>Entresuela<\/strong>: Altra EGO\u2122 MAX (borde) y Altra EGO\u2122 PRO (n\u00facleo)<\/li>\n<li><strong>Suela<\/strong>: Vibram\u00ae Megagrip con Litebase<\/li>\n<\/ul>\n<p>Con las Mont Blanc Speed, obtienes el m\u00e1ximo rendimiento, protecci\u00f3n y comodidad en un solo calzado. \u00bfEst\u00e1s listo para ir m\u00e1s all\u00e1? El nombre no miente: \u00a1las Mont Blanc Speed son tu compa\u00f1era ideal para cualquier trail!<\/div><\/div><\/div>\n","protected":false},"excerpt":{"rendered":"<ul>\n<li>VIBRAM\u00ae MEGAGRIP\u2122<\/li>\n<li>EGOMAX<\/li>\n<li>ALTRA EGO\u2122 PRO<\/li>\n<li>Ajuste natural<\/li>\n<li>Protecci\u00f3n del pie contra los residuos<\/li>\n<\/ul>\n","protected":false},"featured_media":264411,"template":"","meta":{"_acf_changed":false,"inline_featured_image":false},"product_brand":[],"product_cat":[24454,24451],"product_tag":[23459,23673],"class_list":{"0":"post-300819","1":"product","2":"type-product","3":"status-publish","4":"has-post-thumbnail","6":"product_cat-calzado-para-hombre","7":"product_cat-trail-es-3","8":"product_tag-altra-es","9":"product_tag-altra-hombre","10":"pa_attivita-trail-es","11":"pa_colore-mont-blanc-speed-black-lime-es","12":"pa_colore-mont-blanc-speed-white-coral-es","13":"pa_colore-mont-blanc-speed-white-red","14":"pa_marca-altra-es","15":"pa_sesso-hombre","16":"pa_size-41-es","17":"pa_size-42-es","18":"pa_size-42-5-es","19":"pa_size-43-es","20":"pa_size-44-es","21":"pa_size-44-5-es","22":"pa_size-45-es","24":"first","25":"instock","26":"sale","27":"taxable","28":"shipping-taxable","29":"purchasable","30":"product-type-variable","31":"wvs-archive-product-wrapper"},"acf":[],"yoast_head":"<!-- This site is optimized with the Yoast SEO plugin v26.8 - https:\/\/yoast.com\/product\/yoast-seo-wordpress\/ -->\n<title>Altra Mont Blanc Speed hombre -zapatillas de trail - MioMioRun.com<\/title>\n<meta name=\"description\" content=\"Ya est\u00e1n aqu\u00ed las zapatillas inspiradas en la cima m\u00e1s alta de los Alpes, que te acompa\u00f1ar\u00e1n en tus excursiones de larga distancia. Con entresuela Altra EGO\u2122 MAX.\" \/>\n<meta name=\"robots\" content=\"index, follow, max-snippet:-1, max-image-preview:large, max-video-preview:-1\" \/>\n<link rel=\"canonical\" href=\"https:\/\/www.miomiorun.com\/es\/producto\/mont-blanc-speed-hombre\/\" \/>\n<meta property=\"og:locale\" content=\"es_ES\" \/>\n<meta property=\"og:type\" content=\"article\" \/>\n<meta property=\"og:title\" content=\"Altra Mont Blanc Speed hombre -zapatillas de trail - MioMioRun.com\" \/>\n<meta property=\"og:description\" content=\"Ya est\u00e1n aqu\u00ed las zapatillas inspiradas en la cima m\u00e1s alta de los Alpes, que te acompa\u00f1ar\u00e1n en tus excursiones de larga distancia. Con entresuela Altra EGO\u2122 MAX.\" \/>\n<meta property=\"og:url\" content=\"https:\/\/www.miomiorun.com\/es\/producto\/mont-blanc-speed-hombre\/\" \/>\n<meta property=\"og:site_name\" content=\"MioMioRun\" \/>\n<meta property=\"article:publisher\" content=\"https:\/\/www.facebook.com\/miomiorun\/\" \/>\n<meta property=\"article:modified_time\" content=\"2026-02-27T10:14:37+00:00\" \/>\n<meta property=\"og:image\" content=\"https:\/\/www.miomiorun.com\/app\/uploads\/2025\/03\/altra-Mont-Blanc-Speed-black-lime-AL0A85RZ0311.webp\" \/>\n\t<meta property=\"og:image:width\" content=\"600\" \/>\n\t<meta property=\"og:image:height\" content=\"600\" \/>\n\t<meta property=\"og:image:type\" content=\"image\/webp\" \/>\n<meta name=\"twitter:card\" content=\"summary_large_image\" \/>\n<meta name=\"twitter:label1\" content=\"Est. reading time\" \/>\n\t<meta name=\"twitter:data1\" content=\"2 minutes\" \/>\n<script type=\"application\/ld+json\" class=\"yoast-schema-graph\">{\"@context\":\"https:\/\/schema.org\",\"@graph\":[{\"@type\":\"WebPage\",\"@id\":\"https:\/\/www.miomiorun.com\/es\/producto\/mont-blanc-speed-hombre\/\",\"url\":\"https:\/\/www.miomiorun.com\/es\/producto\/mont-blanc-speed-hombre\/\",\"name\":\"Altra Mont Blanc Speed hombre -zapatillas de trail - MioMioRun.com\",\"isPartOf\":{\"@id\":\"https:\/\/www.miomiorun.com\/es\/#website\"},\"primaryImageOfPage\":{\"@id\":\"https:\/\/www.miomiorun.com\/es\/producto\/mont-blanc-speed-hombre\/#primaryimage\"},\"image\":{\"@id\":\"https:\/\/www.miomiorun.com\/es\/producto\/mont-blanc-speed-hombre\/#primaryimage\"},\"thumbnailUrl\":\"https:\/\/www.miomiorun.com\/app\/uploads\/2025\/03\/altra-Mont-Blanc-Speed-black-lime-AL0A85RZ0311.webp\",\"datePublished\":\"2025-03-07T08:57:22+00:00\",\"dateModified\":\"2026-02-27T10:14:37+00:00\",\"description\":\"Ya est\u00e1n aqu\u00ed las zapatillas inspiradas en la cima m\u00e1s alta de los Alpes, que te acompa\u00f1ar\u00e1n en tus excursiones de larga distancia. Con entresuela Altra EGO\u2122 MAX.\",\"breadcrumb\":{\"@id\":\"https:\/\/www.miomiorun.com\/es\/producto\/mont-blanc-speed-hombre\/#breadcrumb\"},\"inLanguage\":\"es-ES\",\"potentialAction\":[{\"@type\":\"ReadAction\",\"target\":[\"https:\/\/www.miomiorun.com\/es\/producto\/mont-blanc-speed-hombre\/\"]}]},{\"@type\":\"ImageObject\",\"inLanguage\":\"es-ES\",\"@id\":\"https:\/\/www.miomiorun.com\/es\/producto\/mont-blanc-speed-hombre\/#primaryimage\",\"url\":\"https:\/\/www.miomiorun.com\/app\/uploads\/2025\/03\/altra-Mont-Blanc-Speed-black-lime-AL0A85RZ0311.webp\",\"contentUrl\":\"https:\/\/www.miomiorun.com\/app\/uploads\/2025\/03\/altra-Mont-Blanc-Speed-black-lime-AL0A85RZ0311.webp\",\"width\":600,\"height\":600,\"caption\":\"altra Mont Blanc Speed black lime AL0A85RZ0311\"},{\"@type\":\"BreadcrumbList\",\"@id\":\"https:\/\/www.miomiorun.com\/es\/producto\/mont-blanc-speed-hombre\/#breadcrumb\",\"itemListElement\":[{\"@type\":\"ListItem\",\"position\":1,\"name\":\"Home\",\"item\":\"https:\/\/www.miomiorun.com\/es\/\"},{\"@type\":\"ListItem\",\"position\":2,\"name\":\"Shop\",\"item\":\"https:\/\/www.miomiorun.com\/shop\/\"},{\"@type\":\"ListItem\",\"position\":3,\"name\":\"Mont Blanc Speed hombre\"}]},{\"@type\":\"WebSite\",\"@id\":\"https:\/\/www.miomiorun.com\/es\/#website\",\"url\":\"https:\/\/www.miomiorun.com\/es\/\",\"name\":\"MioMioRun\",\"description\":\"Tienda 100% running y trail\",\"publisher\":{\"@id\":\"https:\/\/www.miomiorun.com\/es\/#organization\"},\"potentialAction\":[{\"@type\":\"SearchAction\",\"target\":{\"@type\":\"EntryPoint\",\"urlTemplate\":\"https:\/\/www.miomiorun.com\/es\/?s={search_term_string}\"},\"query-input\":{\"@type\":\"PropertyValueSpecification\",\"valueRequired\":true,\"valueName\":\"search_term_string\"}}],\"inLanguage\":\"es-ES\"},{\"@type\":\"Organization\",\"@id\":\"https:\/\/www.miomiorun.com\/es\/#organization\",\"name\":\"MioMio Run\",\"url\":\"https:\/\/www.miomiorun.com\/es\/\",\"logo\":{\"@type\":\"ImageObject\",\"inLanguage\":\"es-ES\",\"@id\":\"https:\/\/www.miomiorun.com\/es\/#\/schema\/logo\/image\/\",\"url\":\"https:\/\/www.miomiorun.com\/app\/uploads\/2019\/12\/logomio.png\",\"contentUrl\":\"https:\/\/www.miomiorun.com\/app\/uploads\/2019\/12\/logomio.png\",\"width\":115,\"height\":82,\"caption\":\"MioMio Run\"},\"image\":{\"@id\":\"https:\/\/www.miomiorun.com\/es\/#\/schema\/logo\/image\/\"},\"sameAs\":[\"https:\/\/www.facebook.com\/miomiorun\/\",\"https:\/\/www.instagram.com\/miomiorun\/\"]}]}<\/script>\n<!-- \/ Yoast SEO plugin. -->","yoast_head_json":{"title":"Altra Mont Blanc Speed hombre -zapatillas de trail - MioMioRun.com","description":"Ya est\u00e1n aqu\u00ed las zapatillas inspiradas en la cima m\u00e1s alta de los Alpes, que te acompa\u00f1ar\u00e1n en tus excursiones de larga distancia. Con entresuela Altra EGO\u2122 MAX.","robots":{"index":"index","follow":"follow","max-snippet":"max-snippet:-1","max-image-preview":"max-image-preview:large","max-video-preview":"max-video-preview:-1"},"canonical":"https:\/\/www.miomiorun.com\/es\/producto\/mont-blanc-speed-hombre\/","og_locale":"es_ES","og_type":"article","og_title":"Altra Mont Blanc Speed hombre -zapatillas de trail - MioMioRun.com","og_description":"Ya est\u00e1n aqu\u00ed las zapatillas inspiradas en la cima m\u00e1s alta de los Alpes, que te acompa\u00f1ar\u00e1n en tus excursiones de larga distancia. Con entresuela Altra EGO\u2122 MAX.","og_url":"https:\/\/www.miomiorun.com\/es\/producto\/mont-blanc-speed-hombre\/","og_site_name":"MioMioRun","article_publisher":"https:\/\/www.facebook.com\/miomiorun\/","article_modified_time":"2026-02-27T10:14:37+00:00","og_image":[{"width":600,"height":600,"url":"https:\/\/www.miomiorun.com\/app\/uploads\/2025\/03\/altra-Mont-Blanc-Speed-black-lime-AL0A85RZ0311.webp","type":"image\/webp"}],"twitter_card":"summary_large_image","twitter_misc":{"Est. reading time":"2 minutes"},"schema":{"@context":"https:\/\/schema.org","@graph":[{"@type":"WebPage","@id":"https:\/\/www.miomiorun.com\/es\/producto\/mont-blanc-speed-hombre\/","url":"https:\/\/www.miomiorun.com\/es\/producto\/mont-blanc-speed-hombre\/","name":"Altra Mont Blanc Speed hombre -zapatillas de trail - MioMioRun.com","isPartOf":{"@id":"https:\/\/www.miomiorun.com\/es\/#website"},"primaryImageOfPage":{"@id":"https:\/\/www.miomiorun.com\/es\/producto\/mont-blanc-speed-hombre\/#primaryimage"},"image":{"@id":"https:\/\/www.miomiorun.com\/es\/producto\/mont-blanc-speed-hombre\/#primaryimage"},"thumbnailUrl":"https:\/\/www.miomiorun.com\/app\/uploads\/2025\/03\/altra-Mont-Blanc-Speed-black-lime-AL0A85RZ0311.webp","datePublished":"2025-03-07T08:57:22+00:00","dateModified":"2026-02-27T10:14:37+00:00","description":"Ya est\u00e1n aqu\u00ed las zapatillas inspiradas en la cima m\u00e1s alta de los Alpes, que te acompa\u00f1ar\u00e1n en tus excursiones de larga distancia. Con entresuela Altra EGO\u2122 MAX.","breadcrumb":{"@id":"https:\/\/www.miomiorun.com\/es\/producto\/mont-blanc-speed-hombre\/#breadcrumb"},"inLanguage":"es-ES","potentialAction":[{"@type":"ReadAction","target":["https:\/\/www.miomiorun.com\/es\/producto\/mont-blanc-speed-hombre\/"]}]},{"@type":"ImageObject","inLanguage":"es-ES","@id":"https:\/\/www.miomiorun.com\/es\/producto\/mont-blanc-speed-hombre\/#primaryimage","url":"https:\/\/www.miomiorun.com\/app\/uploads\/2025\/03\/altra-Mont-Blanc-Speed-black-lime-AL0A85RZ0311.webp","contentUrl":"https:\/\/www.miomiorun.com\/app\/uploads\/2025\/03\/altra-Mont-Blanc-Speed-black-lime-AL0A85RZ0311.webp","width":600,"height":600,"caption":"altra Mont Blanc Speed black lime AL0A85RZ0311"},{"@type":"BreadcrumbList","@id":"https:\/\/www.miomiorun.com\/es\/producto\/mont-blanc-speed-hombre\/#breadcrumb","itemListElement":[{"@type":"ListItem","position":1,"name":"Home","item":"https:\/\/www.miomiorun.com\/es\/"},{"@type":"ListItem","position":2,"name":"Shop","item":"https:\/\/www.miomiorun.com\/shop\/"},{"@type":"ListItem","position":3,"name":"Mont Blanc Speed hombre"}]},{"@type":"WebSite","@id":"https:\/\/www.miomiorun.com\/es\/#website","url":"https:\/\/www.miomiorun.com\/es\/","name":"MioMioRun","description":"Tienda 100% running y trail","publisher":{"@id":"https:\/\/www.miomiorun.com\/es\/#organization"},"potentialAction":[{"@type":"SearchAction","target":{"@type":"EntryPoint","urlTemplate":"https:\/\/www.miomiorun.com\/es\/?s={search_term_string}"},"query-input":{"@type":"PropertyValueSpecification","valueRequired":true,"valueName":"search_term_string"}}],"inLanguage":"es-ES"},{"@type":"Organization","@id":"https:\/\/www.miomiorun.com\/es\/#organization","name":"MioMio Run","url":"https:\/\/www.miomiorun.com\/es\/","logo":{"@type":"ImageObject","inLanguage":"es-ES","@id":"https:\/\/www.miomiorun.com\/es\/#\/schema\/logo\/image\/","url":"https:\/\/www.miomiorun.com\/app\/uploads\/2019\/12\/logomio.png","contentUrl":"https:\/\/www.miomiorun.com\/app\/uploads\/2019\/12\/logomio.png","width":115,"height":82,"caption":"MioMio Run"},"image":{"@id":"https:\/\/www.miomiorun.com\/es\/#\/schema\/logo\/image\/"},"sameAs":["https:\/\/www.facebook.com\/miomiorun\/","https:\/\/www.instagram.com\/miomiorun\/"]}]}},"_links":{"self":[{"href":"https:\/\/www.miomiorun.com\/es\/wp-json\/wp\/v2\/product\/300819","targetHints":{"allow":["GET"]}}],"collection":[{"href":"https:\/\/www.miomiorun.com\/es\/wp-json\/wp\/v2\/product"}],"about":[{"href":"https:\/\/www.miomiorun.com\/es\/wp-json\/wp\/v2\/types\/product"}],"wp:featuredmedia":[{"embeddable":true,"href":"https:\/\/www.miomiorun.com\/es\/wp-json\/wp\/v2\/media\/264411"}],"wp:attachment":[{"href":"https:\/\/www.miomiorun.com\/es\/wp-json\/wp\/v2\/media?parent=300819"}],"wp:term":[{"taxonomy":"product_brand","embeddable":true,"href":"https:\/\/www.miomiorun.com\/es\/wp-json\/wp\/v2\/product_brand?post=300819"},{"taxonomy":"product_cat","embeddable":true,"href":"https:\/\/www.miomiorun.com\/es\/wp-json\/wp\/v2\/product_cat?post=300819"},{"taxonomy":"product_tag","embeddable":true,"href":"https:\/\/www.miomiorun.com\/es\/wp-json\/wp\/v2\/product_tag?post=300819"}],"curies":[{"name":"wp","href":"https:\/\/api.w.org\/{rel}","templated":true}]}}