{"id":300812,"date":"2025-03-13T19:14:40","date_gmt":"2025-03-13T18:14:40","guid":{"rendered":"https:\/\/miomiorun.com\/prodotto\/adizero-distancestar\/"},"modified":"2026-03-02T19:01:01","modified_gmt":"2026-03-02T18:01:01","slug":"adizero-distancestar","status":"publish","type":"product","link":"https:\/\/www.miomiorun.com\/es\/producto\/adizero-distancestar\/","title":{"rendered":"Adizero Distancestar"},"content":{"rendered":"<p><div class=\"vc-row container\"><div class=\"vc-column\"><div class=\"vc-column-text\"><\/p>\n<h4>Especificaciones t\u00e9cnicas<\/h4>\n<p>Categor\u00eda: zapatilla de atletismo para distancias medias.<br \/>\nOffset: 2 mm (tal\u00f3n: 17 mm \/ antepi\u00e9: 15 mm).<br \/>\nPeso: 177 g.<br \/>\nIdeal para: atletas r\u00e1pidos y entrenamientos de competici\u00f3n, gracias a su innovadora y reactiva amortiguaci\u00f3n que te har\u00e1 m\u00e1s r\u00e1pido y te acompa\u00f1ar\u00e1 al podio.<br \/>\nPeso del atleta: &lt; 70 kg<br \/>\nPaso de carrera: &lt; 4,00 min\/km<br \/>\n<a href=\"https:\/\/miomiorun.com\/es\/guia-especifica\/\">Gu\u00eda de especificaciones t\u00e9cnicas<\/a><\/p>\n<p><\/div><\/div><div class=\"vc-column\"> <div class=\"vc-column-text\">Queridos atletas, hoy os presento unas zapatillas que no son solo un accesorio, sino una aut\u00e9ntica herramienta de rendimiento: las zapatillas adizero Distancestar.<\/p>\n<p>Imaginad que est\u00e1is en la l\u00ednea de salida: la tensi\u00f3n aumenta, la respiraci\u00f3n se hace m\u00e1s profunda y solo ten\u00e9is un pensamiento en mente: ganar. Pero, \u00bfqu\u00e9 necesit\u00e1is para conseguirlo? Unas zapatillas que os ofrezcan velocidad y rendimiento. Pues bien, las adizero Distancestar son justo lo que necesit\u00e1is.<\/p>\n<p>Dise\u00f1adas para daros el m\u00e1ximo en la pista, estas zapatillas ligeras est\u00e1n equipadas con una suela con placa claveteada que garantiza un agarre excepcional. Esto significa que cada paso ser\u00e1 m\u00e1s seguro, estable y r\u00e1pido, lo que os permitir\u00e1 acelerar con total confianza. Cada cent\u00e9sima de segundo es fundamental, y con estas zapatillas siempre ir\u00e9is un paso por delante.<\/p>\n<p>La parte superior, fabricada en material sint\u00e9tico transpirable, garantiza una comodidad inigualable durante los sprints m\u00e1s intensos o las carreras m\u00e1s largas, lo que te permite mantener la concentraci\u00f3n sin pensar nunca en el malestar de los pies. El ajuste regular y el cierre con cordones est\u00e1n pensados para ofrecer un ajuste perfecto, para que sientas que las zapatillas son parte de tu cuerpo, un apoyo invisible pero fundamental.<\/p>\n<p>Pero no es solo una cuesti\u00f3n de rendimiento. Las adizero Distancestar est\u00e1n fabricadas con al menos un 20 % de materiales reciclados, un compromiso con un futuro m\u00e1s sostenible. Reducir los residuos y el impacto medioambiental no solo es una elecci\u00f3n inteligente, sino tambi\u00e9n una responsabilidad que, con estas zapatillas, puedes hacer tuya.<\/p>\n<p>Cada detalle de las adizero Distancestar est\u00e1 dise\u00f1ado para acercarte un paso m\u00e1s a la victoria. Son m\u00e1s que un simple accesorio: son tu compa\u00f1ero ideal en la carrera hacia el \u00e9xito. Si te sientes capaz de batir todos los r\u00e9cords, estas zapatillas est\u00e1n listas para hacerlo contigo. Toma el control de tu carrera y empieza a ganar.<\/p>\n<p>&nbsp;<\/p>\n<div class=\"accordion__content___29x9h\">\n<div class=\"content-padding___2kVWQ\">\n<div class=\"features-section___1pumR\">\n<div class=\"item___1X-1_\">\n<p><img decoding=\"async\" class=\"img_with_fallback___2aHBu feature-icon___3S9eQ\" src=\"https:\/\/brand.assets.adidas.com\/image\/upload\/racing_2ad458e885.png\" alt=\"\" data-auto-id=\"image\"><\/p>\n<p class=\"feature-icon-text___3Owgv\">Competici\u00f3n<\/p>\n<\/div>\n<div class=\"item___1X-1_\">\n<p><img decoding=\"async\" class=\"img_with_fallback___2aHBu feature-icon___3S9eQ\" src=\"https:\/\/brand.assets.adidas.com\/image\/upload\/neutral_16b16d1637.png\" alt=\"\" data-auto-id=\"image\"><\/p>\n<p class=\"feature-icon-text___3Owgv\">Neutral<\/p>\n<p class=\"feature-icon-summary-small___31Rc0\">\n<\/div>\n<div class=\"item___1X-1_\">\n<p><img decoding=\"async\" class=\"img_with_fallback___2aHBu feature-icon___3S9eQ\" src=\"https:\/\/brand.assets.adidas.com\/image\/upload\/regular_a176d1f2d6.png\" alt=\"\" data-auto-id=\"image\"><\/p>\n<p class=\"feature-icon-text___3Owgv\">Calzado regular Unisex<\/p>\n<\/div>\n<div class=\"special-item___2Ohsx\">\n<p class=\"feature-icon-summary-small___31Rc0\">\n<\/div>\n<\/div>\n<\/div>\n<\/div>\n<p><\/div><\/div><\/div><div class=\"vc-row container\"><div class=\"vc-column\"> <div class=\"vc-column-text\"><\/p>\n<div style=\"width: 720px;\" class=\"wp-video\"><video class=\"wp-video-shortcode\" id=\"video-300812-1\" width=\"720\" height=\"720\" loop autoplay preload=\"metadata\" controls=\"controls\"><source type=\"video\/webm\" src=\"https:\/\/miomiorun.com\/wp-content\/uploads\/2025\/03\/Scarpe_adizero_Distancestar_Nero__video-1.webm?_=1\" \/><a href=\"https:\/\/miomiorun.com\/wp-content\/uploads\/2025\/03\/Scarpe_adizero_Distancestar_Nero__video-1.webm\">https:\/\/miomiorun.com\/wp-content\/uploads\/2025\/03\/Scarpe_adizero_Distancestar_Nero__video-1.webm<\/a><\/video><\/div>\n<p><\/div><\/div><\/div><div class=\"vc-row container\"><div class=\"vc-column\"><div style=\"height:32px\" class=\"vc-empty-space\"><\/div><\/div><\/div><\/p>\n","protected":false},"excerpt":{"rendered":"<ul class=\"m-long-description__features\">\n<li class=\"m-long-description__feature\">Ultraligera y reactiva<\/li>\n<li>Zapatilla r\u00e1pida para competir<\/li>\n<\/ul>\n","protected":false},"featured_media":264815,"template":"","meta":{"_acf_changed":false,"inline_featured_image":false},"product_brand":[],"product_cat":[24227,24454,24228,24453],"product_tag":[23558,23570,23620],"class_list":{"0":"post-300812","1":"product","2":"type-product","3":"status-publish","4":"has-post-thumbnail","6":"product_cat-calzado-femenino","7":"product_cat-calzado-para-hombre","8":"product_cat-neutre-es","9":"product_cat-neutre-es-3","10":"product_tag-adidas-es","11":"product_tag-adidas-hombre","12":"product_tag-adidas-mujer","13":"pa_attivita-running-es","14":"pa_colore-distancestar-ftwwht-luor-lucre-es","15":"pa_colore-distancestar-luclem-cblack-halsil-es","16":"pa_marca-adidas-es","17":"pa_sesso-hombre","18":"pa_size-41-es","19":"pa_size-42-es","21":"pa_size-43-es","22":"pa_size-44-es","24":"pa_size-45-es","25":"pa_size-46-es","28":"first","29":"instock","30":"sale","31":"taxable","32":"shipping-taxable","33":"purchasable","34":"product-type-variable","35":"wvs-archive-product-wrapper"},"acf":[],"yoast_head":"<!-- This site is optimized with the Yoast SEO plugin v26.8 - https:\/\/yoast.com\/product\/yoast-seo-wordpress\/ -->\n<title>Adidas Adizero Distancestar -zapatillas de correr - MioMioRun<\/title>\n<meta name=\"description\" content=\"Las Adizero Distancestar combinan ligereza, agarre y comodidad para maximizar el rendimiento en la pista, todo ello enriquecido con un dise\u00f1o sostenible.\" \/>\n<meta name=\"robots\" content=\"index, follow, max-snippet:-1, max-image-preview:large, max-video-preview:-1\" \/>\n<link rel=\"canonical\" href=\"https:\/\/www.miomiorun.com\/es\/producto\/adizero-distancestar\/\" \/>\n<meta property=\"og:locale\" content=\"es_ES\" \/>\n<meta property=\"og:type\" content=\"article\" \/>\n<meta property=\"og:title\" content=\"Adidas Adizero Distancestar -zapatillas de correr - MioMioRun\" \/>\n<meta property=\"og:description\" content=\"Las Adizero Distancestar combinan ligereza, agarre y comodidad para maximizar el rendimiento en la pista, todo ello enriquecido con un dise\u00f1o sostenible.\" \/>\n<meta property=\"og:url\" content=\"https:\/\/www.miomiorun.com\/es\/producto\/adizero-distancestar\/\" \/>\n<meta property=\"og:site_name\" content=\"MioMioRun\" \/>\n<meta property=\"article:publisher\" content=\"https:\/\/www.facebook.com\/miomiorun\/\" \/>\n<meta property=\"article:modified_time\" content=\"2026-03-02T18:01:01+00:00\" \/>\n<meta property=\"og:image\" content=\"https:\/\/www.miomiorun.com\/app\/uploads\/2025\/03\/adidas-Distancestar-luclem-cblack-halsil-IF9390.webp\" \/>\n\t<meta property=\"og:image:width\" content=\"600\" \/>\n\t<meta property=\"og:image:height\" content=\"600\" \/>\n\t<meta property=\"og:image:type\" content=\"image\/webp\" \/>\n<meta name=\"twitter:card\" content=\"summary_large_image\" \/>\n<meta name=\"twitter:label1\" content=\"Est. reading time\" \/>\n\t<meta name=\"twitter:data1\" content=\"3 minutes\" \/>\n<script type=\"application\/ld+json\" class=\"yoast-schema-graph\">{\"@context\":\"https:\/\/schema.org\",\"@graph\":[{\"@type\":\"WebPage\",\"@id\":\"https:\/\/www.miomiorun.com\/es\/producto\/adizero-distancestar\/\",\"url\":\"https:\/\/www.miomiorun.com\/es\/producto\/adizero-distancestar\/\",\"name\":\"Adidas Adizero Distancestar -zapatillas de correr - MioMioRun\",\"isPartOf\":{\"@id\":\"https:\/\/www.miomiorun.com\/es\/#website\"},\"primaryImageOfPage\":{\"@id\":\"https:\/\/www.miomiorun.com\/es\/producto\/adizero-distancestar\/#primaryimage\"},\"image\":{\"@id\":\"https:\/\/www.miomiorun.com\/es\/producto\/adizero-distancestar\/#primaryimage\"},\"thumbnailUrl\":\"https:\/\/www.miomiorun.com\/app\/uploads\/2025\/03\/adidas-Distancestar-luclem-cblack-halsil-IF9390.webp\",\"datePublished\":\"2025-03-13T18:14:40+00:00\",\"dateModified\":\"2026-03-02T18:01:01+00:00\",\"description\":\"Las Adizero Distancestar combinan ligereza, agarre y comodidad para maximizar el rendimiento en la pista, todo ello enriquecido con un dise\u00f1o sostenible.\",\"breadcrumb\":{\"@id\":\"https:\/\/www.miomiorun.com\/es\/producto\/adizero-distancestar\/#breadcrumb\"},\"inLanguage\":\"es-ES\",\"potentialAction\":[{\"@type\":\"ReadAction\",\"target\":[\"https:\/\/www.miomiorun.com\/es\/producto\/adizero-distancestar\/\"]}]},{\"@type\":\"ImageObject\",\"inLanguage\":\"es-ES\",\"@id\":\"https:\/\/www.miomiorun.com\/es\/producto\/adizero-distancestar\/#primaryimage\",\"url\":\"https:\/\/www.miomiorun.com\/app\/uploads\/2025\/03\/adidas-Distancestar-luclem-cblack-halsil-IF9390.webp\",\"contentUrl\":\"https:\/\/www.miomiorun.com\/app\/uploads\/2025\/03\/adidas-Distancestar-luclem-cblack-halsil-IF9390.webp\",\"width\":600,\"height\":600,\"caption\":\"adidas Distancestar luclem cblack halsil IF9390\"},{\"@type\":\"BreadcrumbList\",\"@id\":\"https:\/\/www.miomiorun.com\/es\/producto\/adizero-distancestar\/#breadcrumb\",\"itemListElement\":[{\"@type\":\"ListItem\",\"position\":1,\"name\":\"Home\",\"item\":\"https:\/\/www.miomiorun.com\/es\/\"},{\"@type\":\"ListItem\",\"position\":2,\"name\":\"Shop\",\"item\":\"https:\/\/www.miomiorun.com\/shop\/\"},{\"@type\":\"ListItem\",\"position\":3,\"name\":\"Adizero Distancestar\"}]},{\"@type\":\"WebSite\",\"@id\":\"https:\/\/www.miomiorun.com\/es\/#website\",\"url\":\"https:\/\/www.miomiorun.com\/es\/\",\"name\":\"MioMioRun\",\"description\":\"Tienda 100% running y trail\",\"publisher\":{\"@id\":\"https:\/\/www.miomiorun.com\/es\/#organization\"},\"potentialAction\":[{\"@type\":\"SearchAction\",\"target\":{\"@type\":\"EntryPoint\",\"urlTemplate\":\"https:\/\/www.miomiorun.com\/es\/?s={search_term_string}\"},\"query-input\":{\"@type\":\"PropertyValueSpecification\",\"valueRequired\":true,\"valueName\":\"search_term_string\"}}],\"inLanguage\":\"es-ES\"},{\"@type\":\"Organization\",\"@id\":\"https:\/\/www.miomiorun.com\/es\/#organization\",\"name\":\"MioMio Run\",\"url\":\"https:\/\/www.miomiorun.com\/es\/\",\"logo\":{\"@type\":\"ImageObject\",\"inLanguage\":\"es-ES\",\"@id\":\"https:\/\/www.miomiorun.com\/es\/#\/schema\/logo\/image\/\",\"url\":\"https:\/\/www.miomiorun.com\/app\/uploads\/2019\/12\/logomio.png\",\"contentUrl\":\"https:\/\/www.miomiorun.com\/app\/uploads\/2019\/12\/logomio.png\",\"width\":115,\"height\":82,\"caption\":\"MioMio Run\"},\"image\":{\"@id\":\"https:\/\/www.miomiorun.com\/es\/#\/schema\/logo\/image\/\"},\"sameAs\":[\"https:\/\/www.facebook.com\/miomiorun\/\",\"https:\/\/www.instagram.com\/miomiorun\/\"]}]}<\/script>\n<!-- \/ Yoast SEO plugin. -->","yoast_head_json":{"title":"Adidas Adizero Distancestar -zapatillas de correr - MioMioRun","description":"Las Adizero Distancestar combinan ligereza, agarre y comodidad para maximizar el rendimiento en la pista, todo ello enriquecido con un dise\u00f1o sostenible.","robots":{"index":"index","follow":"follow","max-snippet":"max-snippet:-1","max-image-preview":"max-image-preview:large","max-video-preview":"max-video-preview:-1"},"canonical":"https:\/\/www.miomiorun.com\/es\/producto\/adizero-distancestar\/","og_locale":"es_ES","og_type":"article","og_title":"Adidas Adizero Distancestar -zapatillas de correr - MioMioRun","og_description":"Las Adizero Distancestar combinan ligereza, agarre y comodidad para maximizar el rendimiento en la pista, todo ello enriquecido con un dise\u00f1o sostenible.","og_url":"https:\/\/www.miomiorun.com\/es\/producto\/adizero-distancestar\/","og_site_name":"MioMioRun","article_publisher":"https:\/\/www.facebook.com\/miomiorun\/","article_modified_time":"2026-03-02T18:01:01+00:00","og_image":[{"width":600,"height":600,"url":"https:\/\/www.miomiorun.com\/app\/uploads\/2025\/03\/adidas-Distancestar-luclem-cblack-halsil-IF9390.webp","type":"image\/webp"}],"twitter_card":"summary_large_image","twitter_misc":{"Est. reading time":"3 minutes"},"schema":{"@context":"https:\/\/schema.org","@graph":[{"@type":"WebPage","@id":"https:\/\/www.miomiorun.com\/es\/producto\/adizero-distancestar\/","url":"https:\/\/www.miomiorun.com\/es\/producto\/adizero-distancestar\/","name":"Adidas Adizero Distancestar -zapatillas de correr - MioMioRun","isPartOf":{"@id":"https:\/\/www.miomiorun.com\/es\/#website"},"primaryImageOfPage":{"@id":"https:\/\/www.miomiorun.com\/es\/producto\/adizero-distancestar\/#primaryimage"},"image":{"@id":"https:\/\/www.miomiorun.com\/es\/producto\/adizero-distancestar\/#primaryimage"},"thumbnailUrl":"https:\/\/www.miomiorun.com\/app\/uploads\/2025\/03\/adidas-Distancestar-luclem-cblack-halsil-IF9390.webp","datePublished":"2025-03-13T18:14:40+00:00","dateModified":"2026-03-02T18:01:01+00:00","description":"Las Adizero Distancestar combinan ligereza, agarre y comodidad para maximizar el rendimiento en la pista, todo ello enriquecido con un dise\u00f1o sostenible.","breadcrumb":{"@id":"https:\/\/www.miomiorun.com\/es\/producto\/adizero-distancestar\/#breadcrumb"},"inLanguage":"es-ES","potentialAction":[{"@type":"ReadAction","target":["https:\/\/www.miomiorun.com\/es\/producto\/adizero-distancestar\/"]}]},{"@type":"ImageObject","inLanguage":"es-ES","@id":"https:\/\/www.miomiorun.com\/es\/producto\/adizero-distancestar\/#primaryimage","url":"https:\/\/www.miomiorun.com\/app\/uploads\/2025\/03\/adidas-Distancestar-luclem-cblack-halsil-IF9390.webp","contentUrl":"https:\/\/www.miomiorun.com\/app\/uploads\/2025\/03\/adidas-Distancestar-luclem-cblack-halsil-IF9390.webp","width":600,"height":600,"caption":"adidas Distancestar luclem cblack halsil IF9390"},{"@type":"BreadcrumbList","@id":"https:\/\/www.miomiorun.com\/es\/producto\/adizero-distancestar\/#breadcrumb","itemListElement":[{"@type":"ListItem","position":1,"name":"Home","item":"https:\/\/www.miomiorun.com\/es\/"},{"@type":"ListItem","position":2,"name":"Shop","item":"https:\/\/www.miomiorun.com\/shop\/"},{"@type":"ListItem","position":3,"name":"Adizero Distancestar"}]},{"@type":"WebSite","@id":"https:\/\/www.miomiorun.com\/es\/#website","url":"https:\/\/www.miomiorun.com\/es\/","name":"MioMioRun","description":"Tienda 100% running y trail","publisher":{"@id":"https:\/\/www.miomiorun.com\/es\/#organization"},"potentialAction":[{"@type":"SearchAction","target":{"@type":"EntryPoint","urlTemplate":"https:\/\/www.miomiorun.com\/es\/?s={search_term_string}"},"query-input":{"@type":"PropertyValueSpecification","valueRequired":true,"valueName":"search_term_string"}}],"inLanguage":"es-ES"},{"@type":"Organization","@id":"https:\/\/www.miomiorun.com\/es\/#organization","name":"MioMio Run","url":"https:\/\/www.miomiorun.com\/es\/","logo":{"@type":"ImageObject","inLanguage":"es-ES","@id":"https:\/\/www.miomiorun.com\/es\/#\/schema\/logo\/image\/","url":"https:\/\/www.miomiorun.com\/app\/uploads\/2019\/12\/logomio.png","contentUrl":"https:\/\/www.miomiorun.com\/app\/uploads\/2019\/12\/logomio.png","width":115,"height":82,"caption":"MioMio Run"},"image":{"@id":"https:\/\/www.miomiorun.com\/es\/#\/schema\/logo\/image\/"},"sameAs":["https:\/\/www.facebook.com\/miomiorun\/","https:\/\/www.instagram.com\/miomiorun\/"]}]}},"_links":{"self":[{"href":"https:\/\/www.miomiorun.com\/es\/wp-json\/wp\/v2\/product\/300812","targetHints":{"allow":["GET"]}}],"collection":[{"href":"https:\/\/www.miomiorun.com\/es\/wp-json\/wp\/v2\/product"}],"about":[{"href":"https:\/\/www.miomiorun.com\/es\/wp-json\/wp\/v2\/types\/product"}],"wp:featuredmedia":[{"embeddable":true,"href":"https:\/\/www.miomiorun.com\/es\/wp-json\/wp\/v2\/media\/264815"}],"wp:attachment":[{"href":"https:\/\/www.miomiorun.com\/es\/wp-json\/wp\/v2\/media?parent=300812"}],"wp:term":[{"taxonomy":"product_brand","embeddable":true,"href":"https:\/\/www.miomiorun.com\/es\/wp-json\/wp\/v2\/product_brand?post=300812"},{"taxonomy":"product_cat","embeddable":true,"href":"https:\/\/www.miomiorun.com\/es\/wp-json\/wp\/v2\/product_cat?post=300812"},{"taxonomy":"product_tag","embeddable":true,"href":"https:\/\/www.miomiorun.com\/es\/wp-json\/wp\/v2\/product_tag?post=300812"}],"curies":[{"name":"wp","href":"https:\/\/api.w.org\/{rel}","templated":true}]}}