{"id":300685,"date":"2025-03-17T17:35:25","date_gmt":"2025-03-17T16:35:25","guid":{"rendered":"https:\/\/miomiorun.com\/prodotto\/vectiv-infinite-3-uomo\/"},"modified":"2026-02-27T18:25:26","modified_gmt":"2026-02-27T17:25:26","slug":"vectiv-infinite-3-hombre","status":"publish","type":"product","link":"https:\/\/www.miomiorun.com\/es\/producto\/vectiv-infinite-3-hombre\/","title":{"rendered":"Vectiv Infinite 3 hombre"},"content":{"rendered":"<div class=\"vc-row container\"><div class=\"vc-column\"><div class=\"vc-column-text\"><\/p>\n<p><strong>Especificaciones t\u00e9cnicas<\/strong><\/p>\n<p>Categor\u00eda: amortiguaci\u00f3n superior.<br \/>\nOffset: 6 mm.<br \/>\nPeso: 267 g.<br \/>\nIdeal para: corredores de trail y amantes de las caminatas por la monta\u00f1a que buscan un modelo ligero, bien amortiguado y protector, capaz de transmitir el m\u00e1ximo confort incluso en distancias prolongadas.<br \/>\nPeso del atleta: 60-70 kg.<br \/>\nRitmo de carrera: medio-r\u00e1pido (4,30-6,00 min\/km).<br \/>\n<a href=\"https:\/\/miomiorun.com\/es\/guia-especifica\/\">Gu\u00eda de especificaciones t\u00e9cnicas<\/a><\/p>\n<p><\/div> <\/div><div class=\"vc-column\"><div class=\"vc-column-text\">La <strong>zapatilla Vectiv Infinite 3<\/strong> es la elecci\u00f3n perfecta para quienes buscan un rendimiento excepcional en trail running de larga distancia. Con un <strong>ajuste regular<\/strong>, esta zapatilla ofrece un ajuste adecuado, con sujeci\u00f3n y c\u00f3modo, perfecto para afrontar los retos m\u00e1s duros. La <strong>parte superior ligera y sin costuras<\/strong>, con <strong>zonas de ventilaci\u00f3n mapeadas<\/strong>, garantiza una transpirabilidad \u00f3ptima y una estabilidad ideal, mientras que la malla de doble urdimbre, compuesta en un <strong>57 % por materiales reciclados<\/strong>, demuestra el compromiso con el medio ambiente. El <strong>ajuste mejorado<\/strong> en el tal\u00f3n, junto con las <strong>aletas integradas en la leng\u00fceta<\/strong>, ofrece una mayor estabilidad en la zona del tal\u00f3n y la parte media del pie.<\/p>\n<p>La tecnolog\u00eda <strong>VECTIV\u2122<\/strong> es el coraz\u00f3n de esta zapatilla, con su suela plana 3D de doble densidad, su entresuela rocker y su agarre <strong>SurfaceCTRL\u2122<\/strong>, que garantizan un retorno de energ\u00eda superior y una reactividad sin igual en los senderos. La <strong>espuma DREAM ultraligera<\/strong> de poliuretano expandido mejora el retorno de energ\u00eda, reduce el peso y aumenta la durabilidad en comparaci\u00f3n con la espuma EVA tradicional. La <strong>placa de suela VECTIV\u2122 3.0 3D<\/strong> de TPU en toda la longitud, con estructura amplificada en el arco del pie, ofrece una mayor <strong>estabilidad<\/strong>, un <strong>impulso hacia delante<\/strong> optimizado y soporte lateral en los terrenos m\u00e1s t\u00e9cnicos. Adem\u00e1s, la <strong>entresuela rocker<\/strong> amplifica la <strong>fuerza propulsora a largo plazo<\/strong>, lo que garantiza un alto rendimiento durante toda la carrera.<\/p>\n<p>Esta versi\u00f3n de la <strong>Infinite<\/strong> tiene <strong>1 mm m\u00e1s de amortiguaci\u00f3n<\/strong> que el modelo anterior, lo que ofrece a\u00fan m\u00e1s comodidad en terrenos irregulares. Con una altura de suela de <strong>29 mm en el tal\u00f3n<\/strong> y un <strong>offset de 6 mm<\/strong>, garantiza una sensaci\u00f3n de estabilidad y comodidad incluso en los recorridos m\u00e1s dif\u00edciles. La <strong>suela resistente de goma SURFACE CTRL\u2122<\/strong>, muy vers\u00e1til y fabricada con un <strong>20 % de goma natural<\/strong> procedente de peque\u00f1as explotaciones agr\u00edcolas que practican la agricultura regenerativa, ofrece una distribuci\u00f3n equilibrada del peso y una tracci\u00f3n excepcional gracias a sus <strong>lamas de 5 mm<\/strong>.<\/p>\n<p>La <strong>Infinite<\/strong> es la zapatilla ideal para quienes buscan una combinaci\u00f3n perfecta de reactividad, sujeci\u00f3n y comodidad para largas distancias, con un alto rendimiento en todo tipo de terrenos. Con esta zapatilla, superar\u00e1s cualquier reto con energ\u00eda y estabilidad.<\/p>\n<div id=\"base-collapse-nUfccvMQCJy-0-content\" class=\"overflow-hidden duration\" role=\"region\" aria-labelledby=\"base-collapse-nUfccvMQCJy-0\">\n<div class=\"text-sm fw-light\" data-test-id=\"vf-accordion-content\">\n<div class=\"pb-6 pt-2 text-sm c-grey-20\">\n<div class=\"group flex items-start gap-4\">\n<p><img loading=\"lazy\" decoding=\"async\" class=\"contain\" src=\"https:\/\/assets.thenorthface.eu\/image\/upload\/v1728567337\/benefit-icon-cushioned.webp\" alt=\"Ammortizzate\" width=\"71\" height=\"71\"><\/p>\n<div class=\"grow space-y-1\">\n<p class=\"!title-5 fw-bold\">Amortiguaci\u00f3n: espuma ligera para una amortiguaci\u00f3n sin igual<\/p>\n<\/div>\n<\/div>\n<div class=\"group flex items-start gap-4\">\n<p><img loading=\"lazy\" decoding=\"async\" class=\"contain\" src=\"https:\/\/assets.thenorthface.eu\/image\/upload\/v1728567347\/benefit-icon-stability.webp\" alt=\"Stabili\" width=\"71\" height=\"71\"><\/p>\n<div class=\"grow space-y-1\">\n<p class=\"!title-5 fw-bold\">Estables: la tecnolog\u00eda de posicionamiento del tal\u00f3n mejora la estabilidad en terrenos irregulares.<\/p>\n<\/div>\n<\/div>\n<div class=\"group flex items-start gap-4\">\n<p><img loading=\"lazy\" decoding=\"async\" class=\"contain\" src=\"https:\/\/assets.thenorthface.eu\/image\/upload\/v1728567340\/benefit-icon-grip_sole.webp\" alt=\"Suola antiscivolo\" width=\"71\" height=\"71\"><\/p>\n<div class=\"grow space-y-1\">\n<p class=\"!title-5 fw-bold\">Suela antideslizante: Las mezclas de goma garantizan agarre, adherencia y resistencia tanto en superficies secas como mojadas.<\/p>\n<\/div>\n<\/div>\n<div class=\"group flex items-start gap-4\">\n<p><img loading=\"lazy\" decoding=\"async\" class=\"contain\" src=\"https:\/\/assets.thenorthface.eu\/image\/upload\/v1728567334\/benefit-icon_technical_trail.avif\" alt=\"Percorsi trail tecnici\" width=\"71\" height=\"71\"><\/p>\n<div class=\"grow space-y-1\">\n<p class=\"!title-5 fw-bold\">Rutas de trail t\u00e9cnicas: Tracci\u00f3n y protecci\u00f3n excepcionales en terrenos t\u00e9cnicos.<\/p>\n<\/div>\n<\/div>\n<\/div>\n<\/div>\n<\/div>\n<p><\/div><\/div><\/div>\n","protected":false},"excerpt":{"rendered":"<ul>\n<li>\u00a0Surface CTRL\u00ae<\/li>\n<li>VECTIV\u2122<\/li>\n<\/ul>\n","protected":false},"featured_media":267950,"template":"","meta":{"_acf_changed":false,"inline_featured_image":false},"product_brand":[],"product_cat":[24454,24451],"product_tag":[32389,32399],"class_list":{"0":"post-300685","1":"product","2":"type-product","3":"status-publish","4":"has-post-thumbnail","6":"product_cat-calzado-para-hombre","7":"product_cat-trail-es-3","8":"product_tag-the-north-face-es","9":"product_tag-the-north-face-hombre","10":"pa_attivita-outdoor-es","11":"pa_attivita-trail-es","12":"pa_colore-infinite-3-glacier-grey-su-es","13":"pa_marca-the-north-face-es","14":"pa_sesso-hombre","15":"pa_size-41-es","16":"pa_size-42-es","18":"first","19":"instock","20":"sale","21":"taxable","22":"shipping-taxable","23":"purchasable","24":"product-type-variable","25":"wvs-archive-product-wrapper"},"acf":[],"yoast_head":"<!-- This site is optimized with the Yoast SEO plugin v26.8 - https:\/\/yoast.com\/product\/yoast-seo-wordpress\/ -->\n<title>The North Face Vectiv Infinite 3 hombre - zapatillas de trail - MioMioRun.com<\/title>\n<meta name=\"description\" content=\"Las Infinite 3 ofrecen un alto rendimiento para el trail running de larga distancia, con tecnolog\u00eda VECTIV\u2122 3.0 y amortiguaci\u00f3n de espuma DREAM.\" \/>\n<meta name=\"robots\" content=\"index, follow, max-snippet:-1, max-image-preview:large, max-video-preview:-1\" \/>\n<link rel=\"canonical\" href=\"https:\/\/www.miomiorun.com\/es\/producto\/vectiv-infinite-3-hombre\/\" \/>\n<meta property=\"og:locale\" content=\"es_ES\" \/>\n<meta property=\"og:type\" content=\"article\" \/>\n<meta property=\"og:title\" content=\"The North Face Vectiv Infinite 3 hombre - zapatillas de trail - MioMioRun.com\" \/>\n<meta property=\"og:description\" content=\"Las Infinite 3 ofrecen un alto rendimiento para el trail running de larga distancia, con tecnolog\u00eda VECTIV\u2122 3.0 y amortiguaci\u00f3n de espuma DREAM.\" \/>\n<meta property=\"og:url\" content=\"https:\/\/www.miomiorun.com\/es\/producto\/vectiv-infinite-3-hombre\/\" \/>\n<meta property=\"og:site_name\" content=\"MioMioRun\" \/>\n<meta property=\"article:publisher\" content=\"https:\/\/www.facebook.com\/miomiorun\/\" \/>\n<meta property=\"article:modified_time\" content=\"2026-02-27T17:25:26+00:00\" \/>\n<meta property=\"og:image\" content=\"https:\/\/www.miomiorun.com\/app\/uploads\/2025\/03\/north-face-Infinite-3-glacier-grey-su-NF0A8AERCIW1.webp\" \/>\n\t<meta property=\"og:image:width\" content=\"600\" \/>\n\t<meta property=\"og:image:height\" content=\"600\" \/>\n\t<meta property=\"og:image:type\" content=\"image\/webp\" \/>\n<meta name=\"twitter:card\" content=\"summary_large_image\" \/>\n<meta name=\"twitter:label1\" content=\"Est. reading time\" \/>\n\t<meta name=\"twitter:data1\" content=\"3 minutes\" \/>\n<script type=\"application\/ld+json\" class=\"yoast-schema-graph\">{\"@context\":\"https:\/\/schema.org\",\"@graph\":[{\"@type\":\"WebPage\",\"@id\":\"https:\/\/www.miomiorun.com\/es\/producto\/vectiv-infinite-3-hombre\/\",\"url\":\"https:\/\/www.miomiorun.com\/es\/producto\/vectiv-infinite-3-hombre\/\",\"name\":\"The North Face Vectiv Infinite 3 hombre - zapatillas de trail - MioMioRun.com\",\"isPartOf\":{\"@id\":\"https:\/\/www.miomiorun.com\/es\/#website\"},\"primaryImageOfPage\":{\"@id\":\"https:\/\/www.miomiorun.com\/es\/producto\/vectiv-infinite-3-hombre\/#primaryimage\"},\"image\":{\"@id\":\"https:\/\/www.miomiorun.com\/es\/producto\/vectiv-infinite-3-hombre\/#primaryimage\"},\"thumbnailUrl\":\"https:\/\/www.miomiorun.com\/app\/uploads\/2025\/03\/north-face-Infinite-3-glacier-grey-su-NF0A8AERCIW1.webp\",\"datePublished\":\"2025-03-17T16:35:25+00:00\",\"dateModified\":\"2026-02-27T17:25:26+00:00\",\"description\":\"Las Infinite 3 ofrecen un alto rendimiento para el trail running de larga distancia, con tecnolog\u00eda VECTIV\u2122 3.0 y amortiguaci\u00f3n de espuma DREAM.\",\"breadcrumb\":{\"@id\":\"https:\/\/www.miomiorun.com\/es\/producto\/vectiv-infinite-3-hombre\/#breadcrumb\"},\"inLanguage\":\"es-ES\",\"potentialAction\":[{\"@type\":\"ReadAction\",\"target\":[\"https:\/\/www.miomiorun.com\/es\/producto\/vectiv-infinite-3-hombre\/\"]}]},{\"@type\":\"ImageObject\",\"inLanguage\":\"es-ES\",\"@id\":\"https:\/\/www.miomiorun.com\/es\/producto\/vectiv-infinite-3-hombre\/#primaryimage\",\"url\":\"https:\/\/www.miomiorun.com\/app\/uploads\/2025\/03\/north-face-Infinite-3-glacier-grey-su-NF0A8AERCIW1.webp\",\"contentUrl\":\"https:\/\/www.miomiorun.com\/app\/uploads\/2025\/03\/north-face-Infinite-3-glacier-grey-su-NF0A8AERCIW1.webp\",\"width\":600,\"height\":600,\"caption\":\"north face Infinite 3 glacier grey su NF0A8AERCIW1\"},{\"@type\":\"BreadcrumbList\",\"@id\":\"https:\/\/www.miomiorun.com\/es\/producto\/vectiv-infinite-3-hombre\/#breadcrumb\",\"itemListElement\":[{\"@type\":\"ListItem\",\"position\":1,\"name\":\"Home\",\"item\":\"https:\/\/www.miomiorun.com\/es\/\"},{\"@type\":\"ListItem\",\"position\":2,\"name\":\"Shop\",\"item\":\"https:\/\/www.miomiorun.com\/shop\/\"},{\"@type\":\"ListItem\",\"position\":3,\"name\":\"Vectiv Infinite 3 hombre\"}]},{\"@type\":\"WebSite\",\"@id\":\"https:\/\/www.miomiorun.com\/es\/#website\",\"url\":\"https:\/\/www.miomiorun.com\/es\/\",\"name\":\"MioMioRun\",\"description\":\"Tienda 100% running y trail\",\"publisher\":{\"@id\":\"https:\/\/www.miomiorun.com\/es\/#organization\"},\"potentialAction\":[{\"@type\":\"SearchAction\",\"target\":{\"@type\":\"EntryPoint\",\"urlTemplate\":\"https:\/\/www.miomiorun.com\/es\/?s={search_term_string}\"},\"query-input\":{\"@type\":\"PropertyValueSpecification\",\"valueRequired\":true,\"valueName\":\"search_term_string\"}}],\"inLanguage\":\"es-ES\"},{\"@type\":\"Organization\",\"@id\":\"https:\/\/www.miomiorun.com\/es\/#organization\",\"name\":\"MioMio Run\",\"url\":\"https:\/\/www.miomiorun.com\/es\/\",\"logo\":{\"@type\":\"ImageObject\",\"inLanguage\":\"es-ES\",\"@id\":\"https:\/\/www.miomiorun.com\/es\/#\/schema\/logo\/image\/\",\"url\":\"https:\/\/www.miomiorun.com\/app\/uploads\/2019\/12\/logomio.png\",\"contentUrl\":\"https:\/\/www.miomiorun.com\/app\/uploads\/2019\/12\/logomio.png\",\"width\":115,\"height\":82,\"caption\":\"MioMio Run\"},\"image\":{\"@id\":\"https:\/\/www.miomiorun.com\/es\/#\/schema\/logo\/image\/\"},\"sameAs\":[\"https:\/\/www.facebook.com\/miomiorun\/\",\"https:\/\/www.instagram.com\/miomiorun\/\"]}]}<\/script>\n<!-- \/ Yoast SEO plugin. -->","yoast_head_json":{"title":"The North Face Vectiv Infinite 3 hombre - zapatillas de trail - MioMioRun.com","description":"Las Infinite 3 ofrecen un alto rendimiento para el trail running de larga distancia, con tecnolog\u00eda VECTIV\u2122 3.0 y amortiguaci\u00f3n de espuma DREAM.","robots":{"index":"index","follow":"follow","max-snippet":"max-snippet:-1","max-image-preview":"max-image-preview:large","max-video-preview":"max-video-preview:-1"},"canonical":"https:\/\/www.miomiorun.com\/es\/producto\/vectiv-infinite-3-hombre\/","og_locale":"es_ES","og_type":"article","og_title":"The North Face Vectiv Infinite 3 hombre - zapatillas de trail - MioMioRun.com","og_description":"Las Infinite 3 ofrecen un alto rendimiento para el trail running de larga distancia, con tecnolog\u00eda VECTIV\u2122 3.0 y amortiguaci\u00f3n de espuma DREAM.","og_url":"https:\/\/www.miomiorun.com\/es\/producto\/vectiv-infinite-3-hombre\/","og_site_name":"MioMioRun","article_publisher":"https:\/\/www.facebook.com\/miomiorun\/","article_modified_time":"2026-02-27T17:25:26+00:00","og_image":[{"width":600,"height":600,"url":"https:\/\/www.miomiorun.com\/app\/uploads\/2025\/03\/north-face-Infinite-3-glacier-grey-su-NF0A8AERCIW1.webp","type":"image\/webp"}],"twitter_card":"summary_large_image","twitter_misc":{"Est. reading time":"3 minutes"},"schema":{"@context":"https:\/\/schema.org","@graph":[{"@type":"WebPage","@id":"https:\/\/www.miomiorun.com\/es\/producto\/vectiv-infinite-3-hombre\/","url":"https:\/\/www.miomiorun.com\/es\/producto\/vectiv-infinite-3-hombre\/","name":"The North Face Vectiv Infinite 3 hombre - zapatillas de trail - MioMioRun.com","isPartOf":{"@id":"https:\/\/www.miomiorun.com\/es\/#website"},"primaryImageOfPage":{"@id":"https:\/\/www.miomiorun.com\/es\/producto\/vectiv-infinite-3-hombre\/#primaryimage"},"image":{"@id":"https:\/\/www.miomiorun.com\/es\/producto\/vectiv-infinite-3-hombre\/#primaryimage"},"thumbnailUrl":"https:\/\/www.miomiorun.com\/app\/uploads\/2025\/03\/north-face-Infinite-3-glacier-grey-su-NF0A8AERCIW1.webp","datePublished":"2025-03-17T16:35:25+00:00","dateModified":"2026-02-27T17:25:26+00:00","description":"Las Infinite 3 ofrecen un alto rendimiento para el trail running de larga distancia, con tecnolog\u00eda VECTIV\u2122 3.0 y amortiguaci\u00f3n de espuma DREAM.","breadcrumb":{"@id":"https:\/\/www.miomiorun.com\/es\/producto\/vectiv-infinite-3-hombre\/#breadcrumb"},"inLanguage":"es-ES","potentialAction":[{"@type":"ReadAction","target":["https:\/\/www.miomiorun.com\/es\/producto\/vectiv-infinite-3-hombre\/"]}]},{"@type":"ImageObject","inLanguage":"es-ES","@id":"https:\/\/www.miomiorun.com\/es\/producto\/vectiv-infinite-3-hombre\/#primaryimage","url":"https:\/\/www.miomiorun.com\/app\/uploads\/2025\/03\/north-face-Infinite-3-glacier-grey-su-NF0A8AERCIW1.webp","contentUrl":"https:\/\/www.miomiorun.com\/app\/uploads\/2025\/03\/north-face-Infinite-3-glacier-grey-su-NF0A8AERCIW1.webp","width":600,"height":600,"caption":"north face Infinite 3 glacier grey su NF0A8AERCIW1"},{"@type":"BreadcrumbList","@id":"https:\/\/www.miomiorun.com\/es\/producto\/vectiv-infinite-3-hombre\/#breadcrumb","itemListElement":[{"@type":"ListItem","position":1,"name":"Home","item":"https:\/\/www.miomiorun.com\/es\/"},{"@type":"ListItem","position":2,"name":"Shop","item":"https:\/\/www.miomiorun.com\/shop\/"},{"@type":"ListItem","position":3,"name":"Vectiv Infinite 3 hombre"}]},{"@type":"WebSite","@id":"https:\/\/www.miomiorun.com\/es\/#website","url":"https:\/\/www.miomiorun.com\/es\/","name":"MioMioRun","description":"Tienda 100% running y trail","publisher":{"@id":"https:\/\/www.miomiorun.com\/es\/#organization"},"potentialAction":[{"@type":"SearchAction","target":{"@type":"EntryPoint","urlTemplate":"https:\/\/www.miomiorun.com\/es\/?s={search_term_string}"},"query-input":{"@type":"PropertyValueSpecification","valueRequired":true,"valueName":"search_term_string"}}],"inLanguage":"es-ES"},{"@type":"Organization","@id":"https:\/\/www.miomiorun.com\/es\/#organization","name":"MioMio Run","url":"https:\/\/www.miomiorun.com\/es\/","logo":{"@type":"ImageObject","inLanguage":"es-ES","@id":"https:\/\/www.miomiorun.com\/es\/#\/schema\/logo\/image\/","url":"https:\/\/www.miomiorun.com\/app\/uploads\/2019\/12\/logomio.png","contentUrl":"https:\/\/www.miomiorun.com\/app\/uploads\/2019\/12\/logomio.png","width":115,"height":82,"caption":"MioMio Run"},"image":{"@id":"https:\/\/www.miomiorun.com\/es\/#\/schema\/logo\/image\/"},"sameAs":["https:\/\/www.facebook.com\/miomiorun\/","https:\/\/www.instagram.com\/miomiorun\/"]}]}},"_links":{"self":[{"href":"https:\/\/www.miomiorun.com\/es\/wp-json\/wp\/v2\/product\/300685","targetHints":{"allow":["GET"]}}],"collection":[{"href":"https:\/\/www.miomiorun.com\/es\/wp-json\/wp\/v2\/product"}],"about":[{"href":"https:\/\/www.miomiorun.com\/es\/wp-json\/wp\/v2\/types\/product"}],"wp:featuredmedia":[{"embeddable":true,"href":"https:\/\/www.miomiorun.com\/es\/wp-json\/wp\/v2\/media\/267950"}],"wp:attachment":[{"href":"https:\/\/www.miomiorun.com\/es\/wp-json\/wp\/v2\/media?parent=300685"}],"wp:term":[{"taxonomy":"product_brand","embeddable":true,"href":"https:\/\/www.miomiorun.com\/es\/wp-json\/wp\/v2\/product_brand?post=300685"},{"taxonomy":"product_cat","embeddable":true,"href":"https:\/\/www.miomiorun.com\/es\/wp-json\/wp\/v2\/product_cat?post=300685"},{"taxonomy":"product_tag","embeddable":true,"href":"https:\/\/www.miomiorun.com\/es\/wp-json\/wp\/v2\/product_tag?post=300685"}],"curies":[{"name":"wp","href":"https:\/\/api.w.org\/{rel}","templated":true}]}}