{"id":300665,"date":"2025-03-17T18:07:22","date_gmt":"2025-03-17T17:07:22","guid":{"rendered":"https:\/\/miomiorun.com\/prodotto\/summit-vectiv-pro-3\/"},"modified":"2026-05-08T22:37:01","modified_gmt":"2026-05-08T20:37:01","slug":"summit-vectiv-pro-3","status":"publish","type":"product","link":"https:\/\/www.miomiorun.com\/es\/producto\/summit-vectiv-pro-3\/","title":{"rendered":"Summit Vectiv Pro 3"},"content":{"rendered":"<div class=\"vc-row container\"><div class=\"vc-column\"><div class=\"vc-column-text\"><\/p>\n<p><strong>Especificaciones t\u00e9cnicas<\/strong><\/p>\n<p>Categor\u00eda: amortiguaci\u00f3n superior<br \/>\nDesnivel: 6 mm<br \/>\nPeso: 294 g<br \/>\nIdeal para: corredores de trail y amantes de las caminatas por la monta\u00f1a que buscan un modelo ligero, bien amortiguado y protector, capaz de ofrecer el m\u00e1ximo confort incluso en distancias prolongadas.<br \/>\nPeso del deportista: 60-70 kg<br \/>\nRitmo de carrera: medio-r\u00e1pido (4,30-6,00 min\/km)<br \/>\n<a href=\"https:\/\/miomiorun.com\/guida-alle-specifiche-tecniche\/\">Gu\u00eda de especificaciones t\u00e9cnicas<\/a><\/p>\n<p><\/div><\/div><div class=\"vc-column\"><div class=\"vc-column-text\">Las <strong>zapatillas Summit VECTIV\u2122 Pro 3<\/strong> son la elecci\u00f3n definitiva para los aficionados al trail running que se enfrentan a ultramaratones en senderos estrechos y terrenos dif\u00edciles. Dise\u00f1adas en colaboraci\u00f3n con el equipo global de atletas de <strong>The North Face\u00ae<\/strong>, estas zapatillas han conquistado el podio en algunas de las rutas m\u00e1s exigentes del mundo gracias a su tecnolog\u00eda avanzada y a su rendimiento sin igual. El <strong>calzado regular<\/strong> garantiza un ajuste perfecto, c\u00f3modo y con buen soporte durante las carreras largas.<\/p>\n<p>La <strong>parte superior sin costuras<\/strong>, transpirable e <strong>hidr\u00f3foba<\/strong>, ofrece una sujeci\u00f3n ideal, se seca r\u00e1pidamente y mantiene los pies frescos y secos. La <strong>estructura interna ligera<\/strong> refuerza el chasis, mientras que las <strong>aletas integradas en la leng\u00fceta<\/strong> garantizan un ajuste preciso y personalizado. Adem\u00e1s, las zapatillas son <strong>unisex<\/strong>, por lo que se adaptan perfectamente a una amplia gama de atletas.<\/p>\n<p>La tecnolog\u00eda <strong>VECTIV\u2122 3.0<\/strong> incluye un innovador sistema de placas en varios niveles, con una <strong>placa de fibra de carbono a lo largo de toda la suela<\/strong> que ofrece una <strong>propulsi\u00f3n superior<\/strong>, integrada con una <strong>placa de TPU<\/strong> para una mayor <strong>estabilidad<\/strong> y un alto rendimiento en diferentes terrenos. La <strong>entresuela de espuma DREAM<\/strong> ultraligera de <strong>PEBA\/EVA<\/strong> ofrece <strong>un rebote y una durabilidad excepcionales<\/strong>, mientras que el <strong>inserto de espuma DREAM<\/strong> bajo el pie amplifica la sensaci\u00f3n de <strong>propulsi\u00f3n y comodidad duraderas<\/strong>.<\/p>\n<p>En comparaci\u00f3n con el modelo anterior, la <strong>Summit VECTIV\u2122 Pro 3<\/strong> ofrece <strong>4 mm m\u00e1s de amortiguaci\u00f3n<\/strong> en la entresuela, para una comodidad a\u00fan mayor en los senderos m\u00e1s t\u00e9cnicos. La <strong>suela de goma SURFACE CTRL\u2122 <\/strong> es muy resistente y vers\u00e1til, est\u00e1 fabricada con un <strong>20 % de caucho natural<\/strong> procedente de la agricultura regenerativa y ofrece un <strong>alto agarre<\/strong> gracias a los <strong>tacos de 3,5 mm<\/strong>, dise\u00f1ados para garantizar la tracci\u00f3n en todo tipo de terrenos. Adem\u00e1s, la <strong>entresuela rocker<\/strong> amplifica la <strong>fuerza de propulsi\u00f3n a largo plazo<\/strong>, garantizando un rendimiento constante incluso en las carreras m\u00e1s largas.<\/p>\n<p>Con las <strong>Summit VECTIV\u2122 Pro 3<\/strong>, afronta cada sendero con estabilidad, comodidad y alto rendimiento. \u00a1\u00danete a los corredores m\u00e1s decididos y sube al podio con cada paso!<\/p>\n<div id=\"Benefits\" class=\"f-col b-t b-grey-70\" data-test-id=\"vf-accordion\"><\/div>\n<div id=\"base-collapse-nUfccvMQCJy-18-content\" class=\"overflow-hidden duration\" role=\"region\" aria-labelledby=\"base-collapse-nUfccvMQCJy-18\">\n<div class=\"text-sm fw-light\" data-test-id=\"vf-accordion-content\">\n<div class=\"pb-6 pt-2 text-sm c-grey-20\">\n<div class=\"group flex items-start gap-4\">\n<p><img loading=\"lazy\" decoding=\"async\" class=\"contain\" src=\"https:\/\/assets.thenorthface.eu\/image\/upload\/v1728567337\/benefit-icon-cushioned.webp\" alt=\"Ammortizzate\" width=\"71\" height=\"71\"><\/p>\n<div class=\"grow space-y-1\">\n<p class=\"!title-5 fw-bold\">Amortiguaci\u00f3n: espuma ligera de alta densidad para una amortiguaci\u00f3n sin igual<\/p>\n<\/div>\n<\/div>\n<div class=\"group flex items-start gap-4\">\n<p><img loading=\"lazy\" decoding=\"async\" class=\"contain\" src=\"https:\/\/assets.thenorthface.eu\/image\/upload\/v1728567347\/benefit-icon-stability.webp\" alt=\"Stabili\" width=\"70\" height=\"70\"><\/p>\n<div class=\"grow space-y-1\">\n<p class=\"!title-5 fw-bold\">Estabilidad: La tecnolog\u00eda de sujeci\u00f3n del tal\u00f3n mejora la estabilidad en terrenos irregulares.<\/p>\n<\/div>\n<\/div>\n<div class=\"group flex items-start gap-4\">\n<p><img loading=\"lazy\" decoding=\"async\" class=\"contain\" src=\"https:\/\/assets.thenorthface.eu\/image\/upload\/v1728567340\/benefit-icon-grip_sole.webp\" alt=\"Suola antiscivolo\" width=\"70\" height=\"70\"><\/p>\n<div class=\"grow space-y-1\">\n<p class=\"!title-5 fw-bold\">Suela antideslizante: Las mezclas de goma garantizan agarre, adherencia y resistencia tanto en superficies secas como mojadas.<\/p>\n<\/div>\n<\/div>\n<div class=\"group flex items-start gap-4\">\n<p><img loading=\"lazy\" decoding=\"async\" class=\"contain\" src=\"https:\/\/assets.thenorthface.eu\/image\/upload\/v1728567334\/benefit-icon_technical_trail.avif\" alt=\"Percorsi trail tecnici\" width=\"71\" height=\"71\"><\/p>\n<div class=\"grow space-y-1\">\n<p class=\"!title-5 fw-bold\">Rutas de trail t\u00e9cnicas: Tracci\u00f3n y protecci\u00f3n excepcionales en terrenos t\u00e9cnicos.<\/p>\n<\/div>\n<\/div>\n<\/div>\n<\/div>\n<\/div>\n<p><\/div><\/div><\/div>\n","protected":false},"excerpt":{"rendered":"<ul>\n<li>Surface CTRL\u00ae<\/li>\n<li>VECTIV\u2122<\/li>\n<\/ul>\n","protected":false},"featured_media":350422,"template":"","meta":{"_acf_changed":false,"inline_featured_image":false},"product_brand":[],"product_cat":[24227,24454,24230,24451],"product_tag":[32389,32399,32395],"class_list":{"0":"post-300665","1":"product","2":"type-product","3":"status-publish","4":"has-post-thumbnail","6":"product_cat-calzado-femenino","7":"product_cat-calzado-para-hombre","8":"product_cat-trail-es","9":"product_cat-trail-es-3","10":"product_tag-the-north-face-es","11":"product_tag-the-north-face-hombre","12":"product_tag-the-north-face-mujer","13":"pa_attivita-trail-es","14":"pa_colore-summit-vectiv-pro-3-race-tnf-white-alpin-es","15":"pa_colore-vectiv-pro-3-citrus-rust-lava-red","16":"pa_marca-the-north-face-es","17":"pa_sesso-hombre","18":"pa_sesso-mujer","19":"pa_size-41-es","20":"pa_size-42-es","22":"pa_size-43-es","23":"pa_size-44-es","25":"pa_size-45-es","26":"pa_size-46-es","28":"pa_size-47-es","30":"first","31":"instock","32":"sale","33":"taxable","34":"shipping-taxable","35":"purchasable","36":"product-type-variable","37":"wvs-archive-product-wrapper"},"acf":[],"yoast_head":"<!-- This site is optimized with the Yoast SEO plugin v26.8 - https:\/\/yoast.com\/product\/yoast-seo-wordpress\/ -->\n<title>The North Face Summit Vectiv Pro 3 - zapatillas de trail unisex- MioMioRun.com<\/title>\n<meta name=\"description\" content=\"Las Summit VECTIV\u2122 Pro 3 ofrecen un alto rendimiento gracias a su placa de carbono, su amortiguaci\u00f3n avanzada y su suela de gran tracci\u00f3n para ultramaratones.\" \/>\n<meta name=\"robots\" content=\"index, follow, max-snippet:-1, max-image-preview:large, max-video-preview:-1\" \/>\n<link rel=\"canonical\" href=\"https:\/\/www.miomiorun.com\/es\/producto\/summit-vectiv-pro-3\/\" \/>\n<meta property=\"og:locale\" content=\"es_ES\" \/>\n<meta property=\"og:type\" content=\"article\" \/>\n<meta property=\"og:title\" content=\"The North Face Summit Vectiv Pro 3 - zapatillas de trail unisex- MioMioRun.com\" \/>\n<meta property=\"og:description\" content=\"Las Summit VECTIV\u2122 Pro 3 ofrecen un alto rendimiento gracias a su placa de carbono, su amortiguaci\u00f3n avanzada y su suela de gran tracci\u00f3n para ultramaratones.\" \/>\n<meta property=\"og:url\" content=\"https:\/\/www.miomiorun.com\/es\/producto\/summit-vectiv-pro-3\/\" \/>\n<meta property=\"og:site_name\" content=\"MioMioRun\" \/>\n<meta property=\"article:publisher\" content=\"https:\/\/www.facebook.com\/miomiorun\/\" \/>\n<meta property=\"article:modified_time\" content=\"2026-05-08T20:37:01+00:00\" \/>\n<meta property=\"og:image\" content=\"https:\/\/www.miomiorun.com\/app\/uploads\/2025\/09\/north-face-Summit-Vectiv-Pro-3-race-TNF-white-alpin-NF0A8DA1GIN1.webp\" \/>\n\t<meta property=\"og:image:width\" content=\"720\" \/>\n\t<meta property=\"og:image:height\" content=\"720\" \/>\n\t<meta property=\"og:image:type\" content=\"image\/webp\" \/>\n<meta name=\"twitter:card\" content=\"summary_large_image\" \/>\n<meta name=\"twitter:label1\" content=\"Est. reading time\" \/>\n\t<meta name=\"twitter:data1\" content=\"3 minutes\" \/>\n<script type=\"application\/ld+json\" class=\"yoast-schema-graph\">{\"@context\":\"https:\/\/schema.org\",\"@graph\":[{\"@type\":\"WebPage\",\"@id\":\"https:\/\/www.miomiorun.com\/es\/producto\/summit-vectiv-pro-3\/\",\"url\":\"https:\/\/www.miomiorun.com\/es\/producto\/summit-vectiv-pro-3\/\",\"name\":\"The North Face Summit Vectiv Pro 3 - zapatillas de trail unisex- MioMioRun.com\",\"isPartOf\":{\"@id\":\"https:\/\/www.miomiorun.com\/es\/#website\"},\"primaryImageOfPage\":{\"@id\":\"https:\/\/www.miomiorun.com\/es\/producto\/summit-vectiv-pro-3\/#primaryimage\"},\"image\":{\"@id\":\"https:\/\/www.miomiorun.com\/es\/producto\/summit-vectiv-pro-3\/#primaryimage\"},\"thumbnailUrl\":\"https:\/\/www.miomiorun.com\/app\/uploads\/2025\/09\/north-face-Summit-Vectiv-Pro-3-race-TNF-white-alpin-NF0A8DA1GIN1.webp\",\"datePublished\":\"2025-03-17T17:07:22+00:00\",\"dateModified\":\"2026-05-08T20:37:01+00:00\",\"description\":\"Las Summit VECTIV\u2122 Pro 3 ofrecen un alto rendimiento gracias a su placa de carbono, su amortiguaci\u00f3n avanzada y su suela de gran tracci\u00f3n para ultramaratones.\",\"breadcrumb\":{\"@id\":\"https:\/\/www.miomiorun.com\/es\/producto\/summit-vectiv-pro-3\/#breadcrumb\"},\"inLanguage\":\"es-ES\",\"potentialAction\":[{\"@type\":\"ReadAction\",\"target\":[\"https:\/\/www.miomiorun.com\/es\/producto\/summit-vectiv-pro-3\/\"]}]},{\"@type\":\"ImageObject\",\"inLanguage\":\"es-ES\",\"@id\":\"https:\/\/www.miomiorun.com\/es\/producto\/summit-vectiv-pro-3\/#primaryimage\",\"url\":\"https:\/\/www.miomiorun.com\/app\/uploads\/2025\/09\/north-face-Summit-Vectiv-Pro-3-race-TNF-white-alpin-NF0A8DA1GIN1.webp\",\"contentUrl\":\"https:\/\/www.miomiorun.com\/app\/uploads\/2025\/09\/north-face-Summit-Vectiv-Pro-3-race-TNF-white-alpin-NF0A8DA1GIN1.webp\",\"width\":720,\"height\":720,\"caption\":\"north face Summit Vectiv Pro 3 race TNF white alpin NF0A8DA1GIN1\"},{\"@type\":\"BreadcrumbList\",\"@id\":\"https:\/\/www.miomiorun.com\/es\/producto\/summit-vectiv-pro-3\/#breadcrumb\",\"itemListElement\":[{\"@type\":\"ListItem\",\"position\":1,\"name\":\"Home\",\"item\":\"https:\/\/www.miomiorun.com\/es\/\"},{\"@type\":\"ListItem\",\"position\":2,\"name\":\"Shop\",\"item\":\"https:\/\/www.miomiorun.com\/shop\/\"},{\"@type\":\"ListItem\",\"position\":3,\"name\":\"Summit Vectiv Pro 3\"}]},{\"@type\":\"WebSite\",\"@id\":\"https:\/\/www.miomiorun.com\/es\/#website\",\"url\":\"https:\/\/www.miomiorun.com\/es\/\",\"name\":\"MioMioRun\",\"description\":\"Tienda 100% running y trail\",\"publisher\":{\"@id\":\"https:\/\/www.miomiorun.com\/es\/#organization\"},\"potentialAction\":[{\"@type\":\"SearchAction\",\"target\":{\"@type\":\"EntryPoint\",\"urlTemplate\":\"https:\/\/www.miomiorun.com\/es\/?s={search_term_string}\"},\"query-input\":{\"@type\":\"PropertyValueSpecification\",\"valueRequired\":true,\"valueName\":\"search_term_string\"}}],\"inLanguage\":\"es-ES\"},{\"@type\":\"Organization\",\"@id\":\"https:\/\/www.miomiorun.com\/es\/#organization\",\"name\":\"MioMio Run\",\"url\":\"https:\/\/www.miomiorun.com\/es\/\",\"logo\":{\"@type\":\"ImageObject\",\"inLanguage\":\"es-ES\",\"@id\":\"https:\/\/www.miomiorun.com\/es\/#\/schema\/logo\/image\/\",\"url\":\"https:\/\/www.miomiorun.com\/app\/uploads\/2019\/12\/logomio.png\",\"contentUrl\":\"https:\/\/www.miomiorun.com\/app\/uploads\/2019\/12\/logomio.png\",\"width\":115,\"height\":82,\"caption\":\"MioMio Run\"},\"image\":{\"@id\":\"https:\/\/www.miomiorun.com\/es\/#\/schema\/logo\/image\/\"},\"sameAs\":[\"https:\/\/www.facebook.com\/miomiorun\/\",\"https:\/\/www.instagram.com\/miomiorun\/\"]}]}<\/script>\n<!-- \/ Yoast SEO plugin. -->","yoast_head_json":{"title":"The North Face Summit Vectiv Pro 3 - zapatillas de trail unisex- MioMioRun.com","description":"Las Summit VECTIV\u2122 Pro 3 ofrecen un alto rendimiento gracias a su placa de carbono, su amortiguaci\u00f3n avanzada y su suela de gran tracci\u00f3n para ultramaratones.","robots":{"index":"index","follow":"follow","max-snippet":"max-snippet:-1","max-image-preview":"max-image-preview:large","max-video-preview":"max-video-preview:-1"},"canonical":"https:\/\/www.miomiorun.com\/es\/producto\/summit-vectiv-pro-3\/","og_locale":"es_ES","og_type":"article","og_title":"The North Face Summit Vectiv Pro 3 - zapatillas de trail unisex- MioMioRun.com","og_description":"Las Summit VECTIV\u2122 Pro 3 ofrecen un alto rendimiento gracias a su placa de carbono, su amortiguaci\u00f3n avanzada y su suela de gran tracci\u00f3n para ultramaratones.","og_url":"https:\/\/www.miomiorun.com\/es\/producto\/summit-vectiv-pro-3\/","og_site_name":"MioMioRun","article_publisher":"https:\/\/www.facebook.com\/miomiorun\/","article_modified_time":"2026-05-08T20:37:01+00:00","og_image":[{"width":720,"height":720,"url":"https:\/\/www.miomiorun.com\/app\/uploads\/2025\/09\/north-face-Summit-Vectiv-Pro-3-race-TNF-white-alpin-NF0A8DA1GIN1.webp","type":"image\/webp"}],"twitter_card":"summary_large_image","twitter_misc":{"Est. reading time":"3 minutes"},"schema":{"@context":"https:\/\/schema.org","@graph":[{"@type":"WebPage","@id":"https:\/\/www.miomiorun.com\/es\/producto\/summit-vectiv-pro-3\/","url":"https:\/\/www.miomiorun.com\/es\/producto\/summit-vectiv-pro-3\/","name":"The North Face Summit Vectiv Pro 3 - zapatillas de trail unisex- MioMioRun.com","isPartOf":{"@id":"https:\/\/www.miomiorun.com\/es\/#website"},"primaryImageOfPage":{"@id":"https:\/\/www.miomiorun.com\/es\/producto\/summit-vectiv-pro-3\/#primaryimage"},"image":{"@id":"https:\/\/www.miomiorun.com\/es\/producto\/summit-vectiv-pro-3\/#primaryimage"},"thumbnailUrl":"https:\/\/www.miomiorun.com\/app\/uploads\/2025\/09\/north-face-Summit-Vectiv-Pro-3-race-TNF-white-alpin-NF0A8DA1GIN1.webp","datePublished":"2025-03-17T17:07:22+00:00","dateModified":"2026-05-08T20:37:01+00:00","description":"Las Summit VECTIV\u2122 Pro 3 ofrecen un alto rendimiento gracias a su placa de carbono, su amortiguaci\u00f3n avanzada y su suela de gran tracci\u00f3n para ultramaratones.","breadcrumb":{"@id":"https:\/\/www.miomiorun.com\/es\/producto\/summit-vectiv-pro-3\/#breadcrumb"},"inLanguage":"es-ES","potentialAction":[{"@type":"ReadAction","target":["https:\/\/www.miomiorun.com\/es\/producto\/summit-vectiv-pro-3\/"]}]},{"@type":"ImageObject","inLanguage":"es-ES","@id":"https:\/\/www.miomiorun.com\/es\/producto\/summit-vectiv-pro-3\/#primaryimage","url":"https:\/\/www.miomiorun.com\/app\/uploads\/2025\/09\/north-face-Summit-Vectiv-Pro-3-race-TNF-white-alpin-NF0A8DA1GIN1.webp","contentUrl":"https:\/\/www.miomiorun.com\/app\/uploads\/2025\/09\/north-face-Summit-Vectiv-Pro-3-race-TNF-white-alpin-NF0A8DA1GIN1.webp","width":720,"height":720,"caption":"north face Summit Vectiv Pro 3 race TNF white alpin NF0A8DA1GIN1"},{"@type":"BreadcrumbList","@id":"https:\/\/www.miomiorun.com\/es\/producto\/summit-vectiv-pro-3\/#breadcrumb","itemListElement":[{"@type":"ListItem","position":1,"name":"Home","item":"https:\/\/www.miomiorun.com\/es\/"},{"@type":"ListItem","position":2,"name":"Shop","item":"https:\/\/www.miomiorun.com\/shop\/"},{"@type":"ListItem","position":3,"name":"Summit Vectiv Pro 3"}]},{"@type":"WebSite","@id":"https:\/\/www.miomiorun.com\/es\/#website","url":"https:\/\/www.miomiorun.com\/es\/","name":"MioMioRun","description":"Tienda 100% running y trail","publisher":{"@id":"https:\/\/www.miomiorun.com\/es\/#organization"},"potentialAction":[{"@type":"SearchAction","target":{"@type":"EntryPoint","urlTemplate":"https:\/\/www.miomiorun.com\/es\/?s={search_term_string}"},"query-input":{"@type":"PropertyValueSpecification","valueRequired":true,"valueName":"search_term_string"}}],"inLanguage":"es-ES"},{"@type":"Organization","@id":"https:\/\/www.miomiorun.com\/es\/#organization","name":"MioMio Run","url":"https:\/\/www.miomiorun.com\/es\/","logo":{"@type":"ImageObject","inLanguage":"es-ES","@id":"https:\/\/www.miomiorun.com\/es\/#\/schema\/logo\/image\/","url":"https:\/\/www.miomiorun.com\/app\/uploads\/2019\/12\/logomio.png","contentUrl":"https:\/\/www.miomiorun.com\/app\/uploads\/2019\/12\/logomio.png","width":115,"height":82,"caption":"MioMio Run"},"image":{"@id":"https:\/\/www.miomiorun.com\/es\/#\/schema\/logo\/image\/"},"sameAs":["https:\/\/www.facebook.com\/miomiorun\/","https:\/\/www.instagram.com\/miomiorun\/"]}]}},"_links":{"self":[{"href":"https:\/\/www.miomiorun.com\/es\/wp-json\/wp\/v2\/product\/300665","targetHints":{"allow":["GET"]}}],"collection":[{"href":"https:\/\/www.miomiorun.com\/es\/wp-json\/wp\/v2\/product"}],"about":[{"href":"https:\/\/www.miomiorun.com\/es\/wp-json\/wp\/v2\/types\/product"}],"wp:featuredmedia":[{"embeddable":true,"href":"https:\/\/www.miomiorun.com\/es\/wp-json\/wp\/v2\/media\/350422"}],"wp:attachment":[{"href":"https:\/\/www.miomiorun.com\/es\/wp-json\/wp\/v2\/media?parent=300665"}],"wp:term":[{"taxonomy":"product_brand","embeddable":true,"href":"https:\/\/www.miomiorun.com\/es\/wp-json\/wp\/v2\/product_brand?post=300665"},{"taxonomy":"product_cat","embeddable":true,"href":"https:\/\/www.miomiorun.com\/es\/wp-json\/wp\/v2\/product_cat?post=300665"},{"taxonomy":"product_tag","embeddable":true,"href":"https:\/\/www.miomiorun.com\/es\/wp-json\/wp\/v2\/product_tag?post=300665"}],"curies":[{"name":"wp","href":"https:\/\/api.w.org\/{rel}","templated":true}]}}