{"id":300371,"date":"2025-03-20T10:49:14","date_gmt":"2025-03-20T09:49:14","guid":{"rendered":"https:\/\/miomiorun.com\/?post_type=product&#038;p=300371"},"modified":"2026-03-05T18:33:28","modified_gmt":"2026-03-05T17:33:28","slug":"adv-essence-2-in-1-shorts-2-hombre","status":"publish","type":"product","link":"https:\/\/www.miomiorun.com\/es\/producto\/adv-essence-2-in-1-shorts-2-hombre\/","title":{"rendered":"ADV Essence 2-in-1 shorts 2 hermano"},"content":{"rendered":"<p>Los <strong>ADV Essence 2-in-1 Shorts 2<\/strong> son unos pantalones cortos de entrenamiento avanzados que combinan <strong>comodidad, sujeci\u00f3n y practicidad<\/strong> para los entrenamientos m\u00e1s intensos. Confeccionados con un tejido el\u00e1stico de <strong>poli\u00e9ster reciclado y elastano<\/strong>, cuentan con una <strong>malla interior<\/strong> que garantiza una sujeci\u00f3n \u00f3ptima en cada movimiento, mientras que la <strong>cintura el\u00e1stica ancha con cord\u00f3n ajustable<\/strong> asegura un ajuste seguro y c\u00f3modo.<\/p>\n<p>Con <strong>dos bolsillos laterales<\/strong> y un <strong>bolsillo para el tel\u00e9fono<\/strong> en la malla interior, estos pantalones cortos son perfectos para llevar contigo todo lo que necesitas durante el entrenamiento. Adem\u00e1s, los estampados reflectantes mejoran la visibilidad durante las sesiones en condiciones de poca luz, mientras que la entrepierna de aproximadamente 18 cm en la talla M garantiza la libertad de movimiento.<\/p>\n<p>Perfectos para actividades f\u00edsicas de alta intensidad, los <strong>ADV Essence 2-in-1 Shorts 2<\/strong> te ofrecen todo el soporte y la funcionalidad que necesitas, manteniendo un look deportivo y pr\u00e1ctico.<\/p>\n<p>&nbsp;<\/p>\n","protected":false},"excerpt":{"rendered":"<p>Los ADV Essence 2-in-1 Shorts 2 son unos pantalones cortos de entrenamiento avanzados que combinan comodidad, sujeci\u00f3n y practicidad para los entrenamientos m\u00e1s intensos. Confeccionados con un tejido el\u00e1stico de poli\u00e9ster reciclado y elastano, cuentan con una malla interior que garantiza una sujeci\u00f3n \u00f3ptima en cada movimiento, mientras que la cintura el\u00e1stica ancha con cord\u00f3n &hellip; <a href=\"https:\/\/www.miomiorun.com\/es\/producto\/adv-essence-2-in-1-shorts-2-hombre\/\">Continued<\/a><\/p>\n","protected":false},"featured_media":301764,"template":"","meta":{"_acf_changed":false,"inline_featured_image":false},"product_brand":[],"product_cat":[24457,24463],"product_tag":[23553,23663],"class_list":{"0":"post-300371","1":"product","2":"type-product","3":"status-publish","4":"has-post-thumbnail","6":"product_cat-pantalones-cortos-es-2","7":"product_cat-ropa-de-hombre-es","8":"product_tag-craft-es","9":"product_tag-craft-hombre","10":"pa_attivita-caminar","11":"pa_attivita-running-es","12":"pa_colore-adv-essence-2in1-shorts-2-m-black-es","13":"pa_colore-adv-essence-2in1-shorts-2-m-blaze-black-es","14":"pa_marca-craft-es","15":"pa_sesso-hombre","16":"pa_size-small-es","17":"pa_size-medium-es","19":"first","20":"instock","21":"sale","22":"taxable","23":"shipping-taxable","24":"purchasable","25":"product-type-variable","26":"wvs-archive-product-wrapper"},"acf":[],"yoast_head":"<!-- This site is optimized with the Yoast SEO plugin v26.8 - https:\/\/yoast.com\/product\/yoast-seo-wordpress\/ -->\n<title>Craft ADV Essence 2-in-1 shorts 2 hermano - Pantalones cortos para hombre - MioMioRun<\/title>\n<meta name=\"description\" content=\"Los pantalones cortos ADV Essence 2-in-1 Shorts 2 son pantalones cortos de entrenamiento con mallas interiores, bolsillos laterales, funda para el tel\u00e9fono y ajuste regulable.\" \/>\n<meta name=\"robots\" content=\"index, follow, max-snippet:-1, max-image-preview:large, max-video-preview:-1\" \/>\n<link rel=\"canonical\" href=\"https:\/\/www.miomiorun.com\/es\/producto\/adv-essence-2-in-1-shorts-2-hombre\/\" \/>\n<meta property=\"og:locale\" content=\"es_ES\" \/>\n<meta property=\"og:type\" content=\"article\" \/>\n<meta property=\"og:title\" content=\"Craft ADV Essence 2-in-1 shorts 2 hermano - Pantalones cortos para hombre - MioMioRun\" \/>\n<meta property=\"og:description\" content=\"Los pantalones cortos ADV Essence 2-in-1 Shorts 2 son pantalones cortos de entrenamiento con mallas interiores, bolsillos laterales, funda para el tel\u00e9fono y ajuste regulable.\" \/>\n<meta property=\"og:url\" content=\"https:\/\/www.miomiorun.com\/es\/producto\/adv-essence-2-in-1-shorts-2-hombre\/\" \/>\n<meta property=\"og:site_name\" content=\"MioMioRun\" \/>\n<meta property=\"article:publisher\" content=\"https:\/\/www.facebook.com\/miomiorun\/\" \/>\n<meta property=\"article:modified_time\" content=\"2026-03-05T17:33:28+00:00\" \/>\n<meta property=\"og:image\" content=\"https:\/\/www.miomiorun.com\/app\/uploads\/2025\/04\/craft-ADV-essence-2in1-shorts-2-M-black-1915950-999000.webp\" \/>\n\t<meta property=\"og:image:width\" content=\"600\" \/>\n\t<meta property=\"og:image:height\" content=\"600\" \/>\n\t<meta property=\"og:image:type\" content=\"image\/webp\" \/>\n<meta name=\"twitter:card\" content=\"summary_large_image\" \/>\n<meta name=\"twitter:label1\" content=\"Est. reading time\" \/>\n\t<meta name=\"twitter:data1\" content=\"1 minute\" \/>\n<script type=\"application\/ld+json\" class=\"yoast-schema-graph\">{\"@context\":\"https:\/\/schema.org\",\"@graph\":[{\"@type\":\"WebPage\",\"@id\":\"https:\/\/www.miomiorun.com\/es\/producto\/adv-essence-2-in-1-shorts-2-hombre\/\",\"url\":\"https:\/\/www.miomiorun.com\/es\/producto\/adv-essence-2-in-1-shorts-2-hombre\/\",\"name\":\"Craft ADV Essence 2-in-1 shorts 2 hermano - Pantalones cortos para hombre - MioMioRun\",\"isPartOf\":{\"@id\":\"https:\/\/www.miomiorun.com\/es\/#website\"},\"primaryImageOfPage\":{\"@id\":\"https:\/\/www.miomiorun.com\/es\/producto\/adv-essence-2-in-1-shorts-2-hombre\/#primaryimage\"},\"image\":{\"@id\":\"https:\/\/www.miomiorun.com\/es\/producto\/adv-essence-2-in-1-shorts-2-hombre\/#primaryimage\"},\"thumbnailUrl\":\"https:\/\/www.miomiorun.com\/app\/uploads\/2025\/04\/craft-ADV-essence-2in1-shorts-2-M-black-1915950-999000.webp\",\"datePublished\":\"2025-03-20T09:49:14+00:00\",\"dateModified\":\"2026-03-05T17:33:28+00:00\",\"description\":\"Los pantalones cortos ADV Essence 2-in-1 Shorts 2 son pantalones cortos de entrenamiento con mallas interiores, bolsillos laterales, funda para el tel\u00e9fono y ajuste regulable.\",\"breadcrumb\":{\"@id\":\"https:\/\/www.miomiorun.com\/es\/producto\/adv-essence-2-in-1-shorts-2-hombre\/#breadcrumb\"},\"inLanguage\":\"es-ES\",\"potentialAction\":[{\"@type\":\"ReadAction\",\"target\":[\"https:\/\/www.miomiorun.com\/es\/producto\/adv-essence-2-in-1-shorts-2-hombre\/\"]}]},{\"@type\":\"ImageObject\",\"inLanguage\":\"es-ES\",\"@id\":\"https:\/\/www.miomiorun.com\/es\/producto\/adv-essence-2-in-1-shorts-2-hombre\/#primaryimage\",\"url\":\"https:\/\/www.miomiorun.com\/app\/uploads\/2025\/04\/craft-ADV-essence-2in1-shorts-2-M-black-1915950-999000.webp\",\"contentUrl\":\"https:\/\/www.miomiorun.com\/app\/uploads\/2025\/04\/craft-ADV-essence-2in1-shorts-2-M-black-1915950-999000.webp\",\"width\":600,\"height\":600,\"caption\":\"craft ADV essence 2in1 shorts 2 M black 1915950-999000\"},{\"@type\":\"BreadcrumbList\",\"@id\":\"https:\/\/www.miomiorun.com\/es\/producto\/adv-essence-2-in-1-shorts-2-hombre\/#breadcrumb\",\"itemListElement\":[{\"@type\":\"ListItem\",\"position\":1,\"name\":\"Home\",\"item\":\"https:\/\/www.miomiorun.com\/es\/\"},{\"@type\":\"ListItem\",\"position\":2,\"name\":\"Shop\",\"item\":\"https:\/\/www.miomiorun.com\/shop\/\"},{\"@type\":\"ListItem\",\"position\":3,\"name\":\"ADV Essence 2-in-1 shorts 2 hermano\"}]},{\"@type\":\"WebSite\",\"@id\":\"https:\/\/www.miomiorun.com\/es\/#website\",\"url\":\"https:\/\/www.miomiorun.com\/es\/\",\"name\":\"MioMioRun\",\"description\":\"Tienda 100% running y trail\",\"publisher\":{\"@id\":\"https:\/\/www.miomiorun.com\/es\/#organization\"},\"potentialAction\":[{\"@type\":\"SearchAction\",\"target\":{\"@type\":\"EntryPoint\",\"urlTemplate\":\"https:\/\/www.miomiorun.com\/es\/?s={search_term_string}\"},\"query-input\":{\"@type\":\"PropertyValueSpecification\",\"valueRequired\":true,\"valueName\":\"search_term_string\"}}],\"inLanguage\":\"es-ES\"},{\"@type\":\"Organization\",\"@id\":\"https:\/\/www.miomiorun.com\/es\/#organization\",\"name\":\"MioMio Run\",\"url\":\"https:\/\/www.miomiorun.com\/es\/\",\"logo\":{\"@type\":\"ImageObject\",\"inLanguage\":\"es-ES\",\"@id\":\"https:\/\/www.miomiorun.com\/es\/#\/schema\/logo\/image\/\",\"url\":\"https:\/\/www.miomiorun.com\/app\/uploads\/2019\/12\/logomio.png\",\"contentUrl\":\"https:\/\/www.miomiorun.com\/app\/uploads\/2019\/12\/logomio.png\",\"width\":115,\"height\":82,\"caption\":\"MioMio Run\"},\"image\":{\"@id\":\"https:\/\/www.miomiorun.com\/es\/#\/schema\/logo\/image\/\"},\"sameAs\":[\"https:\/\/www.facebook.com\/miomiorun\/\",\"https:\/\/www.instagram.com\/miomiorun\/\"]}]}<\/script>\n<!-- \/ Yoast SEO plugin. -->","yoast_head_json":{"title":"Craft ADV Essence 2-in-1 shorts 2 hermano - Pantalones cortos para hombre - MioMioRun","description":"Los pantalones cortos ADV Essence 2-in-1 Shorts 2 son pantalones cortos de entrenamiento con mallas interiores, bolsillos laterales, funda para el tel\u00e9fono y ajuste regulable.","robots":{"index":"index","follow":"follow","max-snippet":"max-snippet:-1","max-image-preview":"max-image-preview:large","max-video-preview":"max-video-preview:-1"},"canonical":"https:\/\/www.miomiorun.com\/es\/producto\/adv-essence-2-in-1-shorts-2-hombre\/","og_locale":"es_ES","og_type":"article","og_title":"Craft ADV Essence 2-in-1 shorts 2 hermano - Pantalones cortos para hombre - MioMioRun","og_description":"Los pantalones cortos ADV Essence 2-in-1 Shorts 2 son pantalones cortos de entrenamiento con mallas interiores, bolsillos laterales, funda para el tel\u00e9fono y ajuste regulable.","og_url":"https:\/\/www.miomiorun.com\/es\/producto\/adv-essence-2-in-1-shorts-2-hombre\/","og_site_name":"MioMioRun","article_publisher":"https:\/\/www.facebook.com\/miomiorun\/","article_modified_time":"2026-03-05T17:33:28+00:00","og_image":[{"width":600,"height":600,"url":"https:\/\/www.miomiorun.com\/app\/uploads\/2025\/04\/craft-ADV-essence-2in1-shorts-2-M-black-1915950-999000.webp","type":"image\/webp"}],"twitter_card":"summary_large_image","twitter_misc":{"Est. reading time":"1 minute"},"schema":{"@context":"https:\/\/schema.org","@graph":[{"@type":"WebPage","@id":"https:\/\/www.miomiorun.com\/es\/producto\/adv-essence-2-in-1-shorts-2-hombre\/","url":"https:\/\/www.miomiorun.com\/es\/producto\/adv-essence-2-in-1-shorts-2-hombre\/","name":"Craft ADV Essence 2-in-1 shorts 2 hermano - Pantalones cortos para hombre - MioMioRun","isPartOf":{"@id":"https:\/\/www.miomiorun.com\/es\/#website"},"primaryImageOfPage":{"@id":"https:\/\/www.miomiorun.com\/es\/producto\/adv-essence-2-in-1-shorts-2-hombre\/#primaryimage"},"image":{"@id":"https:\/\/www.miomiorun.com\/es\/producto\/adv-essence-2-in-1-shorts-2-hombre\/#primaryimage"},"thumbnailUrl":"https:\/\/www.miomiorun.com\/app\/uploads\/2025\/04\/craft-ADV-essence-2in1-shorts-2-M-black-1915950-999000.webp","datePublished":"2025-03-20T09:49:14+00:00","dateModified":"2026-03-05T17:33:28+00:00","description":"Los pantalones cortos ADV Essence 2-in-1 Shorts 2 son pantalones cortos de entrenamiento con mallas interiores, bolsillos laterales, funda para el tel\u00e9fono y ajuste regulable.","breadcrumb":{"@id":"https:\/\/www.miomiorun.com\/es\/producto\/adv-essence-2-in-1-shorts-2-hombre\/#breadcrumb"},"inLanguage":"es-ES","potentialAction":[{"@type":"ReadAction","target":["https:\/\/www.miomiorun.com\/es\/producto\/adv-essence-2-in-1-shorts-2-hombre\/"]}]},{"@type":"ImageObject","inLanguage":"es-ES","@id":"https:\/\/www.miomiorun.com\/es\/producto\/adv-essence-2-in-1-shorts-2-hombre\/#primaryimage","url":"https:\/\/www.miomiorun.com\/app\/uploads\/2025\/04\/craft-ADV-essence-2in1-shorts-2-M-black-1915950-999000.webp","contentUrl":"https:\/\/www.miomiorun.com\/app\/uploads\/2025\/04\/craft-ADV-essence-2in1-shorts-2-M-black-1915950-999000.webp","width":600,"height":600,"caption":"craft ADV essence 2in1 shorts 2 M black 1915950-999000"},{"@type":"BreadcrumbList","@id":"https:\/\/www.miomiorun.com\/es\/producto\/adv-essence-2-in-1-shorts-2-hombre\/#breadcrumb","itemListElement":[{"@type":"ListItem","position":1,"name":"Home","item":"https:\/\/www.miomiorun.com\/es\/"},{"@type":"ListItem","position":2,"name":"Shop","item":"https:\/\/www.miomiorun.com\/shop\/"},{"@type":"ListItem","position":3,"name":"ADV Essence 2-in-1 shorts 2 hermano"}]},{"@type":"WebSite","@id":"https:\/\/www.miomiorun.com\/es\/#website","url":"https:\/\/www.miomiorun.com\/es\/","name":"MioMioRun","description":"Tienda 100% running y trail","publisher":{"@id":"https:\/\/www.miomiorun.com\/es\/#organization"},"potentialAction":[{"@type":"SearchAction","target":{"@type":"EntryPoint","urlTemplate":"https:\/\/www.miomiorun.com\/es\/?s={search_term_string}"},"query-input":{"@type":"PropertyValueSpecification","valueRequired":true,"valueName":"search_term_string"}}],"inLanguage":"es-ES"},{"@type":"Organization","@id":"https:\/\/www.miomiorun.com\/es\/#organization","name":"MioMio Run","url":"https:\/\/www.miomiorun.com\/es\/","logo":{"@type":"ImageObject","inLanguage":"es-ES","@id":"https:\/\/www.miomiorun.com\/es\/#\/schema\/logo\/image\/","url":"https:\/\/www.miomiorun.com\/app\/uploads\/2019\/12\/logomio.png","contentUrl":"https:\/\/www.miomiorun.com\/app\/uploads\/2019\/12\/logomio.png","width":115,"height":82,"caption":"MioMio Run"},"image":{"@id":"https:\/\/www.miomiorun.com\/es\/#\/schema\/logo\/image\/"},"sameAs":["https:\/\/www.facebook.com\/miomiorun\/","https:\/\/www.instagram.com\/miomiorun\/"]}]}},"_links":{"self":[{"href":"https:\/\/www.miomiorun.com\/es\/wp-json\/wp\/v2\/product\/300371","targetHints":{"allow":["GET"]}}],"collection":[{"href":"https:\/\/www.miomiorun.com\/es\/wp-json\/wp\/v2\/product"}],"about":[{"href":"https:\/\/www.miomiorun.com\/es\/wp-json\/wp\/v2\/types\/product"}],"wp:featuredmedia":[{"embeddable":true,"href":"https:\/\/www.miomiorun.com\/es\/wp-json\/wp\/v2\/media\/301764"}],"wp:attachment":[{"href":"https:\/\/www.miomiorun.com\/es\/wp-json\/wp\/v2\/media?parent=300371"}],"wp:term":[{"taxonomy":"product_brand","embeddable":true,"href":"https:\/\/www.miomiorun.com\/es\/wp-json\/wp\/v2\/product_brand?post=300371"},{"taxonomy":"product_cat","embeddable":true,"href":"https:\/\/www.miomiorun.com\/es\/wp-json\/wp\/v2\/product_cat?post=300371"},{"taxonomy":"product_tag","embeddable":true,"href":"https:\/\/www.miomiorun.com\/es\/wp-json\/wp\/v2\/product_tag?post=300371"}],"curies":[{"name":"wp","href":"https:\/\/api.w.org\/{rel}","templated":true}]}}