{"id":300250,"date":"2025-03-20T12:31:42","date_gmt":"2025-03-20T11:31:42","guid":{"rendered":"https:\/\/miomiorun.com\/prodotto\/ultra-trail-vest-10l-uomo\/"},"modified":"2026-02-25T11:59:04","modified_gmt":"2026-02-25T10:59:04","slug":"ultra-trail-vest-10l-hombre","status":"publish","type":"product","link":"https:\/\/www.miomiorun.com\/es\/producto\/ultra-trail-vest-10l-hombre\/","title":{"rendered":"Ultra Trail Vest 10L hombre"},"content":{"rendered":"<p>La comodidad y la precisi\u00f3n son fundamentales para que puedas mantener la concentraci\u00f3n en el camino y tu ritmo, independientemente de la distancia. Dise\u00f1ado y probado con nuestros atletas espec\u00edficamente para carreras de trail running de larga y ultralarga distancia. Minimalista pero funcional, este chaleco te permitir\u00e1 llevar todo lo necesario en tu pr\u00f3xima aventura.<\/p>\n<p>Peso: 176 g.<\/p>\n<p>Ajuste: ce\u00f1ido.<\/p>\n<p>Tejido principal: 80 % poliamida, 20 % elastano.<\/p>\n<p>Otro tejido: 84 % poliamida reciclada, 16 % elastano.<\/p>\n<p>Forro: 80 % poliamida reciclada, 20 % elastano.<\/p>\n<p>Uso \u00f3ptimo: CARRERAS DE MONTA\u00d1A.<\/p>\n<div class=\"product-description col col-12 col-md-6\"><\/div>\n<div class=\"col col-12 col-md-6 block-detailed\">\n<div class=\"item-block collapsible-info active\" data-collapsible=\"true\">\n<div class=\"data item content\" aria-labelledby=\"tab-label-techinfo\" data-role=\"content\" aria-hidden=\"false\">\n<div class=\"techinfo-container\">\n<div class=\"techinfo-icons\">\n<div class=\"techinfo-icon\"><a class=\"d-flex flex-column align-items-center text-center\"> <img loading=\"lazy\" decoding=\"async\" class=\" lazyloaded\" src=\"https:\/\/www.lasportiva.com\/media\/techinfo_icons\/traspirabilita.png\" alt=\"La Sportiva\" width=\"75\" height=\"75\" data-src=\"https:\/\/www.lasportiva.com\/media\/techinfo_icons\/traspirabilita.png\"> Transpirabilidad <\/a><\/div>\n<div class=\"techinfo-icon\"><a class=\"d-flex flex-column align-items-center text-center\"> <img loading=\"lazy\" decoding=\"async\" class=\" lazyloaded\" src=\"https:\/\/www.lasportiva.com\/media\/techinfo_icons\/leggerezza.png\" alt=\"La Sportiva\" width=\"75\" height=\"75\" data-src=\"https:\/\/www.lasportiva.com\/media\/techinfo_icons\/leggerezza.png\"> Ligero <\/a><\/div>\n<div class=\"techinfo-icon\"><a class=\"d-flex flex-column align-items-center text-center\"> <img loading=\"lazy\" decoding=\"async\" class=\" lazyloaded\" src=\"https:\/\/www.lasportiva.com\/media\/techinfo_icons\/elasticita.png\" alt=\"La Sportiva\" width=\"75\" height=\"75\" data-src=\"https:\/\/www.lasportiva.com\/media\/techinfo_icons\/elasticita.png\"> El\u00e1stico <\/a><\/div>\n<\/div>\n<\/div>\n<\/div>\n<\/div>\n<\/div>\n","protected":false},"excerpt":{"rendered":"<p>La comodidad y la precisi\u00f3n son fundamentales para que puedas mantener la concentraci\u00f3n en el camino y tu ritmo, independientemente de la distancia. Dise\u00f1ado y probado con nuestros atletas espec\u00edficamente para carreras de trail running de larga y ultralarga distancia. Minimalista pero funcional, este chaleco te permitir\u00e1 llevar todo lo necesario en tu pr\u00f3xima aventura. &hellip; <a href=\"https:\/\/www.miomiorun.com\/es\/producto\/ultra-trail-vest-10l-hombre\/\">Continued<\/a><\/p>\n","protected":false},"featured_media":271856,"template":"","meta":{"_acf_changed":false,"inline_featured_image":false},"product_brand":[],"product_cat":[24205,24408,24426],"product_tag":[23598,23600,23640],"class_list":{"0":"post-300250","1":"product","2":"type-product","3":"status-publish","4":"has-post-thumbnail","6":"product_cat-accesorios","7":"product_cat-mochilas-es","8":"product_cat-mochilas-y-cinturones-es","9":"product_tag-la-sportiva-es","10":"product_tag-la-sportiva-hombre","11":"product_tag-la-sportiva-mujer","12":"pa_attivita-caminar","13":"pa_attivita-outdoor-es","14":"pa_attivita-trail-es","15":"pa_colore-ultra-trail-vest-10l-white-cherry-tomato-es","16":"pa_colore-ultra-trail-vest-10l-yellow-black-es","17":"pa_marca-la-sportiva-es","18":"pa_sesso-hombre","19":"pa_sesso-mujer","20":"pa_size-small-es","21":"pa_size-medium-es","22":"pa_size-large-es","24":"first","25":"instock","26":"sale","27":"taxable","28":"shipping-taxable","29":"purchasable","30":"product-type-variable","31":"wvs-archive-product-wrapper"},"acf":[],"yoast_head":"<!-- This site is optimized with the Yoast SEO plugin v26.8 - https:\/\/yoast.com\/product\/yoast-seo-wordpress\/ -->\n<title>Raidlight Ultra Trail Vest 10L hombre - Mochila de trail MioMioRun<\/title>\n<meta name=\"description\" content=\"La comodidad y la precisi\u00f3n son fundamentales para que puedas mantener la concentraci\u00f3n en el camino. Minimalista pero funcional, este chaleco ser\u00e1 perfecto para ti.\" \/>\n<meta name=\"robots\" content=\"index, follow, max-snippet:-1, max-image-preview:large, max-video-preview:-1\" \/>\n<link rel=\"canonical\" href=\"https:\/\/www.miomiorun.com\/es\/producto\/ultra-trail-vest-10l-hombre\/\" \/>\n<meta property=\"og:locale\" content=\"es_ES\" \/>\n<meta property=\"og:type\" content=\"article\" \/>\n<meta property=\"og:title\" content=\"Raidlight Ultra Trail Vest 10L hombre - Mochila de trail MioMioRun\" \/>\n<meta property=\"og:description\" content=\"La comodidad y la precisi\u00f3n son fundamentales para que puedas mantener la concentraci\u00f3n en el camino. Minimalista pero funcional, este chaleco ser\u00e1 perfecto para ti.\" \/>\n<meta property=\"og:url\" content=\"https:\/\/www.miomiorun.com\/es\/producto\/ultra-trail-vest-10l-hombre\/\" \/>\n<meta property=\"og:site_name\" content=\"MioMioRun\" \/>\n<meta property=\"article:publisher\" content=\"https:\/\/www.facebook.com\/miomiorun\/\" \/>\n<meta property=\"article:modified_time\" content=\"2026-02-25T10:59:04+00:00\" \/>\n<meta property=\"og:image\" content=\"https:\/\/www.miomiorun.com\/app\/uploads\/2025\/04\/la-sportiva-Ultra-Trail-Vest-10L-yellow-black-79N100999.webp\" \/>\n\t<meta property=\"og:image:width\" content=\"600\" \/>\n\t<meta property=\"og:image:height\" content=\"600\" \/>\n\t<meta property=\"og:image:type\" content=\"image\/webp\" \/>\n<meta name=\"twitter:card\" content=\"summary_large_image\" \/>\n<script type=\"application\/ld+json\" class=\"yoast-schema-graph\">{\"@context\":\"https:\/\/schema.org\",\"@graph\":[{\"@type\":\"WebPage\",\"@id\":\"https:\/\/www.miomiorun.com\/es\/producto\/ultra-trail-vest-10l-hombre\/\",\"url\":\"https:\/\/www.miomiorun.com\/es\/producto\/ultra-trail-vest-10l-hombre\/\",\"name\":\"Raidlight Ultra Trail Vest 10L hombre - Mochila de trail MioMioRun\",\"isPartOf\":{\"@id\":\"https:\/\/www.miomiorun.com\/es\/#website\"},\"primaryImageOfPage\":{\"@id\":\"https:\/\/www.miomiorun.com\/es\/producto\/ultra-trail-vest-10l-hombre\/#primaryimage\"},\"image\":{\"@id\":\"https:\/\/www.miomiorun.com\/es\/producto\/ultra-trail-vest-10l-hombre\/#primaryimage\"},\"thumbnailUrl\":\"https:\/\/www.miomiorun.com\/app\/uploads\/2025\/04\/la-sportiva-Ultra-Trail-Vest-10L-yellow-black-79N100999.webp\",\"datePublished\":\"2025-03-20T11:31:42+00:00\",\"dateModified\":\"2026-02-25T10:59:04+00:00\",\"description\":\"La comodidad y la precisi\u00f3n son fundamentales para que puedas mantener la concentraci\u00f3n en el camino. Minimalista pero funcional, este chaleco ser\u00e1 perfecto para ti.\",\"breadcrumb\":{\"@id\":\"https:\/\/www.miomiorun.com\/es\/producto\/ultra-trail-vest-10l-hombre\/#breadcrumb\"},\"inLanguage\":\"es-ES\",\"potentialAction\":[{\"@type\":\"ReadAction\",\"target\":[\"https:\/\/www.miomiorun.com\/es\/producto\/ultra-trail-vest-10l-hombre\/\"]}]},{\"@type\":\"ImageObject\",\"inLanguage\":\"es-ES\",\"@id\":\"https:\/\/www.miomiorun.com\/es\/producto\/ultra-trail-vest-10l-hombre\/#primaryimage\",\"url\":\"https:\/\/www.miomiorun.com\/app\/uploads\/2025\/04\/la-sportiva-Ultra-Trail-Vest-10L-yellow-black-79N100999.webp\",\"contentUrl\":\"https:\/\/www.miomiorun.com\/app\/uploads\/2025\/04\/la-sportiva-Ultra-Trail-Vest-10L-yellow-black-79N100999.webp\",\"width\":600,\"height\":600,\"caption\":\"la sportiva Ultra Trail Vest 10L yellow black 79N100999\"},{\"@type\":\"BreadcrumbList\",\"@id\":\"https:\/\/www.miomiorun.com\/es\/producto\/ultra-trail-vest-10l-hombre\/#breadcrumb\",\"itemListElement\":[{\"@type\":\"ListItem\",\"position\":1,\"name\":\"Home\",\"item\":\"https:\/\/www.miomiorun.com\/es\/\"},{\"@type\":\"ListItem\",\"position\":2,\"name\":\"Shop\",\"item\":\"https:\/\/www.miomiorun.com\/shop\/\"},{\"@type\":\"ListItem\",\"position\":3,\"name\":\"Ultra Trail Vest 10L hombre\"}]},{\"@type\":\"WebSite\",\"@id\":\"https:\/\/www.miomiorun.com\/es\/#website\",\"url\":\"https:\/\/www.miomiorun.com\/es\/\",\"name\":\"MioMioRun\",\"description\":\"Tienda 100% running y trail\",\"publisher\":{\"@id\":\"https:\/\/www.miomiorun.com\/es\/#organization\"},\"potentialAction\":[{\"@type\":\"SearchAction\",\"target\":{\"@type\":\"EntryPoint\",\"urlTemplate\":\"https:\/\/www.miomiorun.com\/es\/?s={search_term_string}\"},\"query-input\":{\"@type\":\"PropertyValueSpecification\",\"valueRequired\":true,\"valueName\":\"search_term_string\"}}],\"inLanguage\":\"es-ES\"},{\"@type\":\"Organization\",\"@id\":\"https:\/\/www.miomiorun.com\/es\/#organization\",\"name\":\"MioMio Run\",\"url\":\"https:\/\/www.miomiorun.com\/es\/\",\"logo\":{\"@type\":\"ImageObject\",\"inLanguage\":\"es-ES\",\"@id\":\"https:\/\/www.miomiorun.com\/es\/#\/schema\/logo\/image\/\",\"url\":\"https:\/\/www.miomiorun.com\/app\/uploads\/2019\/12\/logomio.png\",\"contentUrl\":\"https:\/\/www.miomiorun.com\/app\/uploads\/2019\/12\/logomio.png\",\"width\":115,\"height\":82,\"caption\":\"MioMio Run\"},\"image\":{\"@id\":\"https:\/\/www.miomiorun.com\/es\/#\/schema\/logo\/image\/\"},\"sameAs\":[\"https:\/\/www.facebook.com\/miomiorun\/\",\"https:\/\/www.instagram.com\/miomiorun\/\"]}]}<\/script>\n<!-- \/ Yoast SEO plugin. -->","yoast_head_json":{"title":"Raidlight Ultra Trail Vest 10L hombre - Mochila de trail MioMioRun","description":"La comodidad y la precisi\u00f3n son fundamentales para que puedas mantener la concentraci\u00f3n en el camino. Minimalista pero funcional, este chaleco ser\u00e1 perfecto para ti.","robots":{"index":"index","follow":"follow","max-snippet":"max-snippet:-1","max-image-preview":"max-image-preview:large","max-video-preview":"max-video-preview:-1"},"canonical":"https:\/\/www.miomiorun.com\/es\/producto\/ultra-trail-vest-10l-hombre\/","og_locale":"es_ES","og_type":"article","og_title":"Raidlight Ultra Trail Vest 10L hombre - Mochila de trail MioMioRun","og_description":"La comodidad y la precisi\u00f3n son fundamentales para que puedas mantener la concentraci\u00f3n en el camino. Minimalista pero funcional, este chaleco ser\u00e1 perfecto para ti.","og_url":"https:\/\/www.miomiorun.com\/es\/producto\/ultra-trail-vest-10l-hombre\/","og_site_name":"MioMioRun","article_publisher":"https:\/\/www.facebook.com\/miomiorun\/","article_modified_time":"2026-02-25T10:59:04+00:00","og_image":[{"width":600,"height":600,"url":"https:\/\/www.miomiorun.com\/app\/uploads\/2025\/04\/la-sportiva-Ultra-Trail-Vest-10L-yellow-black-79N100999.webp","type":"image\/webp"}],"twitter_card":"summary_large_image","schema":{"@context":"https:\/\/schema.org","@graph":[{"@type":"WebPage","@id":"https:\/\/www.miomiorun.com\/es\/producto\/ultra-trail-vest-10l-hombre\/","url":"https:\/\/www.miomiorun.com\/es\/producto\/ultra-trail-vest-10l-hombre\/","name":"Raidlight Ultra Trail Vest 10L hombre - Mochila de trail MioMioRun","isPartOf":{"@id":"https:\/\/www.miomiorun.com\/es\/#website"},"primaryImageOfPage":{"@id":"https:\/\/www.miomiorun.com\/es\/producto\/ultra-trail-vest-10l-hombre\/#primaryimage"},"image":{"@id":"https:\/\/www.miomiorun.com\/es\/producto\/ultra-trail-vest-10l-hombre\/#primaryimage"},"thumbnailUrl":"https:\/\/www.miomiorun.com\/app\/uploads\/2025\/04\/la-sportiva-Ultra-Trail-Vest-10L-yellow-black-79N100999.webp","datePublished":"2025-03-20T11:31:42+00:00","dateModified":"2026-02-25T10:59:04+00:00","description":"La comodidad y la precisi\u00f3n son fundamentales para que puedas mantener la concentraci\u00f3n en el camino. Minimalista pero funcional, este chaleco ser\u00e1 perfecto para ti.","breadcrumb":{"@id":"https:\/\/www.miomiorun.com\/es\/producto\/ultra-trail-vest-10l-hombre\/#breadcrumb"},"inLanguage":"es-ES","potentialAction":[{"@type":"ReadAction","target":["https:\/\/www.miomiorun.com\/es\/producto\/ultra-trail-vest-10l-hombre\/"]}]},{"@type":"ImageObject","inLanguage":"es-ES","@id":"https:\/\/www.miomiorun.com\/es\/producto\/ultra-trail-vest-10l-hombre\/#primaryimage","url":"https:\/\/www.miomiorun.com\/app\/uploads\/2025\/04\/la-sportiva-Ultra-Trail-Vest-10L-yellow-black-79N100999.webp","contentUrl":"https:\/\/www.miomiorun.com\/app\/uploads\/2025\/04\/la-sportiva-Ultra-Trail-Vest-10L-yellow-black-79N100999.webp","width":600,"height":600,"caption":"la sportiva Ultra Trail Vest 10L yellow black 79N100999"},{"@type":"BreadcrumbList","@id":"https:\/\/www.miomiorun.com\/es\/producto\/ultra-trail-vest-10l-hombre\/#breadcrumb","itemListElement":[{"@type":"ListItem","position":1,"name":"Home","item":"https:\/\/www.miomiorun.com\/es\/"},{"@type":"ListItem","position":2,"name":"Shop","item":"https:\/\/www.miomiorun.com\/shop\/"},{"@type":"ListItem","position":3,"name":"Ultra Trail Vest 10L hombre"}]},{"@type":"WebSite","@id":"https:\/\/www.miomiorun.com\/es\/#website","url":"https:\/\/www.miomiorun.com\/es\/","name":"MioMioRun","description":"Tienda 100% running y trail","publisher":{"@id":"https:\/\/www.miomiorun.com\/es\/#organization"},"potentialAction":[{"@type":"SearchAction","target":{"@type":"EntryPoint","urlTemplate":"https:\/\/www.miomiorun.com\/es\/?s={search_term_string}"},"query-input":{"@type":"PropertyValueSpecification","valueRequired":true,"valueName":"search_term_string"}}],"inLanguage":"es-ES"},{"@type":"Organization","@id":"https:\/\/www.miomiorun.com\/es\/#organization","name":"MioMio Run","url":"https:\/\/www.miomiorun.com\/es\/","logo":{"@type":"ImageObject","inLanguage":"es-ES","@id":"https:\/\/www.miomiorun.com\/es\/#\/schema\/logo\/image\/","url":"https:\/\/www.miomiorun.com\/app\/uploads\/2019\/12\/logomio.png","contentUrl":"https:\/\/www.miomiorun.com\/app\/uploads\/2019\/12\/logomio.png","width":115,"height":82,"caption":"MioMio Run"},"image":{"@id":"https:\/\/www.miomiorun.com\/es\/#\/schema\/logo\/image\/"},"sameAs":["https:\/\/www.facebook.com\/miomiorun\/","https:\/\/www.instagram.com\/miomiorun\/"]}]}},"_links":{"self":[{"href":"https:\/\/www.miomiorun.com\/es\/wp-json\/wp\/v2\/product\/300250","targetHints":{"allow":["GET"]}}],"collection":[{"href":"https:\/\/www.miomiorun.com\/es\/wp-json\/wp\/v2\/product"}],"about":[{"href":"https:\/\/www.miomiorun.com\/es\/wp-json\/wp\/v2\/types\/product"}],"wp:featuredmedia":[{"embeddable":true,"href":"https:\/\/www.miomiorun.com\/es\/wp-json\/wp\/v2\/media\/271856"}],"wp:attachment":[{"href":"https:\/\/www.miomiorun.com\/es\/wp-json\/wp\/v2\/media?parent=300250"}],"wp:term":[{"taxonomy":"product_brand","embeddable":true,"href":"https:\/\/www.miomiorun.com\/es\/wp-json\/wp\/v2\/product_brand?post=300250"},{"taxonomy":"product_cat","embeddable":true,"href":"https:\/\/www.miomiorun.com\/es\/wp-json\/wp\/v2\/product_cat?post=300250"},{"taxonomy":"product_tag","embeddable":true,"href":"https:\/\/www.miomiorun.com\/es\/wp-json\/wp\/v2\/product_tag?post=300250"}],"curies":[{"name":"wp","href":"https:\/\/api.w.org\/{rel}","templated":true}]}}