{"id":300136,"date":"2025-03-25T10:39:16","date_gmt":"2025-03-25T09:39:16","guid":{"rendered":"https:\/\/miomiorun.com\/prodotto\/adizero-adios-pro-4\/"},"modified":"2026-02-25T11:56:47","modified_gmt":"2026-02-25T10:56:47","slug":"adizero-adios-pro-4","status":"publish","type":"product","link":"https:\/\/www.miomiorun.com\/es\/producto\/adizero-adios-pro-4\/","title":{"rendered":"Adizero Adios Pro 4"},"content":{"rendered":"<p><div class=\"vc-row container\"><div class=\"vc-column\"><div class=\"vc-column-text\"><\/p>\n<h4>Especificaciones t\u00e9cnicas<\/h4>\n<p>Categor\u00eda: Amortiguaci\u00f3n reactiva.<br \/>\nOffset: 5 mm (37 mm \/ 32 mm).<br \/>\nPeso: 174 g.<br \/>\nIdeal para: atletas r\u00e1pidos y para usar en competici\u00f3n (maratones y medias maratones), gracias a su innovadora y reactiva amortiguaci\u00f3n, te har\u00e1 m\u00e1s r\u00e1pido y te acompa\u00f1ar\u00e1 al podio.<br \/>\nPeso del atleta: &lt; 70 kg<br \/>\nPaso de carrera: &lt; 4,00 min\/km<br \/>\n<a href=\"https:\/\/miomiorun.com\/es\/guia-especifica\/\">Gu\u00eda de especificaciones t\u00e9cnicas<\/a><\/p>\n<p><\/div><\/div><div class=\"vc-column\"><div class=\"vc-column-text\">Si eres una corredora que busca superar todos los l\u00edmites, las <strong>adizero Adios Pro 4<\/strong> est\u00e1n hechas para ti. Con su legendaria reputaci\u00f3n en el mundo del running, estas zapatillas representan la cima de la velocidad y la eficiencia. Las <strong>ENERGYRODS 2.0<\/strong> de carbono te ofrecen una transici\u00f3n fluida del tal\u00f3n a la puntera, lo que te permite dar zancadas r\u00e1pidas y reactivas con el m\u00ednimo esfuerzo. La <strong>entresuela<\/strong> con la nueva silueta basculante optimiza la econom\u00eda de la carrera, mientras que la doble tecnolog\u00eda <strong>LIGHTSTRIKE PRO<\/strong> garantiza una excelente amortiguaci\u00f3n, manteniendo alta la energ\u00eda incluso en las zancadas m\u00e1s r\u00e1pidas.<\/p>\n<p>La <strong>suela LIGHTTRAXION<\/strong> con goma Continental\u2122 garantiza una tracci\u00f3n incre\u00edble, minimizando el riesgo de resbalones y, al mismo tiempo, manteniendo un peso reducido. Si est\u00e1s lista para ir m\u00e1s all\u00e1, las <strong>adizero Adios Pro 4<\/strong> son tu aliado ideal para alcanzar el m\u00e1ximo rendimiento. \u00a1Toma el control de tu carrera y supera todos los l\u00edmites!<\/div><\/div><\/div><div class=\"vc-row container\"><div class=\"vc-column\"><div style=\"height:32px\" class=\"vc-empty-space\"><\/div><\/div><\/div><div class=\"vc-row container\"><div class=\"vc-column\"><div class=\"vc-column-text\"><\/p>\n<div style=\"width: 720px;\" class=\"wp-video\"><video class=\"wp-video-shortcode\" id=\"video-300136-1\" width=\"720\" height=\"720\" loop autoplay preload=\"metadata\" controls=\"controls\"><source type=\"video\/webm\" src=\"https:\/\/miomiorun.com\/wp-content\/uploads\/2025\/03\/ADIZERO-ADIOS-PRO-4.webm?_=1\" \/><a href=\"https:\/\/miomiorun.com\/wp-content\/uploads\/2025\/03\/ADIZERO-ADIOS-PRO-4.webm\">https:\/\/miomiorun.com\/wp-content\/uploads\/2025\/03\/ADIZERO-ADIOS-PRO-4.webm<\/a><\/video><\/div>\n<p><\/div><\/div><\/div><\/p>\n","protected":false},"excerpt":{"rendered":"<ul class=\"m-long-description__features\">\n<li class=\"m-long-description__feature\">Ultraligera y reactiva<\/li>\n<li class=\"m-long-description__feature\">Maratones y medias maratones<\/li>\n<li>Zapatilla de competici\u00f3n<\/li>\n<\/ul>\n","protected":false},"featured_media":316745,"template":"","meta":{"_acf_changed":false,"inline_featured_image":false},"product_brand":[],"product_cat":[24454,24453],"product_tag":[23558,23570],"class_list":{"0":"post-300136","1":"product","2":"type-product","3":"status-publish","4":"has-post-thumbnail","6":"product_cat-calzado-para-hombre","7":"product_cat-neutre-es-3","8":"product_tag-adidas-es","9":"product_tag-adidas-hombre","10":"pa_attivita-running-es","11":"pa_colore-adios-pro-4-ftwwht-blue-yellow","12":"pa_colore-adios-pro-4-ftwwht-roy","13":"pa_colore-adios-pro-4-luclem-cblack-halsil-es","14":"pa_colore-adios-pro-4-sand-ricpur-goldmt","15":"pa_colore-adios-pro-4-shopnk-zeromt-aurplu-es","16":"pa_colore-adios-pro-4-syello-aur","17":"pa_marca-adidas-es","18":"pa_sesso-hombre","19":"pa_size-40-es","20":"pa_size-41-es","21":"pa_size-42-es","23":"pa_size-43-es","24":"pa_size-44-es","26":"pa_size-45-es","27":"pa_size-46-es","30":"first","31":"instock","32":"sale","33":"taxable","34":"shipping-taxable","35":"purchasable","36":"product-type-variable","37":"wvs-archive-product-wrapper"},"acf":[],"yoast_head":"<!-- This site is optimized with the Yoast SEO plugin v26.8 - https:\/\/yoast.com\/product\/yoast-seo-wordpress\/ -->\n<title>Adidas Adizero Adios Pro 4 - zapatillas de correr - MioMioRun .com<\/title>\n<meta name=\"description\" content=\"Las adizero Adios Pro 4 son unas zapatillas de running ultraligeras dise\u00f1adas para maximizar la velocidad, la amortiguaci\u00f3n y la tracci\u00f3n. Desc\u00fabrelas con nosotros.\" \/>\n<meta name=\"robots\" content=\"index, follow, max-snippet:-1, max-image-preview:large, max-video-preview:-1\" \/>\n<link rel=\"canonical\" href=\"https:\/\/www.miomiorun.com\/es\/producto\/adizero-adios-pro-4\/\" \/>\n<meta property=\"og:locale\" content=\"es_ES\" \/>\n<meta property=\"og:type\" content=\"article\" \/>\n<meta property=\"og:title\" content=\"Adidas Adizero Adios Pro 4 - zapatillas de correr - MioMioRun .com\" \/>\n<meta property=\"og:description\" content=\"Las adizero Adios Pro 4 son unas zapatillas de running ultraligeras dise\u00f1adas para maximizar la velocidad, la amortiguaci\u00f3n y la tracci\u00f3n. Desc\u00fabrelas con nosotros.\" \/>\n<meta property=\"og:url\" content=\"https:\/\/www.miomiorun.com\/es\/producto\/adizero-adios-pro-4\/\" \/>\n<meta property=\"og:site_name\" content=\"MioMioRun\" \/>\n<meta property=\"article:publisher\" content=\"https:\/\/www.facebook.com\/miomiorun\/\" \/>\n<meta property=\"article:modified_time\" content=\"2026-02-25T10:56:47+00:00\" \/>\n<meta property=\"og:image\" content=\"https:\/\/www.miomiorun.com\/app\/uploads\/2025\/06\/adidas-Adios-Pro-4-flaaqu-luclem-minton-JR1251.webp\" \/>\n\t<meta property=\"og:image:width\" content=\"600\" \/>\n\t<meta property=\"og:image:height\" content=\"600\" \/>\n\t<meta property=\"og:image:type\" content=\"image\/webp\" \/>\n<meta name=\"twitter:card\" content=\"summary_large_image\" \/>\n<meta name=\"twitter:label1\" content=\"Est. reading time\" \/>\n\t<meta name=\"twitter:data1\" content=\"2 minutes\" \/>\n<script type=\"application\/ld+json\" class=\"yoast-schema-graph\">{\"@context\":\"https:\/\/schema.org\",\"@graph\":[{\"@type\":\"WebPage\",\"@id\":\"https:\/\/www.miomiorun.com\/es\/producto\/adizero-adios-pro-4\/\",\"url\":\"https:\/\/www.miomiorun.com\/es\/producto\/adizero-adios-pro-4\/\",\"name\":\"Adidas Adizero Adios Pro 4 - zapatillas de correr - MioMioRun .com\",\"isPartOf\":{\"@id\":\"https:\/\/www.miomiorun.com\/es\/#website\"},\"primaryImageOfPage\":{\"@id\":\"https:\/\/www.miomiorun.com\/es\/producto\/adizero-adios-pro-4\/#primaryimage\"},\"image\":{\"@id\":\"https:\/\/www.miomiorun.com\/es\/producto\/adizero-adios-pro-4\/#primaryimage\"},\"thumbnailUrl\":\"https:\/\/www.miomiorun.com\/app\/uploads\/2025\/06\/adidas-Adios-Pro-4-flaaqu-luclem-minton-JR1251.webp\",\"datePublished\":\"2025-03-25T09:39:16+00:00\",\"dateModified\":\"2026-02-25T10:56:47+00:00\",\"description\":\"Las adizero Adios Pro 4 son unas zapatillas de running ultraligeras dise\u00f1adas para maximizar la velocidad, la amortiguaci\u00f3n y la tracci\u00f3n. Desc\u00fabrelas con nosotros.\",\"breadcrumb\":{\"@id\":\"https:\/\/www.miomiorun.com\/es\/producto\/adizero-adios-pro-4\/#breadcrumb\"},\"inLanguage\":\"es-ES\",\"potentialAction\":[{\"@type\":\"ReadAction\",\"target\":[\"https:\/\/www.miomiorun.com\/es\/producto\/adizero-adios-pro-4\/\"]}]},{\"@type\":\"ImageObject\",\"inLanguage\":\"es-ES\",\"@id\":\"https:\/\/www.miomiorun.com\/es\/producto\/adizero-adios-pro-4\/#primaryimage\",\"url\":\"https:\/\/www.miomiorun.com\/app\/uploads\/2025\/06\/adidas-Adios-Pro-4-flaaqu-luclem-minton-JR1251.webp\",\"contentUrl\":\"https:\/\/www.miomiorun.com\/app\/uploads\/2025\/06\/adidas-Adios-Pro-4-flaaqu-luclem-minton-JR1251.webp\",\"width\":600,\"height\":600,\"caption\":\"adidas Adios Pro 4 flaaqu luclem minton JR1251\"},{\"@type\":\"BreadcrumbList\",\"@id\":\"https:\/\/www.miomiorun.com\/es\/producto\/adizero-adios-pro-4\/#breadcrumb\",\"itemListElement\":[{\"@type\":\"ListItem\",\"position\":1,\"name\":\"Home\",\"item\":\"https:\/\/www.miomiorun.com\/es\/\"},{\"@type\":\"ListItem\",\"position\":2,\"name\":\"Shop\",\"item\":\"https:\/\/www.miomiorun.com\/shop\/\"},{\"@type\":\"ListItem\",\"position\":3,\"name\":\"Adizero Adios Pro 4\"}]},{\"@type\":\"WebSite\",\"@id\":\"https:\/\/www.miomiorun.com\/es\/#website\",\"url\":\"https:\/\/www.miomiorun.com\/es\/\",\"name\":\"MioMioRun\",\"description\":\"Tienda 100% running y trail\",\"publisher\":{\"@id\":\"https:\/\/www.miomiorun.com\/es\/#organization\"},\"potentialAction\":[{\"@type\":\"SearchAction\",\"target\":{\"@type\":\"EntryPoint\",\"urlTemplate\":\"https:\/\/www.miomiorun.com\/es\/?s={search_term_string}\"},\"query-input\":{\"@type\":\"PropertyValueSpecification\",\"valueRequired\":true,\"valueName\":\"search_term_string\"}}],\"inLanguage\":\"es-ES\"},{\"@type\":\"Organization\",\"@id\":\"https:\/\/www.miomiorun.com\/es\/#organization\",\"name\":\"MioMio Run\",\"url\":\"https:\/\/www.miomiorun.com\/es\/\",\"logo\":{\"@type\":\"ImageObject\",\"inLanguage\":\"es-ES\",\"@id\":\"https:\/\/www.miomiorun.com\/es\/#\/schema\/logo\/image\/\",\"url\":\"https:\/\/www.miomiorun.com\/app\/uploads\/2019\/12\/logomio.png\",\"contentUrl\":\"https:\/\/www.miomiorun.com\/app\/uploads\/2019\/12\/logomio.png\",\"width\":115,\"height\":82,\"caption\":\"MioMio Run\"},\"image\":{\"@id\":\"https:\/\/www.miomiorun.com\/es\/#\/schema\/logo\/image\/\"},\"sameAs\":[\"https:\/\/www.facebook.com\/miomiorun\/\",\"https:\/\/www.instagram.com\/miomiorun\/\"]}]}<\/script>\n<!-- \/ Yoast SEO plugin. -->","yoast_head_json":{"title":"Adidas Adizero Adios Pro 4 - zapatillas de correr - MioMioRun .com","description":"Las adizero Adios Pro 4 son unas zapatillas de running ultraligeras dise\u00f1adas para maximizar la velocidad, la amortiguaci\u00f3n y la tracci\u00f3n. Desc\u00fabrelas con nosotros.","robots":{"index":"index","follow":"follow","max-snippet":"max-snippet:-1","max-image-preview":"max-image-preview:large","max-video-preview":"max-video-preview:-1"},"canonical":"https:\/\/www.miomiorun.com\/es\/producto\/adizero-adios-pro-4\/","og_locale":"es_ES","og_type":"article","og_title":"Adidas Adizero Adios Pro 4 - zapatillas de correr - MioMioRun .com","og_description":"Las adizero Adios Pro 4 son unas zapatillas de running ultraligeras dise\u00f1adas para maximizar la velocidad, la amortiguaci\u00f3n y la tracci\u00f3n. Desc\u00fabrelas con nosotros.","og_url":"https:\/\/www.miomiorun.com\/es\/producto\/adizero-adios-pro-4\/","og_site_name":"MioMioRun","article_publisher":"https:\/\/www.facebook.com\/miomiorun\/","article_modified_time":"2026-02-25T10:56:47+00:00","og_image":[{"width":600,"height":600,"url":"https:\/\/www.miomiorun.com\/app\/uploads\/2025\/06\/adidas-Adios-Pro-4-flaaqu-luclem-minton-JR1251.webp","type":"image\/webp"}],"twitter_card":"summary_large_image","twitter_misc":{"Est. reading time":"2 minutes"},"schema":{"@context":"https:\/\/schema.org","@graph":[{"@type":"WebPage","@id":"https:\/\/www.miomiorun.com\/es\/producto\/adizero-adios-pro-4\/","url":"https:\/\/www.miomiorun.com\/es\/producto\/adizero-adios-pro-4\/","name":"Adidas Adizero Adios Pro 4 - zapatillas de correr - MioMioRun .com","isPartOf":{"@id":"https:\/\/www.miomiorun.com\/es\/#website"},"primaryImageOfPage":{"@id":"https:\/\/www.miomiorun.com\/es\/producto\/adizero-adios-pro-4\/#primaryimage"},"image":{"@id":"https:\/\/www.miomiorun.com\/es\/producto\/adizero-adios-pro-4\/#primaryimage"},"thumbnailUrl":"https:\/\/www.miomiorun.com\/app\/uploads\/2025\/06\/adidas-Adios-Pro-4-flaaqu-luclem-minton-JR1251.webp","datePublished":"2025-03-25T09:39:16+00:00","dateModified":"2026-02-25T10:56:47+00:00","description":"Las adizero Adios Pro 4 son unas zapatillas de running ultraligeras dise\u00f1adas para maximizar la velocidad, la amortiguaci\u00f3n y la tracci\u00f3n. Desc\u00fabrelas con nosotros.","breadcrumb":{"@id":"https:\/\/www.miomiorun.com\/es\/producto\/adizero-adios-pro-4\/#breadcrumb"},"inLanguage":"es-ES","potentialAction":[{"@type":"ReadAction","target":["https:\/\/www.miomiorun.com\/es\/producto\/adizero-adios-pro-4\/"]}]},{"@type":"ImageObject","inLanguage":"es-ES","@id":"https:\/\/www.miomiorun.com\/es\/producto\/adizero-adios-pro-4\/#primaryimage","url":"https:\/\/www.miomiorun.com\/app\/uploads\/2025\/06\/adidas-Adios-Pro-4-flaaqu-luclem-minton-JR1251.webp","contentUrl":"https:\/\/www.miomiorun.com\/app\/uploads\/2025\/06\/adidas-Adios-Pro-4-flaaqu-luclem-minton-JR1251.webp","width":600,"height":600,"caption":"adidas Adios Pro 4 flaaqu luclem minton JR1251"},{"@type":"BreadcrumbList","@id":"https:\/\/www.miomiorun.com\/es\/producto\/adizero-adios-pro-4\/#breadcrumb","itemListElement":[{"@type":"ListItem","position":1,"name":"Home","item":"https:\/\/www.miomiorun.com\/es\/"},{"@type":"ListItem","position":2,"name":"Shop","item":"https:\/\/www.miomiorun.com\/shop\/"},{"@type":"ListItem","position":3,"name":"Adizero Adios Pro 4"}]},{"@type":"WebSite","@id":"https:\/\/www.miomiorun.com\/es\/#website","url":"https:\/\/www.miomiorun.com\/es\/","name":"MioMioRun","description":"Tienda 100% running y trail","publisher":{"@id":"https:\/\/www.miomiorun.com\/es\/#organization"},"potentialAction":[{"@type":"SearchAction","target":{"@type":"EntryPoint","urlTemplate":"https:\/\/www.miomiorun.com\/es\/?s={search_term_string}"},"query-input":{"@type":"PropertyValueSpecification","valueRequired":true,"valueName":"search_term_string"}}],"inLanguage":"es-ES"},{"@type":"Organization","@id":"https:\/\/www.miomiorun.com\/es\/#organization","name":"MioMio Run","url":"https:\/\/www.miomiorun.com\/es\/","logo":{"@type":"ImageObject","inLanguage":"es-ES","@id":"https:\/\/www.miomiorun.com\/es\/#\/schema\/logo\/image\/","url":"https:\/\/www.miomiorun.com\/app\/uploads\/2019\/12\/logomio.png","contentUrl":"https:\/\/www.miomiorun.com\/app\/uploads\/2019\/12\/logomio.png","width":115,"height":82,"caption":"MioMio Run"},"image":{"@id":"https:\/\/www.miomiorun.com\/es\/#\/schema\/logo\/image\/"},"sameAs":["https:\/\/www.facebook.com\/miomiorun\/","https:\/\/www.instagram.com\/miomiorun\/"]}]}},"_links":{"self":[{"href":"https:\/\/www.miomiorun.com\/es\/wp-json\/wp\/v2\/product\/300136","targetHints":{"allow":["GET"]}}],"collection":[{"href":"https:\/\/www.miomiorun.com\/es\/wp-json\/wp\/v2\/product"}],"about":[{"href":"https:\/\/www.miomiorun.com\/es\/wp-json\/wp\/v2\/types\/product"}],"wp:featuredmedia":[{"embeddable":true,"href":"https:\/\/www.miomiorun.com\/es\/wp-json\/wp\/v2\/media\/316745"}],"wp:attachment":[{"href":"https:\/\/www.miomiorun.com\/es\/wp-json\/wp\/v2\/media?parent=300136"}],"wp:term":[{"taxonomy":"product_brand","embeddable":true,"href":"https:\/\/www.miomiorun.com\/es\/wp-json\/wp\/v2\/product_brand?post=300136"},{"taxonomy":"product_cat","embeddable":true,"href":"https:\/\/www.miomiorun.com\/es\/wp-json\/wp\/v2\/product_cat?post=300136"},{"taxonomy":"product_tag","embeddable":true,"href":"https:\/\/www.miomiorun.com\/es\/wp-json\/wp\/v2\/product_tag?post=300136"}],"curies":[{"name":"wp","href":"https:\/\/api.w.org\/{rel}","templated":true}]}}