{"id":300124,"date":"2025-03-25T10:57:31","date_gmt":"2025-03-25T09:57:31","guid":{"rendered":"https:\/\/miomiorun.com\/prodotto\/duffel-base-camp\/"},"modified":"2026-03-02T18:19:55","modified_gmt":"2026-03-02T17:19:55","slug":"duffel-base-camp","status":"publish","type":"product","link":"https:\/\/www.miomiorun.com\/es\/producto\/duffel-base-camp\/","title":{"rendered":"Duffel Base Camp"},"content":{"rendered":"<div class=\"vc-row container\"><div class=\"vc-column\"><div class=\"vc-column-text\">La <strong>bolsa Base Camp<\/strong> es el accesorio perfecto para cualquier explorador, ya que combina resistencia y practicidad en un \u00fanico producto ic\u00f3nico. Fabricada con materiales reciclados e impermeables, garantiza la misma robustez de siempre, lo que la hace ideal para viajes y aventuras, tanto en la monta\u00f1a como en la ciudad. Con una capacidad de 71 litros, ofrece espacio suficiente para todas tus pertenencias, mientras que las cuatro correas de compresi\u00f3n te permiten adaptarla a cada necesidad. Con correas para los hombros de estilo alpino, extra\u00edbles y ajustables, ofrece un ajuste ergon\u00f3mico y fiable, mientras que las dos asas laterales acolchadas te permiten transportarla c\u00f3modamente tanto en la mano como en los hombros. La abertura en D con cremallera y solapa resistente a la intemperie te garantiza un f\u00e1cil acceso y protecci\u00f3n contra los elementos. En el interior, el <strong>compartimento principal<\/strong> cuenta con un bolsillo de malla con cremallera y un bolsillo adicional en el extremo, para mantener todo bien organizado. El <strong>material Base Camp<\/strong>, resistente al agua, junto con las varillas adicionales y las costuras dobles, garantiza una robustez legendaria. Las <strong>cuatro correas de compresi\u00f3n<\/strong> te permiten ajustar la capacidad de la bolsa, mientras que el <strong>bolsillo transparente para documentos<\/strong> en la parte superior es perfecto para tener tus documentos a mano. Por \u00faltimo, la <strong>bolsa de malla<\/strong> mantiene la bolsa limpia y ordenada, lista para cualquier nueva aventura.<\/p>\n<p>La <strong data-start=\"763\" data-end=\"784\">bolsa Base Camp<\/strong> es la elecci\u00f3n perfecta para quienes buscan resistencia, espacio y practicidad en un solo accesorio.<\/p>\n<dl class=\"grid gap-y-4\" title=\"Specifiche tecniche\">\n<dt><em>ESPECIFICACIONES T\u00c9CNICAS<\/em> :<\/dt>\n<dt class=\"pr-2 fw-bold\">\n<h3 class=\"title-2\" data-test-id=\"product-name\">Bolsa de viaje Base Camp \u2013 M<\/h3>\n<p>Peso medio: 1620 g<\/dt>\n<dt class=\"pr-2 fw-bold\">Capacidad: 71 litros<\/dt>\n<dt class=\"pr-2 fw-bold\">Dimensiones: 35,56 cm x 63,5 cm x 35,56 cm<\/dt>\n<dt>\n<dl class=\"grid gap-y-4\" title=\"Specifiche tecniche\">\n<dt class=\"pr-2 fw-bold\">\n<h3 class=\"title-2\" data-test-id=\"product-name\">Duffel Base Camp \u2013 S<\/h3>\n<p>Peso medio: 1195 g<\/dt>\n<dt class=\"pr-2 fw-bold\">Capacidad: 50 litros<\/dt>\n<dt class=\"pr-2 fw-bold\">Dimensiones: 33,03 cm x 53,34 cm x 33,02 cm<\/dt>\n<\/dl>\n<\/dt>\n<\/dl>\n<div id=\"base-collapse-nUfccvMQCJy-7-content\" class=\"overflow-hidden duration\" role=\"region\" aria-labelledby=\"base-collapse-nUfccvMQCJy-7\">\n<div class=\"text-sm fw-light\" data-test-id=\"vf-accordion-content\">\n<div class=\"pb-6 pt-2 text-sm c-grey-20\">\n<div class=\"group flex items-start gap-4\">\n<div class=\"grow space-y-1\">\n<p class=\"!title-5 fw-bold\"><em>CUIDADO DEL PRODUCTO<\/em> :<\/p>\n<p class=\"subtitle-4\">La mejor manera de limpiar tu bolso o mochila es localizar las manchas y lavarlas con un pa\u00f1o h\u00famedo, y luego dejarlas secar. No recomendamos sumergir completamente el producto en agua.<\/p>\n<\/div>\n<\/div>\n<\/div>\n<\/div>\n<\/div>\n<p><\/div><\/div><\/div>\n","protected":false},"excerpt":{"rendered":"","protected":false},"featured_media":269471,"template":"","meta":{"_acf_changed":false,"inline_featured_image":false},"product_brand":[],"product_cat":[24426],"product_tag":[32389,32399,32395],"class_list":{"0":"post-300124","1":"product","2":"type-product","3":"status-publish","4":"has-post-thumbnail","6":"product_cat-mochilas-y-cinturones-es","7":"product_tag-the-north-face-es","8":"product_tag-the-north-face-hombre","9":"product_tag-the-north-face-mujer","10":"pa_attivita-lifestyle-es","11":"pa_attivita-outdoor-es","12":"pa_colore-base-camp-duffel-m-summit-es","13":"pa_colore-base-camp-duffel-s-black-all-flowers-es","14":"pa_colore-base-camp-duffel-s-evergreen-es","15":"pa_colore-base-camp-duffel-s-red-es","16":"pa_colore-base-camp-duffel-s-summit-es","17":"pa_marca-the-north-face-es","18":"pa_sesso-hombre","19":"pa_sesso-mujer","20":"pa_size-small-es","21":"pa_size-medium-es","23":"first","24":"instock","25":"sale","26":"taxable","27":"shipping-taxable","28":"purchasable","29":"product-type-variable","30":"wvs-archive-product-wrapper"},"acf":[],"yoast_head":"<!-- This site is optimized with the Yoast SEO plugin v26.8 - https:\/\/yoast.com\/product\/yoast-seo-wordpress\/ -->\n<title>The North Face Duffel Base Camp - Accesorios de viaje- MioMioRun.com<\/title>\n<meta name=\"description\" content=\"La Base Camp de North Face es mucho m\u00e1s que una simple mochila. Se podr\u00eda definir como una compa\u00f1era de viaje con mil facetas. Desc\u00fabrela con nosotros.\" \/>\n<meta name=\"robots\" content=\"index, follow, max-snippet:-1, max-image-preview:large, max-video-preview:-1\" \/>\n<link rel=\"canonical\" href=\"https:\/\/www.miomiorun.com\/es\/producto\/duffel-base-camp\/\" \/>\n<meta property=\"og:locale\" content=\"es_ES\" \/>\n<meta property=\"og:type\" content=\"article\" \/>\n<meta property=\"og:title\" content=\"The North Face Duffel Base Camp - Accesorios de viaje- MioMioRun.com\" \/>\n<meta property=\"og:description\" content=\"La Base Camp de North Face es mucho m\u00e1s que una simple mochila. Se podr\u00eda definir como una compa\u00f1era de viaje con mil facetas. Desc\u00fabrela con nosotros.\" \/>\n<meta property=\"og:url\" content=\"https:\/\/www.miomiorun.com\/es\/producto\/duffel-base-camp\/\" \/>\n<meta property=\"og:site_name\" content=\"MioMioRun\" \/>\n<meta property=\"article:publisher\" content=\"https:\/\/www.facebook.com\/miomiorun\/\" \/>\n<meta property=\"article:modified_time\" content=\"2026-03-02T17:19:55+00:00\" \/>\n<meta property=\"og:image\" content=\"https:\/\/www.miomiorun.com\/app\/uploads\/2025\/04\/north-face-Base-Camp-Duffel-M-summit-NF0A52SA4WP1.webp\" \/>\n\t<meta property=\"og:image:width\" content=\"600\" \/>\n\t<meta property=\"og:image:height\" content=\"600\" \/>\n\t<meta property=\"og:image:type\" content=\"image\/webp\" \/>\n<meta name=\"twitter:card\" content=\"summary_large_image\" \/>\n<meta name=\"twitter:label1\" content=\"Est. reading time\" \/>\n\t<meta name=\"twitter:data1\" content=\"2 minutes\" \/>\n<script type=\"application\/ld+json\" class=\"yoast-schema-graph\">{\"@context\":\"https:\/\/schema.org\",\"@graph\":[{\"@type\":\"WebPage\",\"@id\":\"https:\/\/www.miomiorun.com\/es\/producto\/duffel-base-camp\/\",\"url\":\"https:\/\/www.miomiorun.com\/es\/producto\/duffel-base-camp\/\",\"name\":\"The North Face Duffel Base Camp - Accesorios de viaje- MioMioRun.com\",\"isPartOf\":{\"@id\":\"https:\/\/www.miomiorun.com\/es\/#website\"},\"primaryImageOfPage\":{\"@id\":\"https:\/\/www.miomiorun.com\/es\/producto\/duffel-base-camp\/#primaryimage\"},\"image\":{\"@id\":\"https:\/\/www.miomiorun.com\/es\/producto\/duffel-base-camp\/#primaryimage\"},\"thumbnailUrl\":\"https:\/\/www.miomiorun.com\/app\/uploads\/2025\/04\/north-face-Base-Camp-Duffel-M-summit-NF0A52SA4WP1.webp\",\"datePublished\":\"2025-03-25T09:57:31+00:00\",\"dateModified\":\"2026-03-02T17:19:55+00:00\",\"description\":\"La Base Camp de North Face es mucho m\u00e1s que una simple mochila. Se podr\u00eda definir como una compa\u00f1era de viaje con mil facetas. Desc\u00fabrela con nosotros.\",\"breadcrumb\":{\"@id\":\"https:\/\/www.miomiorun.com\/es\/producto\/duffel-base-camp\/#breadcrumb\"},\"inLanguage\":\"es-ES\",\"potentialAction\":[{\"@type\":\"ReadAction\",\"target\":[\"https:\/\/www.miomiorun.com\/es\/producto\/duffel-base-camp\/\"]}]},{\"@type\":\"ImageObject\",\"inLanguage\":\"es-ES\",\"@id\":\"https:\/\/www.miomiorun.com\/es\/producto\/duffel-base-camp\/#primaryimage\",\"url\":\"https:\/\/www.miomiorun.com\/app\/uploads\/2025\/04\/north-face-Base-Camp-Duffel-M-summit-NF0A52SA4WP1.webp\",\"contentUrl\":\"https:\/\/www.miomiorun.com\/app\/uploads\/2025\/04\/north-face-Base-Camp-Duffel-M-summit-NF0A52SA4WP1.webp\",\"width\":600,\"height\":600,\"caption\":\"north face Base Camp Duffel M summit NF0A52SA4WP1\"},{\"@type\":\"BreadcrumbList\",\"@id\":\"https:\/\/www.miomiorun.com\/es\/producto\/duffel-base-camp\/#breadcrumb\",\"itemListElement\":[{\"@type\":\"ListItem\",\"position\":1,\"name\":\"Home\",\"item\":\"https:\/\/www.miomiorun.com\/es\/\"},{\"@type\":\"ListItem\",\"position\":2,\"name\":\"Shop\",\"item\":\"https:\/\/www.miomiorun.com\/shop\/\"},{\"@type\":\"ListItem\",\"position\":3,\"name\":\"Duffel Base Camp\"}]},{\"@type\":\"WebSite\",\"@id\":\"https:\/\/www.miomiorun.com\/es\/#website\",\"url\":\"https:\/\/www.miomiorun.com\/es\/\",\"name\":\"MioMioRun\",\"description\":\"Tienda 100% running y trail\",\"publisher\":{\"@id\":\"https:\/\/www.miomiorun.com\/es\/#organization\"},\"potentialAction\":[{\"@type\":\"SearchAction\",\"target\":{\"@type\":\"EntryPoint\",\"urlTemplate\":\"https:\/\/www.miomiorun.com\/es\/?s={search_term_string}\"},\"query-input\":{\"@type\":\"PropertyValueSpecification\",\"valueRequired\":true,\"valueName\":\"search_term_string\"}}],\"inLanguage\":\"es-ES\"},{\"@type\":\"Organization\",\"@id\":\"https:\/\/www.miomiorun.com\/es\/#organization\",\"name\":\"MioMio Run\",\"url\":\"https:\/\/www.miomiorun.com\/es\/\",\"logo\":{\"@type\":\"ImageObject\",\"inLanguage\":\"es-ES\",\"@id\":\"https:\/\/www.miomiorun.com\/es\/#\/schema\/logo\/image\/\",\"url\":\"https:\/\/www.miomiorun.com\/app\/uploads\/2019\/12\/logomio.png\",\"contentUrl\":\"https:\/\/www.miomiorun.com\/app\/uploads\/2019\/12\/logomio.png\",\"width\":115,\"height\":82,\"caption\":\"MioMio Run\"},\"image\":{\"@id\":\"https:\/\/www.miomiorun.com\/es\/#\/schema\/logo\/image\/\"},\"sameAs\":[\"https:\/\/www.facebook.com\/miomiorun\/\",\"https:\/\/www.instagram.com\/miomiorun\/\"]}]}<\/script>\n<!-- \/ Yoast SEO plugin. -->","yoast_head_json":{"title":"The North Face Duffel Base Camp - Accesorios de viaje- MioMioRun.com","description":"La Base Camp de North Face es mucho m\u00e1s que una simple mochila. Se podr\u00eda definir como una compa\u00f1era de viaje con mil facetas. Desc\u00fabrela con nosotros.","robots":{"index":"index","follow":"follow","max-snippet":"max-snippet:-1","max-image-preview":"max-image-preview:large","max-video-preview":"max-video-preview:-1"},"canonical":"https:\/\/www.miomiorun.com\/es\/producto\/duffel-base-camp\/","og_locale":"es_ES","og_type":"article","og_title":"The North Face Duffel Base Camp - Accesorios de viaje- MioMioRun.com","og_description":"La Base Camp de North Face es mucho m\u00e1s que una simple mochila. Se podr\u00eda definir como una compa\u00f1era de viaje con mil facetas. Desc\u00fabrela con nosotros.","og_url":"https:\/\/www.miomiorun.com\/es\/producto\/duffel-base-camp\/","og_site_name":"MioMioRun","article_publisher":"https:\/\/www.facebook.com\/miomiorun\/","article_modified_time":"2026-03-02T17:19:55+00:00","og_image":[{"width":600,"height":600,"url":"https:\/\/www.miomiorun.com\/app\/uploads\/2025\/04\/north-face-Base-Camp-Duffel-M-summit-NF0A52SA4WP1.webp","type":"image\/webp"}],"twitter_card":"summary_large_image","twitter_misc":{"Est. reading time":"2 minutes"},"schema":{"@context":"https:\/\/schema.org","@graph":[{"@type":"WebPage","@id":"https:\/\/www.miomiorun.com\/es\/producto\/duffel-base-camp\/","url":"https:\/\/www.miomiorun.com\/es\/producto\/duffel-base-camp\/","name":"The North Face Duffel Base Camp - Accesorios de viaje- MioMioRun.com","isPartOf":{"@id":"https:\/\/www.miomiorun.com\/es\/#website"},"primaryImageOfPage":{"@id":"https:\/\/www.miomiorun.com\/es\/producto\/duffel-base-camp\/#primaryimage"},"image":{"@id":"https:\/\/www.miomiorun.com\/es\/producto\/duffel-base-camp\/#primaryimage"},"thumbnailUrl":"https:\/\/www.miomiorun.com\/app\/uploads\/2025\/04\/north-face-Base-Camp-Duffel-M-summit-NF0A52SA4WP1.webp","datePublished":"2025-03-25T09:57:31+00:00","dateModified":"2026-03-02T17:19:55+00:00","description":"La Base Camp de North Face es mucho m\u00e1s que una simple mochila. Se podr\u00eda definir como una compa\u00f1era de viaje con mil facetas. Desc\u00fabrela con nosotros.","breadcrumb":{"@id":"https:\/\/www.miomiorun.com\/es\/producto\/duffel-base-camp\/#breadcrumb"},"inLanguage":"es-ES","potentialAction":[{"@type":"ReadAction","target":["https:\/\/www.miomiorun.com\/es\/producto\/duffel-base-camp\/"]}]},{"@type":"ImageObject","inLanguage":"es-ES","@id":"https:\/\/www.miomiorun.com\/es\/producto\/duffel-base-camp\/#primaryimage","url":"https:\/\/www.miomiorun.com\/app\/uploads\/2025\/04\/north-face-Base-Camp-Duffel-M-summit-NF0A52SA4WP1.webp","contentUrl":"https:\/\/www.miomiorun.com\/app\/uploads\/2025\/04\/north-face-Base-Camp-Duffel-M-summit-NF0A52SA4WP1.webp","width":600,"height":600,"caption":"north face Base Camp Duffel M summit NF0A52SA4WP1"},{"@type":"BreadcrumbList","@id":"https:\/\/www.miomiorun.com\/es\/producto\/duffel-base-camp\/#breadcrumb","itemListElement":[{"@type":"ListItem","position":1,"name":"Home","item":"https:\/\/www.miomiorun.com\/es\/"},{"@type":"ListItem","position":2,"name":"Shop","item":"https:\/\/www.miomiorun.com\/shop\/"},{"@type":"ListItem","position":3,"name":"Duffel Base Camp"}]},{"@type":"WebSite","@id":"https:\/\/www.miomiorun.com\/es\/#website","url":"https:\/\/www.miomiorun.com\/es\/","name":"MioMioRun","description":"Tienda 100% running y trail","publisher":{"@id":"https:\/\/www.miomiorun.com\/es\/#organization"},"potentialAction":[{"@type":"SearchAction","target":{"@type":"EntryPoint","urlTemplate":"https:\/\/www.miomiorun.com\/es\/?s={search_term_string}"},"query-input":{"@type":"PropertyValueSpecification","valueRequired":true,"valueName":"search_term_string"}}],"inLanguage":"es-ES"},{"@type":"Organization","@id":"https:\/\/www.miomiorun.com\/es\/#organization","name":"MioMio Run","url":"https:\/\/www.miomiorun.com\/es\/","logo":{"@type":"ImageObject","inLanguage":"es-ES","@id":"https:\/\/www.miomiorun.com\/es\/#\/schema\/logo\/image\/","url":"https:\/\/www.miomiorun.com\/app\/uploads\/2019\/12\/logomio.png","contentUrl":"https:\/\/www.miomiorun.com\/app\/uploads\/2019\/12\/logomio.png","width":115,"height":82,"caption":"MioMio Run"},"image":{"@id":"https:\/\/www.miomiorun.com\/es\/#\/schema\/logo\/image\/"},"sameAs":["https:\/\/www.facebook.com\/miomiorun\/","https:\/\/www.instagram.com\/miomiorun\/"]}]}},"_links":{"self":[{"href":"https:\/\/www.miomiorun.com\/es\/wp-json\/wp\/v2\/product\/300124","targetHints":{"allow":["GET"]}}],"collection":[{"href":"https:\/\/www.miomiorun.com\/es\/wp-json\/wp\/v2\/product"}],"about":[{"href":"https:\/\/www.miomiorun.com\/es\/wp-json\/wp\/v2\/types\/product"}],"wp:featuredmedia":[{"embeddable":true,"href":"https:\/\/www.miomiorun.com\/es\/wp-json\/wp\/v2\/media\/269471"}],"wp:attachment":[{"href":"https:\/\/www.miomiorun.com\/es\/wp-json\/wp\/v2\/media?parent=300124"}],"wp:term":[{"taxonomy":"product_brand","embeddable":true,"href":"https:\/\/www.miomiorun.com\/es\/wp-json\/wp\/v2\/product_brand?post=300124"},{"taxonomy":"product_cat","embeddable":true,"href":"https:\/\/www.miomiorun.com\/es\/wp-json\/wp\/v2\/product_cat?post=300124"},{"taxonomy":"product_tag","embeddable":true,"href":"https:\/\/www.miomiorun.com\/es\/wp-json\/wp\/v2\/product_tag?post=300124"}],"curies":[{"name":"wp","href":"https:\/\/api.w.org\/{rel}","templated":true}]}}