{"id":300092,"date":"2025-04-01T12:01:09","date_gmt":"2025-04-01T10:01:09","guid":{"rendered":"https:\/\/miomiorun.com\/prodotto\/prodigio-hike-gtx-uomo\/"},"modified":"2026-04-21T16:50:28","modified_gmt":"2026-04-21T14:50:28","slug":"prodigio-hike-gtx-hombre","status":"publish","type":"product","link":"https:\/\/www.miomiorun.com\/es\/producto\/prodigio-hike-gtx-hombre\/","title":{"rendered":"Prodigio Hike GTX hombre"},"content":{"rendered":"<div class=\"vc-row container\"><div class=\"vc-column\"><div class=\"vc-column-text\"><\/p>\n<p><strong>Especificaciones t\u00e9cnicas<\/strong><\/p>\n<p>Categor\u00eda: Amortiguaci\u00f3n estructurada.<br \/>\nOffset: 6 mm.<br \/>\nPeso: 270 g.<br \/>\nIdeal para: salidas r\u00e1pidas, sin perder la comodidad de Prodigio, esta vez con una protecci\u00f3n adicional para el tobillo.<br \/>\nPeso del atleta: 60-80 kg.<br \/>\nRitmo de carrera: medio (5-6 min\/km).<br \/>\n<a href=\"https:\/\/miomiorun.com\/es\/guia-especifica\/\">Gu\u00eda de especificaciones t\u00e9cnicas<\/a><\/p>\n<p><\/div><\/div><div class=\"vc-column\"><div class=\"vc-column-text\">Si eres un amante de las excursiones r\u00e1pidas por la monta\u00f1a, las <strong>Prodigio Hike GTX<\/strong> son las zapatillas que estabas buscando. Dise\u00f1adas para el <strong>speed hiking<\/strong>, estas revolucionarias zapatillas te permiten ser a\u00fan m\u00e1s \u00e1gil y seguro en los senderos m\u00e1s exigentes. La <strong>parte superior High Tenacity Mesh<\/strong> ofrece una extraordinaria <strong>amortiguaci\u00f3n<\/strong> y <strong>transpirabilidad<\/strong>, perfecta para afrontar traves\u00edas y ascensos dif\u00edciles.<\/p>\n<p>Si el tiempo cambia, la <strong>membrana GORE-TEX ePE Extended Comfort<\/strong> mantendr\u00e1 tus pies secos y c\u00f3modos, mientras t\u00fa te concentras en el camino. El <strong>tal\u00f3n moldeado con protecci\u00f3n de goma<\/strong> mejora la estabilidad y el apoyo, mientras que el innovador <strong>cuello de punto<\/strong> envuelve el tobillo, proporcion\u00e1ndote la estabilidad necesaria para aumentar el ritmo sin comprometer la seguridad.<\/p>\n<p>La <strong>suela FriXion Red<\/strong>, probada en los terrenos m\u00e1s dif\u00edciles, ofrece un <strong>agarre excepcional<\/strong> en senderos fangosos y rocosos, mientras que la inserci\u00f3n de goma en la puntera protege los dedos de los golpes contra rocas y ra\u00edces. Con las <strong>Prodigio Hike GTX<\/strong>, llegar\u00e1s a la cima m\u00e1s r\u00e1pido y afrontar\u00e1s cada descenso con la m\u00e1xima comodidad y protecci\u00f3n.<\/p>\n<div class=\"product-description col col-12 col-md-6\">\n<h3 id=\"tab-label-techinfo\" class=\"switch-title\">Informaci\u00f3n t\u00e9cnica:<\/h3>\n<\/div>\n<div class=\"col col-12 col-md-6 block-detailed\">\n<div class=\"item-block collapsible-info active\" data-collapsible=\"true\">\n<div class=\"data item content\" aria-labelledby=\"tab-label-techinfo\" data-role=\"content\" aria-hidden=\"false\">\n<div class=\"techinfo-container\">\n<div class=\"techinfo-icons\">\n<div class=\"techinfo-icon\"><a class=\"d-flex flex-column align-items-center text-center\"> <img loading=\"lazy\" decoding=\"async\" class=\" ls-is-cached lazyloaded\" src=\"https:\/\/www.lasportiva.com\/media\/techinfo_icons\/friction-red.png\" alt=\"La Sportiva\" width=\"75\" height=\"75\" data-src=\"https:\/\/www.lasportiva.com\/media\/techinfo_icons\/friction-red.png\">&nbsp;<\/a><\/div>\n<div class=\"techinfo-icon\"><a class=\"d-flex flex-column align-items-center text-center\">Frixion XT Red <\/a><\/div>\n<div class=\"techinfo-icon\"><a class=\"d-flex flex-column align-items-center text-center\"> <img loading=\"lazy\" decoding=\"async\" class=\" ls-is-cached lazyloaded\" src=\"https:\/\/www.lasportiva.com\/media\/techinfo_icons\/impact-brake-system.png\" alt=\"La Sportiva\" width=\"75\" height=\"75\" data-src=\"https:\/\/www.lasportiva.com\/media\/techinfo_icons\/impact-brake-system.png\">&nbsp;<\/a><\/div>\n<div class=\"techinfo-icon\"><a class=\"d-flex flex-column align-items-center text-center\">Impact Brake System Mountain Running <\/a><\/div>\n<div class=\"techinfo-icon\"><a class=\"d-flex flex-column align-items-center text-center\"> <img loading=\"lazy\" decoding=\"async\" class=\" lazyloaded\" src=\"https:\/\/www.lasportiva.com\/media\/techinfo_icons\/g\/o\/goretex_icona_75x75.png\" alt=\"La Sportiva\" width=\"75\" height=\"75\" data-src=\"https:\/\/www.lasportiva.com\/media\/techinfo_icons\/g\/o\/goretex_icona_75x75.png\"><\/a><\/div>\n<div class=\"techinfo-icon\"><a class=\"d-flex flex-column align-items-center text-center\"> Gore-Tex Performance <\/a><\/div>\n<\/div>\n<\/div>\n<\/div>\n<\/div>\n<\/div>\n<p><\/div><\/div><\/div>\n","protected":false},"excerpt":{"rendered":"<ul>\n<li>Calzado optimizado para el senderismo r\u00e1pido<\/li>\n<li>Agarre, ajuste y suavidad de Prodigio<\/li>\n<\/ul>\n","protected":false},"featured_media":271621,"template":"","meta":{"_acf_changed":false,"inline_featured_image":false},"product_brand":[],"product_cat":[24454,24451],"product_tag":[23598,23600],"class_list":{"0":"post-300092","1":"product","2":"type-product","3":"status-publish","4":"has-post-thumbnail","6":"product_cat-calzado-para-hombre","7":"product_cat-trail-es-3","8":"product_tag-la-sportiva-es","9":"product_tag-la-sportiva-hombre","10":"pa_attivita-outdoor-es","11":"pa_attivita-trail-es","12":"pa_colore-prodigio-hike-gtx-jungle-savana-es","13":"pa_colore-prodigio-hike-gtx-onyx-mountain-red-es","14":"pa_marca-la-sportiva-es","15":"pa_sesso-hombre","16":"pa_size-42-5-es","17":"pa_size-43-es","18":"pa_size-44-es","19":"pa_size-44-5-es","20":"pa_size-45-es","22":"first","23":"instock","24":"sale","25":"taxable","26":"shipping-taxable","27":"purchasable","28":"product-type-variable","29":"wvs-archive-product-wrapper"},"acf":[],"yoast_head":"<!-- This site is optimized with the Yoast SEO plugin v26.8 - https:\/\/yoast.com\/product\/yoast-seo-wordpress\/ -->\n<title>La sportiva Prodigio Hike GTX hombre - zapatillas de trail hombre - MioMioRun .com<\/title>\n<meta name=\"description\" content=\"Las Prodigio Hike GTX son unas zapatillas de speed hiking con amortiguaci\u00f3n, transpirabilidad, protecci\u00f3n GORE-TEX y un agarre excepcional.\" \/>\n<meta name=\"robots\" content=\"index, follow, max-snippet:-1, max-image-preview:large, max-video-preview:-1\" \/>\n<link rel=\"canonical\" href=\"https:\/\/www.miomiorun.com\/es\/producto\/prodigio-hike-gtx-hombre\/\" \/>\n<meta property=\"og:locale\" content=\"es_ES\" \/>\n<meta property=\"og:type\" content=\"article\" \/>\n<meta property=\"og:title\" content=\"La sportiva Prodigio Hike GTX hombre - zapatillas de trail hombre - MioMioRun .com\" \/>\n<meta property=\"og:description\" content=\"Las Prodigio Hike GTX son unas zapatillas de speed hiking con amortiguaci\u00f3n, transpirabilidad, protecci\u00f3n GORE-TEX y un agarre excepcional.\" \/>\n<meta property=\"og:url\" content=\"https:\/\/www.miomiorun.com\/es\/producto\/prodigio-hike-gtx-hombre\/\" \/>\n<meta property=\"og:site_name\" content=\"MioMioRun\" \/>\n<meta property=\"article:publisher\" content=\"https:\/\/www.facebook.com\/miomiorun\/\" \/>\n<meta property=\"article:modified_time\" content=\"2026-04-21T14:50:28+00:00\" \/>\n<meta property=\"og:image\" content=\"https:\/\/www.miomiorun.com\/app\/uploads\/2025\/04\/la-sportiva-Prodigio-Hike-GTX-onyx-mountain-red-ZFHS102G19R24.webp\" \/>\n\t<meta property=\"og:image:width\" content=\"600\" \/>\n\t<meta property=\"og:image:height\" content=\"600\" \/>\n\t<meta property=\"og:image:type\" content=\"image\/webp\" \/>\n<meta name=\"twitter:card\" content=\"summary_large_image\" \/>\n<meta name=\"twitter:label1\" content=\"Est. reading time\" \/>\n\t<meta name=\"twitter:data1\" content=\"2 minutes\" \/>\n<script type=\"application\/ld+json\" class=\"yoast-schema-graph\">{\"@context\":\"https:\/\/schema.org\",\"@graph\":[{\"@type\":\"WebPage\",\"@id\":\"https:\/\/www.miomiorun.com\/es\/producto\/prodigio-hike-gtx-hombre\/\",\"url\":\"https:\/\/www.miomiorun.com\/es\/producto\/prodigio-hike-gtx-hombre\/\",\"name\":\"La sportiva Prodigio Hike GTX hombre - zapatillas de trail hombre - MioMioRun .com\",\"isPartOf\":{\"@id\":\"https:\/\/www.miomiorun.com\/es\/#website\"},\"primaryImageOfPage\":{\"@id\":\"https:\/\/www.miomiorun.com\/es\/producto\/prodigio-hike-gtx-hombre\/#primaryimage\"},\"image\":{\"@id\":\"https:\/\/www.miomiorun.com\/es\/producto\/prodigio-hike-gtx-hombre\/#primaryimage\"},\"thumbnailUrl\":\"https:\/\/www.miomiorun.com\/app\/uploads\/2025\/04\/la-sportiva-Prodigio-Hike-GTX-onyx-mountain-red-ZFHS102G19R24.webp\",\"datePublished\":\"2025-04-01T10:01:09+00:00\",\"dateModified\":\"2026-04-21T14:50:28+00:00\",\"description\":\"Las Prodigio Hike GTX son unas zapatillas de speed hiking con amortiguaci\u00f3n, transpirabilidad, protecci\u00f3n GORE-TEX y un agarre excepcional.\",\"breadcrumb\":{\"@id\":\"https:\/\/www.miomiorun.com\/es\/producto\/prodigio-hike-gtx-hombre\/#breadcrumb\"},\"inLanguage\":\"es-ES\",\"potentialAction\":[{\"@type\":\"ReadAction\",\"target\":[\"https:\/\/www.miomiorun.com\/es\/producto\/prodigio-hike-gtx-hombre\/\"]}]},{\"@type\":\"ImageObject\",\"inLanguage\":\"es-ES\",\"@id\":\"https:\/\/www.miomiorun.com\/es\/producto\/prodigio-hike-gtx-hombre\/#primaryimage\",\"url\":\"https:\/\/www.miomiorun.com\/app\/uploads\/2025\/04\/la-sportiva-Prodigio-Hike-GTX-onyx-mountain-red-ZFHS102G19R24.webp\",\"contentUrl\":\"https:\/\/www.miomiorun.com\/app\/uploads\/2025\/04\/la-sportiva-Prodigio-Hike-GTX-onyx-mountain-red-ZFHS102G19R24.webp\",\"width\":600,\"height\":600,\"caption\":\"la sportiva Prodigio Hike GTX onyx mountain red ZFHS102G19R24\"},{\"@type\":\"BreadcrumbList\",\"@id\":\"https:\/\/www.miomiorun.com\/es\/producto\/prodigio-hike-gtx-hombre\/#breadcrumb\",\"itemListElement\":[{\"@type\":\"ListItem\",\"position\":1,\"name\":\"Home\",\"item\":\"https:\/\/www.miomiorun.com\/es\/\"},{\"@type\":\"ListItem\",\"position\":2,\"name\":\"Shop\",\"item\":\"https:\/\/www.miomiorun.com\/shop\/\"},{\"@type\":\"ListItem\",\"position\":3,\"name\":\"Prodigio Hike GTX hombre\"}]},{\"@type\":\"WebSite\",\"@id\":\"https:\/\/www.miomiorun.com\/es\/#website\",\"url\":\"https:\/\/www.miomiorun.com\/es\/\",\"name\":\"MioMioRun\",\"description\":\"Tienda 100% running y trail\",\"publisher\":{\"@id\":\"https:\/\/www.miomiorun.com\/es\/#organization\"},\"potentialAction\":[{\"@type\":\"SearchAction\",\"target\":{\"@type\":\"EntryPoint\",\"urlTemplate\":\"https:\/\/www.miomiorun.com\/es\/?s={search_term_string}\"},\"query-input\":{\"@type\":\"PropertyValueSpecification\",\"valueRequired\":true,\"valueName\":\"search_term_string\"}}],\"inLanguage\":\"es-ES\"},{\"@type\":\"Organization\",\"@id\":\"https:\/\/www.miomiorun.com\/es\/#organization\",\"name\":\"MioMio Run\",\"url\":\"https:\/\/www.miomiorun.com\/es\/\",\"logo\":{\"@type\":\"ImageObject\",\"inLanguage\":\"es-ES\",\"@id\":\"https:\/\/www.miomiorun.com\/es\/#\/schema\/logo\/image\/\",\"url\":\"https:\/\/www.miomiorun.com\/app\/uploads\/2019\/12\/logomio.png\",\"contentUrl\":\"https:\/\/www.miomiorun.com\/app\/uploads\/2019\/12\/logomio.png\",\"width\":115,\"height\":82,\"caption\":\"MioMio Run\"},\"image\":{\"@id\":\"https:\/\/www.miomiorun.com\/es\/#\/schema\/logo\/image\/\"},\"sameAs\":[\"https:\/\/www.facebook.com\/miomiorun\/\",\"https:\/\/www.instagram.com\/miomiorun\/\"]}]}<\/script>\n<!-- \/ Yoast SEO plugin. -->","yoast_head_json":{"title":"La sportiva Prodigio Hike GTX hombre - zapatillas de trail hombre - MioMioRun .com","description":"Las Prodigio Hike GTX son unas zapatillas de speed hiking con amortiguaci\u00f3n, transpirabilidad, protecci\u00f3n GORE-TEX y un agarre excepcional.","robots":{"index":"index","follow":"follow","max-snippet":"max-snippet:-1","max-image-preview":"max-image-preview:large","max-video-preview":"max-video-preview:-1"},"canonical":"https:\/\/www.miomiorun.com\/es\/producto\/prodigio-hike-gtx-hombre\/","og_locale":"es_ES","og_type":"article","og_title":"La sportiva Prodigio Hike GTX hombre - zapatillas de trail hombre - MioMioRun .com","og_description":"Las Prodigio Hike GTX son unas zapatillas de speed hiking con amortiguaci\u00f3n, transpirabilidad, protecci\u00f3n GORE-TEX y un agarre excepcional.","og_url":"https:\/\/www.miomiorun.com\/es\/producto\/prodigio-hike-gtx-hombre\/","og_site_name":"MioMioRun","article_publisher":"https:\/\/www.facebook.com\/miomiorun\/","article_modified_time":"2026-04-21T14:50:28+00:00","og_image":[{"width":600,"height":600,"url":"https:\/\/www.miomiorun.com\/app\/uploads\/2025\/04\/la-sportiva-Prodigio-Hike-GTX-onyx-mountain-red-ZFHS102G19R24.webp","type":"image\/webp"}],"twitter_card":"summary_large_image","twitter_misc":{"Est. reading time":"2 minutes"},"schema":{"@context":"https:\/\/schema.org","@graph":[{"@type":"WebPage","@id":"https:\/\/www.miomiorun.com\/es\/producto\/prodigio-hike-gtx-hombre\/","url":"https:\/\/www.miomiorun.com\/es\/producto\/prodigio-hike-gtx-hombre\/","name":"La sportiva Prodigio Hike GTX hombre - zapatillas de trail hombre - MioMioRun .com","isPartOf":{"@id":"https:\/\/www.miomiorun.com\/es\/#website"},"primaryImageOfPage":{"@id":"https:\/\/www.miomiorun.com\/es\/producto\/prodigio-hike-gtx-hombre\/#primaryimage"},"image":{"@id":"https:\/\/www.miomiorun.com\/es\/producto\/prodigio-hike-gtx-hombre\/#primaryimage"},"thumbnailUrl":"https:\/\/www.miomiorun.com\/app\/uploads\/2025\/04\/la-sportiva-Prodigio-Hike-GTX-onyx-mountain-red-ZFHS102G19R24.webp","datePublished":"2025-04-01T10:01:09+00:00","dateModified":"2026-04-21T14:50:28+00:00","description":"Las Prodigio Hike GTX son unas zapatillas de speed hiking con amortiguaci\u00f3n, transpirabilidad, protecci\u00f3n GORE-TEX y un agarre excepcional.","breadcrumb":{"@id":"https:\/\/www.miomiorun.com\/es\/producto\/prodigio-hike-gtx-hombre\/#breadcrumb"},"inLanguage":"es-ES","potentialAction":[{"@type":"ReadAction","target":["https:\/\/www.miomiorun.com\/es\/producto\/prodigio-hike-gtx-hombre\/"]}]},{"@type":"ImageObject","inLanguage":"es-ES","@id":"https:\/\/www.miomiorun.com\/es\/producto\/prodigio-hike-gtx-hombre\/#primaryimage","url":"https:\/\/www.miomiorun.com\/app\/uploads\/2025\/04\/la-sportiva-Prodigio-Hike-GTX-onyx-mountain-red-ZFHS102G19R24.webp","contentUrl":"https:\/\/www.miomiorun.com\/app\/uploads\/2025\/04\/la-sportiva-Prodigio-Hike-GTX-onyx-mountain-red-ZFHS102G19R24.webp","width":600,"height":600,"caption":"la sportiva Prodigio Hike GTX onyx mountain red ZFHS102G19R24"},{"@type":"BreadcrumbList","@id":"https:\/\/www.miomiorun.com\/es\/producto\/prodigio-hike-gtx-hombre\/#breadcrumb","itemListElement":[{"@type":"ListItem","position":1,"name":"Home","item":"https:\/\/www.miomiorun.com\/es\/"},{"@type":"ListItem","position":2,"name":"Shop","item":"https:\/\/www.miomiorun.com\/shop\/"},{"@type":"ListItem","position":3,"name":"Prodigio Hike GTX hombre"}]},{"@type":"WebSite","@id":"https:\/\/www.miomiorun.com\/es\/#website","url":"https:\/\/www.miomiorun.com\/es\/","name":"MioMioRun","description":"Tienda 100% running y trail","publisher":{"@id":"https:\/\/www.miomiorun.com\/es\/#organization"},"potentialAction":[{"@type":"SearchAction","target":{"@type":"EntryPoint","urlTemplate":"https:\/\/www.miomiorun.com\/es\/?s={search_term_string}"},"query-input":{"@type":"PropertyValueSpecification","valueRequired":true,"valueName":"search_term_string"}}],"inLanguage":"es-ES"},{"@type":"Organization","@id":"https:\/\/www.miomiorun.com\/es\/#organization","name":"MioMio Run","url":"https:\/\/www.miomiorun.com\/es\/","logo":{"@type":"ImageObject","inLanguage":"es-ES","@id":"https:\/\/www.miomiorun.com\/es\/#\/schema\/logo\/image\/","url":"https:\/\/www.miomiorun.com\/app\/uploads\/2019\/12\/logomio.png","contentUrl":"https:\/\/www.miomiorun.com\/app\/uploads\/2019\/12\/logomio.png","width":115,"height":82,"caption":"MioMio Run"},"image":{"@id":"https:\/\/www.miomiorun.com\/es\/#\/schema\/logo\/image\/"},"sameAs":["https:\/\/www.facebook.com\/miomiorun\/","https:\/\/www.instagram.com\/miomiorun\/"]}]}},"_links":{"self":[{"href":"https:\/\/www.miomiorun.com\/es\/wp-json\/wp\/v2\/product\/300092","targetHints":{"allow":["GET"]}}],"collection":[{"href":"https:\/\/www.miomiorun.com\/es\/wp-json\/wp\/v2\/product"}],"about":[{"href":"https:\/\/www.miomiorun.com\/es\/wp-json\/wp\/v2\/types\/product"}],"wp:featuredmedia":[{"embeddable":true,"href":"https:\/\/www.miomiorun.com\/es\/wp-json\/wp\/v2\/media\/271621"}],"wp:attachment":[{"href":"https:\/\/www.miomiorun.com\/es\/wp-json\/wp\/v2\/media?parent=300092"}],"wp:term":[{"taxonomy":"product_brand","embeddable":true,"href":"https:\/\/www.miomiorun.com\/es\/wp-json\/wp\/v2\/product_brand?post=300092"},{"taxonomy":"product_cat","embeddable":true,"href":"https:\/\/www.miomiorun.com\/es\/wp-json\/wp\/v2\/product_cat?post=300092"},{"taxonomy":"product_tag","embeddable":true,"href":"https:\/\/www.miomiorun.com\/es\/wp-json\/wp\/v2\/product_tag?post=300092"}],"curies":[{"name":"wp","href":"https:\/\/api.w.org\/{rel}","templated":true}]}}