{"id":299903,"date":"2025-02-12T12:19:50","date_gmt":"2025-02-12T11:19:50","guid":{"rendered":"https:\/\/miomiorun.com\/prodotto\/superblast-2\/"},"modified":"2025-05-24T09:41:05","modified_gmt":"2025-05-24T07:41:05","slug":"superblast-2","status":"publish","type":"product","link":"https:\/\/www.miomiorun.com\/es\/producto\/superblast-2\/","title":{"rendered":"Superblast 2"},"content":{"rendered":"<div class=\"vc-row container\"><div class=\"vc-column\"><div class=\"vc-column-text\"><\/p>\n<h4>Especificaciones t\u00e9cnicas<\/h4>\n<p>Categor\u00eda: M\u00e1xima amortiguaci\u00f3n<br \/>\nOffset: 8mm<br \/>\nPeso: 249 g<br \/>\nIdeal para : corredores de nivel medio-avanzado, que buscan rendimiento y confort en carrera al mismo tiempo, para obtener buenos resultados en carrera o un entrenamiento de calidad.<br \/>\nPeso del atleta : 55-75 kg<br \/>\nRitmo de carrera : r\u00e1pido (&gt;4.30 min\/km)<br \/>\n<a href=\"https:\/\/miomiorun.com\/es\/guia-especifica\/\">Gu\u00eda de especificaciones<\/a><\/p>\n<p><\/div><\/div><div class=\"vc-column\"><div class=\"vc-column-text\">La <strong>Superblast 2<\/strong> de <strong>Asics<\/strong> es la zapatilla de running definitiva para quienes buscan alto rendimiento, comodidad y sostenibilidad. Con tecnolog\u00eda <strong>FF TURBO<\/strong> PLUS, ofrece una amortiguaci\u00f3n avanzada que restaura la energ\u00eda en cada zancada, sin sobrecargar la zapatilla. La <strong>FF BLAST PLUS ECO<\/strong> proporciona una amortiguaci\u00f3n de alta calidad para una pisada m\u00e1s suave y c\u00f3moda, mientras que el dise\u00f1o de <strong>la suela exterior inspirado en los trampolines<\/strong> garantiza un rebote sensible para maximizar la energ\u00eda en cada zancada.<\/p>\n<p>La <strong>parte superior de malla reforzada<\/strong> mejora la transpirabilidad y proporciona una sujeci\u00f3n \u00f3ptima, mientras que el <strong>sistema de leng\u00fceta con fuelle<\/strong> aumenta la estabilidad y evita que la leng\u00fceta se deslice. La <strong>suela exterior de goma ASICSGRIP\u2122<\/strong> proporciona un agarre seguro en diferentes tipos de terreno, mientras que el contrafuerte <strong>del tal\u00f3n de goma AHAR<\/strong> mejora la durabilidad. <strong>Los peque\u00f1os detalles reflectantes<\/strong> garantizan la visibilidad incluso en condiciones de poca luz.<\/p>\n<p>Dise\u00f1adas pensando en el medio ambiente, las <strong>Superblast<\/strong> 2 est\u00e1n fabricadas con materiales 100% reciclados para la parte superior y reducen el consumo de agua y las emisiones de carbono durante su producci\u00f3n. La <strong>plantilla<\/strong>, la puntera, los ojales, la leng\u00fceta y el forro del cuello est\u00e1n hechos de materiales reciclados, lo que convierte a esta zapatilla no solo en una opci\u00f3n ganadora para tu rendimiento, sino tambi\u00e9n para el planeta.<\/p>\n<p>Con un <strong>diferencial de 8 mm<\/strong> y un peso de s\u00f3lo <strong>249 g<\/strong>, la <strong>Superblast 2<\/strong> es perfecta para quienes buscan una sujeci\u00f3n neutra, la m\u00e1xima amortiguaci\u00f3n y un rendimiento superior, sin renunciar a la sostenibilidad.<\/div><\/div><\/div>\n","protected":false},"excerpt":{"rendered":"<ul>\n<li>Gran amortiguaci\u00f3n<\/li>\n<li>Ideal para tus entrenamientos y competiciones<\/li>\n<li>M\u00e1ximo confort<\/li>\n<\/ul>\n","protected":false},"featured_media":255394,"template":"","meta":{"_acf_changed":false,"inline_featured_image":false},"product_brand":[],"product_cat":[24415,24468,24467,24414],"product_tag":[23559,23669,23670],"class_list":{"0":"post-299903","1":"product","2":"type-product","3":"status-publish","4":"has-post-thumbnail","6":"product_cat-calzado-de-mujer","7":"product_cat-calzado-para-hombre-es","8":"product_cat-neutre-es-4","9":"product_cat-neutre-es-2","10":"product_tag-asics-es","11":"product_tag-asics-hombre","12":"product_tag-asics-mujer","13":"pa_attivita-running-es","14":"pa_colore-superblast-2-black-white","15":"pa_marca-asics-es","16":"pa_sesso-hombre","17":"pa_sesso-mujer","18":"pa_size-43-5-es","20":"first","21":"instock","22":"sale","23":"taxable","24":"shipping-taxable","25":"purchasable","26":"product-type-variable","27":"wvs-archive-product-wrapper"},"acf":[],"yoast_head":"<!-- This site is optimized with the Yoast SEO plugin v26.8 - https:\/\/yoast.com\/product\/yoast-seo-wordpress\/ -->\n<title>Asics Superblast 2 - zapatillas para correr - MioMioRun<\/title>\n<meta name=\"description\" content=\"Superblast 2 combina una amortiguaci\u00f3n de gran respuesta con FF TURBO PLUS, una suela inspirada en los trampolines para un rebote en\u00e9rgico y un agarre excepcional con ASICSGRIP\" \/>\n<meta name=\"robots\" content=\"index, follow, max-snippet:-1, max-image-preview:large, max-video-preview:-1\" \/>\n<link rel=\"canonical\" href=\"https:\/\/www.miomiorun.com\/es\/producto\/superblast-2\/\" \/>\n<meta property=\"og:locale\" content=\"es_ES\" \/>\n<meta property=\"og:type\" content=\"article\" \/>\n<meta property=\"og:title\" content=\"Asics Superblast 2 - zapatillas para correr - MioMioRun\" \/>\n<meta property=\"og:description\" content=\"Superblast 2 combina una amortiguaci\u00f3n de gran respuesta con FF TURBO PLUS, una suela inspirada en los trampolines para un rebote en\u00e9rgico y un agarre excepcional con ASICSGRIP\" \/>\n<meta property=\"og:url\" content=\"https:\/\/www.miomiorun.com\/es\/producto\/superblast-2\/\" \/>\n<meta property=\"og:site_name\" content=\"MioMioRun\" \/>\n<meta property=\"article:publisher\" content=\"https:\/\/www.facebook.com\/miomiorun\/\" \/>\n<meta property=\"article:modified_time\" content=\"2025-05-24T07:41:05+00:00\" \/>\n<meta property=\"og:image\" content=\"https:\/\/www.miomiorun.com\/app\/uploads\/2025\/02\/asics-Superblast-2-wave-teal-illuminate-mint-1013A142-400.webp\" \/>\n\t<meta property=\"og:image:width\" content=\"600\" \/>\n\t<meta property=\"og:image:height\" content=\"600\" \/>\n\t<meta property=\"og:image:type\" content=\"image\/webp\" \/>\n<meta name=\"twitter:card\" content=\"summary_large_image\" \/>\n<meta name=\"twitter:label1\" content=\"Est. reading time\" \/>\n\t<meta name=\"twitter:data1\" content=\"2 minutes\" \/>\n<script type=\"application\/ld+json\" class=\"yoast-schema-graph\">{\"@context\":\"https:\/\/schema.org\",\"@graph\":[{\"@type\":\"WebPage\",\"@id\":\"https:\/\/www.miomiorun.com\/es\/producto\/superblast-2\/\",\"url\":\"https:\/\/www.miomiorun.com\/es\/producto\/superblast-2\/\",\"name\":\"Asics Superblast 2 - zapatillas para correr - MioMioRun\",\"isPartOf\":{\"@id\":\"https:\/\/www.miomiorun.com\/es\/#website\"},\"primaryImageOfPage\":{\"@id\":\"https:\/\/www.miomiorun.com\/es\/producto\/superblast-2\/#primaryimage\"},\"image\":{\"@id\":\"https:\/\/www.miomiorun.com\/es\/producto\/superblast-2\/#primaryimage\"},\"thumbnailUrl\":\"https:\/\/www.miomiorun.com\/app\/uploads\/2025\/02\/asics-Superblast-2-wave-teal-illuminate-mint-1013A142-400.webp\",\"datePublished\":\"2025-02-12T11:19:50+00:00\",\"dateModified\":\"2025-05-24T07:41:05+00:00\",\"description\":\"Superblast 2 combina una amortiguaci\u00f3n de gran respuesta con FF TURBO PLUS, una suela inspirada en los trampolines para un rebote en\u00e9rgico y un agarre excepcional con ASICSGRIP\",\"breadcrumb\":{\"@id\":\"https:\/\/www.miomiorun.com\/es\/producto\/superblast-2\/#breadcrumb\"},\"inLanguage\":\"es-ES\",\"potentialAction\":[{\"@type\":\"ReadAction\",\"target\":[\"https:\/\/www.miomiorun.com\/es\/producto\/superblast-2\/\"]}]},{\"@type\":\"ImageObject\",\"inLanguage\":\"es-ES\",\"@id\":\"https:\/\/www.miomiorun.com\/es\/producto\/superblast-2\/#primaryimage\",\"url\":\"https:\/\/www.miomiorun.com\/app\/uploads\/2025\/02\/asics-Superblast-2-wave-teal-illuminate-mint-1013A142-400.webp\",\"contentUrl\":\"https:\/\/www.miomiorun.com\/app\/uploads\/2025\/02\/asics-Superblast-2-wave-teal-illuminate-mint-1013A142-400.webp\",\"width\":600,\"height\":600,\"caption\":\"asics Superblast 2 wave teal illuminate mint 1013A142 400\"},{\"@type\":\"BreadcrumbList\",\"@id\":\"https:\/\/www.miomiorun.com\/es\/producto\/superblast-2\/#breadcrumb\",\"itemListElement\":[{\"@type\":\"ListItem\",\"position\":1,\"name\":\"Home\",\"item\":\"https:\/\/www.miomiorun.com\/es\/\"},{\"@type\":\"ListItem\",\"position\":2,\"name\":\"Shop\",\"item\":\"https:\/\/www.miomiorun.com\/shop\/\"},{\"@type\":\"ListItem\",\"position\":3,\"name\":\"Superblast 2\"}]},{\"@type\":\"WebSite\",\"@id\":\"https:\/\/www.miomiorun.com\/es\/#website\",\"url\":\"https:\/\/www.miomiorun.com\/es\/\",\"name\":\"MioMioRun\",\"description\":\"Tienda 100% running y trail\",\"publisher\":{\"@id\":\"https:\/\/www.miomiorun.com\/es\/#organization\"},\"potentialAction\":[{\"@type\":\"SearchAction\",\"target\":{\"@type\":\"EntryPoint\",\"urlTemplate\":\"https:\/\/www.miomiorun.com\/es\/?s={search_term_string}\"},\"query-input\":{\"@type\":\"PropertyValueSpecification\",\"valueRequired\":true,\"valueName\":\"search_term_string\"}}],\"inLanguage\":\"es-ES\"},{\"@type\":\"Organization\",\"@id\":\"https:\/\/www.miomiorun.com\/es\/#organization\",\"name\":\"MioMio Run\",\"url\":\"https:\/\/www.miomiorun.com\/es\/\",\"logo\":{\"@type\":\"ImageObject\",\"inLanguage\":\"es-ES\",\"@id\":\"https:\/\/www.miomiorun.com\/es\/#\/schema\/logo\/image\/\",\"url\":\"https:\/\/www.miomiorun.com\/app\/uploads\/2019\/12\/logomio.png\",\"contentUrl\":\"https:\/\/www.miomiorun.com\/app\/uploads\/2019\/12\/logomio.png\",\"width\":115,\"height\":82,\"caption\":\"MioMio Run\"},\"image\":{\"@id\":\"https:\/\/www.miomiorun.com\/es\/#\/schema\/logo\/image\/\"},\"sameAs\":[\"https:\/\/www.facebook.com\/miomiorun\/\",\"https:\/\/www.instagram.com\/miomiorun\/\"]}]}<\/script>\n<!-- \/ Yoast SEO plugin. -->","yoast_head_json":{"title":"Asics Superblast 2 - zapatillas para correr - MioMioRun","description":"Superblast 2 combina una amortiguaci\u00f3n de gran respuesta con FF TURBO PLUS, una suela inspirada en los trampolines para un rebote en\u00e9rgico y un agarre excepcional con ASICSGRIP","robots":{"index":"index","follow":"follow","max-snippet":"max-snippet:-1","max-image-preview":"max-image-preview:large","max-video-preview":"max-video-preview:-1"},"canonical":"https:\/\/www.miomiorun.com\/es\/producto\/superblast-2\/","og_locale":"es_ES","og_type":"article","og_title":"Asics Superblast 2 - zapatillas para correr - MioMioRun","og_description":"Superblast 2 combina una amortiguaci\u00f3n de gran respuesta con FF TURBO PLUS, una suela inspirada en los trampolines para un rebote en\u00e9rgico y un agarre excepcional con ASICSGRIP","og_url":"https:\/\/www.miomiorun.com\/es\/producto\/superblast-2\/","og_site_name":"MioMioRun","article_publisher":"https:\/\/www.facebook.com\/miomiorun\/","article_modified_time":"2025-05-24T07:41:05+00:00","og_image":[{"width":600,"height":600,"url":"https:\/\/www.miomiorun.com\/app\/uploads\/2025\/02\/asics-Superblast-2-wave-teal-illuminate-mint-1013A142-400.webp","type":"image\/webp"}],"twitter_card":"summary_large_image","twitter_misc":{"Est. reading time":"2 minutes"},"schema":{"@context":"https:\/\/schema.org","@graph":[{"@type":"WebPage","@id":"https:\/\/www.miomiorun.com\/es\/producto\/superblast-2\/","url":"https:\/\/www.miomiorun.com\/es\/producto\/superblast-2\/","name":"Asics Superblast 2 - zapatillas para correr - MioMioRun","isPartOf":{"@id":"https:\/\/www.miomiorun.com\/es\/#website"},"primaryImageOfPage":{"@id":"https:\/\/www.miomiorun.com\/es\/producto\/superblast-2\/#primaryimage"},"image":{"@id":"https:\/\/www.miomiorun.com\/es\/producto\/superblast-2\/#primaryimage"},"thumbnailUrl":"https:\/\/www.miomiorun.com\/app\/uploads\/2025\/02\/asics-Superblast-2-wave-teal-illuminate-mint-1013A142-400.webp","datePublished":"2025-02-12T11:19:50+00:00","dateModified":"2025-05-24T07:41:05+00:00","description":"Superblast 2 combina una amortiguaci\u00f3n de gran respuesta con FF TURBO PLUS, una suela inspirada en los trampolines para un rebote en\u00e9rgico y un agarre excepcional con ASICSGRIP","breadcrumb":{"@id":"https:\/\/www.miomiorun.com\/es\/producto\/superblast-2\/#breadcrumb"},"inLanguage":"es-ES","potentialAction":[{"@type":"ReadAction","target":["https:\/\/www.miomiorun.com\/es\/producto\/superblast-2\/"]}]},{"@type":"ImageObject","inLanguage":"es-ES","@id":"https:\/\/www.miomiorun.com\/es\/producto\/superblast-2\/#primaryimage","url":"https:\/\/www.miomiorun.com\/app\/uploads\/2025\/02\/asics-Superblast-2-wave-teal-illuminate-mint-1013A142-400.webp","contentUrl":"https:\/\/www.miomiorun.com\/app\/uploads\/2025\/02\/asics-Superblast-2-wave-teal-illuminate-mint-1013A142-400.webp","width":600,"height":600,"caption":"asics Superblast 2 wave teal illuminate mint 1013A142 400"},{"@type":"BreadcrumbList","@id":"https:\/\/www.miomiorun.com\/es\/producto\/superblast-2\/#breadcrumb","itemListElement":[{"@type":"ListItem","position":1,"name":"Home","item":"https:\/\/www.miomiorun.com\/es\/"},{"@type":"ListItem","position":2,"name":"Shop","item":"https:\/\/www.miomiorun.com\/shop\/"},{"@type":"ListItem","position":3,"name":"Superblast 2"}]},{"@type":"WebSite","@id":"https:\/\/www.miomiorun.com\/es\/#website","url":"https:\/\/www.miomiorun.com\/es\/","name":"MioMioRun","description":"Tienda 100% running y trail","publisher":{"@id":"https:\/\/www.miomiorun.com\/es\/#organization"},"potentialAction":[{"@type":"SearchAction","target":{"@type":"EntryPoint","urlTemplate":"https:\/\/www.miomiorun.com\/es\/?s={search_term_string}"},"query-input":{"@type":"PropertyValueSpecification","valueRequired":true,"valueName":"search_term_string"}}],"inLanguage":"es-ES"},{"@type":"Organization","@id":"https:\/\/www.miomiorun.com\/es\/#organization","name":"MioMio Run","url":"https:\/\/www.miomiorun.com\/es\/","logo":{"@type":"ImageObject","inLanguage":"es-ES","@id":"https:\/\/www.miomiorun.com\/es\/#\/schema\/logo\/image\/","url":"https:\/\/www.miomiorun.com\/app\/uploads\/2019\/12\/logomio.png","contentUrl":"https:\/\/www.miomiorun.com\/app\/uploads\/2019\/12\/logomio.png","width":115,"height":82,"caption":"MioMio Run"},"image":{"@id":"https:\/\/www.miomiorun.com\/es\/#\/schema\/logo\/image\/"},"sameAs":["https:\/\/www.facebook.com\/miomiorun\/","https:\/\/www.instagram.com\/miomiorun\/"]}]}},"_links":{"self":[{"href":"https:\/\/www.miomiorun.com\/es\/wp-json\/wp\/v2\/product\/299903","targetHints":{"allow":["GET"]}}],"collection":[{"href":"https:\/\/www.miomiorun.com\/es\/wp-json\/wp\/v2\/product"}],"about":[{"href":"https:\/\/www.miomiorun.com\/es\/wp-json\/wp\/v2\/types\/product"}],"wp:featuredmedia":[{"embeddable":true,"href":"https:\/\/www.miomiorun.com\/es\/wp-json\/wp\/v2\/media\/255394"}],"wp:attachment":[{"href":"https:\/\/www.miomiorun.com\/es\/wp-json\/wp\/v2\/media?parent=299903"}],"wp:term":[{"taxonomy":"product_brand","embeddable":true,"href":"https:\/\/www.miomiorun.com\/es\/wp-json\/wp\/v2\/product_brand?post=299903"},{"taxonomy":"product_cat","embeddable":true,"href":"https:\/\/www.miomiorun.com\/es\/wp-json\/wp\/v2\/product_cat?post=299903"},{"taxonomy":"product_tag","embeddable":true,"href":"https:\/\/www.miomiorun.com\/es\/wp-json\/wp\/v2\/product_tag?post=299903"}],"curies":[{"name":"wp","href":"https:\/\/api.w.org\/{rel}","templated":true}]}}