{"id":299608,"date":"2025-02-20T12:22:54","date_gmt":"2025-02-20T11:22:54","guid":{"rendered":"https:\/\/miomiorun.com\/prodotto\/prodigio-pro-donna\/"},"modified":"2026-03-04T17:13:20","modified_gmt":"2026-03-04T16:13:20","slug":"prodigio-pro-mujer","status":"publish","type":"product","link":"https:\/\/www.miomiorun.com\/es\/producto\/prodigio-pro-mujer\/","title":{"rendered":"Prodigio Pro mujer"},"content":{"rendered":"<div class=\"vc-row container\"><div class=\"vc-column\"><div class=\"vc-column-text\"><\/p>\n<p><strong>Especificaciones t\u00e9cnicas<\/strong><\/p>\n<p>Categor\u00eda: Amortiguaci\u00f3n estructurada.<br \/>\nOffset: 6 mm.<br \/>\nPeso: 225 g.<br \/>\nIdeal para: corredores de trail que buscan un calzado de alto rendimiento y comodidad en recorridos largos y exigentes.<br \/>\nPeso del atleta: 50-70 kg.<br \/>\nRitmo de carrera: medio (5-6 min\/km).<br \/>\n<a href=\"https:\/\/miomiorun.com\/es\/guia-especifica\/\">Gu\u00eda de especificaciones t\u00e9cnicas<\/a><\/p>\n<p><\/div><\/div><div class=\"vc-column\"> <div class=\"vc-column-text\">La <strong>Prodigio Pro<\/strong> es la zapatilla de running dise\u00f1ada para ultracorredores, aficionados al trail y atletas de competici\u00f3n que no se conforman con nada menos que la excelencia. Gracias a la <strong>tecnolog\u00eda XFlow\u2122 Speed<\/strong>, esta zapatilla redefine el rendimiento en todo tipo de terrenos, combinando a la perfecci\u00f3n innovaci\u00f3n y comodidad. Su exclusiva entresuela XFlow\u2122 Speed es el resultado de una mezcla \u00fanica de <strong>TPU y EVA de doble capa infundidas con nitr\u00f3geno supercr\u00edtico<\/strong>, que maximiza la reactividad y el retorno de energ\u00eda para un rendimiento sin igual. Este avanzado dise\u00f1o permite una acci\u00f3n fluida y reactiva en cada paso, manteniendo una excelente estabilidad incluso en las carreras m\u00e1s t\u00e9cnicas y exigentes.<\/p>\n<p>La parte superior de <strong>malla Power Wire<\/strong>, con refuerzos de <strong>TPU y nailon<\/strong>, garantiza un ajuste preciso y seguro, mientras que el sistema de envoltura de la parte central del pie garantiza una mayor estabilidad, mejorando la transferencia de energ\u00eda en cada zancada. La <strong>protecci\u00f3n metatarsiana de goma<\/strong>, que envuelve la entresuela desde la suela, ofrece una protecci\u00f3n adicional en los tramos m\u00e1s dif\u00edciles, a\u00f1adiendo solidez y seguridad durante el uso en terrenos accidentados.<\/p>\n<p>El cuello interior de <strong>malla<\/strong> mejora el ajuste alrededor del tobillo, manteniendo alejados los residuos y aumentando la comodidad durante las carreras largas. Adem\u00e1s, el <strong>balanc\u00edn del tal\u00f3n<\/strong> mejorado favorece un aterrizaje y un balanceo m\u00e1s r\u00e1pidos, mientras que el <strong>balanc\u00edn del antepi\u00e9<\/strong> mantiene la geometr\u00eda del Prodigio original, optimizando la transici\u00f3n de un paso a otro.<\/p>\n<p>La suela <strong>FriXion\u00ae XF 2.0<\/strong>, equipada con clavos de 4 mm, ofrece una tracci\u00f3n ultraadherente que permite afrontar con seguridad incluso los terrenos m\u00e1s t\u00e9cnicos y dif\u00edciles. Cada paso va acompa\u00f1ado de un agarre excepcional, sin concesiones, gracias a la goma <strong>FriXion\u00ae<\/strong>, que garantiza la m\u00e1xima adherencia en cualquier condici\u00f3n.<\/p>\n<p>Las <strong>especificaciones<\/strong> de la Prodigio Pro incluyen:<\/p>\n<ul>\n<li><strong>Peso<\/strong>: 255 g (8,9 oz)<\/li>\n<li><strong>Tallas<\/strong>: 40 &#8211; 49,5 (con medias tallas)<\/li>\n<li><strong>Parte superior<\/strong>: PES Power Wire con revestimiento de TPU y refuerzo de TPU y nailon, cordones reciclados<\/li>\n<li><strong>Forro<\/strong>: malla 3D reciclada<\/li>\n<li><strong>Suela<\/strong>: XFlow Speed de 5 mm con TPU+NITRO 100 % reciclado<\/li>\n<li><strong>Entresuela<\/strong>: n\u00facleo interno de TPU+NITRO XFlow Speed, pel\u00edcula XFlow Speed\u2122 recubierta de PU, estructura externa de EVA+NITRO XFlow<\/li>\n<li><strong>Suela exterior<\/strong>: FriXion\u00ae XF 2.0 con tejido protector FriXion\u00ae, tacos de 4 mm<\/li>\n<\/ul>\n<p>La <strong>Prodigio Pro<\/strong> es la zapatilla perfecta para quienes quieren superar sus l\u00edmites y vivir la euforia del trail running, con un rendimiento de vanguardia que te acompa\u00f1ar\u00e1 en cada reto. Con su innovadora tecnolog\u00eda y su dise\u00f1o de vanguardia, esta zapatilla est\u00e1 lista para impulsarte m\u00e1s all\u00e1, a cada paso, para que cada carrera sea una conquista.<\/p>\n<p>&nbsp;<\/p>\n<div class=\"block-title product-technology__title\"><strong role=\"heading\">Tecnolog\u00eda<\/strong><\/div>\n<div><\/div>\n<div><\/div>\n<div><img decoding=\"async\" src=\"https:\/\/lcdn.lasportivausa.com\/pub\/media\/sportiva\/technology\/FrixionWhite_TechLogo_100x100_black.png\" alt=\"FriXion\u00ae White (XF 2.0)\"><\/div>\n<div class=\"product-technology__wrapper\">\n<div class=\"product-technology__item\">\n<h3 class=\"product-technology__item-title\">FriXion\u00ae White (XF 2.0)<\/h3>\n<p class=\"product-technology__item-description\">Mezcla superadherente, ideal para salidas que requieren un excelente agarre en todo tipo de terrenos.<\/p>\n<p>&nbsp;<\/p>\n<\/div>\n<div class=\"product-technology__item\">\n<p><img decoding=\"async\" src=\"https:\/\/lcdn.lasportivausa.com\/pub\/media\/sportiva\/technology\/Vegan_TechLogo_100x100_black.png\" alt=\"Vegan\"><\/p>\n<h3 class=\"product-technology__item-title\">Vegan<\/h3>\n<p class=\"product-technology__item-description\">Los productos no contienen materiales de origen animal<\/p>\n<p>&nbsp;<\/p>\n<\/div>\n<div class=\"product-technology__item\">\n<p><img decoding=\"async\" src=\"https:\/\/lcdn.lasportivausa.com\/pub\/media\/sportiva\/technology\/XFlow_TechLogo_100x100_black.png\" alt=\"XFlow\"><\/p>\n<h3 class=\"product-technology__item-title\">XFlow<\/h3>\n<p class=\"product-technology__item-description\">Espuma supercr\u00edtica infundida con nitr\u00f3geno que garantiza una amortiguaci\u00f3n, reactividad y estabilidad \u00f3ptimas<\/p>\n<\/div>\n<\/div>\n<p><\/div><\/div><\/div>\n","protected":false},"excerpt":{"rendered":"<ul>\n<li>Zapatilla de running destinada al mundo del ultra trail.<\/li>\n<li>Excelente amortiguaci\u00f3n.<\/li>\n<\/ul>\n","protected":false},"featured_media":257931,"template":"","meta":{"_acf_changed":false,"inline_featured_image":false},"product_brand":[],"product_cat":[24227,24230],"product_tag":[23598,23640],"class_list":{"0":"post-299608","1":"product","2":"type-product","3":"status-publish","4":"has-post-thumbnail","6":"product_cat-calzado-femenino","7":"product_cat-trail-es","8":"product_tag-la-sportiva-es","9":"product_tag-la-sportiva-mujer","10":"pa_attivita-outdoor-es","11":"pa_attivita-trail-es","12":"pa_colore-prodigio-pro-w-mineral-red-banana-es","13":"pa_colore-prodigio-pro-w-night-sky-rosebay-es","14":"pa_colore-prodigio-pro-w-white-malibu-blue-es","15":"pa_marca-la-sportiva-es","16":"pa_sesso-mujer","17":"pa_size-38-es","18":"pa_size-38-5-es","19":"pa_size-39-es","20":"pa_size-39-5-es","21":"pa_size-40-es","22":"pa_size-40-5-es","23":"pa_size-41-es","25":"first","26":"instock","27":"sale","28":"taxable","29":"shipping-taxable","30":"purchasable","31":"product-type-variable","32":"wvs-archive-product-wrapper"},"acf":[],"yoast_head":"<!-- This site is optimized with the Yoast SEO plugin v26.8 - https:\/\/yoast.com\/product\/yoast-seo-wordpress\/ -->\n<title>La Sportiva Prodigio Pro mujer - Zapatillas de trail para mujer - MioMioRun<\/title>\n<meta name=\"description\" content=\"Prodigio Pro, la nueva zapatilla para mujer dedicada al mundo del trail running. Un producto revolucionario dedicado al mundo Ultra Trail de La Sportiva.\" \/>\n<meta name=\"robots\" content=\"index, follow, max-snippet:-1, max-image-preview:large, max-video-preview:-1\" \/>\n<link rel=\"canonical\" href=\"https:\/\/www.miomiorun.com\/es\/producto\/prodigio-pro-mujer\/\" \/>\n<meta property=\"og:locale\" content=\"es_ES\" \/>\n<meta property=\"og:type\" content=\"article\" \/>\n<meta property=\"og:title\" content=\"La Sportiva Prodigio Pro mujer - Zapatillas de trail para mujer - MioMioRun\" \/>\n<meta property=\"og:description\" content=\"Prodigio Pro, la nueva zapatilla para mujer dedicada al mundo del trail running. Un producto revolucionario dedicado al mundo Ultra Trail de La Sportiva.\" \/>\n<meta property=\"og:url\" content=\"https:\/\/www.miomiorun.com\/es\/producto\/prodigio-pro-mujer\/\" \/>\n<meta property=\"og:site_name\" content=\"MioMioRun\" \/>\n<meta property=\"article:publisher\" content=\"https:\/\/www.facebook.com\/miomiorun\/\" \/>\n<meta property=\"article:modified_time\" content=\"2026-03-04T16:13:20+00:00\" \/>\n<meta property=\"og:image\" content=\"https:\/\/www.miomiorun.com\/app\/uploads\/2025\/02\/la-sportiva-Prodigio-Pro-W-white-malibu-blue-ZFRS101W00B02.webp\" \/>\n\t<meta property=\"og:image:width\" content=\"600\" \/>\n\t<meta property=\"og:image:height\" content=\"600\" \/>\n\t<meta property=\"og:image:type\" content=\"image\/webp\" \/>\n<meta name=\"twitter:card\" content=\"summary_large_image\" \/>\n<meta name=\"twitter:label1\" content=\"Est. reading time\" \/>\n\t<meta name=\"twitter:data1\" content=\"3 minutes\" \/>\n<script type=\"application\/ld+json\" class=\"yoast-schema-graph\">{\"@context\":\"https:\/\/schema.org\",\"@graph\":[{\"@type\":\"WebPage\",\"@id\":\"https:\/\/www.miomiorun.com\/es\/producto\/prodigio-pro-mujer\/\",\"url\":\"https:\/\/www.miomiorun.com\/es\/producto\/prodigio-pro-mujer\/\",\"name\":\"La Sportiva Prodigio Pro mujer - Zapatillas de trail para mujer - MioMioRun\",\"isPartOf\":{\"@id\":\"https:\/\/www.miomiorun.com\/es\/#website\"},\"primaryImageOfPage\":{\"@id\":\"https:\/\/www.miomiorun.com\/es\/producto\/prodigio-pro-mujer\/#primaryimage\"},\"image\":{\"@id\":\"https:\/\/www.miomiorun.com\/es\/producto\/prodigio-pro-mujer\/#primaryimage\"},\"thumbnailUrl\":\"https:\/\/www.miomiorun.com\/app\/uploads\/2025\/02\/la-sportiva-Prodigio-Pro-W-white-malibu-blue-ZFRS101W00B02.webp\",\"datePublished\":\"2025-02-20T11:22:54+00:00\",\"dateModified\":\"2026-03-04T16:13:20+00:00\",\"description\":\"Prodigio Pro, la nueva zapatilla para mujer dedicada al mundo del trail running. Un producto revolucionario dedicado al mundo Ultra Trail de La Sportiva.\",\"breadcrumb\":{\"@id\":\"https:\/\/www.miomiorun.com\/es\/producto\/prodigio-pro-mujer\/#breadcrumb\"},\"inLanguage\":\"es-ES\",\"potentialAction\":[{\"@type\":\"ReadAction\",\"target\":[\"https:\/\/www.miomiorun.com\/es\/producto\/prodigio-pro-mujer\/\"]}]},{\"@type\":\"ImageObject\",\"inLanguage\":\"es-ES\",\"@id\":\"https:\/\/www.miomiorun.com\/es\/producto\/prodigio-pro-mujer\/#primaryimage\",\"url\":\"https:\/\/www.miomiorun.com\/app\/uploads\/2025\/02\/la-sportiva-Prodigio-Pro-W-white-malibu-blue-ZFRS101W00B02.webp\",\"contentUrl\":\"https:\/\/www.miomiorun.com\/app\/uploads\/2025\/02\/la-sportiva-Prodigio-Pro-W-white-malibu-blue-ZFRS101W00B02.webp\",\"width\":600,\"height\":600,\"caption\":\"la sportiva Prodigio Pro W white malibu blue ZFRS101W00B02\"},{\"@type\":\"BreadcrumbList\",\"@id\":\"https:\/\/www.miomiorun.com\/es\/producto\/prodigio-pro-mujer\/#breadcrumb\",\"itemListElement\":[{\"@type\":\"ListItem\",\"position\":1,\"name\":\"Home\",\"item\":\"https:\/\/www.miomiorun.com\/es\/\"},{\"@type\":\"ListItem\",\"position\":2,\"name\":\"Shop\",\"item\":\"https:\/\/www.miomiorun.com\/shop\/\"},{\"@type\":\"ListItem\",\"position\":3,\"name\":\"Prodigio Pro mujer\"}]},{\"@type\":\"WebSite\",\"@id\":\"https:\/\/www.miomiorun.com\/es\/#website\",\"url\":\"https:\/\/www.miomiorun.com\/es\/\",\"name\":\"MioMioRun\",\"description\":\"Tienda 100% running y trail\",\"publisher\":{\"@id\":\"https:\/\/www.miomiorun.com\/es\/#organization\"},\"potentialAction\":[{\"@type\":\"SearchAction\",\"target\":{\"@type\":\"EntryPoint\",\"urlTemplate\":\"https:\/\/www.miomiorun.com\/es\/?s={search_term_string}\"},\"query-input\":{\"@type\":\"PropertyValueSpecification\",\"valueRequired\":true,\"valueName\":\"search_term_string\"}}],\"inLanguage\":\"es-ES\"},{\"@type\":\"Organization\",\"@id\":\"https:\/\/www.miomiorun.com\/es\/#organization\",\"name\":\"MioMio Run\",\"url\":\"https:\/\/www.miomiorun.com\/es\/\",\"logo\":{\"@type\":\"ImageObject\",\"inLanguage\":\"es-ES\",\"@id\":\"https:\/\/www.miomiorun.com\/es\/#\/schema\/logo\/image\/\",\"url\":\"https:\/\/www.miomiorun.com\/app\/uploads\/2019\/12\/logomio.png\",\"contentUrl\":\"https:\/\/www.miomiorun.com\/app\/uploads\/2019\/12\/logomio.png\",\"width\":115,\"height\":82,\"caption\":\"MioMio Run\"},\"image\":{\"@id\":\"https:\/\/www.miomiorun.com\/es\/#\/schema\/logo\/image\/\"},\"sameAs\":[\"https:\/\/www.facebook.com\/miomiorun\/\",\"https:\/\/www.instagram.com\/miomiorun\/\"]}]}<\/script>\n<!-- \/ Yoast SEO plugin. -->","yoast_head_json":{"title":"La Sportiva Prodigio Pro mujer - Zapatillas de trail para mujer - MioMioRun","description":"Prodigio Pro, la nueva zapatilla para mujer dedicada al mundo del trail running. Un producto revolucionario dedicado al mundo Ultra Trail de La Sportiva.","robots":{"index":"index","follow":"follow","max-snippet":"max-snippet:-1","max-image-preview":"max-image-preview:large","max-video-preview":"max-video-preview:-1"},"canonical":"https:\/\/www.miomiorun.com\/es\/producto\/prodigio-pro-mujer\/","og_locale":"es_ES","og_type":"article","og_title":"La Sportiva Prodigio Pro mujer - Zapatillas de trail para mujer - MioMioRun","og_description":"Prodigio Pro, la nueva zapatilla para mujer dedicada al mundo del trail running. Un producto revolucionario dedicado al mundo Ultra Trail de La Sportiva.","og_url":"https:\/\/www.miomiorun.com\/es\/producto\/prodigio-pro-mujer\/","og_site_name":"MioMioRun","article_publisher":"https:\/\/www.facebook.com\/miomiorun\/","article_modified_time":"2026-03-04T16:13:20+00:00","og_image":[{"width":600,"height":600,"url":"https:\/\/www.miomiorun.com\/app\/uploads\/2025\/02\/la-sportiva-Prodigio-Pro-W-white-malibu-blue-ZFRS101W00B02.webp","type":"image\/webp"}],"twitter_card":"summary_large_image","twitter_misc":{"Est. reading time":"3 minutes"},"schema":{"@context":"https:\/\/schema.org","@graph":[{"@type":"WebPage","@id":"https:\/\/www.miomiorun.com\/es\/producto\/prodigio-pro-mujer\/","url":"https:\/\/www.miomiorun.com\/es\/producto\/prodigio-pro-mujer\/","name":"La Sportiva Prodigio Pro mujer - Zapatillas de trail para mujer - MioMioRun","isPartOf":{"@id":"https:\/\/www.miomiorun.com\/es\/#website"},"primaryImageOfPage":{"@id":"https:\/\/www.miomiorun.com\/es\/producto\/prodigio-pro-mujer\/#primaryimage"},"image":{"@id":"https:\/\/www.miomiorun.com\/es\/producto\/prodigio-pro-mujer\/#primaryimage"},"thumbnailUrl":"https:\/\/www.miomiorun.com\/app\/uploads\/2025\/02\/la-sportiva-Prodigio-Pro-W-white-malibu-blue-ZFRS101W00B02.webp","datePublished":"2025-02-20T11:22:54+00:00","dateModified":"2026-03-04T16:13:20+00:00","description":"Prodigio Pro, la nueva zapatilla para mujer dedicada al mundo del trail running. Un producto revolucionario dedicado al mundo Ultra Trail de La Sportiva.","breadcrumb":{"@id":"https:\/\/www.miomiorun.com\/es\/producto\/prodigio-pro-mujer\/#breadcrumb"},"inLanguage":"es-ES","potentialAction":[{"@type":"ReadAction","target":["https:\/\/www.miomiorun.com\/es\/producto\/prodigio-pro-mujer\/"]}]},{"@type":"ImageObject","inLanguage":"es-ES","@id":"https:\/\/www.miomiorun.com\/es\/producto\/prodigio-pro-mujer\/#primaryimage","url":"https:\/\/www.miomiorun.com\/app\/uploads\/2025\/02\/la-sportiva-Prodigio-Pro-W-white-malibu-blue-ZFRS101W00B02.webp","contentUrl":"https:\/\/www.miomiorun.com\/app\/uploads\/2025\/02\/la-sportiva-Prodigio-Pro-W-white-malibu-blue-ZFRS101W00B02.webp","width":600,"height":600,"caption":"la sportiva Prodigio Pro W white malibu blue ZFRS101W00B02"},{"@type":"BreadcrumbList","@id":"https:\/\/www.miomiorun.com\/es\/producto\/prodigio-pro-mujer\/#breadcrumb","itemListElement":[{"@type":"ListItem","position":1,"name":"Home","item":"https:\/\/www.miomiorun.com\/es\/"},{"@type":"ListItem","position":2,"name":"Shop","item":"https:\/\/www.miomiorun.com\/shop\/"},{"@type":"ListItem","position":3,"name":"Prodigio Pro mujer"}]},{"@type":"WebSite","@id":"https:\/\/www.miomiorun.com\/es\/#website","url":"https:\/\/www.miomiorun.com\/es\/","name":"MioMioRun","description":"Tienda 100% running y trail","publisher":{"@id":"https:\/\/www.miomiorun.com\/es\/#organization"},"potentialAction":[{"@type":"SearchAction","target":{"@type":"EntryPoint","urlTemplate":"https:\/\/www.miomiorun.com\/es\/?s={search_term_string}"},"query-input":{"@type":"PropertyValueSpecification","valueRequired":true,"valueName":"search_term_string"}}],"inLanguage":"es-ES"},{"@type":"Organization","@id":"https:\/\/www.miomiorun.com\/es\/#organization","name":"MioMio Run","url":"https:\/\/www.miomiorun.com\/es\/","logo":{"@type":"ImageObject","inLanguage":"es-ES","@id":"https:\/\/www.miomiorun.com\/es\/#\/schema\/logo\/image\/","url":"https:\/\/www.miomiorun.com\/app\/uploads\/2019\/12\/logomio.png","contentUrl":"https:\/\/www.miomiorun.com\/app\/uploads\/2019\/12\/logomio.png","width":115,"height":82,"caption":"MioMio Run"},"image":{"@id":"https:\/\/www.miomiorun.com\/es\/#\/schema\/logo\/image\/"},"sameAs":["https:\/\/www.facebook.com\/miomiorun\/","https:\/\/www.instagram.com\/miomiorun\/"]}]}},"_links":{"self":[{"href":"https:\/\/www.miomiorun.com\/es\/wp-json\/wp\/v2\/product\/299608","targetHints":{"allow":["GET"]}}],"collection":[{"href":"https:\/\/www.miomiorun.com\/es\/wp-json\/wp\/v2\/product"}],"about":[{"href":"https:\/\/www.miomiorun.com\/es\/wp-json\/wp\/v2\/types\/product"}],"wp:featuredmedia":[{"embeddable":true,"href":"https:\/\/www.miomiorun.com\/es\/wp-json\/wp\/v2\/media\/257931"}],"wp:attachment":[{"href":"https:\/\/www.miomiorun.com\/es\/wp-json\/wp\/v2\/media?parent=299608"}],"wp:term":[{"taxonomy":"product_brand","embeddable":true,"href":"https:\/\/www.miomiorun.com\/es\/wp-json\/wp\/v2\/product_brand?post=299608"},{"taxonomy":"product_cat","embeddable":true,"href":"https:\/\/www.miomiorun.com\/es\/wp-json\/wp\/v2\/product_cat?post=299608"},{"taxonomy":"product_tag","embeddable":true,"href":"https:\/\/www.miomiorun.com\/es\/wp-json\/wp\/v2\/product_tag?post=299608"}],"curies":[{"name":"wp","href":"https:\/\/api.w.org\/{rel}","templated":true}]}}