{"id":299540,"date":"2025-02-22T10:01:49","date_gmt":"2025-02-22T09:01:49","guid":{"rendered":"https:\/\/miomiorun.com\/prodotto\/sonic-7-uomo\/"},"modified":"2026-02-25T18:13:14","modified_gmt":"2026-02-25T17:13:14","slug":"sonic-7-hombre","status":"publish","type":"product","link":"https:\/\/www.miomiorun.com\/es\/producto\/sonic-7-hombre\/","title":{"rendered":"Sonic 7 hombre"},"content":{"rendered":"<div class=\"vc-row container\"><div class=\"vc-column\"><div class=\"vc-column-text\"><\/p>\n<p><strong>Especificaciones t\u00e9cnicas<\/strong><\/p>\n<p>Categor\u00eda: amortiguaci\u00f3n reactiva.<br \/>\nOffset: 8 mm.<br \/>\nPeso: 258 g.<br \/>\nIdeal para: corredores con pisada neutra y planta media que buscan un modelo de zapatilla vers\u00e1til, ligera y ultrarr\u00e1pida para afrontar con soltura distancias medias y entrenamientos de calidad.<br \/>\nPeso del atleta: 60-75 kg.<br \/>\nRitmo de carrera: medio-r\u00e1pido (4,00-5,30 min\/km).<br \/>\n<a href=\"https:\/\/miomiorun.com\/es\/guia-especifica\/\">Gu\u00eda de especificaciones t\u00e9cnicas<\/a><\/p>\n<p><\/div><\/div><div class=\"vc-column\"> <div class=\"vc-column-text\">Imagina correr con ligereza y velocidad, reaccionando r\u00e1pidamente a cada paso, como si tuvieras un impulso infinito que te hiciera volar. Las zapatillas SONIC 7 est\u00e1n dise\u00f1adas para ofrecer precisamente eso: una amortiguaci\u00f3n excepcional, suave y reactiva, que reduce el impacto en cada carrera y devuelve la energ\u00eda para darte el impulso necesario para ir m\u00e1s all\u00e1.<\/p>\n<p>Gracias a la <strong>parte superior de jacquard triple<\/strong>, ultraligera y transpirable, el pie respira libremente durante cada entrenamiento, manteniendo la comodidad y la frescura. La <strong>plantilla moldeada en 3D<\/strong> envuelve perfectamente el pie, ofreciendo un ajuste que te har\u00e1 sentir como si la zapatilla estuviera hecha a medida para ti.<\/p>\n<p>La amortiguaci\u00f3n <strong>UA HOVR\u2122<\/strong> no solo es suave, sino tambi\u00e9n extremadamente <strong>reactiva<\/strong>: cada paso est\u00e1 respaldado por un retorno de energ\u00eda que te da el impulso adecuado, haciendo que cada carrera sea m\u00e1s fluida y eficaz. Adem\u00e1s, la <strong>suela de goma<\/strong>, dise\u00f1ada en una sola pieza, ofrece una <strong>resistencia extraordinaria<\/strong>.<\/p>\n<p>Con un <strong>diferencial de 8 mm<\/strong> y un <strong>peso de solo 258 g<\/strong>, estas zapatillas ofrecen un equilibrio perfecto entre ligereza y sujeci\u00f3n. El <strong>cierre est\u00e1ndar con cordones<\/strong> garantiza un ajuste seguro y personalizable.<\/p>\n<p>Perfectas para quienes buscan un alto rendimiento y una comodidad sin concesiones, las zapatillas Sonic 7 son el compa\u00f1ero ideal para quienes quieren ir m\u00e1s all\u00e1 y alcanzar nuevas metas en el running.<\/p>\n<p><\/div><\/div><\/div>\n","protected":false},"excerpt":{"rendered":"<ul>\n<li>Zapatilla ligera.<\/li>\n<li>Perfecta para tus entrenamientos r\u00e1pidos.<\/li>\n<\/ul>\n","protected":false},"featured_media":258662,"template":"","meta":{"_acf_changed":false,"inline_featured_image":false},"product_brand":[],"product_cat":[24454,24453],"product_tag":[23529,23573],"class_list":{"0":"post-299540","1":"product","2":"type-product","3":"status-publish","4":"has-post-thumbnail","6":"product_cat-calzado-para-hombre","7":"product_cat-neutre-es-3","8":"product_tag-under-armour-es","9":"product_tag-under-armour-hombre","10":"pa_attivita-caminar","11":"pa_attivita-fitness-es","12":"pa_attivita-running-es","13":"pa_colore-sonic-7-black-es","14":"pa_marca-under-armour-es","15":"pa_sesso-hombre","16":"pa_size-42-5-es","17":"pa_size-46-es","19":"first","20":"instock","21":"sale","22":"taxable","23":"shipping-taxable","24":"purchasable","25":"product-type-variable","26":"wvs-archive-product-wrapper"},"acf":[],"yoast_head":"<!-- This site is optimized with the Yoast SEO plugin v26.8 - https:\/\/yoast.com\/product\/yoast-seo-wordpress\/ -->\n<title>Under Armour Sonic 7 hombre -zapatillas de correr - MioMioRun<\/title>\n<meta name=\"description\" content=\"Las zapatillas Sonic 7 ofrecen ligereza, amortiguaci\u00f3n y un retorno de energ\u00eda excepcional, garantizando comodidad, velocidad y rendimiento en cada carrera.\" \/>\n<meta name=\"robots\" content=\"index, follow, max-snippet:-1, max-image-preview:large, max-video-preview:-1\" \/>\n<link rel=\"canonical\" href=\"https:\/\/www.miomiorun.com\/es\/producto\/sonic-7-hombre\/\" \/>\n<meta property=\"og:locale\" content=\"es_ES\" \/>\n<meta property=\"og:type\" content=\"article\" \/>\n<meta property=\"og:title\" content=\"Under Armour Sonic 7 hombre -zapatillas de correr - MioMioRun\" \/>\n<meta property=\"og:description\" content=\"Las zapatillas Sonic 7 ofrecen ligereza, amortiguaci\u00f3n y un retorno de energ\u00eda excepcional, garantizando comodidad, velocidad y rendimiento en cada carrera.\" \/>\n<meta property=\"og:url\" content=\"https:\/\/www.miomiorun.com\/es\/producto\/sonic-7-hombre\/\" \/>\n<meta property=\"og:site_name\" content=\"MioMioRun\" \/>\n<meta property=\"article:publisher\" content=\"https:\/\/www.facebook.com\/miomiorun\/\" \/>\n<meta property=\"article:modified_time\" content=\"2026-02-25T17:13:14+00:00\" \/>\n<meta property=\"og:image\" content=\"https:\/\/www.miomiorun.com\/app\/uploads\/2025\/02\/under-armour-Sonic-7-black-3028002-0001.webp\" \/>\n\t<meta property=\"og:image:width\" content=\"600\" \/>\n\t<meta property=\"og:image:height\" content=\"600\" \/>\n\t<meta property=\"og:image:type\" content=\"image\/webp\" \/>\n<meta name=\"twitter:card\" content=\"summary_large_image\" \/>\n<meta name=\"twitter:label1\" content=\"Est. reading time\" \/>\n\t<meta name=\"twitter:data1\" content=\"2 minutes\" \/>\n<script type=\"application\/ld+json\" class=\"yoast-schema-graph\">{\"@context\":\"https:\/\/schema.org\",\"@graph\":[{\"@type\":\"WebPage\",\"@id\":\"https:\/\/www.miomiorun.com\/es\/producto\/sonic-7-hombre\/\",\"url\":\"https:\/\/www.miomiorun.com\/es\/producto\/sonic-7-hombre\/\",\"name\":\"Under Armour Sonic 7 hombre -zapatillas de correr - MioMioRun\",\"isPartOf\":{\"@id\":\"https:\/\/www.miomiorun.com\/es\/#website\"},\"primaryImageOfPage\":{\"@id\":\"https:\/\/www.miomiorun.com\/es\/producto\/sonic-7-hombre\/#primaryimage\"},\"image\":{\"@id\":\"https:\/\/www.miomiorun.com\/es\/producto\/sonic-7-hombre\/#primaryimage\"},\"thumbnailUrl\":\"https:\/\/www.miomiorun.com\/app\/uploads\/2025\/02\/under-armour-Sonic-7-black-3028002-0001.webp\",\"datePublished\":\"2025-02-22T09:01:49+00:00\",\"dateModified\":\"2026-02-25T17:13:14+00:00\",\"description\":\"Las zapatillas Sonic 7 ofrecen ligereza, amortiguaci\u00f3n y un retorno de energ\u00eda excepcional, garantizando comodidad, velocidad y rendimiento en cada carrera.\",\"breadcrumb\":{\"@id\":\"https:\/\/www.miomiorun.com\/es\/producto\/sonic-7-hombre\/#breadcrumb\"},\"inLanguage\":\"es-ES\",\"potentialAction\":[{\"@type\":\"ReadAction\",\"target\":[\"https:\/\/www.miomiorun.com\/es\/producto\/sonic-7-hombre\/\"]}]},{\"@type\":\"ImageObject\",\"inLanguage\":\"es-ES\",\"@id\":\"https:\/\/www.miomiorun.com\/es\/producto\/sonic-7-hombre\/#primaryimage\",\"url\":\"https:\/\/www.miomiorun.com\/app\/uploads\/2025\/02\/under-armour-Sonic-7-black-3028002-0001.webp\",\"contentUrl\":\"https:\/\/www.miomiorun.com\/app\/uploads\/2025\/02\/under-armour-Sonic-7-black-3028002-0001.webp\",\"width\":600,\"height\":600,\"caption\":\"under armour Sonic 7 black 3028002 0001\"},{\"@type\":\"BreadcrumbList\",\"@id\":\"https:\/\/www.miomiorun.com\/es\/producto\/sonic-7-hombre\/#breadcrumb\",\"itemListElement\":[{\"@type\":\"ListItem\",\"position\":1,\"name\":\"Home\",\"item\":\"https:\/\/www.miomiorun.com\/es\/\"},{\"@type\":\"ListItem\",\"position\":2,\"name\":\"Shop\",\"item\":\"https:\/\/www.miomiorun.com\/shop\/\"},{\"@type\":\"ListItem\",\"position\":3,\"name\":\"Sonic 7 hombre\"}]},{\"@type\":\"WebSite\",\"@id\":\"https:\/\/www.miomiorun.com\/es\/#website\",\"url\":\"https:\/\/www.miomiorun.com\/es\/\",\"name\":\"MioMioRun\",\"description\":\"Tienda 100% running y trail\",\"publisher\":{\"@id\":\"https:\/\/www.miomiorun.com\/es\/#organization\"},\"potentialAction\":[{\"@type\":\"SearchAction\",\"target\":{\"@type\":\"EntryPoint\",\"urlTemplate\":\"https:\/\/www.miomiorun.com\/es\/?s={search_term_string}\"},\"query-input\":{\"@type\":\"PropertyValueSpecification\",\"valueRequired\":true,\"valueName\":\"search_term_string\"}}],\"inLanguage\":\"es-ES\"},{\"@type\":\"Organization\",\"@id\":\"https:\/\/www.miomiorun.com\/es\/#organization\",\"name\":\"MioMio Run\",\"url\":\"https:\/\/www.miomiorun.com\/es\/\",\"logo\":{\"@type\":\"ImageObject\",\"inLanguage\":\"es-ES\",\"@id\":\"https:\/\/www.miomiorun.com\/es\/#\/schema\/logo\/image\/\",\"url\":\"https:\/\/www.miomiorun.com\/app\/uploads\/2019\/12\/logomio.png\",\"contentUrl\":\"https:\/\/www.miomiorun.com\/app\/uploads\/2019\/12\/logomio.png\",\"width\":115,\"height\":82,\"caption\":\"MioMio Run\"},\"image\":{\"@id\":\"https:\/\/www.miomiorun.com\/es\/#\/schema\/logo\/image\/\"},\"sameAs\":[\"https:\/\/www.facebook.com\/miomiorun\/\",\"https:\/\/www.instagram.com\/miomiorun\/\"]}]}<\/script>\n<!-- \/ Yoast SEO plugin. -->","yoast_head_json":{"title":"Under Armour Sonic 7 hombre -zapatillas de correr - MioMioRun","description":"Las zapatillas Sonic 7 ofrecen ligereza, amortiguaci\u00f3n y un retorno de energ\u00eda excepcional, garantizando comodidad, velocidad y rendimiento en cada carrera.","robots":{"index":"index","follow":"follow","max-snippet":"max-snippet:-1","max-image-preview":"max-image-preview:large","max-video-preview":"max-video-preview:-1"},"canonical":"https:\/\/www.miomiorun.com\/es\/producto\/sonic-7-hombre\/","og_locale":"es_ES","og_type":"article","og_title":"Under Armour Sonic 7 hombre -zapatillas de correr - MioMioRun","og_description":"Las zapatillas Sonic 7 ofrecen ligereza, amortiguaci\u00f3n y un retorno de energ\u00eda excepcional, garantizando comodidad, velocidad y rendimiento en cada carrera.","og_url":"https:\/\/www.miomiorun.com\/es\/producto\/sonic-7-hombre\/","og_site_name":"MioMioRun","article_publisher":"https:\/\/www.facebook.com\/miomiorun\/","article_modified_time":"2026-02-25T17:13:14+00:00","og_image":[{"width":600,"height":600,"url":"https:\/\/www.miomiorun.com\/app\/uploads\/2025\/02\/under-armour-Sonic-7-black-3028002-0001.webp","type":"image\/webp"}],"twitter_card":"summary_large_image","twitter_misc":{"Est. reading time":"2 minutes"},"schema":{"@context":"https:\/\/schema.org","@graph":[{"@type":"WebPage","@id":"https:\/\/www.miomiorun.com\/es\/producto\/sonic-7-hombre\/","url":"https:\/\/www.miomiorun.com\/es\/producto\/sonic-7-hombre\/","name":"Under Armour Sonic 7 hombre -zapatillas de correr - MioMioRun","isPartOf":{"@id":"https:\/\/www.miomiorun.com\/es\/#website"},"primaryImageOfPage":{"@id":"https:\/\/www.miomiorun.com\/es\/producto\/sonic-7-hombre\/#primaryimage"},"image":{"@id":"https:\/\/www.miomiorun.com\/es\/producto\/sonic-7-hombre\/#primaryimage"},"thumbnailUrl":"https:\/\/www.miomiorun.com\/app\/uploads\/2025\/02\/under-armour-Sonic-7-black-3028002-0001.webp","datePublished":"2025-02-22T09:01:49+00:00","dateModified":"2026-02-25T17:13:14+00:00","description":"Las zapatillas Sonic 7 ofrecen ligereza, amortiguaci\u00f3n y un retorno de energ\u00eda excepcional, garantizando comodidad, velocidad y rendimiento en cada carrera.","breadcrumb":{"@id":"https:\/\/www.miomiorun.com\/es\/producto\/sonic-7-hombre\/#breadcrumb"},"inLanguage":"es-ES","potentialAction":[{"@type":"ReadAction","target":["https:\/\/www.miomiorun.com\/es\/producto\/sonic-7-hombre\/"]}]},{"@type":"ImageObject","inLanguage":"es-ES","@id":"https:\/\/www.miomiorun.com\/es\/producto\/sonic-7-hombre\/#primaryimage","url":"https:\/\/www.miomiorun.com\/app\/uploads\/2025\/02\/under-armour-Sonic-7-black-3028002-0001.webp","contentUrl":"https:\/\/www.miomiorun.com\/app\/uploads\/2025\/02\/under-armour-Sonic-7-black-3028002-0001.webp","width":600,"height":600,"caption":"under armour Sonic 7 black 3028002 0001"},{"@type":"BreadcrumbList","@id":"https:\/\/www.miomiorun.com\/es\/producto\/sonic-7-hombre\/#breadcrumb","itemListElement":[{"@type":"ListItem","position":1,"name":"Home","item":"https:\/\/www.miomiorun.com\/es\/"},{"@type":"ListItem","position":2,"name":"Shop","item":"https:\/\/www.miomiorun.com\/shop\/"},{"@type":"ListItem","position":3,"name":"Sonic 7 hombre"}]},{"@type":"WebSite","@id":"https:\/\/www.miomiorun.com\/es\/#website","url":"https:\/\/www.miomiorun.com\/es\/","name":"MioMioRun","description":"Tienda 100% running y trail","publisher":{"@id":"https:\/\/www.miomiorun.com\/es\/#organization"},"potentialAction":[{"@type":"SearchAction","target":{"@type":"EntryPoint","urlTemplate":"https:\/\/www.miomiorun.com\/es\/?s={search_term_string}"},"query-input":{"@type":"PropertyValueSpecification","valueRequired":true,"valueName":"search_term_string"}}],"inLanguage":"es-ES"},{"@type":"Organization","@id":"https:\/\/www.miomiorun.com\/es\/#organization","name":"MioMio Run","url":"https:\/\/www.miomiorun.com\/es\/","logo":{"@type":"ImageObject","inLanguage":"es-ES","@id":"https:\/\/www.miomiorun.com\/es\/#\/schema\/logo\/image\/","url":"https:\/\/www.miomiorun.com\/app\/uploads\/2019\/12\/logomio.png","contentUrl":"https:\/\/www.miomiorun.com\/app\/uploads\/2019\/12\/logomio.png","width":115,"height":82,"caption":"MioMio Run"},"image":{"@id":"https:\/\/www.miomiorun.com\/es\/#\/schema\/logo\/image\/"},"sameAs":["https:\/\/www.facebook.com\/miomiorun\/","https:\/\/www.instagram.com\/miomiorun\/"]}]}},"_links":{"self":[{"href":"https:\/\/www.miomiorun.com\/es\/wp-json\/wp\/v2\/product\/299540","targetHints":{"allow":["GET"]}}],"collection":[{"href":"https:\/\/www.miomiorun.com\/es\/wp-json\/wp\/v2\/product"}],"about":[{"href":"https:\/\/www.miomiorun.com\/es\/wp-json\/wp\/v2\/types\/product"}],"wp:featuredmedia":[{"embeddable":true,"href":"https:\/\/www.miomiorun.com\/es\/wp-json\/wp\/v2\/media\/258662"}],"wp:attachment":[{"href":"https:\/\/www.miomiorun.com\/es\/wp-json\/wp\/v2\/media?parent=299540"}],"wp:term":[{"taxonomy":"product_brand","embeddable":true,"href":"https:\/\/www.miomiorun.com\/es\/wp-json\/wp\/v2\/product_brand?post=299540"},{"taxonomy":"product_cat","embeddable":true,"href":"https:\/\/www.miomiorun.com\/es\/wp-json\/wp\/v2\/product_cat?post=299540"},{"taxonomy":"product_tag","embeddable":true,"href":"https:\/\/www.miomiorun.com\/es\/wp-json\/wp\/v2\/product_tag?post=299540"}],"curies":[{"name":"wp","href":"https:\/\/api.w.org\/{rel}","templated":true}]}}