{"id":299438,"date":"2025-02-25T11:55:12","date_gmt":"2025-02-25T10:55:12","guid":{"rendered":"https:\/\/miomiorun.com\/prodotto\/kaha-3-low-gtx-donna\/"},"modified":"2026-02-25T17:42:53","modified_gmt":"2026-02-25T16:42:53","slug":"kaha-3-low-gtx-mujer","status":"publish","type":"product","link":"https:\/\/www.miomiorun.com\/es\/producto\/kaha-3-low-gtx-mujer\/","title":{"rendered":"Kaha 3 Low GTX mujer"},"content":{"rendered":"<div class=\"vc-row container\"><div class=\"vc-column\"><div class=\"vc-column-text\"><\/p>\n<p><strong>Especificaciones t\u00e9cnicas<\/strong><\/p>\n<p>Categor\u00eda: amortiguaci\u00f3n superior.<br \/>\nOffset: 7 mm.<br \/>\nPeso: 394 g.<br \/>\nIdeal para: amantes de las caminatas por la monta\u00f1a que buscan un modelo estructurado, pero bien amortiguado y protector, capaz de transmitir el m\u00e1ximo confort en distancias prolongadas.<br \/>\nPeso del atleta: 70-90 kg<br \/>\nRitmo de carrera: medio-lento (6,00-7,00 min\/km)<br \/>\n<a href=\"https:\/\/miomiorun.com\/es\/guia-especifica\/\">Gu\u00eda de especificaciones t\u00e9cnicas<\/a><\/p>\n<p><\/div><div style=\"height:32px\" class=\"vc-empty-space\"><\/div><div class=\"vc-column-text\"><\/p>\n<p><div style=\"width: 1298px;\" class=\"wp-video\"><video class=\"wp-video-shortcode\" id=\"video-299438-1\" width=\"1298\" height=\"1200\" loop autoplay preload=\"metadata\" controls=\"controls\"><source type=\"video\/webm\" src=\"https:\/\/miomiorun.com\/wp-content\/uploads\/2025\/02\/kaha-3-video.webm?_=1\" \/><a href=\"https:\/\/miomiorun.com\/wp-content\/uploads\/2025\/02\/kaha-3-video.webm\">https:\/\/miomiorun.com\/wp-content\/uploads\/2025\/02\/kaha-3-video.webm<\/a><\/video><\/div><\/p>\n<p><\/div><\/div><div class=\"vc-column\"><div class=\"vc-column-text\">Si eres un apasionado del senderismo y buscas unas botas que combinen suavidad, resistencia y comodidad, las <strong>Kaha 3 Low GORE-TEX<\/strong> son lo que necesitas. Perfecto para excursiones de un d\u00eda o para aventuras m\u00e1s largas, este calzado est\u00e1 dise\u00f1ado para garantizar la m\u00e1xima comodidad y protecci\u00f3n en cualquier condici\u00f3n meteorol\u00f3gica.<\/p>\n<p>Su innovador dise\u00f1o se ha perfeccionado con la tecnolog\u00eda <strong>GORE-TEX Invisible Fit<\/strong>, que garantiza un ajuste m\u00e1s c\u00f3modo y mantiene los pies secos incluso en las condiciones m\u00e1s h\u00famedas. La plantilla blanda y la entresuela de <strong>EVA de ca\u00f1a de az\u00facar de doble densidad<\/strong> ofrecen una elasticidad superior a la de los modelos anteriores, lo que reduce la fatiga del pie durante las largas caminatas.<\/p>\n<p>Las <strong>Kaha 3 Low<\/strong> est\u00e1n equipadas con una serie de caracter\u00edsticas avanzadas para garantizar un rendimiento excepcional: la <strong>suela Vibram\u00ae Megagrip<\/strong> ofrece una tracci\u00f3n decisiva en terrenos blandos, mientras que el refuerzo resistente en la puntera y el cuello dise\u00f1ado para aliviar la presi\u00f3n en el tal\u00f3n te protegen de los residuos y los obst\u00e1culos del camino. Gracias al <strong>dise\u00f1o monobloque<\/strong> de la suela, la resistencia ha aumentado considerablemente, mientras que el contrafuerte del tal\u00f3n y el refuerzo en la puntera de TPU moldeado mejoran la durabilidad y la estabilidad.<\/p>\n<p>Fabricada con materiales sostenibles, como el <strong>tejido exterior de poli\u00e9ster reciclado<\/strong> y la <strong>plantilla de PU biorrenovable<\/strong>, la zapatilla Kaha 3 Low es el equilibrio perfecto entre rendimiento y respeto por el medio ambiente. Adem\u00e1s, la <strong>suela Vibram\u00ae Megagrip<\/strong> est\u00e1 dise\u00f1ada para garantizar la m\u00e1xima tracci\u00f3n gracias a los <strong>tacos de 4 mm<\/strong> y al <strong>Traction Lug<\/strong>.<\/p>\n<p>Con su elegante dise\u00f1o y las mejoras introducidas para un ajuste perfecto, la <strong>Kaha 3 Low GORE-TEX<\/strong> est\u00e1 lista para acompa\u00f1arte en todas tus aventuras, desde excursiones ligeras hasta los senderos m\u00e1s exigentes. No solo es una aliada ideal para el senderismo, sino tambi\u00e9n una bota c\u00f3moda, resistente y vers\u00e1til para todo tipo de terrenos y condiciones meteorol\u00f3gicas.<\/p>\n<div class=\"col-12 p-0 col-sm-3\"><img loading=\"lazy\" decoding=\"async\" class=\"\" src=\"https:\/\/www.hoka.com\/on\/demandware.static\/-\/Library-Sites-HOKA-EMEA-SHARED\/default\/dwb1edf833\/images\/landing\/2024\/kaha-3-gtx-pdp\/cushion.svg\" alt=\"\" width=\"83\" height=\"81\"><\/div>\n<div class=\"col-12 p-0 col-sm-3\">Entresuela amortiguada<\/div>\n<div><\/div>\n<div class=\"col-12 p-0 col-sm-3\"><img loading=\"lazy\" decoding=\"async\" class=\"\" src=\"https:\/\/www.hoka.com\/on\/demandware.static\/-\/Library-Sites-HOKA-EMEA-SHARED\/default\/dwa65279cb\/images\/landing\/2024\/kaha-3-gtx-pdp\/metarocker.svg\" alt=\"\" width=\"105\" height=\"67\"><\/div>\n<div class=\"col-12 p-0 col-sm-3\">MetaRocker\u2122 fluido<\/div>\n<div><\/div>\n<div class=\"col-12 p-0 col-sm-3\"><img loading=\"lazy\" decoding=\"async\" class=\"\" src=\"https:\/\/www.hoka.com\/on\/demandware.static\/-\/Library-Sites-HOKA-EMEA-SHARED\/default\/dw3f34fdf7\/images\/landing\/2024\/kaha-3-gtx-pdp\/gore-tex.svg\" alt=\"\" width=\"84\" height=\"84\"><\/div>\n<div class=\"col-12 p-0 col-sm-3\">GORE-TEX Invisible Fit<\/div>\n<div><\/div>\n<div class=\"col-12 p-0 col-sm-3\"><img loading=\"lazy\" decoding=\"async\" class=\"\" src=\"https:\/\/www.hoka.com\/on\/demandware.static\/-\/Library-Sites-HOKA-EMEA-SHARED\/default\/dwfab44800\/images\/landing\/2024\/kaha-3-gtx-pdp\/vibram.svg\" alt=\"\" width=\"115\" height=\"63\"><\/div>\n<div class=\"col-12 p-0 col-sm-3\">Vibram\u00ae Megagrip<\/div>\n<p><\/div><\/div><\/div>\n","protected":false},"excerpt":{"rendered":"<ul>\n<li>Calzado ideal para senderismo.<\/li>\n<li>Suela Vibram\u00ae Megagrip con Traction Lug.<\/li>\n<li>GORE-TEX<\/li>\n<\/ul>\n","protected":false},"featured_media":259104,"template":"","meta":{"_acf_changed":false,"inline_featured_image":false},"product_brand":[],"product_cat":[24227,24230],"product_tag":[23479,23645],"class_list":{"0":"post-299438","1":"product","2":"type-product","3":"status-publish","4":"has-post-thumbnail","6":"product_cat-calzado-femenino","7":"product_cat-trail-es","8":"product_tag-hoka-one-one-es","9":"product_tag-hoka-mujer","10":"pa_attivita-outdoor-es","11":"pa_colore-kaha-3-low-gtx-w-vanilla-mint-fluorite-es","12":"pa_marca-hoka-es","13":"pa_sesso-mujer","14":"pa_size-38-es","15":"pa_size-41-es","16":"pa_size-42-es","18":"first","19":"instock","20":"sale","21":"taxable","22":"shipping-taxable","23":"purchasable","24":"product-type-variable","25":"wvs-archive-product-wrapper"},"acf":[],"yoast_head":"<!-- This site is optimized with the Yoast SEO plugin v26.8 - https:\/\/yoast.com\/product\/yoast-seo-wordpress\/ -->\n<title>HokaKaha 3 Low GTX mujer -zapatos de senderismo - MioMioRun.com<\/title>\n<meta name=\"description\" content=\"La Kaha 3 Low GORE-TEX es una bota de trekking c\u00f3moda, resistente y sostenible, ideal para todo tipo de excursiones y en cualquier condici\u00f3n meteorol\u00f3gica.\" \/>\n<meta name=\"robots\" content=\"index, follow, max-snippet:-1, max-image-preview:large, max-video-preview:-1\" \/>\n<link rel=\"canonical\" href=\"https:\/\/www.miomiorun.com\/es\/producto\/kaha-3-low-gtx-mujer\/\" \/>\n<meta property=\"og:locale\" content=\"es_ES\" \/>\n<meta property=\"og:type\" content=\"article\" \/>\n<meta property=\"og:title\" content=\"HokaKaha 3 Low GTX mujer -zapatos de senderismo - MioMioRun.com\" \/>\n<meta property=\"og:description\" content=\"La Kaha 3 Low GORE-TEX es una bota de trekking c\u00f3moda, resistente y sostenible, ideal para todo tipo de excursiones y en cualquier condici\u00f3n meteorol\u00f3gica.\" \/>\n<meta property=\"og:url\" content=\"https:\/\/www.miomiorun.com\/es\/producto\/kaha-3-low-gtx-mujer\/\" \/>\n<meta property=\"og:site_name\" content=\"MioMioRun\" \/>\n<meta property=\"article:publisher\" content=\"https:\/\/www.facebook.com\/miomiorun\/\" \/>\n<meta property=\"article:modified_time\" content=\"2026-02-25T16:42:53+00:00\" \/>\n<meta property=\"og:image\" content=\"https:\/\/www.miomiorun.com\/app\/uploads\/2025\/02\/hoka-Kaha-3-low-GTX-W-vanilla-mint-fluorite-1162533-VLM.webp\" \/>\n\t<meta property=\"og:image:width\" content=\"600\" \/>\n\t<meta property=\"og:image:height\" content=\"600\" \/>\n\t<meta property=\"og:image:type\" content=\"image\/webp\" \/>\n<meta name=\"twitter:card\" content=\"summary_large_image\" \/>\n<meta name=\"twitter:label1\" content=\"Est. reading time\" \/>\n\t<meta name=\"twitter:data1\" content=\"2 minutes\" \/>\n<script type=\"application\/ld+json\" class=\"yoast-schema-graph\">{\"@context\":\"https:\/\/schema.org\",\"@graph\":[{\"@type\":\"WebPage\",\"@id\":\"https:\/\/www.miomiorun.com\/es\/producto\/kaha-3-low-gtx-mujer\/\",\"url\":\"https:\/\/www.miomiorun.com\/es\/producto\/kaha-3-low-gtx-mujer\/\",\"name\":\"HokaKaha 3 Low GTX mujer -zapatos de senderismo - MioMioRun.com\",\"isPartOf\":{\"@id\":\"https:\/\/www.miomiorun.com\/es\/#website\"},\"primaryImageOfPage\":{\"@id\":\"https:\/\/www.miomiorun.com\/es\/producto\/kaha-3-low-gtx-mujer\/#primaryimage\"},\"image\":{\"@id\":\"https:\/\/www.miomiorun.com\/es\/producto\/kaha-3-low-gtx-mujer\/#primaryimage\"},\"thumbnailUrl\":\"https:\/\/www.miomiorun.com\/app\/uploads\/2025\/02\/hoka-Kaha-3-low-GTX-W-vanilla-mint-fluorite-1162533-VLM.webp\",\"datePublished\":\"2025-02-25T10:55:12+00:00\",\"dateModified\":\"2026-02-25T16:42:53+00:00\",\"description\":\"La Kaha 3 Low GORE-TEX es una bota de trekking c\u00f3moda, resistente y sostenible, ideal para todo tipo de excursiones y en cualquier condici\u00f3n meteorol\u00f3gica.\",\"breadcrumb\":{\"@id\":\"https:\/\/www.miomiorun.com\/es\/producto\/kaha-3-low-gtx-mujer\/#breadcrumb\"},\"inLanguage\":\"es-ES\",\"potentialAction\":[{\"@type\":\"ReadAction\",\"target\":[\"https:\/\/www.miomiorun.com\/es\/producto\/kaha-3-low-gtx-mujer\/\"]}]},{\"@type\":\"ImageObject\",\"inLanguage\":\"es-ES\",\"@id\":\"https:\/\/www.miomiorun.com\/es\/producto\/kaha-3-low-gtx-mujer\/#primaryimage\",\"url\":\"https:\/\/www.miomiorun.com\/app\/uploads\/2025\/02\/hoka-Kaha-3-low-GTX-W-vanilla-mint-fluorite-1162533-VLM.webp\",\"contentUrl\":\"https:\/\/www.miomiorun.com\/app\/uploads\/2025\/02\/hoka-Kaha-3-low-GTX-W-vanilla-mint-fluorite-1162533-VLM.webp\",\"width\":600,\"height\":600,\"caption\":\"hoka Kaha 3 low GTX W vanilla mint fluorite 1162533 VLM\"},{\"@type\":\"BreadcrumbList\",\"@id\":\"https:\/\/www.miomiorun.com\/es\/producto\/kaha-3-low-gtx-mujer\/#breadcrumb\",\"itemListElement\":[{\"@type\":\"ListItem\",\"position\":1,\"name\":\"Home\",\"item\":\"https:\/\/www.miomiorun.com\/es\/\"},{\"@type\":\"ListItem\",\"position\":2,\"name\":\"Shop\",\"item\":\"https:\/\/www.miomiorun.com\/shop\/\"},{\"@type\":\"ListItem\",\"position\":3,\"name\":\"Kaha 3 Low GTX mujer\"}]},{\"@type\":\"WebSite\",\"@id\":\"https:\/\/www.miomiorun.com\/es\/#website\",\"url\":\"https:\/\/www.miomiorun.com\/es\/\",\"name\":\"MioMioRun\",\"description\":\"Tienda 100% running y trail\",\"publisher\":{\"@id\":\"https:\/\/www.miomiorun.com\/es\/#organization\"},\"potentialAction\":[{\"@type\":\"SearchAction\",\"target\":{\"@type\":\"EntryPoint\",\"urlTemplate\":\"https:\/\/www.miomiorun.com\/es\/?s={search_term_string}\"},\"query-input\":{\"@type\":\"PropertyValueSpecification\",\"valueRequired\":true,\"valueName\":\"search_term_string\"}}],\"inLanguage\":\"es-ES\"},{\"@type\":\"Organization\",\"@id\":\"https:\/\/www.miomiorun.com\/es\/#organization\",\"name\":\"MioMio Run\",\"url\":\"https:\/\/www.miomiorun.com\/es\/\",\"logo\":{\"@type\":\"ImageObject\",\"inLanguage\":\"es-ES\",\"@id\":\"https:\/\/www.miomiorun.com\/es\/#\/schema\/logo\/image\/\",\"url\":\"https:\/\/www.miomiorun.com\/app\/uploads\/2019\/12\/logomio.png\",\"contentUrl\":\"https:\/\/www.miomiorun.com\/app\/uploads\/2019\/12\/logomio.png\",\"width\":115,\"height\":82,\"caption\":\"MioMio Run\"},\"image\":{\"@id\":\"https:\/\/www.miomiorun.com\/es\/#\/schema\/logo\/image\/\"},\"sameAs\":[\"https:\/\/www.facebook.com\/miomiorun\/\",\"https:\/\/www.instagram.com\/miomiorun\/\"]}]}<\/script>\n<!-- \/ Yoast SEO plugin. -->","yoast_head_json":{"title":"HokaKaha 3 Low GTX mujer -zapatos de senderismo - MioMioRun.com","description":"La Kaha 3 Low GORE-TEX es una bota de trekking c\u00f3moda, resistente y sostenible, ideal para todo tipo de excursiones y en cualquier condici\u00f3n meteorol\u00f3gica.","robots":{"index":"index","follow":"follow","max-snippet":"max-snippet:-1","max-image-preview":"max-image-preview:large","max-video-preview":"max-video-preview:-1"},"canonical":"https:\/\/www.miomiorun.com\/es\/producto\/kaha-3-low-gtx-mujer\/","og_locale":"es_ES","og_type":"article","og_title":"HokaKaha 3 Low GTX mujer -zapatos de senderismo - MioMioRun.com","og_description":"La Kaha 3 Low GORE-TEX es una bota de trekking c\u00f3moda, resistente y sostenible, ideal para todo tipo de excursiones y en cualquier condici\u00f3n meteorol\u00f3gica.","og_url":"https:\/\/www.miomiorun.com\/es\/producto\/kaha-3-low-gtx-mujer\/","og_site_name":"MioMioRun","article_publisher":"https:\/\/www.facebook.com\/miomiorun\/","article_modified_time":"2026-02-25T16:42:53+00:00","og_image":[{"width":600,"height":600,"url":"https:\/\/www.miomiorun.com\/app\/uploads\/2025\/02\/hoka-Kaha-3-low-GTX-W-vanilla-mint-fluorite-1162533-VLM.webp","type":"image\/webp"}],"twitter_card":"summary_large_image","twitter_misc":{"Est. reading time":"2 minutes"},"schema":{"@context":"https:\/\/schema.org","@graph":[{"@type":"WebPage","@id":"https:\/\/www.miomiorun.com\/es\/producto\/kaha-3-low-gtx-mujer\/","url":"https:\/\/www.miomiorun.com\/es\/producto\/kaha-3-low-gtx-mujer\/","name":"HokaKaha 3 Low GTX mujer -zapatos de senderismo - MioMioRun.com","isPartOf":{"@id":"https:\/\/www.miomiorun.com\/es\/#website"},"primaryImageOfPage":{"@id":"https:\/\/www.miomiorun.com\/es\/producto\/kaha-3-low-gtx-mujer\/#primaryimage"},"image":{"@id":"https:\/\/www.miomiorun.com\/es\/producto\/kaha-3-low-gtx-mujer\/#primaryimage"},"thumbnailUrl":"https:\/\/www.miomiorun.com\/app\/uploads\/2025\/02\/hoka-Kaha-3-low-GTX-W-vanilla-mint-fluorite-1162533-VLM.webp","datePublished":"2025-02-25T10:55:12+00:00","dateModified":"2026-02-25T16:42:53+00:00","description":"La Kaha 3 Low GORE-TEX es una bota de trekking c\u00f3moda, resistente y sostenible, ideal para todo tipo de excursiones y en cualquier condici\u00f3n meteorol\u00f3gica.","breadcrumb":{"@id":"https:\/\/www.miomiorun.com\/es\/producto\/kaha-3-low-gtx-mujer\/#breadcrumb"},"inLanguage":"es-ES","potentialAction":[{"@type":"ReadAction","target":["https:\/\/www.miomiorun.com\/es\/producto\/kaha-3-low-gtx-mujer\/"]}]},{"@type":"ImageObject","inLanguage":"es-ES","@id":"https:\/\/www.miomiorun.com\/es\/producto\/kaha-3-low-gtx-mujer\/#primaryimage","url":"https:\/\/www.miomiorun.com\/app\/uploads\/2025\/02\/hoka-Kaha-3-low-GTX-W-vanilla-mint-fluorite-1162533-VLM.webp","contentUrl":"https:\/\/www.miomiorun.com\/app\/uploads\/2025\/02\/hoka-Kaha-3-low-GTX-W-vanilla-mint-fluorite-1162533-VLM.webp","width":600,"height":600,"caption":"hoka Kaha 3 low GTX W vanilla mint fluorite 1162533 VLM"},{"@type":"BreadcrumbList","@id":"https:\/\/www.miomiorun.com\/es\/producto\/kaha-3-low-gtx-mujer\/#breadcrumb","itemListElement":[{"@type":"ListItem","position":1,"name":"Home","item":"https:\/\/www.miomiorun.com\/es\/"},{"@type":"ListItem","position":2,"name":"Shop","item":"https:\/\/www.miomiorun.com\/shop\/"},{"@type":"ListItem","position":3,"name":"Kaha 3 Low GTX mujer"}]},{"@type":"WebSite","@id":"https:\/\/www.miomiorun.com\/es\/#website","url":"https:\/\/www.miomiorun.com\/es\/","name":"MioMioRun","description":"Tienda 100% running y trail","publisher":{"@id":"https:\/\/www.miomiorun.com\/es\/#organization"},"potentialAction":[{"@type":"SearchAction","target":{"@type":"EntryPoint","urlTemplate":"https:\/\/www.miomiorun.com\/es\/?s={search_term_string}"},"query-input":{"@type":"PropertyValueSpecification","valueRequired":true,"valueName":"search_term_string"}}],"inLanguage":"es-ES"},{"@type":"Organization","@id":"https:\/\/www.miomiorun.com\/es\/#organization","name":"MioMio Run","url":"https:\/\/www.miomiorun.com\/es\/","logo":{"@type":"ImageObject","inLanguage":"es-ES","@id":"https:\/\/www.miomiorun.com\/es\/#\/schema\/logo\/image\/","url":"https:\/\/www.miomiorun.com\/app\/uploads\/2019\/12\/logomio.png","contentUrl":"https:\/\/www.miomiorun.com\/app\/uploads\/2019\/12\/logomio.png","width":115,"height":82,"caption":"MioMio Run"},"image":{"@id":"https:\/\/www.miomiorun.com\/es\/#\/schema\/logo\/image\/"},"sameAs":["https:\/\/www.facebook.com\/miomiorun\/","https:\/\/www.instagram.com\/miomiorun\/"]}]}},"_links":{"self":[{"href":"https:\/\/www.miomiorun.com\/es\/wp-json\/wp\/v2\/product\/299438","targetHints":{"allow":["GET"]}}],"collection":[{"href":"https:\/\/www.miomiorun.com\/es\/wp-json\/wp\/v2\/product"}],"about":[{"href":"https:\/\/www.miomiorun.com\/es\/wp-json\/wp\/v2\/types\/product"}],"wp:featuredmedia":[{"embeddable":true,"href":"https:\/\/www.miomiorun.com\/es\/wp-json\/wp\/v2\/media\/259104"}],"wp:attachment":[{"href":"https:\/\/www.miomiorun.com\/es\/wp-json\/wp\/v2\/media?parent=299438"}],"wp:term":[{"taxonomy":"product_brand","embeddable":true,"href":"https:\/\/www.miomiorun.com\/es\/wp-json\/wp\/v2\/product_brand?post=299438"},{"taxonomy":"product_cat","embeddable":true,"href":"https:\/\/www.miomiorun.com\/es\/wp-json\/wp\/v2\/product_cat?post=299438"},{"taxonomy":"product_tag","embeddable":true,"href":"https:\/\/www.miomiorun.com\/es\/wp-json\/wp\/v2\/product_tag?post=299438"}],"curies":[{"name":"wp","href":"https:\/\/api.w.org\/{rel}","templated":true}]}}