{"id":299402,"date":"2025-03-04T10:17:54","date_gmt":"2025-03-04T09:17:54","guid":{"rendered":"https:\/\/miomiorun.com\/prodotto\/atmosphere-short-sleeve-3-0-uomo\/"},"modified":"2026-05-08T22:31:15","modified_gmt":"2026-05-08T20:31:15","slug":"atmosphere-short-sleeve-3-0-hombre","status":"publish","type":"product","link":"https:\/\/www.miomiorun.com\/es\/producto\/atmosphere-short-sleeve-3-0-hombre\/","title":{"rendered":"Atmosphere Short Sleeve 3.0 hombre"},"content":{"rendered":"<p><strong>\u00abAfront\u00e1 el calor con la m\u00e1xima comodidad gracias a la camiseta Atmosphere Short Sleeve 3.0 de Brooks\u00bb<\/strong><\/p>\n<p>Con esta camiseta de running, el calor ya no ser\u00e1 un obst\u00e1culo para tu rendimiento. Dise\u00f1ada para ofrecerte una protecci\u00f3n solar eficaz, esta prenda est\u00e1 confeccionada con un tejido el\u00e1stico de secado r\u00e1pido que te mantiene fresco y seco durante toda la carrera. Adem\u00e1s, la tecnolog\u00eda antiolor te garantizar\u00e1 una comodidad duradera, incluso en las sesiones m\u00e1s intensas.<\/p>\n<p>El dise\u00f1o <strong>Semi Fitted<\/strong> te ofrece un ajuste perfecto, combinando libertad de movimiento y sujeci\u00f3n. No solo es funcional, sino tambi\u00e9n pr\u00e1ctico: para conservar al m\u00e1ximo su aspecto y rendimiento, basta con lavarlo por separado en la lavadora, evitar el uso de suavizantes y secarlo a bajas temperaturas.<\/p>\n<p>\u00a1Elige el Atmosphere Short Sleeve 3.0 de Brooks para disfrutar al m\u00e1ximo de cada carrera, sin renunciar a la comodidad y la frescura!<\/p>\n","protected":false},"excerpt":{"rendered":"<ul>\n<li>Transpirable<\/li>\n<li>Protecci\u00f3n solar<\/li>\n<li>Resistente a los olores<\/li>\n<\/ul>\n","protected":false},"featured_media":260911,"template":"","meta":{"_acf_changed":false,"inline_featured_image":false},"product_brand":[],"product_cat":[24455,24463],"product_tag":[23463,23661],"class_list":{"0":"post-299402","1":"product","2":"type-product","3":"status-publish","4":"has-post-thumbnail","6":"product_cat-camiseta-es-2","7":"product_cat-ropa-de-hombre-es","8":"product_tag-brooks-es","9":"product_tag-brooks-hombre","10":"pa_attivita-caminar","11":"pa_attivita-fitness-es","12":"pa_attivita-running-es","13":"pa_colore-atmosphere-short-sleeve-3-0-black-es","14":"pa_colore-atmosphere-short-sleeve-3-0-white-shadow-es","15":"pa_marca-brooks-es","16":"pa_sesso-hombre","17":"pa_size-small-es","18":"pa_size-medium-es","19":"pa_size-large-es","21":"first","22":"instock","23":"sale","24":"taxable","25":"shipping-taxable","26":"purchasable","27":"product-type-variable","28":"wvs-archive-product-wrapper"},"acf":[],"yoast_head":"<!-- This site is optimized with the Yoast SEO plugin v26.8 - https:\/\/yoast.com\/product\/yoast-seo-wordpress\/ -->\n<title>Brooks Atmosphere Short Sleeve 3.0 hombre - Camiseta para correr - MioMioRun<\/title>\n<meta name=\"description\" content=\"La camiseta de running Atmosphere Short Sleeve 3.0 ofrece protecci\u00f3n solar, resistencia a los olores y un tejido de secado r\u00e1pido. \u00a1Ven a descubrirla!\" \/>\n<meta name=\"robots\" content=\"index, follow, max-snippet:-1, max-image-preview:large, max-video-preview:-1\" \/>\n<link rel=\"canonical\" href=\"https:\/\/www.miomiorun.com\/es\/producto\/atmosphere-short-sleeve-3-0-hombre\/\" \/>\n<meta property=\"og:locale\" content=\"es_ES\" \/>\n<meta property=\"og:type\" content=\"article\" \/>\n<meta property=\"og:title\" content=\"Brooks Atmosphere Short Sleeve 3.0 hombre - Camiseta para correr - MioMioRun\" \/>\n<meta property=\"og:description\" content=\"La camiseta de running Atmosphere Short Sleeve 3.0 ofrece protecci\u00f3n solar, resistencia a los olores y un tejido de secado r\u00e1pido. \u00a1Ven a descubrirla!\" \/>\n<meta property=\"og:url\" content=\"https:\/\/www.miomiorun.com\/es\/producto\/atmosphere-short-sleeve-3-0-hombre\/\" \/>\n<meta property=\"og:site_name\" content=\"MioMioRun\" \/>\n<meta property=\"article:publisher\" content=\"https:\/\/www.facebook.com\/miomiorun\/\" \/>\n<meta property=\"article:modified_time\" content=\"2026-05-08T20:31:15+00:00\" \/>\n<meta property=\"og:image\" content=\"https:\/\/www.miomiorun.com\/app\/uploads\/2025\/03\/brooks-Atmosphere-short-sleeve-3.0-black-211538001.webp\" \/>\n\t<meta property=\"og:image:width\" content=\"600\" \/>\n\t<meta property=\"og:image:height\" content=\"600\" \/>\n\t<meta property=\"og:image:type\" content=\"image\/webp\" \/>\n<meta name=\"twitter:card\" content=\"summary_large_image\" \/>\n<meta name=\"twitter:label1\" content=\"Est. reading time\" \/>\n\t<meta name=\"twitter:data1\" content=\"1 minute\" \/>\n<script type=\"application\/ld+json\" class=\"yoast-schema-graph\">{\"@context\":\"https:\/\/schema.org\",\"@graph\":[{\"@type\":\"WebPage\",\"@id\":\"https:\/\/www.miomiorun.com\/es\/producto\/atmosphere-short-sleeve-3-0-hombre\/\",\"url\":\"https:\/\/www.miomiorun.com\/es\/producto\/atmosphere-short-sleeve-3-0-hombre\/\",\"name\":\"Brooks Atmosphere Short Sleeve 3.0 hombre - Camiseta para correr - MioMioRun\",\"isPartOf\":{\"@id\":\"https:\/\/www.miomiorun.com\/es\/#website\"},\"primaryImageOfPage\":{\"@id\":\"https:\/\/www.miomiorun.com\/es\/producto\/atmosphere-short-sleeve-3-0-hombre\/#primaryimage\"},\"image\":{\"@id\":\"https:\/\/www.miomiorun.com\/es\/producto\/atmosphere-short-sleeve-3-0-hombre\/#primaryimage\"},\"thumbnailUrl\":\"https:\/\/www.miomiorun.com\/app\/uploads\/2025\/03\/brooks-Atmosphere-short-sleeve-3.0-black-211538001.webp\",\"datePublished\":\"2025-03-04T09:17:54+00:00\",\"dateModified\":\"2026-05-08T20:31:15+00:00\",\"description\":\"La camiseta de running Atmosphere Short Sleeve 3.0 ofrece protecci\u00f3n solar, resistencia a los olores y un tejido de secado r\u00e1pido. \u00a1Ven a descubrirla!\",\"breadcrumb\":{\"@id\":\"https:\/\/www.miomiorun.com\/es\/producto\/atmosphere-short-sleeve-3-0-hombre\/#breadcrumb\"},\"inLanguage\":\"es-ES\",\"potentialAction\":[{\"@type\":\"ReadAction\",\"target\":[\"https:\/\/www.miomiorun.com\/es\/producto\/atmosphere-short-sleeve-3-0-hombre\/\"]}]},{\"@type\":\"ImageObject\",\"inLanguage\":\"es-ES\",\"@id\":\"https:\/\/www.miomiorun.com\/es\/producto\/atmosphere-short-sleeve-3-0-hombre\/#primaryimage\",\"url\":\"https:\/\/www.miomiorun.com\/app\/uploads\/2025\/03\/brooks-Atmosphere-short-sleeve-3.0-black-211538001.webp\",\"contentUrl\":\"https:\/\/www.miomiorun.com\/app\/uploads\/2025\/03\/brooks-Atmosphere-short-sleeve-3.0-black-211538001.webp\",\"width\":600,\"height\":600,\"caption\":\"brooks Atmosphere short sleeve 3.0 black 211538001\"},{\"@type\":\"BreadcrumbList\",\"@id\":\"https:\/\/www.miomiorun.com\/es\/producto\/atmosphere-short-sleeve-3-0-hombre\/#breadcrumb\",\"itemListElement\":[{\"@type\":\"ListItem\",\"position\":1,\"name\":\"Home\",\"item\":\"https:\/\/www.miomiorun.com\/es\/\"},{\"@type\":\"ListItem\",\"position\":2,\"name\":\"Shop\",\"item\":\"https:\/\/www.miomiorun.com\/shop\/\"},{\"@type\":\"ListItem\",\"position\":3,\"name\":\"Atmosphere Short Sleeve 3.0 hombre\"}]},{\"@type\":\"WebSite\",\"@id\":\"https:\/\/www.miomiorun.com\/es\/#website\",\"url\":\"https:\/\/www.miomiorun.com\/es\/\",\"name\":\"MioMioRun\",\"description\":\"Tienda 100% running y trail\",\"publisher\":{\"@id\":\"https:\/\/www.miomiorun.com\/es\/#organization\"},\"potentialAction\":[{\"@type\":\"SearchAction\",\"target\":{\"@type\":\"EntryPoint\",\"urlTemplate\":\"https:\/\/www.miomiorun.com\/es\/?s={search_term_string}\"},\"query-input\":{\"@type\":\"PropertyValueSpecification\",\"valueRequired\":true,\"valueName\":\"search_term_string\"}}],\"inLanguage\":\"es-ES\"},{\"@type\":\"Organization\",\"@id\":\"https:\/\/www.miomiorun.com\/es\/#organization\",\"name\":\"MioMio Run\",\"url\":\"https:\/\/www.miomiorun.com\/es\/\",\"logo\":{\"@type\":\"ImageObject\",\"inLanguage\":\"es-ES\",\"@id\":\"https:\/\/www.miomiorun.com\/es\/#\/schema\/logo\/image\/\",\"url\":\"https:\/\/www.miomiorun.com\/app\/uploads\/2019\/12\/logomio.png\",\"contentUrl\":\"https:\/\/www.miomiorun.com\/app\/uploads\/2019\/12\/logomio.png\",\"width\":115,\"height\":82,\"caption\":\"MioMio Run\"},\"image\":{\"@id\":\"https:\/\/www.miomiorun.com\/es\/#\/schema\/logo\/image\/\"},\"sameAs\":[\"https:\/\/www.facebook.com\/miomiorun\/\",\"https:\/\/www.instagram.com\/miomiorun\/\"]}]}<\/script>\n<!-- \/ Yoast SEO plugin. -->","yoast_head_json":{"title":"Brooks Atmosphere Short Sleeve 3.0 hombre - Camiseta para correr - MioMioRun","description":"La camiseta de running Atmosphere Short Sleeve 3.0 ofrece protecci\u00f3n solar, resistencia a los olores y un tejido de secado r\u00e1pido. \u00a1Ven a descubrirla!","robots":{"index":"index","follow":"follow","max-snippet":"max-snippet:-1","max-image-preview":"max-image-preview:large","max-video-preview":"max-video-preview:-1"},"canonical":"https:\/\/www.miomiorun.com\/es\/producto\/atmosphere-short-sleeve-3-0-hombre\/","og_locale":"es_ES","og_type":"article","og_title":"Brooks Atmosphere Short Sleeve 3.0 hombre - Camiseta para correr - MioMioRun","og_description":"La camiseta de running Atmosphere Short Sleeve 3.0 ofrece protecci\u00f3n solar, resistencia a los olores y un tejido de secado r\u00e1pido. \u00a1Ven a descubrirla!","og_url":"https:\/\/www.miomiorun.com\/es\/producto\/atmosphere-short-sleeve-3-0-hombre\/","og_site_name":"MioMioRun","article_publisher":"https:\/\/www.facebook.com\/miomiorun\/","article_modified_time":"2026-05-08T20:31:15+00:00","og_image":[{"width":600,"height":600,"url":"https:\/\/www.miomiorun.com\/app\/uploads\/2025\/03\/brooks-Atmosphere-short-sleeve-3.0-black-211538001.webp","type":"image\/webp"}],"twitter_card":"summary_large_image","twitter_misc":{"Est. reading time":"1 minute"},"schema":{"@context":"https:\/\/schema.org","@graph":[{"@type":"WebPage","@id":"https:\/\/www.miomiorun.com\/es\/producto\/atmosphere-short-sleeve-3-0-hombre\/","url":"https:\/\/www.miomiorun.com\/es\/producto\/atmosphere-short-sleeve-3-0-hombre\/","name":"Brooks Atmosphere Short Sleeve 3.0 hombre - Camiseta para correr - MioMioRun","isPartOf":{"@id":"https:\/\/www.miomiorun.com\/es\/#website"},"primaryImageOfPage":{"@id":"https:\/\/www.miomiorun.com\/es\/producto\/atmosphere-short-sleeve-3-0-hombre\/#primaryimage"},"image":{"@id":"https:\/\/www.miomiorun.com\/es\/producto\/atmosphere-short-sleeve-3-0-hombre\/#primaryimage"},"thumbnailUrl":"https:\/\/www.miomiorun.com\/app\/uploads\/2025\/03\/brooks-Atmosphere-short-sleeve-3.0-black-211538001.webp","datePublished":"2025-03-04T09:17:54+00:00","dateModified":"2026-05-08T20:31:15+00:00","description":"La camiseta de running Atmosphere Short Sleeve 3.0 ofrece protecci\u00f3n solar, resistencia a los olores y un tejido de secado r\u00e1pido. \u00a1Ven a descubrirla!","breadcrumb":{"@id":"https:\/\/www.miomiorun.com\/es\/producto\/atmosphere-short-sleeve-3-0-hombre\/#breadcrumb"},"inLanguage":"es-ES","potentialAction":[{"@type":"ReadAction","target":["https:\/\/www.miomiorun.com\/es\/producto\/atmosphere-short-sleeve-3-0-hombre\/"]}]},{"@type":"ImageObject","inLanguage":"es-ES","@id":"https:\/\/www.miomiorun.com\/es\/producto\/atmosphere-short-sleeve-3-0-hombre\/#primaryimage","url":"https:\/\/www.miomiorun.com\/app\/uploads\/2025\/03\/brooks-Atmosphere-short-sleeve-3.0-black-211538001.webp","contentUrl":"https:\/\/www.miomiorun.com\/app\/uploads\/2025\/03\/brooks-Atmosphere-short-sleeve-3.0-black-211538001.webp","width":600,"height":600,"caption":"brooks Atmosphere short sleeve 3.0 black 211538001"},{"@type":"BreadcrumbList","@id":"https:\/\/www.miomiorun.com\/es\/producto\/atmosphere-short-sleeve-3-0-hombre\/#breadcrumb","itemListElement":[{"@type":"ListItem","position":1,"name":"Home","item":"https:\/\/www.miomiorun.com\/es\/"},{"@type":"ListItem","position":2,"name":"Shop","item":"https:\/\/www.miomiorun.com\/shop\/"},{"@type":"ListItem","position":3,"name":"Atmosphere Short Sleeve 3.0 hombre"}]},{"@type":"WebSite","@id":"https:\/\/www.miomiorun.com\/es\/#website","url":"https:\/\/www.miomiorun.com\/es\/","name":"MioMioRun","description":"Tienda 100% running y trail","publisher":{"@id":"https:\/\/www.miomiorun.com\/es\/#organization"},"potentialAction":[{"@type":"SearchAction","target":{"@type":"EntryPoint","urlTemplate":"https:\/\/www.miomiorun.com\/es\/?s={search_term_string}"},"query-input":{"@type":"PropertyValueSpecification","valueRequired":true,"valueName":"search_term_string"}}],"inLanguage":"es-ES"},{"@type":"Organization","@id":"https:\/\/www.miomiorun.com\/es\/#organization","name":"MioMio Run","url":"https:\/\/www.miomiorun.com\/es\/","logo":{"@type":"ImageObject","inLanguage":"es-ES","@id":"https:\/\/www.miomiorun.com\/es\/#\/schema\/logo\/image\/","url":"https:\/\/www.miomiorun.com\/app\/uploads\/2019\/12\/logomio.png","contentUrl":"https:\/\/www.miomiorun.com\/app\/uploads\/2019\/12\/logomio.png","width":115,"height":82,"caption":"MioMio Run"},"image":{"@id":"https:\/\/www.miomiorun.com\/es\/#\/schema\/logo\/image\/"},"sameAs":["https:\/\/www.facebook.com\/miomiorun\/","https:\/\/www.instagram.com\/miomiorun\/"]}]}},"_links":{"self":[{"href":"https:\/\/www.miomiorun.com\/es\/wp-json\/wp\/v2\/product\/299402","targetHints":{"allow":["GET"]}}],"collection":[{"href":"https:\/\/www.miomiorun.com\/es\/wp-json\/wp\/v2\/product"}],"about":[{"href":"https:\/\/www.miomiorun.com\/es\/wp-json\/wp\/v2\/types\/product"}],"wp:featuredmedia":[{"embeddable":true,"href":"https:\/\/www.miomiorun.com\/es\/wp-json\/wp\/v2\/media\/260911"}],"wp:attachment":[{"href":"https:\/\/www.miomiorun.com\/es\/wp-json\/wp\/v2\/media?parent=299402"}],"wp:term":[{"taxonomy":"product_brand","embeddable":true,"href":"https:\/\/www.miomiorun.com\/es\/wp-json\/wp\/v2\/product_brand?post=299402"},{"taxonomy":"product_cat","embeddable":true,"href":"https:\/\/www.miomiorun.com\/es\/wp-json\/wp\/v2\/product_cat?post=299402"},{"taxonomy":"product_tag","embeddable":true,"href":"https:\/\/www.miomiorun.com\/es\/wp-json\/wp\/v2\/product_tag?post=299402"}],"curies":[{"name":"wp","href":"https:\/\/api.w.org\/{rel}","templated":true}]}}