{"id":299360,"date":"2025-03-05T10:49:41","date_gmt":"2025-03-05T09:49:41","guid":{"rendered":"https:\/\/miomiorun.com\/prodotto\/endorphin-trainer-donna\/"},"modified":"2026-02-25T16:24:19","modified_gmt":"2026-02-25T15:24:19","slug":"endorphin-trainer-mujer","status":"publish","type":"product","link":"https:\/\/www.miomiorun.com\/es\/producto\/endorphin-trainer-mujer\/","title":{"rendered":"Endorphin Trainer mujer"},"content":{"rendered":"<div class=\"vc-row container\"><div class=\"vc-column\"><div class=\"vc-column-text\"><\/p>\n<h4>Especificaciones t\u00e9cnicas<\/h4>\n<p>Categor\u00eda: Amortiguaci\u00f3n media.<br \/>\nOffset: 8 mm (41\/33).<br \/>\nPeso: 227 g<br \/>\nIdeal para: corredores de nivel medio-alto que buscan rendimiento y comodidad al correr, para entrenamientos de calidad.<br \/>\nPeso del atleta: 55-75 kg<br \/>\nPaso de carrera: r\u00e1pido (&gt;4,30 min\/km)<br \/>\n<a href=\"https:\/\/miomiorun.com\/es\/guia-especifica\/\">Gu\u00eda de especificaciones t\u00e9cnicas<\/a><\/p>\n<p><\/div><\/div><div class=\"vc-column\"><div class=\"vc-column-text\"><\/p>\n<p><em>Endorphin Trainer<\/em>. Esta es la zapatilla que combina la excelencia en el rendimiento, la comodidad en largas distancias y una ligereza que se nota en cada paso, lo que la hace perfecta para tus carreras diarias y las semanas de alto kilometraje.<\/p>\n<p>La <em>Endorphin Trainer<\/em> est\u00e1 pensada para quienes buscan un entrenamiento r\u00e1pido, pero tambi\u00e9n para quienes afrontan sesiones largas y quieren una zapatilla que no solo garantice rendimiento, sino que lo haga de forma estable y duradera. Analicemos juntos algunas de sus principales caracter\u00edsticas:<\/p>\n<ol>\n<li><strong>Innovaci\u00f3n y comodidad<\/strong>: La zapatilla est\u00e1 equipada con una capa superior de espuma incrediRUN, la m\u00e1s ligera y reactiva de su categor\u00eda, capaz de devolver energ\u00eda en cada paso. A esto se a\u00f1ade una capa inferior de PWRRUN, altamente resistente, que garantiza la estabilidad necesaria para largas distancias, al tiempo que mantiene una amortiguaci\u00f3n que se adapta a todo tipo de entrenamiento. La sensaci\u00f3n que tendr\u00e1s en los pies ser\u00e1 la de un apoyo perfecto en cada fase de la carrera.\n<li><strong>Tecnolog\u00eda Speedroll<\/strong>: Una de las innovaciones m\u00e1s emocionantes de esta zapatilla es la tecnolog\u00eda Speedroll, dise\u00f1ada para favorecer una carrera r\u00e1pida y fluida, tal y como buscamos en nuestros entrenamientos diarios. Gracias a la placa de fibra de carbono de \u00be de longitud, esta zapatilla permite una aceleraci\u00f3n natural sin comprometer la comodidad. Adem\u00e1s, la ranura en la parte trasera est\u00e1 dise\u00f1ada para mejorar el dedo gordo del pie y garantizar aterrizajes m\u00e1s suaves, sin perder velocidad en ning\u00fan momento.\n<li><strong>Durabilidad y tracci\u00f3n<\/strong>: La goma de carbono XT-900 es otro punto fuerte de las <em>Endorphin Trainer<\/em>. Colocada en las zonas estrat\u00e9gicas de alta abrasi\u00f3n, ofrece una tracci\u00f3n excepcional y una resistencia superior al desgaste, sin sacrificar la eficiencia de la zapatilla. De este modo, tendr\u00e1s una zapatilla preparada para soportar los entrenamientos diarios con una durabilidad que te acompa\u00f1ar\u00e1 durante cientos de kil\u00f3metros.\n<li><strong>Comodidad sostenible<\/strong>: No olvidemos la importancia de una comodidad que perdure incluso en las carreras m\u00e1s largas. La parte superior de malla t\u00e9cnica garantiza un ajuste seguro y bien estructurado, con una espuma m\u00e1s tradicional que asegura una comodidad excepcional. Adem\u00e1s, esta zapatilla es vegana y contiene materiales reciclados, lo que la convierte en una opci\u00f3n consciente tambi\u00e9n desde el punto de vista de la sostenibilidad.\n<\/li>\n<\/li>\n<\/li>\n<\/li>\n<\/ol>\n<p>En conclusi\u00f3n, la <em>Endorphin Trainer<\/em> es la zapatilla ideal para quienes buscan un calzado vers\u00e1til que combine innovaci\u00f3n, alto rendimiento y comodidad para las carreras diarias. Con una amortiguaci\u00f3n incre\u00edble, una plataforma estable y una estructura duradera, es perfecta tanto para carreras r\u00e1pidas como para largas distancias. Su dise\u00f1o ligero la hace adecuada incluso para grandes distancias, mientras que su capacidad de respuesta garantiza un rendimiento al m\u00e1ximo nivel.<\/p>\n<p>\u00a1No dejes pasar esta oportunidad! La <em>Endorphin Trainer<\/em> es la zapatilla de entrenamiento que estabas buscando.<\/div><\/div><\/div>\n","protected":false},"excerpt":{"rendered":"<ul>\n<li>dise\u00f1ada espec\u00edficamente para las carreras de entrenamiento diarias y para las semanas de alto kilometraje.<\/li>\n<\/ul>\n","protected":false},"featured_media":385721,"template":"","meta":{"_acf_changed":false,"inline_featured_image":false},"product_brand":[],"product_cat":[24227,24228],"product_tag":[23578,23617],"class_list":{"0":"post-299360","1":"product","2":"type-product","3":"status-publish","4":"has-post-thumbnail","6":"product_cat-calzado-femenino","7":"product_cat-neutre-es","8":"product_tag-saucony-es","9":"product_tag-saucony-mujer","10":"pa_attivita-running-es","11":"pa_colore-endorphin-trainer-w-navy-fuchsia-es","12":"pa_colore-endorphin-trainer-w-white-aqua-es","13":"pa_colore-endorphin-trainer-w-white-black-es","14":"pa_colore-endorphin-trainer-w-white-mutant-es","15":"pa_marca-saucony-es","16":"pa_sesso-mujer","17":"pa_size-37-5-es","18":"pa_size-38-es","19":"pa_size-38-5-es","20":"pa_size-39-es","21":"pa_size-40-es","22":"pa_size-40-5-es","23":"pa_size-41-es","25":"first","26":"instock","27":"sale","28":"taxable","29":"shipping-taxable","30":"purchasable","31":"product-type-variable","32":"wvs-archive-product-wrapper"},"acf":[],"yoast_head":"<!-- This site is optimized with the Yoast SEO plugin v26.8 - https:\/\/yoast.com\/product\/yoast-seo-wordpress\/ -->\n<title>Saucony Endorphin Trainer mujer - zapatillas de correr - MioMioRun<\/title>\n<meta name=\"description\" content=\"Endorphin Trainer es una zapatilla de entrenamiento reactiva y duradera, dise\u00f1ada para garantizar comodidad, alto rendimiento y resistencia en las carreras diarias.\" \/>\n<meta name=\"robots\" content=\"index, follow, max-snippet:-1, max-image-preview:large, max-video-preview:-1\" \/>\n<link rel=\"canonical\" href=\"https:\/\/www.miomiorun.com\/es\/producto\/endorphin-trainer-mujer\/\" \/>\n<meta property=\"og:locale\" content=\"es_ES\" \/>\n<meta property=\"og:type\" content=\"article\" \/>\n<meta property=\"og:title\" content=\"Saucony Endorphin Trainer mujer - zapatillas de correr - MioMioRun\" \/>\n<meta property=\"og:description\" content=\"Endorphin Trainer es una zapatilla de entrenamiento reactiva y duradera, dise\u00f1ada para garantizar comodidad, alto rendimiento y resistencia en las carreras diarias.\" \/>\n<meta property=\"og:url\" content=\"https:\/\/www.miomiorun.com\/es\/producto\/endorphin-trainer-mujer\/\" \/>\n<meta property=\"og:site_name\" content=\"MioMioRun\" \/>\n<meta property=\"article:publisher\" content=\"https:\/\/www.facebook.com\/miomiorun\/\" \/>\n<meta property=\"article:modified_time\" content=\"2026-02-25T15:24:19+00:00\" \/>\n<meta property=\"og:image\" content=\"https:\/\/www.miomiorun.com\/app\/uploads\/2026\/01\/saucony-Endorphin-Trainer-W-white-aqua-S10996-120.webp\" \/>\n\t<meta property=\"og:image:width\" content=\"720\" \/>\n\t<meta property=\"og:image:height\" content=\"720\" \/>\n\t<meta property=\"og:image:type\" content=\"image\/webp\" \/>\n<meta name=\"twitter:card\" content=\"summary_large_image\" \/>\n<meta name=\"twitter:label1\" content=\"Est. reading time\" \/>\n\t<meta name=\"twitter:data1\" content=\"3 minutes\" \/>\n<script type=\"application\/ld+json\" class=\"yoast-schema-graph\">{\"@context\":\"https:\/\/schema.org\",\"@graph\":[{\"@type\":\"WebPage\",\"@id\":\"https:\/\/www.miomiorun.com\/es\/producto\/endorphin-trainer-mujer\/\",\"url\":\"https:\/\/www.miomiorun.com\/es\/producto\/endorphin-trainer-mujer\/\",\"name\":\"Saucony Endorphin Trainer mujer - zapatillas de correr - MioMioRun\",\"isPartOf\":{\"@id\":\"https:\/\/www.miomiorun.com\/es\/#website\"},\"primaryImageOfPage\":{\"@id\":\"https:\/\/www.miomiorun.com\/es\/producto\/endorphin-trainer-mujer\/#primaryimage\"},\"image\":{\"@id\":\"https:\/\/www.miomiorun.com\/es\/producto\/endorphin-trainer-mujer\/#primaryimage\"},\"thumbnailUrl\":\"https:\/\/www.miomiorun.com\/app\/uploads\/2026\/01\/saucony-Endorphin-Trainer-W-white-aqua-S10996-120.webp\",\"datePublished\":\"2025-03-05T09:49:41+00:00\",\"dateModified\":\"2026-02-25T15:24:19+00:00\",\"description\":\"Endorphin Trainer es una zapatilla de entrenamiento reactiva y duradera, dise\u00f1ada para garantizar comodidad, alto rendimiento y resistencia en las carreras diarias.\",\"breadcrumb\":{\"@id\":\"https:\/\/www.miomiorun.com\/es\/producto\/endorphin-trainer-mujer\/#breadcrumb\"},\"inLanguage\":\"es-ES\",\"potentialAction\":[{\"@type\":\"ReadAction\",\"target\":[\"https:\/\/www.miomiorun.com\/es\/producto\/endorphin-trainer-mujer\/\"]}]},{\"@type\":\"ImageObject\",\"inLanguage\":\"es-ES\",\"@id\":\"https:\/\/www.miomiorun.com\/es\/producto\/endorphin-trainer-mujer\/#primaryimage\",\"url\":\"https:\/\/www.miomiorun.com\/app\/uploads\/2026\/01\/saucony-Endorphin-Trainer-W-white-aqua-S10996-120.webp\",\"contentUrl\":\"https:\/\/www.miomiorun.com\/app\/uploads\/2026\/01\/saucony-Endorphin-Trainer-W-white-aqua-S10996-120.webp\",\"width\":720,\"height\":720,\"caption\":\"saucony Endorphin Trainer W white aqua S10996-120\"},{\"@type\":\"BreadcrumbList\",\"@id\":\"https:\/\/www.miomiorun.com\/es\/producto\/endorphin-trainer-mujer\/#breadcrumb\",\"itemListElement\":[{\"@type\":\"ListItem\",\"position\":1,\"name\":\"Home\",\"item\":\"https:\/\/www.miomiorun.com\/es\/\"},{\"@type\":\"ListItem\",\"position\":2,\"name\":\"Shop\",\"item\":\"https:\/\/www.miomiorun.com\/shop\/\"},{\"@type\":\"ListItem\",\"position\":3,\"name\":\"Endorphin Trainer mujer\"}]},{\"@type\":\"WebSite\",\"@id\":\"https:\/\/www.miomiorun.com\/es\/#website\",\"url\":\"https:\/\/www.miomiorun.com\/es\/\",\"name\":\"MioMioRun\",\"description\":\"Tienda 100% running y trail\",\"publisher\":{\"@id\":\"https:\/\/www.miomiorun.com\/es\/#organization\"},\"potentialAction\":[{\"@type\":\"SearchAction\",\"target\":{\"@type\":\"EntryPoint\",\"urlTemplate\":\"https:\/\/www.miomiorun.com\/es\/?s={search_term_string}\"},\"query-input\":{\"@type\":\"PropertyValueSpecification\",\"valueRequired\":true,\"valueName\":\"search_term_string\"}}],\"inLanguage\":\"es-ES\"},{\"@type\":\"Organization\",\"@id\":\"https:\/\/www.miomiorun.com\/es\/#organization\",\"name\":\"MioMio Run\",\"url\":\"https:\/\/www.miomiorun.com\/es\/\",\"logo\":{\"@type\":\"ImageObject\",\"inLanguage\":\"es-ES\",\"@id\":\"https:\/\/www.miomiorun.com\/es\/#\/schema\/logo\/image\/\",\"url\":\"https:\/\/www.miomiorun.com\/app\/uploads\/2019\/12\/logomio.png\",\"contentUrl\":\"https:\/\/www.miomiorun.com\/app\/uploads\/2019\/12\/logomio.png\",\"width\":115,\"height\":82,\"caption\":\"MioMio Run\"},\"image\":{\"@id\":\"https:\/\/www.miomiorun.com\/es\/#\/schema\/logo\/image\/\"},\"sameAs\":[\"https:\/\/www.facebook.com\/miomiorun\/\",\"https:\/\/www.instagram.com\/miomiorun\/\"]}]}<\/script>\n<!-- \/ Yoast SEO plugin. -->","yoast_head_json":{"title":"Saucony Endorphin Trainer mujer - zapatillas de correr - MioMioRun","description":"Endorphin Trainer es una zapatilla de entrenamiento reactiva y duradera, dise\u00f1ada para garantizar comodidad, alto rendimiento y resistencia en las carreras diarias.","robots":{"index":"index","follow":"follow","max-snippet":"max-snippet:-1","max-image-preview":"max-image-preview:large","max-video-preview":"max-video-preview:-1"},"canonical":"https:\/\/www.miomiorun.com\/es\/producto\/endorphin-trainer-mujer\/","og_locale":"es_ES","og_type":"article","og_title":"Saucony Endorphin Trainer mujer - zapatillas de correr - MioMioRun","og_description":"Endorphin Trainer es una zapatilla de entrenamiento reactiva y duradera, dise\u00f1ada para garantizar comodidad, alto rendimiento y resistencia en las carreras diarias.","og_url":"https:\/\/www.miomiorun.com\/es\/producto\/endorphin-trainer-mujer\/","og_site_name":"MioMioRun","article_publisher":"https:\/\/www.facebook.com\/miomiorun\/","article_modified_time":"2026-02-25T15:24:19+00:00","og_image":[{"width":720,"height":720,"url":"https:\/\/www.miomiorun.com\/app\/uploads\/2026\/01\/saucony-Endorphin-Trainer-W-white-aqua-S10996-120.webp","type":"image\/webp"}],"twitter_card":"summary_large_image","twitter_misc":{"Est. reading time":"3 minutes"},"schema":{"@context":"https:\/\/schema.org","@graph":[{"@type":"WebPage","@id":"https:\/\/www.miomiorun.com\/es\/producto\/endorphin-trainer-mujer\/","url":"https:\/\/www.miomiorun.com\/es\/producto\/endorphin-trainer-mujer\/","name":"Saucony Endorphin Trainer mujer - zapatillas de correr - MioMioRun","isPartOf":{"@id":"https:\/\/www.miomiorun.com\/es\/#website"},"primaryImageOfPage":{"@id":"https:\/\/www.miomiorun.com\/es\/producto\/endorphin-trainer-mujer\/#primaryimage"},"image":{"@id":"https:\/\/www.miomiorun.com\/es\/producto\/endorphin-trainer-mujer\/#primaryimage"},"thumbnailUrl":"https:\/\/www.miomiorun.com\/app\/uploads\/2026\/01\/saucony-Endorphin-Trainer-W-white-aqua-S10996-120.webp","datePublished":"2025-03-05T09:49:41+00:00","dateModified":"2026-02-25T15:24:19+00:00","description":"Endorphin Trainer es una zapatilla de entrenamiento reactiva y duradera, dise\u00f1ada para garantizar comodidad, alto rendimiento y resistencia en las carreras diarias.","breadcrumb":{"@id":"https:\/\/www.miomiorun.com\/es\/producto\/endorphin-trainer-mujer\/#breadcrumb"},"inLanguage":"es-ES","potentialAction":[{"@type":"ReadAction","target":["https:\/\/www.miomiorun.com\/es\/producto\/endorphin-trainer-mujer\/"]}]},{"@type":"ImageObject","inLanguage":"es-ES","@id":"https:\/\/www.miomiorun.com\/es\/producto\/endorphin-trainer-mujer\/#primaryimage","url":"https:\/\/www.miomiorun.com\/app\/uploads\/2026\/01\/saucony-Endorphin-Trainer-W-white-aqua-S10996-120.webp","contentUrl":"https:\/\/www.miomiorun.com\/app\/uploads\/2026\/01\/saucony-Endorphin-Trainer-W-white-aqua-S10996-120.webp","width":720,"height":720,"caption":"saucony Endorphin Trainer W white aqua S10996-120"},{"@type":"BreadcrumbList","@id":"https:\/\/www.miomiorun.com\/es\/producto\/endorphin-trainer-mujer\/#breadcrumb","itemListElement":[{"@type":"ListItem","position":1,"name":"Home","item":"https:\/\/www.miomiorun.com\/es\/"},{"@type":"ListItem","position":2,"name":"Shop","item":"https:\/\/www.miomiorun.com\/shop\/"},{"@type":"ListItem","position":3,"name":"Endorphin Trainer mujer"}]},{"@type":"WebSite","@id":"https:\/\/www.miomiorun.com\/es\/#website","url":"https:\/\/www.miomiorun.com\/es\/","name":"MioMioRun","description":"Tienda 100% running y trail","publisher":{"@id":"https:\/\/www.miomiorun.com\/es\/#organization"},"potentialAction":[{"@type":"SearchAction","target":{"@type":"EntryPoint","urlTemplate":"https:\/\/www.miomiorun.com\/es\/?s={search_term_string}"},"query-input":{"@type":"PropertyValueSpecification","valueRequired":true,"valueName":"search_term_string"}}],"inLanguage":"es-ES"},{"@type":"Organization","@id":"https:\/\/www.miomiorun.com\/es\/#organization","name":"MioMio Run","url":"https:\/\/www.miomiorun.com\/es\/","logo":{"@type":"ImageObject","inLanguage":"es-ES","@id":"https:\/\/www.miomiorun.com\/es\/#\/schema\/logo\/image\/","url":"https:\/\/www.miomiorun.com\/app\/uploads\/2019\/12\/logomio.png","contentUrl":"https:\/\/www.miomiorun.com\/app\/uploads\/2019\/12\/logomio.png","width":115,"height":82,"caption":"MioMio Run"},"image":{"@id":"https:\/\/www.miomiorun.com\/es\/#\/schema\/logo\/image\/"},"sameAs":["https:\/\/www.facebook.com\/miomiorun\/","https:\/\/www.instagram.com\/miomiorun\/"]}]}},"_links":{"self":[{"href":"https:\/\/www.miomiorun.com\/es\/wp-json\/wp\/v2\/product\/299360","targetHints":{"allow":["GET"]}}],"collection":[{"href":"https:\/\/www.miomiorun.com\/es\/wp-json\/wp\/v2\/product"}],"about":[{"href":"https:\/\/www.miomiorun.com\/es\/wp-json\/wp\/v2\/types\/product"}],"wp:featuredmedia":[{"embeddable":true,"href":"https:\/\/www.miomiorun.com\/es\/wp-json\/wp\/v2\/media\/385721"}],"wp:attachment":[{"href":"https:\/\/www.miomiorun.com\/es\/wp-json\/wp\/v2\/media?parent=299360"}],"wp:term":[{"taxonomy":"product_brand","embeddable":true,"href":"https:\/\/www.miomiorun.com\/es\/wp-json\/wp\/v2\/product_brand?post=299360"},{"taxonomy":"product_cat","embeddable":true,"href":"https:\/\/www.miomiorun.com\/es\/wp-json\/wp\/v2\/product_cat?post=299360"},{"taxonomy":"product_tag","embeddable":true,"href":"https:\/\/www.miomiorun.com\/es\/wp-json\/wp\/v2\/product_tag?post=299360"}],"curies":[{"name":"wp","href":"https:\/\/api.w.org\/{rel}","templated":true}]}}