{"id":299308,"date":"2025-03-05T11:32:59","date_gmt":"2025-03-05T10:32:59","guid":{"rendered":"https:\/\/miomiorun.com\/prodotto\/endorphin-elite-2-uomo\/"},"modified":"2025-11-15T21:33:33","modified_gmt":"2025-11-15T20:33:33","slug":"endorphin-elite-2","status":"publish","type":"product","link":"https:\/\/www.miomiorun.com\/es\/producto\/endorphin-elite-2\/","title":{"rendered":"Endorphin Elite 2"},"content":{"rendered":"<div class=\"vc-row container\"><div class=\"vc-column\"><div class=\"vc-column-text\"><\/p>\n<h4>Especificaciones t\u00e9cnicas<\/h4>\n<p>Categor\u00eda: Amortiguaci\u00f3n media<br \/>\nOffset: 8mm (39.5\/31.5mm)<br \/>\nPeso: 199g<br \/>\nIdeal para : corredores avanzados, que buscan un rendimiento muy alto y confort de carrera al mismo tiempo, para conseguir excelentes resultados en carreras o para entrenamientos de alta intensidad.<br \/>\nPeso del atleta : 50-65 kg<br \/>\nRitmo de carrera : r\u00e1pido (&gt;4.00 min\/km)<br \/>\n<a href=\"https:\/\/miomiorun.com\/es\/guia-especifica\/\">Gu\u00eda de especificaciones<\/a><\/p>\n<p><\/div><div style=\"height:52px\" class=\"vc-empty-space\"><\/div><div class=\"vc-column-text\"><\/p>\n<p><div style=\"width: 720px;\" class=\"wp-video\"><video class=\"wp-video-shortcode\" id=\"video-299308-1\" width=\"720\" height=\"1280\" loop autoplay preload=\"metadata\" controls=\"controls\"><source type=\"video\/mp4\" src=\"https:\/\/miomiorun.com\/wp-content\/uploads\/2025\/03\/ENDORPHINE-ELITE-2.mp4?_=1\" \/><a href=\"https:\/\/miomiorun.com\/wp-content\/uploads\/2025\/03\/ENDORPHINE-ELITE-2.mp4\">https:\/\/miomiorun.com\/wp-content\/uploads\/2025\/03\/ENDORPHINE-ELITE-2.mp4<\/a><\/video><\/div><\/p>\n<p><\/div><div style=\"height:32px\" class=\"vc-empty-space\"><\/div><\/div><div class=\"vc-column\"><div class=\"vc-column-text\"><em>Endorphin Elite 2<\/em>, la zapatilla de competici\u00f3n que te llevar\u00e1 a la l\u00ednea de salida con la confianza de que nadie est\u00e1 mejor equipado que t\u00fa. Esta es la zapatilla dise\u00f1ada para aquellos que quieren un rendimiento incre\u00edble, ligereza y velocidad, justo el d\u00eda de la carrera, cuando cada detalle cuenta.<\/p>\n<p>La <em>Endorphin Elite 2<\/em> incorpora la revolucionaria tecnolog\u00eda SpeedRoll, impulsada por la nueva espuma incrediRUN. Esta espuma, a diferencia de todas sus predecesoras, ofrece unos niveles de retorno de energ\u00eda y amortiguaci\u00f3n nunca vistos. Te sentir\u00e1s como si volaras, con cada paso devolviendo una energ\u00eda incre\u00edble para una marcha a\u00fan m\u00e1s r\u00e1pida y reactiva. Es una sensaci\u00f3n que hay que experimentar para creerla.<\/p>\n<p>La zapatilla tambi\u00e9n est\u00e1 equipada con una <strong>placa de fibra de carbono de longitud completa<\/strong>, dise\u00f1ada para maximizar la flexibilidad del mediopi\u00e9 y darte un empuje continuo, paso tras paso. Y no acaba aqu\u00ed: el avanzado dibujo de la suela hace de esta zapatilla nuestra opci\u00f3n m\u00e1s agresiva para las carreras, optimizando la tracci\u00f3n en cualquier superficie, mientras que la <strong>suela de goma PWRTRAC<\/strong>, fina y adherente, te da la confianza necesaria para afrontar cualquier terreno sin comprometer la velocidad.<\/p>\n<p>La parte superior es ligera y aerodin\u00e1mica, dise\u00f1ada para favorecer <strong>la transpirabilidad<\/strong> en largas distancias, y el tal\u00f3n moldeado sin costuras garantiza un ajuste perfecto, seguro y c\u00f3modo para que puedas centrarte \u00fanicamente en la carrera.<\/p>\n<p>Con un incre\u00edble peso de s\u00f3lo <strong>199 g<\/strong>, la Endorphin Elite 2 es la zapatilla ideal para quienes desean batir r\u00e9cords de rendimiento. Y, para aquellos que tambi\u00e9n est\u00e1n concienciados con el medio ambiente, sepan que esta zapatilla es <strong>vegana<\/strong> y est\u00e1 fabricada con <strong>materiales reciclados<\/strong>, lo que representa una elecci\u00f3n sostenible sin comprometer el rendimiento.<\/p>\n<p>Si est\u00e1s preparado para darlo todo el d\u00eda de la carrera, la Endorphin Elite 2 es la zapatilla que estabas buscando. No pierdas esta oportunidad: \u00a1la excelencia te espera en la salida!<\/div><div class=\"vc-column-text\"><a href=\"https:\/\/miomiorun.com\/wp-content\/uploads\/2025\/03\/saucony-Endorphin-Elite-2-dettaglio-2.webp\"><img loading=\"lazy\" decoding=\"async\" class=\"alignnone wp-image-263086 size-medium\" src=\"https:\/\/miomiorun.com\/wp-content\/uploads\/2025\/03\/saucony-Endorphin-Elite-2-dettaglio-2-300x300.webp\" alt=\"\" width=\"300\" height=\"300\" srcset=\"https:\/\/www.miomiorun.com\/app\/uploads\/2025\/03\/saucony-Endorphin-Elite-2-dettaglio-2-300x300.webp 300w, https:\/\/www.miomiorun.com\/app\/uploads\/2025\/03\/saucony-Endorphin-Elite-2-dettaglio-2-100x100.webp 100w, https:\/\/www.miomiorun.com\/app\/uploads\/2025\/03\/saucony-Endorphin-Elite-2-dettaglio-2-150x150.webp 150w, https:\/\/www.miomiorun.com\/app\/uploads\/2025\/03\/saucony-Endorphin-Elite-2-dettaglio-2-400x400.webp 400w, https:\/\/www.miomiorun.com\/app\/uploads\/2025\/03\/saucony-Endorphin-Elite-2-dettaglio-2-85x85.webp 85w, https:\/\/www.miomiorun.com\/app\/uploads\/2025\/03\/saucony-Endorphin-Elite-2-dettaglio-2-50x50.webp 50w, https:\/\/www.miomiorun.com\/app\/uploads\/2025\/03\/saucony-Endorphin-Elite-2-dettaglio-2-32x32.webp 32w, https:\/\/www.miomiorun.com\/app\/uploads\/2025\/03\/saucony-Endorphin-Elite-2-dettaglio-2-480x480.webp 480w, https:\/\/www.miomiorun.com\/app\/uploads\/2025\/03\/saucony-Endorphin-Elite-2-dettaglio-2.webp 600w\" sizes=\"auto, (max-width: 300px) 100vw, 300px\" \/><\/a><a href=\"https:\/\/miomiorun.com\/wp-content\/uploads\/2025\/03\/saucony-Endorphin-Elite-2-dettaglio-3.webp\"><img loading=\"lazy\" decoding=\"async\" class=\"alignnone wp-image-263091 size-medium\" src=\"https:\/\/miomiorun.com\/wp-content\/uploads\/2025\/03\/saucony-Endorphin-Elite-2-dettaglio-3-300x300.webp\" alt=\"\" width=\"300\" height=\"300\" srcset=\"https:\/\/www.miomiorun.com\/app\/uploads\/2025\/03\/saucony-Endorphin-Elite-2-dettaglio-3-300x300.webp 300w, https:\/\/www.miomiorun.com\/app\/uploads\/2025\/03\/saucony-Endorphin-Elite-2-dettaglio-3-100x100.webp 100w, https:\/\/www.miomiorun.com\/app\/uploads\/2025\/03\/saucony-Endorphin-Elite-2-dettaglio-3-150x150.webp 150w, https:\/\/www.miomiorun.com\/app\/uploads\/2025\/03\/saucony-Endorphin-Elite-2-dettaglio-3-400x400.webp 400w, https:\/\/www.miomiorun.com\/app\/uploads\/2025\/03\/saucony-Endorphin-Elite-2-dettaglio-3-85x85.webp 85w, https:\/\/www.miomiorun.com\/app\/uploads\/2025\/03\/saucony-Endorphin-Elite-2-dettaglio-3-50x50.webp 50w, https:\/\/www.miomiorun.com\/app\/uploads\/2025\/03\/saucony-Endorphin-Elite-2-dettaglio-3-32x32.webp 32w, https:\/\/www.miomiorun.com\/app\/uploads\/2025\/03\/saucony-Endorphin-Elite-2-dettaglio-3-480x480.webp 480w, https:\/\/www.miomiorun.com\/app\/uploads\/2025\/03\/saucony-Endorphin-Elite-2-dettaglio-3.webp 600w\" sizes=\"auto, (max-width: 300px) 100vw, 300px\" \/><\/a><a href=\"https:\/\/miomiorun.com\/wp-content\/uploads\/2025\/03\/saucony-Endorphin-Elite-2-dettaglio.webp\"><img loading=\"lazy\" decoding=\"async\" class=\"alignnone wp-image-263096 size-medium\" src=\"https:\/\/miomiorun.com\/wp-content\/uploads\/2025\/03\/saucony-Endorphin-Elite-2-dettaglio-300x300.webp\" alt=\"\" width=\"300\" height=\"300\" srcset=\"https:\/\/www.miomiorun.com\/app\/uploads\/2025\/03\/saucony-Endorphin-Elite-2-dettaglio-300x300.webp 300w, https:\/\/www.miomiorun.com\/app\/uploads\/2025\/03\/saucony-Endorphin-Elite-2-dettaglio-100x100.webp 100w, https:\/\/www.miomiorun.com\/app\/uploads\/2025\/03\/saucony-Endorphin-Elite-2-dettaglio-150x150.webp 150w, https:\/\/www.miomiorun.com\/app\/uploads\/2025\/03\/saucony-Endorphin-Elite-2-dettaglio-400x400.webp 400w, https:\/\/www.miomiorun.com\/app\/uploads\/2025\/03\/saucony-Endorphin-Elite-2-dettaglio-85x85.webp 85w, https:\/\/www.miomiorun.com\/app\/uploads\/2025\/03\/saucony-Endorphin-Elite-2-dettaglio-50x50.webp 50w, https:\/\/www.miomiorun.com\/app\/uploads\/2025\/03\/saucony-Endorphin-Elite-2-dettaglio-32x32.webp 32w, https:\/\/www.miomiorun.com\/app\/uploads\/2025\/03\/saucony-Endorphin-Elite-2-dettaglio-480x480.webp 480w, https:\/\/www.miomiorun.com\/app\/uploads\/2025\/03\/saucony-Endorphin-Elite-2-dettaglio.webp 600w\" sizes=\"auto, (max-width: 300px) 100vw, 300px\" \/><\/a><a href=\"https:\/\/miomiorun.com\/wp-content\/uploads\/2025\/03\/saucony-Endorphin-Elite-2-intersuola.webp\"><img loading=\"lazy\" decoding=\"async\" class=\"alignnone wp-image-263101 size-medium\" src=\"https:\/\/miomiorun.com\/wp-content\/uploads\/2025\/03\/saucony-Endorphin-Elite-2-intersuola-300x300.webp\" alt=\"\" width=\"300\" height=\"300\" srcset=\"https:\/\/www.miomiorun.com\/app\/uploads\/2025\/03\/saucony-Endorphin-Elite-2-intersuola-300x300.webp 300w, https:\/\/www.miomiorun.com\/app\/uploads\/2025\/03\/saucony-Endorphin-Elite-2-intersuola-100x100.webp 100w, https:\/\/www.miomiorun.com\/app\/uploads\/2025\/03\/saucony-Endorphin-Elite-2-intersuola-150x150.webp 150w, https:\/\/www.miomiorun.com\/app\/uploads\/2025\/03\/saucony-Endorphin-Elite-2-intersuola-400x400.webp 400w, https:\/\/www.miomiorun.com\/app\/uploads\/2025\/03\/saucony-Endorphin-Elite-2-intersuola-85x85.webp 85w, https:\/\/www.miomiorun.com\/app\/uploads\/2025\/03\/saucony-Endorphin-Elite-2-intersuola-50x50.webp 50w, https:\/\/www.miomiorun.com\/app\/uploads\/2025\/03\/saucony-Endorphin-Elite-2-intersuola-32x32.webp 32w, https:\/\/www.miomiorun.com\/app\/uploads\/2025\/03\/saucony-Endorphin-Elite-2-intersuola-480x480.webp 480w, https:\/\/www.miomiorun.com\/app\/uploads\/2025\/03\/saucony-Endorphin-Elite-2-intersuola.webp 600w\" sizes=\"auto, (max-width: 300px) 100vw, 300px\" \/><\/a><\/div><\/div><\/div>\n","protected":false},"excerpt":{"rendered":"<ul>\n<li>PWRTRAC<\/li>\n<li><span class=\"double-line-ellipsis\">8mm GOTAR<\/span><\/li>\n<li>PIASTRA EN CARBONIO<\/li>\n<li>INCREDIRUN<\/li>\n<\/ul>\n","protected":false},"featured_media":385636,"template":"","meta":{"_acf_changed":false,"inline_featured_image":false},"product_brand":[],"product_cat":[24227,24454,24228,24453],"product_tag":[23578,23577,23617],"class_list":{"0":"post-299308","1":"product","2":"type-product","3":"status-publish","4":"has-post-thumbnail","6":"product_cat-calzado-femenino","7":"product_cat-calzado-para-hombre","8":"product_cat-neutre-es","9":"product_cat-neutre-es-3","10":"product_tag-saucony-es","11":"product_tag-saucony-hombre","12":"product_tag-saucony-mujer","13":"pa_attivita-running-es","14":"pa_colore-endorphin-elite-2-splash-fire-es","15":"pa_colore-endorphin-elite-2-white-crimson-es","16":"pa_marca-saucony-es","17":"pa_sesso-hombre","18":"pa_sesso-mujer","19":"pa_size-41-es","20":"pa_size-42-es","21":"pa_size-42-5-es","22":"pa_size-43-es","23":"pa_size-44-es","24":"pa_size-44-5-es","25":"pa_size-45-es","27":"first","28":"instock","29":"sale","30":"taxable","31":"shipping-taxable","32":"purchasable","33":"product-type-variable","34":"wvs-archive-product-wrapper"},"acf":[],"yoast_head":"<!-- This site is optimized with the Yoast SEO plugin v26.8 - https:\/\/yoast.com\/product\/yoast-seo-wordpress\/ -->\n<title>Saucony Endorphin Elite 2 - zapatillas de running - MioMioRun<\/title>\n<meta name=\"description\" content=\"La Endorphin Elite 2 es la zapatilla de competici\u00f3n ultraligera y con gran capacidad de respuesta, con componentes de calidad que te har\u00e1n volar hasta la l\u00ednea de meta.\" \/>\n<meta name=\"robots\" content=\"index, follow, max-snippet:-1, max-image-preview:large, max-video-preview:-1\" \/>\n<link rel=\"canonical\" href=\"https:\/\/www.miomiorun.com\/es\/producto\/endorphin-elite-2\/\" \/>\n<meta property=\"og:locale\" content=\"es_ES\" \/>\n<meta property=\"og:type\" content=\"article\" \/>\n<meta property=\"og:title\" content=\"Saucony Endorphin Elite 2 - zapatillas de running - MioMioRun\" \/>\n<meta property=\"og:description\" content=\"La Endorphin Elite 2 es la zapatilla de competici\u00f3n ultraligera y con gran capacidad de respuesta, con componentes de calidad que te har\u00e1n volar hasta la l\u00ednea de meta.\" \/>\n<meta property=\"og:url\" content=\"https:\/\/www.miomiorun.com\/es\/producto\/endorphin-elite-2\/\" \/>\n<meta property=\"og:site_name\" content=\"MioMioRun\" \/>\n<meta property=\"article:publisher\" content=\"https:\/\/www.facebook.com\/miomiorun\/\" \/>\n<meta property=\"article:modified_time\" content=\"2025-11-15T20:33:33+00:00\" \/>\n<meta property=\"og:image\" content=\"https:\/\/www.miomiorun.com\/app\/uploads\/2025\/03\/saucony-Endorphin-Elite-2-white-peel-S30994-130.webp\" \/>\n\t<meta property=\"og:image:width\" content=\"600\" \/>\n\t<meta property=\"og:image:height\" content=\"600\" \/>\n\t<meta property=\"og:image:type\" content=\"image\/webp\" \/>\n<meta name=\"twitter:card\" content=\"summary_large_image\" \/>\n<meta name=\"twitter:label1\" content=\"Est. reading time\" \/>\n\t<meta name=\"twitter:data1\" content=\"2 minutes\" \/>\n<script type=\"application\/ld+json\" class=\"yoast-schema-graph\">{\"@context\":\"https:\/\/schema.org\",\"@graph\":[{\"@type\":\"WebPage\",\"@id\":\"https:\/\/www.miomiorun.com\/es\/producto\/endorphin-elite-2\/\",\"url\":\"https:\/\/www.miomiorun.com\/es\/producto\/endorphin-elite-2\/\",\"name\":\"Saucony Endorphin Elite 2 - zapatillas de running - MioMioRun\",\"isPartOf\":{\"@id\":\"https:\/\/www.miomiorun.com\/es\/#website\"},\"primaryImageOfPage\":{\"@id\":\"https:\/\/www.miomiorun.com\/es\/producto\/endorphin-elite-2\/#primaryimage\"},\"image\":{\"@id\":\"https:\/\/www.miomiorun.com\/es\/producto\/endorphin-elite-2\/#primaryimage\"},\"thumbnailUrl\":\"https:\/\/www.miomiorun.com\/app\/uploads\/2026\/01\/saucony-Endorphin-Elite-2-splash-fire-S30994-131.webp\",\"datePublished\":\"2025-03-05T10:32:59+00:00\",\"dateModified\":\"2025-11-15T20:33:33+00:00\",\"description\":\"La Endorphin Elite 2 es la zapatilla de competici\u00f3n ultraligera y con gran capacidad de respuesta, con componentes de calidad que te har\u00e1n volar hasta la l\u00ednea de meta.\",\"breadcrumb\":{\"@id\":\"https:\/\/www.miomiorun.com\/es\/producto\/endorphin-elite-2\/#breadcrumb\"},\"inLanguage\":\"es-ES\",\"potentialAction\":[{\"@type\":\"ReadAction\",\"target\":[\"https:\/\/www.miomiorun.com\/es\/producto\/endorphin-elite-2\/\"]}]},{\"@type\":\"ImageObject\",\"inLanguage\":\"es-ES\",\"@id\":\"https:\/\/www.miomiorun.com\/es\/producto\/endorphin-elite-2\/#primaryimage\",\"url\":\"https:\/\/www.miomiorun.com\/app\/uploads\/2026\/01\/saucony-Endorphin-Elite-2-splash-fire-S30994-131.webp\",\"contentUrl\":\"https:\/\/www.miomiorun.com\/app\/uploads\/2026\/01\/saucony-Endorphin-Elite-2-splash-fire-S30994-131.webp\",\"width\":720,\"height\":720,\"caption\":\"saucony Endorphin Elite 2 splash fire S30994-131\"},{\"@type\":\"BreadcrumbList\",\"@id\":\"https:\/\/www.miomiorun.com\/es\/producto\/endorphin-elite-2\/#breadcrumb\",\"itemListElement\":[{\"@type\":\"ListItem\",\"position\":1,\"name\":\"Home\",\"item\":\"https:\/\/www.miomiorun.com\/es\/\"},{\"@type\":\"ListItem\",\"position\":2,\"name\":\"Shop\",\"item\":\"https:\/\/www.miomiorun.com\/shop\/\"},{\"@type\":\"ListItem\",\"position\":3,\"name\":\"Endorphin Elite 2\"}]},{\"@type\":\"WebSite\",\"@id\":\"https:\/\/www.miomiorun.com\/es\/#website\",\"url\":\"https:\/\/www.miomiorun.com\/es\/\",\"name\":\"MioMioRun\",\"description\":\"Tienda 100% running y trail\",\"publisher\":{\"@id\":\"https:\/\/www.miomiorun.com\/es\/#organization\"},\"potentialAction\":[{\"@type\":\"SearchAction\",\"target\":{\"@type\":\"EntryPoint\",\"urlTemplate\":\"https:\/\/www.miomiorun.com\/es\/?s={search_term_string}\"},\"query-input\":{\"@type\":\"PropertyValueSpecification\",\"valueRequired\":true,\"valueName\":\"search_term_string\"}}],\"inLanguage\":\"es-ES\"},{\"@type\":\"Organization\",\"@id\":\"https:\/\/www.miomiorun.com\/es\/#organization\",\"name\":\"MioMio Run\",\"url\":\"https:\/\/www.miomiorun.com\/es\/\",\"logo\":{\"@type\":\"ImageObject\",\"inLanguage\":\"es-ES\",\"@id\":\"https:\/\/www.miomiorun.com\/es\/#\/schema\/logo\/image\/\",\"url\":\"https:\/\/www.miomiorun.com\/app\/uploads\/2019\/12\/logomio.png\",\"contentUrl\":\"https:\/\/www.miomiorun.com\/app\/uploads\/2019\/12\/logomio.png\",\"width\":115,\"height\":82,\"caption\":\"MioMio Run\"},\"image\":{\"@id\":\"https:\/\/www.miomiorun.com\/es\/#\/schema\/logo\/image\/\"},\"sameAs\":[\"https:\/\/www.facebook.com\/miomiorun\/\",\"https:\/\/www.instagram.com\/miomiorun\/\"]}]}<\/script>\n<!-- \/ Yoast SEO plugin. -->","yoast_head_json":{"title":"Saucony Endorphin Elite 2 - zapatillas de running - MioMioRun","description":"La Endorphin Elite 2 es la zapatilla de competici\u00f3n ultraligera y con gran capacidad de respuesta, con componentes de calidad que te har\u00e1n volar hasta la l\u00ednea de meta.","robots":{"index":"index","follow":"follow","max-snippet":"max-snippet:-1","max-image-preview":"max-image-preview:large","max-video-preview":"max-video-preview:-1"},"canonical":"https:\/\/www.miomiorun.com\/es\/producto\/endorphin-elite-2\/","og_locale":"es_ES","og_type":"article","og_title":"Saucony Endorphin Elite 2 - zapatillas de running - MioMioRun","og_description":"La Endorphin Elite 2 es la zapatilla de competici\u00f3n ultraligera y con gran capacidad de respuesta, con componentes de calidad que te har\u00e1n volar hasta la l\u00ednea de meta.","og_url":"https:\/\/www.miomiorun.com\/es\/producto\/endorphin-elite-2\/","og_site_name":"MioMioRun","article_publisher":"https:\/\/www.facebook.com\/miomiorun\/","article_modified_time":"2025-11-15T20:33:33+00:00","og_image":[{"width":600,"height":600,"url":"https:\/\/www.miomiorun.com\/app\/uploads\/2025\/03\/saucony-Endorphin-Elite-2-white-peel-S30994-130.webp","type":"image\/webp"}],"twitter_card":"summary_large_image","twitter_misc":{"Est. reading time":"2 minutes"},"schema":{"@context":"https:\/\/schema.org","@graph":[{"@type":"WebPage","@id":"https:\/\/www.miomiorun.com\/es\/producto\/endorphin-elite-2\/","url":"https:\/\/www.miomiorun.com\/es\/producto\/endorphin-elite-2\/","name":"Saucony Endorphin Elite 2 - zapatillas de running - MioMioRun","isPartOf":{"@id":"https:\/\/www.miomiorun.com\/es\/#website"},"primaryImageOfPage":{"@id":"https:\/\/www.miomiorun.com\/es\/producto\/endorphin-elite-2\/#primaryimage"},"image":{"@id":"https:\/\/www.miomiorun.com\/es\/producto\/endorphin-elite-2\/#primaryimage"},"thumbnailUrl":"https:\/\/www.miomiorun.com\/app\/uploads\/2026\/01\/saucony-Endorphin-Elite-2-splash-fire-S30994-131.webp","datePublished":"2025-03-05T10:32:59+00:00","dateModified":"2025-11-15T20:33:33+00:00","description":"La Endorphin Elite 2 es la zapatilla de competici\u00f3n ultraligera y con gran capacidad de respuesta, con componentes de calidad que te har\u00e1n volar hasta la l\u00ednea de meta.","breadcrumb":{"@id":"https:\/\/www.miomiorun.com\/es\/producto\/endorphin-elite-2\/#breadcrumb"},"inLanguage":"es-ES","potentialAction":[{"@type":"ReadAction","target":["https:\/\/www.miomiorun.com\/es\/producto\/endorphin-elite-2\/"]}]},{"@type":"ImageObject","inLanguage":"es-ES","@id":"https:\/\/www.miomiorun.com\/es\/producto\/endorphin-elite-2\/#primaryimage","url":"https:\/\/www.miomiorun.com\/app\/uploads\/2026\/01\/saucony-Endorphin-Elite-2-splash-fire-S30994-131.webp","contentUrl":"https:\/\/www.miomiorun.com\/app\/uploads\/2026\/01\/saucony-Endorphin-Elite-2-splash-fire-S30994-131.webp","width":720,"height":720,"caption":"saucony Endorphin Elite 2 splash fire S30994-131"},{"@type":"BreadcrumbList","@id":"https:\/\/www.miomiorun.com\/es\/producto\/endorphin-elite-2\/#breadcrumb","itemListElement":[{"@type":"ListItem","position":1,"name":"Home","item":"https:\/\/www.miomiorun.com\/es\/"},{"@type":"ListItem","position":2,"name":"Shop","item":"https:\/\/www.miomiorun.com\/shop\/"},{"@type":"ListItem","position":3,"name":"Endorphin Elite 2"}]},{"@type":"WebSite","@id":"https:\/\/www.miomiorun.com\/es\/#website","url":"https:\/\/www.miomiorun.com\/es\/","name":"MioMioRun","description":"Tienda 100% running y trail","publisher":{"@id":"https:\/\/www.miomiorun.com\/es\/#organization"},"potentialAction":[{"@type":"SearchAction","target":{"@type":"EntryPoint","urlTemplate":"https:\/\/www.miomiorun.com\/es\/?s={search_term_string}"},"query-input":{"@type":"PropertyValueSpecification","valueRequired":true,"valueName":"search_term_string"}}],"inLanguage":"es-ES"},{"@type":"Organization","@id":"https:\/\/www.miomiorun.com\/es\/#organization","name":"MioMio Run","url":"https:\/\/www.miomiorun.com\/es\/","logo":{"@type":"ImageObject","inLanguage":"es-ES","@id":"https:\/\/www.miomiorun.com\/es\/#\/schema\/logo\/image\/","url":"https:\/\/www.miomiorun.com\/app\/uploads\/2019\/12\/logomio.png","contentUrl":"https:\/\/www.miomiorun.com\/app\/uploads\/2019\/12\/logomio.png","width":115,"height":82,"caption":"MioMio Run"},"image":{"@id":"https:\/\/www.miomiorun.com\/es\/#\/schema\/logo\/image\/"},"sameAs":["https:\/\/www.facebook.com\/miomiorun\/","https:\/\/www.instagram.com\/miomiorun\/"]}]}},"_links":{"self":[{"href":"https:\/\/www.miomiorun.com\/es\/wp-json\/wp\/v2\/product\/299308","targetHints":{"allow":["GET"]}}],"collection":[{"href":"https:\/\/www.miomiorun.com\/es\/wp-json\/wp\/v2\/product"}],"about":[{"href":"https:\/\/www.miomiorun.com\/es\/wp-json\/wp\/v2\/types\/product"}],"wp:featuredmedia":[{"embeddable":true,"href":"https:\/\/www.miomiorun.com\/es\/wp-json\/wp\/v2\/media\/385636"}],"wp:attachment":[{"href":"https:\/\/www.miomiorun.com\/es\/wp-json\/wp\/v2\/media?parent=299308"}],"wp:term":[{"taxonomy":"product_brand","embeddable":true,"href":"https:\/\/www.miomiorun.com\/es\/wp-json\/wp\/v2\/product_brand?post=299308"},{"taxonomy":"product_cat","embeddable":true,"href":"https:\/\/www.miomiorun.com\/es\/wp-json\/wp\/v2\/product_cat?post=299308"},{"taxonomy":"product_tag","embeddable":true,"href":"https:\/\/www.miomiorun.com\/es\/wp-json\/wp\/v2\/product_tag?post=299308"}],"curies":[{"name":"wp","href":"https:\/\/api.w.org\/{rel}","templated":true}]}}