{"id":299290,"date":"2025-03-06T17:01:28","date_gmt":"2025-03-06T16:01:28","guid":{"rendered":"https:\/\/miomiorun.com\/prodotto\/x-ultra-5-mid-gtx-uomo\/"},"modified":"2025-05-24T11:09:53","modified_gmt":"2025-05-24T09:09:53","slug":"x-ultra-5-mid-gtx-hombre","status":"publish","type":"product","link":"https:\/\/www.miomiorun.com\/es\/producto\/x-ultra-5-mid-gtx-hombre\/","title":{"rendered":"X Ultra 5 Mid GTX hombre"},"content":{"rendered":"<p><div class=\"vc-row container\"><div class=\"vc-column\"><div class=\"vc-column-text\"><\/p>\n<p><strong>Especificaciones t\u00e9cnicas<\/strong><\/p>\n<p>Categor\u00eda: amortiguaci\u00f3n superior<br \/>\nPeso: 440 g<br \/>\nIdeal para : Amantes del trekking y las largas caminatas, que buscan un modelo bien amortiguado y protector, equipado con membranas Gore-tex para mantener los pies secos incluso bajo la lluvia y capaz de transmitir el m\u00e1ximo confort en distancias muy largas.<br \/>\nPeso del atleta : 55-80 kg<br \/>\nRitmo de carrera : medio (6.00 min\/km)<br \/>\n<a href=\"https:\/\/miomiorun.com\/es\/guia-especifica\/\">Gu\u00eda de especificaciones t\u00e9cnicas<\/a><\/p>\n<p><\/div><\/div><div class=\"vc-column\"><div class=\"vc-column-text\">Si buscas una zapatilla que te ofrezca seguridad, comodidad y un rendimiento superior durante tus excursiones, la <strong>X-Ultra 5 Mid GORE-TEX<\/strong> es para ti. Con un perfil Mid que ofrece una excelente sujeci\u00f3n del tobillo, esta zapatilla es incre\u00edblemente estable y est\u00e1 dise\u00f1ada para afrontar las subidas m\u00e1s exigentes con garra y dominar los descensos m\u00e1s t\u00e9cnicos con facilidad.<\/p>\n<p>La <strong>parte superior Matryx\u00ae<\/strong> ultraduradera combinada con la <strong>suela exterior Contagrip\u00ae<\/strong> te proporcionar\u00e1 un agarre y una tracci\u00f3n superiores en cualquier terreno, ya sean senderos embarrados, rocosos o h\u00famedos. La protecci\u00f3n del pie es alta, mientras que la sujeci\u00f3n del pie se mantiene estable, permiti\u00e9ndote caminar con agilidad y confianza.<\/p>\n<p>La tecnolog\u00eda <strong>GORE-TEX\u00ae<\/strong> garantiza que tus pies se mantengan secos incluso en condiciones h\u00famedas, mientras que la zona del cuello est\u00e1 dise\u00f1ada para ofrecer un confort duradero, para que puedas afrontar excursiones de un d\u00eda por terrenos mixtos y variados sin sacrificar la protecci\u00f3n. Con un peso de tan solo <strong>440 g<\/strong>, el X-Ultra 5 Mid es perfecto para aquellos que buscan un calzado que no solo aguante, sino que tambi\u00e9n apoye su zancada en cada aventura.<\/p>\n<p>Elige las <strong>X-Ultra 5 Mid GORE-TEX<\/strong> para una experiencia de senderismo segura, c\u00f3moda y de alto rendimiento. \u00a1Lleva tu senderismo al siguiente nivel!<\/div><\/div><\/div><div class=\"vc-row container\"><div class=\"vc-column\"><div style=\"height:32px\" class=\"vc-empty-space\"><\/div><\/div><\/div><div class=\"vc-row container\"><div class=\"vc-column\"><div class=\"vc-column-text\"><\/p>\n<div style=\"width: 516px;\" class=\"wp-video\"><video class=\"wp-video-shortcode\" id=\"video-299290-1\" width=\"516\" height=\"618\" loop autoplay preload=\"metadata\" controls=\"controls\"><source type=\"video\/webm\" src=\"https:\/\/miomiorun.com\/wp-content\/uploads\/2025\/03\/X-ULTRA-5-MID-GTX.webm?_=1\" \/><a href=\"https:\/\/miomiorun.com\/wp-content\/uploads\/2025\/03\/X-ULTRA-5-MID-GTX.webm\">https:\/\/miomiorun.com\/wp-content\/uploads\/2025\/03\/X-ULTRA-5-MID-GTX.webm<\/a><\/video><\/div>\n<p><\/div><\/div><\/div><\/p>\n","protected":false},"excerpt":{"rendered":"<ul>\n<li><strong>Estabilidad: <\/strong>Advanced Chassis combinado con Active Support proporcionan estabilidad lateral sin comprometer la movilidad del<\/li>\n<li><strong>pie Agarre y tracci\u00f3n<\/strong>: All-Terrain Contagrip garantiza una tracci\u00f3n eficiente en todo momento<\/li>\n<li><strong>Protecci\u00f3n<\/strong>: Mezcla de Matrix, parte superior cosida y GORE-TEX proporcionan protecci\u00f3n<\/li>\n<\/ul>\n","protected":false},"featured_media":265520,"template":"","meta":{"_acf_changed":false,"inline_featured_image":false},"product_brand":[],"product_cat":[24454,24451],"product_tag":[23582,23615],"class_list":{"0":"post-299290","1":"product","2":"type-product","3":"status-publish","4":"has-post-thumbnail","6":"product_cat-calzado-para-hombre","7":"product_cat-trail-es-3","8":"product_tag-salomon-es","9":"product_tag-salomon-hombre","10":"pa_attivita-outdoor-es","11":"pa_colore-x-ultra-5-mid-gtx-peat-gray-green-blue-es","12":"pa_marca-salomon-es","13":"pa_sesso-hombre","14":"pa_size-41-es","15":"pa_size-42-es","17":"pa_size-43-es","18":"pa_size-44-es","19":"pa_size-45-es","20":"pa_size-46-es","22":"pa_size-47-es","24":"first","25":"instock","26":"sale","27":"taxable","28":"shipping-taxable","29":"purchasable","30":"product-type-variable","31":"wvs-archive-product-wrapper"},"acf":[],"yoast_head":"<!-- This site is optimized with the Yoast SEO plugin v26.8 - https:\/\/yoast.com\/product\/yoast-seo-wordpress\/ -->\n<title>Salomon X Ultra 5 Mid GTX hombre - calzado de monta\u00f1a - MioMioRun<\/title>\n<meta name=\"description\" content=\"El X-Ultra 5 Mid GORE-TEX es un calzado estable e impermeable dise\u00f1ado para ofrecer sujeci\u00f3n, comodidad y agarre en diversos terrenos durante la pr\u00e1ctica del senderismo.\" \/>\n<meta name=\"robots\" content=\"index, follow, max-snippet:-1, max-image-preview:large, max-video-preview:-1\" \/>\n<link rel=\"canonical\" href=\"https:\/\/www.miomiorun.com\/es\/producto\/x-ultra-5-mid-gtx-hombre\/\" \/>\n<meta property=\"og:locale\" content=\"es_ES\" \/>\n<meta property=\"og:type\" content=\"article\" \/>\n<meta property=\"og:title\" content=\"Salomon X Ultra 5 Mid GTX hombre - calzado de monta\u00f1a - MioMioRun\" \/>\n<meta property=\"og:description\" content=\"El X-Ultra 5 Mid GORE-TEX es un calzado estable e impermeable dise\u00f1ado para ofrecer sujeci\u00f3n, comodidad y agarre en diversos terrenos durante la pr\u00e1ctica del senderismo.\" \/>\n<meta property=\"og:url\" content=\"https:\/\/www.miomiorun.com\/es\/producto\/x-ultra-5-mid-gtx-hombre\/\" \/>\n<meta property=\"og:site_name\" content=\"MioMioRun\" \/>\n<meta property=\"article:publisher\" content=\"https:\/\/www.facebook.com\/miomiorun\/\" \/>\n<meta property=\"article:modified_time\" content=\"2025-05-24T09:09:53+00:00\" \/>\n<meta property=\"og:image\" content=\"https:\/\/www.miomiorun.com\/app\/uploads\/2025\/03\/salomon-X-ULTRA-5-MID-GTX-peat-gray-green-blue-L47754300.webp\" \/>\n\t<meta property=\"og:image:width\" content=\"600\" \/>\n\t<meta property=\"og:image:height\" content=\"600\" \/>\n\t<meta property=\"og:image:type\" content=\"image\/webp\" \/>\n<meta name=\"twitter:card\" content=\"summary_large_image\" \/>\n<meta name=\"twitter:label1\" content=\"Est. reading time\" \/>\n\t<meta name=\"twitter:data1\" content=\"2 minutes\" \/>\n<script type=\"application\/ld+json\" class=\"yoast-schema-graph\">{\"@context\":\"https:\/\/schema.org\",\"@graph\":[{\"@type\":\"WebPage\",\"@id\":\"https:\/\/www.miomiorun.com\/es\/producto\/x-ultra-5-mid-gtx-hombre\/\",\"url\":\"https:\/\/www.miomiorun.com\/es\/producto\/x-ultra-5-mid-gtx-hombre\/\",\"name\":\"Salomon X Ultra 5 Mid GTX hombre - calzado de monta\u00f1a - MioMioRun\",\"isPartOf\":{\"@id\":\"https:\/\/www.miomiorun.com\/es\/#website\"},\"primaryImageOfPage\":{\"@id\":\"https:\/\/www.miomiorun.com\/es\/producto\/x-ultra-5-mid-gtx-hombre\/#primaryimage\"},\"image\":{\"@id\":\"https:\/\/www.miomiorun.com\/es\/producto\/x-ultra-5-mid-gtx-hombre\/#primaryimage\"},\"thumbnailUrl\":\"https:\/\/www.miomiorun.com\/app\/uploads\/2025\/03\/salomon-X-ULTRA-5-MID-GTX-peat-gray-green-blue-L47754300.webp\",\"datePublished\":\"2025-03-06T16:01:28+00:00\",\"dateModified\":\"2025-05-24T09:09:53+00:00\",\"description\":\"El X-Ultra 5 Mid GORE-TEX es un calzado estable e impermeable dise\u00f1ado para ofrecer sujeci\u00f3n, comodidad y agarre en diversos terrenos durante la pr\u00e1ctica del senderismo.\",\"breadcrumb\":{\"@id\":\"https:\/\/www.miomiorun.com\/es\/producto\/x-ultra-5-mid-gtx-hombre\/#breadcrumb\"},\"inLanguage\":\"es-ES\",\"potentialAction\":[{\"@type\":\"ReadAction\",\"target\":[\"https:\/\/www.miomiorun.com\/es\/producto\/x-ultra-5-mid-gtx-hombre\/\"]}]},{\"@type\":\"ImageObject\",\"inLanguage\":\"es-ES\",\"@id\":\"https:\/\/www.miomiorun.com\/es\/producto\/x-ultra-5-mid-gtx-hombre\/#primaryimage\",\"url\":\"https:\/\/www.miomiorun.com\/app\/uploads\/2025\/03\/salomon-X-ULTRA-5-MID-GTX-peat-gray-green-blue-L47754300.webp\",\"contentUrl\":\"https:\/\/www.miomiorun.com\/app\/uploads\/2025\/03\/salomon-X-ULTRA-5-MID-GTX-peat-gray-green-blue-L47754300.webp\",\"width\":600,\"height\":600,\"caption\":\"salomon X ULTRA 5 MID GTX peat gray green blue L47754300\"},{\"@type\":\"BreadcrumbList\",\"@id\":\"https:\/\/www.miomiorun.com\/es\/producto\/x-ultra-5-mid-gtx-hombre\/#breadcrumb\",\"itemListElement\":[{\"@type\":\"ListItem\",\"position\":1,\"name\":\"Home\",\"item\":\"https:\/\/www.miomiorun.com\/es\/\"},{\"@type\":\"ListItem\",\"position\":2,\"name\":\"Shop\",\"item\":\"https:\/\/www.miomiorun.com\/shop\/\"},{\"@type\":\"ListItem\",\"position\":3,\"name\":\"X Ultra 5 Mid GTX hombre\"}]},{\"@type\":\"WebSite\",\"@id\":\"https:\/\/www.miomiorun.com\/es\/#website\",\"url\":\"https:\/\/www.miomiorun.com\/es\/\",\"name\":\"MioMioRun\",\"description\":\"Tienda 100% running y trail\",\"publisher\":{\"@id\":\"https:\/\/www.miomiorun.com\/es\/#organization\"},\"potentialAction\":[{\"@type\":\"SearchAction\",\"target\":{\"@type\":\"EntryPoint\",\"urlTemplate\":\"https:\/\/www.miomiorun.com\/es\/?s={search_term_string}\"},\"query-input\":{\"@type\":\"PropertyValueSpecification\",\"valueRequired\":true,\"valueName\":\"search_term_string\"}}],\"inLanguage\":\"es-ES\"},{\"@type\":\"Organization\",\"@id\":\"https:\/\/www.miomiorun.com\/es\/#organization\",\"name\":\"MioMio Run\",\"url\":\"https:\/\/www.miomiorun.com\/es\/\",\"logo\":{\"@type\":\"ImageObject\",\"inLanguage\":\"es-ES\",\"@id\":\"https:\/\/www.miomiorun.com\/es\/#\/schema\/logo\/image\/\",\"url\":\"https:\/\/www.miomiorun.com\/app\/uploads\/2019\/12\/logomio.png\",\"contentUrl\":\"https:\/\/www.miomiorun.com\/app\/uploads\/2019\/12\/logomio.png\",\"width\":115,\"height\":82,\"caption\":\"MioMio Run\"},\"image\":{\"@id\":\"https:\/\/www.miomiorun.com\/es\/#\/schema\/logo\/image\/\"},\"sameAs\":[\"https:\/\/www.facebook.com\/miomiorun\/\",\"https:\/\/www.instagram.com\/miomiorun\/\"]}]}<\/script>\n<!-- \/ Yoast SEO plugin. -->","yoast_head_json":{"title":"Salomon X Ultra 5 Mid GTX hombre - calzado de monta\u00f1a - MioMioRun","description":"El X-Ultra 5 Mid GORE-TEX es un calzado estable e impermeable dise\u00f1ado para ofrecer sujeci\u00f3n, comodidad y agarre en diversos terrenos durante la pr\u00e1ctica del senderismo.","robots":{"index":"index","follow":"follow","max-snippet":"max-snippet:-1","max-image-preview":"max-image-preview:large","max-video-preview":"max-video-preview:-1"},"canonical":"https:\/\/www.miomiorun.com\/es\/producto\/x-ultra-5-mid-gtx-hombre\/","og_locale":"es_ES","og_type":"article","og_title":"Salomon X Ultra 5 Mid GTX hombre - calzado de monta\u00f1a - MioMioRun","og_description":"El X-Ultra 5 Mid GORE-TEX es un calzado estable e impermeable dise\u00f1ado para ofrecer sujeci\u00f3n, comodidad y agarre en diversos terrenos durante la pr\u00e1ctica del senderismo.","og_url":"https:\/\/www.miomiorun.com\/es\/producto\/x-ultra-5-mid-gtx-hombre\/","og_site_name":"MioMioRun","article_publisher":"https:\/\/www.facebook.com\/miomiorun\/","article_modified_time":"2025-05-24T09:09:53+00:00","og_image":[{"width":600,"height":600,"url":"https:\/\/www.miomiorun.com\/app\/uploads\/2025\/03\/salomon-X-ULTRA-5-MID-GTX-peat-gray-green-blue-L47754300.webp","type":"image\/webp"}],"twitter_card":"summary_large_image","twitter_misc":{"Est. reading time":"2 minutes"},"schema":{"@context":"https:\/\/schema.org","@graph":[{"@type":"WebPage","@id":"https:\/\/www.miomiorun.com\/es\/producto\/x-ultra-5-mid-gtx-hombre\/","url":"https:\/\/www.miomiorun.com\/es\/producto\/x-ultra-5-mid-gtx-hombre\/","name":"Salomon X Ultra 5 Mid GTX hombre - calzado de monta\u00f1a - MioMioRun","isPartOf":{"@id":"https:\/\/www.miomiorun.com\/es\/#website"},"primaryImageOfPage":{"@id":"https:\/\/www.miomiorun.com\/es\/producto\/x-ultra-5-mid-gtx-hombre\/#primaryimage"},"image":{"@id":"https:\/\/www.miomiorun.com\/es\/producto\/x-ultra-5-mid-gtx-hombre\/#primaryimage"},"thumbnailUrl":"https:\/\/www.miomiorun.com\/app\/uploads\/2025\/03\/salomon-X-ULTRA-5-MID-GTX-peat-gray-green-blue-L47754300.webp","datePublished":"2025-03-06T16:01:28+00:00","dateModified":"2025-05-24T09:09:53+00:00","description":"El X-Ultra 5 Mid GORE-TEX es un calzado estable e impermeable dise\u00f1ado para ofrecer sujeci\u00f3n, comodidad y agarre en diversos terrenos durante la pr\u00e1ctica del senderismo.","breadcrumb":{"@id":"https:\/\/www.miomiorun.com\/es\/producto\/x-ultra-5-mid-gtx-hombre\/#breadcrumb"},"inLanguage":"es-ES","potentialAction":[{"@type":"ReadAction","target":["https:\/\/www.miomiorun.com\/es\/producto\/x-ultra-5-mid-gtx-hombre\/"]}]},{"@type":"ImageObject","inLanguage":"es-ES","@id":"https:\/\/www.miomiorun.com\/es\/producto\/x-ultra-5-mid-gtx-hombre\/#primaryimage","url":"https:\/\/www.miomiorun.com\/app\/uploads\/2025\/03\/salomon-X-ULTRA-5-MID-GTX-peat-gray-green-blue-L47754300.webp","contentUrl":"https:\/\/www.miomiorun.com\/app\/uploads\/2025\/03\/salomon-X-ULTRA-5-MID-GTX-peat-gray-green-blue-L47754300.webp","width":600,"height":600,"caption":"salomon X ULTRA 5 MID GTX peat gray green blue L47754300"},{"@type":"BreadcrumbList","@id":"https:\/\/www.miomiorun.com\/es\/producto\/x-ultra-5-mid-gtx-hombre\/#breadcrumb","itemListElement":[{"@type":"ListItem","position":1,"name":"Home","item":"https:\/\/www.miomiorun.com\/es\/"},{"@type":"ListItem","position":2,"name":"Shop","item":"https:\/\/www.miomiorun.com\/shop\/"},{"@type":"ListItem","position":3,"name":"X Ultra 5 Mid GTX hombre"}]},{"@type":"WebSite","@id":"https:\/\/www.miomiorun.com\/es\/#website","url":"https:\/\/www.miomiorun.com\/es\/","name":"MioMioRun","description":"Tienda 100% running y trail","publisher":{"@id":"https:\/\/www.miomiorun.com\/es\/#organization"},"potentialAction":[{"@type":"SearchAction","target":{"@type":"EntryPoint","urlTemplate":"https:\/\/www.miomiorun.com\/es\/?s={search_term_string}"},"query-input":{"@type":"PropertyValueSpecification","valueRequired":true,"valueName":"search_term_string"}}],"inLanguage":"es-ES"},{"@type":"Organization","@id":"https:\/\/www.miomiorun.com\/es\/#organization","name":"MioMio Run","url":"https:\/\/www.miomiorun.com\/es\/","logo":{"@type":"ImageObject","inLanguage":"es-ES","@id":"https:\/\/www.miomiorun.com\/es\/#\/schema\/logo\/image\/","url":"https:\/\/www.miomiorun.com\/app\/uploads\/2019\/12\/logomio.png","contentUrl":"https:\/\/www.miomiorun.com\/app\/uploads\/2019\/12\/logomio.png","width":115,"height":82,"caption":"MioMio Run"},"image":{"@id":"https:\/\/www.miomiorun.com\/es\/#\/schema\/logo\/image\/"},"sameAs":["https:\/\/www.facebook.com\/miomiorun\/","https:\/\/www.instagram.com\/miomiorun\/"]}]}},"_links":{"self":[{"href":"https:\/\/www.miomiorun.com\/es\/wp-json\/wp\/v2\/product\/299290","targetHints":{"allow":["GET"]}}],"collection":[{"href":"https:\/\/www.miomiorun.com\/es\/wp-json\/wp\/v2\/product"}],"about":[{"href":"https:\/\/www.miomiorun.com\/es\/wp-json\/wp\/v2\/types\/product"}],"wp:featuredmedia":[{"embeddable":true,"href":"https:\/\/www.miomiorun.com\/es\/wp-json\/wp\/v2\/media\/265520"}],"wp:attachment":[{"href":"https:\/\/www.miomiorun.com\/es\/wp-json\/wp\/v2\/media?parent=299290"}],"wp:term":[{"taxonomy":"product_brand","embeddable":true,"href":"https:\/\/www.miomiorun.com\/es\/wp-json\/wp\/v2\/product_brand?post=299290"},{"taxonomy":"product_cat","embeddable":true,"href":"https:\/\/www.miomiorun.com\/es\/wp-json\/wp\/v2\/product_cat?post=299290"},{"taxonomy":"product_tag","embeddable":true,"href":"https:\/\/www.miomiorun.com\/es\/wp-json\/wp\/v2\/product_tag?post=299290"}],"curies":[{"name":"wp","href":"https:\/\/api.w.org\/{rel}","templated":true}]}}