{"id":299286,"date":"2025-03-06T16:26:58","date_gmt":"2025-03-06T15:26:58","guid":{"rendered":"https:\/\/miomiorun.com\/prodotto\/x-ultra-5-gtx-donna\/"},"modified":"2025-05-24T11:08:49","modified_gmt":"2025-05-24T09:08:49","slug":"x-ultra-5-gtx-mujer","status":"publish","type":"product","link":"https:\/\/www.miomiorun.com\/es\/producto\/x-ultra-5-gtx-mujer\/","title":{"rendered":"X Ultra 5 GTX mujer"},"content":{"rendered":"<div class=\"vc-row container\"><div class=\"vc-column\"><div class=\"vc-column-text\"><\/p>\n<p><strong>Especificaciones t\u00e9cnicas<\/strong><\/p>\n<p>Categor\u00eda: amortiguaci\u00f3n superior<br \/>\nPeso: 380 g<br \/>\nIdeal para : Amantes del trekking y las largas caminatas, que buscan un modelo bien amortiguado y protector, equipado con membranas Gore-tex para mantener los pies secos incluso bajo la lluvia y capaz de transmitir el m\u00e1ximo confort en distancias muy largas.<br \/>\nPeso del atleta : 55-80 kg<br \/>\nRitmo de carrera : medio (6.00 min\/km)<br \/>\n<a href=\"https:\/\/miomiorun.com\/es\/guia-especifica\/\">Gu\u00eda de especificaciones t\u00e9cnicas<\/a><\/p>\n<p><\/div><\/div><div class=\"vc-column\"><div class=\"vc-column-text\">Queridos amantes del senderismo y la aventura, hoy os presentamos un calzado que no s\u00f3lo promete, sino que garantiza fiabilidad y rendimiento a cada paso: el <strong>X-Ultra 5 GORE-TEX<\/strong>.<\/p>\n<p>Dise\u00f1ado para aquellos a los que les gusta explorar los senderos con confianza y garra, el X-Ultra 5 es el aliado perfecto para afrontar cualquier tipo de terreno, desde el ascenso m\u00e1s exigente hasta el descenso m\u00e1s t\u00e9cnico. Con un dise\u00f1o ligero pero incre\u00edblemente estable, cada movimiento ser\u00e1 natural y controlado, para una marcha fluida y segura.<\/p>\n<p>La <strong>parte superior de Matryx\u00ae<\/strong> ofrece una durabilidad excepcional, capaz de soportar los retos m\u00e1s duros que los senderos puedan plantearte. Combinado con la <strong>suela Contagrip\u00ae<\/strong>, te proporcionar\u00e1 un agarre perfecto en cualquier superficie: embarrada, rocosa o h\u00fameda, permiti\u00e9ndote afrontar cualquier condici\u00f3n meteorol\u00f3gica con total confianza.<\/p>\n<p>La comodidad es lo primero: la zona del cuello est\u00e1 dise\u00f1ada para garantizar un ajuste duradero sin sacrificar la protecci\u00f3n y la sujeci\u00f3n. <strong>GORE-TEX\u00ae<\/strong> te protege de la humedad, manteniendo tus pies secos incluso en los terrenos m\u00e1s h\u00famedos, para que puedas disfrutar de tu caminata sin distracciones.<\/p>\n<p>Ligeras, estables e impermeables, las <strong>X-Ultra 5 GORE-TEX<\/strong> son perfectas para excursiones de un d\u00eda por terrenos mixtos, f\u00e1ciles, embarrados, rocosos o h\u00famedos. Con un peso de tan s\u00f3lo <strong>380 g<\/strong> y <strong>una gran protecci\u00f3n del pie<\/strong>, este calzado es el compa\u00f1ero ideal para quienes buscan un alto rendimiento y comodidad en cada paso.<\/p>\n<p>Tanto si te embarcas en un d\u00eda de senderismo como en una aventura de monta\u00f1a, no dejes que el terreno condicione tu experiencia. Elige el <strong>X-Ultra 5 GORE-TEX<\/strong>: un paso adelante en seguridad, comodidad y rendimiento.<\/p>\n<p>&nbsp;<\/div><\/div><\/div>\n","protected":false},"excerpt":{"rendered":"<ul>\n<li><strong>Estabilidad: <\/strong>Advanced Chassis combinado con Active Support proporcionan estabilidad lateral sin comprometer la movilidad del<\/li>\n<li><strong>pie Agarre y tracci\u00f3n<\/strong>: All-Terrain Contagrip garantiza una tracci\u00f3n eficiente en todo momento<\/li>\n<li><strong>Protecci\u00f3n<\/strong>: Mezcla de Matrix, parte superior cosida y GORE-TEX proporcionan protecci\u00f3n<\/li>\n<\/ul>\n","protected":false},"featured_media":265366,"template":"","meta":{"_acf_changed":false,"inline_featured_image":false},"product_brand":[],"product_cat":[24227,24230],"product_tag":[23582,23618],"class_list":{"0":"post-299286","1":"product","2":"type-product","3":"status-publish","4":"has-post-thumbnail","6":"product_cat-calzado-femenino","7":"product_cat-trail-es","8":"product_tag-salomon-es","9":"product_tag-salomon-mujer","10":"pa_attivita-outdoor-es","11":"pa_colore-x-ultra-5-gtx-w-seagrass-turbul-tender-es","12":"pa_colore-x-ultra-5-gtx-w-spellbound-mnment-duskyo","13":"pa_marca-salomon-es","14":"pa_sesso-mujer","15":"pa_size-38-es","17":"pa_size-39-es","18":"pa_size-40-es","20":"pa_size-41-es","22":"first","23":"instock","24":"sale","25":"taxable","26":"shipping-taxable","27":"purchasable","28":"product-type-variable","29":"wvs-archive-product-wrapper"},"acf":[],"yoast_head":"<!-- This site is optimized with the Yoast SEO plugin v26.8 - https:\/\/yoast.com\/product\/yoast-seo-wordpress\/ -->\n<title>Salomon X Ultra 5 GTX mujer - calzado de monta\u00f1a - MioMioRun<\/title>\n<meta name=\"description\" content=\"X-Ultra 5 GORE-TEX es un calzado estable e impermeable dise\u00f1ado para proporcionar comodidad, agarre y protecci\u00f3n en cualquier terreno durante tus excursiones.\" \/>\n<meta name=\"robots\" content=\"index, follow, max-snippet:-1, max-image-preview:large, max-video-preview:-1\" \/>\n<link rel=\"canonical\" href=\"https:\/\/www.miomiorun.com\/es\/producto\/x-ultra-5-gtx-mujer\/\" \/>\n<meta property=\"og:locale\" content=\"es_ES\" \/>\n<meta property=\"og:type\" content=\"article\" \/>\n<meta property=\"og:title\" content=\"Salomon X Ultra 5 GTX mujer - calzado de monta\u00f1a - MioMioRun\" \/>\n<meta property=\"og:description\" content=\"X-Ultra 5 GORE-TEX es un calzado estable e impermeable dise\u00f1ado para proporcionar comodidad, agarre y protecci\u00f3n en cualquier terreno durante tus excursiones.\" \/>\n<meta property=\"og:url\" content=\"https:\/\/www.miomiorun.com\/es\/producto\/x-ultra-5-gtx-mujer\/\" \/>\n<meta property=\"og:site_name\" content=\"MioMioRun\" \/>\n<meta property=\"article:publisher\" content=\"https:\/\/www.facebook.com\/miomiorun\/\" \/>\n<meta property=\"article:modified_time\" content=\"2025-05-24T09:08:49+00:00\" \/>\n<meta property=\"og:image\" content=\"https:\/\/www.miomiorun.com\/app\/uploads\/2025\/03\/salomon-X-ULTRA-5-GTX-W-seagrass-turbul-tender-L47726300.webp\" \/>\n\t<meta property=\"og:image:width\" content=\"600\" \/>\n\t<meta property=\"og:image:height\" content=\"600\" \/>\n\t<meta property=\"og:image:type\" content=\"image\/webp\" \/>\n<meta name=\"twitter:card\" content=\"summary_large_image\" \/>\n<meta name=\"twitter:label1\" content=\"Est. reading time\" \/>\n\t<meta name=\"twitter:data1\" content=\"2 minutes\" \/>\n<script type=\"application\/ld+json\" class=\"yoast-schema-graph\">{\"@context\":\"https:\/\/schema.org\",\"@graph\":[{\"@type\":\"WebPage\",\"@id\":\"https:\/\/www.miomiorun.com\/es\/producto\/x-ultra-5-gtx-mujer\/\",\"url\":\"https:\/\/www.miomiorun.com\/es\/producto\/x-ultra-5-gtx-mujer\/\",\"name\":\"Salomon X Ultra 5 GTX mujer - calzado de monta\u00f1a - MioMioRun\",\"isPartOf\":{\"@id\":\"https:\/\/www.miomiorun.com\/es\/#website\"},\"primaryImageOfPage\":{\"@id\":\"https:\/\/www.miomiorun.com\/es\/producto\/x-ultra-5-gtx-mujer\/#primaryimage\"},\"image\":{\"@id\":\"https:\/\/www.miomiorun.com\/es\/producto\/x-ultra-5-gtx-mujer\/#primaryimage\"},\"thumbnailUrl\":\"https:\/\/www.miomiorun.com\/app\/uploads\/2025\/03\/salomon-X-ULTRA-5-GTX-W-seagrass-turbul-tender-L47726300.webp\",\"datePublished\":\"2025-03-06T15:26:58+00:00\",\"dateModified\":\"2025-05-24T09:08:49+00:00\",\"description\":\"X-Ultra 5 GORE-TEX es un calzado estable e impermeable dise\u00f1ado para proporcionar comodidad, agarre y protecci\u00f3n en cualquier terreno durante tus excursiones.\",\"breadcrumb\":{\"@id\":\"https:\/\/www.miomiorun.com\/es\/producto\/x-ultra-5-gtx-mujer\/#breadcrumb\"},\"inLanguage\":\"es-ES\",\"potentialAction\":[{\"@type\":\"ReadAction\",\"target\":[\"https:\/\/www.miomiorun.com\/es\/producto\/x-ultra-5-gtx-mujer\/\"]}]},{\"@type\":\"ImageObject\",\"inLanguage\":\"es-ES\",\"@id\":\"https:\/\/www.miomiorun.com\/es\/producto\/x-ultra-5-gtx-mujer\/#primaryimage\",\"url\":\"https:\/\/www.miomiorun.com\/app\/uploads\/2025\/03\/salomon-X-ULTRA-5-GTX-W-seagrass-turbul-tender-L47726300.webp\",\"contentUrl\":\"https:\/\/www.miomiorun.com\/app\/uploads\/2025\/03\/salomon-X-ULTRA-5-GTX-W-seagrass-turbul-tender-L47726300.webp\",\"width\":600,\"height\":600,\"caption\":\"salomon X ULTRA 5 GTX W seagrass turbul tender L47726300\"},{\"@type\":\"BreadcrumbList\",\"@id\":\"https:\/\/www.miomiorun.com\/es\/producto\/x-ultra-5-gtx-mujer\/#breadcrumb\",\"itemListElement\":[{\"@type\":\"ListItem\",\"position\":1,\"name\":\"Home\",\"item\":\"https:\/\/www.miomiorun.com\/es\/\"},{\"@type\":\"ListItem\",\"position\":2,\"name\":\"Shop\",\"item\":\"https:\/\/www.miomiorun.com\/shop\/\"},{\"@type\":\"ListItem\",\"position\":3,\"name\":\"X Ultra 5 GTX mujer\"}]},{\"@type\":\"WebSite\",\"@id\":\"https:\/\/www.miomiorun.com\/es\/#website\",\"url\":\"https:\/\/www.miomiorun.com\/es\/\",\"name\":\"MioMioRun\",\"description\":\"Tienda 100% running y trail\",\"publisher\":{\"@id\":\"https:\/\/www.miomiorun.com\/es\/#organization\"},\"potentialAction\":[{\"@type\":\"SearchAction\",\"target\":{\"@type\":\"EntryPoint\",\"urlTemplate\":\"https:\/\/www.miomiorun.com\/es\/?s={search_term_string}\"},\"query-input\":{\"@type\":\"PropertyValueSpecification\",\"valueRequired\":true,\"valueName\":\"search_term_string\"}}],\"inLanguage\":\"es-ES\"},{\"@type\":\"Organization\",\"@id\":\"https:\/\/www.miomiorun.com\/es\/#organization\",\"name\":\"MioMio Run\",\"url\":\"https:\/\/www.miomiorun.com\/es\/\",\"logo\":{\"@type\":\"ImageObject\",\"inLanguage\":\"es-ES\",\"@id\":\"https:\/\/www.miomiorun.com\/es\/#\/schema\/logo\/image\/\",\"url\":\"https:\/\/www.miomiorun.com\/app\/uploads\/2019\/12\/logomio.png\",\"contentUrl\":\"https:\/\/www.miomiorun.com\/app\/uploads\/2019\/12\/logomio.png\",\"width\":115,\"height\":82,\"caption\":\"MioMio Run\"},\"image\":{\"@id\":\"https:\/\/www.miomiorun.com\/es\/#\/schema\/logo\/image\/\"},\"sameAs\":[\"https:\/\/www.facebook.com\/miomiorun\/\",\"https:\/\/www.instagram.com\/miomiorun\/\"]}]}<\/script>\n<!-- \/ Yoast SEO plugin. -->","yoast_head_json":{"title":"Salomon X Ultra 5 GTX mujer - calzado de monta\u00f1a - MioMioRun","description":"X-Ultra 5 GORE-TEX es un calzado estable e impermeable dise\u00f1ado para proporcionar comodidad, agarre y protecci\u00f3n en cualquier terreno durante tus excursiones.","robots":{"index":"index","follow":"follow","max-snippet":"max-snippet:-1","max-image-preview":"max-image-preview:large","max-video-preview":"max-video-preview:-1"},"canonical":"https:\/\/www.miomiorun.com\/es\/producto\/x-ultra-5-gtx-mujer\/","og_locale":"es_ES","og_type":"article","og_title":"Salomon X Ultra 5 GTX mujer - calzado de monta\u00f1a - MioMioRun","og_description":"X-Ultra 5 GORE-TEX es un calzado estable e impermeable dise\u00f1ado para proporcionar comodidad, agarre y protecci\u00f3n en cualquier terreno durante tus excursiones.","og_url":"https:\/\/www.miomiorun.com\/es\/producto\/x-ultra-5-gtx-mujer\/","og_site_name":"MioMioRun","article_publisher":"https:\/\/www.facebook.com\/miomiorun\/","article_modified_time":"2025-05-24T09:08:49+00:00","og_image":[{"width":600,"height":600,"url":"https:\/\/www.miomiorun.com\/app\/uploads\/2025\/03\/salomon-X-ULTRA-5-GTX-W-seagrass-turbul-tender-L47726300.webp","type":"image\/webp"}],"twitter_card":"summary_large_image","twitter_misc":{"Est. reading time":"2 minutes"},"schema":{"@context":"https:\/\/schema.org","@graph":[{"@type":"WebPage","@id":"https:\/\/www.miomiorun.com\/es\/producto\/x-ultra-5-gtx-mujer\/","url":"https:\/\/www.miomiorun.com\/es\/producto\/x-ultra-5-gtx-mujer\/","name":"Salomon X Ultra 5 GTX mujer - calzado de monta\u00f1a - MioMioRun","isPartOf":{"@id":"https:\/\/www.miomiorun.com\/es\/#website"},"primaryImageOfPage":{"@id":"https:\/\/www.miomiorun.com\/es\/producto\/x-ultra-5-gtx-mujer\/#primaryimage"},"image":{"@id":"https:\/\/www.miomiorun.com\/es\/producto\/x-ultra-5-gtx-mujer\/#primaryimage"},"thumbnailUrl":"https:\/\/www.miomiorun.com\/app\/uploads\/2025\/03\/salomon-X-ULTRA-5-GTX-W-seagrass-turbul-tender-L47726300.webp","datePublished":"2025-03-06T15:26:58+00:00","dateModified":"2025-05-24T09:08:49+00:00","description":"X-Ultra 5 GORE-TEX es un calzado estable e impermeable dise\u00f1ado para proporcionar comodidad, agarre y protecci\u00f3n en cualquier terreno durante tus excursiones.","breadcrumb":{"@id":"https:\/\/www.miomiorun.com\/es\/producto\/x-ultra-5-gtx-mujer\/#breadcrumb"},"inLanguage":"es-ES","potentialAction":[{"@type":"ReadAction","target":["https:\/\/www.miomiorun.com\/es\/producto\/x-ultra-5-gtx-mujer\/"]}]},{"@type":"ImageObject","inLanguage":"es-ES","@id":"https:\/\/www.miomiorun.com\/es\/producto\/x-ultra-5-gtx-mujer\/#primaryimage","url":"https:\/\/www.miomiorun.com\/app\/uploads\/2025\/03\/salomon-X-ULTRA-5-GTX-W-seagrass-turbul-tender-L47726300.webp","contentUrl":"https:\/\/www.miomiorun.com\/app\/uploads\/2025\/03\/salomon-X-ULTRA-5-GTX-W-seagrass-turbul-tender-L47726300.webp","width":600,"height":600,"caption":"salomon X ULTRA 5 GTX W seagrass turbul tender L47726300"},{"@type":"BreadcrumbList","@id":"https:\/\/www.miomiorun.com\/es\/producto\/x-ultra-5-gtx-mujer\/#breadcrumb","itemListElement":[{"@type":"ListItem","position":1,"name":"Home","item":"https:\/\/www.miomiorun.com\/es\/"},{"@type":"ListItem","position":2,"name":"Shop","item":"https:\/\/www.miomiorun.com\/shop\/"},{"@type":"ListItem","position":3,"name":"X Ultra 5 GTX mujer"}]},{"@type":"WebSite","@id":"https:\/\/www.miomiorun.com\/es\/#website","url":"https:\/\/www.miomiorun.com\/es\/","name":"MioMioRun","description":"Tienda 100% running y trail","publisher":{"@id":"https:\/\/www.miomiorun.com\/es\/#organization"},"potentialAction":[{"@type":"SearchAction","target":{"@type":"EntryPoint","urlTemplate":"https:\/\/www.miomiorun.com\/es\/?s={search_term_string}"},"query-input":{"@type":"PropertyValueSpecification","valueRequired":true,"valueName":"search_term_string"}}],"inLanguage":"es-ES"},{"@type":"Organization","@id":"https:\/\/www.miomiorun.com\/es\/#organization","name":"MioMio Run","url":"https:\/\/www.miomiorun.com\/es\/","logo":{"@type":"ImageObject","inLanguage":"es-ES","@id":"https:\/\/www.miomiorun.com\/es\/#\/schema\/logo\/image\/","url":"https:\/\/www.miomiorun.com\/app\/uploads\/2019\/12\/logomio.png","contentUrl":"https:\/\/www.miomiorun.com\/app\/uploads\/2019\/12\/logomio.png","width":115,"height":82,"caption":"MioMio Run"},"image":{"@id":"https:\/\/www.miomiorun.com\/es\/#\/schema\/logo\/image\/"},"sameAs":["https:\/\/www.facebook.com\/miomiorun\/","https:\/\/www.instagram.com\/miomiorun\/"]}]}},"_links":{"self":[{"href":"https:\/\/www.miomiorun.com\/es\/wp-json\/wp\/v2\/product\/299286","targetHints":{"allow":["GET"]}}],"collection":[{"href":"https:\/\/www.miomiorun.com\/es\/wp-json\/wp\/v2\/product"}],"about":[{"href":"https:\/\/www.miomiorun.com\/es\/wp-json\/wp\/v2\/types\/product"}],"wp:featuredmedia":[{"embeddable":true,"href":"https:\/\/www.miomiorun.com\/es\/wp-json\/wp\/v2\/media\/265366"}],"wp:attachment":[{"href":"https:\/\/www.miomiorun.com\/es\/wp-json\/wp\/v2\/media?parent=299286"}],"wp:term":[{"taxonomy":"product_brand","embeddable":true,"href":"https:\/\/www.miomiorun.com\/es\/wp-json\/wp\/v2\/product_brand?post=299286"},{"taxonomy":"product_cat","embeddable":true,"href":"https:\/\/www.miomiorun.com\/es\/wp-json\/wp\/v2\/product_cat?post=299286"},{"taxonomy":"product_tag","embeddable":true,"href":"https:\/\/www.miomiorun.com\/es\/wp-json\/wp\/v2\/product_tag?post=299286"}],"curies":[{"name":"wp","href":"https:\/\/api.w.org\/{rel}","templated":true}]}}