{"id":299027,"date":"2025-01-21T14:27:39","date_gmt":"2025-01-21T13:27:39","guid":{"rendered":"https:\/\/miomiorun.com\/prodotto\/novablast-5-donna\/"},"modified":"2026-04-27T20:29:21","modified_gmt":"2026-04-27T18:29:21","slug":"novablast-5-mujer","status":"publish","type":"product","link":"https:\/\/www.miomiorun.com\/es\/producto\/novablast-5-mujer\/","title":{"rendered":"Novablast 5 mujer"},"content":{"rendered":"<div class=\"vc-row container\"><div class=\"vc-column\"><div class=\"vc-column-text\"><\/p>\n<h4>Especificaciones t\u00e9cnicas<\/h4>\n<p>Categor\u00eda: Amortiguaci\u00f3n reactiva<br \/>\nOffset: 8mm<br \/>\nPeso: 225 g<br \/>\nIdeal para : corredores que buscan un modelo ligero, vers\u00e1til y r\u00e1pido que combine reactividad con facilidad de carrera y suavidad de pisada, para actividades de media distancia.<br \/>\nPeso del atleta : &gt;50 kg<br \/>\nRitmo de carrera : &gt; 4.30 min \/ km<br \/>\n<a href=\"https:\/\/miomiorun.com\/es\/guia-especifica\/\">Gu\u00eda de especificaciones<\/a><\/p>\n<p><\/div><\/div><div class=\"vc-column\"><div class=\"vc-column-text\"><\/p>\n<h2><strong>La NOVABLAST 5 de mujer es una gran elecci\u00f3n para quienes desean una zapatilla con mayor capacidad de respuesta.<\/strong><\/h2>\n<p>Dise\u00f1ada para correr m\u00e1s r\u00e1pido, es ligera y ofrece un mejor retorno de energ\u00eda que la versi\u00f3n anterior. Te proporcionar\u00e1 la cantidad adecuada de energ\u00eda a cada paso. No es de extra\u00f1ar que sea la zapatilla de entrenamiento favorita de los atletas.<\/p>\n<p>La espuma <strong>FF BLAST<\/strong> MAX crea una experiencia de carrera m\u00e1s suave y en\u00e9rgica y ofrece m\u00e1s impulso gracias a su suela exterior inspirada en un trampol\u00edn. Su dise\u00f1o \u00fanico, su ajuste perfecto y su entresuela garantizan un mayor retorno de energ\u00eda durante la carrera.<\/p>\n<h3>\u00bfQu\u00e9 hace que la NOVABLAST 5 responda mejor?<\/h3>\n<ul>\n<li>La espuma FF BLAST MAX proporciona una experiencia de carrera m\u00e1s suave y en\u00e9rgica.<\/li>\n<li>El dise\u00f1o de la suela exterior inspirado en un trampol\u00edn proporciona un impulso extra.<\/li>\n<li>La entresuela y el exclusivo dise\u00f1o geom\u00e9trico garantizan un retorno de energ\u00eda extra.<\/li>\n<\/ul>\n<h3><strong>\u00bfQu\u00e9 otras caracter\u00edsticas hacen de la NOVABLAST <\/strong> <strong>5 la elecci\u00f3n ideal?<\/strong><\/h3>\n<p>Esta zapatilla se ha dise\u00f1ado pensando en el retorno de energ\u00eda. La NOVABLAST 5 incluye caracter\u00edsticas t\u00e9cnicas adicionales para ayudarte durante la carrera.<\/p>\n<h2>Tecnolog\u00eda y caracter\u00edsticas<\/h2>\n<div class=\"product-features-section\">\n<ul>\n<li class=\"small-reg\">\n<div class=\"small-bold\"><strong>Espuma FF BLAST MAX<\/strong><\/div>\n<p>Proporciona una amortiguaci\u00f3n ligera y de alta calidad para un mayor confort y un rebote en\u00e9rgico a cada paso.<\/li>\n<li class=\"small-reg\">\n<div class=\"small-bold\"><strong>Dise\u00f1o de la suela inspirado en los trampolines<\/strong><\/div>\n<p>Proporciona un rebote m\u00e1s sensible.<\/li>\n<li class=\"small-reg\">\n<div class=\"small-bold\"><strong>Entresuela y dise\u00f1o geom\u00e9trico exclusivo<\/strong><\/div>\n<p>Asegura un retorno de energ\u00eda extra<\/li>\n<li class=\"small-reg\">\n<div class=\"small-bold\"><strong>F\u00e1ciles de poner<\/strong><\/div>\n<p>Las leng\u00fcetas en el tal\u00f3n permiten calzarse y descalzarse m\u00e1s f\u00e1cilmente.<\/li>\n<li class=\"small-reg\">\n<div class=\"small-bold\"><strong>Suela de material AHAR LOW HARDNESS<\/strong><\/div>\n<p>Aumenta la resistencia al desgaste.<\/li>\n<li class=\"small-reg\">\n<div class=\"small-bold\"><strong>Parte superior de malla jacquard reforzada<\/strong><\/div>\n<p>Mejora la transpirabilidad para mayor frescor y comodidad en cada carrera.<\/li>\n<li class=\"small-reg\">\n<div class=\"small-bold\"><strong>Sistema de leng\u00fceta reforzada<\/strong><\/div>\n<p>Mejora la estabilidad del mediopi\u00e9 y evita que la leng\u00fceta resbale.<\/li>\n<li class=\"small-reg\">\n<div class=\"small-bold\"><strong>Peque\u00f1os detalles reflectantes<\/strong><\/div>\n<p>Mejoran la visibilidad en condiciones de poca luz.<\/li>\n<li class=\"small-reg\">\n<div class=\"small-bold\"><strong>Dise\u00f1adas pensando en el medio ambiente<\/strong><\/div>\n<p>La parte superior de la zapatilla est\u00e1 fabricada con al menos un 79% de materiales reciclados. La plantilla, la puntera, los ojales, la leng\u00fceta y el forro del cuello est\u00e1n hechos de materiales reciclados.<\/li>\n<\/ul>\n<\/div>\n<p><\/div><\/div><\/div>\n","protected":false},"excerpt":{"rendered":"<ul>\n<li>Dise\u00f1ado para correr m\u00e1s r\u00e1pido.<\/li>\n<li>Ideal para corredores r\u00e1pidos.<\/li>\n<li>Perfecto para entrenar<\/li>\n<li style=\"list-style-type: none;\"><\/li>\n<\/ul>\n","protected":false},"featured_media":405981,"template":"","meta":{"_acf_changed":false,"inline_featured_image":false},"product_brand":[],"product_cat":[24227,24228],"product_tag":[23559,23670],"class_list":{"0":"post-299027","1":"product","2":"type-product","3":"status-publish","4":"has-post-thumbnail","6":"product_cat-calzado-femenino","7":"product_cat-neutre-es","8":"product_tag-asics-es","9":"product_tag-asics-mujer","10":"pa_attivita-running-es","11":"pa_colore-novablast-5-w-black-pearl-pink-es","12":"pa_colore-novablast-5-w-sky-digital-sakura","13":"pa_marca-asics-es","14":"pa_sesso-mujer","15":"pa_size-37-5-es","16":"pa_size-38-es","17":"pa_size-39-es","18":"pa_size-39-5-es","19":"pa_size-40-es","20":"pa_size-40-5-es","21":"pa_size-41-5-es","23":"first","24":"instock","25":"sale","26":"taxable","27":"shipping-taxable","28":"purchasable","29":"product-type-variable","30":"wvs-archive-product-wrapper"},"acf":[],"yoast_head":"<!-- This site is optimized with the Yoast SEO plugin v26.8 - https:\/\/yoast.com\/product\/yoast-seo-wordpress\/ -->\n<title>Asics Novablast 5 mujer - Zapatillas de running - MioMioRun.com<\/title>\n<meta name=\"description\" content=\"Novablast 5 est\u00e1 dise\u00f1ado para correr m\u00e1s r\u00e1pido, es ligero y ofrece un mejor retorno de energ\u00eda que su predecesor.\" \/>\n<meta name=\"robots\" content=\"index, follow, max-snippet:-1, max-image-preview:large, max-video-preview:-1\" \/>\n<link rel=\"canonical\" href=\"https:\/\/www.miomiorun.com\/es\/producto\/novablast-5-mujer\/\" \/>\n<meta property=\"og:locale\" content=\"es_ES\" \/>\n<meta property=\"og:type\" content=\"article\" \/>\n<meta property=\"og:title\" content=\"Asics Novablast 5 mujer - Zapatillas de running - MioMioRun.com\" \/>\n<meta property=\"og:description\" content=\"Novablast 5 est\u00e1 dise\u00f1ado para correr m\u00e1s r\u00e1pido, es ligero y ofrece un mejor retorno de energ\u00eda que su predecesor.\" \/>\n<meta property=\"og:url\" content=\"https:\/\/www.miomiorun.com\/es\/producto\/novablast-5-mujer\/\" \/>\n<meta property=\"og:site_name\" content=\"MioMioRun\" \/>\n<meta property=\"article:publisher\" content=\"https:\/\/www.facebook.com\/miomiorun\/\" \/>\n<meta property=\"article:modified_time\" content=\"2026-04-27T18:29:21+00:00\" \/>\n<meta property=\"og:image\" content=\"https:\/\/www.miomiorun.com\/app\/uploads\/2025\/01\/asics-Novablast-5-W-midnight-breeze-1012B765-400.webp\" \/>\n\t<meta property=\"og:image:width\" content=\"600\" \/>\n\t<meta property=\"og:image:height\" content=\"600\" \/>\n\t<meta property=\"og:image:type\" content=\"image\/webp\" \/>\n<meta name=\"twitter:card\" content=\"summary_large_image\" \/>\n<meta name=\"twitter:label1\" content=\"Est. reading time\" \/>\n\t<meta name=\"twitter:data1\" content=\"2 minutes\" \/>\n<script type=\"application\/ld+json\" class=\"yoast-schema-graph\">{\"@context\":\"https:\/\/schema.org\",\"@graph\":[{\"@type\":\"WebPage\",\"@id\":\"https:\/\/www.miomiorun.com\/es\/producto\/novablast-5-mujer\/\",\"url\":\"https:\/\/www.miomiorun.com\/es\/producto\/novablast-5-mujer\/\",\"name\":\"Asics Novablast 5 mujer - Zapatillas de running - MioMioRun.com\",\"isPartOf\":{\"@id\":\"https:\/\/www.miomiorun.com\/es\/#website\"},\"primaryImageOfPage\":{\"@id\":\"https:\/\/www.miomiorun.com\/es\/producto\/novablast-5-mujer\/#primaryimage\"},\"image\":{\"@id\":\"https:\/\/www.miomiorun.com\/es\/producto\/novablast-5-mujer\/#primaryimage\"},\"thumbnailUrl\":\"https:\/\/www.miomiorun.com\/app\/uploads\/2026\/02\/asics-Novablast-5-W-sky-digital-sakura-1012B989-400.webp\",\"datePublished\":\"2025-01-21T13:27:39+00:00\",\"dateModified\":\"2026-04-27T18:29:21+00:00\",\"description\":\"Novablast 5 est\u00e1 dise\u00f1ado para correr m\u00e1s r\u00e1pido, es ligero y ofrece un mejor retorno de energ\u00eda que su predecesor.\",\"breadcrumb\":{\"@id\":\"https:\/\/www.miomiorun.com\/es\/producto\/novablast-5-mujer\/#breadcrumb\"},\"inLanguage\":\"es-ES\",\"potentialAction\":[{\"@type\":\"ReadAction\",\"target\":[\"https:\/\/www.miomiorun.com\/es\/producto\/novablast-5-mujer\/\"]}]},{\"@type\":\"ImageObject\",\"inLanguage\":\"es-ES\",\"@id\":\"https:\/\/www.miomiorun.com\/es\/producto\/novablast-5-mujer\/#primaryimage\",\"url\":\"https:\/\/www.miomiorun.com\/app\/uploads\/2026\/02\/asics-Novablast-5-W-sky-digital-sakura-1012B989-400.webp\",\"contentUrl\":\"https:\/\/www.miomiorun.com\/app\/uploads\/2026\/02\/asics-Novablast-5-W-sky-digital-sakura-1012B989-400.webp\",\"width\":720,\"height\":720,\"caption\":\"asics Novablast 5 W sky digital sakura 1012B989 400\"},{\"@type\":\"BreadcrumbList\",\"@id\":\"https:\/\/www.miomiorun.com\/es\/producto\/novablast-5-mujer\/#breadcrumb\",\"itemListElement\":[{\"@type\":\"ListItem\",\"position\":1,\"name\":\"Home\",\"item\":\"https:\/\/www.miomiorun.com\/es\/\"},{\"@type\":\"ListItem\",\"position\":2,\"name\":\"Shop\",\"item\":\"https:\/\/www.miomiorun.com\/shop\/\"},{\"@type\":\"ListItem\",\"position\":3,\"name\":\"Novablast 5 mujer\"}]},{\"@type\":\"WebSite\",\"@id\":\"https:\/\/www.miomiorun.com\/es\/#website\",\"url\":\"https:\/\/www.miomiorun.com\/es\/\",\"name\":\"MioMioRun\",\"description\":\"Tienda 100% running y trail\",\"publisher\":{\"@id\":\"https:\/\/www.miomiorun.com\/es\/#organization\"},\"potentialAction\":[{\"@type\":\"SearchAction\",\"target\":{\"@type\":\"EntryPoint\",\"urlTemplate\":\"https:\/\/www.miomiorun.com\/es\/?s={search_term_string}\"},\"query-input\":{\"@type\":\"PropertyValueSpecification\",\"valueRequired\":true,\"valueName\":\"search_term_string\"}}],\"inLanguage\":\"es-ES\"},{\"@type\":\"Organization\",\"@id\":\"https:\/\/www.miomiorun.com\/es\/#organization\",\"name\":\"MioMio Run\",\"url\":\"https:\/\/www.miomiorun.com\/es\/\",\"logo\":{\"@type\":\"ImageObject\",\"inLanguage\":\"es-ES\",\"@id\":\"https:\/\/www.miomiorun.com\/es\/#\/schema\/logo\/image\/\",\"url\":\"https:\/\/www.miomiorun.com\/app\/uploads\/2019\/12\/logomio.png\",\"contentUrl\":\"https:\/\/www.miomiorun.com\/app\/uploads\/2019\/12\/logomio.png\",\"width\":115,\"height\":82,\"caption\":\"MioMio Run\"},\"image\":{\"@id\":\"https:\/\/www.miomiorun.com\/es\/#\/schema\/logo\/image\/\"},\"sameAs\":[\"https:\/\/www.facebook.com\/miomiorun\/\",\"https:\/\/www.instagram.com\/miomiorun\/\"]}]}<\/script>\n<!-- \/ Yoast SEO plugin. -->","yoast_head_json":{"title":"Asics Novablast 5 mujer - Zapatillas de running - MioMioRun.com","description":"Novablast 5 est\u00e1 dise\u00f1ado para correr m\u00e1s r\u00e1pido, es ligero y ofrece un mejor retorno de energ\u00eda que su predecesor.","robots":{"index":"index","follow":"follow","max-snippet":"max-snippet:-1","max-image-preview":"max-image-preview:large","max-video-preview":"max-video-preview:-1"},"canonical":"https:\/\/www.miomiorun.com\/es\/producto\/novablast-5-mujer\/","og_locale":"es_ES","og_type":"article","og_title":"Asics Novablast 5 mujer - Zapatillas de running - MioMioRun.com","og_description":"Novablast 5 est\u00e1 dise\u00f1ado para correr m\u00e1s r\u00e1pido, es ligero y ofrece un mejor retorno de energ\u00eda que su predecesor.","og_url":"https:\/\/www.miomiorun.com\/es\/producto\/novablast-5-mujer\/","og_site_name":"MioMioRun","article_publisher":"https:\/\/www.facebook.com\/miomiorun\/","article_modified_time":"2026-04-27T18:29:21+00:00","og_image":[{"width":600,"height":600,"url":"https:\/\/www.miomiorun.com\/app\/uploads\/2025\/01\/asics-Novablast-5-W-midnight-breeze-1012B765-400.webp","type":"image\/webp"}],"twitter_card":"summary_large_image","twitter_misc":{"Est. reading time":"2 minutes"},"schema":{"@context":"https:\/\/schema.org","@graph":[{"@type":"WebPage","@id":"https:\/\/www.miomiorun.com\/es\/producto\/novablast-5-mujer\/","url":"https:\/\/www.miomiorun.com\/es\/producto\/novablast-5-mujer\/","name":"Asics Novablast 5 mujer - Zapatillas de running - MioMioRun.com","isPartOf":{"@id":"https:\/\/www.miomiorun.com\/es\/#website"},"primaryImageOfPage":{"@id":"https:\/\/www.miomiorun.com\/es\/producto\/novablast-5-mujer\/#primaryimage"},"image":{"@id":"https:\/\/www.miomiorun.com\/es\/producto\/novablast-5-mujer\/#primaryimage"},"thumbnailUrl":"https:\/\/www.miomiorun.com\/app\/uploads\/2026\/02\/asics-Novablast-5-W-sky-digital-sakura-1012B989-400.webp","datePublished":"2025-01-21T13:27:39+00:00","dateModified":"2026-04-27T18:29:21+00:00","description":"Novablast 5 est\u00e1 dise\u00f1ado para correr m\u00e1s r\u00e1pido, es ligero y ofrece un mejor retorno de energ\u00eda que su predecesor.","breadcrumb":{"@id":"https:\/\/www.miomiorun.com\/es\/producto\/novablast-5-mujer\/#breadcrumb"},"inLanguage":"es-ES","potentialAction":[{"@type":"ReadAction","target":["https:\/\/www.miomiorun.com\/es\/producto\/novablast-5-mujer\/"]}]},{"@type":"ImageObject","inLanguage":"es-ES","@id":"https:\/\/www.miomiorun.com\/es\/producto\/novablast-5-mujer\/#primaryimage","url":"https:\/\/www.miomiorun.com\/app\/uploads\/2026\/02\/asics-Novablast-5-W-sky-digital-sakura-1012B989-400.webp","contentUrl":"https:\/\/www.miomiorun.com\/app\/uploads\/2026\/02\/asics-Novablast-5-W-sky-digital-sakura-1012B989-400.webp","width":720,"height":720,"caption":"asics Novablast 5 W sky digital sakura 1012B989 400"},{"@type":"BreadcrumbList","@id":"https:\/\/www.miomiorun.com\/es\/producto\/novablast-5-mujer\/#breadcrumb","itemListElement":[{"@type":"ListItem","position":1,"name":"Home","item":"https:\/\/www.miomiorun.com\/es\/"},{"@type":"ListItem","position":2,"name":"Shop","item":"https:\/\/www.miomiorun.com\/shop\/"},{"@type":"ListItem","position":3,"name":"Novablast 5 mujer"}]},{"@type":"WebSite","@id":"https:\/\/www.miomiorun.com\/es\/#website","url":"https:\/\/www.miomiorun.com\/es\/","name":"MioMioRun","description":"Tienda 100% running y trail","publisher":{"@id":"https:\/\/www.miomiorun.com\/es\/#organization"},"potentialAction":[{"@type":"SearchAction","target":{"@type":"EntryPoint","urlTemplate":"https:\/\/www.miomiorun.com\/es\/?s={search_term_string}"},"query-input":{"@type":"PropertyValueSpecification","valueRequired":true,"valueName":"search_term_string"}}],"inLanguage":"es-ES"},{"@type":"Organization","@id":"https:\/\/www.miomiorun.com\/es\/#organization","name":"MioMio Run","url":"https:\/\/www.miomiorun.com\/es\/","logo":{"@type":"ImageObject","inLanguage":"es-ES","@id":"https:\/\/www.miomiorun.com\/es\/#\/schema\/logo\/image\/","url":"https:\/\/www.miomiorun.com\/app\/uploads\/2019\/12\/logomio.png","contentUrl":"https:\/\/www.miomiorun.com\/app\/uploads\/2019\/12\/logomio.png","width":115,"height":82,"caption":"MioMio Run"},"image":{"@id":"https:\/\/www.miomiorun.com\/es\/#\/schema\/logo\/image\/"},"sameAs":["https:\/\/www.facebook.com\/miomiorun\/","https:\/\/www.instagram.com\/miomiorun\/"]}]}},"_links":{"self":[{"href":"https:\/\/www.miomiorun.com\/es\/wp-json\/wp\/v2\/product\/299027","targetHints":{"allow":["GET"]}}],"collection":[{"href":"https:\/\/www.miomiorun.com\/es\/wp-json\/wp\/v2\/product"}],"about":[{"href":"https:\/\/www.miomiorun.com\/es\/wp-json\/wp\/v2\/types\/product"}],"wp:featuredmedia":[{"embeddable":true,"href":"https:\/\/www.miomiorun.com\/es\/wp-json\/wp\/v2\/media\/405981"}],"wp:attachment":[{"href":"https:\/\/www.miomiorun.com\/es\/wp-json\/wp\/v2\/media?parent=299027"}],"wp:term":[{"taxonomy":"product_brand","embeddable":true,"href":"https:\/\/www.miomiorun.com\/es\/wp-json\/wp\/v2\/product_brand?post=299027"},{"taxonomy":"product_cat","embeddable":true,"href":"https:\/\/www.miomiorun.com\/es\/wp-json\/wp\/v2\/product_cat?post=299027"},{"taxonomy":"product_tag","embeddable":true,"href":"https:\/\/www.miomiorun.com\/es\/wp-json\/wp\/v2\/product_tag?post=299027"}],"curies":[{"name":"wp","href":"https:\/\/api.w.org\/{rel}","templated":true}]}}