{"id":298972,"date":"2025-01-29T11:48:10","date_gmt":"2025-01-29T10:48:10","guid":{"rendered":"https:\/\/miomiorun.com\/prodotto\/scr-one\/"},"modified":"2026-03-05T18:59:25","modified_gmt":"2026-03-05T17:59:25","slug":"scr-one","status":"publish","type":"product","link":"https:\/\/www.miomiorun.com\/es\/producto\/scr-one\/","title":{"rendered":"Scr One"},"content":{"rendered":"<div id=\"product-description\" class=\"rte\">\n<p>El <b>CALZA SCR ONE<\/b> es <b>ultraligero<\/b>, dise\u00f1ada con una <b>malla transpirable<\/b> y <b>aligerada<\/b> para una <b>ventilaci\u00f3n \u00f3ptima<\/b> en la parte superior del pie durante las sesiones deportivas, garantizando al mismo tiempo un <b>secado ultrarr\u00e1pido<\/b>.<\/p>\n<p>Su <b>suela anat\u00f3mica reforzada<\/b> ofrece una excelente <b>comodidad<\/b> en las zonas de contacto de la suela y un <b>soporte<\/b> para la fascia plantar.<\/p>\n<p>Los <b>refuerzos<\/b> en el <b>tal\u00f3n<\/b> y la <b>punta<\/b> mejoran la <b>amortiguaci\u00f3n<\/b>, reducen los <b>rozaduras<\/b> y <b>previenen las ampollas<\/b>. Las <b>costuras planas<\/b> garantizan una mayor <b>comodidad<\/b>.<\/p>\n<p>Por \u00faltimo, la <b>SCR ONE<\/b> adopta una estructura <b>asim\u00e9trica<\/b> para respetar la anatom\u00eda y aumentar la comodidad.<\/p>\n<\/div>\n<p>&nbsp;<\/p>\n<p>&nbsp;<\/p>\n","protected":false},"excerpt":{"rendered":"<ul>\n<li>El calcet\u00edn corto SCR ONE es ultraligero y cuenta con una malla transpirable para una ventilaci\u00f3n \u00f3ptima.<\/li>\n<li>La planta del pie es anat\u00f3mica.<\/li>\n<li>El tal\u00f3n y la puntera est\u00e1n reforzados .<\/li>\n<\/ul>\n","protected":false},"featured_media":251295,"template":"","meta":{"_acf_changed":false,"inline_featured_image":false},"product_brand":[],"product_cat":[24400,24462,24463,24401],"product_tag":[23561,24176,23622],"class_list":{"0":"post-298972","1":"product","2":"type-product","3":"status-publish","4":"has-post-thumbnail","6":"product_cat-calcetines","7":"product_cat-calcetines-es-2","8":"product_cat-ropa-de-hombre-es","9":"product_cat-ropa-de-mujer","10":"product_tag-bv-sport-es","11":"product_tag-bv-sport-hombre","12":"product_tag-bv-sport-mujer","13":"pa_attivita-caminar","14":"pa_attivita-fitness-es","15":"pa_attivita-running-es","16":"pa_colore-scr-one-3-blanc-es","17":"pa_colore-scr-one-3-bleu-es","18":"pa_colore-scr-one-3-bleu-rose-es","19":"pa_colore-scr-one-3-jaune-es","20":"pa_colore-scr-one-3-noir-es","21":"pa_colore-scr-one-3-noir-bleu-es","22":"pa_colore-scr-one-3-rose-es","23":"pa_colore-scr-one-3-rouge-es","24":"pa_marca-bv-sport-es","25":"pa_sesso-hombre","26":"pa_sesso-mujer","27":"pa_size-36-38-es","28":"pa_size-39-41-es","29":"pa_size-42-44-es","30":"pa_size-45-47-es","32":"first","33":"instock","34":"sale","35":"taxable","36":"shipping-taxable","37":"purchasable","38":"product-type-variable","39":"wvs-archive-product-wrapper"},"acf":[],"yoast_head":"<!-- This site is optimized with the Yoast SEO plugin v26.8 - https:\/\/yoast.com\/product\/yoast-seo-wordpress\/ -->\n<title>Bv SportScr One - Calcetines para correr - MioMioRun.com<\/title>\n<meta name=\"description\" content=\"Descubre las nuevas SCR ONE, unas medias ultraligeras con malla transpirable para una ventilaci\u00f3n \u00f3ptima.\" \/>\n<meta name=\"robots\" content=\"index, follow, max-snippet:-1, max-image-preview:large, max-video-preview:-1\" \/>\n<link rel=\"canonical\" href=\"https:\/\/www.miomiorun.com\/es\/producto\/scr-one\/\" \/>\n<meta property=\"og:locale\" content=\"es_ES\" \/>\n<meta property=\"og:type\" content=\"article\" \/>\n<meta property=\"og:title\" content=\"Bv SportScr One - Calcetines para correr - MioMioRun.com\" \/>\n<meta property=\"og:description\" content=\"Descubre las nuevas SCR ONE, unas medias ultraligeras con malla transpirable para una ventilaci\u00f3n \u00f3ptima.\" \/>\n<meta property=\"og:url\" content=\"https:\/\/www.miomiorun.com\/es\/producto\/scr-one\/\" \/>\n<meta property=\"og:site_name\" content=\"MioMioRun\" \/>\n<meta property=\"article:publisher\" content=\"https:\/\/www.facebook.com\/miomiorun\/\" \/>\n<meta property=\"article:modified_time\" content=\"2026-03-05T17:59:25+00:00\" \/>\n<meta property=\"og:image\" content=\"https:\/\/www.miomiorun.com\/app\/uploads\/2025\/01\/bv-sport-SCR-One.3-noir-bleu-208-017.webp\" \/>\n\t<meta property=\"og:image:width\" content=\"600\" \/>\n\t<meta property=\"og:image:height\" content=\"600\" \/>\n\t<meta property=\"og:image:type\" content=\"image\/webp\" \/>\n<meta name=\"twitter:card\" content=\"summary_large_image\" \/>\n<meta name=\"twitter:label1\" content=\"Est. reading time\" \/>\n\t<meta name=\"twitter:data1\" content=\"1 minute\" \/>\n<script type=\"application\/ld+json\" class=\"yoast-schema-graph\">{\"@context\":\"https:\/\/schema.org\",\"@graph\":[{\"@type\":\"WebPage\",\"@id\":\"https:\/\/www.miomiorun.com\/es\/producto\/scr-one\/\",\"url\":\"https:\/\/www.miomiorun.com\/es\/producto\/scr-one\/\",\"name\":\"Bv SportScr One - Calcetines para correr - MioMioRun.com\",\"isPartOf\":{\"@id\":\"https:\/\/www.miomiorun.com\/es\/#website\"},\"primaryImageOfPage\":{\"@id\":\"https:\/\/www.miomiorun.com\/es\/producto\/scr-one\/#primaryimage\"},\"image\":{\"@id\":\"https:\/\/www.miomiorun.com\/es\/producto\/scr-one\/#primaryimage\"},\"thumbnailUrl\":\"https:\/\/www.miomiorun.com\/app\/uploads\/2025\/01\/bv-sport-SCR-One.3-noir-bleu-208-017.webp\",\"datePublished\":\"2025-01-29T10:48:10+00:00\",\"dateModified\":\"2026-03-05T17:59:25+00:00\",\"description\":\"Descubre las nuevas SCR ONE, unas medias ultraligeras con malla transpirable para una ventilaci\u00f3n \u00f3ptima.\",\"breadcrumb\":{\"@id\":\"https:\/\/www.miomiorun.com\/es\/producto\/scr-one\/#breadcrumb\"},\"inLanguage\":\"es-ES\",\"potentialAction\":[{\"@type\":\"ReadAction\",\"target\":[\"https:\/\/www.miomiorun.com\/es\/producto\/scr-one\/\"]}]},{\"@type\":\"ImageObject\",\"inLanguage\":\"es-ES\",\"@id\":\"https:\/\/www.miomiorun.com\/es\/producto\/scr-one\/#primaryimage\",\"url\":\"https:\/\/www.miomiorun.com\/app\/uploads\/2025\/01\/bv-sport-SCR-One.3-noir-bleu-208-017.webp\",\"contentUrl\":\"https:\/\/www.miomiorun.com\/app\/uploads\/2025\/01\/bv-sport-SCR-One.3-noir-bleu-208-017.webp\",\"width\":600,\"height\":600,\"caption\":\"bv sport SCR One.3 noir bleu 208 017\"},{\"@type\":\"BreadcrumbList\",\"@id\":\"https:\/\/www.miomiorun.com\/es\/producto\/scr-one\/#breadcrumb\",\"itemListElement\":[{\"@type\":\"ListItem\",\"position\":1,\"name\":\"Home\",\"item\":\"https:\/\/www.miomiorun.com\/es\/\"},{\"@type\":\"ListItem\",\"position\":2,\"name\":\"Shop\",\"item\":\"https:\/\/www.miomiorun.com\/shop\/\"},{\"@type\":\"ListItem\",\"position\":3,\"name\":\"Scr One\"}]},{\"@type\":\"WebSite\",\"@id\":\"https:\/\/www.miomiorun.com\/es\/#website\",\"url\":\"https:\/\/www.miomiorun.com\/es\/\",\"name\":\"MioMioRun\",\"description\":\"Tienda 100% running y trail\",\"publisher\":{\"@id\":\"https:\/\/www.miomiorun.com\/es\/#organization\"},\"potentialAction\":[{\"@type\":\"SearchAction\",\"target\":{\"@type\":\"EntryPoint\",\"urlTemplate\":\"https:\/\/www.miomiorun.com\/es\/?s={search_term_string}\"},\"query-input\":{\"@type\":\"PropertyValueSpecification\",\"valueRequired\":true,\"valueName\":\"search_term_string\"}}],\"inLanguage\":\"es-ES\"},{\"@type\":\"Organization\",\"@id\":\"https:\/\/www.miomiorun.com\/es\/#organization\",\"name\":\"MioMio Run\",\"url\":\"https:\/\/www.miomiorun.com\/es\/\",\"logo\":{\"@type\":\"ImageObject\",\"inLanguage\":\"es-ES\",\"@id\":\"https:\/\/www.miomiorun.com\/es\/#\/schema\/logo\/image\/\",\"url\":\"https:\/\/www.miomiorun.com\/app\/uploads\/2019\/12\/logomio.png\",\"contentUrl\":\"https:\/\/www.miomiorun.com\/app\/uploads\/2019\/12\/logomio.png\",\"width\":115,\"height\":82,\"caption\":\"MioMio Run\"},\"image\":{\"@id\":\"https:\/\/www.miomiorun.com\/es\/#\/schema\/logo\/image\/\"},\"sameAs\":[\"https:\/\/www.facebook.com\/miomiorun\/\",\"https:\/\/www.instagram.com\/miomiorun\/\"]}]}<\/script>\n<!-- \/ Yoast SEO plugin. -->","yoast_head_json":{"title":"Bv SportScr One - Calcetines para correr - MioMioRun.com","description":"Descubre las nuevas SCR ONE, unas medias ultraligeras con malla transpirable para una ventilaci\u00f3n \u00f3ptima.","robots":{"index":"index","follow":"follow","max-snippet":"max-snippet:-1","max-image-preview":"max-image-preview:large","max-video-preview":"max-video-preview:-1"},"canonical":"https:\/\/www.miomiorun.com\/es\/producto\/scr-one\/","og_locale":"es_ES","og_type":"article","og_title":"Bv SportScr One - Calcetines para correr - MioMioRun.com","og_description":"Descubre las nuevas SCR ONE, unas medias ultraligeras con malla transpirable para una ventilaci\u00f3n \u00f3ptima.","og_url":"https:\/\/www.miomiorun.com\/es\/producto\/scr-one\/","og_site_name":"MioMioRun","article_publisher":"https:\/\/www.facebook.com\/miomiorun\/","article_modified_time":"2026-03-05T17:59:25+00:00","og_image":[{"width":600,"height":600,"url":"https:\/\/www.miomiorun.com\/app\/uploads\/2025\/01\/bv-sport-SCR-One.3-noir-bleu-208-017.webp","type":"image\/webp"}],"twitter_card":"summary_large_image","twitter_misc":{"Est. reading time":"1 minute"},"schema":{"@context":"https:\/\/schema.org","@graph":[{"@type":"WebPage","@id":"https:\/\/www.miomiorun.com\/es\/producto\/scr-one\/","url":"https:\/\/www.miomiorun.com\/es\/producto\/scr-one\/","name":"Bv SportScr One - Calcetines para correr - MioMioRun.com","isPartOf":{"@id":"https:\/\/www.miomiorun.com\/es\/#website"},"primaryImageOfPage":{"@id":"https:\/\/www.miomiorun.com\/es\/producto\/scr-one\/#primaryimage"},"image":{"@id":"https:\/\/www.miomiorun.com\/es\/producto\/scr-one\/#primaryimage"},"thumbnailUrl":"https:\/\/www.miomiorun.com\/app\/uploads\/2025\/01\/bv-sport-SCR-One.3-noir-bleu-208-017.webp","datePublished":"2025-01-29T10:48:10+00:00","dateModified":"2026-03-05T17:59:25+00:00","description":"Descubre las nuevas SCR ONE, unas medias ultraligeras con malla transpirable para una ventilaci\u00f3n \u00f3ptima.","breadcrumb":{"@id":"https:\/\/www.miomiorun.com\/es\/producto\/scr-one\/#breadcrumb"},"inLanguage":"es-ES","potentialAction":[{"@type":"ReadAction","target":["https:\/\/www.miomiorun.com\/es\/producto\/scr-one\/"]}]},{"@type":"ImageObject","inLanguage":"es-ES","@id":"https:\/\/www.miomiorun.com\/es\/producto\/scr-one\/#primaryimage","url":"https:\/\/www.miomiorun.com\/app\/uploads\/2025\/01\/bv-sport-SCR-One.3-noir-bleu-208-017.webp","contentUrl":"https:\/\/www.miomiorun.com\/app\/uploads\/2025\/01\/bv-sport-SCR-One.3-noir-bleu-208-017.webp","width":600,"height":600,"caption":"bv sport SCR One.3 noir bleu 208 017"},{"@type":"BreadcrumbList","@id":"https:\/\/www.miomiorun.com\/es\/producto\/scr-one\/#breadcrumb","itemListElement":[{"@type":"ListItem","position":1,"name":"Home","item":"https:\/\/www.miomiorun.com\/es\/"},{"@type":"ListItem","position":2,"name":"Shop","item":"https:\/\/www.miomiorun.com\/shop\/"},{"@type":"ListItem","position":3,"name":"Scr One"}]},{"@type":"WebSite","@id":"https:\/\/www.miomiorun.com\/es\/#website","url":"https:\/\/www.miomiorun.com\/es\/","name":"MioMioRun","description":"Tienda 100% running y trail","publisher":{"@id":"https:\/\/www.miomiorun.com\/es\/#organization"},"potentialAction":[{"@type":"SearchAction","target":{"@type":"EntryPoint","urlTemplate":"https:\/\/www.miomiorun.com\/es\/?s={search_term_string}"},"query-input":{"@type":"PropertyValueSpecification","valueRequired":true,"valueName":"search_term_string"}}],"inLanguage":"es-ES"},{"@type":"Organization","@id":"https:\/\/www.miomiorun.com\/es\/#organization","name":"MioMio Run","url":"https:\/\/www.miomiorun.com\/es\/","logo":{"@type":"ImageObject","inLanguage":"es-ES","@id":"https:\/\/www.miomiorun.com\/es\/#\/schema\/logo\/image\/","url":"https:\/\/www.miomiorun.com\/app\/uploads\/2019\/12\/logomio.png","contentUrl":"https:\/\/www.miomiorun.com\/app\/uploads\/2019\/12\/logomio.png","width":115,"height":82,"caption":"MioMio Run"},"image":{"@id":"https:\/\/www.miomiorun.com\/es\/#\/schema\/logo\/image\/"},"sameAs":["https:\/\/www.facebook.com\/miomiorun\/","https:\/\/www.instagram.com\/miomiorun\/"]}]}},"_links":{"self":[{"href":"https:\/\/www.miomiorun.com\/es\/wp-json\/wp\/v2\/product\/298972","targetHints":{"allow":["GET"]}}],"collection":[{"href":"https:\/\/www.miomiorun.com\/es\/wp-json\/wp\/v2\/product"}],"about":[{"href":"https:\/\/www.miomiorun.com\/es\/wp-json\/wp\/v2\/types\/product"}],"wp:featuredmedia":[{"embeddable":true,"href":"https:\/\/www.miomiorun.com\/es\/wp-json\/wp\/v2\/media\/251295"}],"wp:attachment":[{"href":"https:\/\/www.miomiorun.com\/es\/wp-json\/wp\/v2\/media?parent=298972"}],"wp:term":[{"taxonomy":"product_brand","embeddable":true,"href":"https:\/\/www.miomiorun.com\/es\/wp-json\/wp\/v2\/product_brand?post=298972"},{"taxonomy":"product_cat","embeddable":true,"href":"https:\/\/www.miomiorun.com\/es\/wp-json\/wp\/v2\/product_cat?post=298972"},{"taxonomy":"product_tag","embeddable":true,"href":"https:\/\/www.miomiorun.com\/es\/wp-json\/wp\/v2\/product_tag?post=298972"}],"curies":[{"name":"wp","href":"https:\/\/api.w.org\/{rel}","templated":true}]}}