{"id":298835,"date":"2025-01-30T13:32:11","date_gmt":"2025-01-30T12:32:11","guid":{"rendered":"https:\/\/miomiorun.com\/prodotto\/run-marathon-low\/"},"modified":"2026-04-23T11:33:12","modified_gmt":"2026-04-23T09:33:12","slug":"run-marathon-low","status":"publish","type":"product","link":"https:\/\/www.miomiorun.com\/es\/producto\/run-marathon-low\/","title":{"rendered":"RUN MARATHON Low"},"content":{"rendered":"<p><div class=\"vc-row container\"><div class=\"vc-column\"><div class=\"vc-column-text\"><\/p>\n<div id=\"product-description-short\" class=\"full\">\n<div id=\"product-description-short\" class=\"full\">\n<p>\u00a1El <b>nuevo calcet\u00edn RUN MARATHON LOW<\/b> es lo mejor para los corredores!<\/p>\n<p><b>Fabricado con esmero en Francia<\/b>, este calcet\u00edn cuenta con una <b>nueva suela 3D ultrat\u00e9cnica<\/b> dise\u00f1ada en el <b>centro de I+D<\/b>, ideal para afrontar <b>largas distancias<\/b> sobre <b>asfalto.<\/b><\/p>\n<p><b>Tecnolog\u00eda, ligereza, comodidad<\/b> y <b>resistencia<\/b> se unen para ofrecer una experiencia sin igual.<\/p>\n<p>Sus <b>refuerzos espec\u00edficos<\/b> garantizan un <b>soporte \u00f3ptimo<\/b> en cada paso, mientras que el dise\u00f1o <b>ligero<\/b> y <b>ergon\u00f3mico<\/b> te permite <b>recorrer kil\u00f3metros<\/b> sin comprometer la <b>comodidad. <\/b><\/p>\n<\/div>\n<\/div>\n<p><\/div><\/div><\/div><div class=\"vc-row container\"><div class=\"vc-column\"><div class=\"vc-column-text\"><a href=\"https:\/\/miomiorun.com\/wp-content\/uploads\/2025\/01\/bv-sport-Run-marathon.2-low.webp\"><img loading=\"lazy\" decoding=\"async\" class=\"alignnone size-full wp-image-226885\" src=\"https:\/\/miomiorun.com\/wp-content\/uploads\/2025\/01\/bv-sport-Run-marathon.2-low.webp\" alt=\"\" width=\"600\" height=\"600\" srcset=\"https:\/\/www.miomiorun.com\/app\/uploads\/2025\/01\/bv-sport-Run-marathon.2-low.webp 600w, https:\/\/www.miomiorun.com\/app\/uploads\/2025\/01\/bv-sport-Run-marathon.2-low-300x300.webp 300w, https:\/\/www.miomiorun.com\/app\/uploads\/2025\/01\/bv-sport-Run-marathon.2-low-100x100.webp 100w, https:\/\/www.miomiorun.com\/app\/uploads\/2025\/01\/bv-sport-Run-marathon.2-low-150x150.webp 150w, https:\/\/www.miomiorun.com\/app\/uploads\/2025\/01\/bv-sport-Run-marathon.2-low-400x400.webp 400w, https:\/\/www.miomiorun.com\/app\/uploads\/2025\/01\/bv-sport-Run-marathon.2-low-85x85.webp 85w, https:\/\/www.miomiorun.com\/app\/uploads\/2025\/01\/bv-sport-Run-marathon.2-low-50x50.webp 50w, https:\/\/www.miomiorun.com\/app\/uploads\/2025\/01\/bv-sport-Run-marathon.2-low-32x32.webp 32w, https:\/\/www.miomiorun.com\/app\/uploads\/2025\/01\/bv-sport-Run-marathon.2-low-480x480.webp 480w\" sizes=\"auto, (max-width: 600px) 100vw, 600px\" \/><\/a><\/div> <\/div><div class=\"vc-column\"><div class=\"vc-column-text\"><\/p>\n<h3>Tecnolog\u00edas:<\/h3>\n<div class=\"col-sm-5 col-12\">\n<h3 class=\"title\">1-Suela anat\u00f3mica 3D reforzada<\/h3>\n<p>T\u00e9cnica: Combinaci\u00f3n de 2 tipos de malla (gruesa y fina) con anillos integrados. Inspirada en las bandas de rodadura de los autom\u00f3viles.<\/p>\n<p>Acci\u00f3n: Protege las zonas de contacto, optimiza la propiocepci\u00f3n y mejora la estabilizaci\u00f3n del pie.<\/p>\n<p>Beneficios: Reduce la fricci\u00f3n y el sobrecalentamiento en la suela.<\/p>\n<h3 class=\"title\">2-Soporte y estabilizaci\u00f3n del pie y el tobillo en 360\u00b0<\/h3>\n<p>T\u00e9cnica: Malla acanalada situada a la altura de la articulaci\u00f3n del tobillo.<\/p>\n<p>Acci\u00f3n: Sostiene y estabiliza el tobillo sin oprimir.<\/p>\n<p>Beneficios: Garantiza una sujeci\u00f3n \u00f3ptima del tobillo durante la carrera.<\/p>\n<h3 class=\"title\">3-Protecci\u00f3n del tend\u00f3n de Aquiles<\/h3>\n<p>T\u00e9cnica: Tejido de rizo situado a la altura del tend\u00f3n de Aquiles.<\/p>\n<p>Acci\u00f3n: Protege las estructuras sensibles y absorbe los impactos.<\/p>\n<p>Beneficios: Ofrece una protecci\u00f3n espec\u00edfica.<\/p>\n<h3 class=\"title\">4-Malla transpirable<\/h3>\n<p>T\u00e9cnica: Malla ligera y alveolada en la parte superior del pie.<\/p>\n<p>Acci\u00f3n: Acelera la regulaci\u00f3n t\u00e9rmica. Ventilaci\u00f3n \u00f3ptima.<\/p>\n<p>Beneficios: Evacua eficazmente el sudor.<\/p>\n<h3 class=\"title\">5-Refuerzos en el tal\u00f3n y la puntera<\/h3>\n<p>T\u00e9cnica: Tejido de rizo situado en la puntera y el tal\u00f3n.<\/p>\n<p>Acci\u00f3n: Reduce el sobrecalentamiento y la fricci\u00f3n en las extremidades del pie.<\/p>\n<p>Beneficios: Mejora el confort y limita la formaci\u00f3n de ampollas.<\/p>\n<h3 class=\"title\">6-Refuerzos en la zona de los cordones<\/h3>\n<p>T\u00e9cnica: Tejido de rizo.<\/p>\n<p>Acci\u00f3n: Reduce el sobrecalentamiento en la parte superior del pie en contacto con la zona de los cordones y la leng\u00fceta de la zapatilla.<\/p>\n<p>Beneficios: Mejora la comodidad y reduce la presi\u00f3n debida al cord\u00f3n.<\/p>\n<h3 class=\"title\">7-Borde ancho<\/h3>\n<p>T\u00e9cnica: Banda de descarga en el borde superior del calcet\u00edn.<\/p>\n<p>Acci\u00f3n: Mantiene eficazmente el calcet\u00edn sin efecto opresivo.<\/p>\n<p>Beneficios: Mejora la sujeci\u00f3n del borde superior.<\/p>\n<\/div>\n<p><\/div><\/div><\/div><div class=\"vc-row container\"><div class=\"vc-column\"><div class=\"vc-column-text\"> El calcet\u00edn <b>RUN MARATHON LOW<\/b> destaca por su <b>nueva suela anat\u00f3mica 3D reforzada<\/b>, desarrollada en nuestro <b>centro de I+D<\/b> para ofrecer <b>sujeci\u00f3n<\/b> y <b>una comodidad sin igual<\/b>. Inspirada en las <b>banda de rodadura de los coches<\/b>, esta <b>innovaci\u00f3n t\u00e9cnica<\/b> garantiza un <b>agarre \u00f3ptimo<\/b> y una <b>amortiguaci\u00f3n<\/b> en cada paso.<\/p>\n<p>Gracias a su <b>soporte de 360\u00b0<\/b>, envuelve perfectamente el <b>tobillo<\/b> y el <b>pie<\/b>, permiti\u00e9ndote <b>superar tus l\u00edmites<\/b> con total tranquilidad.<\/p>\n<p>Dise\u00f1ada para <b>largas distancias<\/b>, incorpora <b>refuerzos espec\u00edficos<\/b> en zonas estrat\u00e9gicas como el <b>tend\u00f3n de Aquiles<\/b>, la <b>zona de cordones<\/b>, el <b>tal\u00f3n<\/b> y la <b>punta<\/b>, ofreciendo una <b>protecci\u00f3n \u00f3ptima<\/b> contra el <b>sobrecalentamiento<\/b>.<\/p>\n<p>Su <b>tejido ventilado y estructurado<\/b> garantiza una excelente <b>evacuaci\u00f3n del sudor<\/b>, mientras que su <b>borde ancho anticompresi\u00f3n<\/b> ofrece una <b>sujeci\u00f3n perfecta<\/b> sin opresi\u00f3n.<\/p>\n<p>Con sus <b>costuras planas<\/b> para <b>reducir las rozaduras<\/b> y su <b>dise\u00f1o asim\u00e9trico<\/b> adaptado a la anatom\u00eda del pie, el <b>RUN MARATHON LOW<\/b> convierte cada paso en una experiencia \u00fanica.<\/p>\n<p>Fruto de la <b>innovaci\u00f3n francesa<\/b>, este calcet\u00edn combina <b>t\u00e9cnica, ligereza<\/b> y <b>resistencia<\/b> para acompa\u00f1arte en todos tus retos, kil\u00f3metro a kil\u00f3metro.<\/p>\n<p><\/div><\/div><\/div><\/p>\n","protected":false},"excerpt":{"rendered":"<ul>\n<li>Suela anat\u00f3mica 3D reforzada para un mejor agarre y una mayor amortiguaci\u00f3n.<\/li>\n<li>Soporte de 360\u00b0 que envuelve el tobillo y el pie para una estabilidad \u00f3ptima.<\/li>\n<li>Tejido de malla transpirable que garantiza una excelente evacuaci\u00f3n del sudor.<\/li>\n<\/ul>\n","protected":false},"featured_media":251339,"template":"","meta":{"_acf_changed":false,"inline_featured_image":false},"product_brand":[],"product_cat":[24462,24400,24463,24401],"product_tag":[23561,24176,23622],"class_list":{"0":"post-298835","1":"product","2":"type-product","3":"status-publish","4":"has-post-thumbnail","6":"product_cat-calcetines-es-2","7":"product_cat-calcetines","8":"product_cat-ropa-de-hombre-es","9":"product_cat-ropa-de-mujer","10":"product_tag-bv-sport-es","11":"product_tag-bv-sport-hombre","12":"product_tag-bv-sport-mujer","13":"pa_attivita-caminar","14":"pa_attivita-outdoor-es","15":"pa_attivita-running-es","16":"pa_attivita-trail-es","17":"pa_colore-run-marathon-2-low-bleu-marine-es","18":"pa_colore-run-marathon-2-low-jaune-bleu-es","19":"pa_colore-run-marathon-2-low-noir-gris-es","20":"pa_colore-run-marathon-2-low-vert-bleu-es","21":"pa_marca-bv-sport-es","22":"pa_sesso-hombre","23":"pa_sesso-mujer","24":"pa_size-36-38-es","25":"pa_size-39-41-es","26":"pa_size-42-44-es","27":"pa_size-45-47-es","29":"first","30":"instock","31":"sale","32":"taxable","33":"shipping-taxable","34":"purchasable","35":"product-type-variable","36":"wvs-archive-product-wrapper"},"acf":[],"yoast_head":"<!-- This site is optimized with the Yoast SEO plugin v26.8 - https:\/\/yoast.com\/product\/yoast-seo-wordpress\/ -->\n<title>Bv Sport RUN MARATHON Low - Calcetines de running - MioMioRun .com<\/title>\n<meta name=\"description\" content=\"Calcetines RUN MARATHON Low: suela 3D reforzada, sujeci\u00f3n de 360\u00b0 para mayor estabilidad y tejido transpirable para un m\u00e1ximo confort y rendimiento.\" \/>\n<meta name=\"robots\" content=\"index, follow, max-snippet:-1, max-image-preview:large, max-video-preview:-1\" \/>\n<link rel=\"canonical\" href=\"https:\/\/www.miomiorun.com\/es\/producto\/run-marathon-low\/\" \/>\n<meta property=\"og:locale\" content=\"es_ES\" \/>\n<meta property=\"og:type\" content=\"article\" \/>\n<meta property=\"og:title\" content=\"Bv Sport RUN MARATHON Low - Calcetines de running - MioMioRun .com\" \/>\n<meta property=\"og:description\" content=\"Calcetines RUN MARATHON Low: suela 3D reforzada, sujeci\u00f3n de 360\u00b0 para mayor estabilidad y tejido transpirable para un m\u00e1ximo confort y rendimiento.\" \/>\n<meta property=\"og:url\" content=\"https:\/\/www.miomiorun.com\/es\/producto\/run-marathon-low\/\" \/>\n<meta property=\"og:site_name\" content=\"MioMioRun\" \/>\n<meta property=\"article:publisher\" content=\"https:\/\/www.facebook.com\/miomiorun\/\" \/>\n<meta property=\"article:modified_time\" content=\"2026-04-23T09:33:12+00:00\" \/>\n<meta property=\"og:image\" content=\"https:\/\/www.miomiorun.com\/app\/uploads\/2025\/01\/bv-sport-Run-marathon.2-low-bleu-marine-293-016.webp\" \/>\n\t<meta property=\"og:image:width\" content=\"600\" \/>\n\t<meta property=\"og:image:height\" content=\"600\" \/>\n\t<meta property=\"og:image:type\" content=\"image\/webp\" \/>\n<meta name=\"twitter:card\" content=\"summary_large_image\" \/>\n<meta name=\"twitter:label1\" content=\"Est. reading time\" \/>\n\t<meta name=\"twitter:data1\" content=\"3 minutes\" \/>\n<script type=\"application\/ld+json\" class=\"yoast-schema-graph\">{\"@context\":\"https:\/\/schema.org\",\"@graph\":[{\"@type\":\"WebPage\",\"@id\":\"https:\/\/www.miomiorun.com\/es\/producto\/run-marathon-low\/\",\"url\":\"https:\/\/www.miomiorun.com\/es\/producto\/run-marathon-low\/\",\"name\":\"Bv Sport RUN MARATHON Low - Calcetines de running - MioMioRun .com\",\"isPartOf\":{\"@id\":\"https:\/\/www.miomiorun.com\/es\/#website\"},\"primaryImageOfPage\":{\"@id\":\"https:\/\/www.miomiorun.com\/es\/producto\/run-marathon-low\/#primaryimage\"},\"image\":{\"@id\":\"https:\/\/www.miomiorun.com\/es\/producto\/run-marathon-low\/#primaryimage\"},\"thumbnailUrl\":\"https:\/\/www.miomiorun.com\/app\/uploads\/2025\/01\/bv-sport-Run-marathon.2-low-bleu-marine-293-016.webp\",\"datePublished\":\"2025-01-30T12:32:11+00:00\",\"dateModified\":\"2026-04-23T09:33:12+00:00\",\"description\":\"Calcetines RUN MARATHON Low: suela 3D reforzada, sujeci\u00f3n de 360\u00b0 para mayor estabilidad y tejido transpirable para un m\u00e1ximo confort y rendimiento.\",\"breadcrumb\":{\"@id\":\"https:\/\/www.miomiorun.com\/es\/producto\/run-marathon-low\/#breadcrumb\"},\"inLanguage\":\"es-ES\",\"potentialAction\":[{\"@type\":\"ReadAction\",\"target\":[\"https:\/\/www.miomiorun.com\/es\/producto\/run-marathon-low\/\"]}]},{\"@type\":\"ImageObject\",\"inLanguage\":\"es-ES\",\"@id\":\"https:\/\/www.miomiorun.com\/es\/producto\/run-marathon-low\/#primaryimage\",\"url\":\"https:\/\/www.miomiorun.com\/app\/uploads\/2025\/01\/bv-sport-Run-marathon.2-low-bleu-marine-293-016.webp\",\"contentUrl\":\"https:\/\/www.miomiorun.com\/app\/uploads\/2025\/01\/bv-sport-Run-marathon.2-low-bleu-marine-293-016.webp\",\"width\":600,\"height\":600,\"caption\":\"bv sport Run marathon.2 low bleu marine 293 016\"},{\"@type\":\"BreadcrumbList\",\"@id\":\"https:\/\/www.miomiorun.com\/es\/producto\/run-marathon-low\/#breadcrumb\",\"itemListElement\":[{\"@type\":\"ListItem\",\"position\":1,\"name\":\"Home\",\"item\":\"https:\/\/www.miomiorun.com\/es\/\"},{\"@type\":\"ListItem\",\"position\":2,\"name\":\"Shop\",\"item\":\"https:\/\/www.miomiorun.com\/shop\/\"},{\"@type\":\"ListItem\",\"position\":3,\"name\":\"RUN MARATHON Low\"}]},{\"@type\":\"WebSite\",\"@id\":\"https:\/\/www.miomiorun.com\/es\/#website\",\"url\":\"https:\/\/www.miomiorun.com\/es\/\",\"name\":\"MioMioRun\",\"description\":\"Tienda 100% running y trail\",\"publisher\":{\"@id\":\"https:\/\/www.miomiorun.com\/es\/#organization\"},\"potentialAction\":[{\"@type\":\"SearchAction\",\"target\":{\"@type\":\"EntryPoint\",\"urlTemplate\":\"https:\/\/www.miomiorun.com\/es\/?s={search_term_string}\"},\"query-input\":{\"@type\":\"PropertyValueSpecification\",\"valueRequired\":true,\"valueName\":\"search_term_string\"}}],\"inLanguage\":\"es-ES\"},{\"@type\":\"Organization\",\"@id\":\"https:\/\/www.miomiorun.com\/es\/#organization\",\"name\":\"MioMio Run\",\"url\":\"https:\/\/www.miomiorun.com\/es\/\",\"logo\":{\"@type\":\"ImageObject\",\"inLanguage\":\"es-ES\",\"@id\":\"https:\/\/www.miomiorun.com\/es\/#\/schema\/logo\/image\/\",\"url\":\"https:\/\/www.miomiorun.com\/app\/uploads\/2019\/12\/logomio.png\",\"contentUrl\":\"https:\/\/www.miomiorun.com\/app\/uploads\/2019\/12\/logomio.png\",\"width\":115,\"height\":82,\"caption\":\"MioMio Run\"},\"image\":{\"@id\":\"https:\/\/www.miomiorun.com\/es\/#\/schema\/logo\/image\/\"},\"sameAs\":[\"https:\/\/www.facebook.com\/miomiorun\/\",\"https:\/\/www.instagram.com\/miomiorun\/\"]}]}<\/script>\n<!-- \/ Yoast SEO plugin. -->","yoast_head_json":{"title":"Bv Sport RUN MARATHON Low - Calcetines de running - MioMioRun .com","description":"Calcetines RUN MARATHON Low: suela 3D reforzada, sujeci\u00f3n de 360\u00b0 para mayor estabilidad y tejido transpirable para un m\u00e1ximo confort y rendimiento.","robots":{"index":"index","follow":"follow","max-snippet":"max-snippet:-1","max-image-preview":"max-image-preview:large","max-video-preview":"max-video-preview:-1"},"canonical":"https:\/\/www.miomiorun.com\/es\/producto\/run-marathon-low\/","og_locale":"es_ES","og_type":"article","og_title":"Bv Sport RUN MARATHON Low - Calcetines de running - MioMioRun .com","og_description":"Calcetines RUN MARATHON Low: suela 3D reforzada, sujeci\u00f3n de 360\u00b0 para mayor estabilidad y tejido transpirable para un m\u00e1ximo confort y rendimiento.","og_url":"https:\/\/www.miomiorun.com\/es\/producto\/run-marathon-low\/","og_site_name":"MioMioRun","article_publisher":"https:\/\/www.facebook.com\/miomiorun\/","article_modified_time":"2026-04-23T09:33:12+00:00","og_image":[{"width":600,"height":600,"url":"https:\/\/www.miomiorun.com\/app\/uploads\/2025\/01\/bv-sport-Run-marathon.2-low-bleu-marine-293-016.webp","type":"image\/webp"}],"twitter_card":"summary_large_image","twitter_misc":{"Est. reading time":"3 minutes"},"schema":{"@context":"https:\/\/schema.org","@graph":[{"@type":"WebPage","@id":"https:\/\/www.miomiorun.com\/es\/producto\/run-marathon-low\/","url":"https:\/\/www.miomiorun.com\/es\/producto\/run-marathon-low\/","name":"Bv Sport RUN MARATHON Low - Calcetines de running - MioMioRun .com","isPartOf":{"@id":"https:\/\/www.miomiorun.com\/es\/#website"},"primaryImageOfPage":{"@id":"https:\/\/www.miomiorun.com\/es\/producto\/run-marathon-low\/#primaryimage"},"image":{"@id":"https:\/\/www.miomiorun.com\/es\/producto\/run-marathon-low\/#primaryimage"},"thumbnailUrl":"https:\/\/www.miomiorun.com\/app\/uploads\/2025\/01\/bv-sport-Run-marathon.2-low-bleu-marine-293-016.webp","datePublished":"2025-01-30T12:32:11+00:00","dateModified":"2026-04-23T09:33:12+00:00","description":"Calcetines RUN MARATHON Low: suela 3D reforzada, sujeci\u00f3n de 360\u00b0 para mayor estabilidad y tejido transpirable para un m\u00e1ximo confort y rendimiento.","breadcrumb":{"@id":"https:\/\/www.miomiorun.com\/es\/producto\/run-marathon-low\/#breadcrumb"},"inLanguage":"es-ES","potentialAction":[{"@type":"ReadAction","target":["https:\/\/www.miomiorun.com\/es\/producto\/run-marathon-low\/"]}]},{"@type":"ImageObject","inLanguage":"es-ES","@id":"https:\/\/www.miomiorun.com\/es\/producto\/run-marathon-low\/#primaryimage","url":"https:\/\/www.miomiorun.com\/app\/uploads\/2025\/01\/bv-sport-Run-marathon.2-low-bleu-marine-293-016.webp","contentUrl":"https:\/\/www.miomiorun.com\/app\/uploads\/2025\/01\/bv-sport-Run-marathon.2-low-bleu-marine-293-016.webp","width":600,"height":600,"caption":"bv sport Run marathon.2 low bleu marine 293 016"},{"@type":"BreadcrumbList","@id":"https:\/\/www.miomiorun.com\/es\/producto\/run-marathon-low\/#breadcrumb","itemListElement":[{"@type":"ListItem","position":1,"name":"Home","item":"https:\/\/www.miomiorun.com\/es\/"},{"@type":"ListItem","position":2,"name":"Shop","item":"https:\/\/www.miomiorun.com\/shop\/"},{"@type":"ListItem","position":3,"name":"RUN MARATHON Low"}]},{"@type":"WebSite","@id":"https:\/\/www.miomiorun.com\/es\/#website","url":"https:\/\/www.miomiorun.com\/es\/","name":"MioMioRun","description":"Tienda 100% running y trail","publisher":{"@id":"https:\/\/www.miomiorun.com\/es\/#organization"},"potentialAction":[{"@type":"SearchAction","target":{"@type":"EntryPoint","urlTemplate":"https:\/\/www.miomiorun.com\/es\/?s={search_term_string}"},"query-input":{"@type":"PropertyValueSpecification","valueRequired":true,"valueName":"search_term_string"}}],"inLanguage":"es-ES"},{"@type":"Organization","@id":"https:\/\/www.miomiorun.com\/es\/#organization","name":"MioMio Run","url":"https:\/\/www.miomiorun.com\/es\/","logo":{"@type":"ImageObject","inLanguage":"es-ES","@id":"https:\/\/www.miomiorun.com\/es\/#\/schema\/logo\/image\/","url":"https:\/\/www.miomiorun.com\/app\/uploads\/2019\/12\/logomio.png","contentUrl":"https:\/\/www.miomiorun.com\/app\/uploads\/2019\/12\/logomio.png","width":115,"height":82,"caption":"MioMio Run"},"image":{"@id":"https:\/\/www.miomiorun.com\/es\/#\/schema\/logo\/image\/"},"sameAs":["https:\/\/www.facebook.com\/miomiorun\/","https:\/\/www.instagram.com\/miomiorun\/"]}]}},"_links":{"self":[{"href":"https:\/\/www.miomiorun.com\/es\/wp-json\/wp\/v2\/product\/298835","targetHints":{"allow":["GET"]}}],"collection":[{"href":"https:\/\/www.miomiorun.com\/es\/wp-json\/wp\/v2\/product"}],"about":[{"href":"https:\/\/www.miomiorun.com\/es\/wp-json\/wp\/v2\/types\/product"}],"wp:featuredmedia":[{"embeddable":true,"href":"https:\/\/www.miomiorun.com\/es\/wp-json\/wp\/v2\/media\/251339"}],"wp:attachment":[{"href":"https:\/\/www.miomiorun.com\/es\/wp-json\/wp\/v2\/media?parent=298835"}],"wp:term":[{"taxonomy":"product_brand","embeddable":true,"href":"https:\/\/www.miomiorun.com\/es\/wp-json\/wp\/v2\/product_brand?post=298835"},{"taxonomy":"product_cat","embeddable":true,"href":"https:\/\/www.miomiorun.com\/es\/wp-json\/wp\/v2\/product_cat?post=298835"},{"taxonomy":"product_tag","embeddable":true,"href":"https:\/\/www.miomiorun.com\/es\/wp-json\/wp\/v2\/product_tag?post=298835"}],"curies":[{"name":"wp","href":"https:\/\/api.w.org\/{rel}","templated":true}]}}