{"id":298830,"date":"2025-01-30T16:37:24","date_gmt":"2025-01-30T15:37:24","guid":{"rendered":"https:\/\/miomiorun.com\/prodotto\/trail-ultra-c-collector-nutrisocks\/"},"modified":"2026-04-22T16:20:41","modified_gmt":"2026-04-22T14:20:41","slug":"trail-ultra-c-collector-nutrisocks","status":"publish","type":"product","link":"https:\/\/www.miomiorun.com\/es\/producto\/trail-ultra-c-collector-nutrisocks\/","title":{"rendered":"TRAIL ULTRA-C Collector Nutrisocks"},"content":{"rendered":"<p><div class=\"vc-row container\"><div class=\"vc-column\"><div class=\"vc-column-text\"><b>TRAIL ULTRA COLLECTOR NUTRISOCKS \u2013 \u00a1Cuando la innovaci\u00f3n en trail se une a la elegancia de los c\u00f3cteles!<\/b><\/p>\n<p><b>Fabricado en Francia<\/b>, este calcet\u00edn combina <b>tecnolog\u00eda, comodidad, resistencia<\/b> y <b>estilo<\/b> para un <b>rendimiento \u00f3ptimo<\/b> en cualquier terreno.<\/p>\n<p>Su <b>nueva suela anat\u00f3mica 3D<\/b> garantiza <b>el m\u00e1ximo agarre<\/b> y <b>protecci\u00f3n<\/b> en cada paso.<\/p>\n<p>El <b>soporte estabilizador de 360\u00b0<\/b> envuelve el <b>pie<\/b> y el <b>tobillo<\/b> para un <b>ajuste perfecto<\/b>, mientras que los <b>refuerzos espec\u00edficos<\/b> protegen las <b>zonas sensibles<\/b> de los retos de los senderos m\u00e1s accidentados.<\/p>\n<p>Su <b>tejido transpirable<\/b> garantiza una <b>eficaz evacuaci\u00f3n de la humedad<\/b>, manteni\u00e9ndote <b>fresco<\/b> y <b>seco<\/b> durante la actividad<\/div><\/div><\/div> <div class=\"vc-row container\"><div class=\"vc-column\"><div class=\"vc-column-text\"><a href=\"https:\/\/miomiorun.com\/wp-content\/uploads\/2025\/01\/bv-sport-Trail-ultra.2-collector-nutri.webp\"><img loading=\"lazy\" decoding=\"async\" class=\"alignnone size-full wp-image -226928\" src=\"https:\/\/miomiorun.com\/wp-content\/uploads\/2025\/01\/bv-sport-Trail-ultra.2-collector-nutri.webp\" alt=\"\" width=\"600\" height=\"600\" \/><\/a><\/div> <\/div><div class=\"vc-column\"><div class=\"vc-column-text\"><\/p>\n<h3>Tecnolog\u00edas:<\/h3>\n<h3>1-Suela anat\u00f3mica 3D ultrarrefuerzada<\/h3>\n<p>T\u00e9cnica: Combinaci\u00f3n de 2 tipos de malla (gruesa y fina).<\/p>\n<p>Acci\u00f3n: Protege las zonas de contacto, optimiza la propiocepci\u00f3n y mejora la estabilizaci\u00f3n del pie.<\/p>\n<p>Beneficios: Reduce la fricci\u00f3n y el sobrecalentamiento de la suela.<\/p>\n<p>&nbsp;<\/p>\n<h3>2-Soporte y estabilizaci\u00f3n de 360\u00b0 del pie y el tobillo<\/h3>\n<p>T\u00e9cnica: Malla acanalada situada a la altura de la articulaci\u00f3n del tobillo.<\/p>\n<p>Acci\u00f3n: Sujeta y estabiliza el tobillo sin opresi\u00f3n.<\/p>\n<p>Beneficios: Soporte \u00f3ptimo del tobillo durante la carrera.<\/p>\n<p>&nbsp;<\/p>\n<h3 class=\"title\">3-Protecci\u00f3n del mal\u00e9olo y del tend\u00f3n de Aquiles<\/h3>\n<p>T\u00e9cnica: Tejido de rizo situado a la altura de los mal\u00e9olos y del tend\u00f3n de Aquiles.<\/p>\n<p>Acci\u00f3n: Protege las zonas sensibles y absorbe los impactos.<\/p>\n<p>Beneficios: Ofrece una protecci\u00f3n espec\u00edfica.<\/p>\n<p>&nbsp;<\/p>\n<h3 class=\"title\">4-Malla transpirable<\/h3>\n<p>T\u00e9cnica: Malla ligera y alveolar en la parte superior del pie.<\/p>\n<p>Acci\u00f3n: Acelera la regulaci\u00f3n t\u00e9rmica. Ventilaci\u00f3n \u00f3ptima.<\/p>\n<p>Beneficios: Expulsa eficazmente el sudor.<\/p>\n<p>&nbsp;<\/p>\n<h3 class=\"title\">5-Refuerzo en tal\u00f3n y puntera<\/h3>\n<p>T\u00e9cnica: Tejido de rizo situado a la altura de la puntera y el tal\u00f3n.<\/p>\n<p>Acci\u00f3n: Limita el sobrecalentamiento y la fricci\u00f3n en las extremidades del pie.<\/p>\n<p>Beneficios: Mejora la comodidad y reduce la formaci\u00f3n de ampollas.<\/p>\n<p>&nbsp;<\/p>\n<h3 class=\"title\">6-Refuerzo en la zona de los cordones<\/h3>\n<p>T\u00e9cnica: Tejido de rizo.<\/p>\n<p>Acci\u00f3n: Reduce el sobrecalentamiento en la parte superior del pie en contacto con los cordones y la leng\u00fceta de la zapatilla.<\/p>\n<p>Beneficios: Mejora la comodidad y limita la presi\u00f3n debida a los cordones.<\/p>\n<p>&nbsp;<\/p>\n<h3 class=\"title\">7-Borde ancho<\/h3>\n<p>T\u00e9cnica: Banda de sujeci\u00f3n en el borde superior del calcet\u00edn.<\/p>\n<p>Acci\u00f3n: Mantiene el calcet\u00edn en su sitio sin efecto de torniquete.<\/p>\n<p>Beneficios: Mejora la sujeci\u00f3n de la ca\u00f1a.<\/p>\n<p><\/div><\/div><\/div><div class=\"vc-row container\"><div class=\"vc-column\"><div class=\"vc-column-text\"><b>TRAIL ULTRA COLLECTOR NUTRISOCKS \u2013 Cuando el aperitivo se une al rendimiento del trail<\/b><\/p>\n<p>Descubre la nueva generaci\u00f3n de <b>calcetines t\u00e9cnicos TRAIL ULTRA COLLECTOR NUTRISOCKS<\/b>, donde el mundo del <b>aperitivo<\/b> inspira dise\u00f1os atrevidos para tus aventuras por los senderos.<\/p>\n<p><b>Fabricados en Francia<\/b>, estos calcetines combinan <b>tecnolog\u00eda, comodidad, resistencia<\/b> y <b>estilo<\/b> para cualquier distancia.<\/p>\n<p>Equipados con una <b>nueva suela anat\u00f3mica 3D ultrarrefuerzada<\/b>, garantizan una <b>mayor estabilidad<\/b> y una <b>protecci\u00f3n \u00f3ptima contra los impactos<\/b> incluso en terrenos accidentados.<\/p>\n<p>El <b>soporte estabilizador de 360\u00b0<\/b> sujeta eficazmente el <b>tobillo<\/b> y el <b>pie<\/b>, permitiendo una <b>zancada segura<\/b> y <b>controlada<\/b>.<\/p>\n<p>Los <b>refuerzos espec\u00edficos<\/b> protegen las zonas sensibles como el <b>tend\u00f3n de Aquiles<\/b>, los <b>malleolos<\/b>, la <b>zona de los cordones<\/b>, el <b>tal\u00f3n<\/b> y la <b>punta<\/b>, limitando el sobrecalentamiento causado por el roce.<\/p>\n<p>El <b>tejido transpirable<\/b> y ligero garantiza una r\u00e1pida <b>evacuaci\u00f3n de la humedad<\/b>, manteni\u00e9ndote <b>seco<\/b> durante los esfuerzos intensos.<\/p>\n<p>El <b>dise\u00f1o de ca\u00f1a alta<\/b> ofrece una protecci\u00f3n adicional, mientras que el <b>borde acanalado ancho<\/b> evita el <b>efecto de lazo<\/b> manteniendo el calcet\u00edn firmemente en su sitio.<\/p>\n<p>Las <b>costuras planas<\/b> reducen <b>las rozaduras<\/b> y <b>las irritaciones<\/b>, mientras que el <b>dise\u00f1o asim\u00e9trico<\/b> se adapta perfectamente a la anatom\u00eda del pie para una <b>comodidad absoluta<\/b>.<\/p>\n<p><strong><i>Se recomienda encarecidamente el uso habitual de NUTRISOCKS para el bienestar de tus pies: \u00a1disfr\u00fatalas sin moderaci\u00f3n en todos los senderos!<\/i><\/strong><\/p>\n<p>&nbsp;<\/p>\n<p><img loading=\"lazy\" decoding=\"async\" src=\"https:\/\/m1.bvsport.com\/img\/cms\/Fiches_Produits\/Eco-responsable_2.jpg\" alt=\"Packaging_\u00e9co-responsable\" width=\"30\" height=\"31\" \/> Dado que para nosotros es una cuesti\u00f3n de honor adoptar una actitud <strong>ecorresponsable<\/strong>, el embalaje de este producto se ha dise\u00f1ado \u00edntegramente con <strong>materiales reciclables<\/strong>.<strong><br \/>\n<\/strong><\/div><\/div><\/div><\/p>\n","protected":false},"excerpt":{"rendered":"<ul>\n<li>Suela anat\u00f3mica 3D para un agarre y una protecci\u00f3n m\u00e1ximos.<\/li>\n<li>Soporte estabilizador de 360\u00b0 que envuelve el pie y el tobillo.<\/li>\n<li>Refuerzos espec\u00edficos en los mal\u00e9olos, el tend\u00f3n de Aquiles, el tal\u00f3n y la puntera para una mayor comodidad.<\/li>\n<\/ul>\n","protected":false},"featured_media":251353,"template":"","meta":{"_acf_changed":false,"inline_featured_image":false},"product_brand":[],"product_cat":[24462,24400,24463,24401],"product_tag":[23561,24176,23622],"class_list":{"0":"post-298830","1":"product","2":"type-product","3":"status-publish","4":"has-post-thumbnail","6":"product_cat-calcetines-es-2","7":"product_cat-calcetines","8":"product_cat-ropa-de-hombre-es","9":"product_cat-ropa-de-mujer","10":"product_tag-bv-sport-es","11":"product_tag-bv-sport-hombre","12":"product_tag-bv-sport-mujer","13":"pa_attivita-caminar","14":"pa_attivita-outdoor-es","15":"pa_attivita-running-es","16":"pa_attivita-trail-es","17":"pa_colore-trail-ultra-2-collector-blue-lagoon-es","18":"pa_colore-trail-ultra-2-collector-nutri-biere-blon-es","19":"pa_colore-trail-ultra-2-collector-nutri-mojito-es","20":"pa_colore-trail-ultra-2-collector-nutri-moscow-mul-es","21":"pa_colore-trail-ultra-2-collector-nutri-tequila-es","22":"pa_marca-bv-sport-es","23":"pa_sesso-hombre","24":"pa_sesso-mujer","25":"pa_size-36-38-es","26":"pa_size-39-41-es","27":"pa_size-42-44-es","28":"pa_size-45-47-es","30":"first","31":"instock","32":"sale","33":"taxable","34":"shipping-taxable","35":"purchasable","36":"product-type-variable","37":"wvs-archive-product-wrapper"},"acf":[],"yoast_head":"<!-- This site is optimized with the Yoast SEO plugin v26.8 - https:\/\/yoast.com\/product\/yoast-seo-wordpress\/ -->\n<title>Bv Sport TRAIL ULTRA-C Collector Nutrisocks - Calcetines de running - MioMioRun .com<\/title>\n<meta name=\"description\" content=\"Los calcetines TRAIL ULTRA NUTRISOCKS ofrecen sujeci\u00f3n, protecci\u00f3n y soporte estabilizador en 360\u00b0 para un rendimiento \u00f3ptimo.\" \/>\n<meta name=\"robots\" content=\"index, follow, max-snippet:-1, max-image-preview:large, max-video-preview:-1\" \/>\n<link rel=\"canonical\" href=\"https:\/\/www.miomiorun.com\/es\/producto\/trail-ultra-c-collector-nutrisocks\/\" \/>\n<meta property=\"og:locale\" content=\"es_ES\" \/>\n<meta property=\"og:type\" content=\"article\" \/>\n<meta property=\"og:title\" content=\"Bv Sport TRAIL ULTRA-C Collector Nutrisocks - Calcetines de running - MioMioRun .com\" \/>\n<meta property=\"og:description\" content=\"Los calcetines TRAIL ULTRA NUTRISOCKS ofrecen sujeci\u00f3n, protecci\u00f3n y soporte estabilizador en 360\u00b0 para un rendimiento \u00f3ptimo.\" \/>\n<meta property=\"og:url\" content=\"https:\/\/www.miomiorun.com\/es\/producto\/trail-ultra-c-collector-nutrisocks\/\" \/>\n<meta property=\"og:site_name\" content=\"MioMioRun\" \/>\n<meta property=\"article:publisher\" content=\"https:\/\/www.facebook.com\/miomiorun\/\" \/>\n<meta property=\"article:modified_time\" content=\"2026-04-22T14:20:41+00:00\" \/>\n<meta property=\"og:image\" content=\"https:\/\/www.miomiorun.com\/app\/uploads\/2025\/01\/bv-sport-Trail-ultra.2-collector-nutri-tequila-299-014.webp\" \/>\n\t<meta property=\"og:image:width\" content=\"600\" \/>\n\t<meta property=\"og:image:height\" content=\"600\" \/>\n\t<meta property=\"og:image:type\" content=\"image\/webp\" \/>\n<meta name=\"twitter:card\" content=\"summary_large_image\" \/>\n<meta name=\"twitter:label1\" content=\"Est. reading time\" \/>\n\t<meta name=\"twitter:data1\" content=\"4 minutes\" \/>\n<script type=\"application\/ld+json\" class=\"yoast-schema-graph\">{\"@context\":\"https:\/\/schema.org\",\"@graph\":[{\"@type\":\"WebPage\",\"@id\":\"https:\/\/www.miomiorun.com\/es\/producto\/trail-ultra-c-collector-nutrisocks\/\",\"url\":\"https:\/\/www.miomiorun.com\/es\/producto\/trail-ultra-c-collector-nutrisocks\/\",\"name\":\"Bv Sport TRAIL ULTRA-C Collector Nutrisocks - Calcetines de running - MioMioRun .com\",\"isPartOf\":{\"@id\":\"https:\/\/www.miomiorun.com\/es\/#website\"},\"primaryImageOfPage\":{\"@id\":\"https:\/\/www.miomiorun.com\/es\/producto\/trail-ultra-c-collector-nutrisocks\/#primaryimage\"},\"image\":{\"@id\":\"https:\/\/www.miomiorun.com\/es\/producto\/trail-ultra-c-collector-nutrisocks\/#primaryimage\"},\"thumbnailUrl\":\"https:\/\/www.miomiorun.com\/app\/uploads\/2025\/01\/bv-sport-Trail-ultra.2-collector-nutri-tequila-299-014.webp\",\"datePublished\":\"2025-01-30T15:37:24+00:00\",\"dateModified\":\"2026-04-22T14:20:41+00:00\",\"description\":\"Los calcetines TRAIL ULTRA NUTRISOCKS ofrecen sujeci\u00f3n, protecci\u00f3n y soporte estabilizador en 360\u00b0 para un rendimiento \u00f3ptimo.\",\"breadcrumb\":{\"@id\":\"https:\/\/www.miomiorun.com\/es\/producto\/trail-ultra-c-collector-nutrisocks\/#breadcrumb\"},\"inLanguage\":\"es-ES\",\"potentialAction\":[{\"@type\":\"ReadAction\",\"target\":[\"https:\/\/www.miomiorun.com\/es\/producto\/trail-ultra-c-collector-nutrisocks\/\"]}]},{\"@type\":\"ImageObject\",\"inLanguage\":\"es-ES\",\"@id\":\"https:\/\/www.miomiorun.com\/es\/producto\/trail-ultra-c-collector-nutrisocks\/#primaryimage\",\"url\":\"https:\/\/www.miomiorun.com\/app\/uploads\/2025\/01\/bv-sport-Trail-ultra.2-collector-nutri-tequila-299-014.webp\",\"contentUrl\":\"https:\/\/www.miomiorun.com\/app\/uploads\/2025\/01\/bv-sport-Trail-ultra.2-collector-nutri-tequila-299-014.webp\",\"width\":600,\"height\":600,\"caption\":\"bv sport Trail ultra.2 collector nutri tequila 299 014\"},{\"@type\":\"BreadcrumbList\",\"@id\":\"https:\/\/www.miomiorun.com\/es\/producto\/trail-ultra-c-collector-nutrisocks\/#breadcrumb\",\"itemListElement\":[{\"@type\":\"ListItem\",\"position\":1,\"name\":\"Home\",\"item\":\"https:\/\/www.miomiorun.com\/es\/\"},{\"@type\":\"ListItem\",\"position\":2,\"name\":\"Shop\",\"item\":\"https:\/\/www.miomiorun.com\/shop\/\"},{\"@type\":\"ListItem\",\"position\":3,\"name\":\"TRAIL ULTRA-C Collector Nutrisocks\"}]},{\"@type\":\"WebSite\",\"@id\":\"https:\/\/www.miomiorun.com\/es\/#website\",\"url\":\"https:\/\/www.miomiorun.com\/es\/\",\"name\":\"MioMioRun\",\"description\":\"Tienda 100% running y trail\",\"publisher\":{\"@id\":\"https:\/\/www.miomiorun.com\/es\/#organization\"},\"potentialAction\":[{\"@type\":\"SearchAction\",\"target\":{\"@type\":\"EntryPoint\",\"urlTemplate\":\"https:\/\/www.miomiorun.com\/es\/?s={search_term_string}\"},\"query-input\":{\"@type\":\"PropertyValueSpecification\",\"valueRequired\":true,\"valueName\":\"search_term_string\"}}],\"inLanguage\":\"es-ES\"},{\"@type\":\"Organization\",\"@id\":\"https:\/\/www.miomiorun.com\/es\/#organization\",\"name\":\"MioMio Run\",\"url\":\"https:\/\/www.miomiorun.com\/es\/\",\"logo\":{\"@type\":\"ImageObject\",\"inLanguage\":\"es-ES\",\"@id\":\"https:\/\/www.miomiorun.com\/es\/#\/schema\/logo\/image\/\",\"url\":\"https:\/\/www.miomiorun.com\/app\/uploads\/2019\/12\/logomio.png\",\"contentUrl\":\"https:\/\/www.miomiorun.com\/app\/uploads\/2019\/12\/logomio.png\",\"width\":115,\"height\":82,\"caption\":\"MioMio Run\"},\"image\":{\"@id\":\"https:\/\/www.miomiorun.com\/es\/#\/schema\/logo\/image\/\"},\"sameAs\":[\"https:\/\/www.facebook.com\/miomiorun\/\",\"https:\/\/www.instagram.com\/miomiorun\/\"]}]}<\/script>\n<!-- \/ Yoast SEO plugin. -->","yoast_head_json":{"title":"Bv Sport TRAIL ULTRA-C Collector Nutrisocks - Calcetines de running - MioMioRun .com","description":"Los calcetines TRAIL ULTRA NUTRISOCKS ofrecen sujeci\u00f3n, protecci\u00f3n y soporte estabilizador en 360\u00b0 para un rendimiento \u00f3ptimo.","robots":{"index":"index","follow":"follow","max-snippet":"max-snippet:-1","max-image-preview":"max-image-preview:large","max-video-preview":"max-video-preview:-1"},"canonical":"https:\/\/www.miomiorun.com\/es\/producto\/trail-ultra-c-collector-nutrisocks\/","og_locale":"es_ES","og_type":"article","og_title":"Bv Sport TRAIL ULTRA-C Collector Nutrisocks - Calcetines de running - MioMioRun .com","og_description":"Los calcetines TRAIL ULTRA NUTRISOCKS ofrecen sujeci\u00f3n, protecci\u00f3n y soporte estabilizador en 360\u00b0 para un rendimiento \u00f3ptimo.","og_url":"https:\/\/www.miomiorun.com\/es\/producto\/trail-ultra-c-collector-nutrisocks\/","og_site_name":"MioMioRun","article_publisher":"https:\/\/www.facebook.com\/miomiorun\/","article_modified_time":"2026-04-22T14:20:41+00:00","og_image":[{"width":600,"height":600,"url":"https:\/\/www.miomiorun.com\/app\/uploads\/2025\/01\/bv-sport-Trail-ultra.2-collector-nutri-tequila-299-014.webp","type":"image\/webp"}],"twitter_card":"summary_large_image","twitter_misc":{"Est. reading time":"4 minutes"},"schema":{"@context":"https:\/\/schema.org","@graph":[{"@type":"WebPage","@id":"https:\/\/www.miomiorun.com\/es\/producto\/trail-ultra-c-collector-nutrisocks\/","url":"https:\/\/www.miomiorun.com\/es\/producto\/trail-ultra-c-collector-nutrisocks\/","name":"Bv Sport TRAIL ULTRA-C Collector Nutrisocks - Calcetines de running - MioMioRun .com","isPartOf":{"@id":"https:\/\/www.miomiorun.com\/es\/#website"},"primaryImageOfPage":{"@id":"https:\/\/www.miomiorun.com\/es\/producto\/trail-ultra-c-collector-nutrisocks\/#primaryimage"},"image":{"@id":"https:\/\/www.miomiorun.com\/es\/producto\/trail-ultra-c-collector-nutrisocks\/#primaryimage"},"thumbnailUrl":"https:\/\/www.miomiorun.com\/app\/uploads\/2025\/01\/bv-sport-Trail-ultra.2-collector-nutri-tequila-299-014.webp","datePublished":"2025-01-30T15:37:24+00:00","dateModified":"2026-04-22T14:20:41+00:00","description":"Los calcetines TRAIL ULTRA NUTRISOCKS ofrecen sujeci\u00f3n, protecci\u00f3n y soporte estabilizador en 360\u00b0 para un rendimiento \u00f3ptimo.","breadcrumb":{"@id":"https:\/\/www.miomiorun.com\/es\/producto\/trail-ultra-c-collector-nutrisocks\/#breadcrumb"},"inLanguage":"es-ES","potentialAction":[{"@type":"ReadAction","target":["https:\/\/www.miomiorun.com\/es\/producto\/trail-ultra-c-collector-nutrisocks\/"]}]},{"@type":"ImageObject","inLanguage":"es-ES","@id":"https:\/\/www.miomiorun.com\/es\/producto\/trail-ultra-c-collector-nutrisocks\/#primaryimage","url":"https:\/\/www.miomiorun.com\/app\/uploads\/2025\/01\/bv-sport-Trail-ultra.2-collector-nutri-tequila-299-014.webp","contentUrl":"https:\/\/www.miomiorun.com\/app\/uploads\/2025\/01\/bv-sport-Trail-ultra.2-collector-nutri-tequila-299-014.webp","width":600,"height":600,"caption":"bv sport Trail ultra.2 collector nutri tequila 299 014"},{"@type":"BreadcrumbList","@id":"https:\/\/www.miomiorun.com\/es\/producto\/trail-ultra-c-collector-nutrisocks\/#breadcrumb","itemListElement":[{"@type":"ListItem","position":1,"name":"Home","item":"https:\/\/www.miomiorun.com\/es\/"},{"@type":"ListItem","position":2,"name":"Shop","item":"https:\/\/www.miomiorun.com\/shop\/"},{"@type":"ListItem","position":3,"name":"TRAIL ULTRA-C Collector Nutrisocks"}]},{"@type":"WebSite","@id":"https:\/\/www.miomiorun.com\/es\/#website","url":"https:\/\/www.miomiorun.com\/es\/","name":"MioMioRun","description":"Tienda 100% running y trail","publisher":{"@id":"https:\/\/www.miomiorun.com\/es\/#organization"},"potentialAction":[{"@type":"SearchAction","target":{"@type":"EntryPoint","urlTemplate":"https:\/\/www.miomiorun.com\/es\/?s={search_term_string}"},"query-input":{"@type":"PropertyValueSpecification","valueRequired":true,"valueName":"search_term_string"}}],"inLanguage":"es-ES"},{"@type":"Organization","@id":"https:\/\/www.miomiorun.com\/es\/#organization","name":"MioMio Run","url":"https:\/\/www.miomiorun.com\/es\/","logo":{"@type":"ImageObject","inLanguage":"es-ES","@id":"https:\/\/www.miomiorun.com\/es\/#\/schema\/logo\/image\/","url":"https:\/\/www.miomiorun.com\/app\/uploads\/2019\/12\/logomio.png","contentUrl":"https:\/\/www.miomiorun.com\/app\/uploads\/2019\/12\/logomio.png","width":115,"height":82,"caption":"MioMio Run"},"image":{"@id":"https:\/\/www.miomiorun.com\/es\/#\/schema\/logo\/image\/"},"sameAs":["https:\/\/www.facebook.com\/miomiorun\/","https:\/\/www.instagram.com\/miomiorun\/"]}]}},"_links":{"self":[{"href":"https:\/\/www.miomiorun.com\/es\/wp-json\/wp\/v2\/product\/298830","targetHints":{"allow":["GET"]}}],"collection":[{"href":"https:\/\/www.miomiorun.com\/es\/wp-json\/wp\/v2\/product"}],"about":[{"href":"https:\/\/www.miomiorun.com\/es\/wp-json\/wp\/v2\/types\/product"}],"wp:featuredmedia":[{"embeddable":true,"href":"https:\/\/www.miomiorun.com\/es\/wp-json\/wp\/v2\/media\/251353"}],"wp:attachment":[{"href":"https:\/\/www.miomiorun.com\/es\/wp-json\/wp\/v2\/media?parent=298830"}],"wp:term":[{"taxonomy":"product_brand","embeddable":true,"href":"https:\/\/www.miomiorun.com\/es\/wp-json\/wp\/v2\/product_brand?post=298830"},{"taxonomy":"product_cat","embeddable":true,"href":"https:\/\/www.miomiorun.com\/es\/wp-json\/wp\/v2\/product_cat?post=298830"},{"taxonomy":"product_tag","embeddable":true,"href":"https:\/\/www.miomiorun.com\/es\/wp-json\/wp\/v2\/product_tag?post=298830"}],"curies":[{"name":"wp","href":"https:\/\/api.w.org\/{rel}","templated":true}]}}